{"id":16907,"date":"2021-05-26T23:37:26","date_gmt":"2021-05-26T21:37:26","guid":{"rendered":"https:\/\/www.plaadimehed.ee\/kontakt\/"},"modified":"2026-02-27T04:19:10","modified_gmt":"2026-02-27T02:19:10","slug":"kontakt","status":"publish","type":"page","link":"https:\/\/www.plaadimehed.ee\/fi\/kontakt\/","title":{"rendered":"Henkil\u00f6kunta"},"content":{"rendered":"<div class=\"lazyblock-team-block-ZeRqBv wp-block-lazyblock-team-block\">\n<section class=\"team-block\">\n    <div class=\"container\">\n        <div class=\"team-members\">\n                            <div class=\"team-member\">\n                    <div class=\"team-member-inner\">\n                        <img decoding=\"async\" src=\"https:\/\/www.plaadimehed.ee\/wp-content\/uploads\/2021\/07\/janar-rannamagi-kontakt.jpg\" alt=\"\">\n                        <div class=\"job-title\">Toimitusjohtaja<\/div>\n                        <h2 class=\"name\"><span>Janar<\/span> <span>Rannam\u00e4gi<\/span><\/h2>\n                        <a class=\"phone\" href=\"tel:+3725056208\">+372 505 6208<\/a>\n                        <a class=\"email\" href=\"mailto:janar@plaadimehed.ee\">janar@plaadimehed.ee<\/a>\n                    <\/div>\n                <\/div>\n                            <div class=\"team-member\">\n                    <div class=\"team-member-inner\">\n                        <img decoding=\"async\" src=\"https:\/\/www.plaadimehed.ee\/wp-content\/uploads\/2021\/07\/andre-kula-kontakt.jpg\" alt=\"\">\n                        <div class=\"job-title\">Rakennustekninen johtaja<\/div>\n                        <h2 class=\"name\"><span>Andre<\/span> <span>Kula<\/span><\/h2>\n                        <a class=\"phone\" href=\"tel:+3725284832\">+372 528 4832<\/a>\n                        <a class=\"email\" href=\"mailto:andre@plaadimehed.ee\">andre@plaadimehed.ee<\/a>\n                    <\/div>\n                <\/div>\n                            <div class=\"team-member\">\n                    <div class=\"team-member-inner\">\n                        <img decoding=\"async\" src=\"https:\/\/www.plaadimehed.ee\/wp-content\/uploads\/2021\/07\/kristjan-parnamagi-kontakt.jpg\" alt=\"\">\n                        <div class=\"job-title\">Myyntip\u00e4\u00e4llikk\u00f6, tukkumyynti<\/div>\n                        <h2 class=\"name\"><span>Kristjan<\/span> <span>P\u00e4rnam\u00e4gi<\/span><\/h2>\n                        <a class=\"phone\" href=\"tel:+3725018545\">+372 501 8545<\/a>\n                        <a class=\"email\" href=\"mailto:kristjan@plaadimehed.ee\">kristjan@plaadimehed.ee<\/a>\n                    <\/div>\n                <\/div>\n                            <div class=\"team-member\">\n                    <div class=\"team-member-inner\">\n                        <img decoding=\"async\" src=\"https:\/\/www.plaadimehed.ee\/wp-content\/uploads\/2023\/01\/sergeizjuganov_ZJU_1426-copy-scaled-e1673356589911.jpg\" alt=\"\">\n                        <div class=\"job-title\">Varastotuotteet, vuokraustoiminta<\/div>\n                        <h2 class=\"name\"><span>Agnes<\/span> <span>Lapimaa<\/span><\/h2>\n                        <a class=\"phone\" href=\"tel:+37253010986\">+372 5301 0986<\/a>\n                        <a class=\"email\" href=\"mailto:agnes@plaadimehed.ee\">agnes@plaadimehed.ee<\/a>\n                    <\/div>\n                <\/div>\n                            <div class=\"team-member\">\n                    <div class=\"team-member-inner\">\n                        <img decoding=\"async\" src=\"https:\/\/www.plaadimehed.ee\/wp-content\/uploads\/2025\/06\/Matheus-plaadimehed-plaatimine-tooriistad-muuk-rent.jpg\" alt=\"\">\n                        <div class=\"job-title\">Myynti- ja koulutusasiantuntija<\/div>\n                        <h2 class=\"name\"><span>Matheus<\/span> <span>Leemet<\/span><\/h2>\n                        <a class=\"phone\" href=\"tel:+37253461546\">+372 5346 1546<\/a>\n                        <a class=\"email\" href=\"mailto:matheus@plaadimehed.ee\">matheus@plaadimehed.ee<\/a>\n                    <\/div>\n                <\/div>\n                            <div class=\"team-member\">\n                    <div class=\"team-member-inner\">\n                        <img decoding=\"async\" src=\"https:\/\/www.plaadimehed.ee\/wp-content\/uploads\/2025\/06\/artur-plaadimehed-plaatimine-tooriistad-muuk-rent.jpg\" alt=\"\">\n                        <div class=\"job-title\">Myyntiasiantuntija<\/div>\n                        <h2 class=\"name\"><span>Artur<\/span> <span>Reinvart<\/span><\/h2>\n                        <a class=\"phone\" href=\"tel:+37251915452\">+372 5191 5452<\/a>\n                        <a class=\"email\" href=\"mailto:artur@plaadimehed.ee\">artur@plaadimehed.ee<\/a>\n                    <\/div>\n                <\/div>\n                    <\/div>\n    <\/div>\n<\/section><\/div>","protected":false},"excerpt":{"rendered":"","protected":false},"author":1,"featured_media":0,"parent":0,"menu_order":0,"comment_status":"closed","ping_status":"closed","template":"fullwidth-page-template.php","meta":{"_acf_changed":false,"footnotes":""},"class_list":["post-16907","page","type-page","status-publish","hentry"],"acf":[],"yoast_head":"<!-- This site is optimized with the Yoast SEO plugin v27.0 - https:\/\/yoast.com\/product\/yoast-seo-wordpress\/ -->\n<title>Henkil\u00f6kunta - Plaadimehed<\/title>\n<meta name=\"description\" content=\"Osta k\u00e4tev\u00e4sti Plaadimehed-verkkokaupasta. 30 vuoden kokemus laatoitust\u00f6ist\u00e4 ja laadukkaat tuotemerkit edullisin virolaisin hinnoin.\" \/>\n<meta name=\"robots\" content=\"index, follow, max-snippet:-1, max-image-preview:large, max-video-preview:-1\" \/>\n<link rel=\"canonical\" href=\"https:\/\/www.plaadimehed.ee\/fi\/kontakt\/\" \/>\n<meta property=\"og:locale\" content=\"fi_FI\" \/>\n<meta property=\"og:type\" content=\"article\" \/>\n<meta property=\"og:title\" content=\"Henkil\u00f6kunta - Plaadimehed\" \/>\n<meta property=\"og:description\" content=\"Osta k\u00e4tev\u00e4sti Plaadimehed-verkkokaupasta. 30 vuoden kokemus laatoitust\u00f6ist\u00e4 ja laadukkaat tuotemerkit edullisin virolaisin hinnoin.\" \/>\n<meta property=\"og:url\" content=\"https:\/\/www.plaadimehed.ee\/fi\/kontakt\/\" \/>\n<meta property=\"og:site_name\" content=\"Plaadimehed\" \/>\n<meta property=\"article:modified_time\" content=\"2026-02-27T02:19:10+00:00\" \/>\n<meta name=\"twitter:card\" content=\"summary_large_image\" \/>\n<meta name=\"twitter:title\" content=\"Henkil\u00f6kunta - Plaadimehed\" \/>\n<meta name=\"twitter:description\" content=\"Osta k\u00e4tev\u00e4sti Plaadimehed-verkkokaupasta. 30 vuoden kokemus laatoitust\u00f6ist\u00e4 ja laadukkaat tuotemerkit edullisin virolaisin hinnoin.\" \/>\n<script type=\"application\/ld+json\" class=\"yoast-schema-graph\">{\"@context\":\"https:\/\/schema.org\",\"@graph\":[{\"@type\":\"WebPage\",\"@id\":\"https:\/\/www.plaadimehed.ee\/fi\/kontakt\/\",\"url\":\"https:\/\/www.plaadimehed.ee\/fi\/kontakt\/\",\"name\":\"Henkil\u00f6kunta - Plaadimehed\",\"isPartOf\":{\"@id\":\"https:\/\/www.plaadimehed.ee\/#website\"},\"datePublished\":\"2021-05-26T21:37:26+00:00\",\"dateModified\":\"2026-02-27T02:19:10+00:00\",\"description\":\"Osta k\u00e4tev\u00e4sti Plaadimehed-verkkokaupasta. 30 vuoden kokemus laatoitust\u00f6ist\u00e4 ja laadukkaat tuotemerkit edullisin virolaisin hinnoin.\",\"breadcrumb\":{\"@id\":\"https:\/\/www.plaadimehed.ee\/fi\/kontakt\/#breadcrumb\"},\"inLanguage\":\"fi\",\"potentialAction\":[{\"@type\":\"ReadAction\",\"target\":[\"https:\/\/www.plaadimehed.ee\/fi\/kontakt\/\"]}]},{\"@type\":\"BreadcrumbList\",\"@id\":\"https:\/\/www.plaadimehed.ee\/fi\/kontakt\/#breadcrumb\",\"itemListElement\":[{\"@type\":\"ListItem\",\"position\":1,\"name\":\"Home\",\"item\":\"https:\/\/www.plaadimehed.ee\/fi\/\"},{\"@type\":\"ListItem\",\"position\":2,\"name\":\"Henkil\u00f6kunta\"}]},{\"@type\":\"WebSite\",\"@id\":\"https:\/\/www.plaadimehed.ee\/#website\",\"url\":\"https:\/\/www.plaadimehed.ee\/\",\"name\":\"Plaadimehed\",\"description\":\"Plaatimist\u00f6\u00f6deks vajalikud tarvikud ja t\u00f6\u00f6riistad\",\"publisher\":{\"@id\":\"https:\/\/www.plaadimehed.ee\/#organization\"},\"potentialAction\":[{\"@type\":\"SearchAction\",\"target\":{\"@type\":\"EntryPoint\",\"urlTemplate\":\"https:\/\/www.plaadimehed.ee\/?s={search_term_string}\"},\"query-input\":{\"@type\":\"PropertyValueSpecification\",\"valueRequired\":true,\"valueName\":\"search_term_string\"}}],\"inLanguage\":\"fi\"},{\"@type\":\"Organization\",\"@id\":\"https:\/\/www.plaadimehed.ee\/#organization\",\"name\":\"Plaadimehed\",\"url\":\"https:\/\/www.plaadimehed.ee\/\",\"logo\":{\"@type\":\"ImageObject\",\"inLanguage\":\"fi\",\"@id\":\"https:\/\/www.plaadimehed.ee\/#\/schema\/logo\/image\/\",\"url\":\"https:\/\/www.plaadimehed.ee\/wp-content\/uploads\/2024\/05\/plaadimehed-logo.svg\",\"contentUrl\":\"https:\/\/www.plaadimehed.ee\/wp-content\/uploads\/2024\/05\/plaadimehed-logo.svg\",\"width\":266,\"height\":72,\"caption\":\"Plaadimehed\"},\"image\":{\"@id\":\"https:\/\/www.plaadimehed.ee\/#\/schema\/logo\/image\/\"}}]}<\/script>\n<!-- \/ Yoast SEO plugin. -->","yoast_head_json":{"title":"Henkil\u00f6kunta - Plaadimehed","description":"Osta k\u00e4tev\u00e4sti Plaadimehed-verkkokaupasta. 30 vuoden kokemus laatoitust\u00f6ist\u00e4 ja laadukkaat tuotemerkit edullisin virolaisin hinnoin.","robots":{"index":"index","follow":"follow","max-snippet":"max-snippet:-1","max-image-preview":"max-image-preview:large","max-video-preview":"max-video-preview:-1"},"canonical":"https:\/\/www.plaadimehed.ee\/fi\/kontakt\/","og_locale":"fi_FI","og_type":"article","og_title":"Henkil\u00f6kunta - Plaadimehed","og_description":"Osta k\u00e4tev\u00e4sti Plaadimehed-verkkokaupasta. 30 vuoden kokemus laatoitust\u00f6ist\u00e4 ja laadukkaat tuotemerkit edullisin virolaisin hinnoin.","og_url":"https:\/\/www.plaadimehed.ee\/fi\/kontakt\/","og_site_name":"Plaadimehed","article_modified_time":"2026-02-27T02:19:10+00:00","twitter_card":"summary_large_image","twitter_title":"Henkil\u00f6kunta - Plaadimehed","twitter_description":"Osta k\u00e4tev\u00e4sti Plaadimehed-verkkokaupasta. 30 vuoden kokemus laatoitust\u00f6ist\u00e4 ja laadukkaat tuotemerkit edullisin virolaisin hinnoin.","schema":{"@context":"https:\/\/schema.org","@graph":[{"@type":"WebPage","@id":"https:\/\/www.plaadimehed.ee\/fi\/kontakt\/","url":"https:\/\/www.plaadimehed.ee\/fi\/kontakt\/","name":"Henkil\u00f6kunta - Plaadimehed","isPartOf":{"@id":"https:\/\/www.plaadimehed.ee\/#website"},"datePublished":"2021-05-26T21:37:26+00:00","dateModified":"2026-02-27T02:19:10+00:00","description":"Osta k\u00e4tev\u00e4sti Plaadimehed-verkkokaupasta. 30 vuoden kokemus laatoitust\u00f6ist\u00e4 ja laadukkaat tuotemerkit edullisin virolaisin hinnoin.","breadcrumb":{"@id":"https:\/\/www.plaadimehed.ee\/fi\/kontakt\/#breadcrumb"},"inLanguage":"fi","potentialAction":[{"@type":"ReadAction","target":["https:\/\/www.plaadimehed.ee\/fi\/kontakt\/"]}]},{"@type":"BreadcrumbList","@id":"https:\/\/www.plaadimehed.ee\/fi\/kontakt\/#breadcrumb","itemListElement":[{"@type":"ListItem","position":1,"name":"Home","item":"https:\/\/www.plaadimehed.ee\/fi\/"},{"@type":"ListItem","position":2,"name":"Henkil\u00f6kunta"}]},{"@type":"WebSite","@id":"https:\/\/www.plaadimehed.ee\/#website","url":"https:\/\/www.plaadimehed.ee\/","name":"Plaadimehed","description":"Plaatimist\u00f6\u00f6deks vajalikud tarvikud ja t\u00f6\u00f6riistad","publisher":{"@id":"https:\/\/www.plaadimehed.ee\/#organization"},"potentialAction":[{"@type":"SearchAction","target":{"@type":"EntryPoint","urlTemplate":"https:\/\/www.plaadimehed.ee\/?s={search_term_string}"},"query-input":{"@type":"PropertyValueSpecification","valueRequired":true,"valueName":"search_term_string"}}],"inLanguage":"fi"},{"@type":"Organization","@id":"https:\/\/www.plaadimehed.ee\/#organization","name":"Plaadimehed","url":"https:\/\/www.plaadimehed.ee\/","logo":{"@type":"ImageObject","inLanguage":"fi","@id":"https:\/\/www.plaadimehed.ee\/#\/schema\/logo\/image\/","url":"https:\/\/www.plaadimehed.ee\/wp-content\/uploads\/2024\/05\/plaadimehed-logo.svg","contentUrl":"https:\/\/www.plaadimehed.ee\/wp-content\/uploads\/2024\/05\/plaadimehed-logo.svg","width":266,"height":72,"caption":"Plaadimehed"},"image":{"@id":"https:\/\/www.plaadimehed.ee\/#\/schema\/logo\/image\/"}}]}},"_links":{"self":[{"href":"https:\/\/www.plaadimehed.ee\/fi\/wp-json\/wp\/v2\/pages\/16907","targetHints":{"allow":["GET"]}}],"collection":[{"href":"https:\/\/www.plaadimehed.ee\/fi\/wp-json\/wp\/v2\/pages"}],"about":[{"href":"https:\/\/www.plaadimehed.ee\/fi\/wp-json\/wp\/v2\/types\/page"}],"author":[{"embeddable":true,"href":"https:\/\/www.plaadimehed.ee\/fi\/wp-json\/wp\/v2\/users\/1"}],"replies":[{"embeddable":true,"href":"https:\/\/www.plaadimehed.ee\/fi\/wp-json\/wp\/v2\/comments?post=16907"}],"version-history":[{"count":4,"href":"https:\/\/www.plaadimehed.ee\/fi\/wp-json\/wp\/v2\/pages\/16907\/revisions"}],"predecessor-version":[{"id":17327,"href":"https:\/\/www.plaadimehed.ee\/fi\/wp-json\/wp\/v2\/pages\/16907\/revisions\/17327"}],"wp:attachment":[{"href":"https:\/\/www.plaadimehed.ee\/fi\/wp-json\/wp\/v2\/media?parent=16907"}],"curies":[{"name":"wp","href":"https:\/\/api.w.org\/{rel}","templated":true}]}}