{"id":16912,"date":"2025-07-31T11:48:22","date_gmt":"2025-07-31T09:48:22","guid":{"rendered":"https:\/\/www.plaadimehed.ee\/tunnustused\/"},"modified":"2026-03-03T05:10:34","modified_gmt":"2026-03-03T03:10:34","slug":"tunnustukset","status":"publish","type":"page","link":"https:\/\/www.plaadimehed.ee\/fi\/tunnustukset\/","title":{"rendered":"Tunnustukset"},"content":{"rendered":"<p>Plaadimehed-yhti\u00f6n sitoutuminen laatuun, luotettavuuteen ja jatkuvaan kehitykseen on saanut tunnustusta my\u00f6s oman tiimimme ja asiakkaidemme ulkopuolelta. Kahtena viime vuonna \u2013 2024 ja 2025 \u2013 olemme ylt\u00e4neet \u00c4rip\u00e4ev-talouslehden Gaselli TOP -listalle, jossa ovat vain Viron nopeimmin kasvavat yritykset. Meille on my\u00f6nnetty my\u00f6s Infopank-yritystietoportaalin Luotettava Yritys 2025 -tunnusmerkki.<\/p><p>Kyseiset tunnustukset eiv\u00e4t ole meille vain palkintoja \u2013 ne ovat osoitus siit\u00e4, ett\u00e4 olemme menossa oikeaan suuntaan: kasvatamme tietoisesti liiketoimintaamme, yll\u00e4pid\u00e4mme vahvoja yhteisty\u00f6suhteita sek\u00e4 tarjoamme luotettavaa palvelua ja korkealaatuisia tuotteita niin ammattilaisille kuin kuluttaja-asiakkaillekin.<\/p><div class=\"lazyblock-workshop-Pkg8p wp-block-lazyblock-workshop\">\n<section class=\"workshop workshop--has-image workshop--white\" style=\"\">\n\t<div class=\"workshop__inner\">\n\t\t\t\t\t<div class=\"workshop__image\"><img decoding=\"async\" src=\"https:\/\/www.plaadimehed.ee\/wp-content\/uploads\/2025\/07\/Gaselli-top-plaadimehed.gif\" alt=\"\"><\/div>\n\t\t\t\t<div class=\"content\">\n\t\t\t<h2>Gaselli TOP 2025 ja 2024<\/h2>\n\t\t\t\t\t\t\t<div class=\"workshop__content\">\n\t\t\t\t\t<p>\u00c4rip\u00e4ev-talouslehden kasvuyrityslistausta eli Gaselli TOP:ia on julkaistu 25 vuoden ajan. Vuosittain listalle kirjataan noin tuhat virolaista nopean kasvutempon yrityst\u00e4, jotka t\u00e4ytt\u00e4v\u00e4t tiukat TOP-kriteerit.<\/p>\n<p>Gaselliyritykset ovat kunnianhimoisia, rohkeita, joustavia ja nopeaan kasvuun keskittyvi\u00e4 yrityksi\u00e4, jotka ovat kasvattaneet liikevaihtoaan ja -voittoaan ainakin 50 %:lla viimeisen kolmen vuoden aikana. Nopeimmin kasvavat yritykset kartuttavat liikevaihtoaan kymmenkertaisesti tai sit\u00e4kin enemm\u00e4n.<\/p>\n<p>Monet Gaselli-listauksessa esille nostetuista yrityksist\u00e4 ovat t\u00e4n\u00e4\u00e4n suuria ja vakaita yhti\u00f6it\u00e4.<\/p>\n<p><a href=\"https:\/\/www.aripaev.ee\/t\/gasell\"><img loading=\"lazy\" decoding=\"async\" class=\"alignnone wp-image-15655\" src=\"https:\/\/www.plaadimehed.ee\/wp-content\/uploads\/2025\/07\/gaselli-top-logo.png\" alt=\"Gaselli TOP tunnustus\" width=\"92\" height=\"75\" \/><\/a><\/p>\t\t\t\t<\/div>\n\t\t\t\t\t\t\t\t\t\t\t<\/div>\n\t<\/div>\n<\/section>\n<\/div><div class=\"lazyblock-workshop-ZjknKF wp-block-lazyblock-workshop\">\n<section class=\"workshop workshop--has-image workshop--white\" style=\"\">\n\t<div class=\"workshop__inner\">\n\t\t\t\t\t<div class=\"workshop__image\"><img decoding=\"async\" src=\"https:\/\/www.plaadimehed.ee\/wp-content\/uploads\/2025\/07\/infopank-usaldusvaarne-ettevote-plaadimehed.jpg\" alt=\"\"><\/div>\n\t\t\t\t<div class=\"content\">\n\t\t\t<h2>Infopank Luotettava Yritys 2025 -tunnusmerkki<\/h2>\n\t\t\t\t\t\t\t<div class=\"workshop__content\">\n\t\t\t\t\t<p>Merkin saaneen yrityksen luottoluokitus on ollut viimeisen vuoden aikana vakaa ja hyv\u00e4. T\u00e4m\u00e4 tarkoittaa, ett\u00e4 sill\u00e4 ei ole velkoja valtiolle eik\u00e4 yhteisty\u00f6kumppaneille, yrityksen tilinp\u00e4\u00e4t\u00f6kset ja veroilmoitukset on esitetty ajallaan, taloudelliset tunnusluvut ovat hyvi\u00e4 ja yrityksen taustat ovat kunnossa.<\/p>\n<p>Vain 7 % virolaisista yrityksist\u00e4 t\u00e4ytt\u00e4\u00e4 Luotettava Yritys -merkin vaatimukset.<\/p>\n<p><a href=\"https:\/\/www.infopank.ee\/\"><img loading=\"lazy\" decoding=\"async\" class=\"alignleft wp-image-15658\" src=\"https:\/\/www.plaadimehed.ee\/wp-content\/uploads\/2025\/07\/infopank-usaldusvaarne-ettevote-logo.png\" alt=\"Infopank Usaldusv\u00e4\u00e4rne ettev\u00f5te tunnustus\" width=\"85\" height=\"75\" \/><\/a><\/p>\t\t\t\t<\/div>\n\t\t\t\t\t\t\t\t\t\t\t<\/div>\n\t<\/div>\n<\/section>\n<\/div><div style=\"height:50px\" aria-hidden=\"true\" class=\"wp-block-spacer\"><\/div>","protected":false},"excerpt":{"rendered":"<p>Plaadimehed-yhti\u00f6n sitoutuminen laatuun, luotettavuuteen ja jatkuvaan kehitykseen on saanut tunnustusta my\u00f6s oman tiimimme ja asiakkaidemme ulkopuolelta. Kahtena viime vuonna \u2013 2024 ja 2025 \u2013 olemme ylt\u00e4neet \u00c4rip\u00e4ev-talouslehden Gaselli TOP -listalle, jossa ovat vain Viron nopeimmin kasvavat yritykset. Meille on my\u00f6nnetty my\u00f6s Infopank-yritystietoportaalin Luotettava Yritys 2025 -tunnusmerkki. Kyseiset tunnustukset eiv\u00e4t ole meille vain palkintoja \u2013 ne [&hellip;]<\/p>\n","protected":false},"author":1,"featured_media":0,"parent":0,"menu_order":0,"comment_status":"closed","ping_status":"closed","template":"narrow-page-template.php","meta":{"_acf_changed":false,"footnotes":""},"class_list":["post-16912","page","type-page","status-publish","hentry"],"acf":[],"yoast_head":"<!-- This site is optimized with the Yoast SEO plugin v27.0 - https:\/\/yoast.com\/product\/yoast-seo-wordpress\/ -->\n<title>Tunnustused - Gasell ja Usaldusv\u00e4\u00e4rne ettev\u00f5te I Plaadimehed<\/title>\n<meta name=\"description\" content=\"Plaadimehed on Gaselli TOPi ettev\u00f5te 2024 ja 2025 \u2013 tunnustus kiire kasvu ja tugeva tegutsemise eest Eesti ettev\u00f5tlusmaastikul.\" \/>\n<meta name=\"robots\" content=\"index, follow, max-snippet:-1, max-image-preview:large, max-video-preview:-1\" \/>\n<link rel=\"canonical\" href=\"https:\/\/www.plaadimehed.ee\/fi\/tunnustukset\/\" \/>\n<meta property=\"og:locale\" content=\"fi_FI\" \/>\n<meta property=\"og:type\" content=\"article\" \/>\n<meta property=\"og:title\" content=\"Tunnustused - Gasell ja Usaldusv\u00e4\u00e4rne ettev\u00f5te I Plaadimehed\" \/>\n<meta property=\"og:description\" content=\"Plaadimehed on Gaselli TOPi ettev\u00f5te 2024 ja 2025 \u2013 tunnustus kiire kasvu ja tugeva tegutsemise eest Eesti ettev\u00f5tlusmaastikul.\" \/>\n<meta property=\"og:url\" content=\"https:\/\/www.plaadimehed.ee\/fi\/tunnustukset\/\" \/>\n<meta property=\"og:site_name\" content=\"Plaadimehed\" \/>\n<meta property=\"article:modified_time\" content=\"2026-03-03T03:10:34+00:00\" \/>\n<meta property=\"og:image\" content=\"https:\/\/www.plaadimehed.ee\/wp-content\/uploads\/2025\/07\/gasell-2025-plaadimehed.jpg\" \/>\n\t<meta property=\"og:image:width\" content=\"758\" \/>\n\t<meta property=\"og:image:height\" content=\"1000\" \/>\n\t<meta property=\"og:image:type\" content=\"image\/jpeg\" \/>\n<meta name=\"twitter:card\" content=\"summary_large_image\" \/>\n<meta name=\"twitter:title\" content=\"Tunnustused - Gasell ja Usaldusv\u00e4\u00e4rne ettev\u00f5te I Plaadimehed\" \/>\n<meta name=\"twitter:description\" content=\"Plaadimehed on Gaselli TOPi ettev\u00f5te 2024 ja 2025 \u2013 tunnustus kiire kasvu ja tugeva tegutsemise eest Eesti ettev\u00f5tlusmaastikul.\" \/>\n<meta name=\"twitter:image\" content=\"https:\/\/www.plaadimehed.ee\/wp-content\/uploads\/2025\/07\/gasell-2025-plaadimehed.jpg\" \/>\n<meta name=\"twitter:label1\" content=\"Arvioitu lukuaika\" \/>\n\t<meta name=\"twitter:data1\" content=\"1 minuutti\" \/>\n<script type=\"application\/ld+json\" class=\"yoast-schema-graph\">{\"@context\":\"https:\/\/schema.org\",\"@graph\":[{\"@type\":\"WebPage\",\"@id\":\"https:\/\/www.plaadimehed.ee\/fi\/tunnustukset\/\",\"url\":\"https:\/\/www.plaadimehed.ee\/fi\/tunnustukset\/\",\"name\":\"Tunnustused - Gasell ja Usaldusv\u00e4\u00e4rne ettev\u00f5te I Plaadimehed\",\"isPartOf\":{\"@id\":\"https:\/\/www.plaadimehed.ee\/#website\"},\"datePublished\":\"2025-07-31T09:48:22+00:00\",\"dateModified\":\"2026-03-03T03:10:34+00:00\",\"description\":\"Plaadimehed on Gaselli TOPi ettev\u00f5te 2024 ja 2025 \u2013 tunnustus kiire kasvu ja tugeva tegutsemise eest Eesti ettev\u00f5tlusmaastikul.\",\"breadcrumb\":{\"@id\":\"https:\/\/www.plaadimehed.ee\/fi\/tunnustukset\/#breadcrumb\"},\"inLanguage\":\"fi\",\"potentialAction\":[{\"@type\":\"ReadAction\",\"target\":[\"https:\/\/www.plaadimehed.ee\/fi\/tunnustukset\/\"]}]},{\"@type\":\"BreadcrumbList\",\"@id\":\"https:\/\/www.plaadimehed.ee\/fi\/tunnustukset\/#breadcrumb\",\"itemListElement\":[{\"@type\":\"ListItem\",\"position\":1,\"name\":\"Home\",\"item\":\"https:\/\/www.plaadimehed.ee\/fi\/\"},{\"@type\":\"ListItem\",\"position\":2,\"name\":\"Tunnustukset\"}]},{\"@type\":\"WebSite\",\"@id\":\"https:\/\/www.plaadimehed.ee\/#website\",\"url\":\"https:\/\/www.plaadimehed.ee\/\",\"name\":\"Plaadimehed\",\"description\":\"Plaatimist\u00f6\u00f6deks vajalikud tarvikud ja t\u00f6\u00f6riistad\",\"publisher\":{\"@id\":\"https:\/\/www.plaadimehed.ee\/#organization\"},\"potentialAction\":[{\"@type\":\"SearchAction\",\"target\":{\"@type\":\"EntryPoint\",\"urlTemplate\":\"https:\/\/www.plaadimehed.ee\/?s={search_term_string}\"},\"query-input\":{\"@type\":\"PropertyValueSpecification\",\"valueRequired\":true,\"valueName\":\"search_term_string\"}}],\"inLanguage\":\"fi\"},{\"@type\":\"Organization\",\"@id\":\"https:\/\/www.plaadimehed.ee\/#organization\",\"name\":\"Plaadimehed\",\"url\":\"https:\/\/www.plaadimehed.ee\/\",\"logo\":{\"@type\":\"ImageObject\",\"inLanguage\":\"fi\",\"@id\":\"https:\/\/www.plaadimehed.ee\/#\/schema\/logo\/image\/\",\"url\":\"https:\/\/www.plaadimehed.ee\/wp-content\/uploads\/2024\/05\/plaadimehed-logo.svg\",\"contentUrl\":\"https:\/\/www.plaadimehed.ee\/wp-content\/uploads\/2024\/05\/plaadimehed-logo.svg\",\"width\":266,\"height\":72,\"caption\":\"Plaadimehed\"},\"image\":{\"@id\":\"https:\/\/www.plaadimehed.ee\/#\/schema\/logo\/image\/\"}}]}<\/script>\n<!-- \/ Yoast SEO plugin. -->","yoast_head_json":{"title":"Tunnustused - Gasell ja Usaldusv\u00e4\u00e4rne ettev\u00f5te I Plaadimehed","description":"Plaadimehed on Gaselli TOPi ettev\u00f5te 2024 ja 2025 \u2013 tunnustus kiire kasvu ja tugeva tegutsemise eest Eesti ettev\u00f5tlusmaastikul.","robots":{"index":"index","follow":"follow","max-snippet":"max-snippet:-1","max-image-preview":"max-image-preview:large","max-video-preview":"max-video-preview:-1"},"canonical":"https:\/\/www.plaadimehed.ee\/fi\/tunnustukset\/","og_locale":"fi_FI","og_type":"article","og_title":"Tunnustused - Gasell ja Usaldusv\u00e4\u00e4rne ettev\u00f5te I Plaadimehed","og_description":"Plaadimehed on Gaselli TOPi ettev\u00f5te 2024 ja 2025 \u2013 tunnustus kiire kasvu ja tugeva tegutsemise eest Eesti ettev\u00f5tlusmaastikul.","og_url":"https:\/\/www.plaadimehed.ee\/fi\/tunnustukset\/","og_site_name":"Plaadimehed","article_modified_time":"2026-03-03T03:10:34+00:00","og_image":[{"width":758,"height":1000,"url":"https:\/\/www.plaadimehed.ee\/wp-content\/uploads\/2025\/07\/gasell-2025-plaadimehed.jpg","type":"image\/jpeg"}],"twitter_card":"summary_large_image","twitter_title":"Tunnustused - Gasell ja Usaldusv\u00e4\u00e4rne ettev\u00f5te I Plaadimehed","twitter_description":"Plaadimehed on Gaselli TOPi ettev\u00f5te 2024 ja 2025 \u2013 tunnustus kiire kasvu ja tugeva tegutsemise eest Eesti ettev\u00f5tlusmaastikul.","twitter_image":"https:\/\/www.plaadimehed.ee\/wp-content\/uploads\/2025\/07\/gasell-2025-plaadimehed.jpg","twitter_misc":{"Arvioitu lukuaika":"1 minuutti"},"schema":{"@context":"https:\/\/schema.org","@graph":[{"@type":"WebPage","@id":"https:\/\/www.plaadimehed.ee\/fi\/tunnustukset\/","url":"https:\/\/www.plaadimehed.ee\/fi\/tunnustukset\/","name":"Tunnustused - Gasell ja Usaldusv\u00e4\u00e4rne ettev\u00f5te I Plaadimehed","isPartOf":{"@id":"https:\/\/www.plaadimehed.ee\/#website"},"datePublished":"2025-07-31T09:48:22+00:00","dateModified":"2026-03-03T03:10:34+00:00","description":"Plaadimehed on Gaselli TOPi ettev\u00f5te 2024 ja 2025 \u2013 tunnustus kiire kasvu ja tugeva tegutsemise eest Eesti ettev\u00f5tlusmaastikul.","breadcrumb":{"@id":"https:\/\/www.plaadimehed.ee\/fi\/tunnustukset\/#breadcrumb"},"inLanguage":"fi","potentialAction":[{"@type":"ReadAction","target":["https:\/\/www.plaadimehed.ee\/fi\/tunnustukset\/"]}]},{"@type":"BreadcrumbList","@id":"https:\/\/www.plaadimehed.ee\/fi\/tunnustukset\/#breadcrumb","itemListElement":[{"@type":"ListItem","position":1,"name":"Home","item":"https:\/\/www.plaadimehed.ee\/fi\/"},{"@type":"ListItem","position":2,"name":"Tunnustukset"}]},{"@type":"WebSite","@id":"https:\/\/www.plaadimehed.ee\/#website","url":"https:\/\/www.plaadimehed.ee\/","name":"Plaadimehed","description":"Plaatimist\u00f6\u00f6deks vajalikud tarvikud ja t\u00f6\u00f6riistad","publisher":{"@id":"https:\/\/www.plaadimehed.ee\/#organization"},"potentialAction":[{"@type":"SearchAction","target":{"@type":"EntryPoint","urlTemplate":"https:\/\/www.plaadimehed.ee\/?s={search_term_string}"},"query-input":{"@type":"PropertyValueSpecification","valueRequired":true,"valueName":"search_term_string"}}],"inLanguage":"fi"},{"@type":"Organization","@id":"https:\/\/www.plaadimehed.ee\/#organization","name":"Plaadimehed","url":"https:\/\/www.plaadimehed.ee\/","logo":{"@type":"ImageObject","inLanguage":"fi","@id":"https:\/\/www.plaadimehed.ee\/#\/schema\/logo\/image\/","url":"https:\/\/www.plaadimehed.ee\/wp-content\/uploads\/2024\/05\/plaadimehed-logo.svg","contentUrl":"https:\/\/www.plaadimehed.ee\/wp-content\/uploads\/2024\/05\/plaadimehed-logo.svg","width":266,"height":72,"caption":"Plaadimehed"},"image":{"@id":"https:\/\/www.plaadimehed.ee\/#\/schema\/logo\/image\/"}}]}},"_links":{"self":[{"href":"https:\/\/www.plaadimehed.ee\/fi\/wp-json\/wp\/v2\/pages\/16912","targetHints":{"allow":["GET"]}}],"collection":[{"href":"https:\/\/www.plaadimehed.ee\/fi\/wp-json\/wp\/v2\/pages"}],"about":[{"href":"https:\/\/www.plaadimehed.ee\/fi\/wp-json\/wp\/v2\/types\/page"}],"author":[{"embeddable":true,"href":"https:\/\/www.plaadimehed.ee\/fi\/wp-json\/wp\/v2\/users\/1"}],"replies":[{"embeddable":true,"href":"https:\/\/www.plaadimehed.ee\/fi\/wp-json\/wp\/v2\/comments?post=16912"}],"version-history":[{"count":2,"href":"https:\/\/www.plaadimehed.ee\/fi\/wp-json\/wp\/v2\/pages\/16912\/revisions"}],"predecessor-version":[{"id":17329,"href":"https:\/\/www.plaadimehed.ee\/fi\/wp-json\/wp\/v2\/pages\/16912\/revisions\/17329"}],"wp:attachment":[{"href":"https:\/\/www.plaadimehed.ee\/fi\/wp-json\/wp\/v2\/media?parent=16912"}],"curies":[{"name":"wp","href":"https:\/\/api.w.org\/{rel}","templated":true}]}}