{"id":16923,"date":"2021-04-26T09:05:38","date_gmt":"2021-04-26T09:05:38","guid":{"rendered":"https:\/\/www.plaadimehed.ee\/privaatsuspoliitika\/"},"modified":"2026-01-06T08:44:44","modified_gmt":"2026-01-06T06:44:44","slug":"yksityisyydensuoja","status":"publish","type":"page","link":"https:\/\/www.plaadimehed.ee\/fi\/yksityisyydensuoja\/","title":{"rendered":"Yksityisyydensuojak\u00e4yt\u00e4nt\u00f6"},"content":{"rendered":"<h3 class=\"wp-block-heading\">1. Yleist\u00e4<\/h3><p>1.1. T\u00e4m\u00e4 tietosuojailmoitus esittelee henkil\u00f6tietojen ker\u00e4\u00e4misen, k\u00e4sittelyn ja s\u00e4ilytt\u00e4misen eli yksityisyydensuojan periaatteita ja k\u00e4yt\u00e4nt\u00f6j\u00e4. Henkil\u00f6tietoja ker\u00e4\u00e4, k\u00e4sittelee ja s\u00e4ilytt\u00e4\u00e4 Plaadimehed O\u00dc, joka on Viron lains\u00e4\u00e4d\u00e4nn\u00f6n mukainen henkil\u00f6tietorekisterin yll\u00e4pidosta vastaava oikeustoimihenkil\u00f6 (j\u00e4ljemp\u00e4n\u00e4 &#8221;Rekisterinpit\u00e4j\u00e4&#8221;).<\/p><p>1.2. Yksityisyydensuojan kohteena oleva taho (j\u00e4ljemp\u00e4n\u00e4 &#8221;rekister\u00f6ity taho&#8221;) on asiakas tai muu luonnollinen henkil\u00f6, jonka henkil\u00f6tietoja Rekisterinpit\u00e4j\u00e4 k\u00e4sittelee.<\/p><p>1.3. Tietosuojailmoituksessa asiakkaalla tarkoitetaan ket\u00e4 tahansa, joka ostaa tavaroita tai palveluita Rekisterinpit\u00e4j\u00e4n verkkosivustolta.<\/p><p>1.4. Rekisterinpit\u00e4j\u00e4 noudattaa Viron lains\u00e4\u00e4d\u00e4nn\u00f6ss\u00e4 vahvistettuja tietojenk\u00e4sittelyn periaatteita, mukaan lukien henkil\u00f6tietojen laillinen, oikeudenmukainen ja turvallinen k\u00e4sittely. Rekisterinpit\u00e4j\u00e4 pystyy varmistamaan, ett\u00e4 henkil\u00f6tietoja on k\u00e4sitelty lains\u00e4\u00e4d\u00e4nn\u00f6n m\u00e4\u00e4r\u00e4ysten ja asetusten mukaisesti.<\/p><h3 class=\"wp-block-heading\">2. Henkil\u00f6tietojen ker\u00e4\u00e4minen, k\u00e4sittely ja s\u00e4ilytt\u00e4minen<\/h3><p>2.1. Rekisterinpit\u00e4j\u00e4n ker\u00e4\u00e4m\u00e4t, k\u00e4sittelem\u00e4t ja s\u00e4ilytt\u00e4m\u00e4t henkil\u00f6tiedot on ker\u00e4tty s\u00e4hk\u00f6isten kanavien &#8211; p\u00e4\u00e4asiassa verkkosivuston ja s\u00e4hk\u00f6postin kautta.<\/p><p>2.2. Ostaessaan tavaroita tai palveluita Rekisterinpit\u00e4j\u00e4n verkkosivuilta tai antaessaan tietonsa sivuston k\u00e4ytt\u00f6\u00f6n suorasti tai ep\u00e4suorasti rekister\u00f6ity taho my\u00f6nt\u00e4\u00e4 Rekisterinpit\u00e4j\u00e4lle oikeuden ker\u00e4t\u00e4, j\u00e4rjest\u00e4\u00e4, k\u00e4ytt\u00e4\u00e4 ja hallita tietojaan t\u00e4ss\u00e4 tietosuojailmoituksessa m\u00e4\u00e4riteltyihin tarkoituksiin.<\/p><p>2.3. Rekister\u00f6ity taho on vastuussa siit\u00e4, ett\u00e4 h\u00e4nen esitt\u00e4m\u00e4ns\u00e4 tiedot ovat oikeita, tarkkoja ja t\u00e4ydellisi\u00e4. Tietoinen v\u00e4\u00e4rien tietojen esitt\u00e4minen katsotaan tietosuojak\u00e4yt\u00e4nn\u00f6n rikkomiseksi. Rekister\u00f6idyn tahon on ilmoitettava viipym\u00e4tt\u00e4 Rekisterinpit\u00e4j\u00e4lle kaikista esitt\u00e4miens\u00e4 tietojen muutoksista.<\/p><p>2.4. Rekisterinpit\u00e4j\u00e4 ei ole vastuussa rekister\u00f6idylle taholle tai kolmansille osapuolille aiheutuneista vahingoista, jotka johtuvat rekister\u00f6idyn tahon esitt\u00e4mist\u00e4 v\u00e4\u00e4rist\u00e4 tiedoista.<\/p><h3 class=\"wp-block-heading\">3. Asiakkaiden henkil\u00f6tietojen k\u00e4sittely<\/h3><p>3.1. Rekisterinpit\u00e4j\u00e4 voi k\u00e4sitell\u00e4 seuraavia rekister\u00f6ityyn tahoon liittyvi\u00e4 henkil\u00f6tietoja:<br>3.1.1. Etunimi ja sukunimi;<br>3.1.2. Syntym\u00e4aika;<br>3.1.3. Puhelinnumero;<br>3.1.4. S\u00e4hk\u00f6postiosoite;<br>3.1.5. Toimitusosoite;<br>3.1.6. Maksukorttiin liitetyn pankkitilin numero;<br>3.1.7. Maksukorttitiedot;<\/p><p>3.2. Edell\u00e4 mainittujen lis\u00e4ksi Rekisterinpit\u00e4j\u00e4ll\u00e4 on oikeus ker\u00e4t\u00e4 asiakkaistaan tietoja, jotka ovat saatavilla julkisista rekistereist\u00e4.<\/p><p>3.3. Henkil\u00f6tietojen k\u00e4sittelyn oikeusperustana on tietosuoja-asetuksen (GDPR) 6. artiklan 1. kohdan alakohdat a, b, c ja f:<br>a) rekister\u00f6ity taho on antanut suostumuksensa henkil\u00f6tietojensa k\u00e4sittelyyn yht\u00e4 tai useampaa m\u00e4\u00e4ritelty\u00e4 tarkoitusta varten;<br>b) henkil\u00f6tietojen k\u00e4sittely on tarpeen rekister\u00f6idyn tahon kanssa tehdyn sopimuksen t\u00e4yt\u00e4nt\u00f6\u00f6npanemiseksi tai sopimuksen tekemist\u00e4 edelt\u00e4vien toimenpiteiden toteuttamiseksi rekister\u00f6idyn tahon pyynn\u00f6st\u00e4;<br>c) henkil\u00f6tietojen k\u00e4sittely on tarpeen Rekisterinpit\u00e4j\u00e4n lakis\u00e4\u00e4teisten velvoitteiden noudattamiseksi;<br>f) henkil\u00f6tietojen k\u00e4sittely on tarpeen Rekisterinpit\u00e4j\u00e4n tai kolmannen osapuolen oikeutettujen etujen suojaamiseksi, elleiv\u00e4t rekister\u00f6idyn tahon henkil\u00f6tietojen suojaamista edellytt\u00e4v\u00e4t edut, perusoikeudet ja -vapaudet syrj\u00e4yt\u00e4 niit\u00e4. T\u00e4m\u00e4 syrj\u00e4ytt\u00e4mislause p\u00e4tee erityisesti tilanteissa, joissa rekister\u00f6ity taho on alaik\u00e4inen.<\/p><p>3.4. Henkil\u00f6tietojen s\u00e4ilytys k\u00e4sittelyn tarkoituksen mukaan:<br>3.4.1. K\u00e4sittelyn tarkoitus \u2013 yleinen ja yhteiskunnallinen turvallisuus<br>Henkil\u00f6tietojen enimm\u00e4iss\u00e4ilytysaika \u2013 laissa m\u00e4\u00e4riteltyjen m\u00e4\u00e4r\u00e4aikojen mukaisesti<br>3.4.2. K\u00e4sittelyn tarkoitus \u2013 tilausten k\u00e4sittely<br>Henkil\u00f6tietojen enimm\u00e4iss\u00e4ilytysaika \u2013 2 vuotta<br>3.4.3. K\u00e4sittelyn tarkoitus \u2013 verkkokaupan toiminnallisuuksien varmistaminen<br>Henkil\u00f6tietojen enimm\u00e4iss\u00e4ilytysaika \u2013 2 vuotta<br>3.4.4. K\u00e4sittelyn tarkoitus \u2013 asiakashallinta<br>Henkil\u00f6tietojen enimm\u00e4iss\u00e4ilytysaika \u2013 2 vuotta<br>3.4.5. K\u00e4sittelyn tarkoitus \u2013 kirjanpito ja muut talousasiat<br>Henkil\u00f6tietojen enimm\u00e4iss\u00e4ilytysaika \u2013 laissa m\u00e4\u00e4riteltyjen m\u00e4\u00e4r\u00e4aikojen mukaisesti<br>3.4.6. K\u00e4sittelyn tarkoitus \u2013 markkinointi<br>Henkil\u00f6tietojen enimm\u00e4iss\u00e4ilytysaika \u2013 2 vuotta<\/p><p>3.5. Rekisterinpit\u00e4j\u00e4ll\u00e4 on oikeus jakaa asiakkaidensa henkil\u00f6tietoja kolmansille osapuolille &#8211; kuten valtuutetuille tietojenk\u00e4sittelij\u00f6ille, kirjanpit\u00e4jille, kuljetus- ja l\u00e4hettiyrityksille sek\u00e4 tilisiirtopalveluita tarjoaville yrityksille. Rekisterinpit\u00e4j\u00e4 on henkil\u00f6tietojen vastuullinen k\u00e4sittelij\u00e4. Maksujen suorittamiseen tarvittavia henkil\u00f6tietoja Rekisterinpit\u00e4j\u00e4 jakaa vain valtuuttamalleen tietojen k\u00e4sittelij\u00e4lle, joka on Maksekeskus AS.<\/p><p>3.6. Rekister\u00f6idyn tahon henkil\u00f6tietoja k\u00e4sitelless\u00e4\u00e4n ja s\u00e4ilytt\u00e4ess\u00e4\u00e4n Rekisterinpit\u00e4j\u00e4 noudattaa organisatorisia ja teknisi\u00e4 toimia, joilla varmistetaan henkil\u00f6tietojen suoja erehdykselliselt\u00e4 ja laittomalta tuhoamiselta, muuntamiselta, julkistamiselta sek\u00e4 muilta laittomilta k\u00e4sittelytavoilta.<\/p><p>3.7. Rekisterinpit\u00e4j\u00e4 s\u00e4ilytt\u00e4\u00e4 rekister\u00f6ityjen tahojen tietoja k\u00e4sittelytarkoituksesta riippuvan ajan, kuitenkin enint\u00e4\u00e4n 7 vuotta.<\/p><h3 class=\"wp-block-heading\">4. Rekister\u00f6idyn tahon oikeudet<\/h3><p>4.1. Rekister\u00f6idyll\u00e4 taholla on oikeus tutustua omiin henkil\u00f6tietoihinsa ja tarkastella niit\u00e4.<\/p><p>4.2. Rekister\u00f6idyll\u00e4 taholla on oikeus saada tietoa henkil\u00f6tietojensa k\u00e4sittelyst\u00e4.<\/p><p>4.3. Rekister\u00f6idyll\u00e4 taholla on oikeus t\u00e4ydent\u00e4\u00e4 tai oikaista virheellisi\u00e4 tietoja.<\/p><p>4.4. Jos Rekisterinpit\u00e4j\u00e4 k\u00e4sittelee rekister\u00f6idyn tahon henkil\u00f6tietoja t\u00e4m\u00e4n antaman suostumuksen perusteella, rekister\u00f6idyll\u00e4 taholla on oikeus peruuttaa suostumuksensa milloin tahansa.<\/p><p>4.5. Rekister\u00f6ity taho voi k\u00e4ytt\u00e4\u00e4 oikeuksiaan ottamalla yhteytt\u00e4 verkkokaupan asiakastukeen s\u00e4hk\u00f6postitse: <a href=\"mailto:epood@plaadimehed.ee\">epood@plaadimehed.ee<\/a><\/p><p>4.6. Rekister\u00f6idyll\u00e4 taholla on mahdollisuus tehd\u00e4 valitus Viron tietosuojavaltuutetulle oikeuksiensa suojaamiseksi.<\/p><h3 class=\"wp-block-heading\">5. Loppus\u00e4\u00e4nn\u00f6kset<\/h3><p>5.1. T\u00e4m\u00e4 tietosuojailmoitus on laadittu Euroopan parlamentin ja neuvoston asetuksen (EU) nro 2016\/679, joka k\u00e4sittelee luonnollisten henkil\u00f6iden suojaa henkil\u00f6tietojen k\u00e4sittelyn ja tietojen vapaan liikkuvuuden puitteissa, direktiivin 95\/46\/EY (EU:n yleinen tietosuoja-asetus), Viron tasavallan henkil\u00f6tietolain sek\u00e4 Viron tasavallan ja Euroopan unionin lains\u00e4\u00e4d\u00e4nn\u00f6n mukaiseksi.<\/p><p>5.2. Rekisterinpit\u00e4j\u00e4 varaa itselleen oikeuden muuttaa tietosuojaehtoja osittain tai kokonaan ilmoittamalla muutoksista rekister\u00f6idyille tahoille verkkosivuston <a href=\"http:\/\/www.plaadimehed.ee\/fi\/\">www.plaadimehed.ee\/fi\/<\/a> kautta.<\/p><p><\/p>","protected":false},"excerpt":{"rendered":"<p>1. Yleist\u00e4 1.1. T\u00e4m\u00e4 tietosuojailmoitus esittelee henkil\u00f6tietojen ker\u00e4\u00e4misen, k\u00e4sittelyn ja s\u00e4ilytt\u00e4misen eli yksityisyydensuojan periaatteita ja k\u00e4yt\u00e4nt\u00f6j\u00e4. Henkil\u00f6tietoja ker\u00e4\u00e4, k\u00e4sittelee ja s\u00e4ilytt\u00e4\u00e4 Plaadimehed O\u00dc, joka on Viron lains\u00e4\u00e4d\u00e4nn\u00f6n mukainen henkil\u00f6tietorekisterin yll\u00e4pidosta vastaava oikeustoimihenkil\u00f6 (j\u00e4ljemp\u00e4n\u00e4 &#8221;Rekisterinpit\u00e4j\u00e4&#8221;). 1.2. Yksityisyydensuojan kohteena oleva taho (j\u00e4ljemp\u00e4n\u00e4 &#8221;rekister\u00f6ity taho&#8221;) on asiakas tai muu luonnollinen henkil\u00f6, jonka henkil\u00f6tietoja Rekisterinpit\u00e4j\u00e4 k\u00e4sittelee. 1.3. Tietosuojailmoituksessa asiakkaalla [&hellip;]<\/p>\n","protected":false},"author":1,"featured_media":0,"parent":0,"menu_order":0,"comment_status":"closed","ping_status":"open","template":"","meta":{"_acf_changed":false,"footnotes":""},"class_list":["post-16923","page","type-page","status-publish","hentry"],"acf":[],"yoast_head":"<!-- This site is optimized with the Yoast SEO plugin v27.0 - https:\/\/yoast.com\/product\/yoast-seo-wordpress\/ -->\n<title>Yksityisyydensuojak\u00e4yt\u00e4nt\u00f6 - Plaadimehed<\/title>\n<meta name=\"robots\" content=\"index, follow, max-snippet:-1, max-image-preview:large, max-video-preview:-1\" \/>\n<link rel=\"canonical\" href=\"https:\/\/www.plaadimehed.ee\/fi\/yksityisyydensuoja\/\" \/>\n<meta property=\"og:locale\" content=\"fi_FI\" \/>\n<meta property=\"og:type\" content=\"article\" \/>\n<meta property=\"og:title\" content=\"Yksityisyydensuojak\u00e4yt\u00e4nt\u00f6 - Plaadimehed\" \/>\n<meta property=\"og:description\" content=\"1. Yleist\u00e4 1.1. T\u00e4m\u00e4 tietosuojailmoitus esittelee henkil\u00f6tietojen ker\u00e4\u00e4misen, k\u00e4sittelyn ja s\u00e4ilytt\u00e4misen eli yksityisyydensuojan periaatteita ja k\u00e4yt\u00e4nt\u00f6j\u00e4. Henkil\u00f6tietoja ker\u00e4\u00e4, k\u00e4sittelee ja s\u00e4ilytt\u00e4\u00e4 Plaadimehed O\u00dc, joka on Viron lains\u00e4\u00e4d\u00e4nn\u00f6n mukainen henkil\u00f6tietorekisterin yll\u00e4pidosta vastaava oikeustoimihenkil\u00f6 (j\u00e4ljemp\u00e4n\u00e4 &#8221;Rekisterinpit\u00e4j\u00e4&#8221;). 1.2. Yksityisyydensuojan kohteena oleva taho (j\u00e4ljemp\u00e4n\u00e4 &#8221;rekister\u00f6ity taho&#8221;) on asiakas tai muu luonnollinen henkil\u00f6, jonka henkil\u00f6tietoja Rekisterinpit\u00e4j\u00e4 k\u00e4sittelee. 1.3. Tietosuojailmoituksessa asiakkaalla [&hellip;]\" \/>\n<meta property=\"og:url\" content=\"https:\/\/www.plaadimehed.ee\/fi\/yksityisyydensuoja\/\" \/>\n<meta property=\"og:site_name\" content=\"Plaadimehed\" \/>\n<meta property=\"article:modified_time\" content=\"2026-01-06T06:44:44+00:00\" \/>\n<meta name=\"twitter:card\" content=\"summary_large_image\" \/>\n<meta name=\"twitter:label1\" content=\"Arvioitu lukuaika\" \/>\n\t<meta name=\"twitter:data1\" content=\"4 minuutti\" \/>\n<script type=\"application\/ld+json\" class=\"yoast-schema-graph\">{\"@context\":\"https:\/\/schema.org\",\"@graph\":[{\"@type\":\"WebPage\",\"@id\":\"https:\/\/www.plaadimehed.ee\/fi\/yksityisyydensuoja\/\",\"url\":\"https:\/\/www.plaadimehed.ee\/fi\/yksityisyydensuoja\/\",\"name\":\"Yksityisyydensuojak\u00e4yt\u00e4nt\u00f6 - Plaadimehed\",\"isPartOf\":{\"@id\":\"https:\/\/www.plaadimehed.ee\/#website\"},\"datePublished\":\"2021-04-26T09:05:38+00:00\",\"dateModified\":\"2026-01-06T06:44:44+00:00\",\"breadcrumb\":{\"@id\":\"https:\/\/www.plaadimehed.ee\/fi\/yksityisyydensuoja\/#breadcrumb\"},\"inLanguage\":\"fi\",\"potentialAction\":[{\"@type\":\"ReadAction\",\"target\":[\"https:\/\/www.plaadimehed.ee\/fi\/yksityisyydensuoja\/\"]}]},{\"@type\":\"BreadcrumbList\",\"@id\":\"https:\/\/www.plaadimehed.ee\/fi\/yksityisyydensuoja\/#breadcrumb\",\"itemListElement\":[{\"@type\":\"ListItem\",\"position\":1,\"name\":\"Home\",\"item\":\"https:\/\/www.plaadimehed.ee\/fi\/\"},{\"@type\":\"ListItem\",\"position\":2,\"name\":\"Yksityisyydensuojak\u00e4yt\u00e4nt\u00f6\"}]},{\"@type\":\"WebSite\",\"@id\":\"https:\/\/www.plaadimehed.ee\/#website\",\"url\":\"https:\/\/www.plaadimehed.ee\/\",\"name\":\"Plaadimehed\",\"description\":\"Plaatimist\u00f6\u00f6deks vajalikud tarvikud ja t\u00f6\u00f6riistad\",\"publisher\":{\"@id\":\"https:\/\/www.plaadimehed.ee\/#organization\"},\"potentialAction\":[{\"@type\":\"SearchAction\",\"target\":{\"@type\":\"EntryPoint\",\"urlTemplate\":\"https:\/\/www.plaadimehed.ee\/?s={search_term_string}\"},\"query-input\":{\"@type\":\"PropertyValueSpecification\",\"valueRequired\":true,\"valueName\":\"search_term_string\"}}],\"inLanguage\":\"fi\"},{\"@type\":\"Organization\",\"@id\":\"https:\/\/www.plaadimehed.ee\/#organization\",\"name\":\"Plaadimehed\",\"url\":\"https:\/\/www.plaadimehed.ee\/\",\"logo\":{\"@type\":\"ImageObject\",\"inLanguage\":\"fi\",\"@id\":\"https:\/\/www.plaadimehed.ee\/#\/schema\/logo\/image\/\",\"url\":\"https:\/\/www.plaadimehed.ee\/wp-content\/uploads\/2024\/05\/plaadimehed-logo.svg\",\"contentUrl\":\"https:\/\/www.plaadimehed.ee\/wp-content\/uploads\/2024\/05\/plaadimehed-logo.svg\",\"width\":266,\"height\":72,\"caption\":\"Plaadimehed\"},\"image\":{\"@id\":\"https:\/\/www.plaadimehed.ee\/#\/schema\/logo\/image\/\"}}]}<\/script>\n<!-- \/ Yoast SEO plugin. -->","yoast_head_json":{"title":"Yksityisyydensuojak\u00e4yt\u00e4nt\u00f6 - Plaadimehed","robots":{"index":"index","follow":"follow","max-snippet":"max-snippet:-1","max-image-preview":"max-image-preview:large","max-video-preview":"max-video-preview:-1"},"canonical":"https:\/\/www.plaadimehed.ee\/fi\/yksityisyydensuoja\/","og_locale":"fi_FI","og_type":"article","og_title":"Yksityisyydensuojak\u00e4yt\u00e4nt\u00f6 - Plaadimehed","og_description":"1. Yleist\u00e4 1.1. T\u00e4m\u00e4 tietosuojailmoitus esittelee henkil\u00f6tietojen ker\u00e4\u00e4misen, k\u00e4sittelyn ja s\u00e4ilytt\u00e4misen eli yksityisyydensuojan periaatteita ja k\u00e4yt\u00e4nt\u00f6j\u00e4. Henkil\u00f6tietoja ker\u00e4\u00e4, k\u00e4sittelee ja s\u00e4ilytt\u00e4\u00e4 Plaadimehed O\u00dc, joka on Viron lains\u00e4\u00e4d\u00e4nn\u00f6n mukainen henkil\u00f6tietorekisterin yll\u00e4pidosta vastaava oikeustoimihenkil\u00f6 (j\u00e4ljemp\u00e4n\u00e4 &#8221;Rekisterinpit\u00e4j\u00e4&#8221;). 1.2. Yksityisyydensuojan kohteena oleva taho (j\u00e4ljemp\u00e4n\u00e4 &#8221;rekister\u00f6ity taho&#8221;) on asiakas tai muu luonnollinen henkil\u00f6, jonka henkil\u00f6tietoja Rekisterinpit\u00e4j\u00e4 k\u00e4sittelee. 1.3. Tietosuojailmoituksessa asiakkaalla [&hellip;]","og_url":"https:\/\/www.plaadimehed.ee\/fi\/yksityisyydensuoja\/","og_site_name":"Plaadimehed","article_modified_time":"2026-01-06T06:44:44+00:00","twitter_card":"summary_large_image","twitter_misc":{"Arvioitu lukuaika":"4 minuutti"},"schema":{"@context":"https:\/\/schema.org","@graph":[{"@type":"WebPage","@id":"https:\/\/www.plaadimehed.ee\/fi\/yksityisyydensuoja\/","url":"https:\/\/www.plaadimehed.ee\/fi\/yksityisyydensuoja\/","name":"Yksityisyydensuojak\u00e4yt\u00e4nt\u00f6 - Plaadimehed","isPartOf":{"@id":"https:\/\/www.plaadimehed.ee\/#website"},"datePublished":"2021-04-26T09:05:38+00:00","dateModified":"2026-01-06T06:44:44+00:00","breadcrumb":{"@id":"https:\/\/www.plaadimehed.ee\/fi\/yksityisyydensuoja\/#breadcrumb"},"inLanguage":"fi","potentialAction":[{"@type":"ReadAction","target":["https:\/\/www.plaadimehed.ee\/fi\/yksityisyydensuoja\/"]}]},{"@type":"BreadcrumbList","@id":"https:\/\/www.plaadimehed.ee\/fi\/yksityisyydensuoja\/#breadcrumb","itemListElement":[{"@type":"ListItem","position":1,"name":"Home","item":"https:\/\/www.plaadimehed.ee\/fi\/"},{"@type":"ListItem","position":2,"name":"Yksityisyydensuojak\u00e4yt\u00e4nt\u00f6"}]},{"@type":"WebSite","@id":"https:\/\/www.plaadimehed.ee\/#website","url":"https:\/\/www.plaadimehed.ee\/","name":"Plaadimehed","description":"Plaatimist\u00f6\u00f6deks vajalikud tarvikud ja t\u00f6\u00f6riistad","publisher":{"@id":"https:\/\/www.plaadimehed.ee\/#organization"},"potentialAction":[{"@type":"SearchAction","target":{"@type":"EntryPoint","urlTemplate":"https:\/\/www.plaadimehed.ee\/?s={search_term_string}"},"query-input":{"@type":"PropertyValueSpecification","valueRequired":true,"valueName":"search_term_string"}}],"inLanguage":"fi"},{"@type":"Organization","@id":"https:\/\/www.plaadimehed.ee\/#organization","name":"Plaadimehed","url":"https:\/\/www.plaadimehed.ee\/","logo":{"@type":"ImageObject","inLanguage":"fi","@id":"https:\/\/www.plaadimehed.ee\/#\/schema\/logo\/image\/","url":"https:\/\/www.plaadimehed.ee\/wp-content\/uploads\/2024\/05\/plaadimehed-logo.svg","contentUrl":"https:\/\/www.plaadimehed.ee\/wp-content\/uploads\/2024\/05\/plaadimehed-logo.svg","width":266,"height":72,"caption":"Plaadimehed"},"image":{"@id":"https:\/\/www.plaadimehed.ee\/#\/schema\/logo\/image\/"}}]}},"_links":{"self":[{"href":"https:\/\/www.plaadimehed.ee\/fi\/wp-json\/wp\/v2\/pages\/16923","targetHints":{"allow":["GET"]}}],"collection":[{"href":"https:\/\/www.plaadimehed.ee\/fi\/wp-json\/wp\/v2\/pages"}],"about":[{"href":"https:\/\/www.plaadimehed.ee\/fi\/wp-json\/wp\/v2\/types\/page"}],"author":[{"embeddable":true,"href":"https:\/\/www.plaadimehed.ee\/fi\/wp-json\/wp\/v2\/users\/1"}],"replies":[{"embeddable":true,"href":"https:\/\/www.plaadimehed.ee\/fi\/wp-json\/wp\/v2\/comments?post=16923"}],"version-history":[{"count":4,"href":"https:\/\/www.plaadimehed.ee\/fi\/wp-json\/wp\/v2\/pages\/16923\/revisions"}],"predecessor-version":[{"id":17396,"href":"https:\/\/www.plaadimehed.ee\/fi\/wp-json\/wp\/v2\/pages\/16923\/revisions\/17396"}],"wp:attachment":[{"href":"https:\/\/www.plaadimehed.ee\/fi\/wp-json\/wp\/v2\/media?parent=16923"}],"curies":[{"name":"wp","href":"https:\/\/api.w.org\/{rel}","templated":true}]}}