{"id":16947,"date":"2025-04-30T13:00:39","date_gmt":"2025-04-30T11:00:39","guid":{"rendered":"https:\/\/www.plaadimehed.ee\/tooriistade-rent\/"},"modified":"2026-03-31T15:46:18","modified_gmt":"2026-03-31T13:46:18","slug":"tooriistade-rent","status":"publish","type":"page","link":"https:\/\/www.plaadimehed.ee\/fi\/tooriistade-rent\/","title":{"rendered":"T\u00f6\u00f6riistade rent &#8211; FIN"},"content":{"rendered":"<div class=\"shop-header-area-container\"><div class=\"wp-block-custom-single-area-block single-block-area\"><div class=\"lazyblock-hero-block-Z2cXzo3 wp-block-lazyblock-hero-block\">\n<section class=\"hero\">\n    <div class=\"container\">\n        <div class=\"hero-slider-wrapper\">\n            <div class=\"hero-slider\">\n\n                \n                    <div class=\"slide\">\n                        <img decoding=\"async\" src=\"https:\/\/www.plaadimehed.ee\/wp-content\/uploads\/2025\/05\/IMG_8739-scaled-e1746252029334.jpg\" alt=\"\" class=\"desktop-img\">\n                        <img decoding=\"async\" src=\"https:\/\/www.plaadimehed.ee\/wp-content\/uploads\/2025\/05\/IMG_8739-1-scaled-e1746252175147.jpg\" alt=\"\" class=\"mobile-img\">\n                                                <footer>\n                                                                                    \t                              \t\t<h2>Proovi enne ostmist &#8211; rendi t\u00f6\u00f6riistad soodsalt ja proovi j\u00e4rgi!<\/h2>\n\t\t\t\t\t\t\t\t\n                                                        \t\t\t\t\t\t\t                        <\/footer>\n                        \n                    <\/div>\n\n                \n            <\/div>\n        <\/div>\n    <\/div>\n<\/section>\n<\/div><\/div><\/div><div class=\"content-wrapper wc-sidebar has-sub-header shop-or-rental\"><main id=\"primary\" class=\"site-main woocommerce-main\"><div class=\"wp-block-custom-multiple-area-block multiple-block-area\"><div class=\"lazyblock-shop-rent-terms-Z18rdVQ wp-block-lazyblock-shop-rent-terms\">\n<section class=\"shop-rent-terms\">\n\t<h2>Rendi plaatimise t\u00f6\u00f6riistad Plaadimeeste poest!<\/h2>\n\t<div><ul>\n<li><span style=\"font-weight: 400;\">Profiseadmed taskukohase hinnaga<\/span><\/li>\n<li><span style=\"font-weight: 400;\">Broneeri seadmed mugavalt e-poes<\/span><\/li>\n<li style=\"font-weight: 400;\" aria-level=\"1\"><span style=\"font-weight: 400;\">Seadmete v\u00e4ljastamine ja tagastamine toimub Plaadimeeste poes kohapeal<\/span><\/li>\n<li style=\"font-weight: 400;\" aria-level=\"1\"><span style=\"font-weight: 400;\">Rendisoodustused -5 kuni -20%. <\/span><span style=\"font-weight: 400;\">Mida pikemaks ajaks rendid, seda suurem on soodustus<\/span><\/li>\n<li style=\"font-weight: 400;\" aria-level=\"1\"><span style=\"font-weight: 400;\">Rendi perioodi sisse arvestatakse k\u00f5ik kalendrip\u00e4evad<\/span><\/li>\n<\/ul><\/div>\n<\/section>\n<\/div>\n\n<div class=\"lazyblock-shop-client-discount-6mmJD wp-block-lazyblock-shop-client-discount\">\n<section class=\"shop-client-discount shop-client-discount--no-gradient\" style=\"background-image:url('https:\/\/www.plaadimehed.ee\/wp-content\/uploads\/2025\/04\/rendisoodustus-plaadimehed-plaatimine-tooriistad-rent-muuk.jpg');--shop-client-discount-gradient: #f59a04\">\n\t<div class=\"content\">\n\t\t<h2>Mida pikemaks ajaks rendid, seda suurem on rendisoodustus<\/h2>\n\t\t\t\t<div class=\"shop-client-discount__content\">\n\t\t\t<p><span style=\"font-weight: 400;\">-5% soodustus registreeritud kasutajatele<br \/><\/span><span style=\"font-weight: 400;\">-10% soodustus 8. p\u00e4evast\u00a0<br \/><\/span><span style=\"font-weight: 400;\">-20% soodustus 31. p\u00e4evast\u00a0<\/span><\/p>\t\t<\/div>\n\t\t\t\t\t\t\t\t\t<a href=\"https:\/\/www.plaadimehed.ee\/muugi-ja-rendtitingimused\/\" class=\"btn alt\">Renditingimused<\/a>\n\t\t\t<\/div>\n<\/section>\n<\/div>\n\n<div class=\"lazyblock-shop-featured-products-EsrTW wp-block-lazyblock-shop-featured-products\">\n<section class=\"shop-featured-products\">\n\t\t<div class=\"shop-featured-products__header\">\n\t\t<h2>Renditoodete TOP<\/h2>\n\t\t\t\t\t<a href=\"https:\/\/www.plaadimehed.ee\/product-category\/tooriistade-rent\/?orderby=popularity\" class=\"shop-featured-products__link\">Vaata k\u00f5iki<\/a>\n\t\t\t<\/div>\n\t\t\t<div class=\"woocommerce columns-3 \"><ul class=\"products columns-3\">\n<li class=\"product type-product post-6939 status-publish first instock product_cat-tooriistade-rent product_cat-valisnurkade-tootlus has-post-thumbnail taxable shipping-taxable purchasable product-type-simple\">\n\t<a href=\"https:\/\/www.plaadimehed.ee\/fi\/product\/bihui-plaatide-servade-45o-tootlus-seade-jolly-cutting-system-rent\/\" class=\"woocommerce-LoopProduct-link woocommerce-loop-product__link\"><span class=\"product-inner\"><span class=\"product-list-thumb-wrapper\"><img loading=\"lazy\" decoding=\"async\" width=\"400\" height=\"400\" src=\"https:\/\/www.plaadimehed.ee\/wp-content\/uploads\/2022\/10\/bihui-jollly-2-400x400.png\" class=\"attachment-woocommerce_thumbnail size-woocommerce_thumbnail\" alt=\"BIHUI\u00ae Plaatide servade 45\u00ba t\u00f6\u00f6tlus seade Jolly RENT\" srcset=\"https:\/\/www.plaadimehed.ee\/wp-content\/uploads\/2022\/10\/bihui-jollly-2-400x400.png 400w, https:\/\/www.plaadimehed.ee\/wp-content\/uploads\/2022\/10\/bihui-jollly-2-150x150.png 150w, https:\/\/www.plaadimehed.ee\/wp-content\/uploads\/2022\/10\/bihui-jollly-2-100x100.png 100w\" sizes=\"auto, (max-width: 400px) 100vw, 400px\" \/><\/span><h2 class=\"woocommerce-loop-product__title\">BIHUI\u00ae Plaatide servade 45\u00ba t\u00f6\u00f6tlus seade Jolly RENT<\/h2><span class=\"rental-price-point period\">&euro;17 \/ p\u00e4ev<\/span><span class=\"gtm4wp_productdata\" style=\"display:none; visibility:hidden;\" data-gtm4wp_product_data=\"{&quot;internal_id&quot;:6939,&quot;item_id&quot;:6939,&quot;item_name&quot;:&quot;BIHUI\\u00ae Plaatide servade 45\\u00ba t\\u00f6\\u00f6tlus seade Jolly RENT&quot;,&quot;sku&quot;:&quot;LFMBF-Rent&quot;,&quot;price&quot;:17,&quot;stocklevel&quot;:9223372036854775807,&quot;stockstatus&quot;:&quot;instock&quot;,&quot;google_business_vertical&quot;:&quot;retail&quot;,&quot;item_category&quot;:&quot;T\\u00f6\\u00f6riistade rent&quot;,&quot;id&quot;:6939,&quot;productlink&quot;:&quot;https:\\\/\\\/www.plaadimehed.ee\\\/fi\\\/product\\\/bihui-plaatide-servade-45o-tootlus-seade-jolly-cutting-system-rent\\\/&quot;,&quot;item_list_name&quot;:&quot;General Product List&quot;,&quot;index&quot;:1,&quot;product_type&quot;:&quot;simple&quot;,&quot;item_brand&quot;:&quot;&quot;}\"><\/span><span class=\"footer\">\n    <span class=\"price rental-price\">RENDI T\u00d6\u00d6RIIST MEILT<\/span>\n<span class=\"next\"><img decoding=\"async\" src=\"https:\/\/www.plaadimehed.ee\/wp-content\/themes\/plaadimehed\/img\/p-arrow.svg\" alt=\"Plaadimehed \u2013 plaatimine, t\u00f6\u00f6riistade m\u00fc\u00fck ja rent\"><\/span><\/span><\/span><\/a><\/li>\n<li class=\"product type-product post-7262 status-publish instock product_cat-elektrilised-plaadiloikurid product_cat-juhtsiiniga-plaadiloikurid product_cat-tooriistade-rent has-post-thumbnail taxable shipping-taxable purchasable product-type-simple\">\n\t<a href=\"https:\/\/www.plaadimehed.ee\/fi\/product\/bihui-elektriline-plaadiloikur-siinidel-320-cm-rent\/\" class=\"woocommerce-LoopProduct-link woocommerce-loop-product__link\"><span class=\"product-inner\"><span class=\"product-list-thumb-wrapper\"><img loading=\"lazy\" decoding=\"async\" width=\"400\" height=\"400\" src=\"https:\/\/www.plaadimehed.ee\/wp-content\/uploads\/2022\/12\/siinidel-elekt-uus-400x400.jpg\" class=\"attachment-woocommerce_thumbnail size-woocommerce_thumbnail\" alt=\"BIHUI Elektriline plaadil\u00f5ikur siinidel 320 cm\" srcset=\"https:\/\/www.plaadimehed.ee\/wp-content\/uploads\/2022\/12\/siinidel-elekt-uus-400x400.jpg 400w, https:\/\/www.plaadimehed.ee\/wp-content\/uploads\/2022\/12\/siinidel-elekt-uus-300x300.jpg 300w, https:\/\/www.plaadimehed.ee\/wp-content\/uploads\/2022\/12\/siinidel-elekt-uus-150x150.jpg 150w, https:\/\/www.plaadimehed.ee\/wp-content\/uploads\/2022\/12\/siinidel-elekt-uus-768x768.jpg 768w, https:\/\/www.plaadimehed.ee\/wp-content\/uploads\/2022\/12\/siinidel-elekt-uus-600x600.jpg 600w, https:\/\/www.plaadimehed.ee\/wp-content\/uploads\/2022\/12\/siinidel-elekt-uus-100x100.jpg 100w, https:\/\/www.plaadimehed.ee\/wp-content\/uploads\/2022\/12\/siinidel-elekt-uus.jpg 1000w\" sizes=\"auto, (max-width: 400px) 100vw, 400px\" \/><\/span><h2 class=\"woocommerce-loop-product__title\">BIHUI\u00ae Elektriline plaadil\u00f5ikur siinidel 320 cm RENT<\/h2><span class=\"rental-price-point period\">&euro;22 \/ p\u00e4ev<\/span><span class=\"gtm4wp_productdata\" style=\"display:none; visibility:hidden;\" data-gtm4wp_product_data=\"{&quot;internal_id&quot;:7262,&quot;item_id&quot;:7262,&quot;item_name&quot;:&quot;BIHUI\\u00ae Elektriline plaadil\\u00f5ikur siinidel 320 cm RENT&quot;,&quot;sku&quot;:&quot;LFECMR-NEW-Rent&quot;,&quot;price&quot;:22,&quot;stocklevel&quot;:9223372036854775807,&quot;stockstatus&quot;:&quot;instock&quot;,&quot;google_business_vertical&quot;:&quot;retail&quot;,&quot;item_category&quot;:&quot;Elektrilised plaadil\\u00f5ikurid&quot;,&quot;id&quot;:7262,&quot;productlink&quot;:&quot;https:\\\/\\\/www.plaadimehed.ee\\\/fi\\\/product\\\/bihui-elektriline-plaadiloikur-siinidel-320-cm-rent\\\/&quot;,&quot;item_list_name&quot;:&quot;General Product List&quot;,&quot;index&quot;:2,&quot;product_type&quot;:&quot;simple&quot;,&quot;item_brand&quot;:&quot;&quot;}\"><\/span><span class=\"footer\">\n    <span class=\"price rental-price\">RENDI T\u00d6\u00d6RIIST MEILT<\/span>\n<span class=\"next\"><img decoding=\"async\" src=\"https:\/\/www.plaadimehed.ee\/wp-content\/themes\/plaadimehed\/img\/p-arrow.svg\" alt=\"Plaadimehed \u2013 plaatimine, t\u00f6\u00f6riistade m\u00fc\u00fck ja rent\"><\/span><\/span><\/span><\/a><\/li>\n<li class=\"product type-product post-7512 status-publish last instock product_cat-mehaanilised-plaadiloikurid product_cat-tooriistade-rent has-post-thumbnail taxable shipping-taxable purchasable product-type-simple\">\n\t<a href=\"https:\/\/www.plaadimehed.ee\/fi\/product\/montolit-plaadiloikur-masterpiuma-power5-131-cm-rent\/\" class=\"woocommerce-LoopProduct-link woocommerce-loop-product__link\"><span class=\"product-inner\"><span class=\"product-list-thumb-wrapper\"><img loading=\"lazy\" decoding=\"async\" width=\"400\" height=\"400\" src=\"https:\/\/www.plaadimehed.ee\/wp-content\/uploads\/2022\/05\/MONTOLIT-Plaadiloikur-Masterpiuma-POWER5-131-cm-plaadimehed-plaatimine-tooriistad-muuk-rent-400x400.jpg\" class=\"attachment-woocommerce_thumbnail size-woocommerce_thumbnail\" alt=\"MONTOLIT Plaadil\u00f5ikur Masterpiuma POWER5 131 cm. Plaadimehed - koolitused, plaatimine, t\u00f6\u00f6riistad rent ja m\u00fc\u00fck\" srcset=\"https:\/\/www.plaadimehed.ee\/wp-content\/uploads\/2022\/05\/MONTOLIT-Plaadiloikur-Masterpiuma-POWER5-131-cm-plaadimehed-plaatimine-tooriistad-muuk-rent-400x400.jpg 400w, https:\/\/www.plaadimehed.ee\/wp-content\/uploads\/2022\/05\/MONTOLIT-Plaadiloikur-Masterpiuma-POWER5-131-cm-plaadimehed-plaatimine-tooriistad-muuk-rent-150x150.jpg 150w, https:\/\/www.plaadimehed.ee\/wp-content\/uploads\/2022\/05\/MONTOLIT-Plaadiloikur-Masterpiuma-POWER5-131-cm-plaadimehed-plaatimine-tooriistad-muuk-rent-100x100.jpg 100w\" sizes=\"auto, (max-width: 400px) 100vw, 400px\" \/><\/span><h2 class=\"woocommerce-loop-product__title\">MONTOLIT\u00ae Plaadil\u00f5ikur Masterpiuma POWER5 131 cm RENT<\/h2><span class=\"rental-price-point period\">&euro;12 \/ p\u00e4ev<\/span><span class=\"gtm4wp_productdata\" style=\"display:none; visibility:hidden;\" data-gtm4wp_product_data=\"{&quot;internal_id&quot;:7512,&quot;item_id&quot;:7512,&quot;item_name&quot;:&quot;MONTOLIT\\u00ae Plaadil\\u00f5ikur Masterpiuma POWER5 131 cm RENT&quot;,&quot;sku&quot;:7512,&quot;price&quot;:12,&quot;stocklevel&quot;:9223372036854775807,&quot;stockstatus&quot;:&quot;instock&quot;,&quot;google_business_vertical&quot;:&quot;retail&quot;,&quot;item_category&quot;:&quot;T\\u00f6\\u00f6riistade rent&quot;,&quot;id&quot;:7512,&quot;productlink&quot;:&quot;https:\\\/\\\/www.plaadimehed.ee\\\/fi\\\/product\\\/montolit-plaadiloikur-masterpiuma-power5-131-cm-rent\\\/&quot;,&quot;item_list_name&quot;:&quot;General Product List&quot;,&quot;index&quot;:3,&quot;product_type&quot;:&quot;simple&quot;,&quot;item_brand&quot;:&quot;&quot;}\"><\/span><span class=\"footer\">\n    <span class=\"price rental-price\">RENDI T\u00d6\u00d6RIIST MEILT<\/span>\n<span class=\"next\"><img decoding=\"async\" src=\"https:\/\/www.plaadimehed.ee\/wp-content\/themes\/plaadimehed\/img\/p-arrow.svg\" alt=\"Plaadimehed \u2013 plaatimine, t\u00f6\u00f6riistade m\u00fc\u00fck ja rent\"><\/span><\/span><\/span><\/a><\/li>\n<\/ul>\n<\/div><\/section>\n<\/div>\n\n<div class=\"lazyblock-shop-blog-posts-Z5hdXH wp-block-lazyblock-shop-blog-posts\">\n\t<section class=\"shop-blog-posts\">\n\t\t\t\t\t\t\t<h2 class=\"section-title\">Blogi postitused<\/h2>\n\t\t\t\t<div class=\"post-list-wrapper\">\n\t\t\t\t\t<\/div>\n\t\t\t<\/section>\n<\/div><\/div><\/main>","protected":false},"excerpt":{"rendered":"","protected":false},"author":1,"featured_media":0,"parent":0,"menu_order":0,"comment_status":"closed","ping_status":"closed","template":"new-shop-template.php","meta":{"_acf_changed":false,"footnotes":""},"class_list":["post-16947","page","type-page","status-publish","hentry"],"acf":[],"yoast_head":"<!-- This site is optimized with the Yoast SEO plugin v27.0 - https:\/\/yoast.com\/product\/yoast-seo-wordpress\/ -->\n<title>T\u00f6\u00f6riistade rent - FIN - Plaadimehed<\/title>\n<meta name=\"robots\" content=\"index, follow, max-snippet:-1, max-image-preview:large, max-video-preview:-1\" \/>\n<link rel=\"canonical\" href=\"https:\/\/www.plaadimehed.ee\/fi\/tooriistade-rent\/\" \/>\n<meta property=\"og:locale\" content=\"fi_FI\" \/>\n<meta property=\"og:type\" content=\"article\" \/>\n<meta property=\"og:title\" content=\"T\u00f6\u00f6riistade rent - FIN - Plaadimehed\" \/>\n<meta property=\"og:url\" content=\"https:\/\/www.plaadimehed.ee\/fi\/tooriistade-rent\/\" \/>\n<meta property=\"og:site_name\" content=\"Plaadimehed\" \/>\n<meta property=\"article:modified_time\" content=\"2026-03-31T13:46:18+00:00\" \/>\n<meta name=\"twitter:card\" content=\"summary_large_image\" \/>\n<script type=\"application\/ld+json\" class=\"yoast-schema-graph\">{\"@context\":\"https:\/\/schema.org\",\"@graph\":[{\"@type\":\"WebPage\",\"@id\":\"https:\/\/www.plaadimehed.ee\/fi\/tooriistade-rent\/\",\"url\":\"https:\/\/www.plaadimehed.ee\/fi\/tooriistade-rent\/\",\"name\":\"T\u00f6\u00f6riistade rent - FIN - Plaadimehed\",\"isPartOf\":{\"@id\":\"https:\/\/www.plaadimehed.ee\/#website\"},\"datePublished\":\"2025-04-30T11:00:39+00:00\",\"dateModified\":\"2026-03-31T13:46:18+00:00\",\"breadcrumb\":{\"@id\":\"https:\/\/www.plaadimehed.ee\/fi\/tooriistade-rent\/#breadcrumb\"},\"inLanguage\":\"fi\",\"potentialAction\":[{\"@type\":\"ReadAction\",\"target\":[\"https:\/\/www.plaadimehed.ee\/fi\/tooriistade-rent\/\"]}]},{\"@type\":\"BreadcrumbList\",\"@id\":\"https:\/\/www.plaadimehed.ee\/fi\/tooriistade-rent\/#breadcrumb\",\"itemListElement\":[{\"@type\":\"ListItem\",\"position\":1,\"name\":\"Home\",\"item\":\"https:\/\/www.plaadimehed.ee\/fi\/\"},{\"@type\":\"ListItem\",\"position\":2,\"name\":\"T\u00f6\u00f6riistade rent &#8211; FIN\"}]},{\"@type\":\"WebSite\",\"@id\":\"https:\/\/www.plaadimehed.ee\/#website\",\"url\":\"https:\/\/www.plaadimehed.ee\/\",\"name\":\"Plaadimehed\",\"description\":\"Plaatimist\u00f6\u00f6deks vajalikud tarvikud ja t\u00f6\u00f6riistad\",\"publisher\":{\"@id\":\"https:\/\/www.plaadimehed.ee\/#organization\"},\"potentialAction\":[{\"@type\":\"SearchAction\",\"target\":{\"@type\":\"EntryPoint\",\"urlTemplate\":\"https:\/\/www.plaadimehed.ee\/?s={search_term_string}\"},\"query-input\":{\"@type\":\"PropertyValueSpecification\",\"valueRequired\":true,\"valueName\":\"search_term_string\"}}],\"inLanguage\":\"fi\"},{\"@type\":\"Organization\",\"@id\":\"https:\/\/www.plaadimehed.ee\/#organization\",\"name\":\"Plaadimehed\",\"url\":\"https:\/\/www.plaadimehed.ee\/\",\"logo\":{\"@type\":\"ImageObject\",\"inLanguage\":\"fi\",\"@id\":\"https:\/\/www.plaadimehed.ee\/#\/schema\/logo\/image\/\",\"url\":\"https:\/\/www.plaadimehed.ee\/wp-content\/uploads\/2024\/05\/plaadimehed-logo.svg\",\"contentUrl\":\"https:\/\/www.plaadimehed.ee\/wp-content\/uploads\/2024\/05\/plaadimehed-logo.svg\",\"width\":266,\"height\":72,\"caption\":\"Plaadimehed\"},\"image\":{\"@id\":\"https:\/\/www.plaadimehed.ee\/#\/schema\/logo\/image\/\"}}]}<\/script>\n<!-- \/ Yoast SEO plugin. -->","yoast_head_json":{"title":"T\u00f6\u00f6riistade rent - FIN - Plaadimehed","robots":{"index":"index","follow":"follow","max-snippet":"max-snippet:-1","max-image-preview":"max-image-preview:large","max-video-preview":"max-video-preview:-1"},"canonical":"https:\/\/www.plaadimehed.ee\/fi\/tooriistade-rent\/","og_locale":"fi_FI","og_type":"article","og_title":"T\u00f6\u00f6riistade rent - FIN - Plaadimehed","og_url":"https:\/\/www.plaadimehed.ee\/fi\/tooriistade-rent\/","og_site_name":"Plaadimehed","article_modified_time":"2026-03-31T13:46:18+00:00","twitter_card":"summary_large_image","schema":{"@context":"https:\/\/schema.org","@graph":[{"@type":"WebPage","@id":"https:\/\/www.plaadimehed.ee\/fi\/tooriistade-rent\/","url":"https:\/\/www.plaadimehed.ee\/fi\/tooriistade-rent\/","name":"T\u00f6\u00f6riistade rent - FIN - Plaadimehed","isPartOf":{"@id":"https:\/\/www.plaadimehed.ee\/#website"},"datePublished":"2025-04-30T11:00:39+00:00","dateModified":"2026-03-31T13:46:18+00:00","breadcrumb":{"@id":"https:\/\/www.plaadimehed.ee\/fi\/tooriistade-rent\/#breadcrumb"},"inLanguage":"fi","potentialAction":[{"@type":"ReadAction","target":["https:\/\/www.plaadimehed.ee\/fi\/tooriistade-rent\/"]}]},{"@type":"BreadcrumbList","@id":"https:\/\/www.plaadimehed.ee\/fi\/tooriistade-rent\/#breadcrumb","itemListElement":[{"@type":"ListItem","position":1,"name":"Home","item":"https:\/\/www.plaadimehed.ee\/fi\/"},{"@type":"ListItem","position":2,"name":"T\u00f6\u00f6riistade rent &#8211; FIN"}]},{"@type":"WebSite","@id":"https:\/\/www.plaadimehed.ee\/#website","url":"https:\/\/www.plaadimehed.ee\/","name":"Plaadimehed","description":"Plaatimist\u00f6\u00f6deks vajalikud tarvikud ja t\u00f6\u00f6riistad","publisher":{"@id":"https:\/\/www.plaadimehed.ee\/#organization"},"potentialAction":[{"@type":"SearchAction","target":{"@type":"EntryPoint","urlTemplate":"https:\/\/www.plaadimehed.ee\/?s={search_term_string}"},"query-input":{"@type":"PropertyValueSpecification","valueRequired":true,"valueName":"search_term_string"}}],"inLanguage":"fi"},{"@type":"Organization","@id":"https:\/\/www.plaadimehed.ee\/#organization","name":"Plaadimehed","url":"https:\/\/www.plaadimehed.ee\/","logo":{"@type":"ImageObject","inLanguage":"fi","@id":"https:\/\/www.plaadimehed.ee\/#\/schema\/logo\/image\/","url":"https:\/\/www.plaadimehed.ee\/wp-content\/uploads\/2024\/05\/plaadimehed-logo.svg","contentUrl":"https:\/\/www.plaadimehed.ee\/wp-content\/uploads\/2024\/05\/plaadimehed-logo.svg","width":266,"height":72,"caption":"Plaadimehed"},"image":{"@id":"https:\/\/www.plaadimehed.ee\/#\/schema\/logo\/image\/"}}]}},"_links":{"self":[{"href":"https:\/\/www.plaadimehed.ee\/fi\/wp-json\/wp\/v2\/pages\/16947","targetHints":{"allow":["GET"]}}],"collection":[{"href":"https:\/\/www.plaadimehed.ee\/fi\/wp-json\/wp\/v2\/pages"}],"about":[{"href":"https:\/\/www.plaadimehed.ee\/fi\/wp-json\/wp\/v2\/types\/page"}],"author":[{"embeddable":true,"href":"https:\/\/www.plaadimehed.ee\/fi\/wp-json\/wp\/v2\/users\/1"}],"replies":[{"embeddable":true,"href":"https:\/\/www.plaadimehed.ee\/fi\/wp-json\/wp\/v2\/comments?post=16947"}],"version-history":[{"count":2,"href":"https:\/\/www.plaadimehed.ee\/fi\/wp-json\/wp\/v2\/pages\/16947\/revisions"}],"predecessor-version":[{"id":18537,"href":"https:\/\/www.plaadimehed.ee\/fi\/wp-json\/wp\/v2\/pages\/16947\/revisions\/18537"}],"wp:attachment":[{"href":"https:\/\/www.plaadimehed.ee\/fi\/wp-json\/wp\/v2\/media?parent=16947"}],"curies":[{"name":"wp","href":"https:\/\/api.w.org\/{rel}","templated":true}]}}