{"id":10039,"date":"2023-09-27T08:13:54","date_gmt":"2023-09-27T06:13:54","guid":{"rendered":"https:\/\/www.plaadimehed.ee\/?post_type=product&#038;p=10039"},"modified":"2023-09-27T08:24:06","modified_gmt":"2023-09-27T06:24:06","slug":"dovaro-plaadirist-multi-05-3-mm","status":"publish","type":"product","link":"https:\/\/www.plaadimehed.ee\/fi\/product\/dovaro-plaadirist-multi-05-3-mm\/","title":{"rendered":"Dovaro\u00ae Plaadirist multi 0,5-3 mm"},"content":{"rendered":"<p>\u25cf Plaadirist erineva laiusega vuugi tegemiseks ( 0.5mm, 1mm, 1.5mm, 2.0mm ja 3mm )<br \/>\n\u25cf Pakendis 200 tk<\/p>\n<p>&nbsp;<\/p>\n<p>&nbsp;<\/p>\n","protected":false},"excerpt":{"rendered":"<p>Plaadirist, mille k\u00f5ik viis k\u00fclge on erineva paksusega. Sama risti saab kasutada viie erineva laiusega vuugi tegemiseks ( 0.5mm, 1mm, 1.5mm, 2mm ja 3mm ). Toode on korduvkasutatav.<\/p>\n","protected":false},"featured_media":10040,"template":"","meta":{"_acf_changed":false},"product_brand":[165],"product_cat":[48,37],"product_tag":[],"class_list":{"0":"post-10039","1":"product","2":"type-product","3":"status-publish","4":"has-post-thumbnail","6":"product_brand-dovaro","7":"product_cat-ristid-kiilud-noorid","8":"product_cat-muu","10":"first","11":"instock","12":"taxable","13":"shipping-taxable","14":"purchasable","15":"product-type-simple"},"acf":[],"yoast_head":"<!-- This site is optimized with the Yoast SEO plugin v27.0 - https:\/\/yoast.com\/product\/yoast-seo-wordpress\/ -->\n<title>Dovaro\u00ae Plaadirist multi 0,5-3 mm - Plaadimehed<\/title>\n<meta name=\"robots\" content=\"index, follow, max-snippet:-1, max-image-preview:large, max-video-preview:-1\" \/>\n<link rel=\"canonical\" href=\"https:\/\/www.plaadimehed.ee\/product\/dovaro-plaadirist-multi-05-3-mm\/\" \/>\n<meta property=\"og:locale\" content=\"fi_FI\" \/>\n<meta property=\"og:type\" content=\"article\" \/>\n<meta property=\"og:title\" content=\"Dovaro\u00ae Plaadirist multi 0,5-3 mm - Plaadimehed\" \/>\n<meta property=\"og:description\" content=\"Plaadirist, mille k\u00f5ik viis k\u00fclge on erineva paksusega. Sama risti saab kasutada viie erineva laiusega vuugi tegemiseks ( 0.5mm, 1mm, 1.5mm, 2mm ja 3mm ). Toode on korduvkasutatav.\" \/>\n<meta property=\"og:url\" content=\"https:\/\/www.plaadimehed.ee\/product\/dovaro-plaadirist-multi-05-3-mm\/\" \/>\n<meta property=\"og:site_name\" content=\"Plaadimehed\" \/>\n<meta property=\"article:modified_time\" content=\"2023-09-27T06:24:06+00:00\" \/>\n<meta property=\"og:image\" content=\"https:\/\/www.plaadimehed.ee\/wp-content\/uploads\/2023\/09\/dovaro-multirist-main.jpg\" \/>\n\t<meta property=\"og:image:width\" content=\"1291\" \/>\n\t<meta property=\"og:image:height\" content=\"1287\" \/>\n\t<meta property=\"og:image:type\" content=\"image\/jpeg\" \/>\n<meta name=\"twitter:card\" content=\"summary_large_image\" \/>\n<script type=\"application\/ld+json\" class=\"yoast-schema-graph\">{\"@context\":\"https:\/\/schema.org\",\"@graph\":[{\"@type\":\"WebPage\",\"@id\":\"https:\/\/www.plaadimehed.ee\/product\/dovaro-plaadirist-multi-05-3-mm\/\",\"url\":\"https:\/\/www.plaadimehed.ee\/product\/dovaro-plaadirist-multi-05-3-mm\/\",\"name\":\"Dovaro\u00ae Plaadirist multi 0,5-3 mm - Plaadimehed\",\"isPartOf\":{\"@id\":\"https:\/\/www.plaadimehed.ee\/#website\"},\"primaryImageOfPage\":{\"@id\":\"https:\/\/www.plaadimehed.ee\/product\/dovaro-plaadirist-multi-05-3-mm\/#primaryimage\"},\"image\":{\"@id\":\"https:\/\/www.plaadimehed.ee\/product\/dovaro-plaadirist-multi-05-3-mm\/#primaryimage\"},\"thumbnailUrl\":\"https:\/\/www.plaadimehed.ee\/wp-content\/uploads\/2023\/09\/dovaro-multirist-main.jpg\",\"datePublished\":\"2023-09-27T06:13:54+00:00\",\"dateModified\":\"2023-09-27T06:24:06+00:00\",\"breadcrumb\":{\"@id\":\"https:\/\/www.plaadimehed.ee\/product\/dovaro-plaadirist-multi-05-3-mm\/#breadcrumb\"},\"inLanguage\":\"fi\",\"potentialAction\":[{\"@type\":\"ReadAction\",\"target\":[\"https:\/\/www.plaadimehed.ee\/product\/dovaro-plaadirist-multi-05-3-mm\/\"]}]},{\"@type\":\"ImageObject\",\"inLanguage\":\"fi\",\"@id\":\"https:\/\/www.plaadimehed.ee\/product\/dovaro-plaadirist-multi-05-3-mm\/#primaryimage\",\"url\":\"https:\/\/www.plaadimehed.ee\/wp-content\/uploads\/2023\/09\/dovaro-multirist-main.jpg\",\"contentUrl\":\"https:\/\/www.plaadimehed.ee\/wp-content\/uploads\/2023\/09\/dovaro-multirist-main.jpg\",\"width\":1291,\"height\":1287},{\"@type\":\"BreadcrumbList\",\"@id\":\"https:\/\/www.plaadimehed.ee\/product\/dovaro-plaadirist-multi-05-3-mm\/#breadcrumb\",\"itemListElement\":[{\"@type\":\"ListItem\",\"position\":1,\"name\":\"Home\",\"item\":\"https:\/\/www.plaadimehed.ee\/fi\/\"},{\"@type\":\"ListItem\",\"position\":2,\"name\":\"Verkkokauppa\",\"item\":\"https:\/\/www.plaadimehed.ee\/fi\/shop\/\"},{\"@type\":\"ListItem\",\"position\":3,\"name\":\"Dovaro\u00ae Plaadirist multi 0,5-3 mm\"}]},{\"@type\":\"WebSite\",\"@id\":\"https:\/\/www.plaadimehed.ee\/#website\",\"url\":\"https:\/\/www.plaadimehed.ee\/\",\"name\":\"Plaadimehed\",\"description\":\"Plaatimist\u00f6\u00f6deks vajalikud tarvikud ja t\u00f6\u00f6riistad\",\"publisher\":{\"@id\":\"https:\/\/www.plaadimehed.ee\/#organization\"},\"potentialAction\":[{\"@type\":\"SearchAction\",\"target\":{\"@type\":\"EntryPoint\",\"urlTemplate\":\"https:\/\/www.plaadimehed.ee\/?s={search_term_string}\"},\"query-input\":{\"@type\":\"PropertyValueSpecification\",\"valueRequired\":true,\"valueName\":\"search_term_string\"}}],\"inLanguage\":\"fi\"},{\"@type\":\"Organization\",\"@id\":\"https:\/\/www.plaadimehed.ee\/#organization\",\"name\":\"Plaadimehed\",\"url\":\"https:\/\/www.plaadimehed.ee\/\",\"logo\":{\"@type\":\"ImageObject\",\"inLanguage\":\"fi\",\"@id\":\"https:\/\/www.plaadimehed.ee\/#\/schema\/logo\/image\/\",\"url\":\"https:\/\/www.plaadimehed.ee\/wp-content\/uploads\/2024\/05\/plaadimehed-logo.svg\",\"contentUrl\":\"https:\/\/www.plaadimehed.ee\/wp-content\/uploads\/2024\/05\/plaadimehed-logo.svg\",\"width\":266,\"height\":72,\"caption\":\"Plaadimehed\"},\"image\":{\"@id\":\"https:\/\/www.plaadimehed.ee\/#\/schema\/logo\/image\/\"}}]}<\/script>\n<!-- \/ Yoast SEO plugin. -->","yoast_head_json":{"title":"Dovaro\u00ae Plaadirist multi 0,5-3 mm - Plaadimehed","robots":{"index":"index","follow":"follow","max-snippet":"max-snippet:-1","max-image-preview":"max-image-preview:large","max-video-preview":"max-video-preview:-1"},"canonical":"https:\/\/www.plaadimehed.ee\/product\/dovaro-plaadirist-multi-05-3-mm\/","og_locale":"fi_FI","og_type":"article","og_title":"Dovaro\u00ae Plaadirist multi 0,5-3 mm - Plaadimehed","og_description":"Plaadirist, mille k\u00f5ik viis k\u00fclge on erineva paksusega. Sama risti saab kasutada viie erineva laiusega vuugi tegemiseks ( 0.5mm, 1mm, 1.5mm, 2mm ja 3mm ). Toode on korduvkasutatav.","og_url":"https:\/\/www.plaadimehed.ee\/product\/dovaro-plaadirist-multi-05-3-mm\/","og_site_name":"Plaadimehed","article_modified_time":"2023-09-27T06:24:06+00:00","og_image":[{"width":1291,"height":1287,"url":"https:\/\/www.plaadimehed.ee\/wp-content\/uploads\/2023\/09\/dovaro-multirist-main.jpg","type":"image\/jpeg"}],"twitter_card":"summary_large_image","schema":{"@context":"https:\/\/schema.org","@graph":[{"@type":"WebPage","@id":"https:\/\/www.plaadimehed.ee\/product\/dovaro-plaadirist-multi-05-3-mm\/","url":"https:\/\/www.plaadimehed.ee\/product\/dovaro-plaadirist-multi-05-3-mm\/","name":"Dovaro\u00ae Plaadirist multi 0,5-3 mm - Plaadimehed","isPartOf":{"@id":"https:\/\/www.plaadimehed.ee\/#website"},"primaryImageOfPage":{"@id":"https:\/\/www.plaadimehed.ee\/product\/dovaro-plaadirist-multi-05-3-mm\/#primaryimage"},"image":{"@id":"https:\/\/www.plaadimehed.ee\/product\/dovaro-plaadirist-multi-05-3-mm\/#primaryimage"},"thumbnailUrl":"https:\/\/www.plaadimehed.ee\/wp-content\/uploads\/2023\/09\/dovaro-multirist-main.jpg","datePublished":"2023-09-27T06:13:54+00:00","dateModified":"2023-09-27T06:24:06+00:00","breadcrumb":{"@id":"https:\/\/www.plaadimehed.ee\/product\/dovaro-plaadirist-multi-05-3-mm\/#breadcrumb"},"inLanguage":"fi","potentialAction":[{"@type":"ReadAction","target":["https:\/\/www.plaadimehed.ee\/product\/dovaro-plaadirist-multi-05-3-mm\/"]}]},{"@type":"ImageObject","inLanguage":"fi","@id":"https:\/\/www.plaadimehed.ee\/product\/dovaro-plaadirist-multi-05-3-mm\/#primaryimage","url":"https:\/\/www.plaadimehed.ee\/wp-content\/uploads\/2023\/09\/dovaro-multirist-main.jpg","contentUrl":"https:\/\/www.plaadimehed.ee\/wp-content\/uploads\/2023\/09\/dovaro-multirist-main.jpg","width":1291,"height":1287},{"@type":"BreadcrumbList","@id":"https:\/\/www.plaadimehed.ee\/product\/dovaro-plaadirist-multi-05-3-mm\/#breadcrumb","itemListElement":[{"@type":"ListItem","position":1,"name":"Home","item":"https:\/\/www.plaadimehed.ee\/fi\/"},{"@type":"ListItem","position":2,"name":"Verkkokauppa","item":"https:\/\/www.plaadimehed.ee\/fi\/shop\/"},{"@type":"ListItem","position":3,"name":"Dovaro\u00ae Plaadirist multi 0,5-3 mm"}]},{"@type":"WebSite","@id":"https:\/\/www.plaadimehed.ee\/#website","url":"https:\/\/www.plaadimehed.ee\/","name":"Plaadimehed","description":"Plaatimist\u00f6\u00f6deks vajalikud tarvikud ja t\u00f6\u00f6riistad","publisher":{"@id":"https:\/\/www.plaadimehed.ee\/#organization"},"potentialAction":[{"@type":"SearchAction","target":{"@type":"EntryPoint","urlTemplate":"https:\/\/www.plaadimehed.ee\/?s={search_term_string}"},"query-input":{"@type":"PropertyValueSpecification","valueRequired":true,"valueName":"search_term_string"}}],"inLanguage":"fi"},{"@type":"Organization","@id":"https:\/\/www.plaadimehed.ee\/#organization","name":"Plaadimehed","url":"https:\/\/www.plaadimehed.ee\/","logo":{"@type":"ImageObject","inLanguage":"fi","@id":"https:\/\/www.plaadimehed.ee\/#\/schema\/logo\/image\/","url":"https:\/\/www.plaadimehed.ee\/wp-content\/uploads\/2024\/05\/plaadimehed-logo.svg","contentUrl":"https:\/\/www.plaadimehed.ee\/wp-content\/uploads\/2024\/05\/plaadimehed-logo.svg","width":266,"height":72,"caption":"Plaadimehed"},"image":{"@id":"https:\/\/www.plaadimehed.ee\/#\/schema\/logo\/image\/"}}]}},"_links":{"self":[{"href":"https:\/\/www.plaadimehed.ee\/fi\/wp-json\/wp\/v2\/product\/10039","targetHints":{"allow":["GET"]}}],"collection":[{"href":"https:\/\/www.plaadimehed.ee\/fi\/wp-json\/wp\/v2\/product"}],"about":[{"href":"https:\/\/www.plaadimehed.ee\/fi\/wp-json\/wp\/v2\/types\/product"}],"wp:featuredmedia":[{"embeddable":true,"href":"https:\/\/www.plaadimehed.ee\/fi\/wp-json\/wp\/v2\/media\/10040"}],"wp:attachment":[{"href":"https:\/\/www.plaadimehed.ee\/fi\/wp-json\/wp\/v2\/media?parent=10039"}],"wp:term":[{"taxonomy":"product_brand","embeddable":true,"href":"https:\/\/www.plaadimehed.ee\/fi\/wp-json\/wp\/v2\/product_brand?post=10039"},{"taxonomy":"product_cat","embeddable":true,"href":"https:\/\/www.plaadimehed.ee\/fi\/wp-json\/wp\/v2\/product_cat?post=10039"},{"taxonomy":"product_tag","embeddable":true,"href":"https:\/\/www.plaadimehed.ee\/fi\/wp-json\/wp\/v2\/product_tag?post=10039"}],"curies":[{"name":"wp","href":"https:\/\/api.w.org\/{rel}","templated":true}]}}