{"id":10185,"date":"2023-10-04T08:32:54","date_gmt":"2023-10-04T06:32:54","guid":{"rendered":"https:\/\/www.plaadimehed.ee\/?post_type=product&#038;p=10185"},"modified":"2023-10-04T08:41:38","modified_gmt":"2023-10-04T06:41:38","slug":"dovaro-iminapp-plastica-o-115-cm","status":"publish","type":"product","link":"https:\/\/www.plaadimehed.ee\/fi\/product\/dovaro-iminapp-plastica-o-115-cm\/","title":{"rendered":"Dovaro\u00ae Iminapp PLASTICA \u00d8 11,5 cm"},"content":{"rendered":"<p>\u25cf Plaatide t\u00f5stmiseks\/paigaldamiseks<br \/>\n\u25cf T\u00f5stej\u00f5ud 50 kg<br \/>\n\u25cf Sobib kasutamiseks kareda ja sildapinnaliste materjalide t\u00f5stmiseks<br \/>\n\u25cf Lihtne kasutada<\/p>\n<p>&nbsp;<\/p>\n<p>&nbsp;<\/p>\n","protected":false},"excerpt":{"rendered":"<p>Iminapp plaatide t\u00f5stmise ja paigalduse jaoks<\/p>\n","protected":false},"featured_media":10189,"template":"","meta":{"_acf_changed":false},"product_brand":[165],"product_cat":[30,35],"product_tag":[],"class_list":{"0":"post-10185","1":"product","2":"type-product","3":"status-publish","4":"has-post-thumbnail","6":"product_brand-dovaro","7":"product_cat-plaatimistooriistad","8":"product_cat-vaakumhaaratsid","10":"first","11":"instock","12":"taxable","13":"shipping-taxable","14":"purchasable","15":"product-type-simple"},"acf":[],"yoast_head":"<!-- This site is optimized with the Yoast SEO plugin v27.0 - https:\/\/yoast.com\/product\/yoast-seo-wordpress\/ -->\n<title>Dovaro\u00ae Iminapp PLASTICA \u00d8 11,5 cm - Plaadimehed<\/title>\n<meta name=\"description\" content=\"Dovaro Iminapp plaatide t\u00f5stmiseks ja paigalduseks. T\u00f5stej\u00f5ud 50kg\" \/>\n<meta name=\"robots\" content=\"index, follow, max-snippet:-1, max-image-preview:large, max-video-preview:-1\" \/>\n<link rel=\"canonical\" href=\"https:\/\/www.plaadimehed.ee\/product\/dovaro-iminapp-plastica-o-115-cm\/\" \/>\n<meta property=\"og:locale\" content=\"fi_FI\" \/>\n<meta property=\"og:type\" content=\"article\" \/>\n<meta property=\"og:title\" content=\"Dovaro\u00ae Iminapp PLASTICA \u00d8 11,5 cm - Plaadimehed\" \/>\n<meta property=\"og:description\" content=\"Dovaro Iminapp plaatide t\u00f5stmiseks ja paigalduseks. T\u00f5stej\u00f5ud 50kg\" \/>\n<meta property=\"og:url\" content=\"https:\/\/www.plaadimehed.ee\/product\/dovaro-iminapp-plastica-o-115-cm\/\" \/>\n<meta property=\"og:site_name\" content=\"Plaadimehed\" \/>\n<meta property=\"article:modified_time\" content=\"2023-10-04T06:41:38+00:00\" \/>\n<meta property=\"og:image\" content=\"https:\/\/www.plaadimehed.ee\/wp-content\/uploads\/2023\/10\/dovaro-napp-1.jpg\" \/>\n\t<meta property=\"og:image:width\" content=\"2342\" \/>\n\t<meta property=\"og:image:height\" content=\"2332\" \/>\n\t<meta property=\"og:image:type\" content=\"image\/jpeg\" \/>\n<meta name=\"twitter:card\" content=\"summary_large_image\" \/>\n<script type=\"application\/ld+json\" class=\"yoast-schema-graph\">{\"@context\":\"https:\/\/schema.org\",\"@graph\":[{\"@type\":\"WebPage\",\"@id\":\"https:\/\/www.plaadimehed.ee\/product\/dovaro-iminapp-plastica-o-115-cm\/\",\"url\":\"https:\/\/www.plaadimehed.ee\/product\/dovaro-iminapp-plastica-o-115-cm\/\",\"name\":\"Dovaro\u00ae Iminapp PLASTICA \u00d8 11,5 cm - Plaadimehed\",\"isPartOf\":{\"@id\":\"https:\/\/www.plaadimehed.ee\/#website\"},\"primaryImageOfPage\":{\"@id\":\"https:\/\/www.plaadimehed.ee\/product\/dovaro-iminapp-plastica-o-115-cm\/#primaryimage\"},\"image\":{\"@id\":\"https:\/\/www.plaadimehed.ee\/product\/dovaro-iminapp-plastica-o-115-cm\/#primaryimage\"},\"thumbnailUrl\":\"https:\/\/www.plaadimehed.ee\/wp-content\/uploads\/2023\/10\/dovaro-napp-1.jpg\",\"datePublished\":\"2023-10-04T06:32:54+00:00\",\"dateModified\":\"2023-10-04T06:41:38+00:00\",\"description\":\"Dovaro Iminapp plaatide t\u00f5stmiseks ja paigalduseks. T\u00f5stej\u00f5ud 50kg\",\"breadcrumb\":{\"@id\":\"https:\/\/www.plaadimehed.ee\/product\/dovaro-iminapp-plastica-o-115-cm\/#breadcrumb\"},\"inLanguage\":\"fi\",\"potentialAction\":[{\"@type\":\"ReadAction\",\"target\":[\"https:\/\/www.plaadimehed.ee\/product\/dovaro-iminapp-plastica-o-115-cm\/\"]}]},{\"@type\":\"ImageObject\",\"inLanguage\":\"fi\",\"@id\":\"https:\/\/www.plaadimehed.ee\/product\/dovaro-iminapp-plastica-o-115-cm\/#primaryimage\",\"url\":\"https:\/\/www.plaadimehed.ee\/wp-content\/uploads\/2023\/10\/dovaro-napp-1.jpg\",\"contentUrl\":\"https:\/\/www.plaadimehed.ee\/wp-content\/uploads\/2023\/10\/dovaro-napp-1.jpg\",\"width\":2342,\"height\":2332},{\"@type\":\"BreadcrumbList\",\"@id\":\"https:\/\/www.plaadimehed.ee\/product\/dovaro-iminapp-plastica-o-115-cm\/#breadcrumb\",\"itemListElement\":[{\"@type\":\"ListItem\",\"position\":1,\"name\":\"Home\",\"item\":\"https:\/\/www.plaadimehed.ee\/fi\/\"},{\"@type\":\"ListItem\",\"position\":2,\"name\":\"Verkkokauppa\",\"item\":\"https:\/\/www.plaadimehed.ee\/fi\/shop\/\"},{\"@type\":\"ListItem\",\"position\":3,\"name\":\"Dovaro\u00ae Iminapp PLASTICA \u00d8 11,5 cm\"}]},{\"@type\":\"WebSite\",\"@id\":\"https:\/\/www.plaadimehed.ee\/#website\",\"url\":\"https:\/\/www.plaadimehed.ee\/\",\"name\":\"Plaadimehed\",\"description\":\"Plaatimist\u00f6\u00f6deks vajalikud tarvikud ja t\u00f6\u00f6riistad\",\"publisher\":{\"@id\":\"https:\/\/www.plaadimehed.ee\/#organization\"},\"potentialAction\":[{\"@type\":\"SearchAction\",\"target\":{\"@type\":\"EntryPoint\",\"urlTemplate\":\"https:\/\/www.plaadimehed.ee\/?s={search_term_string}\"},\"query-input\":{\"@type\":\"PropertyValueSpecification\",\"valueRequired\":true,\"valueName\":\"search_term_string\"}}],\"inLanguage\":\"fi\"},{\"@type\":\"Organization\",\"@id\":\"https:\/\/www.plaadimehed.ee\/#organization\",\"name\":\"Plaadimehed\",\"url\":\"https:\/\/www.plaadimehed.ee\/\",\"logo\":{\"@type\":\"ImageObject\",\"inLanguage\":\"fi\",\"@id\":\"https:\/\/www.plaadimehed.ee\/#\/schema\/logo\/image\/\",\"url\":\"https:\/\/www.plaadimehed.ee\/wp-content\/uploads\/2024\/05\/plaadimehed-logo.svg\",\"contentUrl\":\"https:\/\/www.plaadimehed.ee\/wp-content\/uploads\/2024\/05\/plaadimehed-logo.svg\",\"width\":266,\"height\":72,\"caption\":\"Plaadimehed\"},\"image\":{\"@id\":\"https:\/\/www.plaadimehed.ee\/#\/schema\/logo\/image\/\"}}]}<\/script>\n<!-- \/ Yoast SEO plugin. -->","yoast_head_json":{"title":"Dovaro\u00ae Iminapp PLASTICA \u00d8 11,5 cm - Plaadimehed","description":"Dovaro Iminapp plaatide t\u00f5stmiseks ja paigalduseks. T\u00f5stej\u00f5ud 50kg","robots":{"index":"index","follow":"follow","max-snippet":"max-snippet:-1","max-image-preview":"max-image-preview:large","max-video-preview":"max-video-preview:-1"},"canonical":"https:\/\/www.plaadimehed.ee\/product\/dovaro-iminapp-plastica-o-115-cm\/","og_locale":"fi_FI","og_type":"article","og_title":"Dovaro\u00ae Iminapp PLASTICA \u00d8 11,5 cm - Plaadimehed","og_description":"Dovaro Iminapp plaatide t\u00f5stmiseks ja paigalduseks. T\u00f5stej\u00f5ud 50kg","og_url":"https:\/\/www.plaadimehed.ee\/product\/dovaro-iminapp-plastica-o-115-cm\/","og_site_name":"Plaadimehed","article_modified_time":"2023-10-04T06:41:38+00:00","og_image":[{"width":2342,"height":2332,"url":"https:\/\/www.plaadimehed.ee\/wp-content\/uploads\/2023\/10\/dovaro-napp-1.jpg","type":"image\/jpeg"}],"twitter_card":"summary_large_image","schema":{"@context":"https:\/\/schema.org","@graph":[{"@type":"WebPage","@id":"https:\/\/www.plaadimehed.ee\/product\/dovaro-iminapp-plastica-o-115-cm\/","url":"https:\/\/www.plaadimehed.ee\/product\/dovaro-iminapp-plastica-o-115-cm\/","name":"Dovaro\u00ae Iminapp PLASTICA \u00d8 11,5 cm - Plaadimehed","isPartOf":{"@id":"https:\/\/www.plaadimehed.ee\/#website"},"primaryImageOfPage":{"@id":"https:\/\/www.plaadimehed.ee\/product\/dovaro-iminapp-plastica-o-115-cm\/#primaryimage"},"image":{"@id":"https:\/\/www.plaadimehed.ee\/product\/dovaro-iminapp-plastica-o-115-cm\/#primaryimage"},"thumbnailUrl":"https:\/\/www.plaadimehed.ee\/wp-content\/uploads\/2023\/10\/dovaro-napp-1.jpg","datePublished":"2023-10-04T06:32:54+00:00","dateModified":"2023-10-04T06:41:38+00:00","description":"Dovaro Iminapp plaatide t\u00f5stmiseks ja paigalduseks. T\u00f5stej\u00f5ud 50kg","breadcrumb":{"@id":"https:\/\/www.plaadimehed.ee\/product\/dovaro-iminapp-plastica-o-115-cm\/#breadcrumb"},"inLanguage":"fi","potentialAction":[{"@type":"ReadAction","target":["https:\/\/www.plaadimehed.ee\/product\/dovaro-iminapp-plastica-o-115-cm\/"]}]},{"@type":"ImageObject","inLanguage":"fi","@id":"https:\/\/www.plaadimehed.ee\/product\/dovaro-iminapp-plastica-o-115-cm\/#primaryimage","url":"https:\/\/www.plaadimehed.ee\/wp-content\/uploads\/2023\/10\/dovaro-napp-1.jpg","contentUrl":"https:\/\/www.plaadimehed.ee\/wp-content\/uploads\/2023\/10\/dovaro-napp-1.jpg","width":2342,"height":2332},{"@type":"BreadcrumbList","@id":"https:\/\/www.plaadimehed.ee\/product\/dovaro-iminapp-plastica-o-115-cm\/#breadcrumb","itemListElement":[{"@type":"ListItem","position":1,"name":"Home","item":"https:\/\/www.plaadimehed.ee\/fi\/"},{"@type":"ListItem","position":2,"name":"Verkkokauppa","item":"https:\/\/www.plaadimehed.ee\/fi\/shop\/"},{"@type":"ListItem","position":3,"name":"Dovaro\u00ae Iminapp PLASTICA \u00d8 11,5 cm"}]},{"@type":"WebSite","@id":"https:\/\/www.plaadimehed.ee\/#website","url":"https:\/\/www.plaadimehed.ee\/","name":"Plaadimehed","description":"Plaatimist\u00f6\u00f6deks vajalikud tarvikud ja t\u00f6\u00f6riistad","publisher":{"@id":"https:\/\/www.plaadimehed.ee\/#organization"},"potentialAction":[{"@type":"SearchAction","target":{"@type":"EntryPoint","urlTemplate":"https:\/\/www.plaadimehed.ee\/?s={search_term_string}"},"query-input":{"@type":"PropertyValueSpecification","valueRequired":true,"valueName":"search_term_string"}}],"inLanguage":"fi"},{"@type":"Organization","@id":"https:\/\/www.plaadimehed.ee\/#organization","name":"Plaadimehed","url":"https:\/\/www.plaadimehed.ee\/","logo":{"@type":"ImageObject","inLanguage":"fi","@id":"https:\/\/www.plaadimehed.ee\/#\/schema\/logo\/image\/","url":"https:\/\/www.plaadimehed.ee\/wp-content\/uploads\/2024\/05\/plaadimehed-logo.svg","contentUrl":"https:\/\/www.plaadimehed.ee\/wp-content\/uploads\/2024\/05\/plaadimehed-logo.svg","width":266,"height":72,"caption":"Plaadimehed"},"image":{"@id":"https:\/\/www.plaadimehed.ee\/#\/schema\/logo\/image\/"}}]}},"_links":{"self":[{"href":"https:\/\/www.plaadimehed.ee\/fi\/wp-json\/wp\/v2\/product\/10185","targetHints":{"allow":["GET"]}}],"collection":[{"href":"https:\/\/www.plaadimehed.ee\/fi\/wp-json\/wp\/v2\/product"}],"about":[{"href":"https:\/\/www.plaadimehed.ee\/fi\/wp-json\/wp\/v2\/types\/product"}],"wp:featuredmedia":[{"embeddable":true,"href":"https:\/\/www.plaadimehed.ee\/fi\/wp-json\/wp\/v2\/media\/10189"}],"wp:attachment":[{"href":"https:\/\/www.plaadimehed.ee\/fi\/wp-json\/wp\/v2\/media?parent=10185"}],"wp:term":[{"taxonomy":"product_brand","embeddable":true,"href":"https:\/\/www.plaadimehed.ee\/fi\/wp-json\/wp\/v2\/product_brand?post=10185"},{"taxonomy":"product_cat","embeddable":true,"href":"https:\/\/www.plaadimehed.ee\/fi\/wp-json\/wp\/v2\/product_cat?post=10185"},{"taxonomy":"product_tag","embeddable":true,"href":"https:\/\/www.plaadimehed.ee\/fi\/wp-json\/wp\/v2\/product_tag?post=10185"}],"curies":[{"name":"wp","href":"https:\/\/api.w.org\/{rel}","templated":true}]}}