{"id":10314,"date":"2023-10-11T08:27:12","date_gmt":"2023-10-11T06:27:12","guid":{"rendered":"https:\/\/www.plaadimehed.ee\/?post_type=product&#038;p=10314"},"modified":"2026-03-01T13:01:23","modified_gmt":"2026-03-01T11:01:23","slug":"montolit-plaadiloikuri-masterpiuma-p2-p3-125-155-joonlaud","status":"publish","type":"product","link":"https:\/\/www.plaadimehed.ee\/fi\/product\/montolit-plaadiloikuri-masterpiuma-p2-p3-125-155-joonlaud\/","title":{"rendered":"MONTOLIT\u00ae Plaadil\u00f5ikuri Masterpiuma P2\/P3 125-155 joonlaud"},"content":{"rendered":"<p>\u25cf Sobivus Montolit Masterpiuma P2\/P3 seeria 125 ja 155 cm l\u00f5ikurile<br \/>\n\u25cf M\u00f5\u00f5teskaala\u00a0 cm<\/p>\n<p>&nbsp;<\/p>\n","protected":false},"excerpt":{"rendered":"<p>Montolit\u00ae Masterpiuma 125P2\/P3 ja 155P2\/P3 joonlaud<\/p>\n","protected":false},"featured_media":10315,"template":"","meta":{"_acf_changed":false},"product_brand":[42],"product_cat":[79],"product_tag":[],"class_list":{"0":"post-10314","1":"product","2":"type-product","3":"status-publish","4":"has-post-thumbnail","6":"product_brand-montolit","7":"product_cat-plaadiloikurite-tarvikud","9":"first","10":"instock","11":"taxable","12":"shipping-taxable","13":"purchasable","14":"product-type-simple"},"acf":[],"yoast_head":"<!-- This site is optimized with the Yoast SEO plugin v27.0 - https:\/\/yoast.com\/product\/yoast-seo-wordpress\/ -->\n<title>MONTOLIT\u00ae Plaadil\u00f5ikuri Masterpiuma P2\/P3 125-155 joonlaud - Plaadimehed<\/title>\n<meta name=\"description\" content=\"Plaadil\u00f5ikur Montolit Masterpiuma Power 5. joonlaud\" \/>\n<meta name=\"robots\" content=\"index, follow, max-snippet:-1, max-image-preview:large, max-video-preview:-1\" \/>\n<link rel=\"canonical\" href=\"https:\/\/www.plaadimehed.ee\/product\/montolit-plaadiloikuri-masterpiuma-p2-p3-125-155-joonlaud\/\" \/>\n<meta property=\"og:locale\" content=\"fi_FI\" \/>\n<meta property=\"og:type\" content=\"article\" \/>\n<meta property=\"og:title\" content=\"MONTOLIT\u00ae Plaadil\u00f5ikuri Masterpiuma P2\/P3 125-155 joonlaud - Plaadimehed\" \/>\n<meta property=\"og:description\" content=\"Plaadil\u00f5ikur Montolit Masterpiuma Power 5. joonlaud\" \/>\n<meta property=\"og:url\" content=\"https:\/\/www.plaadimehed.ee\/product\/montolit-plaadiloikuri-masterpiuma-p2-p3-125-155-joonlaud\/\" \/>\n<meta property=\"og:site_name\" content=\"Plaadimehed\" \/>\n<meta property=\"article:modified_time\" content=\"2026-03-01T11:01:23+00:00\" \/>\n<meta property=\"og:image\" content=\"https:\/\/www.plaadimehed.ee\/wp-content\/uploads\/2023\/10\/p2p3-joonlaud.png\" \/>\n\t<meta property=\"og:image:width\" content=\"800\" \/>\n\t<meta property=\"og:image:height\" content=\"800\" \/>\n\t<meta property=\"og:image:type\" content=\"image\/png\" \/>\n<meta name=\"twitter:card\" content=\"summary_large_image\" \/>\n<meta name=\"twitter:label1\" content=\"Arvioitu lukuaika\" \/>\n\t<meta name=\"twitter:data1\" content=\"1 minuutti\" \/>\n<script type=\"application\/ld+json\" class=\"yoast-schema-graph\">{\"@context\":\"https:\/\/schema.org\",\"@graph\":[{\"@type\":\"WebPage\",\"@id\":\"https:\/\/www.plaadimehed.ee\/product\/montolit-plaadiloikuri-masterpiuma-p2-p3-125-155-joonlaud\/\",\"url\":\"https:\/\/www.plaadimehed.ee\/product\/montolit-plaadiloikuri-masterpiuma-p2-p3-125-155-joonlaud\/\",\"name\":\"MONTOLIT\u00ae Plaadil\u00f5ikuri Masterpiuma P2\/P3 125-155 joonlaud - Plaadimehed\",\"isPartOf\":{\"@id\":\"https:\/\/www.plaadimehed.ee\/#website\"},\"primaryImageOfPage\":{\"@id\":\"https:\/\/www.plaadimehed.ee\/product\/montolit-plaadiloikuri-masterpiuma-p2-p3-125-155-joonlaud\/#primaryimage\"},\"image\":{\"@id\":\"https:\/\/www.plaadimehed.ee\/product\/montolit-plaadiloikuri-masterpiuma-p2-p3-125-155-joonlaud\/#primaryimage\"},\"thumbnailUrl\":\"https:\/\/www.plaadimehed.ee\/wp-content\/uploads\/2023\/10\/p2p3-joonlaud.png\",\"datePublished\":\"2023-10-11T06:27:12+00:00\",\"dateModified\":\"2026-03-01T11:01:23+00:00\",\"description\":\"Plaadil\u00f5ikur Montolit Masterpiuma Power 5. joonlaud\",\"breadcrumb\":{\"@id\":\"https:\/\/www.plaadimehed.ee\/product\/montolit-plaadiloikuri-masterpiuma-p2-p3-125-155-joonlaud\/#breadcrumb\"},\"inLanguage\":\"fi\",\"potentialAction\":[{\"@type\":\"ReadAction\",\"target\":[\"https:\/\/www.plaadimehed.ee\/product\/montolit-plaadiloikuri-masterpiuma-p2-p3-125-155-joonlaud\/\"]}]},{\"@type\":\"ImageObject\",\"inLanguage\":\"fi\",\"@id\":\"https:\/\/www.plaadimehed.ee\/product\/montolit-plaadiloikuri-masterpiuma-p2-p3-125-155-joonlaud\/#primaryimage\",\"url\":\"https:\/\/www.plaadimehed.ee\/wp-content\/uploads\/2023\/10\/p2p3-joonlaud.png\",\"contentUrl\":\"https:\/\/www.plaadimehed.ee\/wp-content\/uploads\/2023\/10\/p2p3-joonlaud.png\",\"width\":800,\"height\":800},{\"@type\":\"BreadcrumbList\",\"@id\":\"https:\/\/www.plaadimehed.ee\/product\/montolit-plaadiloikuri-masterpiuma-p2-p3-125-155-joonlaud\/#breadcrumb\",\"itemListElement\":[{\"@type\":\"ListItem\",\"position\":1,\"name\":\"Home\",\"item\":\"https:\/\/www.plaadimehed.ee\/fi\/\"},{\"@type\":\"ListItem\",\"position\":2,\"name\":\"Verkkokauppa\",\"item\":\"https:\/\/www.plaadimehed.ee\/fi\/shop\/\"},{\"@type\":\"ListItem\",\"position\":3,\"name\":\"MONTOLIT\u00ae Plaadil\u00f5ikuri Masterpiuma P2\/P3 125-155 joonlaud\"}]},{\"@type\":\"WebSite\",\"@id\":\"https:\/\/www.plaadimehed.ee\/#website\",\"url\":\"https:\/\/www.plaadimehed.ee\/\",\"name\":\"Plaadimehed\",\"description\":\"Plaatimist\u00f6\u00f6deks vajalikud tarvikud ja t\u00f6\u00f6riistad\",\"publisher\":{\"@id\":\"https:\/\/www.plaadimehed.ee\/#organization\"},\"potentialAction\":[{\"@type\":\"SearchAction\",\"target\":{\"@type\":\"EntryPoint\",\"urlTemplate\":\"https:\/\/www.plaadimehed.ee\/?s={search_term_string}\"},\"query-input\":{\"@type\":\"PropertyValueSpecification\",\"valueRequired\":true,\"valueName\":\"search_term_string\"}}],\"inLanguage\":\"fi\"},{\"@type\":\"Organization\",\"@id\":\"https:\/\/www.plaadimehed.ee\/#organization\",\"name\":\"Plaadimehed\",\"url\":\"https:\/\/www.plaadimehed.ee\/\",\"logo\":{\"@type\":\"ImageObject\",\"inLanguage\":\"fi\",\"@id\":\"https:\/\/www.plaadimehed.ee\/#\/schema\/logo\/image\/\",\"url\":\"https:\/\/www.plaadimehed.ee\/wp-content\/uploads\/2024\/05\/plaadimehed-logo.svg\",\"contentUrl\":\"https:\/\/www.plaadimehed.ee\/wp-content\/uploads\/2024\/05\/plaadimehed-logo.svg\",\"width\":266,\"height\":72,\"caption\":\"Plaadimehed\"},\"image\":{\"@id\":\"https:\/\/www.plaadimehed.ee\/#\/schema\/logo\/image\/\"}}]}<\/script>\n<!-- \/ Yoast SEO plugin. -->","yoast_head_json":{"title":"MONTOLIT\u00ae Plaadil\u00f5ikuri Masterpiuma P2\/P3 125-155 joonlaud - Plaadimehed","description":"Plaadil\u00f5ikur Montolit Masterpiuma Power 5. joonlaud","robots":{"index":"index","follow":"follow","max-snippet":"max-snippet:-1","max-image-preview":"max-image-preview:large","max-video-preview":"max-video-preview:-1"},"canonical":"https:\/\/www.plaadimehed.ee\/product\/montolit-plaadiloikuri-masterpiuma-p2-p3-125-155-joonlaud\/","og_locale":"fi_FI","og_type":"article","og_title":"MONTOLIT\u00ae Plaadil\u00f5ikuri Masterpiuma P2\/P3 125-155 joonlaud - Plaadimehed","og_description":"Plaadil\u00f5ikur Montolit Masterpiuma Power 5. joonlaud","og_url":"https:\/\/www.plaadimehed.ee\/product\/montolit-plaadiloikuri-masterpiuma-p2-p3-125-155-joonlaud\/","og_site_name":"Plaadimehed","article_modified_time":"2026-03-01T11:01:23+00:00","og_image":[{"width":800,"height":800,"url":"https:\/\/www.plaadimehed.ee\/wp-content\/uploads\/2023\/10\/p2p3-joonlaud.png","type":"image\/png"}],"twitter_card":"summary_large_image","twitter_misc":{"Arvioitu lukuaika":"1 minuutti"},"schema":{"@context":"https:\/\/schema.org","@graph":[{"@type":"WebPage","@id":"https:\/\/www.plaadimehed.ee\/product\/montolit-plaadiloikuri-masterpiuma-p2-p3-125-155-joonlaud\/","url":"https:\/\/www.plaadimehed.ee\/product\/montolit-plaadiloikuri-masterpiuma-p2-p3-125-155-joonlaud\/","name":"MONTOLIT\u00ae Plaadil\u00f5ikuri Masterpiuma P2\/P3 125-155 joonlaud - Plaadimehed","isPartOf":{"@id":"https:\/\/www.plaadimehed.ee\/#website"},"primaryImageOfPage":{"@id":"https:\/\/www.plaadimehed.ee\/product\/montolit-plaadiloikuri-masterpiuma-p2-p3-125-155-joonlaud\/#primaryimage"},"image":{"@id":"https:\/\/www.plaadimehed.ee\/product\/montolit-plaadiloikuri-masterpiuma-p2-p3-125-155-joonlaud\/#primaryimage"},"thumbnailUrl":"https:\/\/www.plaadimehed.ee\/wp-content\/uploads\/2023\/10\/p2p3-joonlaud.png","datePublished":"2023-10-11T06:27:12+00:00","dateModified":"2026-03-01T11:01:23+00:00","description":"Plaadil\u00f5ikur Montolit Masterpiuma Power 5. joonlaud","breadcrumb":{"@id":"https:\/\/www.plaadimehed.ee\/product\/montolit-plaadiloikuri-masterpiuma-p2-p3-125-155-joonlaud\/#breadcrumb"},"inLanguage":"fi","potentialAction":[{"@type":"ReadAction","target":["https:\/\/www.plaadimehed.ee\/product\/montolit-plaadiloikuri-masterpiuma-p2-p3-125-155-joonlaud\/"]}]},{"@type":"ImageObject","inLanguage":"fi","@id":"https:\/\/www.plaadimehed.ee\/product\/montolit-plaadiloikuri-masterpiuma-p2-p3-125-155-joonlaud\/#primaryimage","url":"https:\/\/www.plaadimehed.ee\/wp-content\/uploads\/2023\/10\/p2p3-joonlaud.png","contentUrl":"https:\/\/www.plaadimehed.ee\/wp-content\/uploads\/2023\/10\/p2p3-joonlaud.png","width":800,"height":800},{"@type":"BreadcrumbList","@id":"https:\/\/www.plaadimehed.ee\/product\/montolit-plaadiloikuri-masterpiuma-p2-p3-125-155-joonlaud\/#breadcrumb","itemListElement":[{"@type":"ListItem","position":1,"name":"Home","item":"https:\/\/www.plaadimehed.ee\/fi\/"},{"@type":"ListItem","position":2,"name":"Verkkokauppa","item":"https:\/\/www.plaadimehed.ee\/fi\/shop\/"},{"@type":"ListItem","position":3,"name":"MONTOLIT\u00ae Plaadil\u00f5ikuri Masterpiuma P2\/P3 125-155 joonlaud"}]},{"@type":"WebSite","@id":"https:\/\/www.plaadimehed.ee\/#website","url":"https:\/\/www.plaadimehed.ee\/","name":"Plaadimehed","description":"Plaatimist\u00f6\u00f6deks vajalikud tarvikud ja t\u00f6\u00f6riistad","publisher":{"@id":"https:\/\/www.plaadimehed.ee\/#organization"},"potentialAction":[{"@type":"SearchAction","target":{"@type":"EntryPoint","urlTemplate":"https:\/\/www.plaadimehed.ee\/?s={search_term_string}"},"query-input":{"@type":"PropertyValueSpecification","valueRequired":true,"valueName":"search_term_string"}}],"inLanguage":"fi"},{"@type":"Organization","@id":"https:\/\/www.plaadimehed.ee\/#organization","name":"Plaadimehed","url":"https:\/\/www.plaadimehed.ee\/","logo":{"@type":"ImageObject","inLanguage":"fi","@id":"https:\/\/www.plaadimehed.ee\/#\/schema\/logo\/image\/","url":"https:\/\/www.plaadimehed.ee\/wp-content\/uploads\/2024\/05\/plaadimehed-logo.svg","contentUrl":"https:\/\/www.plaadimehed.ee\/wp-content\/uploads\/2024\/05\/plaadimehed-logo.svg","width":266,"height":72,"caption":"Plaadimehed"},"image":{"@id":"https:\/\/www.plaadimehed.ee\/#\/schema\/logo\/image\/"}}]}},"_links":{"self":[{"href":"https:\/\/www.plaadimehed.ee\/fi\/wp-json\/wp\/v2\/product\/10314","targetHints":{"allow":["GET"]}}],"collection":[{"href":"https:\/\/www.plaadimehed.ee\/fi\/wp-json\/wp\/v2\/product"}],"about":[{"href":"https:\/\/www.plaadimehed.ee\/fi\/wp-json\/wp\/v2\/types\/product"}],"wp:featuredmedia":[{"embeddable":true,"href":"https:\/\/www.plaadimehed.ee\/fi\/wp-json\/wp\/v2\/media\/10315"}],"wp:attachment":[{"href":"https:\/\/www.plaadimehed.ee\/fi\/wp-json\/wp\/v2\/media?parent=10314"}],"wp:term":[{"taxonomy":"product_brand","embeddable":true,"href":"https:\/\/www.plaadimehed.ee\/fi\/wp-json\/wp\/v2\/product_brand?post=10314"},{"taxonomy":"product_cat","embeddable":true,"href":"https:\/\/www.plaadimehed.ee\/fi\/wp-json\/wp\/v2\/product_cat?post=10314"},{"taxonomy":"product_tag","embeddable":true,"href":"https:\/\/www.plaadimehed.ee\/fi\/wp-json\/wp\/v2\/product_tag?post=10314"}],"curies":[{"name":"wp","href":"https:\/\/api.w.org\/{rel}","templated":true}]}}