{"id":10742,"date":"2023-11-24T09:25:24","date_gmt":"2023-11-24T07:25:24","guid":{"rendered":"https:\/\/www.plaadimehed.ee\/?post_type=product&#038;p=10742"},"modified":"2024-08-17T10:31:45","modified_gmt":"2024-08-17T08:31:45","slug":"grabo-tosterihm","status":"publish","type":"product","link":"https:\/\/www.plaadimehed.ee\/fi\/product\/grabo-tosterihm\/","title":{"rendered":"GRABO\u00ae Vaakumhaaratsi t\u00f5sterihm"},"content":{"rendered":"<p><span class=\"Apple-converted-space\"> \u25cf Kasutatakse koos GRABO PRO Lifter v\u00f5i GRABO Nemo vaakumhaaratsiga<br \/>\n\u25cf Reguleeritav pikkus<\/span><br \/>\n\u25cf Kiirkinnitustega<span class=\"Apple-converted-space\"><br \/>\n\u25cf Sobib raskemate materjalide paremaks t\u00f5stmiseks<\/span><\/p>\n<p>&nbsp;<\/p>\n<p>&nbsp;<\/p>\n","protected":false},"excerpt":{"rendered":"<p>T\u00f5sterihm GRABO vaakumhaaratsile PRO-Lifter ja Nemo<\/p>\n","protected":false},"featured_media":10743,"template":"","meta":{"_acf_changed":false},"product_brand":[39],"product_cat":[36,35,60],"product_tag":[],"class_list":{"0":"post-10742","1":"product","2":"type-product","3":"status-publish","4":"has-post-thumbnail","6":"product_brand-grabo","7":"product_cat-elektriseadmed","8":"product_cat-vaakumhaaratsid","9":"product_cat-slabi-suuremootmeline-plaat-tooriistad","11":"first","12":"instock","13":"taxable","14":"shipping-taxable","15":"purchasable","16":"product-type-simple"},"acf":[],"yoast_head":"<!-- This site is optimized with the Yoast SEO plugin v27.0 - https:\/\/yoast.com\/product\/yoast-seo-wordpress\/ -->\n<title>GRABO Nemo pro lifter 2 vaakumhaarats<\/title>\n<meta name=\"description\" content=\"GRABO t\u00f5sterihm Grabo PRO lifter ja Nemo vaakumhaaratsile\" \/>\n<meta name=\"robots\" content=\"index, follow, max-snippet:-1, max-image-preview:large, max-video-preview:-1\" \/>\n<link rel=\"canonical\" href=\"https:\/\/www.plaadimehed.ee\/product\/grabo-tosterihm\/\" \/>\n<meta property=\"og:locale\" content=\"fi_FI\" \/>\n<meta property=\"og:type\" content=\"article\" \/>\n<meta property=\"og:title\" content=\"GRABO Nemo pro lifter 2 vaakumhaarats\" \/>\n<meta property=\"og:description\" content=\"GRABO t\u00f5sterihm Grabo PRO lifter ja Nemo vaakumhaaratsile\" \/>\n<meta property=\"og:url\" content=\"https:\/\/www.plaadimehed.ee\/product\/grabo-tosterihm\/\" \/>\n<meta property=\"og:site_name\" content=\"Plaadimehed\" \/>\n<meta property=\"article:modified_time\" content=\"2024-08-17T08:31:45+00:00\" \/>\n<meta property=\"og:image\" content=\"https:\/\/www.plaadimehed.ee\/wp-content\/uploads\/2023\/11\/Grabo-tosterihm.jpg\" \/>\n\t<meta property=\"og:image:width\" content=\"800\" \/>\n\t<meta property=\"og:image:height\" content=\"800\" \/>\n\t<meta property=\"og:image:type\" content=\"image\/jpeg\" \/>\n<meta name=\"twitter:card\" content=\"summary_large_image\" \/>\n<script type=\"application\/ld+json\" class=\"yoast-schema-graph\">{\"@context\":\"https:\/\/schema.org\",\"@graph\":[{\"@type\":\"WebPage\",\"@id\":\"https:\/\/www.plaadimehed.ee\/product\/grabo-tosterihm\/\",\"url\":\"https:\/\/www.plaadimehed.ee\/product\/grabo-tosterihm\/\",\"name\":\"GRABO Nemo pro lifter 2 vaakumhaarats\",\"isPartOf\":{\"@id\":\"https:\/\/www.plaadimehed.ee\/#website\"},\"primaryImageOfPage\":{\"@id\":\"https:\/\/www.plaadimehed.ee\/product\/grabo-tosterihm\/#primaryimage\"},\"image\":{\"@id\":\"https:\/\/www.plaadimehed.ee\/product\/grabo-tosterihm\/#primaryimage\"},\"thumbnailUrl\":\"https:\/\/www.plaadimehed.ee\/wp-content\/uploads\/2023\/11\/Grabo-tosterihm.jpg\",\"datePublished\":\"2023-11-24T07:25:24+00:00\",\"dateModified\":\"2024-08-17T08:31:45+00:00\",\"description\":\"GRABO t\u00f5sterihm Grabo PRO lifter ja Nemo vaakumhaaratsile\",\"breadcrumb\":{\"@id\":\"https:\/\/www.plaadimehed.ee\/product\/grabo-tosterihm\/#breadcrumb\"},\"inLanguage\":\"fi\",\"potentialAction\":[{\"@type\":\"ReadAction\",\"target\":[\"https:\/\/www.plaadimehed.ee\/product\/grabo-tosterihm\/\"]}]},{\"@type\":\"ImageObject\",\"inLanguage\":\"fi\",\"@id\":\"https:\/\/www.plaadimehed.ee\/product\/grabo-tosterihm\/#primaryimage\",\"url\":\"https:\/\/www.plaadimehed.ee\/wp-content\/uploads\/2023\/11\/Grabo-tosterihm.jpg\",\"contentUrl\":\"https:\/\/www.plaadimehed.ee\/wp-content\/uploads\/2023\/11\/Grabo-tosterihm.jpg\",\"width\":800,\"height\":800},{\"@type\":\"BreadcrumbList\",\"@id\":\"https:\/\/www.plaadimehed.ee\/product\/grabo-tosterihm\/#breadcrumb\",\"itemListElement\":[{\"@type\":\"ListItem\",\"position\":1,\"name\":\"Home\",\"item\":\"https:\/\/www.plaadimehed.ee\/fi\/\"},{\"@type\":\"ListItem\",\"position\":2,\"name\":\"Verkkokauppa\",\"item\":\"https:\/\/www.plaadimehed.ee\/fi\/shop\/\"},{\"@type\":\"ListItem\",\"position\":3,\"name\":\"GRABO\u00ae Vaakumhaaratsi t\u00f5sterihm\"}]},{\"@type\":\"WebSite\",\"@id\":\"https:\/\/www.plaadimehed.ee\/#website\",\"url\":\"https:\/\/www.plaadimehed.ee\/\",\"name\":\"Plaadimehed\",\"description\":\"Plaatimist\u00f6\u00f6deks vajalikud tarvikud ja t\u00f6\u00f6riistad\",\"publisher\":{\"@id\":\"https:\/\/www.plaadimehed.ee\/#organization\"},\"potentialAction\":[{\"@type\":\"SearchAction\",\"target\":{\"@type\":\"EntryPoint\",\"urlTemplate\":\"https:\/\/www.plaadimehed.ee\/?s={search_term_string}\"},\"query-input\":{\"@type\":\"PropertyValueSpecification\",\"valueRequired\":true,\"valueName\":\"search_term_string\"}}],\"inLanguage\":\"fi\"},{\"@type\":\"Organization\",\"@id\":\"https:\/\/www.plaadimehed.ee\/#organization\",\"name\":\"Plaadimehed\",\"url\":\"https:\/\/www.plaadimehed.ee\/\",\"logo\":{\"@type\":\"ImageObject\",\"inLanguage\":\"fi\",\"@id\":\"https:\/\/www.plaadimehed.ee\/#\/schema\/logo\/image\/\",\"url\":\"https:\/\/www.plaadimehed.ee\/wp-content\/uploads\/2024\/05\/plaadimehed-logo.svg\",\"contentUrl\":\"https:\/\/www.plaadimehed.ee\/wp-content\/uploads\/2024\/05\/plaadimehed-logo.svg\",\"width\":266,\"height\":72,\"caption\":\"Plaadimehed\"},\"image\":{\"@id\":\"https:\/\/www.plaadimehed.ee\/#\/schema\/logo\/image\/\"}}]}<\/script>\n<!-- \/ Yoast SEO plugin. -->","yoast_head_json":{"title":"GRABO Nemo pro lifter 2 vaakumhaarats","description":"GRABO t\u00f5sterihm Grabo PRO lifter ja Nemo vaakumhaaratsile","robots":{"index":"index","follow":"follow","max-snippet":"max-snippet:-1","max-image-preview":"max-image-preview:large","max-video-preview":"max-video-preview:-1"},"canonical":"https:\/\/www.plaadimehed.ee\/product\/grabo-tosterihm\/","og_locale":"fi_FI","og_type":"article","og_title":"GRABO Nemo pro lifter 2 vaakumhaarats","og_description":"GRABO t\u00f5sterihm Grabo PRO lifter ja Nemo vaakumhaaratsile","og_url":"https:\/\/www.plaadimehed.ee\/product\/grabo-tosterihm\/","og_site_name":"Plaadimehed","article_modified_time":"2024-08-17T08:31:45+00:00","og_image":[{"width":800,"height":800,"url":"https:\/\/www.plaadimehed.ee\/wp-content\/uploads\/2023\/11\/Grabo-tosterihm.jpg","type":"image\/jpeg"}],"twitter_card":"summary_large_image","schema":{"@context":"https:\/\/schema.org","@graph":[{"@type":"WebPage","@id":"https:\/\/www.plaadimehed.ee\/product\/grabo-tosterihm\/","url":"https:\/\/www.plaadimehed.ee\/product\/grabo-tosterihm\/","name":"GRABO Nemo pro lifter 2 vaakumhaarats","isPartOf":{"@id":"https:\/\/www.plaadimehed.ee\/#website"},"primaryImageOfPage":{"@id":"https:\/\/www.plaadimehed.ee\/product\/grabo-tosterihm\/#primaryimage"},"image":{"@id":"https:\/\/www.plaadimehed.ee\/product\/grabo-tosterihm\/#primaryimage"},"thumbnailUrl":"https:\/\/www.plaadimehed.ee\/wp-content\/uploads\/2023\/11\/Grabo-tosterihm.jpg","datePublished":"2023-11-24T07:25:24+00:00","dateModified":"2024-08-17T08:31:45+00:00","description":"GRABO t\u00f5sterihm Grabo PRO lifter ja Nemo vaakumhaaratsile","breadcrumb":{"@id":"https:\/\/www.plaadimehed.ee\/product\/grabo-tosterihm\/#breadcrumb"},"inLanguage":"fi","potentialAction":[{"@type":"ReadAction","target":["https:\/\/www.plaadimehed.ee\/product\/grabo-tosterihm\/"]}]},{"@type":"ImageObject","inLanguage":"fi","@id":"https:\/\/www.plaadimehed.ee\/product\/grabo-tosterihm\/#primaryimage","url":"https:\/\/www.plaadimehed.ee\/wp-content\/uploads\/2023\/11\/Grabo-tosterihm.jpg","contentUrl":"https:\/\/www.plaadimehed.ee\/wp-content\/uploads\/2023\/11\/Grabo-tosterihm.jpg","width":800,"height":800},{"@type":"BreadcrumbList","@id":"https:\/\/www.plaadimehed.ee\/product\/grabo-tosterihm\/#breadcrumb","itemListElement":[{"@type":"ListItem","position":1,"name":"Home","item":"https:\/\/www.plaadimehed.ee\/fi\/"},{"@type":"ListItem","position":2,"name":"Verkkokauppa","item":"https:\/\/www.plaadimehed.ee\/fi\/shop\/"},{"@type":"ListItem","position":3,"name":"GRABO\u00ae Vaakumhaaratsi t\u00f5sterihm"}]},{"@type":"WebSite","@id":"https:\/\/www.plaadimehed.ee\/#website","url":"https:\/\/www.plaadimehed.ee\/","name":"Plaadimehed","description":"Plaatimist\u00f6\u00f6deks vajalikud tarvikud ja t\u00f6\u00f6riistad","publisher":{"@id":"https:\/\/www.plaadimehed.ee\/#organization"},"potentialAction":[{"@type":"SearchAction","target":{"@type":"EntryPoint","urlTemplate":"https:\/\/www.plaadimehed.ee\/?s={search_term_string}"},"query-input":{"@type":"PropertyValueSpecification","valueRequired":true,"valueName":"search_term_string"}}],"inLanguage":"fi"},{"@type":"Organization","@id":"https:\/\/www.plaadimehed.ee\/#organization","name":"Plaadimehed","url":"https:\/\/www.plaadimehed.ee\/","logo":{"@type":"ImageObject","inLanguage":"fi","@id":"https:\/\/www.plaadimehed.ee\/#\/schema\/logo\/image\/","url":"https:\/\/www.plaadimehed.ee\/wp-content\/uploads\/2024\/05\/plaadimehed-logo.svg","contentUrl":"https:\/\/www.plaadimehed.ee\/wp-content\/uploads\/2024\/05\/plaadimehed-logo.svg","width":266,"height":72,"caption":"Plaadimehed"},"image":{"@id":"https:\/\/www.plaadimehed.ee\/#\/schema\/logo\/image\/"}}]}},"_links":{"self":[{"href":"https:\/\/www.plaadimehed.ee\/fi\/wp-json\/wp\/v2\/product\/10742","targetHints":{"allow":["GET"]}}],"collection":[{"href":"https:\/\/www.plaadimehed.ee\/fi\/wp-json\/wp\/v2\/product"}],"about":[{"href":"https:\/\/www.plaadimehed.ee\/fi\/wp-json\/wp\/v2\/types\/product"}],"wp:featuredmedia":[{"embeddable":true,"href":"https:\/\/www.plaadimehed.ee\/fi\/wp-json\/wp\/v2\/media\/10743"}],"wp:attachment":[{"href":"https:\/\/www.plaadimehed.ee\/fi\/wp-json\/wp\/v2\/media?parent=10742"}],"wp:term":[{"taxonomy":"product_brand","embeddable":true,"href":"https:\/\/www.plaadimehed.ee\/fi\/wp-json\/wp\/v2\/product_brand?post=10742"},{"taxonomy":"product_cat","embeddable":true,"href":"https:\/\/www.plaadimehed.ee\/fi\/wp-json\/wp\/v2\/product_cat?post=10742"},{"taxonomy":"product_tag","embeddable":true,"href":"https:\/\/www.plaadimehed.ee\/fi\/wp-json\/wp\/v2\/product_tag?post=10742"}],"curies":[{"name":"wp","href":"https:\/\/api.w.org\/{rel}","templated":true}]}}