{"id":10932,"date":"2023-12-20T10:56:51","date_gmt":"2023-12-20T08:56:51","guid":{"rendered":"https:\/\/www.plaadimehed.ee\/?post_type=product&#038;p=10932"},"modified":"2026-03-01T13:00:30","modified_gmt":"2026-03-01T11:00:30","slug":"montolit-grattino-lihvketas-puidule-o-115-mm","status":"publish","type":"product","link":"https:\/\/www.plaadimehed.ee\/fi\/product\/montolit-grattino-lihvketas-puidule-o-115-mm\/","title":{"rendered":"MONTOLIT\u00ae GRATTINO lihvketas puidule \u00d8 115 mm"},"content":{"rendered":"<p>\u25cf Lihvketas: puit, PVC<br \/>\n\u25cf Hea vastupidavus<br \/>\n\u25cf Kasutamiseks koos nurklihvijaga<br \/>\n\u25cf EN13236 Max 10 200 RPM 80 M\/S<br \/>\n\u25cf Ketta m\u00f5\u00f5dud \u00a0115 \/ 22,2 mm<\/p>\n<p>&nbsp;<\/p>\n","protected":false},"excerpt":{"rendered":"<p>Lihvketas puidule GRATTINO 115GL<\/p>\n<p>&nbsp;<\/p>\n","protected":false},"featured_media":10933,"template":"","meta":{"_acf_changed":false},"product_brand":[42],"product_cat":[138],"product_tag":[],"class_list":{"0":"post-10932","1":"product","2":"type-product","3":"status-publish","4":"has-post-thumbnail","6":"product_brand-montolit","7":"product_cat-lihv-ja-poleerkettad","9":"first","10":"instock","11":"taxable","12":"shipping-taxable","13":"purchasable","14":"product-type-simple"},"acf":[],"yoast_head":"<!-- This site is optimized with the Yoast SEO plugin v27.0 - https:\/\/yoast.com\/product\/yoast-seo-wordpress\/ -->\n<title>MONTOLIT\u00ae GRATTINO lihvketas puidule \u00d8 115 mm - Plaadimehed<\/title>\n<meta name=\"description\" content=\"lihvketas puidule GRATTINO 115GL\" \/>\n<meta name=\"robots\" content=\"index, follow, max-snippet:-1, max-image-preview:large, max-video-preview:-1\" \/>\n<link rel=\"canonical\" href=\"https:\/\/www.plaadimehed.ee\/product\/montolit-grattino-lihvketas-puidule-o-115-mm\/\" \/>\n<meta property=\"og:locale\" content=\"fi_FI\" \/>\n<meta property=\"og:type\" content=\"article\" \/>\n<meta property=\"og:title\" content=\"MONTOLIT\u00ae GRATTINO lihvketas puidule \u00d8 115 mm - Plaadimehed\" \/>\n<meta property=\"og:description\" content=\"lihvketas puidule GRATTINO 115GL\" \/>\n<meta property=\"og:url\" content=\"https:\/\/www.plaadimehed.ee\/product\/montolit-grattino-lihvketas-puidule-o-115-mm\/\" \/>\n<meta property=\"og:site_name\" content=\"Plaadimehed\" \/>\n<meta property=\"article:modified_time\" content=\"2026-03-01T11:00:30+00:00\" \/>\n<meta property=\"og:image\" content=\"https:\/\/www.plaadimehed.ee\/wp-content\/uploads\/2023\/12\/0006232_montolit-grattino-115gl.jpeg\" \/>\n\t<meta property=\"og:image:width\" content=\"800\" \/>\n\t<meta property=\"og:image:height\" content=\"826\" \/>\n\t<meta property=\"og:image:type\" content=\"image\/jpeg\" \/>\n<meta name=\"twitter:card\" content=\"summary_large_image\" \/>\n<meta name=\"twitter:label1\" content=\"Arvioitu lukuaika\" \/>\n\t<meta name=\"twitter:data1\" content=\"1 minuutti\" \/>\n<script type=\"application\/ld+json\" class=\"yoast-schema-graph\">{\"@context\":\"https:\/\/schema.org\",\"@graph\":[{\"@type\":\"WebPage\",\"@id\":\"https:\/\/www.plaadimehed.ee\/product\/montolit-grattino-lihvketas-puidule-o-115-mm\/\",\"url\":\"https:\/\/www.plaadimehed.ee\/product\/montolit-grattino-lihvketas-puidule-o-115-mm\/\",\"name\":\"MONTOLIT\u00ae GRATTINO lihvketas puidule \u00d8 115 mm - Plaadimehed\",\"isPartOf\":{\"@id\":\"https:\/\/www.plaadimehed.ee\/#website\"},\"primaryImageOfPage\":{\"@id\":\"https:\/\/www.plaadimehed.ee\/product\/montolit-grattino-lihvketas-puidule-o-115-mm\/#primaryimage\"},\"image\":{\"@id\":\"https:\/\/www.plaadimehed.ee\/product\/montolit-grattino-lihvketas-puidule-o-115-mm\/#primaryimage\"},\"thumbnailUrl\":\"https:\/\/www.plaadimehed.ee\/wp-content\/uploads\/2023\/12\/0006232_montolit-grattino-115gl.jpeg\",\"datePublished\":\"2023-12-20T08:56:51+00:00\",\"dateModified\":\"2026-03-01T11:00:30+00:00\",\"description\":\"lihvketas puidule GRATTINO 115GL\",\"breadcrumb\":{\"@id\":\"https:\/\/www.plaadimehed.ee\/product\/montolit-grattino-lihvketas-puidule-o-115-mm\/#breadcrumb\"},\"inLanguage\":\"fi\",\"potentialAction\":[{\"@type\":\"ReadAction\",\"target\":[\"https:\/\/www.plaadimehed.ee\/product\/montolit-grattino-lihvketas-puidule-o-115-mm\/\"]}]},{\"@type\":\"ImageObject\",\"inLanguage\":\"fi\",\"@id\":\"https:\/\/www.plaadimehed.ee\/product\/montolit-grattino-lihvketas-puidule-o-115-mm\/#primaryimage\",\"url\":\"https:\/\/www.plaadimehed.ee\/wp-content\/uploads\/2023\/12\/0006232_montolit-grattino-115gl.jpeg\",\"contentUrl\":\"https:\/\/www.plaadimehed.ee\/wp-content\/uploads\/2023\/12\/0006232_montolit-grattino-115gl.jpeg\",\"width\":800,\"height\":826},{\"@type\":\"BreadcrumbList\",\"@id\":\"https:\/\/www.plaadimehed.ee\/product\/montolit-grattino-lihvketas-puidule-o-115-mm\/#breadcrumb\",\"itemListElement\":[{\"@type\":\"ListItem\",\"position\":1,\"name\":\"Home\",\"item\":\"https:\/\/www.plaadimehed.ee\/fi\/\"},{\"@type\":\"ListItem\",\"position\":2,\"name\":\"Verkkokauppa\",\"item\":\"https:\/\/www.plaadimehed.ee\/fi\/shop\/\"},{\"@type\":\"ListItem\",\"position\":3,\"name\":\"MONTOLIT\u00ae GRATTINO lihvketas puidule \u00d8 115 mm\"}]},{\"@type\":\"WebSite\",\"@id\":\"https:\/\/www.plaadimehed.ee\/#website\",\"url\":\"https:\/\/www.plaadimehed.ee\/\",\"name\":\"Plaadimehed\",\"description\":\"Plaatimist\u00f6\u00f6deks vajalikud tarvikud ja t\u00f6\u00f6riistad\",\"publisher\":{\"@id\":\"https:\/\/www.plaadimehed.ee\/#organization\"},\"potentialAction\":[{\"@type\":\"SearchAction\",\"target\":{\"@type\":\"EntryPoint\",\"urlTemplate\":\"https:\/\/www.plaadimehed.ee\/?s={search_term_string}\"},\"query-input\":{\"@type\":\"PropertyValueSpecification\",\"valueRequired\":true,\"valueName\":\"search_term_string\"}}],\"inLanguage\":\"fi\"},{\"@type\":\"Organization\",\"@id\":\"https:\/\/www.plaadimehed.ee\/#organization\",\"name\":\"Plaadimehed\",\"url\":\"https:\/\/www.plaadimehed.ee\/\",\"logo\":{\"@type\":\"ImageObject\",\"inLanguage\":\"fi\",\"@id\":\"https:\/\/www.plaadimehed.ee\/#\/schema\/logo\/image\/\",\"url\":\"https:\/\/www.plaadimehed.ee\/wp-content\/uploads\/2024\/05\/plaadimehed-logo.svg\",\"contentUrl\":\"https:\/\/www.plaadimehed.ee\/wp-content\/uploads\/2024\/05\/plaadimehed-logo.svg\",\"width\":266,\"height\":72,\"caption\":\"Plaadimehed\"},\"image\":{\"@id\":\"https:\/\/www.plaadimehed.ee\/#\/schema\/logo\/image\/\"}}]}<\/script>\n<!-- \/ Yoast SEO plugin. -->","yoast_head_json":{"title":"MONTOLIT\u00ae GRATTINO lihvketas puidule \u00d8 115 mm - Plaadimehed","description":"lihvketas puidule GRATTINO 115GL","robots":{"index":"index","follow":"follow","max-snippet":"max-snippet:-1","max-image-preview":"max-image-preview:large","max-video-preview":"max-video-preview:-1"},"canonical":"https:\/\/www.plaadimehed.ee\/product\/montolit-grattino-lihvketas-puidule-o-115-mm\/","og_locale":"fi_FI","og_type":"article","og_title":"MONTOLIT\u00ae GRATTINO lihvketas puidule \u00d8 115 mm - Plaadimehed","og_description":"lihvketas puidule GRATTINO 115GL","og_url":"https:\/\/www.plaadimehed.ee\/product\/montolit-grattino-lihvketas-puidule-o-115-mm\/","og_site_name":"Plaadimehed","article_modified_time":"2026-03-01T11:00:30+00:00","og_image":[{"width":800,"height":826,"url":"https:\/\/www.plaadimehed.ee\/wp-content\/uploads\/2023\/12\/0006232_montolit-grattino-115gl.jpeg","type":"image\/jpeg"}],"twitter_card":"summary_large_image","twitter_misc":{"Arvioitu lukuaika":"1 minuutti"},"schema":{"@context":"https:\/\/schema.org","@graph":[{"@type":"WebPage","@id":"https:\/\/www.plaadimehed.ee\/product\/montolit-grattino-lihvketas-puidule-o-115-mm\/","url":"https:\/\/www.plaadimehed.ee\/product\/montolit-grattino-lihvketas-puidule-o-115-mm\/","name":"MONTOLIT\u00ae GRATTINO lihvketas puidule \u00d8 115 mm - Plaadimehed","isPartOf":{"@id":"https:\/\/www.plaadimehed.ee\/#website"},"primaryImageOfPage":{"@id":"https:\/\/www.plaadimehed.ee\/product\/montolit-grattino-lihvketas-puidule-o-115-mm\/#primaryimage"},"image":{"@id":"https:\/\/www.plaadimehed.ee\/product\/montolit-grattino-lihvketas-puidule-o-115-mm\/#primaryimage"},"thumbnailUrl":"https:\/\/www.plaadimehed.ee\/wp-content\/uploads\/2023\/12\/0006232_montolit-grattino-115gl.jpeg","datePublished":"2023-12-20T08:56:51+00:00","dateModified":"2026-03-01T11:00:30+00:00","description":"lihvketas puidule GRATTINO 115GL","breadcrumb":{"@id":"https:\/\/www.plaadimehed.ee\/product\/montolit-grattino-lihvketas-puidule-o-115-mm\/#breadcrumb"},"inLanguage":"fi","potentialAction":[{"@type":"ReadAction","target":["https:\/\/www.plaadimehed.ee\/product\/montolit-grattino-lihvketas-puidule-o-115-mm\/"]}]},{"@type":"ImageObject","inLanguage":"fi","@id":"https:\/\/www.plaadimehed.ee\/product\/montolit-grattino-lihvketas-puidule-o-115-mm\/#primaryimage","url":"https:\/\/www.plaadimehed.ee\/wp-content\/uploads\/2023\/12\/0006232_montolit-grattino-115gl.jpeg","contentUrl":"https:\/\/www.plaadimehed.ee\/wp-content\/uploads\/2023\/12\/0006232_montolit-grattino-115gl.jpeg","width":800,"height":826},{"@type":"BreadcrumbList","@id":"https:\/\/www.plaadimehed.ee\/product\/montolit-grattino-lihvketas-puidule-o-115-mm\/#breadcrumb","itemListElement":[{"@type":"ListItem","position":1,"name":"Home","item":"https:\/\/www.plaadimehed.ee\/fi\/"},{"@type":"ListItem","position":2,"name":"Verkkokauppa","item":"https:\/\/www.plaadimehed.ee\/fi\/shop\/"},{"@type":"ListItem","position":3,"name":"MONTOLIT\u00ae GRATTINO lihvketas puidule \u00d8 115 mm"}]},{"@type":"WebSite","@id":"https:\/\/www.plaadimehed.ee\/#website","url":"https:\/\/www.plaadimehed.ee\/","name":"Plaadimehed","description":"Plaatimist\u00f6\u00f6deks vajalikud tarvikud ja t\u00f6\u00f6riistad","publisher":{"@id":"https:\/\/www.plaadimehed.ee\/#organization"},"potentialAction":[{"@type":"SearchAction","target":{"@type":"EntryPoint","urlTemplate":"https:\/\/www.plaadimehed.ee\/?s={search_term_string}"},"query-input":{"@type":"PropertyValueSpecification","valueRequired":true,"valueName":"search_term_string"}}],"inLanguage":"fi"},{"@type":"Organization","@id":"https:\/\/www.plaadimehed.ee\/#organization","name":"Plaadimehed","url":"https:\/\/www.plaadimehed.ee\/","logo":{"@type":"ImageObject","inLanguage":"fi","@id":"https:\/\/www.plaadimehed.ee\/#\/schema\/logo\/image\/","url":"https:\/\/www.plaadimehed.ee\/wp-content\/uploads\/2024\/05\/plaadimehed-logo.svg","contentUrl":"https:\/\/www.plaadimehed.ee\/wp-content\/uploads\/2024\/05\/plaadimehed-logo.svg","width":266,"height":72,"caption":"Plaadimehed"},"image":{"@id":"https:\/\/www.plaadimehed.ee\/#\/schema\/logo\/image\/"}}]}},"_links":{"self":[{"href":"https:\/\/www.plaadimehed.ee\/fi\/wp-json\/wp\/v2\/product\/10932","targetHints":{"allow":["GET"]}}],"collection":[{"href":"https:\/\/www.plaadimehed.ee\/fi\/wp-json\/wp\/v2\/product"}],"about":[{"href":"https:\/\/www.plaadimehed.ee\/fi\/wp-json\/wp\/v2\/types\/product"}],"wp:featuredmedia":[{"embeddable":true,"href":"https:\/\/www.plaadimehed.ee\/fi\/wp-json\/wp\/v2\/media\/10933"}],"wp:attachment":[{"href":"https:\/\/www.plaadimehed.ee\/fi\/wp-json\/wp\/v2\/media?parent=10932"}],"wp:term":[{"taxonomy":"product_brand","embeddable":true,"href":"https:\/\/www.plaadimehed.ee\/fi\/wp-json\/wp\/v2\/product_brand?post=10932"},{"taxonomy":"product_cat","embeddable":true,"href":"https:\/\/www.plaadimehed.ee\/fi\/wp-json\/wp\/v2\/product_cat?post=10932"},{"taxonomy":"product_tag","embeddable":true,"href":"https:\/\/www.plaadimehed.ee\/fi\/wp-json\/wp\/v2\/product_tag?post=10932"}],"curies":[{"name":"wp","href":"https:\/\/api.w.org\/{rel}","templated":true}]}}