{"id":11026,"date":"2024-01-09T09:29:54","date_gmt":"2024-01-09T07:29:54","guid":{"rendered":"https:\/\/www.plaadimehed.ee\/?post_type=product&#038;p=11026"},"modified":"2024-01-09T09:40:27","modified_gmt":"2024-01-09T07:40:27","slug":"mapei-kerapoxy-cleaner-075-l","status":"publish","type":"product","link":"https:\/\/www.plaadimehed.ee\/fi\/product\/mapei-kerapoxy-cleaner-075-l\/","title":{"rendered":"MAPEI Kerapoxy Cleaner 0,75 L"},"content":{"rendered":"<p>MAPEI Kerapoxy Cleaner on puhastusvahend plaatidelt epoksiidvuugit\u00e4ite (Kerapoxy, Kerapoxy P, Kerapoxy Design, jne) j\u00e4\u00e4kide eemaldamiseks. Kerapoxy Cleaner\u2019iga saab eemaldada epoksiidvuugit\u00e4ite j\u00e4\u00e4gid peale pinna l\u00f5plikku viimistlust. Toodet v\u00f5ib kasutada ka igasuguste kergete vuugit\u00e4ite j\u00e4\u00e4kide kuivamisest (n\u00e4iteks paigaldusest j\u00e4rgmisel p\u00e4eval) tekkinud plekkide v\u00f5i m\u00e4\u00e4rdumise eemaldamiseks.<\/p>\n<pre id=\"tw-target-text\" class=\"tw-data-text tw-text-large tw-ta\" dir=\"ltr\" data-placeholder=\"T\u00f5lge\" data-ved=\"2ahUKEwizjdTv38-DAxUIPhAIHXKDBWwQ3ewLegQIDRAQ\"><\/pre>\n<p>&nbsp;<\/p>\n<p>&nbsp;<\/p>\n<p>&nbsp;<\/p>\n","protected":false},"excerpt":{"rendered":"<p><span class=\"Y2IQFc\" lang=\"et\">Happeline puhastusvahend<\/span><\/p>\n","protected":false},"featured_media":11027,"template":"","meta":{"_acf_changed":false},"product_brand":[142],"product_cat":[172],"product_tag":[],"class_list":{"0":"post-11026","1":"product","2":"type-product","3":"status-publish","4":"has-post-thumbnail","6":"product_brand-mapei","7":"product_cat-puhastusained","9":"first","10":"instock","11":"taxable","12":"shipping-taxable","13":"purchasable","14":"product-type-simple"},"acf":[],"yoast_head":"<!-- This site is optimized with the Yoast SEO plugin v27.0 - https:\/\/yoast.com\/product\/yoast-seo-wordpress\/ -->\n<title>MAPEI Kerapoxy Cleaner 0,75 L - Plaadimehed<\/title>\n<meta name=\"robots\" content=\"index, follow, max-snippet:-1, max-image-preview:large, max-video-preview:-1\" \/>\n<link rel=\"canonical\" href=\"https:\/\/www.plaadimehed.ee\/product\/mapei-kerapoxy-cleaner-075-l\/\" \/>\n<meta property=\"og:locale\" content=\"fi_FI\" \/>\n<meta property=\"og:type\" content=\"article\" \/>\n<meta property=\"og:title\" content=\"MAPEI Kerapoxy Cleaner 0,75 L - Plaadimehed\" \/>\n<meta property=\"og:description\" content=\"Happeline puhastusvahend\" \/>\n<meta property=\"og:url\" content=\"https:\/\/www.plaadimehed.ee\/product\/mapei-kerapoxy-cleaner-075-l\/\" \/>\n<meta property=\"og:site_name\" content=\"Plaadimehed\" \/>\n<meta property=\"article:modified_time\" content=\"2024-01-09T07:40:27+00:00\" \/>\n<meta property=\"og:image\" content=\"https:\/\/www.plaadimehed.ee\/wp-content\/uploads\/2024\/01\/4_11001-ultracare-kerapoxy-cleaner-750ml-front-95810433_5dd6b595722a4e07a3a7057aff69a798.png\" \/>\n\t<meta property=\"og:image:width\" content=\"1080\" \/>\n\t<meta property=\"og:image:height\" content=\"1080\" \/>\n\t<meta property=\"og:image:type\" content=\"image\/png\" \/>\n<meta name=\"twitter:card\" content=\"summary_large_image\" \/>\n<script type=\"application\/ld+json\" class=\"yoast-schema-graph\">{\"@context\":\"https:\/\/schema.org\",\"@graph\":[{\"@type\":\"WebPage\",\"@id\":\"https:\/\/www.plaadimehed.ee\/product\/mapei-kerapoxy-cleaner-075-l\/\",\"url\":\"https:\/\/www.plaadimehed.ee\/product\/mapei-kerapoxy-cleaner-075-l\/\",\"name\":\"MAPEI Kerapoxy Cleaner 0,75 L - Plaadimehed\",\"isPartOf\":{\"@id\":\"https:\/\/www.plaadimehed.ee\/#website\"},\"primaryImageOfPage\":{\"@id\":\"https:\/\/www.plaadimehed.ee\/product\/mapei-kerapoxy-cleaner-075-l\/#primaryimage\"},\"image\":{\"@id\":\"https:\/\/www.plaadimehed.ee\/product\/mapei-kerapoxy-cleaner-075-l\/#primaryimage\"},\"thumbnailUrl\":\"https:\/\/www.plaadimehed.ee\/wp-content\/uploads\/2024\/01\/4_11001-ultracare-kerapoxy-cleaner-750ml-front-95810433_5dd6b595722a4e07a3a7057aff69a798.png\",\"datePublished\":\"2024-01-09T07:29:54+00:00\",\"dateModified\":\"2024-01-09T07:40:27+00:00\",\"breadcrumb\":{\"@id\":\"https:\/\/www.plaadimehed.ee\/product\/mapei-kerapoxy-cleaner-075-l\/#breadcrumb\"},\"inLanguage\":\"fi\",\"potentialAction\":[{\"@type\":\"ReadAction\",\"target\":[\"https:\/\/www.plaadimehed.ee\/product\/mapei-kerapoxy-cleaner-075-l\/\"]}]},{\"@type\":\"ImageObject\",\"inLanguage\":\"fi\",\"@id\":\"https:\/\/www.plaadimehed.ee\/product\/mapei-kerapoxy-cleaner-075-l\/#primaryimage\",\"url\":\"https:\/\/www.plaadimehed.ee\/wp-content\/uploads\/2024\/01\/4_11001-ultracare-kerapoxy-cleaner-750ml-front-95810433_5dd6b595722a4e07a3a7057aff69a798.png\",\"contentUrl\":\"https:\/\/www.plaadimehed.ee\/wp-content\/uploads\/2024\/01\/4_11001-ultracare-kerapoxy-cleaner-750ml-front-95810433_5dd6b595722a4e07a3a7057aff69a798.png\",\"width\":1080,\"height\":1080},{\"@type\":\"BreadcrumbList\",\"@id\":\"https:\/\/www.plaadimehed.ee\/product\/mapei-kerapoxy-cleaner-075-l\/#breadcrumb\",\"itemListElement\":[{\"@type\":\"ListItem\",\"position\":1,\"name\":\"Home\",\"item\":\"https:\/\/www.plaadimehed.ee\/fi\/\"},{\"@type\":\"ListItem\",\"position\":2,\"name\":\"Verkkokauppa\",\"item\":\"https:\/\/www.plaadimehed.ee\/fi\/shop\/\"},{\"@type\":\"ListItem\",\"position\":3,\"name\":\"MAPEI Kerapoxy Cleaner 0,75 L\"}]},{\"@type\":\"WebSite\",\"@id\":\"https:\/\/www.plaadimehed.ee\/#website\",\"url\":\"https:\/\/www.plaadimehed.ee\/\",\"name\":\"Plaadimehed\",\"description\":\"Plaatimist\u00f6\u00f6deks vajalikud tarvikud ja t\u00f6\u00f6riistad\",\"publisher\":{\"@id\":\"https:\/\/www.plaadimehed.ee\/#organization\"},\"potentialAction\":[{\"@type\":\"SearchAction\",\"target\":{\"@type\":\"EntryPoint\",\"urlTemplate\":\"https:\/\/www.plaadimehed.ee\/?s={search_term_string}\"},\"query-input\":{\"@type\":\"PropertyValueSpecification\",\"valueRequired\":true,\"valueName\":\"search_term_string\"}}],\"inLanguage\":\"fi\"},{\"@type\":\"Organization\",\"@id\":\"https:\/\/www.plaadimehed.ee\/#organization\",\"name\":\"Plaadimehed\",\"url\":\"https:\/\/www.plaadimehed.ee\/\",\"logo\":{\"@type\":\"ImageObject\",\"inLanguage\":\"fi\",\"@id\":\"https:\/\/www.plaadimehed.ee\/#\/schema\/logo\/image\/\",\"url\":\"https:\/\/www.plaadimehed.ee\/wp-content\/uploads\/2024\/05\/plaadimehed-logo.svg\",\"contentUrl\":\"https:\/\/www.plaadimehed.ee\/wp-content\/uploads\/2024\/05\/plaadimehed-logo.svg\",\"width\":266,\"height\":72,\"caption\":\"Plaadimehed\"},\"image\":{\"@id\":\"https:\/\/www.plaadimehed.ee\/#\/schema\/logo\/image\/\"}}]}<\/script>\n<!-- \/ Yoast SEO plugin. -->","yoast_head_json":{"title":"MAPEI Kerapoxy Cleaner 0,75 L - Plaadimehed","robots":{"index":"index","follow":"follow","max-snippet":"max-snippet:-1","max-image-preview":"max-image-preview:large","max-video-preview":"max-video-preview:-1"},"canonical":"https:\/\/www.plaadimehed.ee\/product\/mapei-kerapoxy-cleaner-075-l\/","og_locale":"fi_FI","og_type":"article","og_title":"MAPEI Kerapoxy Cleaner 0,75 L - Plaadimehed","og_description":"Happeline puhastusvahend","og_url":"https:\/\/www.plaadimehed.ee\/product\/mapei-kerapoxy-cleaner-075-l\/","og_site_name":"Plaadimehed","article_modified_time":"2024-01-09T07:40:27+00:00","og_image":[{"width":1080,"height":1080,"url":"https:\/\/www.plaadimehed.ee\/wp-content\/uploads\/2024\/01\/4_11001-ultracare-kerapoxy-cleaner-750ml-front-95810433_5dd6b595722a4e07a3a7057aff69a798.png","type":"image\/png"}],"twitter_card":"summary_large_image","schema":{"@context":"https:\/\/schema.org","@graph":[{"@type":"WebPage","@id":"https:\/\/www.plaadimehed.ee\/product\/mapei-kerapoxy-cleaner-075-l\/","url":"https:\/\/www.plaadimehed.ee\/product\/mapei-kerapoxy-cleaner-075-l\/","name":"MAPEI Kerapoxy Cleaner 0,75 L - Plaadimehed","isPartOf":{"@id":"https:\/\/www.plaadimehed.ee\/#website"},"primaryImageOfPage":{"@id":"https:\/\/www.plaadimehed.ee\/product\/mapei-kerapoxy-cleaner-075-l\/#primaryimage"},"image":{"@id":"https:\/\/www.plaadimehed.ee\/product\/mapei-kerapoxy-cleaner-075-l\/#primaryimage"},"thumbnailUrl":"https:\/\/www.plaadimehed.ee\/wp-content\/uploads\/2024\/01\/4_11001-ultracare-kerapoxy-cleaner-750ml-front-95810433_5dd6b595722a4e07a3a7057aff69a798.png","datePublished":"2024-01-09T07:29:54+00:00","dateModified":"2024-01-09T07:40:27+00:00","breadcrumb":{"@id":"https:\/\/www.plaadimehed.ee\/product\/mapei-kerapoxy-cleaner-075-l\/#breadcrumb"},"inLanguage":"fi","potentialAction":[{"@type":"ReadAction","target":["https:\/\/www.plaadimehed.ee\/product\/mapei-kerapoxy-cleaner-075-l\/"]}]},{"@type":"ImageObject","inLanguage":"fi","@id":"https:\/\/www.plaadimehed.ee\/product\/mapei-kerapoxy-cleaner-075-l\/#primaryimage","url":"https:\/\/www.plaadimehed.ee\/wp-content\/uploads\/2024\/01\/4_11001-ultracare-kerapoxy-cleaner-750ml-front-95810433_5dd6b595722a4e07a3a7057aff69a798.png","contentUrl":"https:\/\/www.plaadimehed.ee\/wp-content\/uploads\/2024\/01\/4_11001-ultracare-kerapoxy-cleaner-750ml-front-95810433_5dd6b595722a4e07a3a7057aff69a798.png","width":1080,"height":1080},{"@type":"BreadcrumbList","@id":"https:\/\/www.plaadimehed.ee\/product\/mapei-kerapoxy-cleaner-075-l\/#breadcrumb","itemListElement":[{"@type":"ListItem","position":1,"name":"Home","item":"https:\/\/www.plaadimehed.ee\/fi\/"},{"@type":"ListItem","position":2,"name":"Verkkokauppa","item":"https:\/\/www.plaadimehed.ee\/fi\/shop\/"},{"@type":"ListItem","position":3,"name":"MAPEI Kerapoxy Cleaner 0,75 L"}]},{"@type":"WebSite","@id":"https:\/\/www.plaadimehed.ee\/#website","url":"https:\/\/www.plaadimehed.ee\/","name":"Plaadimehed","description":"Plaatimist\u00f6\u00f6deks vajalikud tarvikud ja t\u00f6\u00f6riistad","publisher":{"@id":"https:\/\/www.plaadimehed.ee\/#organization"},"potentialAction":[{"@type":"SearchAction","target":{"@type":"EntryPoint","urlTemplate":"https:\/\/www.plaadimehed.ee\/?s={search_term_string}"},"query-input":{"@type":"PropertyValueSpecification","valueRequired":true,"valueName":"search_term_string"}}],"inLanguage":"fi"},{"@type":"Organization","@id":"https:\/\/www.plaadimehed.ee\/#organization","name":"Plaadimehed","url":"https:\/\/www.plaadimehed.ee\/","logo":{"@type":"ImageObject","inLanguage":"fi","@id":"https:\/\/www.plaadimehed.ee\/#\/schema\/logo\/image\/","url":"https:\/\/www.plaadimehed.ee\/wp-content\/uploads\/2024\/05\/plaadimehed-logo.svg","contentUrl":"https:\/\/www.plaadimehed.ee\/wp-content\/uploads\/2024\/05\/plaadimehed-logo.svg","width":266,"height":72,"caption":"Plaadimehed"},"image":{"@id":"https:\/\/www.plaadimehed.ee\/#\/schema\/logo\/image\/"}}]}},"_links":{"self":[{"href":"https:\/\/www.plaadimehed.ee\/fi\/wp-json\/wp\/v2\/product\/11026","targetHints":{"allow":["GET"]}}],"collection":[{"href":"https:\/\/www.plaadimehed.ee\/fi\/wp-json\/wp\/v2\/product"}],"about":[{"href":"https:\/\/www.plaadimehed.ee\/fi\/wp-json\/wp\/v2\/types\/product"}],"wp:featuredmedia":[{"embeddable":true,"href":"https:\/\/www.plaadimehed.ee\/fi\/wp-json\/wp\/v2\/media\/11027"}],"wp:attachment":[{"href":"https:\/\/www.plaadimehed.ee\/fi\/wp-json\/wp\/v2\/media?parent=11026"}],"wp:term":[{"taxonomy":"product_brand","embeddable":true,"href":"https:\/\/www.plaadimehed.ee\/fi\/wp-json\/wp\/v2\/product_brand?post=11026"},{"taxonomy":"product_cat","embeddable":true,"href":"https:\/\/www.plaadimehed.ee\/fi\/wp-json\/wp\/v2\/product_cat?post=11026"},{"taxonomy":"product_tag","embeddable":true,"href":"https:\/\/www.plaadimehed.ee\/fi\/wp-json\/wp\/v2\/product_tag?post=11026"}],"curies":[{"name":"wp","href":"https:\/\/api.w.org\/{rel}","templated":true}]}}