{"id":11082,"date":"2024-01-15T09:17:43","date_gmt":"2024-01-15T07:17:43","guid":{"rendered":"https:\/\/www.plaadimehed.ee\/?post_type=product&#038;p=11082"},"modified":"2024-01-15T09:24:02","modified_gmt":"2024-01-15T07:24:02","slug":"kiilto-trapitugevdustukk-2tk-30x30-cm","status":"publish","type":"product","link":"https:\/\/www.plaadimehed.ee\/fi\/product\/kiilto-trapitugevdustukk-2tk-30x30-cm\/","title":{"rendered":"Kiilto\u00ae Trapitugevdust\u00fckk 2tk 30&#215;30 cm"},"content":{"rendered":"<p>Kiudtugevdatud t\u00fckk trapi tugevdamiseks ja sulgemiseks. Kasutamiseks koos Kiilto Kerafiber-i h\u00fcdroisolatsioonimastiksiga.<\/p>\n<p><img loading=\"lazy\" decoding=\"async\" class=\"alignnone wp-image-135\" src=\"https:\/\/www.plaadimehed.ee\/wp-content\/uploads\/2021\/05\/bdf-logo.png\" alt=\"\" width=\"29\" height=\"29\" srcset=\"https:\/\/www.plaadimehed.ee\/wp-content\/uploads\/2021\/05\/bdf-logo.png 225w, https:\/\/www.plaadimehed.ee\/wp-content\/uploads\/2021\/05\/bdf-logo-100x100.png 100w, https:\/\/www.plaadimehed.ee\/wp-content\/uploads\/2021\/05\/bdf-logo-150x150.png 150w\" sizes=\"auto, (max-width: 29px) 100vw, 29px\" \/><a href=\"https:\/\/www.plaadimehed.ee\/wp-content\/uploads\/2024\/01\/Tooteinfo-trapidugevdus.pdf\">Tooteinfo <\/a><\/p>\n","protected":false},"excerpt":{"rendered":"<p>Kiudtugevdatud t\u00fckk trapi tugevdamiseks ja sulgemiseks. Kasutamiseks koos Kiilto Kerafiber-i h\u00fcdroisolatsioonimastiksiga.<\/p>\n","protected":false},"featured_media":11083,"template":"","meta":{"_acf_changed":false},"product_brand":[108],"product_cat":[123,124],"product_tag":[],"class_list":{"0":"post-11082","1":"product","2":"type-product","3":"status-publish","4":"has-post-thumbnail","6":"product_brand-kiilto","7":"product_cat-materjalid","8":"product_cat-membraanid","10":"first","11":"instock","12":"taxable","13":"shipping-taxable","14":"purchasable","15":"product-type-simple"},"acf":[],"yoast_head":"<!-- This site is optimized with the Yoast SEO plugin v27.0 - https:\/\/yoast.com\/product\/yoast-seo-wordpress\/ -->\n<title>Kiilto\u00ae Trapitugevdust\u00fckk 2tk 30x30 cm - Plaadimehed<\/title>\n<meta name=\"robots\" content=\"index, follow, max-snippet:-1, max-image-preview:large, max-video-preview:-1\" \/>\n<link rel=\"canonical\" href=\"https:\/\/www.plaadimehed.ee\/product\/kiilto-trapitugevdustukk-2tk-30x30-cm\/\" \/>\n<meta property=\"og:locale\" content=\"fi_FI\" \/>\n<meta property=\"og:type\" content=\"article\" \/>\n<meta property=\"og:title\" content=\"Kiilto\u00ae Trapitugevdust\u00fckk 2tk 30x30 cm - Plaadimehed\" \/>\n<meta property=\"og:description\" content=\"Kiudtugevdatud t\u00fckk trapi tugevdamiseks ja sulgemiseks. Kasutamiseks koos Kiilto Kerafiber-i h\u00fcdroisolatsioonimastiksiga.\" \/>\n<meta property=\"og:url\" content=\"https:\/\/www.plaadimehed.ee\/product\/kiilto-trapitugevdustukk-2tk-30x30-cm\/\" \/>\n<meta property=\"og:site_name\" content=\"Plaadimehed\" \/>\n<meta property=\"article:modified_time\" content=\"2024-01-15T07:24:02+00:00\" \/>\n<meta property=\"og:image\" content=\"https:\/\/www.plaadimehed.ee\/wp-content\/uploads\/2024\/01\/kiilto-trapituevdustk.png\" \/>\n\t<meta property=\"og:image:width\" content=\"1440\" \/>\n\t<meta property=\"og:image:height\" content=\"1444\" \/>\n\t<meta property=\"og:image:type\" content=\"image\/png\" \/>\n<meta name=\"twitter:card\" content=\"summary_large_image\" \/>\n<script type=\"application\/ld+json\" class=\"yoast-schema-graph\">{\"@context\":\"https:\/\/schema.org\",\"@graph\":[{\"@type\":\"WebPage\",\"@id\":\"https:\/\/www.plaadimehed.ee\/product\/kiilto-trapitugevdustukk-2tk-30x30-cm\/\",\"url\":\"https:\/\/www.plaadimehed.ee\/product\/kiilto-trapitugevdustukk-2tk-30x30-cm\/\",\"name\":\"Kiilto\u00ae Trapitugevdust\u00fckk 2tk 30x30 cm - Plaadimehed\",\"isPartOf\":{\"@id\":\"https:\/\/www.plaadimehed.ee\/#website\"},\"primaryImageOfPage\":{\"@id\":\"https:\/\/www.plaadimehed.ee\/product\/kiilto-trapitugevdustukk-2tk-30x30-cm\/#primaryimage\"},\"image\":{\"@id\":\"https:\/\/www.plaadimehed.ee\/product\/kiilto-trapitugevdustukk-2tk-30x30-cm\/#primaryimage\"},\"thumbnailUrl\":\"https:\/\/www.plaadimehed.ee\/wp-content\/uploads\/2024\/01\/kiilto-trapituevdustk.png\",\"datePublished\":\"2024-01-15T07:17:43+00:00\",\"dateModified\":\"2024-01-15T07:24:02+00:00\",\"breadcrumb\":{\"@id\":\"https:\/\/www.plaadimehed.ee\/product\/kiilto-trapitugevdustukk-2tk-30x30-cm\/#breadcrumb\"},\"inLanguage\":\"fi\",\"potentialAction\":[{\"@type\":\"ReadAction\",\"target\":[\"https:\/\/www.plaadimehed.ee\/product\/kiilto-trapitugevdustukk-2tk-30x30-cm\/\"]}]},{\"@type\":\"ImageObject\",\"inLanguage\":\"fi\",\"@id\":\"https:\/\/www.plaadimehed.ee\/product\/kiilto-trapitugevdustukk-2tk-30x30-cm\/#primaryimage\",\"url\":\"https:\/\/www.plaadimehed.ee\/wp-content\/uploads\/2024\/01\/kiilto-trapituevdustk.png\",\"contentUrl\":\"https:\/\/www.plaadimehed.ee\/wp-content\/uploads\/2024\/01\/kiilto-trapituevdustk.png\",\"width\":1440,\"height\":1444},{\"@type\":\"BreadcrumbList\",\"@id\":\"https:\/\/www.plaadimehed.ee\/product\/kiilto-trapitugevdustukk-2tk-30x30-cm\/#breadcrumb\",\"itemListElement\":[{\"@type\":\"ListItem\",\"position\":1,\"name\":\"Home\",\"item\":\"https:\/\/www.plaadimehed.ee\/fi\/\"},{\"@type\":\"ListItem\",\"position\":2,\"name\":\"Verkkokauppa\",\"item\":\"https:\/\/www.plaadimehed.ee\/fi\/shop\/\"},{\"@type\":\"ListItem\",\"position\":3,\"name\":\"Kiilto\u00ae Trapitugevdust\u00fckk 2tk 30&#215;30 cm\"}]},{\"@type\":\"WebSite\",\"@id\":\"https:\/\/www.plaadimehed.ee\/#website\",\"url\":\"https:\/\/www.plaadimehed.ee\/\",\"name\":\"Plaadimehed\",\"description\":\"Plaatimist\u00f6\u00f6deks vajalikud tarvikud ja t\u00f6\u00f6riistad\",\"publisher\":{\"@id\":\"https:\/\/www.plaadimehed.ee\/#organization\"},\"potentialAction\":[{\"@type\":\"SearchAction\",\"target\":{\"@type\":\"EntryPoint\",\"urlTemplate\":\"https:\/\/www.plaadimehed.ee\/?s={search_term_string}\"},\"query-input\":{\"@type\":\"PropertyValueSpecification\",\"valueRequired\":true,\"valueName\":\"search_term_string\"}}],\"inLanguage\":\"fi\"},{\"@type\":\"Organization\",\"@id\":\"https:\/\/www.plaadimehed.ee\/#organization\",\"name\":\"Plaadimehed\",\"url\":\"https:\/\/www.plaadimehed.ee\/\",\"logo\":{\"@type\":\"ImageObject\",\"inLanguage\":\"fi\",\"@id\":\"https:\/\/www.plaadimehed.ee\/#\/schema\/logo\/image\/\",\"url\":\"https:\/\/www.plaadimehed.ee\/wp-content\/uploads\/2024\/05\/plaadimehed-logo.svg\",\"contentUrl\":\"https:\/\/www.plaadimehed.ee\/wp-content\/uploads\/2024\/05\/plaadimehed-logo.svg\",\"width\":266,\"height\":72,\"caption\":\"Plaadimehed\"},\"image\":{\"@id\":\"https:\/\/www.plaadimehed.ee\/#\/schema\/logo\/image\/\"}}]}<\/script>\n<!-- \/ Yoast SEO plugin. -->","yoast_head_json":{"title":"Kiilto\u00ae Trapitugevdust\u00fckk 2tk 30x30 cm - Plaadimehed","robots":{"index":"index","follow":"follow","max-snippet":"max-snippet:-1","max-image-preview":"max-image-preview:large","max-video-preview":"max-video-preview:-1"},"canonical":"https:\/\/www.plaadimehed.ee\/product\/kiilto-trapitugevdustukk-2tk-30x30-cm\/","og_locale":"fi_FI","og_type":"article","og_title":"Kiilto\u00ae Trapitugevdust\u00fckk 2tk 30x30 cm - Plaadimehed","og_description":"Kiudtugevdatud t\u00fckk trapi tugevdamiseks ja sulgemiseks. Kasutamiseks koos Kiilto Kerafiber-i h\u00fcdroisolatsioonimastiksiga.","og_url":"https:\/\/www.plaadimehed.ee\/product\/kiilto-trapitugevdustukk-2tk-30x30-cm\/","og_site_name":"Plaadimehed","article_modified_time":"2024-01-15T07:24:02+00:00","og_image":[{"width":1440,"height":1444,"url":"https:\/\/www.plaadimehed.ee\/wp-content\/uploads\/2024\/01\/kiilto-trapituevdustk.png","type":"image\/png"}],"twitter_card":"summary_large_image","schema":{"@context":"https:\/\/schema.org","@graph":[{"@type":"WebPage","@id":"https:\/\/www.plaadimehed.ee\/product\/kiilto-trapitugevdustukk-2tk-30x30-cm\/","url":"https:\/\/www.plaadimehed.ee\/product\/kiilto-trapitugevdustukk-2tk-30x30-cm\/","name":"Kiilto\u00ae Trapitugevdust\u00fckk 2tk 30x30 cm - Plaadimehed","isPartOf":{"@id":"https:\/\/www.plaadimehed.ee\/#website"},"primaryImageOfPage":{"@id":"https:\/\/www.plaadimehed.ee\/product\/kiilto-trapitugevdustukk-2tk-30x30-cm\/#primaryimage"},"image":{"@id":"https:\/\/www.plaadimehed.ee\/product\/kiilto-trapitugevdustukk-2tk-30x30-cm\/#primaryimage"},"thumbnailUrl":"https:\/\/www.plaadimehed.ee\/wp-content\/uploads\/2024\/01\/kiilto-trapituevdustk.png","datePublished":"2024-01-15T07:17:43+00:00","dateModified":"2024-01-15T07:24:02+00:00","breadcrumb":{"@id":"https:\/\/www.plaadimehed.ee\/product\/kiilto-trapitugevdustukk-2tk-30x30-cm\/#breadcrumb"},"inLanguage":"fi","potentialAction":[{"@type":"ReadAction","target":["https:\/\/www.plaadimehed.ee\/product\/kiilto-trapitugevdustukk-2tk-30x30-cm\/"]}]},{"@type":"ImageObject","inLanguage":"fi","@id":"https:\/\/www.plaadimehed.ee\/product\/kiilto-trapitugevdustukk-2tk-30x30-cm\/#primaryimage","url":"https:\/\/www.plaadimehed.ee\/wp-content\/uploads\/2024\/01\/kiilto-trapituevdustk.png","contentUrl":"https:\/\/www.plaadimehed.ee\/wp-content\/uploads\/2024\/01\/kiilto-trapituevdustk.png","width":1440,"height":1444},{"@type":"BreadcrumbList","@id":"https:\/\/www.plaadimehed.ee\/product\/kiilto-trapitugevdustukk-2tk-30x30-cm\/#breadcrumb","itemListElement":[{"@type":"ListItem","position":1,"name":"Home","item":"https:\/\/www.plaadimehed.ee\/fi\/"},{"@type":"ListItem","position":2,"name":"Verkkokauppa","item":"https:\/\/www.plaadimehed.ee\/fi\/shop\/"},{"@type":"ListItem","position":3,"name":"Kiilto\u00ae Trapitugevdust\u00fckk 2tk 30&#215;30 cm"}]},{"@type":"WebSite","@id":"https:\/\/www.plaadimehed.ee\/#website","url":"https:\/\/www.plaadimehed.ee\/","name":"Plaadimehed","description":"Plaatimist\u00f6\u00f6deks vajalikud tarvikud ja t\u00f6\u00f6riistad","publisher":{"@id":"https:\/\/www.plaadimehed.ee\/#organization"},"potentialAction":[{"@type":"SearchAction","target":{"@type":"EntryPoint","urlTemplate":"https:\/\/www.plaadimehed.ee\/?s={search_term_string}"},"query-input":{"@type":"PropertyValueSpecification","valueRequired":true,"valueName":"search_term_string"}}],"inLanguage":"fi"},{"@type":"Organization","@id":"https:\/\/www.plaadimehed.ee\/#organization","name":"Plaadimehed","url":"https:\/\/www.plaadimehed.ee\/","logo":{"@type":"ImageObject","inLanguage":"fi","@id":"https:\/\/www.plaadimehed.ee\/#\/schema\/logo\/image\/","url":"https:\/\/www.plaadimehed.ee\/wp-content\/uploads\/2024\/05\/plaadimehed-logo.svg","contentUrl":"https:\/\/www.plaadimehed.ee\/wp-content\/uploads\/2024\/05\/plaadimehed-logo.svg","width":266,"height":72,"caption":"Plaadimehed"},"image":{"@id":"https:\/\/www.plaadimehed.ee\/#\/schema\/logo\/image\/"}}]}},"_links":{"self":[{"href":"https:\/\/www.plaadimehed.ee\/fi\/wp-json\/wp\/v2\/product\/11082","targetHints":{"allow":["GET"]}}],"collection":[{"href":"https:\/\/www.plaadimehed.ee\/fi\/wp-json\/wp\/v2\/product"}],"about":[{"href":"https:\/\/www.plaadimehed.ee\/fi\/wp-json\/wp\/v2\/types\/product"}],"wp:featuredmedia":[{"embeddable":true,"href":"https:\/\/www.plaadimehed.ee\/fi\/wp-json\/wp\/v2\/media\/11083"}],"wp:attachment":[{"href":"https:\/\/www.plaadimehed.ee\/fi\/wp-json\/wp\/v2\/media?parent=11082"}],"wp:term":[{"taxonomy":"product_brand","embeddable":true,"href":"https:\/\/www.plaadimehed.ee\/fi\/wp-json\/wp\/v2\/product_brand?post=11082"},{"taxonomy":"product_cat","embeddable":true,"href":"https:\/\/www.plaadimehed.ee\/fi\/wp-json\/wp\/v2\/product_cat?post=11082"},{"taxonomy":"product_tag","embeddable":true,"href":"https:\/\/www.plaadimehed.ee\/fi\/wp-json\/wp\/v2\/product_tag?post=11082"}],"curies":[{"name":"wp","href":"https:\/\/api.w.org\/{rel}","templated":true}]}}