{"id":11227,"date":"2024-02-09T11:47:48","date_gmt":"2024-02-09T09:47:48","guid":{"rendered":"https:\/\/www.plaadimehed.ee\/?post_type=product&#038;p=11227"},"modified":"2024-04-15T20:42:04","modified_gmt":"2024-04-15T18:42:04","slug":"tetti-iseliimuv-tihenduslint-12-cm-x-10-m","status":"publish","type":"product","link":"https:\/\/www.plaadimehed.ee\/fi\/product\/tetti-iseliimuv-tihenduslint-12-cm-x-10-m\/","title":{"rendered":"Tetti\u00ae Iseliimuv tihenduslint 12 cm x 10 m"},"content":{"rendered":"<p>\u25cf Rulli laius 12 cm , rullis 10 m<br \/>\n\u25cf Tetti membraan s\u00fcsteemi osa<br \/>\n\u25cf Tetti membraani, ning p\u00f5randa ja seina liitekohtade tihendamiseks<br \/>\n\u25cf Kasutusalad: k\u00f6\u00f6gid, esikud, r\u00f5dud, terrassid, tehno ja abiruumid jne.<br \/>\n\u25cf Iseliimuv<br \/>\n\u25cf <span class=\"Y2IQFc\" lang=\"et\">Veetihe\u00a0<\/span><\/p>\n<p><img loading=\"lazy\" decoding=\"async\" class=\"\" src=\"https:\/\/www.plaadimehed.ee\/wp-content\/uploads\/2021\/05\/bdf-logo.png\" width=\"38\" height=\"38\" \/><a href=\"https:\/\/www.plaadimehed.ee\/wp-content\/uploads\/2023\/07\/Tetti-Catalog-2024.pdf\">Tetti Catalog 2024<\/a><\/p>\n","protected":false},"excerpt":{"rendered":"<p id=\"tw-target-text\" class=\"tw-data-text tw-text-large tw-ta\" dir=\"ltr\" data-placeholder=\"T\u00f5lge\" data-ved=\"2ahUKEwjX_drR_52EAxWaEhAIHYUICzYQ3ewLegQIChAU\"><span class=\"Y2IQFc\" lang=\"et\">Isekleepuv, koosneb but\u00fc\u00fclkummist, pol\u00fcprop\u00fcleenist (PP) mittekootud kangast ja silikooniga t\u00f6\u00f6deldud kattega<\/span><\/p>\n","protected":false},"featured_media":11245,"template":"","meta":{"_acf_changed":false},"product_brand":[173],"product_cat":[123,124,156],"product_tag":[],"class_list":{"0":"post-11227","1":"product","2":"type-product","3":"status-publish","4":"has-post-thumbnail","6":"product_brand-tetti","7":"product_cat-materjalid","8":"product_cat-membraanid","9":"product_cat-moodulsuteemid-terrassid-ja-rodud","11":"first","12":"instock","13":"taxable","14":"shipping-taxable","15":"purchasable","16":"product-type-simple"},"acf":[],"yoast_head":"<!-- This site is optimized with the Yoast SEO plugin v27.0 - https:\/\/yoast.com\/product\/yoast-seo-wordpress\/ -->\n<title>Tetti\u00ae Iseliimuv tihenduslint 12 cm x 10 m - Plaadimehed<\/title>\n<meta name=\"description\" content=\"Lint proband\" \/>\n<meta name=\"robots\" content=\"index, follow, max-snippet:-1, max-image-preview:large, max-video-preview:-1\" \/>\n<link rel=\"canonical\" href=\"https:\/\/www.plaadimehed.ee\/product\/tetti-iseliimuv-tihenduslint-12-cm-x-10-m\/\" \/>\n<meta property=\"og:locale\" content=\"fi_FI\" \/>\n<meta property=\"og:type\" content=\"article\" \/>\n<meta property=\"og:title\" content=\"Tetti\u00ae Iseliimuv tihenduslint 12 cm x 10 m - Plaadimehed\" \/>\n<meta property=\"og:description\" content=\"Lint proband\" \/>\n<meta property=\"og:url\" content=\"https:\/\/www.plaadimehed.ee\/product\/tetti-iseliimuv-tihenduslint-12-cm-x-10-m\/\" \/>\n<meta property=\"og:site_name\" content=\"Plaadimehed\" \/>\n<meta property=\"article:modified_time\" content=\"2024-04-15T18:42:04+00:00\" \/>\n<meta property=\"og:image\" content=\"https:\/\/www.plaadimehed.ee\/wp-content\/uploads\/2024\/02\/Untitled-design-4-1.png\" \/>\n\t<meta property=\"og:image:width\" content=\"1080\" \/>\n\t<meta property=\"og:image:height\" content=\"1080\" \/>\n\t<meta property=\"og:image:type\" content=\"image\/png\" \/>\n<meta name=\"twitter:card\" content=\"summary_large_image\" \/>\n<script type=\"application\/ld+json\" class=\"yoast-schema-graph\">{\"@context\":\"https:\/\/schema.org\",\"@graph\":[{\"@type\":\"WebPage\",\"@id\":\"https:\/\/www.plaadimehed.ee\/product\/tetti-iseliimuv-tihenduslint-12-cm-x-10-m\/\",\"url\":\"https:\/\/www.plaadimehed.ee\/product\/tetti-iseliimuv-tihenduslint-12-cm-x-10-m\/\",\"name\":\"Tetti\u00ae Iseliimuv tihenduslint 12 cm x 10 m - Plaadimehed\",\"isPartOf\":{\"@id\":\"https:\/\/www.plaadimehed.ee\/#website\"},\"primaryImageOfPage\":{\"@id\":\"https:\/\/www.plaadimehed.ee\/product\/tetti-iseliimuv-tihenduslint-12-cm-x-10-m\/#primaryimage\"},\"image\":{\"@id\":\"https:\/\/www.plaadimehed.ee\/product\/tetti-iseliimuv-tihenduslint-12-cm-x-10-m\/#primaryimage\"},\"thumbnailUrl\":\"https:\/\/www.plaadimehed.ee\/wp-content\/uploads\/2024\/02\/Untitled-design-4-1.png\",\"datePublished\":\"2024-02-09T09:47:48+00:00\",\"dateModified\":\"2024-04-15T18:42:04+00:00\",\"description\":\"Lint proband\",\"breadcrumb\":{\"@id\":\"https:\/\/www.plaadimehed.ee\/product\/tetti-iseliimuv-tihenduslint-12-cm-x-10-m\/#breadcrumb\"},\"inLanguage\":\"fi\",\"potentialAction\":[{\"@type\":\"ReadAction\",\"target\":[\"https:\/\/www.plaadimehed.ee\/product\/tetti-iseliimuv-tihenduslint-12-cm-x-10-m\/\"]}]},{\"@type\":\"ImageObject\",\"inLanguage\":\"fi\",\"@id\":\"https:\/\/www.plaadimehed.ee\/product\/tetti-iseliimuv-tihenduslint-12-cm-x-10-m\/#primaryimage\",\"url\":\"https:\/\/www.plaadimehed.ee\/wp-content\/uploads\/2024\/02\/Untitled-design-4-1.png\",\"contentUrl\":\"https:\/\/www.plaadimehed.ee\/wp-content\/uploads\/2024\/02\/Untitled-design-4-1.png\",\"width\":1080,\"height\":1080,\"caption\":\"Tetti\u00ae Iseliimuv tihenduslint 12 cm x 10 m\"},{\"@type\":\"BreadcrumbList\",\"@id\":\"https:\/\/www.plaadimehed.ee\/product\/tetti-iseliimuv-tihenduslint-12-cm-x-10-m\/#breadcrumb\",\"itemListElement\":[{\"@type\":\"ListItem\",\"position\":1,\"name\":\"Home\",\"item\":\"https:\/\/www.plaadimehed.ee\/fi\/\"},{\"@type\":\"ListItem\",\"position\":2,\"name\":\"Verkkokauppa\",\"item\":\"https:\/\/www.plaadimehed.ee\/fi\/shop\/\"},{\"@type\":\"ListItem\",\"position\":3,\"name\":\"Tetti\u00ae Iseliimuv tihenduslint 12 cm x 10 m\"}]},{\"@type\":\"WebSite\",\"@id\":\"https:\/\/www.plaadimehed.ee\/#website\",\"url\":\"https:\/\/www.plaadimehed.ee\/\",\"name\":\"Plaadimehed\",\"description\":\"Plaatimist\u00f6\u00f6deks vajalikud tarvikud ja t\u00f6\u00f6riistad\",\"publisher\":{\"@id\":\"https:\/\/www.plaadimehed.ee\/#organization\"},\"potentialAction\":[{\"@type\":\"SearchAction\",\"target\":{\"@type\":\"EntryPoint\",\"urlTemplate\":\"https:\/\/www.plaadimehed.ee\/?s={search_term_string}\"},\"query-input\":{\"@type\":\"PropertyValueSpecification\",\"valueRequired\":true,\"valueName\":\"search_term_string\"}}],\"inLanguage\":\"fi\"},{\"@type\":\"Organization\",\"@id\":\"https:\/\/www.plaadimehed.ee\/#organization\",\"name\":\"Plaadimehed\",\"url\":\"https:\/\/www.plaadimehed.ee\/\",\"logo\":{\"@type\":\"ImageObject\",\"inLanguage\":\"fi\",\"@id\":\"https:\/\/www.plaadimehed.ee\/#\/schema\/logo\/image\/\",\"url\":\"https:\/\/www.plaadimehed.ee\/wp-content\/uploads\/2024\/05\/plaadimehed-logo.svg\",\"contentUrl\":\"https:\/\/www.plaadimehed.ee\/wp-content\/uploads\/2024\/05\/plaadimehed-logo.svg\",\"width\":266,\"height\":72,\"caption\":\"Plaadimehed\"},\"image\":{\"@id\":\"https:\/\/www.plaadimehed.ee\/#\/schema\/logo\/image\/\"}}]}<\/script>\n<!-- \/ Yoast SEO plugin. -->","yoast_head_json":{"title":"Tetti\u00ae Iseliimuv tihenduslint 12 cm x 10 m - Plaadimehed","description":"Lint proband","robots":{"index":"index","follow":"follow","max-snippet":"max-snippet:-1","max-image-preview":"max-image-preview:large","max-video-preview":"max-video-preview:-1"},"canonical":"https:\/\/www.plaadimehed.ee\/product\/tetti-iseliimuv-tihenduslint-12-cm-x-10-m\/","og_locale":"fi_FI","og_type":"article","og_title":"Tetti\u00ae Iseliimuv tihenduslint 12 cm x 10 m - Plaadimehed","og_description":"Lint proband","og_url":"https:\/\/www.plaadimehed.ee\/product\/tetti-iseliimuv-tihenduslint-12-cm-x-10-m\/","og_site_name":"Plaadimehed","article_modified_time":"2024-04-15T18:42:04+00:00","og_image":[{"width":1080,"height":1080,"url":"https:\/\/www.plaadimehed.ee\/wp-content\/uploads\/2024\/02\/Untitled-design-4-1.png","type":"image\/png"}],"twitter_card":"summary_large_image","schema":{"@context":"https:\/\/schema.org","@graph":[{"@type":"WebPage","@id":"https:\/\/www.plaadimehed.ee\/product\/tetti-iseliimuv-tihenduslint-12-cm-x-10-m\/","url":"https:\/\/www.plaadimehed.ee\/product\/tetti-iseliimuv-tihenduslint-12-cm-x-10-m\/","name":"Tetti\u00ae Iseliimuv tihenduslint 12 cm x 10 m - Plaadimehed","isPartOf":{"@id":"https:\/\/www.plaadimehed.ee\/#website"},"primaryImageOfPage":{"@id":"https:\/\/www.plaadimehed.ee\/product\/tetti-iseliimuv-tihenduslint-12-cm-x-10-m\/#primaryimage"},"image":{"@id":"https:\/\/www.plaadimehed.ee\/product\/tetti-iseliimuv-tihenduslint-12-cm-x-10-m\/#primaryimage"},"thumbnailUrl":"https:\/\/www.plaadimehed.ee\/wp-content\/uploads\/2024\/02\/Untitled-design-4-1.png","datePublished":"2024-02-09T09:47:48+00:00","dateModified":"2024-04-15T18:42:04+00:00","description":"Lint proband","breadcrumb":{"@id":"https:\/\/www.plaadimehed.ee\/product\/tetti-iseliimuv-tihenduslint-12-cm-x-10-m\/#breadcrumb"},"inLanguage":"fi","potentialAction":[{"@type":"ReadAction","target":["https:\/\/www.plaadimehed.ee\/product\/tetti-iseliimuv-tihenduslint-12-cm-x-10-m\/"]}]},{"@type":"ImageObject","inLanguage":"fi","@id":"https:\/\/www.plaadimehed.ee\/product\/tetti-iseliimuv-tihenduslint-12-cm-x-10-m\/#primaryimage","url":"https:\/\/www.plaadimehed.ee\/wp-content\/uploads\/2024\/02\/Untitled-design-4-1.png","contentUrl":"https:\/\/www.plaadimehed.ee\/wp-content\/uploads\/2024\/02\/Untitled-design-4-1.png","width":1080,"height":1080,"caption":"Tetti\u00ae Iseliimuv tihenduslint 12 cm x 10 m"},{"@type":"BreadcrumbList","@id":"https:\/\/www.plaadimehed.ee\/product\/tetti-iseliimuv-tihenduslint-12-cm-x-10-m\/#breadcrumb","itemListElement":[{"@type":"ListItem","position":1,"name":"Home","item":"https:\/\/www.plaadimehed.ee\/fi\/"},{"@type":"ListItem","position":2,"name":"Verkkokauppa","item":"https:\/\/www.plaadimehed.ee\/fi\/shop\/"},{"@type":"ListItem","position":3,"name":"Tetti\u00ae Iseliimuv tihenduslint 12 cm x 10 m"}]},{"@type":"WebSite","@id":"https:\/\/www.plaadimehed.ee\/#website","url":"https:\/\/www.plaadimehed.ee\/","name":"Plaadimehed","description":"Plaatimist\u00f6\u00f6deks vajalikud tarvikud ja t\u00f6\u00f6riistad","publisher":{"@id":"https:\/\/www.plaadimehed.ee\/#organization"},"potentialAction":[{"@type":"SearchAction","target":{"@type":"EntryPoint","urlTemplate":"https:\/\/www.plaadimehed.ee\/?s={search_term_string}"},"query-input":{"@type":"PropertyValueSpecification","valueRequired":true,"valueName":"search_term_string"}}],"inLanguage":"fi"},{"@type":"Organization","@id":"https:\/\/www.plaadimehed.ee\/#organization","name":"Plaadimehed","url":"https:\/\/www.plaadimehed.ee\/","logo":{"@type":"ImageObject","inLanguage":"fi","@id":"https:\/\/www.plaadimehed.ee\/#\/schema\/logo\/image\/","url":"https:\/\/www.plaadimehed.ee\/wp-content\/uploads\/2024\/05\/plaadimehed-logo.svg","contentUrl":"https:\/\/www.plaadimehed.ee\/wp-content\/uploads\/2024\/05\/plaadimehed-logo.svg","width":266,"height":72,"caption":"Plaadimehed"},"image":{"@id":"https:\/\/www.plaadimehed.ee\/#\/schema\/logo\/image\/"}}]}},"_links":{"self":[{"href":"https:\/\/www.plaadimehed.ee\/fi\/wp-json\/wp\/v2\/product\/11227","targetHints":{"allow":["GET"]}}],"collection":[{"href":"https:\/\/www.plaadimehed.ee\/fi\/wp-json\/wp\/v2\/product"}],"about":[{"href":"https:\/\/www.plaadimehed.ee\/fi\/wp-json\/wp\/v2\/types\/product"}],"wp:featuredmedia":[{"embeddable":true,"href":"https:\/\/www.plaadimehed.ee\/fi\/wp-json\/wp\/v2\/media\/11245"}],"wp:attachment":[{"href":"https:\/\/www.plaadimehed.ee\/fi\/wp-json\/wp\/v2\/media?parent=11227"}],"wp:term":[{"taxonomy":"product_brand","embeddable":true,"href":"https:\/\/www.plaadimehed.ee\/fi\/wp-json\/wp\/v2\/product_brand?post=11227"},{"taxonomy":"product_cat","embeddable":true,"href":"https:\/\/www.plaadimehed.ee\/fi\/wp-json\/wp\/v2\/product_cat?post=11227"},{"taxonomy":"product_tag","embeddable":true,"href":"https:\/\/www.plaadimehed.ee\/fi\/wp-json\/wp\/v2\/product_tag?post=11227"}],"curies":[{"name":"wp","href":"https:\/\/api.w.org\/{rel}","templated":true}]}}