{"id":11486,"date":"2024-03-01T09:44:50","date_gmt":"2024-03-01T07:44:50","guid":{"rendered":"https:\/\/www.plaadimehed.ee\/?post_type=product&#038;p=11486"},"modified":"2024-03-01T09:51:01","modified_gmt":"2024-03-01T07:51:01","slug":"raimondi-suurte-plaatide-tostepulk-easy-move-x-light-rent","status":"publish","type":"product","link":"https:\/\/www.plaadimehed.ee\/fi\/product\/raimondi-suurte-plaatide-tostepulk-easy-move-x-light-rent\/","title":{"rendered":"RAIMONDI\u00ae Suurte plaatide t\u00f5stepulk EASY MOVE X-LIGHT RENT"},"content":{"rendered":"<p>\u25cf T\u00f5steraam aitab paigaldada\/transportida plaate pikkusega 120 &#8211; 320 cm<br \/>\n\u25cf X-Light seeria tagab kergema kaalu<br \/>\n\u25cf T\u00f5stepulk on varustatud nelja tugeva iminapaga<br \/>\n\u25cf Komplektis 1 t\u00f5stepulk<\/p>\n<p><img loading=\"lazy\" decoding=\"async\" class=\"alignnone wp-image-135\" src=\"https:\/\/www.plaadimehed.ee\/wp-content\/uploads\/2021\/05\/bdf-logo.png\" alt=\"\" width=\"29\" height=\"29\" srcset=\"https:\/\/www.plaadimehed.ee\/wp-content\/uploads\/2021\/05\/bdf-logo.png 225w, https:\/\/www.plaadimehed.ee\/wp-content\/uploads\/2021\/05\/bdf-logo-100x100.png 100w, https:\/\/www.plaadimehed.ee\/wp-content\/uploads\/2021\/05\/bdf-logo-150x150.png 150w\" sizes=\"auto, (max-width: 29px) 100vw, 29px\" \/><a href=\"https:\/\/www.plaadimehed.ee\/wp-content\/uploads\/2021\/07\/Plaadimehed-OU-tooriistade-rendi-uldtingimused.pdf\">Plaadimehed O\u00dc t\u00f6\u00f6riistade rendi \u00fcldtingimused<\/a><\/p>\n","protected":false},"excerpt":{"rendered":"<p>K\u00f5ik kalendrip\u00e4evad on tasulised.<\/p>\n<p>Alates 8. p\u00e4evast rendisoodustus -10%<\/p>\n<p>Alates 31. p\u00e4evast rendisoodustus -20%<\/p>\n","protected":false},"featured_media":11483,"template":"","meta":{"_acf_changed":false},"product_brand":[55],"product_cat":[60,43,75],"product_tag":[],"class_list":{"0":"post-11486","1":"product","2":"type-product","3":"status-publish","4":"has-post-thumbnail","6":"product_brand-raimondi","7":"product_cat-slabi-suuremootmeline-plaat-tooriistad","8":"product_cat-tooriistade-rent","9":"product_cat-tosteseaded","11":"first","12":"instock","13":"taxable","14":"shipping-taxable","15":"purchasable","16":"product-type-simple"},"acf":[],"yoast_head":"<!-- This site is optimized with the Yoast SEO plugin v27.0 - https:\/\/yoast.com\/product\/yoast-seo-wordpress\/ -->\n<title>RAIMONDI\u00ae Suurte plaatide t\u00f5stepulk EASY MOVE X-LIGHT RENT - Plaadimehed<\/title>\n<meta name=\"robots\" content=\"index, follow, max-snippet:-1, max-image-preview:large, max-video-preview:-1\" \/>\n<link rel=\"canonical\" href=\"https:\/\/www.plaadimehed.ee\/product\/raimondi-suurte-plaatide-tostepulk-easy-move-x-light-rent\/\" \/>\n<meta property=\"og:locale\" content=\"fi_FI\" \/>\n<meta property=\"og:type\" content=\"article\" \/>\n<meta property=\"og:title\" content=\"RAIMONDI\u00ae Suurte plaatide t\u00f5stepulk EASY MOVE X-LIGHT RENT - Plaadimehed\" \/>\n<meta property=\"og:description\" content=\"K\u00f5ik kalendrip\u00e4evad on tasulised.  Alates 8. p\u00e4evast rendisoodustus -10%  Alates 31. p\u00e4evast rendisoodustus -20%\" \/>\n<meta property=\"og:url\" content=\"https:\/\/www.plaadimehed.ee\/product\/raimondi-suurte-plaatide-tostepulk-easy-move-x-light-rent\/\" \/>\n<meta property=\"og:site_name\" content=\"Plaadimehed\" \/>\n<meta property=\"article:modified_time\" content=\"2024-03-01T07:51:01+00:00\" \/>\n<meta property=\"og:image\" content=\"https:\/\/www.plaadimehed.ee\/wp-content\/uploads\/2024\/03\/raimondi_easy_move_mk4_extra_light.jpg\" \/>\n\t<meta property=\"og:image:width\" content=\"506\" \/>\n\t<meta property=\"og:image:height\" content=\"491\" \/>\n\t<meta property=\"og:image:type\" content=\"image\/jpeg\" \/>\n<meta name=\"twitter:card\" content=\"summary_large_image\" \/>\n<script type=\"application\/ld+json\" class=\"yoast-schema-graph\">{\"@context\":\"https:\/\/schema.org\",\"@graph\":[{\"@type\":\"WebPage\",\"@id\":\"https:\/\/www.plaadimehed.ee\/product\/raimondi-suurte-plaatide-tostepulk-easy-move-x-light-rent\/\",\"url\":\"https:\/\/www.plaadimehed.ee\/product\/raimondi-suurte-plaatide-tostepulk-easy-move-x-light-rent\/\",\"name\":\"RAIMONDI\u00ae Suurte plaatide t\u00f5stepulk EASY MOVE X-LIGHT RENT - Plaadimehed\",\"isPartOf\":{\"@id\":\"https:\/\/www.plaadimehed.ee\/#website\"},\"primaryImageOfPage\":{\"@id\":\"https:\/\/www.plaadimehed.ee\/product\/raimondi-suurte-plaatide-tostepulk-easy-move-x-light-rent\/#primaryimage\"},\"image\":{\"@id\":\"https:\/\/www.plaadimehed.ee\/product\/raimondi-suurte-plaatide-tostepulk-easy-move-x-light-rent\/#primaryimage\"},\"thumbnailUrl\":\"https:\/\/www.plaadimehed.ee\/wp-content\/uploads\/2024\/03\/raimondi_easy_move_mk4_extra_light.jpg\",\"datePublished\":\"2024-03-01T07:44:50+00:00\",\"dateModified\":\"2024-03-01T07:51:01+00:00\",\"breadcrumb\":{\"@id\":\"https:\/\/www.plaadimehed.ee\/product\/raimondi-suurte-plaatide-tostepulk-easy-move-x-light-rent\/#breadcrumb\"},\"inLanguage\":\"fi\",\"potentialAction\":[{\"@type\":\"ReadAction\",\"target\":[\"https:\/\/www.plaadimehed.ee\/product\/raimondi-suurte-plaatide-tostepulk-easy-move-x-light-rent\/\"]}]},{\"@type\":\"ImageObject\",\"inLanguage\":\"fi\",\"@id\":\"https:\/\/www.plaadimehed.ee\/product\/raimondi-suurte-plaatide-tostepulk-easy-move-x-light-rent\/#primaryimage\",\"url\":\"https:\/\/www.plaadimehed.ee\/wp-content\/uploads\/2024\/03\/raimondi_easy_move_mk4_extra_light.jpg\",\"contentUrl\":\"https:\/\/www.plaadimehed.ee\/wp-content\/uploads\/2024\/03\/raimondi_easy_move_mk4_extra_light.jpg\",\"width\":506,\"height\":491},{\"@type\":\"BreadcrumbList\",\"@id\":\"https:\/\/www.plaadimehed.ee\/product\/raimondi-suurte-plaatide-tostepulk-easy-move-x-light-rent\/#breadcrumb\",\"itemListElement\":[{\"@type\":\"ListItem\",\"position\":1,\"name\":\"Home\",\"item\":\"https:\/\/www.plaadimehed.ee\/fi\/\"},{\"@type\":\"ListItem\",\"position\":2,\"name\":\"Verkkokauppa\",\"item\":\"https:\/\/www.plaadimehed.ee\/fi\/shop\/\"},{\"@type\":\"ListItem\",\"position\":3,\"name\":\"RAIMONDI\u00ae Suurte plaatide t\u00f5stepulk EASY MOVE X-LIGHT RENT\"}]},{\"@type\":\"WebSite\",\"@id\":\"https:\/\/www.plaadimehed.ee\/#website\",\"url\":\"https:\/\/www.plaadimehed.ee\/\",\"name\":\"Plaadimehed\",\"description\":\"Plaatimist\u00f6\u00f6deks vajalikud tarvikud ja t\u00f6\u00f6riistad\",\"publisher\":{\"@id\":\"https:\/\/www.plaadimehed.ee\/#organization\"},\"potentialAction\":[{\"@type\":\"SearchAction\",\"target\":{\"@type\":\"EntryPoint\",\"urlTemplate\":\"https:\/\/www.plaadimehed.ee\/?s={search_term_string}\"},\"query-input\":{\"@type\":\"PropertyValueSpecification\",\"valueRequired\":true,\"valueName\":\"search_term_string\"}}],\"inLanguage\":\"fi\"},{\"@type\":\"Organization\",\"@id\":\"https:\/\/www.plaadimehed.ee\/#organization\",\"name\":\"Plaadimehed\",\"url\":\"https:\/\/www.plaadimehed.ee\/\",\"logo\":{\"@type\":\"ImageObject\",\"inLanguage\":\"fi\",\"@id\":\"https:\/\/www.plaadimehed.ee\/#\/schema\/logo\/image\/\",\"url\":\"https:\/\/www.plaadimehed.ee\/wp-content\/uploads\/2024\/05\/plaadimehed-logo.svg\",\"contentUrl\":\"https:\/\/www.plaadimehed.ee\/wp-content\/uploads\/2024\/05\/plaadimehed-logo.svg\",\"width\":266,\"height\":72,\"caption\":\"Plaadimehed\"},\"image\":{\"@id\":\"https:\/\/www.plaadimehed.ee\/#\/schema\/logo\/image\/\"}}]}<\/script>\n<!-- \/ Yoast SEO plugin. -->","yoast_head_json":{"title":"RAIMONDI\u00ae Suurte plaatide t\u00f5stepulk EASY MOVE X-LIGHT RENT - Plaadimehed","robots":{"index":"index","follow":"follow","max-snippet":"max-snippet:-1","max-image-preview":"max-image-preview:large","max-video-preview":"max-video-preview:-1"},"canonical":"https:\/\/www.plaadimehed.ee\/product\/raimondi-suurte-plaatide-tostepulk-easy-move-x-light-rent\/","og_locale":"fi_FI","og_type":"article","og_title":"RAIMONDI\u00ae Suurte plaatide t\u00f5stepulk EASY MOVE X-LIGHT RENT - Plaadimehed","og_description":"K\u00f5ik kalendrip\u00e4evad on tasulised.  Alates 8. p\u00e4evast rendisoodustus -10%  Alates 31. p\u00e4evast rendisoodustus -20%","og_url":"https:\/\/www.plaadimehed.ee\/product\/raimondi-suurte-plaatide-tostepulk-easy-move-x-light-rent\/","og_site_name":"Plaadimehed","article_modified_time":"2024-03-01T07:51:01+00:00","og_image":[{"width":506,"height":491,"url":"https:\/\/www.plaadimehed.ee\/wp-content\/uploads\/2024\/03\/raimondi_easy_move_mk4_extra_light.jpg","type":"image\/jpeg"}],"twitter_card":"summary_large_image","schema":{"@context":"https:\/\/schema.org","@graph":[{"@type":"WebPage","@id":"https:\/\/www.plaadimehed.ee\/product\/raimondi-suurte-plaatide-tostepulk-easy-move-x-light-rent\/","url":"https:\/\/www.plaadimehed.ee\/product\/raimondi-suurte-plaatide-tostepulk-easy-move-x-light-rent\/","name":"RAIMONDI\u00ae Suurte plaatide t\u00f5stepulk EASY MOVE X-LIGHT RENT - Plaadimehed","isPartOf":{"@id":"https:\/\/www.plaadimehed.ee\/#website"},"primaryImageOfPage":{"@id":"https:\/\/www.plaadimehed.ee\/product\/raimondi-suurte-plaatide-tostepulk-easy-move-x-light-rent\/#primaryimage"},"image":{"@id":"https:\/\/www.plaadimehed.ee\/product\/raimondi-suurte-plaatide-tostepulk-easy-move-x-light-rent\/#primaryimage"},"thumbnailUrl":"https:\/\/www.plaadimehed.ee\/wp-content\/uploads\/2024\/03\/raimondi_easy_move_mk4_extra_light.jpg","datePublished":"2024-03-01T07:44:50+00:00","dateModified":"2024-03-01T07:51:01+00:00","breadcrumb":{"@id":"https:\/\/www.plaadimehed.ee\/product\/raimondi-suurte-plaatide-tostepulk-easy-move-x-light-rent\/#breadcrumb"},"inLanguage":"fi","potentialAction":[{"@type":"ReadAction","target":["https:\/\/www.plaadimehed.ee\/product\/raimondi-suurte-plaatide-tostepulk-easy-move-x-light-rent\/"]}]},{"@type":"ImageObject","inLanguage":"fi","@id":"https:\/\/www.plaadimehed.ee\/product\/raimondi-suurte-plaatide-tostepulk-easy-move-x-light-rent\/#primaryimage","url":"https:\/\/www.plaadimehed.ee\/wp-content\/uploads\/2024\/03\/raimondi_easy_move_mk4_extra_light.jpg","contentUrl":"https:\/\/www.plaadimehed.ee\/wp-content\/uploads\/2024\/03\/raimondi_easy_move_mk4_extra_light.jpg","width":506,"height":491},{"@type":"BreadcrumbList","@id":"https:\/\/www.plaadimehed.ee\/product\/raimondi-suurte-plaatide-tostepulk-easy-move-x-light-rent\/#breadcrumb","itemListElement":[{"@type":"ListItem","position":1,"name":"Home","item":"https:\/\/www.plaadimehed.ee\/fi\/"},{"@type":"ListItem","position":2,"name":"Verkkokauppa","item":"https:\/\/www.plaadimehed.ee\/fi\/shop\/"},{"@type":"ListItem","position":3,"name":"RAIMONDI\u00ae Suurte plaatide t\u00f5stepulk EASY MOVE X-LIGHT RENT"}]},{"@type":"WebSite","@id":"https:\/\/www.plaadimehed.ee\/#website","url":"https:\/\/www.plaadimehed.ee\/","name":"Plaadimehed","description":"Plaatimist\u00f6\u00f6deks vajalikud tarvikud ja t\u00f6\u00f6riistad","publisher":{"@id":"https:\/\/www.plaadimehed.ee\/#organization"},"potentialAction":[{"@type":"SearchAction","target":{"@type":"EntryPoint","urlTemplate":"https:\/\/www.plaadimehed.ee\/?s={search_term_string}"},"query-input":{"@type":"PropertyValueSpecification","valueRequired":true,"valueName":"search_term_string"}}],"inLanguage":"fi"},{"@type":"Organization","@id":"https:\/\/www.plaadimehed.ee\/#organization","name":"Plaadimehed","url":"https:\/\/www.plaadimehed.ee\/","logo":{"@type":"ImageObject","inLanguage":"fi","@id":"https:\/\/www.plaadimehed.ee\/#\/schema\/logo\/image\/","url":"https:\/\/www.plaadimehed.ee\/wp-content\/uploads\/2024\/05\/plaadimehed-logo.svg","contentUrl":"https:\/\/www.plaadimehed.ee\/wp-content\/uploads\/2024\/05\/plaadimehed-logo.svg","width":266,"height":72,"caption":"Plaadimehed"},"image":{"@id":"https:\/\/www.plaadimehed.ee\/#\/schema\/logo\/image\/"}}]}},"_links":{"self":[{"href":"https:\/\/www.plaadimehed.ee\/fi\/wp-json\/wp\/v2\/product\/11486","targetHints":{"allow":["GET"]}}],"collection":[{"href":"https:\/\/www.plaadimehed.ee\/fi\/wp-json\/wp\/v2\/product"}],"about":[{"href":"https:\/\/www.plaadimehed.ee\/fi\/wp-json\/wp\/v2\/types\/product"}],"wp:featuredmedia":[{"embeddable":true,"href":"https:\/\/www.plaadimehed.ee\/fi\/wp-json\/wp\/v2\/media\/11483"}],"wp:attachment":[{"href":"https:\/\/www.plaadimehed.ee\/fi\/wp-json\/wp\/v2\/media?parent=11486"}],"wp:term":[{"taxonomy":"product_brand","embeddable":true,"href":"https:\/\/www.plaadimehed.ee\/fi\/wp-json\/wp\/v2\/product_brand?post=11486"},{"taxonomy":"product_cat","embeddable":true,"href":"https:\/\/www.plaadimehed.ee\/fi\/wp-json\/wp\/v2\/product_cat?post=11486"},{"taxonomy":"product_tag","embeddable":true,"href":"https:\/\/www.plaadimehed.ee\/fi\/wp-json\/wp\/v2\/product_tag?post=11486"}],"curies":[{"name":"wp","href":"https:\/\/api.w.org\/{rel}","templated":true}]}}