{"id":11854,"date":"2024-04-26T09:02:18","date_gmt":"2024-04-26T07:02:18","guid":{"rendered":"https:\/\/www.plaadimehed.ee\/?post_type=product&#038;p=11854"},"modified":"2024-08-20T15:43:36","modified_gmt":"2024-08-20T13:43:36","slug":"wandeli-triibufrees-groove-ketas-arc-o-1004mm","status":"publish","type":"product","link":"https:\/\/www.plaadimehed.ee\/fi\/product\/wandeli-triibufrees-groove-ketas-arc-o-1004mm\/","title":{"rendered":"WANDELI\u00ae Triibufrees GROOVE ketas ARC \u00d8 100*4mm"},"content":{"rendered":"<ul>\n<li>Ketas plaatide soonte\/triipude laiusega 4 mm t\u00f6\u00f6tluseks<\/li>\n<li>Max p\u00f6\u00f6rete arv 12 500 p\/min<\/li>\n<li>Sobivus Wandeli QX-ZD 1200 Automaatne vesil\u00f5ikurile<\/li>\n<li>Ketta l\u00e4bim\u00f5\u00f5t 100 mm<\/li>\n<\/ul>\n<p>&nbsp;<\/p>\n<p>&nbsp;<\/p>\n","protected":false},"excerpt":{"rendered":"<p>Ketas plaatide soonte\/triipude laiusega 4 mm t\u00f6\u00f6tluseks\u00a0seadmele Wandeli QX-ZD 1200<\/p>\n<p>&nbsp;<\/p>\n","protected":false},"featured_media":11855,"template":"","meta":{"_acf_changed":false},"product_brand":[178],"product_cat":[168],"product_tag":[],"class_list":{"0":"post-11854","1":"product","2":"type-product","3":"status-publish","4":"has-post-thumbnail","6":"product_brand-wandeli","7":"product_cat-koonus-pulk-ja-erifreesid","9":"first","10":"instock","11":"taxable","12":"shipping-taxable","13":"purchasable","14":"product-type-simple"},"acf":[],"yoast_head":"<!-- This site is optimized with the Yoast SEO plugin v27.0 - https:\/\/yoast.com\/product\/yoast-seo-wordpress\/ -->\n<title>WANDELI\u00ae Triibufrees GROOVE ketas ARC \u00d8 100*4mm - Plaadimehed<\/title>\n<meta name=\"description\" content=\"Vandeli elektriline plaadil\u00f5ikur\" \/>\n<meta name=\"robots\" content=\"index, follow, max-snippet:-1, max-image-preview:large, max-video-preview:-1\" \/>\n<link rel=\"canonical\" href=\"https:\/\/www.plaadimehed.ee\/product\/wandeli-triibufrees-groove-ketas-arc-o-1004mm\/\" \/>\n<meta property=\"og:locale\" content=\"fi_FI\" \/>\n<meta property=\"og:type\" content=\"article\" \/>\n<meta property=\"og:title\" content=\"WANDELI\u00ae Triibufrees GROOVE ketas ARC \u00d8 100*4mm - Plaadimehed\" \/>\n<meta property=\"og:description\" content=\"Vandeli elektriline plaadil\u00f5ikur\" \/>\n<meta property=\"og:url\" content=\"https:\/\/www.plaadimehed.ee\/product\/wandeli-triibufrees-groove-ketas-arc-o-1004mm\/\" \/>\n<meta property=\"og:site_name\" content=\"Plaadimehed\" \/>\n<meta property=\"article:modified_time\" content=\"2024-08-20T13:43:36+00:00\" \/>\n<meta property=\"og:image\" content=\"https:\/\/www.plaadimehed.ee\/wp-content\/uploads\/2024\/04\/wandeli-groove.jpg\" \/>\n\t<meta property=\"og:image:width\" content=\"1353\" \/>\n\t<meta property=\"og:image:height\" content=\"1350\" \/>\n\t<meta property=\"og:image:type\" content=\"image\/jpeg\" \/>\n<meta name=\"twitter:card\" content=\"summary_large_image\" \/>\n<script type=\"application\/ld+json\" class=\"yoast-schema-graph\">{\"@context\":\"https:\/\/schema.org\",\"@graph\":[{\"@type\":\"WebPage\",\"@id\":\"https:\/\/www.plaadimehed.ee\/product\/wandeli-triibufrees-groove-ketas-arc-o-1004mm\/\",\"url\":\"https:\/\/www.plaadimehed.ee\/product\/wandeli-triibufrees-groove-ketas-arc-o-1004mm\/\",\"name\":\"WANDELI\u00ae Triibufrees GROOVE ketas ARC \u00d8 100*4mm - Plaadimehed\",\"isPartOf\":{\"@id\":\"https:\/\/www.plaadimehed.ee\/#website\"},\"primaryImageOfPage\":{\"@id\":\"https:\/\/www.plaadimehed.ee\/product\/wandeli-triibufrees-groove-ketas-arc-o-1004mm\/#primaryimage\"},\"image\":{\"@id\":\"https:\/\/www.plaadimehed.ee\/product\/wandeli-triibufrees-groove-ketas-arc-o-1004mm\/#primaryimage\"},\"thumbnailUrl\":\"https:\/\/www.plaadimehed.ee\/wp-content\/uploads\/2024\/04\/wandeli-groove.jpg\",\"datePublished\":\"2024-04-26T07:02:18+00:00\",\"dateModified\":\"2024-08-20T13:43:36+00:00\",\"description\":\"Vandeli elektriline plaadil\u00f5ikur\",\"breadcrumb\":{\"@id\":\"https:\/\/www.plaadimehed.ee\/product\/wandeli-triibufrees-groove-ketas-arc-o-1004mm\/#breadcrumb\"},\"inLanguage\":\"fi\",\"potentialAction\":[{\"@type\":\"ReadAction\",\"target\":[\"https:\/\/www.plaadimehed.ee\/product\/wandeli-triibufrees-groove-ketas-arc-o-1004mm\/\"]}]},{\"@type\":\"ImageObject\",\"inLanguage\":\"fi\",\"@id\":\"https:\/\/www.plaadimehed.ee\/product\/wandeli-triibufrees-groove-ketas-arc-o-1004mm\/#primaryimage\",\"url\":\"https:\/\/www.plaadimehed.ee\/wp-content\/uploads\/2024\/04\/wandeli-groove.jpg\",\"contentUrl\":\"https:\/\/www.plaadimehed.ee\/wp-content\/uploads\/2024\/04\/wandeli-groove.jpg\",\"width\":1353,\"height\":1350},{\"@type\":\"BreadcrumbList\",\"@id\":\"https:\/\/www.plaadimehed.ee\/product\/wandeli-triibufrees-groove-ketas-arc-o-1004mm\/#breadcrumb\",\"itemListElement\":[{\"@type\":\"ListItem\",\"position\":1,\"name\":\"Home\",\"item\":\"https:\/\/www.plaadimehed.ee\/fi\/\"},{\"@type\":\"ListItem\",\"position\":2,\"name\":\"Verkkokauppa\",\"item\":\"https:\/\/www.plaadimehed.ee\/fi\/shop\/\"},{\"@type\":\"ListItem\",\"position\":3,\"name\":\"WANDELI\u00ae Triibufrees GROOVE ketas ARC \u00d8 100*4mm\"}]},{\"@type\":\"WebSite\",\"@id\":\"https:\/\/www.plaadimehed.ee\/#website\",\"url\":\"https:\/\/www.plaadimehed.ee\/\",\"name\":\"Plaadimehed\",\"description\":\"Plaatimist\u00f6\u00f6deks vajalikud tarvikud ja t\u00f6\u00f6riistad\",\"publisher\":{\"@id\":\"https:\/\/www.plaadimehed.ee\/#organization\"},\"potentialAction\":[{\"@type\":\"SearchAction\",\"target\":{\"@type\":\"EntryPoint\",\"urlTemplate\":\"https:\/\/www.plaadimehed.ee\/?s={search_term_string}\"},\"query-input\":{\"@type\":\"PropertyValueSpecification\",\"valueRequired\":true,\"valueName\":\"search_term_string\"}}],\"inLanguage\":\"fi\"},{\"@type\":\"Organization\",\"@id\":\"https:\/\/www.plaadimehed.ee\/#organization\",\"name\":\"Plaadimehed\",\"url\":\"https:\/\/www.plaadimehed.ee\/\",\"logo\":{\"@type\":\"ImageObject\",\"inLanguage\":\"fi\",\"@id\":\"https:\/\/www.plaadimehed.ee\/#\/schema\/logo\/image\/\",\"url\":\"https:\/\/www.plaadimehed.ee\/wp-content\/uploads\/2024\/05\/plaadimehed-logo.svg\",\"contentUrl\":\"https:\/\/www.plaadimehed.ee\/wp-content\/uploads\/2024\/05\/plaadimehed-logo.svg\",\"width\":266,\"height\":72,\"caption\":\"Plaadimehed\"},\"image\":{\"@id\":\"https:\/\/www.plaadimehed.ee\/#\/schema\/logo\/image\/\"}}]}<\/script>\n<!-- \/ Yoast SEO plugin. -->","yoast_head_json":{"title":"WANDELI\u00ae Triibufrees GROOVE ketas ARC \u00d8 100*4mm - Plaadimehed","description":"Vandeli elektriline plaadil\u00f5ikur","robots":{"index":"index","follow":"follow","max-snippet":"max-snippet:-1","max-image-preview":"max-image-preview:large","max-video-preview":"max-video-preview:-1"},"canonical":"https:\/\/www.plaadimehed.ee\/product\/wandeli-triibufrees-groove-ketas-arc-o-1004mm\/","og_locale":"fi_FI","og_type":"article","og_title":"WANDELI\u00ae Triibufrees GROOVE ketas ARC \u00d8 100*4mm - Plaadimehed","og_description":"Vandeli elektriline plaadil\u00f5ikur","og_url":"https:\/\/www.plaadimehed.ee\/product\/wandeli-triibufrees-groove-ketas-arc-o-1004mm\/","og_site_name":"Plaadimehed","article_modified_time":"2024-08-20T13:43:36+00:00","og_image":[{"width":1353,"height":1350,"url":"https:\/\/www.plaadimehed.ee\/wp-content\/uploads\/2024\/04\/wandeli-groove.jpg","type":"image\/jpeg"}],"twitter_card":"summary_large_image","schema":{"@context":"https:\/\/schema.org","@graph":[{"@type":"WebPage","@id":"https:\/\/www.plaadimehed.ee\/product\/wandeli-triibufrees-groove-ketas-arc-o-1004mm\/","url":"https:\/\/www.plaadimehed.ee\/product\/wandeli-triibufrees-groove-ketas-arc-o-1004mm\/","name":"WANDELI\u00ae Triibufrees GROOVE ketas ARC \u00d8 100*4mm - Plaadimehed","isPartOf":{"@id":"https:\/\/www.plaadimehed.ee\/#website"},"primaryImageOfPage":{"@id":"https:\/\/www.plaadimehed.ee\/product\/wandeli-triibufrees-groove-ketas-arc-o-1004mm\/#primaryimage"},"image":{"@id":"https:\/\/www.plaadimehed.ee\/product\/wandeli-triibufrees-groove-ketas-arc-o-1004mm\/#primaryimage"},"thumbnailUrl":"https:\/\/www.plaadimehed.ee\/wp-content\/uploads\/2024\/04\/wandeli-groove.jpg","datePublished":"2024-04-26T07:02:18+00:00","dateModified":"2024-08-20T13:43:36+00:00","description":"Vandeli elektriline plaadil\u00f5ikur","breadcrumb":{"@id":"https:\/\/www.plaadimehed.ee\/product\/wandeli-triibufrees-groove-ketas-arc-o-1004mm\/#breadcrumb"},"inLanguage":"fi","potentialAction":[{"@type":"ReadAction","target":["https:\/\/www.plaadimehed.ee\/product\/wandeli-triibufrees-groove-ketas-arc-o-1004mm\/"]}]},{"@type":"ImageObject","inLanguage":"fi","@id":"https:\/\/www.plaadimehed.ee\/product\/wandeli-triibufrees-groove-ketas-arc-o-1004mm\/#primaryimage","url":"https:\/\/www.plaadimehed.ee\/wp-content\/uploads\/2024\/04\/wandeli-groove.jpg","contentUrl":"https:\/\/www.plaadimehed.ee\/wp-content\/uploads\/2024\/04\/wandeli-groove.jpg","width":1353,"height":1350},{"@type":"BreadcrumbList","@id":"https:\/\/www.plaadimehed.ee\/product\/wandeli-triibufrees-groove-ketas-arc-o-1004mm\/#breadcrumb","itemListElement":[{"@type":"ListItem","position":1,"name":"Home","item":"https:\/\/www.plaadimehed.ee\/fi\/"},{"@type":"ListItem","position":2,"name":"Verkkokauppa","item":"https:\/\/www.plaadimehed.ee\/fi\/shop\/"},{"@type":"ListItem","position":3,"name":"WANDELI\u00ae Triibufrees GROOVE ketas ARC \u00d8 100*4mm"}]},{"@type":"WebSite","@id":"https:\/\/www.plaadimehed.ee\/#website","url":"https:\/\/www.plaadimehed.ee\/","name":"Plaadimehed","description":"Plaatimist\u00f6\u00f6deks vajalikud tarvikud ja t\u00f6\u00f6riistad","publisher":{"@id":"https:\/\/www.plaadimehed.ee\/#organization"},"potentialAction":[{"@type":"SearchAction","target":{"@type":"EntryPoint","urlTemplate":"https:\/\/www.plaadimehed.ee\/?s={search_term_string}"},"query-input":{"@type":"PropertyValueSpecification","valueRequired":true,"valueName":"search_term_string"}}],"inLanguage":"fi"},{"@type":"Organization","@id":"https:\/\/www.plaadimehed.ee\/#organization","name":"Plaadimehed","url":"https:\/\/www.plaadimehed.ee\/","logo":{"@type":"ImageObject","inLanguage":"fi","@id":"https:\/\/www.plaadimehed.ee\/#\/schema\/logo\/image\/","url":"https:\/\/www.plaadimehed.ee\/wp-content\/uploads\/2024\/05\/plaadimehed-logo.svg","contentUrl":"https:\/\/www.plaadimehed.ee\/wp-content\/uploads\/2024\/05\/plaadimehed-logo.svg","width":266,"height":72,"caption":"Plaadimehed"},"image":{"@id":"https:\/\/www.plaadimehed.ee\/#\/schema\/logo\/image\/"}}]}},"_links":{"self":[{"href":"https:\/\/www.plaadimehed.ee\/fi\/wp-json\/wp\/v2\/product\/11854","targetHints":{"allow":["GET"]}}],"collection":[{"href":"https:\/\/www.plaadimehed.ee\/fi\/wp-json\/wp\/v2\/product"}],"about":[{"href":"https:\/\/www.plaadimehed.ee\/fi\/wp-json\/wp\/v2\/types\/product"}],"wp:featuredmedia":[{"embeddable":true,"href":"https:\/\/www.plaadimehed.ee\/fi\/wp-json\/wp\/v2\/media\/11855"}],"wp:attachment":[{"href":"https:\/\/www.plaadimehed.ee\/fi\/wp-json\/wp\/v2\/media?parent=11854"}],"wp:term":[{"taxonomy":"product_brand","embeddable":true,"href":"https:\/\/www.plaadimehed.ee\/fi\/wp-json\/wp\/v2\/product_brand?post=11854"},{"taxonomy":"product_cat","embeddable":true,"href":"https:\/\/www.plaadimehed.ee\/fi\/wp-json\/wp\/v2\/product_cat?post=11854"},{"taxonomy":"product_tag","embeddable":true,"href":"https:\/\/www.plaadimehed.ee\/fi\/wp-json\/wp\/v2\/product_tag?post=11854"}],"curies":[{"name":"wp","href":"https:\/\/api.w.org\/{rel}","templated":true}]}}