{"id":12774,"date":"2024-09-30T13:01:47","date_gmt":"2024-09-30T11:01:47","guid":{"rendered":"https:\/\/www.plaadimehed.ee\/?post_type=product&#038;p=12774"},"modified":"2025-06-25T11:07:08","modified_gmt":"2025-06-25T09:07:08","slug":"bihui-tommits-rakis-6-ja-8-iminappadele","status":"publish","type":"product","link":"https:\/\/www.plaadimehed.ee\/fi\/product\/bihui-tommits-rakis-6-ja-8-iminappadele\/","title":{"rendered":"BIHUI T\u00f5mmits-rakis ja iminappadele"},"content":{"rendered":"<p class=\"p1\">BIHUI on professionaalne t\u00f6\u00f6riistabr\u00e4nd, mis keskendub eelk\u00f5ige plaatimis- ja viimistlust\u00f6\u00f6dele. Nende tootevalikusse kuuluvad kvaliteetsed plaadil\u00f5ikurid, vaakumhaaratsid, k\u00e4sit\u00f6\u00f6riistad, plaatide tasanduss\u00fcsteemid, iminapad, teemantkettad ja freesid, mis on loodud spetsiaalselt professionaalidele.<\/p>\n<p class=\"p1\">Br\u00e4ndi eesm\u00e4rk on pakkuda t\u00e4pseid, vastupidavaid ja kasutajas\u00f5bralikke t\u00f6\u00f6riistu, mis aitavad saavutada k\u00f5rget kvaliteeti kiiremini ja mugavamalt. BIHUI tooteid hinnatakse eriti nende hea hinna ja kvaliteedi suhte t\u00f5ttu. Plaadimehed on BIHUI esindaja Eestis.<\/p>\n<p><a href=\"https:\/\/www.bihuitools.com\/\" target=\"_blank\" rel=\"noopener\">BIHUI ametlik kodulehek\u00fclg<\/a><\/p>\n<p>&nbsp;<\/p>\n","protected":false},"excerpt":{"rendered":"<p>T\u00f5mmits-rakis 6&#8242; ja 8&#8242; iminappadele LFTSA-FRM<\/p>\n<p>\u25cf T\u00f5mmits aitab paigaldada\/nihutada plaate vahemikus 0,5-40 mm<br \/>\n\u25cf T\u00f5mmitsa k\u00fclge sobivad BIHUI 6&#8242; ja 8&#8242; iminapad<br \/>\n\u25cf Kergesti kasutatav ja tugeva konstruksiooniga<\/p>\n<p>&nbsp;<\/p>\n","protected":false},"featured_media":12775,"template":"","meta":{"_acf_changed":false},"product_brand":[26],"product_cat":[30,35,60],"product_tag":[],"class_list":{"0":"post-12774","1":"product","2":"type-product","3":"status-publish","4":"has-post-thumbnail","6":"product_brand-bihui","7":"product_cat-plaatimistooriistad","8":"product_cat-vaakumhaaratsid","9":"product_cat-slabi-suuremootmeline-plaat-tooriistad","11":"first","12":"instock","13":"taxable","14":"shipping-taxable","15":"purchasable","16":"product-type-simple"},"acf":[],"yoast_head":"<!-- This site is optimized with the Yoast SEO plugin v27.0 - https:\/\/yoast.com\/product\/yoast-seo-wordpress\/ -->\n<title>BIHUI Suurte plaatide t\u00f5mmits Plaadimehed pood ja rent<\/title>\n<meta name=\"description\" content=\"BIHUI Suurte plaatide t\u00f5mmits, plaatidele vahemikus 0,5-40mm. Tugev konstruktsioon, vaakumhaaratsid ja regulaator, kergesti kasutatav.\" \/>\n<meta name=\"robots\" content=\"index, follow, max-snippet:-1, max-image-preview:large, max-video-preview:-1\" \/>\n<link rel=\"canonical\" href=\"https:\/\/www.plaadimehed.ee\/product\/bihui-tommits-rakis-6-ja-8-iminappadele\/\" \/>\n<meta property=\"og:locale\" content=\"fi_FI\" \/>\n<meta property=\"og:type\" content=\"article\" \/>\n<meta property=\"og:title\" content=\"BIHUI T\u00f5mmits-rakis ja iminappadele\" \/>\n<meta property=\"og:description\" content=\"BIHUI Suurte plaatide t\u00f5mmits, plaatidele vahemikus 0,5-40mm. Tugev konstruktsioon, vaakumhaaratsid ja regulaator, kergesti kasutatav.\" \/>\n<meta property=\"og:url\" content=\"https:\/\/www.plaadimehed.ee\/product\/bihui-tommits-rakis-6-ja-8-iminappadele\/\" \/>\n<meta property=\"og:site_name\" content=\"Plaadimehed\" \/>\n<meta property=\"article:modified_time\" content=\"2025-06-25T09:07:08+00:00\" \/>\n<meta property=\"og:image\" content=\"https:\/\/www.plaadimehed.ee\/wp-content\/uploads\/2024\/09\/LFTSA-FRM-tommits.jpg\" \/>\n\t<meta property=\"og:image:width\" content=\"1200\" \/>\n\t<meta property=\"og:image:height\" content=\"1200\" \/>\n\t<meta property=\"og:image:type\" content=\"image\/jpeg\" \/>\n<meta name=\"twitter:card\" content=\"summary_large_image\" \/>\n<meta name=\"twitter:label1\" content=\"Arvioitu lukuaika\" \/>\n\t<meta name=\"twitter:data1\" content=\"1 minuutti\" \/>\n<script type=\"application\/ld+json\" class=\"yoast-schema-graph\">{\"@context\":\"https:\/\/schema.org\",\"@graph\":[{\"@type\":\"WebPage\",\"@id\":\"https:\/\/www.plaadimehed.ee\/product\/bihui-tommits-rakis-6-ja-8-iminappadele\/\",\"url\":\"https:\/\/www.plaadimehed.ee\/product\/bihui-tommits-rakis-6-ja-8-iminappadele\/\",\"name\":\"BIHUI Suurte plaatide t\u00f5mmits Plaadimehed pood ja rent\",\"isPartOf\":{\"@id\":\"https:\/\/www.plaadimehed.ee\/#website\"},\"primaryImageOfPage\":{\"@id\":\"https:\/\/www.plaadimehed.ee\/product\/bihui-tommits-rakis-6-ja-8-iminappadele\/#primaryimage\"},\"image\":{\"@id\":\"https:\/\/www.plaadimehed.ee\/product\/bihui-tommits-rakis-6-ja-8-iminappadele\/#primaryimage\"},\"thumbnailUrl\":\"https:\/\/www.plaadimehed.ee\/wp-content\/uploads\/2024\/09\/LFTSA-FRM-tommits.jpg\",\"datePublished\":\"2024-09-30T11:01:47+00:00\",\"dateModified\":\"2025-06-25T09:07:08+00:00\",\"description\":\"BIHUI Suurte plaatide t\u00f5mmits, plaatidele vahemikus 0,5-40mm. Tugev konstruktsioon, vaakumhaaratsid ja regulaator, kergesti kasutatav.\",\"breadcrumb\":{\"@id\":\"https:\/\/www.plaadimehed.ee\/product\/bihui-tommits-rakis-6-ja-8-iminappadele\/#breadcrumb\"},\"inLanguage\":\"fi\",\"potentialAction\":[{\"@type\":\"ReadAction\",\"target\":[\"https:\/\/www.plaadimehed.ee\/product\/bihui-tommits-rakis-6-ja-8-iminappadele\/\"]}]},{\"@type\":\"ImageObject\",\"inLanguage\":\"fi\",\"@id\":\"https:\/\/www.plaadimehed.ee\/product\/bihui-tommits-rakis-6-ja-8-iminappadele\/#primaryimage\",\"url\":\"https:\/\/www.plaadimehed.ee\/wp-content\/uploads\/2024\/09\/LFTSA-FRM-tommits.jpg\",\"contentUrl\":\"https:\/\/www.plaadimehed.ee\/wp-content\/uploads\/2024\/09\/LFTSA-FRM-tommits.jpg\",\"width\":1200,\"height\":1200,\"caption\":\"BIHUI T\u00f5mmits-rakis ja iminappadele\"},{\"@type\":\"BreadcrumbList\",\"@id\":\"https:\/\/www.plaadimehed.ee\/product\/bihui-tommits-rakis-6-ja-8-iminappadele\/#breadcrumb\",\"itemListElement\":[{\"@type\":\"ListItem\",\"position\":1,\"name\":\"Home\",\"item\":\"https:\/\/www.plaadimehed.ee\/fi\/\"},{\"@type\":\"ListItem\",\"position\":2,\"name\":\"Verkkokauppa\",\"item\":\"https:\/\/www.plaadimehed.ee\/fi\/shop\/\"},{\"@type\":\"ListItem\",\"position\":3,\"name\":\"BIHUI T\u00f5mmits-rakis ja iminappadele\"}]},{\"@type\":\"WebSite\",\"@id\":\"https:\/\/www.plaadimehed.ee\/#website\",\"url\":\"https:\/\/www.plaadimehed.ee\/\",\"name\":\"Plaadimehed\",\"description\":\"Plaatimist\u00f6\u00f6deks vajalikud tarvikud ja t\u00f6\u00f6riistad\",\"publisher\":{\"@id\":\"https:\/\/www.plaadimehed.ee\/#organization\"},\"potentialAction\":[{\"@type\":\"SearchAction\",\"target\":{\"@type\":\"EntryPoint\",\"urlTemplate\":\"https:\/\/www.plaadimehed.ee\/?s={search_term_string}\"},\"query-input\":{\"@type\":\"PropertyValueSpecification\",\"valueRequired\":true,\"valueName\":\"search_term_string\"}}],\"inLanguage\":\"fi\"},{\"@type\":\"Organization\",\"@id\":\"https:\/\/www.plaadimehed.ee\/#organization\",\"name\":\"Plaadimehed\",\"url\":\"https:\/\/www.plaadimehed.ee\/\",\"logo\":{\"@type\":\"ImageObject\",\"inLanguage\":\"fi\",\"@id\":\"https:\/\/www.plaadimehed.ee\/#\/schema\/logo\/image\/\",\"url\":\"https:\/\/www.plaadimehed.ee\/wp-content\/uploads\/2024\/05\/plaadimehed-logo.svg\",\"contentUrl\":\"https:\/\/www.plaadimehed.ee\/wp-content\/uploads\/2024\/05\/plaadimehed-logo.svg\",\"width\":266,\"height\":72,\"caption\":\"Plaadimehed\"},\"image\":{\"@id\":\"https:\/\/www.plaadimehed.ee\/#\/schema\/logo\/image\/\"}}]}<\/script>\n<!-- \/ Yoast SEO plugin. -->","yoast_head_json":{"title":"BIHUI Suurte plaatide t\u00f5mmits Plaadimehed pood ja rent","description":"BIHUI Suurte plaatide t\u00f5mmits, plaatidele vahemikus 0,5-40mm. Tugev konstruktsioon, vaakumhaaratsid ja regulaator, kergesti kasutatav.","robots":{"index":"index","follow":"follow","max-snippet":"max-snippet:-1","max-image-preview":"max-image-preview:large","max-video-preview":"max-video-preview:-1"},"canonical":"https:\/\/www.plaadimehed.ee\/product\/bihui-tommits-rakis-6-ja-8-iminappadele\/","og_locale":"fi_FI","og_type":"article","og_title":"BIHUI T\u00f5mmits-rakis ja iminappadele","og_description":"BIHUI Suurte plaatide t\u00f5mmits, plaatidele vahemikus 0,5-40mm. Tugev konstruktsioon, vaakumhaaratsid ja regulaator, kergesti kasutatav.","og_url":"https:\/\/www.plaadimehed.ee\/product\/bihui-tommits-rakis-6-ja-8-iminappadele\/","og_site_name":"Plaadimehed","article_modified_time":"2025-06-25T09:07:08+00:00","og_image":[{"width":1200,"height":1200,"url":"https:\/\/www.plaadimehed.ee\/wp-content\/uploads\/2024\/09\/LFTSA-FRM-tommits.jpg","type":"image\/jpeg"}],"twitter_card":"summary_large_image","twitter_misc":{"Arvioitu lukuaika":"1 minuutti"},"schema":{"@context":"https:\/\/schema.org","@graph":[{"@type":"WebPage","@id":"https:\/\/www.plaadimehed.ee\/product\/bihui-tommits-rakis-6-ja-8-iminappadele\/","url":"https:\/\/www.plaadimehed.ee\/product\/bihui-tommits-rakis-6-ja-8-iminappadele\/","name":"BIHUI Suurte plaatide t\u00f5mmits Plaadimehed pood ja rent","isPartOf":{"@id":"https:\/\/www.plaadimehed.ee\/#website"},"primaryImageOfPage":{"@id":"https:\/\/www.plaadimehed.ee\/product\/bihui-tommits-rakis-6-ja-8-iminappadele\/#primaryimage"},"image":{"@id":"https:\/\/www.plaadimehed.ee\/product\/bihui-tommits-rakis-6-ja-8-iminappadele\/#primaryimage"},"thumbnailUrl":"https:\/\/www.plaadimehed.ee\/wp-content\/uploads\/2024\/09\/LFTSA-FRM-tommits.jpg","datePublished":"2024-09-30T11:01:47+00:00","dateModified":"2025-06-25T09:07:08+00:00","description":"BIHUI Suurte plaatide t\u00f5mmits, plaatidele vahemikus 0,5-40mm. Tugev konstruktsioon, vaakumhaaratsid ja regulaator, kergesti kasutatav.","breadcrumb":{"@id":"https:\/\/www.plaadimehed.ee\/product\/bihui-tommits-rakis-6-ja-8-iminappadele\/#breadcrumb"},"inLanguage":"fi","potentialAction":[{"@type":"ReadAction","target":["https:\/\/www.plaadimehed.ee\/product\/bihui-tommits-rakis-6-ja-8-iminappadele\/"]}]},{"@type":"ImageObject","inLanguage":"fi","@id":"https:\/\/www.plaadimehed.ee\/product\/bihui-tommits-rakis-6-ja-8-iminappadele\/#primaryimage","url":"https:\/\/www.plaadimehed.ee\/wp-content\/uploads\/2024\/09\/LFTSA-FRM-tommits.jpg","contentUrl":"https:\/\/www.plaadimehed.ee\/wp-content\/uploads\/2024\/09\/LFTSA-FRM-tommits.jpg","width":1200,"height":1200,"caption":"BIHUI T\u00f5mmits-rakis ja iminappadele"},{"@type":"BreadcrumbList","@id":"https:\/\/www.plaadimehed.ee\/product\/bihui-tommits-rakis-6-ja-8-iminappadele\/#breadcrumb","itemListElement":[{"@type":"ListItem","position":1,"name":"Home","item":"https:\/\/www.plaadimehed.ee\/fi\/"},{"@type":"ListItem","position":2,"name":"Verkkokauppa","item":"https:\/\/www.plaadimehed.ee\/fi\/shop\/"},{"@type":"ListItem","position":3,"name":"BIHUI T\u00f5mmits-rakis ja iminappadele"}]},{"@type":"WebSite","@id":"https:\/\/www.plaadimehed.ee\/#website","url":"https:\/\/www.plaadimehed.ee\/","name":"Plaadimehed","description":"Plaatimist\u00f6\u00f6deks vajalikud tarvikud ja t\u00f6\u00f6riistad","publisher":{"@id":"https:\/\/www.plaadimehed.ee\/#organization"},"potentialAction":[{"@type":"SearchAction","target":{"@type":"EntryPoint","urlTemplate":"https:\/\/www.plaadimehed.ee\/?s={search_term_string}"},"query-input":{"@type":"PropertyValueSpecification","valueRequired":true,"valueName":"search_term_string"}}],"inLanguage":"fi"},{"@type":"Organization","@id":"https:\/\/www.plaadimehed.ee\/#organization","name":"Plaadimehed","url":"https:\/\/www.plaadimehed.ee\/","logo":{"@type":"ImageObject","inLanguage":"fi","@id":"https:\/\/www.plaadimehed.ee\/#\/schema\/logo\/image\/","url":"https:\/\/www.plaadimehed.ee\/wp-content\/uploads\/2024\/05\/plaadimehed-logo.svg","contentUrl":"https:\/\/www.plaadimehed.ee\/wp-content\/uploads\/2024\/05\/plaadimehed-logo.svg","width":266,"height":72,"caption":"Plaadimehed"},"image":{"@id":"https:\/\/www.plaadimehed.ee\/#\/schema\/logo\/image\/"}}]}},"_links":{"self":[{"href":"https:\/\/www.plaadimehed.ee\/fi\/wp-json\/wp\/v2\/product\/12774","targetHints":{"allow":["GET"]}}],"collection":[{"href":"https:\/\/www.plaadimehed.ee\/fi\/wp-json\/wp\/v2\/product"}],"about":[{"href":"https:\/\/www.plaadimehed.ee\/fi\/wp-json\/wp\/v2\/types\/product"}],"wp:featuredmedia":[{"embeddable":true,"href":"https:\/\/www.plaadimehed.ee\/fi\/wp-json\/wp\/v2\/media\/12775"}],"wp:attachment":[{"href":"https:\/\/www.plaadimehed.ee\/fi\/wp-json\/wp\/v2\/media?parent=12774"}],"wp:term":[{"taxonomy":"product_brand","embeddable":true,"href":"https:\/\/www.plaadimehed.ee\/fi\/wp-json\/wp\/v2\/product_brand?post=12774"},{"taxonomy":"product_cat","embeddable":true,"href":"https:\/\/www.plaadimehed.ee\/fi\/wp-json\/wp\/v2\/product_cat?post=12774"},{"taxonomy":"product_tag","embeddable":true,"href":"https:\/\/www.plaadimehed.ee\/fi\/wp-json\/wp\/v2\/product_tag?post=12774"}],"curies":[{"name":"wp","href":"https:\/\/api.w.org\/{rel}","templated":true}]}}