{"id":12897,"date":"2024-10-16T10:19:00","date_gmt":"2024-10-16T08:19:00","guid":{"rendered":"https:\/\/www.plaadimehed.ee\/?post_type=product&#038;p=12897"},"modified":"2025-06-25T11:05:45","modified_gmt":"2025-06-25T09:05:45","slug":"bihui-kuivfrees-o-5-mm","status":"publish","type":"product","link":"https:\/\/www.plaadimehed.ee\/fi\/product\/bihui-kuivfrees-o-5-mm\/","title":{"rendered":"BIHUI Plaadipuur \u00d8 5mm"},"content":{"rendered":"<p class=\"p1\">BIHUI on professionaalne t\u00f6\u00f6riistabr\u00e4nd, mis keskendub eelk\u00f5ige plaatimis- ja viimistlust\u00f6\u00f6dele. Nende tootevalikusse kuuluvad kvaliteetsed plaadil\u00f5ikurid, vaakumhaaratsid, k\u00e4sit\u00f6\u00f6riistad, plaatide tasanduss\u00fcsteemid, iminapad, teemantkettad ja freesid, mis on loodud spetsiaalselt professionaalidele.<\/p>\n<p class=\"p1\">Br\u00e4ndi eesm\u00e4rk on pakkuda t\u00e4pseid, vastupidavaid ja kasutajas\u00f5bralikke t\u00f6\u00f6riistu, mis aitavad saavutada k\u00f5rget kvaliteeti kiiremini ja mugavamalt. BIHUI tooteid hinnatakse eriti nende hea hinna ja kvaliteedi suhte t\u00f5ttu. Plaadimehed on BIHUI esindaja Eestis.<\/p>\n<p><a href=\"https:\/\/www.bihuitools.com\/\" target=\"_blank\" rel=\"noopener\">BIHUI ametlik kodulehek\u00fclg<\/a><\/p>\n","protected":false},"excerpt":{"rendered":"<p>Bihui kuivfrees\/puur 5mm hex DBDQ05<\/p>\n<p>\u25cf Frees avade tegemiseks: portselanist plaadid, keraamilised plaadid jne.<br \/>\n\u25cf Kuivalt ja m\u00e4rjalt freesimisel<br \/>\n\u25cf Kasutamiseks koos aku v\u00f5i elektrilise padruntrelliga<br \/>\n\u25cf Plaadi paksusele kuni 10 mm<\/p>\n<p>&nbsp;<\/p>\n","protected":false},"featured_media":12898,"template":"","meta":{"_acf_changed":false},"product_brand":[26],"product_cat":[58,141],"product_tag":[],"class_list":{"0":"post-12897","1":"product","2":"type-product","3":"status-publish","4":"has-post-thumbnail","6":"product_brand-bihui","7":"product_cat-freesid","8":"product_cat-puurid","10":"first","11":"instock","12":"taxable","13":"shipping-taxable","14":"purchasable","15":"product-type-simple"},"acf":[],"yoast_head":"<!-- This site is optimized with the Yoast SEO plugin v27.0 - https:\/\/yoast.com\/product\/yoast-seo-wordpress\/ -->\n<title>BIHUI Plaadipuur \u00d8 5mm - Plaadimehed<\/title>\n<meta name=\"description\" content=\"Bihui kuivfrees\/puur m\u00f5eldud kasutamiseks akutrelliga. Teemantpuur sobib keraamiliste plaatide, kivi ja teiste k\u00f5vade materjalide puurimiseks.\" \/>\n<meta name=\"robots\" content=\"index, follow, max-snippet:-1, max-image-preview:large, max-video-preview:-1\" \/>\n<link rel=\"canonical\" href=\"https:\/\/www.plaadimehed.ee\/product\/bihui-kuivfrees-o-5-mm\/\" \/>\n<meta property=\"og:locale\" content=\"fi_FI\" \/>\n<meta property=\"og:type\" content=\"article\" \/>\n<meta property=\"og:title\" content=\"BIHUI Plaadipuur \u00d8 5mm\" \/>\n<meta property=\"og:description\" content=\"Bihui kuivfrees\/puur m\u00f5eldud kasutamiseks akutrelliga. Teemantpuur sobib keraamiliste plaatide, kivi ja teiste k\u00f5vade materjalide puurimiseks.\" \/>\n<meta property=\"og:url\" content=\"https:\/\/www.plaadimehed.ee\/product\/bihui-kuivfrees-o-5-mm\/\" \/>\n<meta property=\"og:site_name\" content=\"Plaadimehed\" \/>\n<meta property=\"article:modified_time\" content=\"2025-06-25T09:05:45+00:00\" \/>\n<meta property=\"og:image\" content=\"https:\/\/www.plaadimehed.ee\/wp-content\/uploads\/2024\/10\/BH-DBDQ05-scaled.jpg\" \/>\n\t<meta property=\"og:image:width\" content=\"2560\" \/>\n\t<meta property=\"og:image:height\" content=\"2560\" \/>\n\t<meta property=\"og:image:type\" content=\"image\/jpeg\" \/>\n<meta name=\"twitter:card\" content=\"summary_large_image\" \/>\n<meta name=\"twitter:label1\" content=\"Arvioitu lukuaika\" \/>\n\t<meta name=\"twitter:data1\" content=\"1 minuutti\" \/>\n<script type=\"application\/ld+json\" class=\"yoast-schema-graph\">{\"@context\":\"https:\/\/schema.org\",\"@graph\":[{\"@type\":\"WebPage\",\"@id\":\"https:\/\/www.plaadimehed.ee\/product\/bihui-kuivfrees-o-5-mm\/\",\"url\":\"https:\/\/www.plaadimehed.ee\/product\/bihui-kuivfrees-o-5-mm\/\",\"name\":\"BIHUI Plaadipuur \u00d8 5mm - Plaadimehed\",\"isPartOf\":{\"@id\":\"https:\/\/www.plaadimehed.ee\/#website\"},\"primaryImageOfPage\":{\"@id\":\"https:\/\/www.plaadimehed.ee\/product\/bihui-kuivfrees-o-5-mm\/#primaryimage\"},\"image\":{\"@id\":\"https:\/\/www.plaadimehed.ee\/product\/bihui-kuivfrees-o-5-mm\/#primaryimage\"},\"thumbnailUrl\":\"https:\/\/www.plaadimehed.ee\/wp-content\/uploads\/2024\/10\/BH-DBDQ05-scaled.jpg\",\"datePublished\":\"2024-10-16T08:19:00+00:00\",\"dateModified\":\"2025-06-25T09:05:45+00:00\",\"description\":\"Bihui kuivfrees\/puur m\u00f5eldud kasutamiseks akutrelliga. Teemantpuur sobib keraamiliste plaatide, kivi ja teiste k\u00f5vade materjalide puurimiseks.\",\"breadcrumb\":{\"@id\":\"https:\/\/www.plaadimehed.ee\/product\/bihui-kuivfrees-o-5-mm\/#breadcrumb\"},\"inLanguage\":\"fi\",\"potentialAction\":[{\"@type\":\"ReadAction\",\"target\":[\"https:\/\/www.plaadimehed.ee\/product\/bihui-kuivfrees-o-5-mm\/\"]}]},{\"@type\":\"ImageObject\",\"inLanguage\":\"fi\",\"@id\":\"https:\/\/www.plaadimehed.ee\/product\/bihui-kuivfrees-o-5-mm\/#primaryimage\",\"url\":\"https:\/\/www.plaadimehed.ee\/wp-content\/uploads\/2024\/10\/BH-DBDQ05-scaled.jpg\",\"contentUrl\":\"https:\/\/www.plaadimehed.ee\/wp-content\/uploads\/2024\/10\/BH-DBDQ05-scaled.jpg\",\"width\":2560,\"height\":2560,\"caption\":\"BIHUI Plaadipuur \u00d8 5mm\"},{\"@type\":\"BreadcrumbList\",\"@id\":\"https:\/\/www.plaadimehed.ee\/product\/bihui-kuivfrees-o-5-mm\/#breadcrumb\",\"itemListElement\":[{\"@type\":\"ListItem\",\"position\":1,\"name\":\"Home\",\"item\":\"https:\/\/www.plaadimehed.ee\/fi\/\"},{\"@type\":\"ListItem\",\"position\":2,\"name\":\"Verkkokauppa\",\"item\":\"https:\/\/www.plaadimehed.ee\/fi\/shop\/\"},{\"@type\":\"ListItem\",\"position\":3,\"name\":\"BIHUI Plaadipuur \u00d8 5mm\"}]},{\"@type\":\"WebSite\",\"@id\":\"https:\/\/www.plaadimehed.ee\/#website\",\"url\":\"https:\/\/www.plaadimehed.ee\/\",\"name\":\"Plaadimehed\",\"description\":\"Plaatimist\u00f6\u00f6deks vajalikud tarvikud ja t\u00f6\u00f6riistad\",\"publisher\":{\"@id\":\"https:\/\/www.plaadimehed.ee\/#organization\"},\"potentialAction\":[{\"@type\":\"SearchAction\",\"target\":{\"@type\":\"EntryPoint\",\"urlTemplate\":\"https:\/\/www.plaadimehed.ee\/?s={search_term_string}\"},\"query-input\":{\"@type\":\"PropertyValueSpecification\",\"valueRequired\":true,\"valueName\":\"search_term_string\"}}],\"inLanguage\":\"fi\"},{\"@type\":\"Organization\",\"@id\":\"https:\/\/www.plaadimehed.ee\/#organization\",\"name\":\"Plaadimehed\",\"url\":\"https:\/\/www.plaadimehed.ee\/\",\"logo\":{\"@type\":\"ImageObject\",\"inLanguage\":\"fi\",\"@id\":\"https:\/\/www.plaadimehed.ee\/#\/schema\/logo\/image\/\",\"url\":\"https:\/\/www.plaadimehed.ee\/wp-content\/uploads\/2024\/05\/plaadimehed-logo.svg\",\"contentUrl\":\"https:\/\/www.plaadimehed.ee\/wp-content\/uploads\/2024\/05\/plaadimehed-logo.svg\",\"width\":266,\"height\":72,\"caption\":\"Plaadimehed\"},\"image\":{\"@id\":\"https:\/\/www.plaadimehed.ee\/#\/schema\/logo\/image\/\"}}]}<\/script>\n<!-- \/ Yoast SEO plugin. -->","yoast_head_json":{"title":"BIHUI Plaadipuur \u00d8 5mm - Plaadimehed","description":"Bihui kuivfrees\/puur m\u00f5eldud kasutamiseks akutrelliga. Teemantpuur sobib keraamiliste plaatide, kivi ja teiste k\u00f5vade materjalide puurimiseks.","robots":{"index":"index","follow":"follow","max-snippet":"max-snippet:-1","max-image-preview":"max-image-preview:large","max-video-preview":"max-video-preview:-1"},"canonical":"https:\/\/www.plaadimehed.ee\/product\/bihui-kuivfrees-o-5-mm\/","og_locale":"fi_FI","og_type":"article","og_title":"BIHUI Plaadipuur \u00d8 5mm","og_description":"Bihui kuivfrees\/puur m\u00f5eldud kasutamiseks akutrelliga. Teemantpuur sobib keraamiliste plaatide, kivi ja teiste k\u00f5vade materjalide puurimiseks.","og_url":"https:\/\/www.plaadimehed.ee\/product\/bihui-kuivfrees-o-5-mm\/","og_site_name":"Plaadimehed","article_modified_time":"2025-06-25T09:05:45+00:00","og_image":[{"width":2560,"height":2560,"url":"https:\/\/www.plaadimehed.ee\/wp-content\/uploads\/2024\/10\/BH-DBDQ05-scaled.jpg","type":"image\/jpeg"}],"twitter_card":"summary_large_image","twitter_misc":{"Arvioitu lukuaika":"1 minuutti"},"schema":{"@context":"https:\/\/schema.org","@graph":[{"@type":"WebPage","@id":"https:\/\/www.plaadimehed.ee\/product\/bihui-kuivfrees-o-5-mm\/","url":"https:\/\/www.plaadimehed.ee\/product\/bihui-kuivfrees-o-5-mm\/","name":"BIHUI Plaadipuur \u00d8 5mm - Plaadimehed","isPartOf":{"@id":"https:\/\/www.plaadimehed.ee\/#website"},"primaryImageOfPage":{"@id":"https:\/\/www.plaadimehed.ee\/product\/bihui-kuivfrees-o-5-mm\/#primaryimage"},"image":{"@id":"https:\/\/www.plaadimehed.ee\/product\/bihui-kuivfrees-o-5-mm\/#primaryimage"},"thumbnailUrl":"https:\/\/www.plaadimehed.ee\/wp-content\/uploads\/2024\/10\/BH-DBDQ05-scaled.jpg","datePublished":"2024-10-16T08:19:00+00:00","dateModified":"2025-06-25T09:05:45+00:00","description":"Bihui kuivfrees\/puur m\u00f5eldud kasutamiseks akutrelliga. Teemantpuur sobib keraamiliste plaatide, kivi ja teiste k\u00f5vade materjalide puurimiseks.","breadcrumb":{"@id":"https:\/\/www.plaadimehed.ee\/product\/bihui-kuivfrees-o-5-mm\/#breadcrumb"},"inLanguage":"fi","potentialAction":[{"@type":"ReadAction","target":["https:\/\/www.plaadimehed.ee\/product\/bihui-kuivfrees-o-5-mm\/"]}]},{"@type":"ImageObject","inLanguage":"fi","@id":"https:\/\/www.plaadimehed.ee\/product\/bihui-kuivfrees-o-5-mm\/#primaryimage","url":"https:\/\/www.plaadimehed.ee\/wp-content\/uploads\/2024\/10\/BH-DBDQ05-scaled.jpg","contentUrl":"https:\/\/www.plaadimehed.ee\/wp-content\/uploads\/2024\/10\/BH-DBDQ05-scaled.jpg","width":2560,"height":2560,"caption":"BIHUI Plaadipuur \u00d8 5mm"},{"@type":"BreadcrumbList","@id":"https:\/\/www.plaadimehed.ee\/product\/bihui-kuivfrees-o-5-mm\/#breadcrumb","itemListElement":[{"@type":"ListItem","position":1,"name":"Home","item":"https:\/\/www.plaadimehed.ee\/fi\/"},{"@type":"ListItem","position":2,"name":"Verkkokauppa","item":"https:\/\/www.plaadimehed.ee\/fi\/shop\/"},{"@type":"ListItem","position":3,"name":"BIHUI Plaadipuur \u00d8 5mm"}]},{"@type":"WebSite","@id":"https:\/\/www.plaadimehed.ee\/#website","url":"https:\/\/www.plaadimehed.ee\/","name":"Plaadimehed","description":"Plaatimist\u00f6\u00f6deks vajalikud tarvikud ja t\u00f6\u00f6riistad","publisher":{"@id":"https:\/\/www.plaadimehed.ee\/#organization"},"potentialAction":[{"@type":"SearchAction","target":{"@type":"EntryPoint","urlTemplate":"https:\/\/www.plaadimehed.ee\/?s={search_term_string}"},"query-input":{"@type":"PropertyValueSpecification","valueRequired":true,"valueName":"search_term_string"}}],"inLanguage":"fi"},{"@type":"Organization","@id":"https:\/\/www.plaadimehed.ee\/#organization","name":"Plaadimehed","url":"https:\/\/www.plaadimehed.ee\/","logo":{"@type":"ImageObject","inLanguage":"fi","@id":"https:\/\/www.plaadimehed.ee\/#\/schema\/logo\/image\/","url":"https:\/\/www.plaadimehed.ee\/wp-content\/uploads\/2024\/05\/plaadimehed-logo.svg","contentUrl":"https:\/\/www.plaadimehed.ee\/wp-content\/uploads\/2024\/05\/plaadimehed-logo.svg","width":266,"height":72,"caption":"Plaadimehed"},"image":{"@id":"https:\/\/www.plaadimehed.ee\/#\/schema\/logo\/image\/"}}]}},"_links":{"self":[{"href":"https:\/\/www.plaadimehed.ee\/fi\/wp-json\/wp\/v2\/product\/12897","targetHints":{"allow":["GET"]}}],"collection":[{"href":"https:\/\/www.plaadimehed.ee\/fi\/wp-json\/wp\/v2\/product"}],"about":[{"href":"https:\/\/www.plaadimehed.ee\/fi\/wp-json\/wp\/v2\/types\/product"}],"wp:featuredmedia":[{"embeddable":true,"href":"https:\/\/www.plaadimehed.ee\/fi\/wp-json\/wp\/v2\/media\/12898"}],"wp:attachment":[{"href":"https:\/\/www.plaadimehed.ee\/fi\/wp-json\/wp\/v2\/media?parent=12897"}],"wp:term":[{"taxonomy":"product_brand","embeddable":true,"href":"https:\/\/www.plaadimehed.ee\/fi\/wp-json\/wp\/v2\/product_brand?post=12897"},{"taxonomy":"product_cat","embeddable":true,"href":"https:\/\/www.plaadimehed.ee\/fi\/wp-json\/wp\/v2\/product_cat?post=12897"},{"taxonomy":"product_tag","embeddable":true,"href":"https:\/\/www.plaadimehed.ee\/fi\/wp-json\/wp\/v2\/product_tag?post=12897"}],"curies":[{"name":"wp","href":"https:\/\/api.w.org\/{rel}","templated":true}]}}