{"id":13060,"date":"2024-11-15T08:21:39","date_gmt":"2024-11-15T06:21:39","guid":{"rendered":"https:\/\/www.plaadimehed.ee\/?post_type=product&#038;p=13060"},"modified":"2025-08-30T17:36:59","modified_gmt":"2025-08-30T15:36:59","slug":"progress-alu-dushi-kaldeliist-stone-greyvory-10-mm-2-m-parem","status":"publish","type":"product","link":"https:\/\/www.plaadimehed.ee\/fi\/product\/progress-alu-dushi-kaldeliist-stone-greyvory-10-mm-2-m-parem\/","title":{"rendered":"Progress\u00ae ALU dushi kaldeliist stone greyvory 10 mm \/ 2 m parem"},"content":{"rendered":"<p>\u25cf Alumiinium plaadiliist duship\u00f5randa \u00fchesuunaliste kallete jaoks<br \/>\n\u25cf Hele kivihall pinnakattega<br \/>\n\u25cf Plaadi paksusele 10 mm<br \/>\n\u25cf Parempoolne liist<br \/>\n\u25cf Pikkus 2 m<\/p>\n<p><img loading=\"lazy\" decoding=\"async\" class=\"\" src=\"https:\/\/www.plaadimehed.ee\/wp-content\/uploads\/2021\/05\/bdf-logo.png\" width=\"38\" height=\"38\" \/><a href=\"https:\/\/www.plaadimehed.ee\/wp-content\/uploads\/2022\/11\/Progress-dushi-liist-tooteinfo-uus.pdf\">Progress tooteinfo <\/a><\/p>\n","protected":false},"excerpt":{"rendered":"<p>Alumiinium plaadiliist duship\u00f5randa \u00fchesuunaliste kallete jaoks, parempoolne PSHWPAL 1020DX-SL03<\/p>\n","protected":false},"featured_media":16163,"template":"","meta":{"_acf_changed":false},"product_brand":[121],"product_cat":[122,134],"product_tag":[],"class_list":{"0":"post-13060","1":"product","2":"type-product","3":"status-publish","4":"has-post-thumbnail","6":"product_brand-progress","7":"product_cat-liistud-ja-profiilid","8":"product_cat-dushiserva-liistud","10":"first","11":"instock","12":"taxable","13":"shipping-taxable","14":"purchasable","15":"product-type-simple"},"acf":[],"yoast_head":"<!-- This site is optimized with the Yoast SEO plugin v27.0 - https:\/\/yoast.com\/product\/yoast-seo-wordpress\/ -->\n<title>Progress\u00ae ALU dushi kaldeliist stone greyvory 10 mm \/ 2 m parem - Plaadimehed<\/title>\n<meta name=\"description\" content=\"Progress dushi kaldeliist\" \/>\n<meta name=\"robots\" content=\"index, follow, max-snippet:-1, max-image-preview:large, max-video-preview:-1\" \/>\n<link rel=\"canonical\" href=\"https:\/\/www.plaadimehed.ee\/product\/progress-alu-dushi-kaldeliist-stone-greyvory-10-mm-2-m-parem\/\" \/>\n<meta property=\"og:locale\" content=\"fi_FI\" \/>\n<meta property=\"og:type\" content=\"article\" \/>\n<meta property=\"og:title\" content=\"Progress\u00ae ALU dushi kaldeliist stone greyvory 10 mm \/ 2 m parem - Plaadimehed\" \/>\n<meta property=\"og:description\" content=\"Progress dushi kaldeliist\" \/>\n<meta property=\"og:url\" content=\"https:\/\/www.plaadimehed.ee\/product\/progress-alu-dushi-kaldeliist-stone-greyvory-10-mm-2-m-parem\/\" \/>\n<meta property=\"og:site_name\" content=\"Plaadimehed\" \/>\n<meta property=\"article:modified_time\" content=\"2025-08-30T15:36:59+00:00\" \/>\n<meta property=\"og:image\" content=\"https:\/\/www.plaadimehed.ee\/wp-content\/uploads\/2025\/08\/progress-dushiliist-greyvory-parem-scaled.jpg\" \/>\n\t<meta property=\"og:image:width\" content=\"2560\" \/>\n\t<meta property=\"og:image:height\" content=\"2560\" \/>\n\t<meta property=\"og:image:type\" content=\"image\/jpeg\" \/>\n<meta name=\"twitter:card\" content=\"summary_large_image\" \/>\n<meta name=\"twitter:label1\" content=\"Arvioitu lukuaika\" \/>\n\t<meta name=\"twitter:data1\" content=\"1 minuutti\" \/>\n<script type=\"application\/ld+json\" class=\"yoast-schema-graph\">{\"@context\":\"https:\/\/schema.org\",\"@graph\":[{\"@type\":\"WebPage\",\"@id\":\"https:\/\/www.plaadimehed.ee\/product\/progress-alu-dushi-kaldeliist-stone-greyvory-10-mm-2-m-parem\/\",\"url\":\"https:\/\/www.plaadimehed.ee\/product\/progress-alu-dushi-kaldeliist-stone-greyvory-10-mm-2-m-parem\/\",\"name\":\"Progress\u00ae ALU dushi kaldeliist stone greyvory 10 mm \/ 2 m parem - Plaadimehed\",\"isPartOf\":{\"@id\":\"https:\/\/www.plaadimehed.ee\/#website\"},\"primaryImageOfPage\":{\"@id\":\"https:\/\/www.plaadimehed.ee\/product\/progress-alu-dushi-kaldeliist-stone-greyvory-10-mm-2-m-parem\/#primaryimage\"},\"image\":{\"@id\":\"https:\/\/www.plaadimehed.ee\/product\/progress-alu-dushi-kaldeliist-stone-greyvory-10-mm-2-m-parem\/#primaryimage\"},\"thumbnailUrl\":\"https:\/\/www.plaadimehed.ee\/wp-content\/uploads\/2025\/08\/progress-dushiliist-greyvory-parem-scaled.jpg\",\"datePublished\":\"2024-11-15T06:21:39+00:00\",\"dateModified\":\"2025-08-30T15:36:59+00:00\",\"description\":\"Progress dushi kaldeliist\",\"breadcrumb\":{\"@id\":\"https:\/\/www.plaadimehed.ee\/product\/progress-alu-dushi-kaldeliist-stone-greyvory-10-mm-2-m-parem\/#breadcrumb\"},\"inLanguage\":\"fi\",\"potentialAction\":[{\"@type\":\"ReadAction\",\"target\":[\"https:\/\/www.plaadimehed.ee\/product\/progress-alu-dushi-kaldeliist-stone-greyvory-10-mm-2-m-parem\/\"]}]},{\"@type\":\"ImageObject\",\"inLanguage\":\"fi\",\"@id\":\"https:\/\/www.plaadimehed.ee\/product\/progress-alu-dushi-kaldeliist-stone-greyvory-10-mm-2-m-parem\/#primaryimage\",\"url\":\"https:\/\/www.plaadimehed.ee\/wp-content\/uploads\/2025\/08\/progress-dushiliist-greyvory-parem-scaled.jpg\",\"contentUrl\":\"https:\/\/www.plaadimehed.ee\/wp-content\/uploads\/2025\/08\/progress-dushiliist-greyvory-parem-scaled.jpg\",\"width\":2560,\"height\":2560},{\"@type\":\"BreadcrumbList\",\"@id\":\"https:\/\/www.plaadimehed.ee\/product\/progress-alu-dushi-kaldeliist-stone-greyvory-10-mm-2-m-parem\/#breadcrumb\",\"itemListElement\":[{\"@type\":\"ListItem\",\"position\":1,\"name\":\"Home\",\"item\":\"https:\/\/www.plaadimehed.ee\/fi\/\"},{\"@type\":\"ListItem\",\"position\":2,\"name\":\"Verkkokauppa\",\"item\":\"https:\/\/www.plaadimehed.ee\/fi\/shop\/\"},{\"@type\":\"ListItem\",\"position\":3,\"name\":\"Progress\u00ae ALU dushi kaldeliist stone greyvory 10 mm \/ 2 m parem\"}]},{\"@type\":\"WebSite\",\"@id\":\"https:\/\/www.plaadimehed.ee\/#website\",\"url\":\"https:\/\/www.plaadimehed.ee\/\",\"name\":\"Plaadimehed\",\"description\":\"Plaatimist\u00f6\u00f6deks vajalikud tarvikud ja t\u00f6\u00f6riistad\",\"publisher\":{\"@id\":\"https:\/\/www.plaadimehed.ee\/#organization\"},\"potentialAction\":[{\"@type\":\"SearchAction\",\"target\":{\"@type\":\"EntryPoint\",\"urlTemplate\":\"https:\/\/www.plaadimehed.ee\/?s={search_term_string}\"},\"query-input\":{\"@type\":\"PropertyValueSpecification\",\"valueRequired\":true,\"valueName\":\"search_term_string\"}}],\"inLanguage\":\"fi\"},{\"@type\":\"Organization\",\"@id\":\"https:\/\/www.plaadimehed.ee\/#organization\",\"name\":\"Plaadimehed\",\"url\":\"https:\/\/www.plaadimehed.ee\/\",\"logo\":{\"@type\":\"ImageObject\",\"inLanguage\":\"fi\",\"@id\":\"https:\/\/www.plaadimehed.ee\/#\/schema\/logo\/image\/\",\"url\":\"https:\/\/www.plaadimehed.ee\/wp-content\/uploads\/2024\/05\/plaadimehed-logo.svg\",\"contentUrl\":\"https:\/\/www.plaadimehed.ee\/wp-content\/uploads\/2024\/05\/plaadimehed-logo.svg\",\"width\":266,\"height\":72,\"caption\":\"Plaadimehed\"},\"image\":{\"@id\":\"https:\/\/www.plaadimehed.ee\/#\/schema\/logo\/image\/\"}}]}<\/script>\n<!-- \/ Yoast SEO plugin. -->","yoast_head_json":{"title":"Progress\u00ae ALU dushi kaldeliist stone greyvory 10 mm \/ 2 m parem - Plaadimehed","description":"Progress dushi kaldeliist","robots":{"index":"index","follow":"follow","max-snippet":"max-snippet:-1","max-image-preview":"max-image-preview:large","max-video-preview":"max-video-preview:-1"},"canonical":"https:\/\/www.plaadimehed.ee\/product\/progress-alu-dushi-kaldeliist-stone-greyvory-10-mm-2-m-parem\/","og_locale":"fi_FI","og_type":"article","og_title":"Progress\u00ae ALU dushi kaldeliist stone greyvory 10 mm \/ 2 m parem - Plaadimehed","og_description":"Progress dushi kaldeliist","og_url":"https:\/\/www.plaadimehed.ee\/product\/progress-alu-dushi-kaldeliist-stone-greyvory-10-mm-2-m-parem\/","og_site_name":"Plaadimehed","article_modified_time":"2025-08-30T15:36:59+00:00","og_image":[{"width":2560,"height":2560,"url":"https:\/\/www.plaadimehed.ee\/wp-content\/uploads\/2025\/08\/progress-dushiliist-greyvory-parem-scaled.jpg","type":"image\/jpeg"}],"twitter_card":"summary_large_image","twitter_misc":{"Arvioitu lukuaika":"1 minuutti"},"schema":{"@context":"https:\/\/schema.org","@graph":[{"@type":"WebPage","@id":"https:\/\/www.plaadimehed.ee\/product\/progress-alu-dushi-kaldeliist-stone-greyvory-10-mm-2-m-parem\/","url":"https:\/\/www.plaadimehed.ee\/product\/progress-alu-dushi-kaldeliist-stone-greyvory-10-mm-2-m-parem\/","name":"Progress\u00ae ALU dushi kaldeliist stone greyvory 10 mm \/ 2 m parem - Plaadimehed","isPartOf":{"@id":"https:\/\/www.plaadimehed.ee\/#website"},"primaryImageOfPage":{"@id":"https:\/\/www.plaadimehed.ee\/product\/progress-alu-dushi-kaldeliist-stone-greyvory-10-mm-2-m-parem\/#primaryimage"},"image":{"@id":"https:\/\/www.plaadimehed.ee\/product\/progress-alu-dushi-kaldeliist-stone-greyvory-10-mm-2-m-parem\/#primaryimage"},"thumbnailUrl":"https:\/\/www.plaadimehed.ee\/wp-content\/uploads\/2025\/08\/progress-dushiliist-greyvory-parem-scaled.jpg","datePublished":"2024-11-15T06:21:39+00:00","dateModified":"2025-08-30T15:36:59+00:00","description":"Progress dushi kaldeliist","breadcrumb":{"@id":"https:\/\/www.plaadimehed.ee\/product\/progress-alu-dushi-kaldeliist-stone-greyvory-10-mm-2-m-parem\/#breadcrumb"},"inLanguage":"fi","potentialAction":[{"@type":"ReadAction","target":["https:\/\/www.plaadimehed.ee\/product\/progress-alu-dushi-kaldeliist-stone-greyvory-10-mm-2-m-parem\/"]}]},{"@type":"ImageObject","inLanguage":"fi","@id":"https:\/\/www.plaadimehed.ee\/product\/progress-alu-dushi-kaldeliist-stone-greyvory-10-mm-2-m-parem\/#primaryimage","url":"https:\/\/www.plaadimehed.ee\/wp-content\/uploads\/2025\/08\/progress-dushiliist-greyvory-parem-scaled.jpg","contentUrl":"https:\/\/www.plaadimehed.ee\/wp-content\/uploads\/2025\/08\/progress-dushiliist-greyvory-parem-scaled.jpg","width":2560,"height":2560},{"@type":"BreadcrumbList","@id":"https:\/\/www.plaadimehed.ee\/product\/progress-alu-dushi-kaldeliist-stone-greyvory-10-mm-2-m-parem\/#breadcrumb","itemListElement":[{"@type":"ListItem","position":1,"name":"Home","item":"https:\/\/www.plaadimehed.ee\/fi\/"},{"@type":"ListItem","position":2,"name":"Verkkokauppa","item":"https:\/\/www.plaadimehed.ee\/fi\/shop\/"},{"@type":"ListItem","position":3,"name":"Progress\u00ae ALU dushi kaldeliist stone greyvory 10 mm \/ 2 m parem"}]},{"@type":"WebSite","@id":"https:\/\/www.plaadimehed.ee\/#website","url":"https:\/\/www.plaadimehed.ee\/","name":"Plaadimehed","description":"Plaatimist\u00f6\u00f6deks vajalikud tarvikud ja t\u00f6\u00f6riistad","publisher":{"@id":"https:\/\/www.plaadimehed.ee\/#organization"},"potentialAction":[{"@type":"SearchAction","target":{"@type":"EntryPoint","urlTemplate":"https:\/\/www.plaadimehed.ee\/?s={search_term_string}"},"query-input":{"@type":"PropertyValueSpecification","valueRequired":true,"valueName":"search_term_string"}}],"inLanguage":"fi"},{"@type":"Organization","@id":"https:\/\/www.plaadimehed.ee\/#organization","name":"Plaadimehed","url":"https:\/\/www.plaadimehed.ee\/","logo":{"@type":"ImageObject","inLanguage":"fi","@id":"https:\/\/www.plaadimehed.ee\/#\/schema\/logo\/image\/","url":"https:\/\/www.plaadimehed.ee\/wp-content\/uploads\/2024\/05\/plaadimehed-logo.svg","contentUrl":"https:\/\/www.plaadimehed.ee\/wp-content\/uploads\/2024\/05\/plaadimehed-logo.svg","width":266,"height":72,"caption":"Plaadimehed"},"image":{"@id":"https:\/\/www.plaadimehed.ee\/#\/schema\/logo\/image\/"}}]}},"_links":{"self":[{"href":"https:\/\/www.plaadimehed.ee\/fi\/wp-json\/wp\/v2\/product\/13060","targetHints":{"allow":["GET"]}}],"collection":[{"href":"https:\/\/www.plaadimehed.ee\/fi\/wp-json\/wp\/v2\/product"}],"about":[{"href":"https:\/\/www.plaadimehed.ee\/fi\/wp-json\/wp\/v2\/types\/product"}],"wp:featuredmedia":[{"embeddable":true,"href":"https:\/\/www.plaadimehed.ee\/fi\/wp-json\/wp\/v2\/media\/16163"}],"wp:attachment":[{"href":"https:\/\/www.plaadimehed.ee\/fi\/wp-json\/wp\/v2\/media?parent=13060"}],"wp:term":[{"taxonomy":"product_brand","embeddable":true,"href":"https:\/\/www.plaadimehed.ee\/fi\/wp-json\/wp\/v2\/product_brand?post=13060"},{"taxonomy":"product_cat","embeddable":true,"href":"https:\/\/www.plaadimehed.ee\/fi\/wp-json\/wp\/v2\/product_cat?post=13060"},{"taxonomy":"product_tag","embeddable":true,"href":"https:\/\/www.plaadimehed.ee\/fi\/wp-json\/wp\/v2\/product_tag?post=13060"}],"curies":[{"name":"wp","href":"https:\/\/api.w.org\/{rel}","templated":true}]}}