{"id":13095,"date":"2024-11-22T08:30:29","date_gmt":"2024-11-22T06:30:29","guid":{"rendered":"https:\/\/www.plaadimehed.ee\/?post_type=product&#038;p=13095"},"modified":"2026-03-01T13:00:29","modified_gmt":"2026-03-01T11:00:29","slug":"sendi-plaadiloikur-pro-cutter-1200-mm","status":"publish","type":"product","link":"https:\/\/www.plaadimehed.ee\/fi\/product\/sendi-plaadiloikur-pro-cutter-1200-mm\/","title":{"rendered":"SENDI Plaadil\u00f5ikur PRO CUTTER ULTRA 1200mm"},"content":{"rendered":"","protected":false},"excerpt":{"rendered":"<p>Plaadil\u00f5ikur 1200 mm laseriga<\/p>\n<p>\u25cf L\u00f5ikuri abil saab l\u00f5igata kuni 120 cm pikkuseid plaate<br \/>\n\u25cf\u00a0<span class=\"Y2IQFc\" lang=\"et\">Laserl\u00f5ikejoone tuvastamine, roheline joon, akupatarei ja laadija komplektis kaasas<br \/>\n\u25cf Siselaagriga volframist l\u00f5iketera TCM\/TCP seeria<br \/>\n\u25cf Max l\u00f5igatav plaadi paksus 6-15 mm<br \/>\n\u25cf Pikendustoed 1-1,5 m 3 tk<br \/>\n\u25cf Liugmehhanism on varustatud kuullaagritega, mis tagab l\u00f5ikamisel t\u00e4psuse ja pikendab l\u00f5ikuri kasutusiga<br \/>\n\u25cf Juhik 45 kraadi nurgal\u00f5ikamiseks<\/span><\/p>\n","protected":false},"featured_media":15927,"template":"","meta":{"_acf_changed":false},"product_brand":[110],"product_cat":[16],"product_tag":[],"class_list":{"0":"post-13095","1":"product","2":"type-product","3":"status-publish","4":"has-post-thumbnail","6":"product_brand-sendi","7":"product_cat-plaadiloikurid","9":"first","10":"outofstock","11":"taxable","12":"shipping-taxable","13":"purchasable","14":"product-type-simple"},"acf":[],"yoast_head":"<!-- This site is optimized with the Yoast SEO plugin v27.0 - https:\/\/yoast.com\/product\/yoast-seo-wordpress\/ -->\n<title>SENDI Plaadil\u00f5ikur PRO CUTTER ULTRA 1200mm - Plaadimehed<\/title>\n<meta name=\"description\" content=\"Sendi plaadil\u00f5ikur 1200 mm. Sobib kuni 120x120 cm plaatide l\u00f5ikamiseks. L\u00f5ikur on varustatud kulgtugedega ja laseriga. Laser tagab l\u00f5igetel t\u00e4psuse.\" \/>\n<meta name=\"robots\" content=\"index, follow, max-snippet:-1, max-image-preview:large, max-video-preview:-1\" \/>\n<link rel=\"canonical\" href=\"https:\/\/www.plaadimehed.ee\/product\/sendi-plaadiloikur-pro-cutter-1200-mm\/\" \/>\n<meta property=\"og:locale\" content=\"fi_FI\" \/>\n<meta property=\"og:type\" content=\"article\" \/>\n<meta property=\"og:title\" content=\"SENDI Plaadil\u00f5ikur PRO CUTTER ULTRA 1200mm\" \/>\n<meta property=\"og:description\" content=\"Sendi plaadil\u00f5ikur 1200 mm. Sobib kuni 120x120 cm plaatide l\u00f5ikamiseks. L\u00f5ikur on varustatud kulgtugedega ja laseriga. Laser tagab l\u00f5igetel t\u00e4psuse.\" \/>\n<meta property=\"og:url\" content=\"https:\/\/www.plaadimehed.ee\/product\/sendi-plaadiloikur-pro-cutter-1200-mm\/\" \/>\n<meta property=\"og:site_name\" content=\"Plaadimehed\" \/>\n<meta property=\"article:modified_time\" content=\"2026-03-01T11:00:29+00:00\" \/>\n<meta property=\"og:image\" content=\"https:\/\/www.plaadimehed.ee\/wp-content\/uploads\/2024\/11\/Sendi-Pro-CUTTER-ULTRA.png\" \/>\n\t<meta property=\"og:image:width\" content=\"1200\" \/>\n\t<meta property=\"og:image:height\" content=\"1200\" \/>\n\t<meta property=\"og:image:type\" content=\"image\/png\" \/>\n<meta name=\"twitter:card\" content=\"summary_large_image\" \/>\n<meta name=\"twitter:label1\" content=\"Arvioitu lukuaika\" \/>\n\t<meta name=\"twitter:data1\" content=\"1 minuutti\" \/>\n<script type=\"application\/ld+json\" class=\"yoast-schema-graph\">{\"@context\":\"https:\/\/schema.org\",\"@graph\":[{\"@type\":\"WebPage\",\"@id\":\"https:\/\/www.plaadimehed.ee\/product\/sendi-plaadiloikur-pro-cutter-1200-mm\/\",\"url\":\"https:\/\/www.plaadimehed.ee\/product\/sendi-plaadiloikur-pro-cutter-1200-mm\/\",\"name\":\"SENDI Plaadil\u00f5ikur PRO CUTTER ULTRA 1200mm - Plaadimehed\",\"isPartOf\":{\"@id\":\"https:\/\/www.plaadimehed.ee\/#website\"},\"primaryImageOfPage\":{\"@id\":\"https:\/\/www.plaadimehed.ee\/product\/sendi-plaadiloikur-pro-cutter-1200-mm\/#primaryimage\"},\"image\":{\"@id\":\"https:\/\/www.plaadimehed.ee\/product\/sendi-plaadiloikur-pro-cutter-1200-mm\/#primaryimage\"},\"thumbnailUrl\":\"https:\/\/www.plaadimehed.ee\/wp-content\/uploads\/2024\/11\/Sendi-Pro-CUTTER-ULTRA.png\",\"datePublished\":\"2024-11-22T06:30:29+00:00\",\"dateModified\":\"2026-03-01T11:00:29+00:00\",\"description\":\"Sendi plaadil\u00f5ikur 1200 mm. Sobib kuni 120x120 cm plaatide l\u00f5ikamiseks. L\u00f5ikur on varustatud kulgtugedega ja laseriga. Laser tagab l\u00f5igetel t\u00e4psuse.\",\"breadcrumb\":{\"@id\":\"https:\/\/www.plaadimehed.ee\/product\/sendi-plaadiloikur-pro-cutter-1200-mm\/#breadcrumb\"},\"inLanguage\":\"fi\",\"potentialAction\":[{\"@type\":\"ReadAction\",\"target\":[\"https:\/\/www.plaadimehed.ee\/product\/sendi-plaadiloikur-pro-cutter-1200-mm\/\"]}]},{\"@type\":\"ImageObject\",\"inLanguage\":\"fi\",\"@id\":\"https:\/\/www.plaadimehed.ee\/product\/sendi-plaadiloikur-pro-cutter-1200-mm\/#primaryimage\",\"url\":\"https:\/\/www.plaadimehed.ee\/wp-content\/uploads\/2024\/11\/Sendi-Pro-CUTTER-ULTRA.png\",\"contentUrl\":\"https:\/\/www.plaadimehed.ee\/wp-content\/uploads\/2024\/11\/Sendi-Pro-CUTTER-ULTRA.png\",\"width\":1200,\"height\":1200,\"caption\":\"SENDI Plaadil\u00f5ikur PRO CUTTER ULTRA 1200mm\"},{\"@type\":\"BreadcrumbList\",\"@id\":\"https:\/\/www.plaadimehed.ee\/product\/sendi-plaadiloikur-pro-cutter-1200-mm\/#breadcrumb\",\"itemListElement\":[{\"@type\":\"ListItem\",\"position\":1,\"name\":\"Home\",\"item\":\"https:\/\/www.plaadimehed.ee\/fi\/\"},{\"@type\":\"ListItem\",\"position\":2,\"name\":\"Verkkokauppa\",\"item\":\"https:\/\/www.plaadimehed.ee\/fi\/shop\/\"},{\"@type\":\"ListItem\",\"position\":3,\"name\":\"SENDI Plaadil\u00f5ikur PRO CUTTER ULTRA 1200mm\"}]},{\"@type\":\"WebSite\",\"@id\":\"https:\/\/www.plaadimehed.ee\/#website\",\"url\":\"https:\/\/www.plaadimehed.ee\/\",\"name\":\"Plaadimehed\",\"description\":\"Plaatimist\u00f6\u00f6deks vajalikud tarvikud ja t\u00f6\u00f6riistad\",\"publisher\":{\"@id\":\"https:\/\/www.plaadimehed.ee\/#organization\"},\"potentialAction\":[{\"@type\":\"SearchAction\",\"target\":{\"@type\":\"EntryPoint\",\"urlTemplate\":\"https:\/\/www.plaadimehed.ee\/?s={search_term_string}\"},\"query-input\":{\"@type\":\"PropertyValueSpecification\",\"valueRequired\":true,\"valueName\":\"search_term_string\"}}],\"inLanguage\":\"fi\"},{\"@type\":\"Organization\",\"@id\":\"https:\/\/www.plaadimehed.ee\/#organization\",\"name\":\"Plaadimehed\",\"url\":\"https:\/\/www.plaadimehed.ee\/\",\"logo\":{\"@type\":\"ImageObject\",\"inLanguage\":\"fi\",\"@id\":\"https:\/\/www.plaadimehed.ee\/#\/schema\/logo\/image\/\",\"url\":\"https:\/\/www.plaadimehed.ee\/wp-content\/uploads\/2024\/05\/plaadimehed-logo.svg\",\"contentUrl\":\"https:\/\/www.plaadimehed.ee\/wp-content\/uploads\/2024\/05\/plaadimehed-logo.svg\",\"width\":266,\"height\":72,\"caption\":\"Plaadimehed\"},\"image\":{\"@id\":\"https:\/\/www.plaadimehed.ee\/#\/schema\/logo\/image\/\"}}]}<\/script>\n<!-- \/ Yoast SEO plugin. -->","yoast_head_json":{"title":"SENDI Plaadil\u00f5ikur PRO CUTTER ULTRA 1200mm - Plaadimehed","description":"Sendi plaadil\u00f5ikur 1200 mm. Sobib kuni 120x120 cm plaatide l\u00f5ikamiseks. L\u00f5ikur on varustatud kulgtugedega ja laseriga. Laser tagab l\u00f5igetel t\u00e4psuse.","robots":{"index":"index","follow":"follow","max-snippet":"max-snippet:-1","max-image-preview":"max-image-preview:large","max-video-preview":"max-video-preview:-1"},"canonical":"https:\/\/www.plaadimehed.ee\/product\/sendi-plaadiloikur-pro-cutter-1200-mm\/","og_locale":"fi_FI","og_type":"article","og_title":"SENDI Plaadil\u00f5ikur PRO CUTTER ULTRA 1200mm","og_description":"Sendi plaadil\u00f5ikur 1200 mm. Sobib kuni 120x120 cm plaatide l\u00f5ikamiseks. L\u00f5ikur on varustatud kulgtugedega ja laseriga. Laser tagab l\u00f5igetel t\u00e4psuse.","og_url":"https:\/\/www.plaadimehed.ee\/product\/sendi-plaadiloikur-pro-cutter-1200-mm\/","og_site_name":"Plaadimehed","article_modified_time":"2026-03-01T11:00:29+00:00","og_image":[{"width":1200,"height":1200,"url":"https:\/\/www.plaadimehed.ee\/wp-content\/uploads\/2024\/11\/Sendi-Pro-CUTTER-ULTRA.png","type":"image\/png"}],"twitter_card":"summary_large_image","twitter_misc":{"Arvioitu lukuaika":"1 minuutti"},"schema":{"@context":"https:\/\/schema.org","@graph":[{"@type":"WebPage","@id":"https:\/\/www.plaadimehed.ee\/product\/sendi-plaadiloikur-pro-cutter-1200-mm\/","url":"https:\/\/www.plaadimehed.ee\/product\/sendi-plaadiloikur-pro-cutter-1200-mm\/","name":"SENDI Plaadil\u00f5ikur PRO CUTTER ULTRA 1200mm - Plaadimehed","isPartOf":{"@id":"https:\/\/www.plaadimehed.ee\/#website"},"primaryImageOfPage":{"@id":"https:\/\/www.plaadimehed.ee\/product\/sendi-plaadiloikur-pro-cutter-1200-mm\/#primaryimage"},"image":{"@id":"https:\/\/www.plaadimehed.ee\/product\/sendi-plaadiloikur-pro-cutter-1200-mm\/#primaryimage"},"thumbnailUrl":"https:\/\/www.plaadimehed.ee\/wp-content\/uploads\/2024\/11\/Sendi-Pro-CUTTER-ULTRA.png","datePublished":"2024-11-22T06:30:29+00:00","dateModified":"2026-03-01T11:00:29+00:00","description":"Sendi plaadil\u00f5ikur 1200 mm. Sobib kuni 120x120 cm plaatide l\u00f5ikamiseks. L\u00f5ikur on varustatud kulgtugedega ja laseriga. Laser tagab l\u00f5igetel t\u00e4psuse.","breadcrumb":{"@id":"https:\/\/www.plaadimehed.ee\/product\/sendi-plaadiloikur-pro-cutter-1200-mm\/#breadcrumb"},"inLanguage":"fi","potentialAction":[{"@type":"ReadAction","target":["https:\/\/www.plaadimehed.ee\/product\/sendi-plaadiloikur-pro-cutter-1200-mm\/"]}]},{"@type":"ImageObject","inLanguage":"fi","@id":"https:\/\/www.plaadimehed.ee\/product\/sendi-plaadiloikur-pro-cutter-1200-mm\/#primaryimage","url":"https:\/\/www.plaadimehed.ee\/wp-content\/uploads\/2024\/11\/Sendi-Pro-CUTTER-ULTRA.png","contentUrl":"https:\/\/www.plaadimehed.ee\/wp-content\/uploads\/2024\/11\/Sendi-Pro-CUTTER-ULTRA.png","width":1200,"height":1200,"caption":"SENDI Plaadil\u00f5ikur PRO CUTTER ULTRA 1200mm"},{"@type":"BreadcrumbList","@id":"https:\/\/www.plaadimehed.ee\/product\/sendi-plaadiloikur-pro-cutter-1200-mm\/#breadcrumb","itemListElement":[{"@type":"ListItem","position":1,"name":"Home","item":"https:\/\/www.plaadimehed.ee\/fi\/"},{"@type":"ListItem","position":2,"name":"Verkkokauppa","item":"https:\/\/www.plaadimehed.ee\/fi\/shop\/"},{"@type":"ListItem","position":3,"name":"SENDI Plaadil\u00f5ikur PRO CUTTER ULTRA 1200mm"}]},{"@type":"WebSite","@id":"https:\/\/www.plaadimehed.ee\/#website","url":"https:\/\/www.plaadimehed.ee\/","name":"Plaadimehed","description":"Plaatimist\u00f6\u00f6deks vajalikud tarvikud ja t\u00f6\u00f6riistad","publisher":{"@id":"https:\/\/www.plaadimehed.ee\/#organization"},"potentialAction":[{"@type":"SearchAction","target":{"@type":"EntryPoint","urlTemplate":"https:\/\/www.plaadimehed.ee\/?s={search_term_string}"},"query-input":{"@type":"PropertyValueSpecification","valueRequired":true,"valueName":"search_term_string"}}],"inLanguage":"fi"},{"@type":"Organization","@id":"https:\/\/www.plaadimehed.ee\/#organization","name":"Plaadimehed","url":"https:\/\/www.plaadimehed.ee\/","logo":{"@type":"ImageObject","inLanguage":"fi","@id":"https:\/\/www.plaadimehed.ee\/#\/schema\/logo\/image\/","url":"https:\/\/www.plaadimehed.ee\/wp-content\/uploads\/2024\/05\/plaadimehed-logo.svg","contentUrl":"https:\/\/www.plaadimehed.ee\/wp-content\/uploads\/2024\/05\/plaadimehed-logo.svg","width":266,"height":72,"caption":"Plaadimehed"},"image":{"@id":"https:\/\/www.plaadimehed.ee\/#\/schema\/logo\/image\/"}}]}},"_links":{"self":[{"href":"https:\/\/www.plaadimehed.ee\/fi\/wp-json\/wp\/v2\/product\/13095","targetHints":{"allow":["GET"]}}],"collection":[{"href":"https:\/\/www.plaadimehed.ee\/fi\/wp-json\/wp\/v2\/product"}],"about":[{"href":"https:\/\/www.plaadimehed.ee\/fi\/wp-json\/wp\/v2\/types\/product"}],"wp:featuredmedia":[{"embeddable":true,"href":"https:\/\/www.plaadimehed.ee\/fi\/wp-json\/wp\/v2\/media\/15927"}],"wp:attachment":[{"href":"https:\/\/www.plaadimehed.ee\/fi\/wp-json\/wp\/v2\/media?parent=13095"}],"wp:term":[{"taxonomy":"product_brand","embeddable":true,"href":"https:\/\/www.plaadimehed.ee\/fi\/wp-json\/wp\/v2\/product_brand?post=13095"},{"taxonomy":"product_cat","embeddable":true,"href":"https:\/\/www.plaadimehed.ee\/fi\/wp-json\/wp\/v2\/product_cat?post=13095"},{"taxonomy":"product_tag","embeddable":true,"href":"https:\/\/www.plaadimehed.ee\/fi\/wp-json\/wp\/v2\/product_tag?post=13095"}],"curies":[{"name":"wp","href":"https:\/\/api.w.org\/{rel}","templated":true}]}}