{"id":13616,"date":"2025-02-17T12:05:07","date_gmt":"2025-02-17T10:05:07","guid":{"rendered":"https:\/\/www.plaadimehed.ee\/?post_type=product&#038;p=13616"},"modified":"2026-01-08T15:12:15","modified_gmt":"2026-01-08T13:12:15","slug":"progress-12-mm-klaasisoonega-liist-10-mm-plaadile-matt-black-27jm","status":"publish","type":"product","link":"https:\/\/www.plaadimehed.ee\/fi\/product\/progress-12-mm-klaasisoonega-liist-10-mm-plaadile-matt-black-27jm\/","title":{"rendered":"Progress\u00ae 12 mm klaasisoonega liist 10 mm plaadile matt black 2,7 m"},"content":{"rendered":"<p>\u25cf Matt must alumiinium klaaspaneeli liist<br \/>\n\u25cf Kasutamiseks klaaspaneelide paigaldusel<br \/>\n\u25cf Klaasi paksusele kuni 12 mm<br \/>\n\u25cf Plaadi paksusele kuni 10 mm<br \/>\n\u25cf Pikkus 2,7 m<\/p>\n<p>&nbsp;<\/p>\n","protected":false},"excerpt":{"rendered":"<p>12mm klaasisoonega liist 10 mm plaadile PLTCHA 10-110 MATT BLACK 2,7 m<\/p>\n","protected":false},"featured_media":17412,"template":"","meta":{"_acf_changed":false},"product_brand":[121],"product_cat":[122,169],"product_tag":[],"class_list":{"0":"post-13616","1":"product","2":"type-product","3":"status-publish","4":"has-post-thumbnail","6":"product_brand-progress","7":"product_cat-liistud-ja-profiilid","8":"product_cat-klaaspaneelile","10":"first","11":"instock","12":"taxable","13":"shipping-taxable","14":"purchasable","15":"product-type-simple"},"acf":[],"yoast_head":"<!-- This site is optimized with the Yoast SEO plugin v27.0 - https:\/\/yoast.com\/product\/yoast-seo-wordpress\/ -->\n<title>Progress 12mm klaasisoonega liist 10mm plaadile<\/title>\n<meta name=\"description\" content=\"Matt must alumiinium klaaspaneeli liist kasutamiseks klaaspaneelide paigaldamisel.\" \/>\n<meta name=\"robots\" content=\"index, follow, max-snippet:-1, max-image-preview:large, max-video-preview:-1\" \/>\n<link rel=\"canonical\" href=\"https:\/\/www.plaadimehed.ee\/product\/progress-12-mm-klaasisoonega-liist-10-mm-plaadile-matt-black-27jm\/\" \/>\n<meta property=\"og:locale\" content=\"fi_FI\" \/>\n<meta property=\"og:type\" content=\"article\" \/>\n<meta property=\"og:title\" content=\"Progress 12mm klaasisoonega liist 10mm plaadile\" \/>\n<meta property=\"og:description\" content=\"Matt must alumiinium klaaspaneeli liist kasutamiseks klaaspaneelide paigaldamisel.\" \/>\n<meta property=\"og:url\" content=\"https:\/\/www.plaadimehed.ee\/product\/progress-12-mm-klaasisoonega-liist-10-mm-plaadile-matt-black-27jm\/\" \/>\n<meta property=\"og:site_name\" content=\"Plaadimehed\" \/>\n<meta property=\"article:modified_time\" content=\"2026-01-08T13:12:15+00:00\" \/>\n<meta property=\"og:image\" content=\"https:\/\/www.plaadimehed.ee\/wp-content\/uploads\/2025\/02\/Must-klaassoonega-liist-1024x683.png\" \/>\n\t<meta property=\"og:image:width\" content=\"1024\" \/>\n\t<meta property=\"og:image:height\" content=\"683\" \/>\n\t<meta property=\"og:image:type\" content=\"image\/png\" \/>\n<meta name=\"twitter:card\" content=\"summary_large_image\" \/>\n<meta name=\"twitter:label1\" content=\"Arvioitu lukuaika\" \/>\n\t<meta name=\"twitter:data1\" content=\"1 minuutti\" \/>\n<script type=\"application\/ld+json\" class=\"yoast-schema-graph\">{\"@context\":\"https:\/\/schema.org\",\"@graph\":[{\"@type\":\"WebPage\",\"@id\":\"https:\/\/www.plaadimehed.ee\/product\/progress-12-mm-klaasisoonega-liist-10-mm-plaadile-matt-black-27jm\/\",\"url\":\"https:\/\/www.plaadimehed.ee\/product\/progress-12-mm-klaasisoonega-liist-10-mm-plaadile-matt-black-27jm\/\",\"name\":\"Progress 12mm klaasisoonega liist 10mm plaadile\",\"isPartOf\":{\"@id\":\"https:\/\/www.plaadimehed.ee\/#website\"},\"primaryImageOfPage\":{\"@id\":\"https:\/\/www.plaadimehed.ee\/product\/progress-12-mm-klaasisoonega-liist-10-mm-plaadile-matt-black-27jm\/#primaryimage\"},\"image\":{\"@id\":\"https:\/\/www.plaadimehed.ee\/product\/progress-12-mm-klaasisoonega-liist-10-mm-plaadile-matt-black-27jm\/#primaryimage\"},\"thumbnailUrl\":\"https:\/\/www.plaadimehed.ee\/wp-content\/uploads\/2025\/02\/Must-klaassoonega-liist.png\",\"datePublished\":\"2025-02-17T10:05:07+00:00\",\"dateModified\":\"2026-01-08T13:12:15+00:00\",\"description\":\"Matt must alumiinium klaaspaneeli liist kasutamiseks klaaspaneelide paigaldamisel.\",\"breadcrumb\":{\"@id\":\"https:\/\/www.plaadimehed.ee\/product\/progress-12-mm-klaasisoonega-liist-10-mm-plaadile-matt-black-27jm\/#breadcrumb\"},\"inLanguage\":\"fi\",\"potentialAction\":[{\"@type\":\"ReadAction\",\"target\":[\"https:\/\/www.plaadimehed.ee\/product\/progress-12-mm-klaasisoonega-liist-10-mm-plaadile-matt-black-27jm\/\"]}]},{\"@type\":\"ImageObject\",\"inLanguage\":\"fi\",\"@id\":\"https:\/\/www.plaadimehed.ee\/product\/progress-12-mm-klaasisoonega-liist-10-mm-plaadile-matt-black-27jm\/#primaryimage\",\"url\":\"https:\/\/www.plaadimehed.ee\/wp-content\/uploads\/2025\/02\/Must-klaassoonega-liist.png\",\"contentUrl\":\"https:\/\/www.plaadimehed.ee\/wp-content\/uploads\/2025\/02\/Must-klaassoonega-liist.png\",\"width\":1536,\"height\":1024,\"caption\":\"Progress\u00ae 12 mm klaasisoonega liist 10 mm plaadile matt black 2,7 m\"},{\"@type\":\"BreadcrumbList\",\"@id\":\"https:\/\/www.plaadimehed.ee\/product\/progress-12-mm-klaasisoonega-liist-10-mm-plaadile-matt-black-27jm\/#breadcrumb\",\"itemListElement\":[{\"@type\":\"ListItem\",\"position\":1,\"name\":\"Home\",\"item\":\"https:\/\/www.plaadimehed.ee\/fi\/\"},{\"@type\":\"ListItem\",\"position\":2,\"name\":\"Verkkokauppa\",\"item\":\"https:\/\/www.plaadimehed.ee\/fi\/shop\/\"},{\"@type\":\"ListItem\",\"position\":3,\"name\":\"Progress\u00ae 12 mm klaasisoonega liist 10 mm plaadile matt black 2,7 m\"}]},{\"@type\":\"WebSite\",\"@id\":\"https:\/\/www.plaadimehed.ee\/#website\",\"url\":\"https:\/\/www.plaadimehed.ee\/\",\"name\":\"Plaadimehed\",\"description\":\"Plaatimist\u00f6\u00f6deks vajalikud tarvikud ja t\u00f6\u00f6riistad\",\"publisher\":{\"@id\":\"https:\/\/www.plaadimehed.ee\/#organization\"},\"potentialAction\":[{\"@type\":\"SearchAction\",\"target\":{\"@type\":\"EntryPoint\",\"urlTemplate\":\"https:\/\/www.plaadimehed.ee\/?s={search_term_string}\"},\"query-input\":{\"@type\":\"PropertyValueSpecification\",\"valueRequired\":true,\"valueName\":\"search_term_string\"}}],\"inLanguage\":\"fi\"},{\"@type\":\"Organization\",\"@id\":\"https:\/\/www.plaadimehed.ee\/#organization\",\"name\":\"Plaadimehed\",\"url\":\"https:\/\/www.plaadimehed.ee\/\",\"logo\":{\"@type\":\"ImageObject\",\"inLanguage\":\"fi\",\"@id\":\"https:\/\/www.plaadimehed.ee\/#\/schema\/logo\/image\/\",\"url\":\"https:\/\/www.plaadimehed.ee\/wp-content\/uploads\/2024\/05\/plaadimehed-logo.svg\",\"contentUrl\":\"https:\/\/www.plaadimehed.ee\/wp-content\/uploads\/2024\/05\/plaadimehed-logo.svg\",\"width\":266,\"height\":72,\"caption\":\"Plaadimehed\"},\"image\":{\"@id\":\"https:\/\/www.plaadimehed.ee\/#\/schema\/logo\/image\/\"}}]}<\/script>\n<!-- \/ Yoast SEO plugin. -->","yoast_head_json":{"title":"Progress 12mm klaasisoonega liist 10mm plaadile","description":"Matt must alumiinium klaaspaneeli liist kasutamiseks klaaspaneelide paigaldamisel.","robots":{"index":"index","follow":"follow","max-snippet":"max-snippet:-1","max-image-preview":"max-image-preview:large","max-video-preview":"max-video-preview:-1"},"canonical":"https:\/\/www.plaadimehed.ee\/product\/progress-12-mm-klaasisoonega-liist-10-mm-plaadile-matt-black-27jm\/","og_locale":"fi_FI","og_type":"article","og_title":"Progress 12mm klaasisoonega liist 10mm plaadile","og_description":"Matt must alumiinium klaaspaneeli liist kasutamiseks klaaspaneelide paigaldamisel.","og_url":"https:\/\/www.plaadimehed.ee\/product\/progress-12-mm-klaasisoonega-liist-10-mm-plaadile-matt-black-27jm\/","og_site_name":"Plaadimehed","article_modified_time":"2026-01-08T13:12:15+00:00","og_image":[{"width":1024,"height":683,"url":"https:\/\/www.plaadimehed.ee\/wp-content\/uploads\/2025\/02\/Must-klaassoonega-liist-1024x683.png","type":"image\/png"}],"twitter_card":"summary_large_image","twitter_misc":{"Arvioitu lukuaika":"1 minuutti"},"schema":{"@context":"https:\/\/schema.org","@graph":[{"@type":"WebPage","@id":"https:\/\/www.plaadimehed.ee\/product\/progress-12-mm-klaasisoonega-liist-10-mm-plaadile-matt-black-27jm\/","url":"https:\/\/www.plaadimehed.ee\/product\/progress-12-mm-klaasisoonega-liist-10-mm-plaadile-matt-black-27jm\/","name":"Progress 12mm klaasisoonega liist 10mm plaadile","isPartOf":{"@id":"https:\/\/www.plaadimehed.ee\/#website"},"primaryImageOfPage":{"@id":"https:\/\/www.plaadimehed.ee\/product\/progress-12-mm-klaasisoonega-liist-10-mm-plaadile-matt-black-27jm\/#primaryimage"},"image":{"@id":"https:\/\/www.plaadimehed.ee\/product\/progress-12-mm-klaasisoonega-liist-10-mm-plaadile-matt-black-27jm\/#primaryimage"},"thumbnailUrl":"https:\/\/www.plaadimehed.ee\/wp-content\/uploads\/2025\/02\/Must-klaassoonega-liist.png","datePublished":"2025-02-17T10:05:07+00:00","dateModified":"2026-01-08T13:12:15+00:00","description":"Matt must alumiinium klaaspaneeli liist kasutamiseks klaaspaneelide paigaldamisel.","breadcrumb":{"@id":"https:\/\/www.plaadimehed.ee\/product\/progress-12-mm-klaasisoonega-liist-10-mm-plaadile-matt-black-27jm\/#breadcrumb"},"inLanguage":"fi","potentialAction":[{"@type":"ReadAction","target":["https:\/\/www.plaadimehed.ee\/product\/progress-12-mm-klaasisoonega-liist-10-mm-plaadile-matt-black-27jm\/"]}]},{"@type":"ImageObject","inLanguage":"fi","@id":"https:\/\/www.plaadimehed.ee\/product\/progress-12-mm-klaasisoonega-liist-10-mm-plaadile-matt-black-27jm\/#primaryimage","url":"https:\/\/www.plaadimehed.ee\/wp-content\/uploads\/2025\/02\/Must-klaassoonega-liist.png","contentUrl":"https:\/\/www.plaadimehed.ee\/wp-content\/uploads\/2025\/02\/Must-klaassoonega-liist.png","width":1536,"height":1024,"caption":"Progress\u00ae 12 mm klaasisoonega liist 10 mm plaadile matt black 2,7 m"},{"@type":"BreadcrumbList","@id":"https:\/\/www.plaadimehed.ee\/product\/progress-12-mm-klaasisoonega-liist-10-mm-plaadile-matt-black-27jm\/#breadcrumb","itemListElement":[{"@type":"ListItem","position":1,"name":"Home","item":"https:\/\/www.plaadimehed.ee\/fi\/"},{"@type":"ListItem","position":2,"name":"Verkkokauppa","item":"https:\/\/www.plaadimehed.ee\/fi\/shop\/"},{"@type":"ListItem","position":3,"name":"Progress\u00ae 12 mm klaasisoonega liist 10 mm plaadile matt black 2,7 m"}]},{"@type":"WebSite","@id":"https:\/\/www.plaadimehed.ee\/#website","url":"https:\/\/www.plaadimehed.ee\/","name":"Plaadimehed","description":"Plaatimist\u00f6\u00f6deks vajalikud tarvikud ja t\u00f6\u00f6riistad","publisher":{"@id":"https:\/\/www.plaadimehed.ee\/#organization"},"potentialAction":[{"@type":"SearchAction","target":{"@type":"EntryPoint","urlTemplate":"https:\/\/www.plaadimehed.ee\/?s={search_term_string}"},"query-input":{"@type":"PropertyValueSpecification","valueRequired":true,"valueName":"search_term_string"}}],"inLanguage":"fi"},{"@type":"Organization","@id":"https:\/\/www.plaadimehed.ee\/#organization","name":"Plaadimehed","url":"https:\/\/www.plaadimehed.ee\/","logo":{"@type":"ImageObject","inLanguage":"fi","@id":"https:\/\/www.plaadimehed.ee\/#\/schema\/logo\/image\/","url":"https:\/\/www.plaadimehed.ee\/wp-content\/uploads\/2024\/05\/plaadimehed-logo.svg","contentUrl":"https:\/\/www.plaadimehed.ee\/wp-content\/uploads\/2024\/05\/plaadimehed-logo.svg","width":266,"height":72,"caption":"Plaadimehed"},"image":{"@id":"https:\/\/www.plaadimehed.ee\/#\/schema\/logo\/image\/"}}]}},"_links":{"self":[{"href":"https:\/\/www.plaadimehed.ee\/fi\/wp-json\/wp\/v2\/product\/13616","targetHints":{"allow":["GET"]}}],"collection":[{"href":"https:\/\/www.plaadimehed.ee\/fi\/wp-json\/wp\/v2\/product"}],"about":[{"href":"https:\/\/www.plaadimehed.ee\/fi\/wp-json\/wp\/v2\/types\/product"}],"wp:featuredmedia":[{"embeddable":true,"href":"https:\/\/www.plaadimehed.ee\/fi\/wp-json\/wp\/v2\/media\/17412"}],"wp:attachment":[{"href":"https:\/\/www.plaadimehed.ee\/fi\/wp-json\/wp\/v2\/media?parent=13616"}],"wp:term":[{"taxonomy":"product_brand","embeddable":true,"href":"https:\/\/www.plaadimehed.ee\/fi\/wp-json\/wp\/v2\/product_brand?post=13616"},{"taxonomy":"product_cat","embeddable":true,"href":"https:\/\/www.plaadimehed.ee\/fi\/wp-json\/wp\/v2\/product_cat?post=13616"},{"taxonomy":"product_tag","embeddable":true,"href":"https:\/\/www.plaadimehed.ee\/fi\/wp-json\/wp\/v2\/product_tag?post=13616"}],"curies":[{"name":"wp","href":"https:\/\/api.w.org\/{rel}","templated":true}]}}