{"id":13736,"date":"2025-03-10T12:11:51","date_gmt":"2025-03-10T10:11:51","guid":{"rendered":"https:\/\/www.plaadimehed.ee\/?post_type=product&#038;p=13736"},"modified":"2025-03-12T08:36:30","modified_gmt":"2025-03-12T06:36:30","slug":"proxxon-aku-10-8v-2-6ah-29896","status":"publish","type":"product","link":"https:\/\/www.plaadimehed.ee\/fi\/product\/proxxon-aku-10-8v-2-6ah-29896\/","title":{"rendered":"PROXXON\u00ae AKU 10.8V 2.6AH 29896"},"content":{"rendered":"<p>\u25cf Li-ion\/A2<br \/>\n\u25cf 10,8V 2,6Ah<span class=\"Apple-converted-space\"><br \/>\n\u25cf Sobib Proxxon t\u00f6\u00f6riistadele\u00a0<\/span><br \/>\n\u25cf Sisseehitatud temperatuuri kontrolls\u00fcsteem<\/p>\n","protected":false},"excerpt":{"rendered":"<p>Aku Proxxoni juhtmeta MICROMOT t\u00f6\u00f6riistadele.<\/p>\n","protected":false},"featured_media":13740,"template":"","meta":{"_acf_changed":false},"product_brand":[92],"product_cat":[36,60],"product_tag":[],"class_list":{"0":"post-13736","1":"product","2":"type-product","3":"status-publish","4":"has-post-thumbnail","6":"product_brand-proxxon","7":"product_cat-elektriseadmed","8":"product_cat-slabi-suuremootmeline-plaat-tooriistad","10":"first","11":"instock","12":"taxable","13":"shipping-taxable","14":"purchasable","15":"product-type-simple"},"acf":[],"yoast_head":"<!-- This site is optimized with the Yoast SEO plugin v27.0 - https:\/\/yoast.com\/product\/yoast-seo-wordpress\/ -->\n<title>PROXXON lisaaku 10,8V<\/title>\n<meta name=\"description\" content=\"BROXXON akut\u00f6\u00f6riistade lisaaku 10,8V 2,6AH\" \/>\n<meta name=\"robots\" content=\"index, follow, max-snippet:-1, max-image-preview:large, max-video-preview:-1\" \/>\n<link rel=\"canonical\" href=\"https:\/\/www.plaadimehed.ee\/product\/proxxon-aku-10-8v-2-6ah-29896\/\" \/>\n<meta property=\"og:locale\" content=\"fi_FI\" \/>\n<meta property=\"og:type\" content=\"article\" \/>\n<meta property=\"og:title\" content=\"PROXXON lisaaku 10,8V\" \/>\n<meta property=\"og:description\" content=\"BROXXON akut\u00f6\u00f6riistade lisaaku 10,8V 2,6AH\" \/>\n<meta property=\"og:url\" content=\"https:\/\/www.plaadimehed.ee\/product\/proxxon-aku-10-8v-2-6ah-29896\/\" \/>\n<meta property=\"og:site_name\" content=\"Plaadimehed\" \/>\n<meta property=\"article:modified_time\" content=\"2025-03-12T06:36:30+00:00\" \/>\n<meta property=\"og:image\" content=\"https:\/\/www.plaadimehed.ee\/wp-content\/uploads\/2025\/03\/29896_RGB-1-scaled.jpg\" \/>\n\t<meta property=\"og:image:width\" content=\"2560\" \/>\n\t<meta property=\"og:image:height\" content=\"2323\" \/>\n\t<meta property=\"og:image:type\" content=\"image\/jpeg\" \/>\n<meta name=\"twitter:card\" content=\"summary_large_image\" \/>\n<script type=\"application\/ld+json\" class=\"yoast-schema-graph\">{\"@context\":\"https:\/\/schema.org\",\"@graph\":[{\"@type\":\"WebPage\",\"@id\":\"https:\/\/www.plaadimehed.ee\/product\/proxxon-aku-10-8v-2-6ah-29896\/\",\"url\":\"https:\/\/www.plaadimehed.ee\/product\/proxxon-aku-10-8v-2-6ah-29896\/\",\"name\":\"PROXXON lisaaku 10,8V\",\"isPartOf\":{\"@id\":\"https:\/\/www.plaadimehed.ee\/#website\"},\"primaryImageOfPage\":{\"@id\":\"https:\/\/www.plaadimehed.ee\/product\/proxxon-aku-10-8v-2-6ah-29896\/#primaryimage\"},\"image\":{\"@id\":\"https:\/\/www.plaadimehed.ee\/product\/proxxon-aku-10-8v-2-6ah-29896\/#primaryimage\"},\"thumbnailUrl\":\"https:\/\/www.plaadimehed.ee\/wp-content\/uploads\/2025\/03\/29896_RGB-1-scaled.jpg\",\"datePublished\":\"2025-03-10T10:11:51+00:00\",\"dateModified\":\"2025-03-12T06:36:30+00:00\",\"description\":\"BROXXON akut\u00f6\u00f6riistade lisaaku 10,8V 2,6AH\",\"breadcrumb\":{\"@id\":\"https:\/\/www.plaadimehed.ee\/product\/proxxon-aku-10-8v-2-6ah-29896\/#breadcrumb\"},\"inLanguage\":\"fi\",\"potentialAction\":[{\"@type\":\"ReadAction\",\"target\":[\"https:\/\/www.plaadimehed.ee\/product\/proxxon-aku-10-8v-2-6ah-29896\/\"]}]},{\"@type\":\"ImageObject\",\"inLanguage\":\"fi\",\"@id\":\"https:\/\/www.plaadimehed.ee\/product\/proxxon-aku-10-8v-2-6ah-29896\/#primaryimage\",\"url\":\"https:\/\/www.plaadimehed.ee\/wp-content\/uploads\/2025\/03\/29896_RGB-1-scaled.jpg\",\"contentUrl\":\"https:\/\/www.plaadimehed.ee\/wp-content\/uploads\/2025\/03\/29896_RGB-1-scaled.jpg\",\"width\":2560,\"height\":2323},{\"@type\":\"BreadcrumbList\",\"@id\":\"https:\/\/www.plaadimehed.ee\/product\/proxxon-aku-10-8v-2-6ah-29896\/#breadcrumb\",\"itemListElement\":[{\"@type\":\"ListItem\",\"position\":1,\"name\":\"Home\",\"item\":\"https:\/\/www.plaadimehed.ee\/fi\/\"},{\"@type\":\"ListItem\",\"position\":2,\"name\":\"Verkkokauppa\",\"item\":\"https:\/\/www.plaadimehed.ee\/fi\/shop\/\"},{\"@type\":\"ListItem\",\"position\":3,\"name\":\"PROXXON\u00ae AKU 10.8V 2.6AH 29896\"}]},{\"@type\":\"WebSite\",\"@id\":\"https:\/\/www.plaadimehed.ee\/#website\",\"url\":\"https:\/\/www.plaadimehed.ee\/\",\"name\":\"Plaadimehed\",\"description\":\"Plaatimist\u00f6\u00f6deks vajalikud tarvikud ja t\u00f6\u00f6riistad\",\"publisher\":{\"@id\":\"https:\/\/www.plaadimehed.ee\/#organization\"},\"potentialAction\":[{\"@type\":\"SearchAction\",\"target\":{\"@type\":\"EntryPoint\",\"urlTemplate\":\"https:\/\/www.plaadimehed.ee\/?s={search_term_string}\"},\"query-input\":{\"@type\":\"PropertyValueSpecification\",\"valueRequired\":true,\"valueName\":\"search_term_string\"}}],\"inLanguage\":\"fi\"},{\"@type\":\"Organization\",\"@id\":\"https:\/\/www.plaadimehed.ee\/#organization\",\"name\":\"Plaadimehed\",\"url\":\"https:\/\/www.plaadimehed.ee\/\",\"logo\":{\"@type\":\"ImageObject\",\"inLanguage\":\"fi\",\"@id\":\"https:\/\/www.plaadimehed.ee\/#\/schema\/logo\/image\/\",\"url\":\"https:\/\/www.plaadimehed.ee\/wp-content\/uploads\/2024\/05\/plaadimehed-logo.svg\",\"contentUrl\":\"https:\/\/www.plaadimehed.ee\/wp-content\/uploads\/2024\/05\/plaadimehed-logo.svg\",\"width\":266,\"height\":72,\"caption\":\"Plaadimehed\"},\"image\":{\"@id\":\"https:\/\/www.plaadimehed.ee\/#\/schema\/logo\/image\/\"}}]}<\/script>\n<!-- \/ Yoast SEO plugin. -->","yoast_head_json":{"title":"PROXXON lisaaku 10,8V","description":"BROXXON akut\u00f6\u00f6riistade lisaaku 10,8V 2,6AH","robots":{"index":"index","follow":"follow","max-snippet":"max-snippet:-1","max-image-preview":"max-image-preview:large","max-video-preview":"max-video-preview:-1"},"canonical":"https:\/\/www.plaadimehed.ee\/product\/proxxon-aku-10-8v-2-6ah-29896\/","og_locale":"fi_FI","og_type":"article","og_title":"PROXXON lisaaku 10,8V","og_description":"BROXXON akut\u00f6\u00f6riistade lisaaku 10,8V 2,6AH","og_url":"https:\/\/www.plaadimehed.ee\/product\/proxxon-aku-10-8v-2-6ah-29896\/","og_site_name":"Plaadimehed","article_modified_time":"2025-03-12T06:36:30+00:00","og_image":[{"width":2560,"height":2323,"url":"https:\/\/www.plaadimehed.ee\/wp-content\/uploads\/2025\/03\/29896_RGB-1-scaled.jpg","type":"image\/jpeg"}],"twitter_card":"summary_large_image","schema":{"@context":"https:\/\/schema.org","@graph":[{"@type":"WebPage","@id":"https:\/\/www.plaadimehed.ee\/product\/proxxon-aku-10-8v-2-6ah-29896\/","url":"https:\/\/www.plaadimehed.ee\/product\/proxxon-aku-10-8v-2-6ah-29896\/","name":"PROXXON lisaaku 10,8V","isPartOf":{"@id":"https:\/\/www.plaadimehed.ee\/#website"},"primaryImageOfPage":{"@id":"https:\/\/www.plaadimehed.ee\/product\/proxxon-aku-10-8v-2-6ah-29896\/#primaryimage"},"image":{"@id":"https:\/\/www.plaadimehed.ee\/product\/proxxon-aku-10-8v-2-6ah-29896\/#primaryimage"},"thumbnailUrl":"https:\/\/www.plaadimehed.ee\/wp-content\/uploads\/2025\/03\/29896_RGB-1-scaled.jpg","datePublished":"2025-03-10T10:11:51+00:00","dateModified":"2025-03-12T06:36:30+00:00","description":"BROXXON akut\u00f6\u00f6riistade lisaaku 10,8V 2,6AH","breadcrumb":{"@id":"https:\/\/www.plaadimehed.ee\/product\/proxxon-aku-10-8v-2-6ah-29896\/#breadcrumb"},"inLanguage":"fi","potentialAction":[{"@type":"ReadAction","target":["https:\/\/www.plaadimehed.ee\/product\/proxxon-aku-10-8v-2-6ah-29896\/"]}]},{"@type":"ImageObject","inLanguage":"fi","@id":"https:\/\/www.plaadimehed.ee\/product\/proxxon-aku-10-8v-2-6ah-29896\/#primaryimage","url":"https:\/\/www.plaadimehed.ee\/wp-content\/uploads\/2025\/03\/29896_RGB-1-scaled.jpg","contentUrl":"https:\/\/www.plaadimehed.ee\/wp-content\/uploads\/2025\/03\/29896_RGB-1-scaled.jpg","width":2560,"height":2323},{"@type":"BreadcrumbList","@id":"https:\/\/www.plaadimehed.ee\/product\/proxxon-aku-10-8v-2-6ah-29896\/#breadcrumb","itemListElement":[{"@type":"ListItem","position":1,"name":"Home","item":"https:\/\/www.plaadimehed.ee\/fi\/"},{"@type":"ListItem","position":2,"name":"Verkkokauppa","item":"https:\/\/www.plaadimehed.ee\/fi\/shop\/"},{"@type":"ListItem","position":3,"name":"PROXXON\u00ae AKU 10.8V 2.6AH 29896"}]},{"@type":"WebSite","@id":"https:\/\/www.plaadimehed.ee\/#website","url":"https:\/\/www.plaadimehed.ee\/","name":"Plaadimehed","description":"Plaatimist\u00f6\u00f6deks vajalikud tarvikud ja t\u00f6\u00f6riistad","publisher":{"@id":"https:\/\/www.plaadimehed.ee\/#organization"},"potentialAction":[{"@type":"SearchAction","target":{"@type":"EntryPoint","urlTemplate":"https:\/\/www.plaadimehed.ee\/?s={search_term_string}"},"query-input":{"@type":"PropertyValueSpecification","valueRequired":true,"valueName":"search_term_string"}}],"inLanguage":"fi"},{"@type":"Organization","@id":"https:\/\/www.plaadimehed.ee\/#organization","name":"Plaadimehed","url":"https:\/\/www.plaadimehed.ee\/","logo":{"@type":"ImageObject","inLanguage":"fi","@id":"https:\/\/www.plaadimehed.ee\/#\/schema\/logo\/image\/","url":"https:\/\/www.plaadimehed.ee\/wp-content\/uploads\/2024\/05\/plaadimehed-logo.svg","contentUrl":"https:\/\/www.plaadimehed.ee\/wp-content\/uploads\/2024\/05\/plaadimehed-logo.svg","width":266,"height":72,"caption":"Plaadimehed"},"image":{"@id":"https:\/\/www.plaadimehed.ee\/#\/schema\/logo\/image\/"}}]}},"_links":{"self":[{"href":"https:\/\/www.plaadimehed.ee\/fi\/wp-json\/wp\/v2\/product\/13736","targetHints":{"allow":["GET"]}}],"collection":[{"href":"https:\/\/www.plaadimehed.ee\/fi\/wp-json\/wp\/v2\/product"}],"about":[{"href":"https:\/\/www.plaadimehed.ee\/fi\/wp-json\/wp\/v2\/types\/product"}],"wp:featuredmedia":[{"embeddable":true,"href":"https:\/\/www.plaadimehed.ee\/fi\/wp-json\/wp\/v2\/media\/13740"}],"wp:attachment":[{"href":"https:\/\/www.plaadimehed.ee\/fi\/wp-json\/wp\/v2\/media?parent=13736"}],"wp:term":[{"taxonomy":"product_brand","embeddable":true,"href":"https:\/\/www.plaadimehed.ee\/fi\/wp-json\/wp\/v2\/product_brand?post=13736"},{"taxonomy":"product_cat","embeddable":true,"href":"https:\/\/www.plaadimehed.ee\/fi\/wp-json\/wp\/v2\/product_cat?post=13736"},{"taxonomy":"product_tag","embeddable":true,"href":"https:\/\/www.plaadimehed.ee\/fi\/wp-json\/wp\/v2\/product_tag?post=13736"}],"curies":[{"name":"wp","href":"https:\/\/api.w.org\/{rel}","templated":true}]}}