{"id":13906,"date":"2025-03-26T13:42:24","date_gmt":"2025-03-26T11:42:24","guid":{"rendered":"https:\/\/www.plaadimehed.ee\/?post_type=product&#038;p=13906"},"modified":"2026-04-07T14:26:54","modified_gmt":"2026-04-07T12:26:54","slug":"proxxon-mini-ketasloikuri-teemantketas-50-mm-1mm-28557","status":"publish","type":"product","link":"https:\/\/www.plaadimehed.ee\/fi\/product\/proxxon-mini-ketasloikuri-teemantketas-50-mm-1mm-28557\/","title":{"rendered":"PROXXON\u00ae Mini-ketasl\u00f5ikuri teemantketas 50 mm * 1mm 28557"},"content":{"rendered":"<p>\u25cf Plaatide l\u00f5ikamiseks ja lihvimiseks<br \/>\n\u25cf Augud v\u00e4hendavad ketta kuumenemist<br \/>\n\u25cf Mini-ketasl\u00f5ikuri teemantketas 50 mm 1 * 10 mm<br \/>\n\u25cf P\u00f6\u00f6rete arv max 20.000\/ min<\/p>\n","protected":false},"excerpt":{"rendered":"<p>Proxxon mini-ketasl\u00f5ikuri teemant ketas k\u00f5vade materjalide nagu klaas, keraamika ja kivi l\u00f5ikamiseks ja lihvimiseks.<\/p>\n<p>&nbsp;<\/p>\n","protected":false},"featured_media":13916,"template":"","meta":{"_acf_changed":false},"product_brand":[92],"product_cat":[289,60],"product_tag":[],"class_list":{"0":"post-13906","1":"product","2":"type-product","3":"status-publish","4":"has-post-thumbnail","6":"product_brand-proxxon","7":"product_cat-kettad","8":"product_cat-slabi-suuremootmeline-plaat-tooriistad","10":"first","11":"instock","12":"taxable","13":"shipping-taxable","14":"purchasable","15":"product-type-simple"},"acf":[],"yoast_head":"<!-- This site is optimized with the Yoast SEO plugin v27.0 - https:\/\/yoast.com\/product\/yoast-seo-wordpress\/ -->\n<title>PROXXON\u00ae Mini-ketasl\u00f5ikuri teemantketas 50 mm * 1mm 28557 - Plaadimehed<\/title>\n<meta name=\"description\" content=\"Proxxon mini-ketasl\u00f5ikuri teemant l\u00f5ike ja lihvketas 28557\" \/>\n<meta name=\"robots\" content=\"index, follow, max-snippet:-1, max-image-preview:large, max-video-preview:-1\" \/>\n<link rel=\"canonical\" href=\"https:\/\/www.plaadimehed.ee\/product\/proxxon-mini-ketasloikuri-teemantketas-50-mm-1mm-28557\/\" \/>\n<meta property=\"og:locale\" content=\"fi_FI\" \/>\n<meta property=\"og:type\" content=\"article\" \/>\n<meta property=\"og:title\" content=\"PROXXON\u00ae Mini-ketasl\u00f5ikuri teemantketas 50 mm * 1mm 28557 - Plaadimehed\" \/>\n<meta property=\"og:description\" content=\"Proxxon mini-ketasl\u00f5ikuri teemant l\u00f5ike ja lihvketas 28557\" \/>\n<meta property=\"og:url\" content=\"https:\/\/www.plaadimehed.ee\/product\/proxxon-mini-ketasloikuri-teemantketas-50-mm-1mm-28557\/\" \/>\n<meta property=\"og:site_name\" content=\"Plaadimehed\" \/>\n<meta property=\"article:modified_time\" content=\"2026-04-07T12:26:54+00:00\" \/>\n<meta property=\"og:image\" content=\"https:\/\/www.plaadimehed.ee\/wp-content\/uploads\/2025\/03\/28557-1.png\" \/>\n\t<meta property=\"og:image:width\" content=\"573\" \/>\n\t<meta property=\"og:image:height\" content=\"473\" \/>\n\t<meta property=\"og:image:type\" content=\"image\/png\" \/>\n<meta name=\"twitter:card\" content=\"summary_large_image\" \/>\n<meta name=\"twitter:label1\" content=\"Arvioitu lukuaika\" \/>\n\t<meta name=\"twitter:data1\" content=\"1 minuutti\" \/>\n<script type=\"application\/ld+json\" class=\"yoast-schema-graph\">{\"@context\":\"https:\/\/schema.org\",\"@graph\":[{\"@type\":\"WebPage\",\"@id\":\"https:\/\/www.plaadimehed.ee\/product\/proxxon-mini-ketasloikuri-teemantketas-50-mm-1mm-28557\/\",\"url\":\"https:\/\/www.plaadimehed.ee\/product\/proxxon-mini-ketasloikuri-teemantketas-50-mm-1mm-28557\/\",\"name\":\"PROXXON\u00ae Mini-ketasl\u00f5ikuri teemantketas 50 mm * 1mm 28557 - Plaadimehed\",\"isPartOf\":{\"@id\":\"https:\/\/www.plaadimehed.ee\/#website\"},\"primaryImageOfPage\":{\"@id\":\"https:\/\/www.plaadimehed.ee\/product\/proxxon-mini-ketasloikuri-teemantketas-50-mm-1mm-28557\/#primaryimage\"},\"image\":{\"@id\":\"https:\/\/www.plaadimehed.ee\/product\/proxxon-mini-ketasloikuri-teemantketas-50-mm-1mm-28557\/#primaryimage\"},\"thumbnailUrl\":\"https:\/\/www.plaadimehed.ee\/wp-content\/uploads\/2025\/03\/28557-1.png\",\"datePublished\":\"2025-03-26T11:42:24+00:00\",\"dateModified\":\"2026-04-07T12:26:54+00:00\",\"description\":\"Proxxon mini-ketasl\u00f5ikuri teemant l\u00f5ike ja lihvketas 28557\",\"breadcrumb\":{\"@id\":\"https:\/\/www.plaadimehed.ee\/product\/proxxon-mini-ketasloikuri-teemantketas-50-mm-1mm-28557\/#breadcrumb\"},\"inLanguage\":\"fi\",\"potentialAction\":[{\"@type\":\"ReadAction\",\"target\":[\"https:\/\/www.plaadimehed.ee\/product\/proxxon-mini-ketasloikuri-teemantketas-50-mm-1mm-28557\/\"]}]},{\"@type\":\"ImageObject\",\"inLanguage\":\"fi\",\"@id\":\"https:\/\/www.plaadimehed.ee\/product\/proxxon-mini-ketasloikuri-teemantketas-50-mm-1mm-28557\/#primaryimage\",\"url\":\"https:\/\/www.plaadimehed.ee\/wp-content\/uploads\/2025\/03\/28557-1.png\",\"contentUrl\":\"https:\/\/www.plaadimehed.ee\/wp-content\/uploads\/2025\/03\/28557-1.png\",\"width\":573,\"height\":473},{\"@type\":\"BreadcrumbList\",\"@id\":\"https:\/\/www.plaadimehed.ee\/product\/proxxon-mini-ketasloikuri-teemantketas-50-mm-1mm-28557\/#breadcrumb\",\"itemListElement\":[{\"@type\":\"ListItem\",\"position\":1,\"name\":\"Home\",\"item\":\"https:\/\/www.plaadimehed.ee\/fi\/\"},{\"@type\":\"ListItem\",\"position\":2,\"name\":\"Verkkokauppa\",\"item\":\"https:\/\/www.plaadimehed.ee\/fi\/shop\/\"},{\"@type\":\"ListItem\",\"position\":3,\"name\":\"PROXXON\u00ae Mini-ketasl\u00f5ikuri teemantketas 50 mm * 1mm 28557\"}]},{\"@type\":\"WebSite\",\"@id\":\"https:\/\/www.plaadimehed.ee\/#website\",\"url\":\"https:\/\/www.plaadimehed.ee\/\",\"name\":\"Plaadimehed\",\"description\":\"Plaatimist\u00f6\u00f6deks vajalikud tarvikud ja t\u00f6\u00f6riistad\",\"publisher\":{\"@id\":\"https:\/\/www.plaadimehed.ee\/#organization\"},\"potentialAction\":[{\"@type\":\"SearchAction\",\"target\":{\"@type\":\"EntryPoint\",\"urlTemplate\":\"https:\/\/www.plaadimehed.ee\/?s={search_term_string}\"},\"query-input\":{\"@type\":\"PropertyValueSpecification\",\"valueRequired\":true,\"valueName\":\"search_term_string\"}}],\"inLanguage\":\"fi\"},{\"@type\":\"Organization\",\"@id\":\"https:\/\/www.plaadimehed.ee\/#organization\",\"name\":\"Plaadimehed\",\"url\":\"https:\/\/www.plaadimehed.ee\/\",\"logo\":{\"@type\":\"ImageObject\",\"inLanguage\":\"fi\",\"@id\":\"https:\/\/www.plaadimehed.ee\/#\/schema\/logo\/image\/\",\"url\":\"https:\/\/www.plaadimehed.ee\/wp-content\/uploads\/2024\/05\/plaadimehed-logo.svg\",\"contentUrl\":\"https:\/\/www.plaadimehed.ee\/wp-content\/uploads\/2024\/05\/plaadimehed-logo.svg\",\"width\":266,\"height\":72,\"caption\":\"Plaadimehed\"},\"image\":{\"@id\":\"https:\/\/www.plaadimehed.ee\/#\/schema\/logo\/image\/\"}}]}<\/script>\n<!-- \/ Yoast SEO plugin. -->","yoast_head_json":{"title":"PROXXON\u00ae Mini-ketasl\u00f5ikuri teemantketas 50 mm * 1mm 28557 - Plaadimehed","description":"Proxxon mini-ketasl\u00f5ikuri teemant l\u00f5ike ja lihvketas 28557","robots":{"index":"index","follow":"follow","max-snippet":"max-snippet:-1","max-image-preview":"max-image-preview:large","max-video-preview":"max-video-preview:-1"},"canonical":"https:\/\/www.plaadimehed.ee\/product\/proxxon-mini-ketasloikuri-teemantketas-50-mm-1mm-28557\/","og_locale":"fi_FI","og_type":"article","og_title":"PROXXON\u00ae Mini-ketasl\u00f5ikuri teemantketas 50 mm * 1mm 28557 - Plaadimehed","og_description":"Proxxon mini-ketasl\u00f5ikuri teemant l\u00f5ike ja lihvketas 28557","og_url":"https:\/\/www.plaadimehed.ee\/product\/proxxon-mini-ketasloikuri-teemantketas-50-mm-1mm-28557\/","og_site_name":"Plaadimehed","article_modified_time":"2026-04-07T12:26:54+00:00","og_image":[{"width":573,"height":473,"url":"https:\/\/www.plaadimehed.ee\/wp-content\/uploads\/2025\/03\/28557-1.png","type":"image\/png"}],"twitter_card":"summary_large_image","twitter_misc":{"Arvioitu lukuaika":"1 minuutti"},"schema":{"@context":"https:\/\/schema.org","@graph":[{"@type":"WebPage","@id":"https:\/\/www.plaadimehed.ee\/product\/proxxon-mini-ketasloikuri-teemantketas-50-mm-1mm-28557\/","url":"https:\/\/www.plaadimehed.ee\/product\/proxxon-mini-ketasloikuri-teemantketas-50-mm-1mm-28557\/","name":"PROXXON\u00ae Mini-ketasl\u00f5ikuri teemantketas 50 mm * 1mm 28557 - Plaadimehed","isPartOf":{"@id":"https:\/\/www.plaadimehed.ee\/#website"},"primaryImageOfPage":{"@id":"https:\/\/www.plaadimehed.ee\/product\/proxxon-mini-ketasloikuri-teemantketas-50-mm-1mm-28557\/#primaryimage"},"image":{"@id":"https:\/\/www.plaadimehed.ee\/product\/proxxon-mini-ketasloikuri-teemantketas-50-mm-1mm-28557\/#primaryimage"},"thumbnailUrl":"https:\/\/www.plaadimehed.ee\/wp-content\/uploads\/2025\/03\/28557-1.png","datePublished":"2025-03-26T11:42:24+00:00","dateModified":"2026-04-07T12:26:54+00:00","description":"Proxxon mini-ketasl\u00f5ikuri teemant l\u00f5ike ja lihvketas 28557","breadcrumb":{"@id":"https:\/\/www.plaadimehed.ee\/product\/proxxon-mini-ketasloikuri-teemantketas-50-mm-1mm-28557\/#breadcrumb"},"inLanguage":"fi","potentialAction":[{"@type":"ReadAction","target":["https:\/\/www.plaadimehed.ee\/product\/proxxon-mini-ketasloikuri-teemantketas-50-mm-1mm-28557\/"]}]},{"@type":"ImageObject","inLanguage":"fi","@id":"https:\/\/www.plaadimehed.ee\/product\/proxxon-mini-ketasloikuri-teemantketas-50-mm-1mm-28557\/#primaryimage","url":"https:\/\/www.plaadimehed.ee\/wp-content\/uploads\/2025\/03\/28557-1.png","contentUrl":"https:\/\/www.plaadimehed.ee\/wp-content\/uploads\/2025\/03\/28557-1.png","width":573,"height":473},{"@type":"BreadcrumbList","@id":"https:\/\/www.plaadimehed.ee\/product\/proxxon-mini-ketasloikuri-teemantketas-50-mm-1mm-28557\/#breadcrumb","itemListElement":[{"@type":"ListItem","position":1,"name":"Home","item":"https:\/\/www.plaadimehed.ee\/fi\/"},{"@type":"ListItem","position":2,"name":"Verkkokauppa","item":"https:\/\/www.plaadimehed.ee\/fi\/shop\/"},{"@type":"ListItem","position":3,"name":"PROXXON\u00ae Mini-ketasl\u00f5ikuri teemantketas 50 mm * 1mm 28557"}]},{"@type":"WebSite","@id":"https:\/\/www.plaadimehed.ee\/#website","url":"https:\/\/www.plaadimehed.ee\/","name":"Plaadimehed","description":"Plaatimist\u00f6\u00f6deks vajalikud tarvikud ja t\u00f6\u00f6riistad","publisher":{"@id":"https:\/\/www.plaadimehed.ee\/#organization"},"potentialAction":[{"@type":"SearchAction","target":{"@type":"EntryPoint","urlTemplate":"https:\/\/www.plaadimehed.ee\/?s={search_term_string}"},"query-input":{"@type":"PropertyValueSpecification","valueRequired":true,"valueName":"search_term_string"}}],"inLanguage":"fi"},{"@type":"Organization","@id":"https:\/\/www.plaadimehed.ee\/#organization","name":"Plaadimehed","url":"https:\/\/www.plaadimehed.ee\/","logo":{"@type":"ImageObject","inLanguage":"fi","@id":"https:\/\/www.plaadimehed.ee\/#\/schema\/logo\/image\/","url":"https:\/\/www.plaadimehed.ee\/wp-content\/uploads\/2024\/05\/plaadimehed-logo.svg","contentUrl":"https:\/\/www.plaadimehed.ee\/wp-content\/uploads\/2024\/05\/plaadimehed-logo.svg","width":266,"height":72,"caption":"Plaadimehed"},"image":{"@id":"https:\/\/www.plaadimehed.ee\/#\/schema\/logo\/image\/"}}]}},"_links":{"self":[{"href":"https:\/\/www.plaadimehed.ee\/fi\/wp-json\/wp\/v2\/product\/13906","targetHints":{"allow":["GET"]}}],"collection":[{"href":"https:\/\/www.plaadimehed.ee\/fi\/wp-json\/wp\/v2\/product"}],"about":[{"href":"https:\/\/www.plaadimehed.ee\/fi\/wp-json\/wp\/v2\/types\/product"}],"wp:featuredmedia":[{"embeddable":true,"href":"https:\/\/www.plaadimehed.ee\/fi\/wp-json\/wp\/v2\/media\/13916"}],"wp:attachment":[{"href":"https:\/\/www.plaadimehed.ee\/fi\/wp-json\/wp\/v2\/media?parent=13906"}],"wp:term":[{"taxonomy":"product_brand","embeddable":true,"href":"https:\/\/www.plaadimehed.ee\/fi\/wp-json\/wp\/v2\/product_brand?post=13906"},{"taxonomy":"product_cat","embeddable":true,"href":"https:\/\/www.plaadimehed.ee\/fi\/wp-json\/wp\/v2\/product_cat?post=13906"},{"taxonomy":"product_tag","embeddable":true,"href":"https:\/\/www.plaadimehed.ee\/fi\/wp-json\/wp\/v2\/product_tag?post=13906"}],"curies":[{"name":"wp","href":"https:\/\/api.w.org\/{rel}","templated":true}]}}