{"id":13934,"date":"2025-03-28T11:56:23","date_gmt":"2025-03-28T09:56:23","guid":{"rendered":"https:\/\/www.plaadimehed.ee\/?post_type=product&#038;p=13934"},"modified":"2025-03-28T14:32:21","modified_gmt":"2025-03-28T12:32:21","slug":"progress-porand-uleminekuliist-hobe-27-m","status":"publish","type":"product","link":"https:\/\/www.plaadimehed.ee\/fi\/product\/progress-porand-uleminekuliist-hobe-27-m\/","title":{"rendered":"Progress\u00ae P\u00f5randa \u00fcleminekuliist h\u00f5be 10 mm 2,7 m"},"content":{"rendered":"<p>\u25cf Alumiinium \u00fcleminekuliist<br \/>\n\u25cf Sobib plaadile paksusega 10 mm<br \/>\n\u25cf V\u00e4rvuslt anodeeritud h\u00f5be<br \/>\n\u25cf Pikkus 2,7 m<br \/>\n\u25cf Progress PDLRAA 10<\/p>\n<p><img loading=\"lazy\" decoding=\"async\" class=\"\" src=\"https:\/\/www.plaadimehed.ee\/wp-content\/uploads\/2021\/05\/bdf-logo.png\" width=\"38\" height=\"38\" \/><a href=\"https:\/\/www.plaadimehed.ee\/wp-content\/uploads\/2025\/03\/Tooteinfo-3.pdf\">Tooteinfo<\/a><\/p>\n","protected":false},"excerpt":{"rendered":"<p>Progress h\u00f5bedane \u00fcleminekuprofiil plaadile paksusega 10 mm<\/p>\n","protected":false},"featured_media":13943,"template":"","meta":{"_acf_changed":false},"product_brand":[121],"product_cat":[122,171,190],"product_tag":[],"class_list":{"0":"post-13934","1":"product","2":"type-product","3":"status-publish","4":"has-post-thumbnail","6":"product_brand-progress","7":"product_cat-liistud-ja-profiilid","8":"product_cat--profiil","9":"product_cat-porandaliistud","11":"first","12":"instock","13":"taxable","14":"shipping-taxable","15":"purchasable","16":"product-type-simple"},"acf":[],"yoast_head":"<!-- This site is optimized with the Yoast SEO plugin v27.0 - https:\/\/yoast.com\/product\/yoast-seo-wordpress\/ -->\n<title>Progress\u00ae P\u00f5randa \u00fcleminekuliist h\u00f5be 10 mm 2,7 m - Plaadimehed<\/title>\n<meta name=\"description\" content=\"Progress p\u00f5randa \u00fcleminekuliist 10 mm\" \/>\n<meta name=\"robots\" content=\"index, follow, max-snippet:-1, max-image-preview:large, max-video-preview:-1\" \/>\n<link rel=\"canonical\" href=\"https:\/\/www.plaadimehed.ee\/product\/progress-porand-uleminekuliist-hobe-27-m\/\" \/>\n<meta property=\"og:locale\" content=\"fi_FI\" \/>\n<meta property=\"og:type\" content=\"article\" \/>\n<meta property=\"og:title\" content=\"Progress\u00ae P\u00f5randa \u00fcleminekuliist h\u00f5be 10 mm 2,7 m - Plaadimehed\" \/>\n<meta property=\"og:description\" content=\"Progress p\u00f5randa \u00fcleminekuliist 10 mm\" \/>\n<meta property=\"og:url\" content=\"https:\/\/www.plaadimehed.ee\/product\/progress-porand-uleminekuliist-hobe-27-m\/\" \/>\n<meta property=\"og:site_name\" content=\"Plaadimehed\" \/>\n<meta property=\"article:modified_time\" content=\"2025-03-28T12:32:21+00:00\" \/>\n<meta property=\"og:image\" content=\"https:\/\/www.plaadimehed.ee\/wp-content\/uploads\/2025\/03\/PDLRAA.jpg\" \/>\n\t<meta property=\"og:image:width\" content=\"515\" \/>\n\t<meta property=\"og:image:height\" content=\"378\" \/>\n\t<meta property=\"og:image:type\" content=\"image\/jpeg\" \/>\n<meta name=\"twitter:card\" content=\"summary_large_image\" \/>\n<script type=\"application\/ld+json\" class=\"yoast-schema-graph\">{\"@context\":\"https:\/\/schema.org\",\"@graph\":[{\"@type\":\"WebPage\",\"@id\":\"https:\/\/www.plaadimehed.ee\/product\/progress-porand-uleminekuliist-hobe-27-m\/\",\"url\":\"https:\/\/www.plaadimehed.ee\/product\/progress-porand-uleminekuliist-hobe-27-m\/\",\"name\":\"Progress\u00ae P\u00f5randa \u00fcleminekuliist h\u00f5be 10 mm 2,7 m - Plaadimehed\",\"isPartOf\":{\"@id\":\"https:\/\/www.plaadimehed.ee\/#website\"},\"primaryImageOfPage\":{\"@id\":\"https:\/\/www.plaadimehed.ee\/product\/progress-porand-uleminekuliist-hobe-27-m\/#primaryimage\"},\"image\":{\"@id\":\"https:\/\/www.plaadimehed.ee\/product\/progress-porand-uleminekuliist-hobe-27-m\/#primaryimage\"},\"thumbnailUrl\":\"https:\/\/www.plaadimehed.ee\/wp-content\/uploads\/2025\/03\/PDLRAA.jpg\",\"datePublished\":\"2025-03-28T09:56:23+00:00\",\"dateModified\":\"2025-03-28T12:32:21+00:00\",\"description\":\"Progress p\u00f5randa \u00fcleminekuliist 10 mm\",\"breadcrumb\":{\"@id\":\"https:\/\/www.plaadimehed.ee\/product\/progress-porand-uleminekuliist-hobe-27-m\/#breadcrumb\"},\"inLanguage\":\"fi\",\"potentialAction\":[{\"@type\":\"ReadAction\",\"target\":[\"https:\/\/www.plaadimehed.ee\/product\/progress-porand-uleminekuliist-hobe-27-m\/\"]}]},{\"@type\":\"ImageObject\",\"inLanguage\":\"fi\",\"@id\":\"https:\/\/www.plaadimehed.ee\/product\/progress-porand-uleminekuliist-hobe-27-m\/#primaryimage\",\"url\":\"https:\/\/www.plaadimehed.ee\/wp-content\/uploads\/2025\/03\/PDLRAA.jpg\",\"contentUrl\":\"https:\/\/www.plaadimehed.ee\/wp-content\/uploads\/2025\/03\/PDLRAA.jpg\",\"width\":515,\"height\":378},{\"@type\":\"BreadcrumbList\",\"@id\":\"https:\/\/www.plaadimehed.ee\/product\/progress-porand-uleminekuliist-hobe-27-m\/#breadcrumb\",\"itemListElement\":[{\"@type\":\"ListItem\",\"position\":1,\"name\":\"Home\",\"item\":\"https:\/\/www.plaadimehed.ee\/fi\/\"},{\"@type\":\"ListItem\",\"position\":2,\"name\":\"Verkkokauppa\",\"item\":\"https:\/\/www.plaadimehed.ee\/fi\/shop\/\"},{\"@type\":\"ListItem\",\"position\":3,\"name\":\"Progress\u00ae P\u00f5randa \u00fcleminekuliist h\u00f5be 10 mm 2,7 m\"}]},{\"@type\":\"WebSite\",\"@id\":\"https:\/\/www.plaadimehed.ee\/#website\",\"url\":\"https:\/\/www.plaadimehed.ee\/\",\"name\":\"Plaadimehed\",\"description\":\"Plaatimist\u00f6\u00f6deks vajalikud tarvikud ja t\u00f6\u00f6riistad\",\"publisher\":{\"@id\":\"https:\/\/www.plaadimehed.ee\/#organization\"},\"potentialAction\":[{\"@type\":\"SearchAction\",\"target\":{\"@type\":\"EntryPoint\",\"urlTemplate\":\"https:\/\/www.plaadimehed.ee\/?s={search_term_string}\"},\"query-input\":{\"@type\":\"PropertyValueSpecification\",\"valueRequired\":true,\"valueName\":\"search_term_string\"}}],\"inLanguage\":\"fi\"},{\"@type\":\"Organization\",\"@id\":\"https:\/\/www.plaadimehed.ee\/#organization\",\"name\":\"Plaadimehed\",\"url\":\"https:\/\/www.plaadimehed.ee\/\",\"logo\":{\"@type\":\"ImageObject\",\"inLanguage\":\"fi\",\"@id\":\"https:\/\/www.plaadimehed.ee\/#\/schema\/logo\/image\/\",\"url\":\"https:\/\/www.plaadimehed.ee\/wp-content\/uploads\/2024\/05\/plaadimehed-logo.svg\",\"contentUrl\":\"https:\/\/www.plaadimehed.ee\/wp-content\/uploads\/2024\/05\/plaadimehed-logo.svg\",\"width\":266,\"height\":72,\"caption\":\"Plaadimehed\"},\"image\":{\"@id\":\"https:\/\/www.plaadimehed.ee\/#\/schema\/logo\/image\/\"}}]}<\/script>\n<!-- \/ Yoast SEO plugin. -->","yoast_head_json":{"title":"Progress\u00ae P\u00f5randa \u00fcleminekuliist h\u00f5be 10 mm 2,7 m - Plaadimehed","description":"Progress p\u00f5randa \u00fcleminekuliist 10 mm","robots":{"index":"index","follow":"follow","max-snippet":"max-snippet:-1","max-image-preview":"max-image-preview:large","max-video-preview":"max-video-preview:-1"},"canonical":"https:\/\/www.plaadimehed.ee\/product\/progress-porand-uleminekuliist-hobe-27-m\/","og_locale":"fi_FI","og_type":"article","og_title":"Progress\u00ae P\u00f5randa \u00fcleminekuliist h\u00f5be 10 mm 2,7 m - Plaadimehed","og_description":"Progress p\u00f5randa \u00fcleminekuliist 10 mm","og_url":"https:\/\/www.plaadimehed.ee\/product\/progress-porand-uleminekuliist-hobe-27-m\/","og_site_name":"Plaadimehed","article_modified_time":"2025-03-28T12:32:21+00:00","og_image":[{"width":515,"height":378,"url":"https:\/\/www.plaadimehed.ee\/wp-content\/uploads\/2025\/03\/PDLRAA.jpg","type":"image\/jpeg"}],"twitter_card":"summary_large_image","schema":{"@context":"https:\/\/schema.org","@graph":[{"@type":"WebPage","@id":"https:\/\/www.plaadimehed.ee\/product\/progress-porand-uleminekuliist-hobe-27-m\/","url":"https:\/\/www.plaadimehed.ee\/product\/progress-porand-uleminekuliist-hobe-27-m\/","name":"Progress\u00ae P\u00f5randa \u00fcleminekuliist h\u00f5be 10 mm 2,7 m - Plaadimehed","isPartOf":{"@id":"https:\/\/www.plaadimehed.ee\/#website"},"primaryImageOfPage":{"@id":"https:\/\/www.plaadimehed.ee\/product\/progress-porand-uleminekuliist-hobe-27-m\/#primaryimage"},"image":{"@id":"https:\/\/www.plaadimehed.ee\/product\/progress-porand-uleminekuliist-hobe-27-m\/#primaryimage"},"thumbnailUrl":"https:\/\/www.plaadimehed.ee\/wp-content\/uploads\/2025\/03\/PDLRAA.jpg","datePublished":"2025-03-28T09:56:23+00:00","dateModified":"2025-03-28T12:32:21+00:00","description":"Progress p\u00f5randa \u00fcleminekuliist 10 mm","breadcrumb":{"@id":"https:\/\/www.plaadimehed.ee\/product\/progress-porand-uleminekuliist-hobe-27-m\/#breadcrumb"},"inLanguage":"fi","potentialAction":[{"@type":"ReadAction","target":["https:\/\/www.plaadimehed.ee\/product\/progress-porand-uleminekuliist-hobe-27-m\/"]}]},{"@type":"ImageObject","inLanguage":"fi","@id":"https:\/\/www.plaadimehed.ee\/product\/progress-porand-uleminekuliist-hobe-27-m\/#primaryimage","url":"https:\/\/www.plaadimehed.ee\/wp-content\/uploads\/2025\/03\/PDLRAA.jpg","contentUrl":"https:\/\/www.plaadimehed.ee\/wp-content\/uploads\/2025\/03\/PDLRAA.jpg","width":515,"height":378},{"@type":"BreadcrumbList","@id":"https:\/\/www.plaadimehed.ee\/product\/progress-porand-uleminekuliist-hobe-27-m\/#breadcrumb","itemListElement":[{"@type":"ListItem","position":1,"name":"Home","item":"https:\/\/www.plaadimehed.ee\/fi\/"},{"@type":"ListItem","position":2,"name":"Verkkokauppa","item":"https:\/\/www.plaadimehed.ee\/fi\/shop\/"},{"@type":"ListItem","position":3,"name":"Progress\u00ae P\u00f5randa \u00fcleminekuliist h\u00f5be 10 mm 2,7 m"}]},{"@type":"WebSite","@id":"https:\/\/www.plaadimehed.ee\/#website","url":"https:\/\/www.plaadimehed.ee\/","name":"Plaadimehed","description":"Plaatimist\u00f6\u00f6deks vajalikud tarvikud ja t\u00f6\u00f6riistad","publisher":{"@id":"https:\/\/www.plaadimehed.ee\/#organization"},"potentialAction":[{"@type":"SearchAction","target":{"@type":"EntryPoint","urlTemplate":"https:\/\/www.plaadimehed.ee\/?s={search_term_string}"},"query-input":{"@type":"PropertyValueSpecification","valueRequired":true,"valueName":"search_term_string"}}],"inLanguage":"fi"},{"@type":"Organization","@id":"https:\/\/www.plaadimehed.ee\/#organization","name":"Plaadimehed","url":"https:\/\/www.plaadimehed.ee\/","logo":{"@type":"ImageObject","inLanguage":"fi","@id":"https:\/\/www.plaadimehed.ee\/#\/schema\/logo\/image\/","url":"https:\/\/www.plaadimehed.ee\/wp-content\/uploads\/2024\/05\/plaadimehed-logo.svg","contentUrl":"https:\/\/www.plaadimehed.ee\/wp-content\/uploads\/2024\/05\/plaadimehed-logo.svg","width":266,"height":72,"caption":"Plaadimehed"},"image":{"@id":"https:\/\/www.plaadimehed.ee\/#\/schema\/logo\/image\/"}}]}},"_links":{"self":[{"href":"https:\/\/www.plaadimehed.ee\/fi\/wp-json\/wp\/v2\/product\/13934","targetHints":{"allow":["GET"]}}],"collection":[{"href":"https:\/\/www.plaadimehed.ee\/fi\/wp-json\/wp\/v2\/product"}],"about":[{"href":"https:\/\/www.plaadimehed.ee\/fi\/wp-json\/wp\/v2\/types\/product"}],"wp:featuredmedia":[{"embeddable":true,"href":"https:\/\/www.plaadimehed.ee\/fi\/wp-json\/wp\/v2\/media\/13943"}],"wp:attachment":[{"href":"https:\/\/www.plaadimehed.ee\/fi\/wp-json\/wp\/v2\/media?parent=13934"}],"wp:term":[{"taxonomy":"product_brand","embeddable":true,"href":"https:\/\/www.plaadimehed.ee\/fi\/wp-json\/wp\/v2\/product_brand?post=13934"},{"taxonomy":"product_cat","embeddable":true,"href":"https:\/\/www.plaadimehed.ee\/fi\/wp-json\/wp\/v2\/product_cat?post=13934"},{"taxonomy":"product_tag","embeddable":true,"href":"https:\/\/www.plaadimehed.ee\/fi\/wp-json\/wp\/v2\/product_tag?post=13934"}],"curies":[{"name":"wp","href":"https:\/\/api.w.org\/{rel}","templated":true}]}}