{"id":14329,"date":"2025-04-28T08:44:30","date_gmt":"2025-04-28T06:44:30","guid":{"rendered":"https:\/\/www.plaadimehed.ee\/?post_type=product&#038;p=14329"},"modified":"2025-04-28T08:58:06","modified_gmt":"2025-04-28T06:58:06","slug":"solid-kuhvel-kellu-110-mm","status":"publish","type":"product","link":"https:\/\/www.plaadimehed.ee\/fi\/product\/solid-kuhvel-kellu-110-mm\/","title":{"rendered":"Solid\u00ae K\u00fchvel-kellu 110 mm"},"content":{"rendered":"<p>\u25cf Plastik k\u00e4epide<br \/>\n\u25cf M\u00f5\u00f5t 110 mm<br \/>\n\u25cf \u00fcles p\u00f6\u00f6ratud servadega<br \/>\n\u25cf Valmistatud roostevabast terasest<\/p>\n","protected":false},"excerpt":{"rendered":"<p>Roostevabast terasest k\u00fchvel-kellu art 6158 <\/p>\n","protected":false},"featured_media":14333,"template":"","meta":{"_acf_changed":false},"product_brand":[135],"product_cat":[185],"product_tag":[],"class_list":{"0":"post-14329","1":"product","2":"type-product","3":"status-publish","4":"has-post-thumbnail","6":"product_brand-solid","7":"product_cat-kellud","9":"first","10":"instock","11":"taxable","12":"shipping-taxable","13":"purchasable","14":"product-type-simple"},"acf":[],"yoast_head":"<!-- This site is optimized with the Yoast SEO plugin v27.0 - https:\/\/yoast.com\/product\/yoast-seo-wordpress\/ -->\n<title>Solid Kellu<\/title>\n<meta name=\"description\" content=\"K\u00fchvel&#x2d;kellu 110 mm plastik k\u00e4epidemega\" \/>\n<meta name=\"robots\" content=\"index, follow, max-snippet:-1, max-image-preview:large, max-video-preview:-1\" \/>\n<link rel=\"canonical\" href=\"https:\/\/www.plaadimehed.ee\/product\/solid-kuhvel-kellu-110-mm\/\" \/>\n<meta property=\"og:locale\" content=\"fi_FI\" \/>\n<meta property=\"og:type\" content=\"article\" \/>\n<meta property=\"og:title\" content=\"Solid Kellu\" \/>\n<meta property=\"og:description\" content=\"K\u00fchvel&#x2d;kellu 110 mm plastik k\u00e4epidemega\" \/>\n<meta property=\"og:url\" content=\"https:\/\/www.plaadimehed.ee\/product\/solid-kuhvel-kellu-110-mm\/\" \/>\n<meta property=\"og:site_name\" content=\"Plaadimehed\" \/>\n<meta property=\"article:modified_time\" content=\"2025-04-28T06:58:06+00:00\" \/>\n<meta property=\"og:image\" content=\"https:\/\/www.plaadimehed.ee\/wp-content\/uploads\/2025\/04\/solid-kielnia-katowa-110mm-6158-proov.png\" \/>\n\t<meta property=\"og:image:width\" content=\"874\" \/>\n\t<meta property=\"og:image:height\" content=\"1000\" \/>\n\t<meta property=\"og:image:type\" content=\"image\/png\" \/>\n<meta name=\"twitter:card\" content=\"summary_large_image\" \/>\n<script type=\"application\/ld+json\" class=\"yoast-schema-graph\">{\"@context\":\"https:\/\/schema.org\",\"@graph\":[{\"@type\":\"WebPage\",\"@id\":\"https:\/\/www.plaadimehed.ee\/product\/solid-kuhvel-kellu-110-mm\/\",\"url\":\"https:\/\/www.plaadimehed.ee\/product\/solid-kuhvel-kellu-110-mm\/\",\"name\":\"Solid Kellu\",\"isPartOf\":{\"@id\":\"https:\/\/www.plaadimehed.ee\/#website\"},\"primaryImageOfPage\":{\"@id\":\"https:\/\/www.plaadimehed.ee\/product\/solid-kuhvel-kellu-110-mm\/#primaryimage\"},\"image\":{\"@id\":\"https:\/\/www.plaadimehed.ee\/product\/solid-kuhvel-kellu-110-mm\/#primaryimage\"},\"thumbnailUrl\":\"https:\/\/www.plaadimehed.ee\/wp-content\/uploads\/2025\/04\/solid-kielnia-katowa-110mm-6158-proov.png\",\"datePublished\":\"2025-04-28T06:44:30+00:00\",\"dateModified\":\"2025-04-28T06:58:06+00:00\",\"description\":\"K\u00fchvel&#x2d;kellu 110 mm plastik k\u00e4epidemega\",\"breadcrumb\":{\"@id\":\"https:\/\/www.plaadimehed.ee\/product\/solid-kuhvel-kellu-110-mm\/#breadcrumb\"},\"inLanguage\":\"fi\",\"potentialAction\":[{\"@type\":\"ReadAction\",\"target\":[\"https:\/\/www.plaadimehed.ee\/product\/solid-kuhvel-kellu-110-mm\/\"]}]},{\"@type\":\"ImageObject\",\"inLanguage\":\"fi\",\"@id\":\"https:\/\/www.plaadimehed.ee\/product\/solid-kuhvel-kellu-110-mm\/#primaryimage\",\"url\":\"https:\/\/www.plaadimehed.ee\/wp-content\/uploads\/2025\/04\/solid-kielnia-katowa-110mm-6158-proov.png\",\"contentUrl\":\"https:\/\/www.plaadimehed.ee\/wp-content\/uploads\/2025\/04\/solid-kielnia-katowa-110mm-6158-proov.png\",\"width\":874,\"height\":1000},{\"@type\":\"BreadcrumbList\",\"@id\":\"https:\/\/www.plaadimehed.ee\/product\/solid-kuhvel-kellu-110-mm\/#breadcrumb\",\"itemListElement\":[{\"@type\":\"ListItem\",\"position\":1,\"name\":\"Home\",\"item\":\"https:\/\/www.plaadimehed.ee\/fi\/\"},{\"@type\":\"ListItem\",\"position\":2,\"name\":\"Verkkokauppa\",\"item\":\"https:\/\/www.plaadimehed.ee\/fi\/shop\/\"},{\"@type\":\"ListItem\",\"position\":3,\"name\":\"Solid\u00ae K\u00fchvel-kellu 110 mm\"}]},{\"@type\":\"WebSite\",\"@id\":\"https:\/\/www.plaadimehed.ee\/#website\",\"url\":\"https:\/\/www.plaadimehed.ee\/\",\"name\":\"Plaadimehed\",\"description\":\"Plaatimist\u00f6\u00f6deks vajalikud tarvikud ja t\u00f6\u00f6riistad\",\"publisher\":{\"@id\":\"https:\/\/www.plaadimehed.ee\/#organization\"},\"potentialAction\":[{\"@type\":\"SearchAction\",\"target\":{\"@type\":\"EntryPoint\",\"urlTemplate\":\"https:\/\/www.plaadimehed.ee\/?s={search_term_string}\"},\"query-input\":{\"@type\":\"PropertyValueSpecification\",\"valueRequired\":true,\"valueName\":\"search_term_string\"}}],\"inLanguage\":\"fi\"},{\"@type\":\"Organization\",\"@id\":\"https:\/\/www.plaadimehed.ee\/#organization\",\"name\":\"Plaadimehed\",\"url\":\"https:\/\/www.plaadimehed.ee\/\",\"logo\":{\"@type\":\"ImageObject\",\"inLanguage\":\"fi\",\"@id\":\"https:\/\/www.plaadimehed.ee\/#\/schema\/logo\/image\/\",\"url\":\"https:\/\/www.plaadimehed.ee\/wp-content\/uploads\/2024\/05\/plaadimehed-logo.svg\",\"contentUrl\":\"https:\/\/www.plaadimehed.ee\/wp-content\/uploads\/2024\/05\/plaadimehed-logo.svg\",\"width\":266,\"height\":72,\"caption\":\"Plaadimehed\"},\"image\":{\"@id\":\"https:\/\/www.plaadimehed.ee\/#\/schema\/logo\/image\/\"}}]}<\/script>\n<!-- \/ Yoast SEO plugin. -->","yoast_head_json":{"title":"Solid Kellu","description":"K\u00fchvel&#x2d;kellu 110 mm plastik k\u00e4epidemega","robots":{"index":"index","follow":"follow","max-snippet":"max-snippet:-1","max-image-preview":"max-image-preview:large","max-video-preview":"max-video-preview:-1"},"canonical":"https:\/\/www.plaadimehed.ee\/product\/solid-kuhvel-kellu-110-mm\/","og_locale":"fi_FI","og_type":"article","og_title":"Solid Kellu","og_description":"K\u00fchvel&#x2d;kellu 110 mm plastik k\u00e4epidemega","og_url":"https:\/\/www.plaadimehed.ee\/product\/solid-kuhvel-kellu-110-mm\/","og_site_name":"Plaadimehed","article_modified_time":"2025-04-28T06:58:06+00:00","og_image":[{"width":874,"height":1000,"url":"https:\/\/www.plaadimehed.ee\/wp-content\/uploads\/2025\/04\/solid-kielnia-katowa-110mm-6158-proov.png","type":"image\/png"}],"twitter_card":"summary_large_image","schema":{"@context":"https:\/\/schema.org","@graph":[{"@type":"WebPage","@id":"https:\/\/www.plaadimehed.ee\/product\/solid-kuhvel-kellu-110-mm\/","url":"https:\/\/www.plaadimehed.ee\/product\/solid-kuhvel-kellu-110-mm\/","name":"Solid Kellu","isPartOf":{"@id":"https:\/\/www.plaadimehed.ee\/#website"},"primaryImageOfPage":{"@id":"https:\/\/www.plaadimehed.ee\/product\/solid-kuhvel-kellu-110-mm\/#primaryimage"},"image":{"@id":"https:\/\/www.plaadimehed.ee\/product\/solid-kuhvel-kellu-110-mm\/#primaryimage"},"thumbnailUrl":"https:\/\/www.plaadimehed.ee\/wp-content\/uploads\/2025\/04\/solid-kielnia-katowa-110mm-6158-proov.png","datePublished":"2025-04-28T06:44:30+00:00","dateModified":"2025-04-28T06:58:06+00:00","description":"K\u00fchvel&#x2d;kellu 110 mm plastik k\u00e4epidemega","breadcrumb":{"@id":"https:\/\/www.plaadimehed.ee\/product\/solid-kuhvel-kellu-110-mm\/#breadcrumb"},"inLanguage":"fi","potentialAction":[{"@type":"ReadAction","target":["https:\/\/www.plaadimehed.ee\/product\/solid-kuhvel-kellu-110-mm\/"]}]},{"@type":"ImageObject","inLanguage":"fi","@id":"https:\/\/www.plaadimehed.ee\/product\/solid-kuhvel-kellu-110-mm\/#primaryimage","url":"https:\/\/www.plaadimehed.ee\/wp-content\/uploads\/2025\/04\/solid-kielnia-katowa-110mm-6158-proov.png","contentUrl":"https:\/\/www.plaadimehed.ee\/wp-content\/uploads\/2025\/04\/solid-kielnia-katowa-110mm-6158-proov.png","width":874,"height":1000},{"@type":"BreadcrumbList","@id":"https:\/\/www.plaadimehed.ee\/product\/solid-kuhvel-kellu-110-mm\/#breadcrumb","itemListElement":[{"@type":"ListItem","position":1,"name":"Home","item":"https:\/\/www.plaadimehed.ee\/fi\/"},{"@type":"ListItem","position":2,"name":"Verkkokauppa","item":"https:\/\/www.plaadimehed.ee\/fi\/shop\/"},{"@type":"ListItem","position":3,"name":"Solid\u00ae K\u00fchvel-kellu 110 mm"}]},{"@type":"WebSite","@id":"https:\/\/www.plaadimehed.ee\/#website","url":"https:\/\/www.plaadimehed.ee\/","name":"Plaadimehed","description":"Plaatimist\u00f6\u00f6deks vajalikud tarvikud ja t\u00f6\u00f6riistad","publisher":{"@id":"https:\/\/www.plaadimehed.ee\/#organization"},"potentialAction":[{"@type":"SearchAction","target":{"@type":"EntryPoint","urlTemplate":"https:\/\/www.plaadimehed.ee\/?s={search_term_string}"},"query-input":{"@type":"PropertyValueSpecification","valueRequired":true,"valueName":"search_term_string"}}],"inLanguage":"fi"},{"@type":"Organization","@id":"https:\/\/www.plaadimehed.ee\/#organization","name":"Plaadimehed","url":"https:\/\/www.plaadimehed.ee\/","logo":{"@type":"ImageObject","inLanguage":"fi","@id":"https:\/\/www.plaadimehed.ee\/#\/schema\/logo\/image\/","url":"https:\/\/www.plaadimehed.ee\/wp-content\/uploads\/2024\/05\/plaadimehed-logo.svg","contentUrl":"https:\/\/www.plaadimehed.ee\/wp-content\/uploads\/2024\/05\/plaadimehed-logo.svg","width":266,"height":72,"caption":"Plaadimehed"},"image":{"@id":"https:\/\/www.plaadimehed.ee\/#\/schema\/logo\/image\/"}}]}},"_links":{"self":[{"href":"https:\/\/www.plaadimehed.ee\/fi\/wp-json\/wp\/v2\/product\/14329","targetHints":{"allow":["GET"]}}],"collection":[{"href":"https:\/\/www.plaadimehed.ee\/fi\/wp-json\/wp\/v2\/product"}],"about":[{"href":"https:\/\/www.plaadimehed.ee\/fi\/wp-json\/wp\/v2\/types\/product"}],"wp:featuredmedia":[{"embeddable":true,"href":"https:\/\/www.plaadimehed.ee\/fi\/wp-json\/wp\/v2\/media\/14333"}],"wp:attachment":[{"href":"https:\/\/www.plaadimehed.ee\/fi\/wp-json\/wp\/v2\/media?parent=14329"}],"wp:term":[{"taxonomy":"product_brand","embeddable":true,"href":"https:\/\/www.plaadimehed.ee\/fi\/wp-json\/wp\/v2\/product_brand?post=14329"},{"taxonomy":"product_cat","embeddable":true,"href":"https:\/\/www.plaadimehed.ee\/fi\/wp-json\/wp\/v2\/product_cat?post=14329"},{"taxonomy":"product_tag","embeddable":true,"href":"https:\/\/www.plaadimehed.ee\/fi\/wp-json\/wp\/v2\/product_tag?post=14329"}],"curies":[{"name":"wp","href":"https:\/\/api.w.org\/{rel}","templated":true}]}}