{"id":14626,"date":"2025-05-07T10:10:36","date_gmt":"2025-05-07T08:10:36","guid":{"rendered":"https:\/\/www.plaadimehed.ee\/?post_type=product&#038;p=14626"},"modified":"2026-04-07T14:33:23","modified_gmt":"2026-04-07T12:33:23","slug":"sendi-veeliides-proxxon-lwb-mini-nurktrellile","status":"publish","type":"product","link":"https:\/\/www.plaadimehed.ee\/fi\/product\/sendi-veeliides-proxxon-lwb-mini-nurktrellile\/","title":{"rendered":"Sendi veeliides Proxxon LWB Mini-nurktrellile"},"content":{"rendered":"<p>\u25cf\u00a0 Komplektis voolik<br \/>\n\u25cf\u00a0 3D prinditud kaitse Proxxonile<br \/>\n\u25cf \u00a0Sobivus Proxxon mini nurktrellile<br \/>\n\u25cf\u00a0 Komplekti ei kuulu veepumpa<\/p>\n","protected":false},"excerpt":{"rendered":"<p>Sendi toodetud vesil\u00f5ikuse s\u00fcsteem Proxxoni mininurktrellile.<\/p>\n","protected":false},"featured_media":14627,"template":"","meta":{"_acf_changed":false},"product_brand":[110],"product_cat":[290,60],"product_tag":[],"class_list":{"0":"post-14626","1":"product","2":"type-product","3":"status-publish","4":"has-post-thumbnail","6":"product_brand-sendi","7":"product_cat-vee-liiteseadmed","8":"product_cat-slabi-suuremootmeline-plaat-tooriistad","10":"first","11":"instock","12":"taxable","13":"shipping-taxable","14":"purchasable","15":"product-type-simple"},"acf":[],"yoast_head":"<!-- This site is optimized with the Yoast SEO plugin v27.0 - https:\/\/yoast.com\/product\/yoast-seo-wordpress\/ -->\n<title>Sendi veeliides Proxxon LWB Mini-nurktrellile - Plaadimehed<\/title>\n<meta name=\"description\" content=\"Vesil\u00f5ikus liides Proxxonile. Kaitseb pritsmete ja kildude eest. veevooliku kinnitamise v\u00f5imalus Proxxonile. Mini nurktrelli kaitse.\" \/>\n<meta name=\"robots\" content=\"index, follow, max-snippet:-1, max-image-preview:large, max-video-preview:-1\" \/>\n<link rel=\"canonical\" href=\"https:\/\/www.plaadimehed.ee\/product\/sendi-veeliides-proxxon-lwb-mini-nurktrellile\/\" \/>\n<meta property=\"og:locale\" content=\"fi_FI\" \/>\n<meta property=\"og:type\" content=\"article\" \/>\n<meta property=\"og:title\" content=\"Sendi veeliides Proxxon LWB Mini-nurktrellile - Plaadimehed\" \/>\n<meta property=\"og:description\" content=\"Vesil\u00f5ikus liides Proxxonile. Kaitseb pritsmete ja kildude eest. veevooliku kinnitamise v\u00f5imalus Proxxonile. Mini nurktrelli kaitse.\" \/>\n<meta property=\"og:url\" content=\"https:\/\/www.plaadimehed.ee\/product\/sendi-veeliides-proxxon-lwb-mini-nurktrellile\/\" \/>\n<meta property=\"og:site_name\" content=\"Plaadimehed\" \/>\n<meta property=\"article:modified_time\" content=\"2026-04-07T12:33:23+00:00\" \/>\n<meta property=\"og:image\" content=\"https:\/\/www.plaadimehed.ee\/wp-content\/uploads\/2025\/05\/proagmar-proxxon-oslona-3.png\" \/>\n\t<meta property=\"og:image:width\" content=\"1417\" \/>\n\t<meta property=\"og:image:height\" content=\"1417\" \/>\n\t<meta property=\"og:image:type\" content=\"image\/png\" \/>\n<meta name=\"twitter:card\" content=\"summary_large_image\" \/>\n<meta name=\"twitter:label1\" content=\"Arvioitu lukuaika\" \/>\n\t<meta name=\"twitter:data1\" content=\"1 minuutti\" \/>\n<script type=\"application\/ld+json\" class=\"yoast-schema-graph\">{\"@context\":\"https:\/\/schema.org\",\"@graph\":[{\"@type\":\"WebPage\",\"@id\":\"https:\/\/www.plaadimehed.ee\/product\/sendi-veeliides-proxxon-lwb-mini-nurktrellile\/\",\"url\":\"https:\/\/www.plaadimehed.ee\/product\/sendi-veeliides-proxxon-lwb-mini-nurktrellile\/\",\"name\":\"Sendi veeliides Proxxon LWB Mini-nurktrellile - Plaadimehed\",\"isPartOf\":{\"@id\":\"https:\/\/www.plaadimehed.ee\/#website\"},\"primaryImageOfPage\":{\"@id\":\"https:\/\/www.plaadimehed.ee\/product\/sendi-veeliides-proxxon-lwb-mini-nurktrellile\/#primaryimage\"},\"image\":{\"@id\":\"https:\/\/www.plaadimehed.ee\/product\/sendi-veeliides-proxxon-lwb-mini-nurktrellile\/#primaryimage\"},\"thumbnailUrl\":\"https:\/\/www.plaadimehed.ee\/wp-content\/uploads\/2025\/05\/proagmar-proxxon-oslona-3.png\",\"datePublished\":\"2025-05-07T08:10:36+00:00\",\"dateModified\":\"2026-04-07T12:33:23+00:00\",\"description\":\"Vesil\u00f5ikus liides Proxxonile. Kaitseb pritsmete ja kildude eest. veevooliku kinnitamise v\u00f5imalus Proxxonile. Mini nurktrelli kaitse.\",\"breadcrumb\":{\"@id\":\"https:\/\/www.plaadimehed.ee\/product\/sendi-veeliides-proxxon-lwb-mini-nurktrellile\/#breadcrumb\"},\"inLanguage\":\"fi\",\"potentialAction\":[{\"@type\":\"ReadAction\",\"target\":[\"https:\/\/www.plaadimehed.ee\/product\/sendi-veeliides-proxxon-lwb-mini-nurktrellile\/\"]}]},{\"@type\":\"ImageObject\",\"inLanguage\":\"fi\",\"@id\":\"https:\/\/www.plaadimehed.ee\/product\/sendi-veeliides-proxxon-lwb-mini-nurktrellile\/#primaryimage\",\"url\":\"https:\/\/www.plaadimehed.ee\/wp-content\/uploads\/2025\/05\/proagmar-proxxon-oslona-3.png\",\"contentUrl\":\"https:\/\/www.plaadimehed.ee\/wp-content\/uploads\/2025\/05\/proagmar-proxxon-oslona-3.png\",\"width\":1417,\"height\":1417},{\"@type\":\"BreadcrumbList\",\"@id\":\"https:\/\/www.plaadimehed.ee\/product\/sendi-veeliides-proxxon-lwb-mini-nurktrellile\/#breadcrumb\",\"itemListElement\":[{\"@type\":\"ListItem\",\"position\":1,\"name\":\"Home\",\"item\":\"https:\/\/www.plaadimehed.ee\/fi\/\"},{\"@type\":\"ListItem\",\"position\":2,\"name\":\"Verkkokauppa\",\"item\":\"https:\/\/www.plaadimehed.ee\/fi\/shop\/\"},{\"@type\":\"ListItem\",\"position\":3,\"name\":\"Sendi veeliides Proxxon LWB Mini-nurktrellile\"}]},{\"@type\":\"WebSite\",\"@id\":\"https:\/\/www.plaadimehed.ee\/#website\",\"url\":\"https:\/\/www.plaadimehed.ee\/\",\"name\":\"Plaadimehed\",\"description\":\"Plaatimist\u00f6\u00f6deks vajalikud tarvikud ja t\u00f6\u00f6riistad\",\"publisher\":{\"@id\":\"https:\/\/www.plaadimehed.ee\/#organization\"},\"potentialAction\":[{\"@type\":\"SearchAction\",\"target\":{\"@type\":\"EntryPoint\",\"urlTemplate\":\"https:\/\/www.plaadimehed.ee\/?s={search_term_string}\"},\"query-input\":{\"@type\":\"PropertyValueSpecification\",\"valueRequired\":true,\"valueName\":\"search_term_string\"}}],\"inLanguage\":\"fi\"},{\"@type\":\"Organization\",\"@id\":\"https:\/\/www.plaadimehed.ee\/#organization\",\"name\":\"Plaadimehed\",\"url\":\"https:\/\/www.plaadimehed.ee\/\",\"logo\":{\"@type\":\"ImageObject\",\"inLanguage\":\"fi\",\"@id\":\"https:\/\/www.plaadimehed.ee\/#\/schema\/logo\/image\/\",\"url\":\"https:\/\/www.plaadimehed.ee\/wp-content\/uploads\/2024\/05\/plaadimehed-logo.svg\",\"contentUrl\":\"https:\/\/www.plaadimehed.ee\/wp-content\/uploads\/2024\/05\/plaadimehed-logo.svg\",\"width\":266,\"height\":72,\"caption\":\"Plaadimehed\"},\"image\":{\"@id\":\"https:\/\/www.plaadimehed.ee\/#\/schema\/logo\/image\/\"}}]}<\/script>\n<!-- \/ Yoast SEO plugin. -->","yoast_head_json":{"title":"Sendi veeliides Proxxon LWB Mini-nurktrellile - Plaadimehed","description":"Vesil\u00f5ikus liides Proxxonile. Kaitseb pritsmete ja kildude eest. veevooliku kinnitamise v\u00f5imalus Proxxonile. Mini nurktrelli kaitse.","robots":{"index":"index","follow":"follow","max-snippet":"max-snippet:-1","max-image-preview":"max-image-preview:large","max-video-preview":"max-video-preview:-1"},"canonical":"https:\/\/www.plaadimehed.ee\/product\/sendi-veeliides-proxxon-lwb-mini-nurktrellile\/","og_locale":"fi_FI","og_type":"article","og_title":"Sendi veeliides Proxxon LWB Mini-nurktrellile - Plaadimehed","og_description":"Vesil\u00f5ikus liides Proxxonile. Kaitseb pritsmete ja kildude eest. veevooliku kinnitamise v\u00f5imalus Proxxonile. Mini nurktrelli kaitse.","og_url":"https:\/\/www.plaadimehed.ee\/product\/sendi-veeliides-proxxon-lwb-mini-nurktrellile\/","og_site_name":"Plaadimehed","article_modified_time":"2026-04-07T12:33:23+00:00","og_image":[{"width":1417,"height":1417,"url":"https:\/\/www.plaadimehed.ee\/wp-content\/uploads\/2025\/05\/proagmar-proxxon-oslona-3.png","type":"image\/png"}],"twitter_card":"summary_large_image","twitter_misc":{"Arvioitu lukuaika":"1 minuutti"},"schema":{"@context":"https:\/\/schema.org","@graph":[{"@type":"WebPage","@id":"https:\/\/www.plaadimehed.ee\/product\/sendi-veeliides-proxxon-lwb-mini-nurktrellile\/","url":"https:\/\/www.plaadimehed.ee\/product\/sendi-veeliides-proxxon-lwb-mini-nurktrellile\/","name":"Sendi veeliides Proxxon LWB Mini-nurktrellile - Plaadimehed","isPartOf":{"@id":"https:\/\/www.plaadimehed.ee\/#website"},"primaryImageOfPage":{"@id":"https:\/\/www.plaadimehed.ee\/product\/sendi-veeliides-proxxon-lwb-mini-nurktrellile\/#primaryimage"},"image":{"@id":"https:\/\/www.plaadimehed.ee\/product\/sendi-veeliides-proxxon-lwb-mini-nurktrellile\/#primaryimage"},"thumbnailUrl":"https:\/\/www.plaadimehed.ee\/wp-content\/uploads\/2025\/05\/proagmar-proxxon-oslona-3.png","datePublished":"2025-05-07T08:10:36+00:00","dateModified":"2026-04-07T12:33:23+00:00","description":"Vesil\u00f5ikus liides Proxxonile. Kaitseb pritsmete ja kildude eest. veevooliku kinnitamise v\u00f5imalus Proxxonile. Mini nurktrelli kaitse.","breadcrumb":{"@id":"https:\/\/www.plaadimehed.ee\/product\/sendi-veeliides-proxxon-lwb-mini-nurktrellile\/#breadcrumb"},"inLanguage":"fi","potentialAction":[{"@type":"ReadAction","target":["https:\/\/www.plaadimehed.ee\/product\/sendi-veeliides-proxxon-lwb-mini-nurktrellile\/"]}]},{"@type":"ImageObject","inLanguage":"fi","@id":"https:\/\/www.plaadimehed.ee\/product\/sendi-veeliides-proxxon-lwb-mini-nurktrellile\/#primaryimage","url":"https:\/\/www.plaadimehed.ee\/wp-content\/uploads\/2025\/05\/proagmar-proxxon-oslona-3.png","contentUrl":"https:\/\/www.plaadimehed.ee\/wp-content\/uploads\/2025\/05\/proagmar-proxxon-oslona-3.png","width":1417,"height":1417},{"@type":"BreadcrumbList","@id":"https:\/\/www.plaadimehed.ee\/product\/sendi-veeliides-proxxon-lwb-mini-nurktrellile\/#breadcrumb","itemListElement":[{"@type":"ListItem","position":1,"name":"Home","item":"https:\/\/www.plaadimehed.ee\/fi\/"},{"@type":"ListItem","position":2,"name":"Verkkokauppa","item":"https:\/\/www.plaadimehed.ee\/fi\/shop\/"},{"@type":"ListItem","position":3,"name":"Sendi veeliides Proxxon LWB Mini-nurktrellile"}]},{"@type":"WebSite","@id":"https:\/\/www.plaadimehed.ee\/#website","url":"https:\/\/www.plaadimehed.ee\/","name":"Plaadimehed","description":"Plaatimist\u00f6\u00f6deks vajalikud tarvikud ja t\u00f6\u00f6riistad","publisher":{"@id":"https:\/\/www.plaadimehed.ee\/#organization"},"potentialAction":[{"@type":"SearchAction","target":{"@type":"EntryPoint","urlTemplate":"https:\/\/www.plaadimehed.ee\/?s={search_term_string}"},"query-input":{"@type":"PropertyValueSpecification","valueRequired":true,"valueName":"search_term_string"}}],"inLanguage":"fi"},{"@type":"Organization","@id":"https:\/\/www.plaadimehed.ee\/#organization","name":"Plaadimehed","url":"https:\/\/www.plaadimehed.ee\/","logo":{"@type":"ImageObject","inLanguage":"fi","@id":"https:\/\/www.plaadimehed.ee\/#\/schema\/logo\/image\/","url":"https:\/\/www.plaadimehed.ee\/wp-content\/uploads\/2024\/05\/plaadimehed-logo.svg","contentUrl":"https:\/\/www.plaadimehed.ee\/wp-content\/uploads\/2024\/05\/plaadimehed-logo.svg","width":266,"height":72,"caption":"Plaadimehed"},"image":{"@id":"https:\/\/www.plaadimehed.ee\/#\/schema\/logo\/image\/"}}]}},"_links":{"self":[{"href":"https:\/\/www.plaadimehed.ee\/fi\/wp-json\/wp\/v2\/product\/14626","targetHints":{"allow":["GET"]}}],"collection":[{"href":"https:\/\/www.plaadimehed.ee\/fi\/wp-json\/wp\/v2\/product"}],"about":[{"href":"https:\/\/www.plaadimehed.ee\/fi\/wp-json\/wp\/v2\/types\/product"}],"wp:featuredmedia":[{"embeddable":true,"href":"https:\/\/www.plaadimehed.ee\/fi\/wp-json\/wp\/v2\/media\/14627"}],"wp:attachment":[{"href":"https:\/\/www.plaadimehed.ee\/fi\/wp-json\/wp\/v2\/media?parent=14626"}],"wp:term":[{"taxonomy":"product_brand","embeddable":true,"href":"https:\/\/www.plaadimehed.ee\/fi\/wp-json\/wp\/v2\/product_brand?post=14626"},{"taxonomy":"product_cat","embeddable":true,"href":"https:\/\/www.plaadimehed.ee\/fi\/wp-json\/wp\/v2\/product_cat?post=14626"},{"taxonomy":"product_tag","embeddable":true,"href":"https:\/\/www.plaadimehed.ee\/fi\/wp-json\/wp\/v2\/product_tag?post=14626"}],"curies":[{"name":"wp","href":"https:\/\/api.w.org\/{rel}","templated":true}]}}