{"id":14947,"date":"2025-06-10T12:02:12","date_gmt":"2025-06-10T10:02:12","guid":{"rendered":"https:\/\/www.plaadimehed.ee\/?post_type=product&#038;p=14947"},"modified":"2026-03-10T20:17:56","modified_gmt":"2026-03-10T18:17:56","slug":"bihui-plaatide-paranduskomplekt-tile-repairing-kit","status":"publish","type":"product","link":"https:\/\/www.plaadimehed.ee\/fi\/product\/bihui-plaatide-paranduskomplekt-tile-repairing-kit\/","title":{"rendered":"BIHUI Plaatide paranduskomplekt Tile repairing Kit"},"content":{"rendered":"<p class=\"p1\">BIHUI on professionaalne t\u00f6\u00f6riistabr\u00e4nd, mis keskendub eelk\u00f5ige plaatimis- ja viimistlust\u00f6\u00f6dele. Nende tootevalikusse kuuluvad kvaliteetsed plaadil\u00f5ikurid, vaakumhaaratsid, k\u00e4sit\u00f6\u00f6riistad, plaatide tasanduss\u00fcsteemid, iminapad, teemantkettad ja freesid, mis on loodud spetsiaalselt professionaalidele.<\/p>\n<p class=\"p1\">Br\u00e4ndi eesm\u00e4rk on pakkuda t\u00e4pseid, vastupidavaid ja kasutajas\u00f5bralikke t\u00f6\u00f6riistu, mis aitavad saavutada k\u00f5rget kvaliteeti kiiremini ja mugavamalt. BIHUI tooteid hinnatakse eriti nende hea hinna ja kvaliteedi suhte t\u00f5ttu. Plaadimehed on BIHUI esindaja Eestis.<\/p>\n<p><a href=\"https:\/\/www.bihuitools.com\/\" target=\"_blank\" rel=\"noopener\">BIHUI ametlik kodulehek\u00fclg<\/a><\/p>\n<p><a href=\"https:\/\/www.plaadimehed.ee\/wp-content\/uploads\/2025\/06\/Bihui-Repair-kit-tooteinfo-ja-kasutamine.pdf\">BIHUI Repairing Kit tooteinfo ja kasutamine<\/a><\/p>\n","protected":false},"excerpt":{"rendered":"<p>Plaatide paranduskomplekt<\/p>\n<p>\u25cf M\u00f5eldud plaadi v\u00f5i puitmaterjali defektide parandamiseks ja taastamiseks<br \/>\n\u25cf Jootekolb on juhtmega laetav<br \/>\n\u25cf Remondivaha t\u00e4idab kahjustatud kohad (praod, t\u00e4kked) kuumutatud jootekolbiga<br \/>\n\u25cf Vaha lai v\u00e4rvivalik v\u00f5imaldab segamise teel saavutada mis tahes tooni<br \/>\n\u25cf V\u00f5imaldab taastada pindu nagu keraamilised plaadid, looduskivi, laminaat, puit, plastik ja m\u00f6\u00f6bel<br \/>\n\u25cf Komplekti kuulub: transpordikohver, 16 eritooni parandusvaha, spaatlikorgiga jootekolb, lihvklots ja \u0161vamm<\/p>\n","protected":false},"featured_media":15605,"template":"","meta":{"_acf_changed":false},"product_brand":[26],"product_cat":[30,51],"product_tag":[],"class_list":{"0":"post-14947","1":"product","2":"type-product","3":"status-publish","4":"has-post-thumbnail","6":"product_brand-bihui","7":"product_cat-plaatimistooriistad","8":"product_cat-muu-plaatimistooriistad","10":"first","11":"instock","12":"taxable","13":"shipping-taxable","14":"purchasable","15":"product-type-simple"},"acf":[],"yoast_head":"<!-- This site is optimized with the Yoast SEO plugin v27.0 - https:\/\/yoast.com\/product\/yoast-seo-wordpress\/ -->\n<title>BIHUI Plaatide paranduskomplekt Tile repairing Kit<\/title>\n<meta name=\"description\" content=\"Bihui paranduskomplekt erinevate materjalide parandamiseks (keraamika, puit). komplektis erinevat tooni vahapulgad. v\u00f5imalik segada toone vastavalt soovile.\" \/>\n<meta name=\"robots\" content=\"index, follow, max-snippet:-1, max-image-preview:large, max-video-preview:-1\" \/>\n<link rel=\"canonical\" href=\"https:\/\/www.plaadimehed.ee\/product\/bihui-plaatide-paranduskomplekt-tile-repairing-kit\/\" \/>\n<meta property=\"og:locale\" content=\"fi_FI\" \/>\n<meta property=\"og:type\" content=\"article\" \/>\n<meta property=\"og:title\" content=\"BIHUI Plaatide paranduskomplekt Tile repairing Kit\" \/>\n<meta property=\"og:description\" content=\"Bihui paranduskomplekt erinevate materjalide parandamiseks (keraamika, puit). komplektis erinevat tooni vahapulgad. v\u00f5imalik segada toone vastavalt soovile.\" \/>\n<meta property=\"og:url\" content=\"https:\/\/www.plaadimehed.ee\/product\/bihui-plaatide-paranduskomplekt-tile-repairing-kit\/\" \/>\n<meta property=\"og:site_name\" content=\"Plaadimehed\" \/>\n<meta property=\"article:modified_time\" content=\"2026-03-10T18:17:56+00:00\" \/>\n<meta property=\"og:image\" content=\"https:\/\/www.plaadimehed.ee\/wp-content\/uploads\/2025\/06\/Bihui-paranduskomplekt.jpg\" \/>\n\t<meta property=\"og:image:width\" content=\"1080\" \/>\n\t<meta property=\"og:image:height\" content=\"1139\" \/>\n\t<meta property=\"og:image:type\" content=\"image\/jpeg\" \/>\n<meta name=\"twitter:card\" content=\"summary_large_image\" \/>\n<meta name=\"twitter:label1\" content=\"Arvioitu lukuaika\" \/>\n\t<meta name=\"twitter:data1\" content=\"1 minuutti\" \/>\n<script type=\"application\/ld+json\" class=\"yoast-schema-graph\">{\"@context\":\"https:\/\/schema.org\",\"@graph\":[{\"@type\":\"WebPage\",\"@id\":\"https:\/\/www.plaadimehed.ee\/product\/bihui-plaatide-paranduskomplekt-tile-repairing-kit\/\",\"url\":\"https:\/\/www.plaadimehed.ee\/product\/bihui-plaatide-paranduskomplekt-tile-repairing-kit\/\",\"name\":\"BIHUI Plaatide paranduskomplekt Tile repairing Kit\",\"isPartOf\":{\"@id\":\"https:\/\/www.plaadimehed.ee\/#website\"},\"primaryImageOfPage\":{\"@id\":\"https:\/\/www.plaadimehed.ee\/product\/bihui-plaatide-paranduskomplekt-tile-repairing-kit\/#primaryimage\"},\"image\":{\"@id\":\"https:\/\/www.plaadimehed.ee\/product\/bihui-plaatide-paranduskomplekt-tile-repairing-kit\/#primaryimage\"},\"thumbnailUrl\":\"https:\/\/www.plaadimehed.ee\/wp-content\/uploads\/2025\/06\/BIHUI-paranduskomplekt.png\",\"datePublished\":\"2025-06-10T10:02:12+00:00\",\"dateModified\":\"2026-03-10T18:17:56+00:00\",\"description\":\"Bihui paranduskomplekt erinevate materjalide parandamiseks (keraamika, puit). komplektis erinevat tooni vahapulgad. v\u00f5imalik segada toone vastavalt soovile.\",\"breadcrumb\":{\"@id\":\"https:\/\/www.plaadimehed.ee\/product\/bihui-plaatide-paranduskomplekt-tile-repairing-kit\/#breadcrumb\"},\"inLanguage\":\"fi\",\"potentialAction\":[{\"@type\":\"ReadAction\",\"target\":[\"https:\/\/www.plaadimehed.ee\/product\/bihui-plaatide-paranduskomplekt-tile-repairing-kit\/\"]}]},{\"@type\":\"ImageObject\",\"inLanguage\":\"fi\",\"@id\":\"https:\/\/www.plaadimehed.ee\/product\/bihui-plaatide-paranduskomplekt-tile-repairing-kit\/#primaryimage\",\"url\":\"https:\/\/www.plaadimehed.ee\/wp-content\/uploads\/2025\/06\/BIHUI-paranduskomplekt.png\",\"contentUrl\":\"https:\/\/www.plaadimehed.ee\/wp-content\/uploads\/2025\/06\/BIHUI-paranduskomplekt.png\",\"width\":960,\"height\":960},{\"@type\":\"BreadcrumbList\",\"@id\":\"https:\/\/www.plaadimehed.ee\/product\/bihui-plaatide-paranduskomplekt-tile-repairing-kit\/#breadcrumb\",\"itemListElement\":[{\"@type\":\"ListItem\",\"position\":1,\"name\":\"Home\",\"item\":\"https:\/\/www.plaadimehed.ee\/fi\/\"},{\"@type\":\"ListItem\",\"position\":2,\"name\":\"Verkkokauppa\",\"item\":\"https:\/\/www.plaadimehed.ee\/fi\/shop\/\"},{\"@type\":\"ListItem\",\"position\":3,\"name\":\"BIHUI Plaatide paranduskomplekt Tile repairing Kit\"}]},{\"@type\":\"WebSite\",\"@id\":\"https:\/\/www.plaadimehed.ee\/#website\",\"url\":\"https:\/\/www.plaadimehed.ee\/\",\"name\":\"Plaadimehed\",\"description\":\"Plaatimist\u00f6\u00f6deks vajalikud tarvikud ja t\u00f6\u00f6riistad\",\"publisher\":{\"@id\":\"https:\/\/www.plaadimehed.ee\/#organization\"},\"potentialAction\":[{\"@type\":\"SearchAction\",\"target\":{\"@type\":\"EntryPoint\",\"urlTemplate\":\"https:\/\/www.plaadimehed.ee\/?s={search_term_string}\"},\"query-input\":{\"@type\":\"PropertyValueSpecification\",\"valueRequired\":true,\"valueName\":\"search_term_string\"}}],\"inLanguage\":\"fi\"},{\"@type\":\"Organization\",\"@id\":\"https:\/\/www.plaadimehed.ee\/#organization\",\"name\":\"Plaadimehed\",\"url\":\"https:\/\/www.plaadimehed.ee\/\",\"logo\":{\"@type\":\"ImageObject\",\"inLanguage\":\"fi\",\"@id\":\"https:\/\/www.plaadimehed.ee\/#\/schema\/logo\/image\/\",\"url\":\"https:\/\/www.plaadimehed.ee\/wp-content\/uploads\/2024\/05\/plaadimehed-logo.svg\",\"contentUrl\":\"https:\/\/www.plaadimehed.ee\/wp-content\/uploads\/2024\/05\/plaadimehed-logo.svg\",\"width\":266,\"height\":72,\"caption\":\"Plaadimehed\"},\"image\":{\"@id\":\"https:\/\/www.plaadimehed.ee\/#\/schema\/logo\/image\/\"}}]}<\/script>\n<!-- \/ Yoast SEO plugin. -->","yoast_head_json":{"title":"BIHUI Plaatide paranduskomplekt Tile repairing Kit","description":"Bihui paranduskomplekt erinevate materjalide parandamiseks (keraamika, puit). komplektis erinevat tooni vahapulgad. v\u00f5imalik segada toone vastavalt soovile.","robots":{"index":"index","follow":"follow","max-snippet":"max-snippet:-1","max-image-preview":"max-image-preview:large","max-video-preview":"max-video-preview:-1"},"canonical":"https:\/\/www.plaadimehed.ee\/product\/bihui-plaatide-paranduskomplekt-tile-repairing-kit\/","og_locale":"fi_FI","og_type":"article","og_title":"BIHUI Plaatide paranduskomplekt Tile repairing Kit","og_description":"Bihui paranduskomplekt erinevate materjalide parandamiseks (keraamika, puit). komplektis erinevat tooni vahapulgad. v\u00f5imalik segada toone vastavalt soovile.","og_url":"https:\/\/www.plaadimehed.ee\/product\/bihui-plaatide-paranduskomplekt-tile-repairing-kit\/","og_site_name":"Plaadimehed","article_modified_time":"2026-03-10T18:17:56+00:00","og_image":[{"width":1080,"height":1139,"url":"https:\/\/www.plaadimehed.ee\/wp-content\/uploads\/2025\/06\/Bihui-paranduskomplekt.jpg","type":"image\/jpeg"}],"twitter_card":"summary_large_image","twitter_misc":{"Arvioitu lukuaika":"1 minuutti"},"schema":{"@context":"https:\/\/schema.org","@graph":[{"@type":"WebPage","@id":"https:\/\/www.plaadimehed.ee\/product\/bihui-plaatide-paranduskomplekt-tile-repairing-kit\/","url":"https:\/\/www.plaadimehed.ee\/product\/bihui-plaatide-paranduskomplekt-tile-repairing-kit\/","name":"BIHUI Plaatide paranduskomplekt Tile repairing Kit","isPartOf":{"@id":"https:\/\/www.plaadimehed.ee\/#website"},"primaryImageOfPage":{"@id":"https:\/\/www.plaadimehed.ee\/product\/bihui-plaatide-paranduskomplekt-tile-repairing-kit\/#primaryimage"},"image":{"@id":"https:\/\/www.plaadimehed.ee\/product\/bihui-plaatide-paranduskomplekt-tile-repairing-kit\/#primaryimage"},"thumbnailUrl":"https:\/\/www.plaadimehed.ee\/wp-content\/uploads\/2025\/06\/BIHUI-paranduskomplekt.png","datePublished":"2025-06-10T10:02:12+00:00","dateModified":"2026-03-10T18:17:56+00:00","description":"Bihui paranduskomplekt erinevate materjalide parandamiseks (keraamika, puit). komplektis erinevat tooni vahapulgad. v\u00f5imalik segada toone vastavalt soovile.","breadcrumb":{"@id":"https:\/\/www.plaadimehed.ee\/product\/bihui-plaatide-paranduskomplekt-tile-repairing-kit\/#breadcrumb"},"inLanguage":"fi","potentialAction":[{"@type":"ReadAction","target":["https:\/\/www.plaadimehed.ee\/product\/bihui-plaatide-paranduskomplekt-tile-repairing-kit\/"]}]},{"@type":"ImageObject","inLanguage":"fi","@id":"https:\/\/www.plaadimehed.ee\/product\/bihui-plaatide-paranduskomplekt-tile-repairing-kit\/#primaryimage","url":"https:\/\/www.plaadimehed.ee\/wp-content\/uploads\/2025\/06\/BIHUI-paranduskomplekt.png","contentUrl":"https:\/\/www.plaadimehed.ee\/wp-content\/uploads\/2025\/06\/BIHUI-paranduskomplekt.png","width":960,"height":960},{"@type":"BreadcrumbList","@id":"https:\/\/www.plaadimehed.ee\/product\/bihui-plaatide-paranduskomplekt-tile-repairing-kit\/#breadcrumb","itemListElement":[{"@type":"ListItem","position":1,"name":"Home","item":"https:\/\/www.plaadimehed.ee\/fi\/"},{"@type":"ListItem","position":2,"name":"Verkkokauppa","item":"https:\/\/www.plaadimehed.ee\/fi\/shop\/"},{"@type":"ListItem","position":3,"name":"BIHUI Plaatide paranduskomplekt Tile repairing Kit"}]},{"@type":"WebSite","@id":"https:\/\/www.plaadimehed.ee\/#website","url":"https:\/\/www.plaadimehed.ee\/","name":"Plaadimehed","description":"Plaatimist\u00f6\u00f6deks vajalikud tarvikud ja t\u00f6\u00f6riistad","publisher":{"@id":"https:\/\/www.plaadimehed.ee\/#organization"},"potentialAction":[{"@type":"SearchAction","target":{"@type":"EntryPoint","urlTemplate":"https:\/\/www.plaadimehed.ee\/?s={search_term_string}"},"query-input":{"@type":"PropertyValueSpecification","valueRequired":true,"valueName":"search_term_string"}}],"inLanguage":"fi"},{"@type":"Organization","@id":"https:\/\/www.plaadimehed.ee\/#organization","name":"Plaadimehed","url":"https:\/\/www.plaadimehed.ee\/","logo":{"@type":"ImageObject","inLanguage":"fi","@id":"https:\/\/www.plaadimehed.ee\/#\/schema\/logo\/image\/","url":"https:\/\/www.plaadimehed.ee\/wp-content\/uploads\/2024\/05\/plaadimehed-logo.svg","contentUrl":"https:\/\/www.plaadimehed.ee\/wp-content\/uploads\/2024\/05\/plaadimehed-logo.svg","width":266,"height":72,"caption":"Plaadimehed"},"image":{"@id":"https:\/\/www.plaadimehed.ee\/#\/schema\/logo\/image\/"}}]}},"_links":{"self":[{"href":"https:\/\/www.plaadimehed.ee\/fi\/wp-json\/wp\/v2\/product\/14947","targetHints":{"allow":["GET"]}}],"collection":[{"href":"https:\/\/www.plaadimehed.ee\/fi\/wp-json\/wp\/v2\/product"}],"about":[{"href":"https:\/\/www.plaadimehed.ee\/fi\/wp-json\/wp\/v2\/types\/product"}],"wp:featuredmedia":[{"embeddable":true,"href":"https:\/\/www.plaadimehed.ee\/fi\/wp-json\/wp\/v2\/media\/15605"}],"wp:attachment":[{"href":"https:\/\/www.plaadimehed.ee\/fi\/wp-json\/wp\/v2\/media?parent=14947"}],"wp:term":[{"taxonomy":"product_brand","embeddable":true,"href":"https:\/\/www.plaadimehed.ee\/fi\/wp-json\/wp\/v2\/product_brand?post=14947"},{"taxonomy":"product_cat","embeddable":true,"href":"https:\/\/www.plaadimehed.ee\/fi\/wp-json\/wp\/v2\/product_cat?post=14947"},{"taxonomy":"product_tag","embeddable":true,"href":"https:\/\/www.plaadimehed.ee\/fi\/wp-json\/wp\/v2\/product_tag?post=14947"}],"curies":[{"name":"wp","href":"https:\/\/api.w.org\/{rel}","templated":true}]}}