{"id":15046,"date":"2025-06-18T13:36:03","date_gmt":"2025-06-18T11:36:03","guid":{"rendered":"https:\/\/www.plaadimehed.ee\/?post_type=product&#038;p=15046"},"modified":"2025-07-15T13:44:52","modified_gmt":"2025-07-15T11:44:52","slug":"genesis-brushed-copper-liistu-nurgatukk-10-mm-1-tk","status":"publish","type":"product","link":"https:\/\/www.plaadimehed.ee\/fi\/product\/genesis-brushed-copper-liistu-nurgatukk-10-mm-1-tk\/","title":{"rendered":"Genesis Brushed Copper liistu nurgat\u00fckk 10 mm 1 tk"},"content":{"rendered":"<p>NB! Liistu toonid v\u00f5ivad e-poes tegelikusest erineda.<\/p>\n","protected":false},"excerpt":{"rendered":"<p>Genesis harjatud kuldne nurgat\u00fckk 10&#215;10 mm 1tk TDP 100,90 liistule<\/p>\n<p>\u25cf Harjatud kandilise nurgaliistu otsat\u00fckk<br \/>\n\u25cf Hea kemikaalide taluvus<br \/>\n\u25cf Kasutamiseks v\u00e4lisnurgas v\u00f5i l\u00f5petuseks<span class=\"Y2IQFc\" lang=\"et\"><br \/>\n\u25cf Sobivus kandlise v\u00e4lisnurga 10 mm liistule<br \/>\n\u25cf 1 tk<\/span><\/p>\n<p>&nbsp;<\/p>\n","protected":false},"featured_media":15049,"template":"","meta":{"_acf_changed":false},"product_brand":[95],"product_cat":[122,148,161],"product_tag":[],"class_list":{"0":"post-15046","1":"product","2":"type-product","3":"status-publish","4":"has-post-thumbnail","6":"product_brand-genesis","7":"product_cat-liistud-ja-profiilid","8":"product_cat--profiil","9":"product_cat-nurgatukid","11":"first","12":"instock","13":"taxable","14":"shipping-taxable","15":"purchasable","16":"product-type-simple"},"acf":[],"yoast_head":"<!-- This site is optimized with the Yoast SEO plugin v27.0 - https:\/\/yoast.com\/product\/yoast-seo-wordpress\/ -->\n<title>Genesis Brushed Copper liistu nurgat\u00fckk 10 mm 1 tk - Plaadimehed<\/title>\n<meta name=\"description\" content=\"Genesis Brushed copper nurgaliistu l\u00f5put\u00fckk kandiline 10\u00d710 mm. Sobib h\u00e4sti n\u00e4htavatesse kohtadesse. J\u00e4tab kvaliteetse tulemuse.\" \/>\n<meta name=\"robots\" content=\"index, follow, max-snippet:-1, max-image-preview:large, max-video-preview:-1\" \/>\n<link rel=\"canonical\" href=\"https:\/\/www.plaadimehed.ee\/product\/genesis-brushed-copper-liistu-nurgatukk-10-mm-1-tk\/\" \/>\n<meta property=\"og:locale\" content=\"fi_FI\" \/>\n<meta property=\"og:type\" content=\"article\" \/>\n<meta property=\"og:title\" content=\"Genesis Brushed Copper liistu nurgat\u00fckk\" \/>\n<meta property=\"og:description\" content=\"Genesis Brushed copper nurgaliistu l\u00f5put\u00fckk kandiline 10\u00d710 mm. Sobib h\u00e4sti n\u00e4htavatesse kohtadesse. J\u00e4tab kvaliteetse tulemuse.\" \/>\n<meta property=\"og:url\" content=\"https:\/\/www.plaadimehed.ee\/product\/genesis-brushed-copper-liistu-nurgatukk-10-mm-1-tk\/\" \/>\n<meta property=\"og:site_name\" content=\"Plaadimehed\" \/>\n<meta property=\"article:modified_time\" content=\"2025-07-15T11:44:52+00:00\" \/>\n<meta property=\"og:image\" content=\"https:\/\/www.plaadimehed.ee\/wp-content\/uploads\/2025\/06\/Brushed-Copper-nurk-1.png\" \/>\n\t<meta property=\"og:image:width\" content=\"300\" \/>\n\t<meta property=\"og:image:height\" content=\"288\" \/>\n\t<meta property=\"og:image:type\" content=\"image\/png\" \/>\n<meta name=\"twitter:card\" content=\"summary_large_image\" \/>\n<meta name=\"twitter:label1\" content=\"Arvioitu lukuaika\" \/>\n\t<meta name=\"twitter:data1\" content=\"1 minuutti\" \/>\n<script type=\"application\/ld+json\" class=\"yoast-schema-graph\">{\"@context\":\"https:\/\/schema.org\",\"@graph\":[{\"@type\":\"WebPage\",\"@id\":\"https:\/\/www.plaadimehed.ee\/product\/genesis-brushed-copper-liistu-nurgatukk-10-mm-1-tk\/\",\"url\":\"https:\/\/www.plaadimehed.ee\/product\/genesis-brushed-copper-liistu-nurgatukk-10-mm-1-tk\/\",\"name\":\"Genesis Brushed Copper liistu nurgat\u00fckk 10 mm 1 tk - Plaadimehed\",\"isPartOf\":{\"@id\":\"https:\/\/www.plaadimehed.ee\/#website\"},\"primaryImageOfPage\":{\"@id\":\"https:\/\/www.plaadimehed.ee\/product\/genesis-brushed-copper-liistu-nurgatukk-10-mm-1-tk\/#primaryimage\"},\"image\":{\"@id\":\"https:\/\/www.plaadimehed.ee\/product\/genesis-brushed-copper-liistu-nurgatukk-10-mm-1-tk\/#primaryimage\"},\"thumbnailUrl\":\"https:\/\/www.plaadimehed.ee\/wp-content\/uploads\/2025\/06\/Brushed-Copper-nurk-1.png\",\"datePublished\":\"2025-06-18T11:36:03+00:00\",\"dateModified\":\"2025-07-15T11:44:52+00:00\",\"description\":\"Genesis Brushed copper nurgaliistu l\u00f5put\u00fckk kandiline 10\u00d710 mm. Sobib h\u00e4sti n\u00e4htavatesse kohtadesse. J\u00e4tab kvaliteetse tulemuse.\",\"breadcrumb\":{\"@id\":\"https:\/\/www.plaadimehed.ee\/product\/genesis-brushed-copper-liistu-nurgatukk-10-mm-1-tk\/#breadcrumb\"},\"inLanguage\":\"fi\",\"potentialAction\":[{\"@type\":\"ReadAction\",\"target\":[\"https:\/\/www.plaadimehed.ee\/product\/genesis-brushed-copper-liistu-nurgatukk-10-mm-1-tk\/\"]}]},{\"@type\":\"ImageObject\",\"inLanguage\":\"fi\",\"@id\":\"https:\/\/www.plaadimehed.ee\/product\/genesis-brushed-copper-liistu-nurgatukk-10-mm-1-tk\/#primaryimage\",\"url\":\"https:\/\/www.plaadimehed.ee\/wp-content\/uploads\/2025\/06\/Brushed-Copper-nurk-1.png\",\"contentUrl\":\"https:\/\/www.plaadimehed.ee\/wp-content\/uploads\/2025\/06\/Brushed-Copper-nurk-1.png\",\"width\":300,\"height\":288,\"caption\":\"Genesis nurgat\u00fckk Brushed Copper\"},{\"@type\":\"BreadcrumbList\",\"@id\":\"https:\/\/www.plaadimehed.ee\/product\/genesis-brushed-copper-liistu-nurgatukk-10-mm-1-tk\/#breadcrumb\",\"itemListElement\":[{\"@type\":\"ListItem\",\"position\":1,\"name\":\"Home\",\"item\":\"https:\/\/www.plaadimehed.ee\/fi\/\"},{\"@type\":\"ListItem\",\"position\":2,\"name\":\"Verkkokauppa\",\"item\":\"https:\/\/www.plaadimehed.ee\/fi\/shop\/\"},{\"@type\":\"ListItem\",\"position\":3,\"name\":\"Genesis Brushed Copper liistu nurgat\u00fckk 10 mm 1 tk\"}]},{\"@type\":\"WebSite\",\"@id\":\"https:\/\/www.plaadimehed.ee\/#website\",\"url\":\"https:\/\/www.plaadimehed.ee\/\",\"name\":\"Plaadimehed\",\"description\":\"Plaatimist\u00f6\u00f6deks vajalikud tarvikud ja t\u00f6\u00f6riistad\",\"publisher\":{\"@id\":\"https:\/\/www.plaadimehed.ee\/#organization\"},\"potentialAction\":[{\"@type\":\"SearchAction\",\"target\":{\"@type\":\"EntryPoint\",\"urlTemplate\":\"https:\/\/www.plaadimehed.ee\/?s={search_term_string}\"},\"query-input\":{\"@type\":\"PropertyValueSpecification\",\"valueRequired\":true,\"valueName\":\"search_term_string\"}}],\"inLanguage\":\"fi\"},{\"@type\":\"Organization\",\"@id\":\"https:\/\/www.plaadimehed.ee\/#organization\",\"name\":\"Plaadimehed\",\"url\":\"https:\/\/www.plaadimehed.ee\/\",\"logo\":{\"@type\":\"ImageObject\",\"inLanguage\":\"fi\",\"@id\":\"https:\/\/www.plaadimehed.ee\/#\/schema\/logo\/image\/\",\"url\":\"https:\/\/www.plaadimehed.ee\/wp-content\/uploads\/2024\/05\/plaadimehed-logo.svg\",\"contentUrl\":\"https:\/\/www.plaadimehed.ee\/wp-content\/uploads\/2024\/05\/plaadimehed-logo.svg\",\"width\":266,\"height\":72,\"caption\":\"Plaadimehed\"},\"image\":{\"@id\":\"https:\/\/www.plaadimehed.ee\/#\/schema\/logo\/image\/\"}}]}<\/script>\n<!-- \/ Yoast SEO plugin. -->","yoast_head_json":{"title":"Genesis Brushed Copper liistu nurgat\u00fckk 10 mm 1 tk - Plaadimehed","description":"Genesis Brushed copper nurgaliistu l\u00f5put\u00fckk kandiline 10\u00d710 mm. Sobib h\u00e4sti n\u00e4htavatesse kohtadesse. J\u00e4tab kvaliteetse tulemuse.","robots":{"index":"index","follow":"follow","max-snippet":"max-snippet:-1","max-image-preview":"max-image-preview:large","max-video-preview":"max-video-preview:-1"},"canonical":"https:\/\/www.plaadimehed.ee\/product\/genesis-brushed-copper-liistu-nurgatukk-10-mm-1-tk\/","og_locale":"fi_FI","og_type":"article","og_title":"Genesis Brushed Copper liistu nurgat\u00fckk","og_description":"Genesis Brushed copper nurgaliistu l\u00f5put\u00fckk kandiline 10\u00d710 mm. Sobib h\u00e4sti n\u00e4htavatesse kohtadesse. J\u00e4tab kvaliteetse tulemuse.","og_url":"https:\/\/www.plaadimehed.ee\/product\/genesis-brushed-copper-liistu-nurgatukk-10-mm-1-tk\/","og_site_name":"Plaadimehed","article_modified_time":"2025-07-15T11:44:52+00:00","og_image":[{"width":300,"height":288,"url":"https:\/\/www.plaadimehed.ee\/wp-content\/uploads\/2025\/06\/Brushed-Copper-nurk-1.png","type":"image\/png"}],"twitter_card":"summary_large_image","twitter_misc":{"Arvioitu lukuaika":"1 minuutti"},"schema":{"@context":"https:\/\/schema.org","@graph":[{"@type":"WebPage","@id":"https:\/\/www.plaadimehed.ee\/product\/genesis-brushed-copper-liistu-nurgatukk-10-mm-1-tk\/","url":"https:\/\/www.plaadimehed.ee\/product\/genesis-brushed-copper-liistu-nurgatukk-10-mm-1-tk\/","name":"Genesis Brushed Copper liistu nurgat\u00fckk 10 mm 1 tk - Plaadimehed","isPartOf":{"@id":"https:\/\/www.plaadimehed.ee\/#website"},"primaryImageOfPage":{"@id":"https:\/\/www.plaadimehed.ee\/product\/genesis-brushed-copper-liistu-nurgatukk-10-mm-1-tk\/#primaryimage"},"image":{"@id":"https:\/\/www.plaadimehed.ee\/product\/genesis-brushed-copper-liistu-nurgatukk-10-mm-1-tk\/#primaryimage"},"thumbnailUrl":"https:\/\/www.plaadimehed.ee\/wp-content\/uploads\/2025\/06\/Brushed-Copper-nurk-1.png","datePublished":"2025-06-18T11:36:03+00:00","dateModified":"2025-07-15T11:44:52+00:00","description":"Genesis Brushed copper nurgaliistu l\u00f5put\u00fckk kandiline 10\u00d710 mm. Sobib h\u00e4sti n\u00e4htavatesse kohtadesse. J\u00e4tab kvaliteetse tulemuse.","breadcrumb":{"@id":"https:\/\/www.plaadimehed.ee\/product\/genesis-brushed-copper-liistu-nurgatukk-10-mm-1-tk\/#breadcrumb"},"inLanguage":"fi","potentialAction":[{"@type":"ReadAction","target":["https:\/\/www.plaadimehed.ee\/product\/genesis-brushed-copper-liistu-nurgatukk-10-mm-1-tk\/"]}]},{"@type":"ImageObject","inLanguage":"fi","@id":"https:\/\/www.plaadimehed.ee\/product\/genesis-brushed-copper-liistu-nurgatukk-10-mm-1-tk\/#primaryimage","url":"https:\/\/www.plaadimehed.ee\/wp-content\/uploads\/2025\/06\/Brushed-Copper-nurk-1.png","contentUrl":"https:\/\/www.plaadimehed.ee\/wp-content\/uploads\/2025\/06\/Brushed-Copper-nurk-1.png","width":300,"height":288,"caption":"Genesis nurgat\u00fckk Brushed Copper"},{"@type":"BreadcrumbList","@id":"https:\/\/www.plaadimehed.ee\/product\/genesis-brushed-copper-liistu-nurgatukk-10-mm-1-tk\/#breadcrumb","itemListElement":[{"@type":"ListItem","position":1,"name":"Home","item":"https:\/\/www.plaadimehed.ee\/fi\/"},{"@type":"ListItem","position":2,"name":"Verkkokauppa","item":"https:\/\/www.plaadimehed.ee\/fi\/shop\/"},{"@type":"ListItem","position":3,"name":"Genesis Brushed Copper liistu nurgat\u00fckk 10 mm 1 tk"}]},{"@type":"WebSite","@id":"https:\/\/www.plaadimehed.ee\/#website","url":"https:\/\/www.plaadimehed.ee\/","name":"Plaadimehed","description":"Plaatimist\u00f6\u00f6deks vajalikud tarvikud ja t\u00f6\u00f6riistad","publisher":{"@id":"https:\/\/www.plaadimehed.ee\/#organization"},"potentialAction":[{"@type":"SearchAction","target":{"@type":"EntryPoint","urlTemplate":"https:\/\/www.plaadimehed.ee\/?s={search_term_string}"},"query-input":{"@type":"PropertyValueSpecification","valueRequired":true,"valueName":"search_term_string"}}],"inLanguage":"fi"},{"@type":"Organization","@id":"https:\/\/www.plaadimehed.ee\/#organization","name":"Plaadimehed","url":"https:\/\/www.plaadimehed.ee\/","logo":{"@type":"ImageObject","inLanguage":"fi","@id":"https:\/\/www.plaadimehed.ee\/#\/schema\/logo\/image\/","url":"https:\/\/www.plaadimehed.ee\/wp-content\/uploads\/2024\/05\/plaadimehed-logo.svg","contentUrl":"https:\/\/www.plaadimehed.ee\/wp-content\/uploads\/2024\/05\/plaadimehed-logo.svg","width":266,"height":72,"caption":"Plaadimehed"},"image":{"@id":"https:\/\/www.plaadimehed.ee\/#\/schema\/logo\/image\/"}}]}},"_links":{"self":[{"href":"https:\/\/www.plaadimehed.ee\/fi\/wp-json\/wp\/v2\/product\/15046","targetHints":{"allow":["GET"]}}],"collection":[{"href":"https:\/\/www.plaadimehed.ee\/fi\/wp-json\/wp\/v2\/product"}],"about":[{"href":"https:\/\/www.plaadimehed.ee\/fi\/wp-json\/wp\/v2\/types\/product"}],"wp:featuredmedia":[{"embeddable":true,"href":"https:\/\/www.plaadimehed.ee\/fi\/wp-json\/wp\/v2\/media\/15049"}],"wp:attachment":[{"href":"https:\/\/www.plaadimehed.ee\/fi\/wp-json\/wp\/v2\/media?parent=15046"}],"wp:term":[{"taxonomy":"product_brand","embeddable":true,"href":"https:\/\/www.plaadimehed.ee\/fi\/wp-json\/wp\/v2\/product_brand?post=15046"},{"taxonomy":"product_cat","embeddable":true,"href":"https:\/\/www.plaadimehed.ee\/fi\/wp-json\/wp\/v2\/product_cat?post=15046"},{"taxonomy":"product_tag","embeddable":true,"href":"https:\/\/www.plaadimehed.ee\/fi\/wp-json\/wp\/v2\/product_tag?post=15046"}],"curies":[{"name":"wp","href":"https:\/\/api.w.org\/{rel}","templated":true}]}}