{"id":152,"date":"2021-05-21T17:56:41","date_gmt":"2021-05-21T15:56:41","guid":{"rendered":"https:\/\/www.plaadimehed.ee\/?post_type=product&#038;p=152"},"modified":"2026-03-11T18:08:16","modified_gmt":"2026-03-11T16:08:16","slug":"bihui-b-speedy-teemantketas-o-125-mm","status":"publish","type":"product","link":"https:\/\/www.plaadimehed.ee\/fi\/product\/bihui-b-speedy-teemantketas-o-125-mm\/","title":{"rendered":"BIHUI\u00ae B-Speedy teemantketas \u00d8 125 mm"},"content":{"rendered":"<p>\u25cf Teemantketas plaatide l\u00f5ikamiseks: portselanist plaadid, keraamilised plaadid jne.<br \/>\n\u25cf Kasutamiseks kuivalt ja m\u00e4rjalt l\u00f5ikamiseks<br \/>\n\u25cf Teemantkettal t\u00e4ielik 10 mm laiune pidev teemant l\u00f5ikepind<br \/>\n\u25cf \u00d5huke 1.2 mm ketta paksus, tagab v\u00e4hem tolmu kiireteks l\u00f5igeteks<br \/>\n\u25cf Keskava on tugevdatud 55 mm topelt \u00e4\u00e4rikuga<br \/>\n\u25cf Kasutamiseks koos nurklihvijaga<br \/>\n\u25cf EN13236 Max 12250 RPM 80 M\/S<br \/>\n\u25cf Ketta m\u00f5\u00f5dud 125 x 22.23 x 10 mm<\/p>\n<p><img loading=\"lazy\" decoding=\"async\" class=\"alignnone wp-image-135\" src=\"https:\/\/www.plaadimehed.ee\/wp-content\/uploads\/2021\/05\/bdf-logo.png\" alt=\"\" width=\"35\" height=\"35\" srcset=\"https:\/\/www.plaadimehed.ee\/wp-content\/uploads\/2021\/05\/bdf-logo.png 225w, https:\/\/www.plaadimehed.ee\/wp-content\/uploads\/2021\/05\/bdf-logo-100x100.png 100w, https:\/\/www.plaadimehed.ee\/wp-content\/uploads\/2021\/05\/bdf-logo-150x150.png 150w\" sizes=\"auto, (max-width: 35px) 100vw, 35px\" \/><a href=\"https:\/\/www.plaadimehed.ee\/wp-content\/uploads\/2021\/05\/Bihui-B-speedy-teemantketas-125-lisa-infoga.pdf\">Bihui B-Speedy teemantketas 125 mm tooteinfo<\/a><\/p>\n","protected":false},"excerpt":{"rendered":"<p>Teemantketas plaatide l\u00f5ikamiseks: portselanist plaadid, keraamilised plaadid jne.<\/p>\n<p><img loading=\"lazy\" decoding=\"async\" class=\"wp-image-2118 alignnone\" src=\"https:\/\/www.plaadimehed.ee\/wp-content\/uploads\/2021\/06\/no-grinding-ja-45-300x196.png\" alt=\"\" width=\"58\" height=\"38\" srcset=\"https:\/\/www.plaadimehed.ee\/wp-content\/uploads\/2021\/06\/no-grinding-ja-45-300x196.png 300w, https:\/\/www.plaadimehed.ee\/wp-content\/uploads\/2021\/06\/no-grinding-ja-45-600x391.png 600w, https:\/\/www.plaadimehed.ee\/wp-content\/uploads\/2021\/06\/no-grinding-ja-45-768x501.png 768w, https:\/\/www.plaadimehed.ee\/wp-content\/uploads\/2021\/06\/no-grinding-ja-45.png 920w\" sizes=\"auto, (max-width: 58px) 100vw, 58px\" \/><strong>\u00c4ra kasuta ketast lihvimiseks ja faasimiseks!<\/strong><\/p>\n","protected":false},"featured_media":11407,"template":"","meta":{"_acf_changed":false},"product_brand":[26],"product_cat":[283],"product_tag":[],"class_list":{"0":"post-152","1":"product","2":"type-product","3":"status-publish","4":"has-post-thumbnail","6":"product_brand-bihui","7":"product_cat-loikekettad","9":"first","10":"instock","11":"taxable","12":"shipping-taxable","13":"purchasable","14":"product-type-simple"},"acf":[],"yoast_head":"<!-- This site is optimized with the Yoast SEO plugin v27.0 - https:\/\/yoast.com\/product\/yoast-seo-wordpress\/ -->\n<title>BIHUI\u00ae B-Speedy teemantketas \u00d8 125 mm - Plaadimehed<\/title>\n<meta name=\"robots\" content=\"index, follow, max-snippet:-1, max-image-preview:large, max-video-preview:-1\" \/>\n<link rel=\"canonical\" href=\"https:\/\/www.plaadimehed.ee\/product\/bihui-b-speedy-teemantketas-o-125-mm\/\" \/>\n<meta property=\"og:locale\" content=\"fi_FI\" \/>\n<meta property=\"og:type\" content=\"article\" \/>\n<meta property=\"og:title\" content=\"BIHUI\u00ae B-Speedy teemantketas \u00d8 125 mm - Plaadimehed\" \/>\n<meta property=\"og:description\" content=\"Teemantketas plaatide l\u00f5ikamiseks: portselanist plaadid, keraamilised plaadid jne.  \u00c4ra kasuta ketast lihvimiseks ja faasimiseks!\" \/>\n<meta property=\"og:url\" content=\"https:\/\/www.plaadimehed.ee\/product\/bihui-b-speedy-teemantketas-o-125-mm\/\" \/>\n<meta property=\"og:site_name\" content=\"Plaadimehed\" \/>\n<meta property=\"article:modified_time\" content=\"2026-03-11T16:08:16+00:00\" \/>\n<meta property=\"og:image\" content=\"https:\/\/www.plaadimehed.ee\/wp-content\/uploads\/2024\/02\/Untitled-design-5.png\" \/>\n\t<meta property=\"og:image:width\" content=\"1080\" \/>\n\t<meta property=\"og:image:height\" content=\"1080\" \/>\n\t<meta property=\"og:image:type\" content=\"image\/png\" \/>\n<meta name=\"twitter:card\" content=\"summary_large_image\" \/>\n<meta name=\"twitter:label1\" content=\"Arvioitu lukuaika\" \/>\n\t<meta name=\"twitter:data1\" content=\"1 minuutti\" \/>\n<script type=\"application\/ld+json\" class=\"yoast-schema-graph\">{\"@context\":\"https:\/\/schema.org\",\"@graph\":[{\"@type\":\"WebPage\",\"@id\":\"https:\/\/www.plaadimehed.ee\/product\/bihui-b-speedy-teemantketas-o-125-mm\/\",\"url\":\"https:\/\/www.plaadimehed.ee\/product\/bihui-b-speedy-teemantketas-o-125-mm\/\",\"name\":\"BIHUI\u00ae B-Speedy teemantketas \u00d8 125 mm - Plaadimehed\",\"isPartOf\":{\"@id\":\"https:\/\/www.plaadimehed.ee\/#website\"},\"primaryImageOfPage\":{\"@id\":\"https:\/\/www.plaadimehed.ee\/product\/bihui-b-speedy-teemantketas-o-125-mm\/#primaryimage\"},\"image\":{\"@id\":\"https:\/\/www.plaadimehed.ee\/product\/bihui-b-speedy-teemantketas-o-125-mm\/#primaryimage\"},\"thumbnailUrl\":\"https:\/\/www.plaadimehed.ee\/wp-content\/uploads\/2024\/02\/Untitled-design-5.png\",\"datePublished\":\"2021-05-21T15:56:41+00:00\",\"dateModified\":\"2026-03-11T16:08:16+00:00\",\"breadcrumb\":{\"@id\":\"https:\/\/www.plaadimehed.ee\/product\/bihui-b-speedy-teemantketas-o-125-mm\/#breadcrumb\"},\"inLanguage\":\"fi\",\"potentialAction\":[{\"@type\":\"ReadAction\",\"target\":[\"https:\/\/www.plaadimehed.ee\/product\/bihui-b-speedy-teemantketas-o-125-mm\/\"]}]},{\"@type\":\"ImageObject\",\"inLanguage\":\"fi\",\"@id\":\"https:\/\/www.plaadimehed.ee\/product\/bihui-b-speedy-teemantketas-o-125-mm\/#primaryimage\",\"url\":\"https:\/\/www.plaadimehed.ee\/wp-content\/uploads\/2024\/02\/Untitled-design-5.png\",\"contentUrl\":\"https:\/\/www.plaadimehed.ee\/wp-content\/uploads\/2024\/02\/Untitled-design-5.png\",\"width\":1080,\"height\":1080,\"caption\":\"Soodne ja kvaliteetne teemantketas\"},{\"@type\":\"BreadcrumbList\",\"@id\":\"https:\/\/www.plaadimehed.ee\/product\/bihui-b-speedy-teemantketas-o-125-mm\/#breadcrumb\",\"itemListElement\":[{\"@type\":\"ListItem\",\"position\":1,\"name\":\"Home\",\"item\":\"https:\/\/www.plaadimehed.ee\/fi\/\"},{\"@type\":\"ListItem\",\"position\":2,\"name\":\"Verkkokauppa\",\"item\":\"https:\/\/www.plaadimehed.ee\/fi\/shop\/\"},{\"@type\":\"ListItem\",\"position\":3,\"name\":\"BIHUI\u00ae B-Speedy teemantketas \u00d8 125 mm\"}]},{\"@type\":\"WebSite\",\"@id\":\"https:\/\/www.plaadimehed.ee\/#website\",\"url\":\"https:\/\/www.plaadimehed.ee\/\",\"name\":\"Plaadimehed\",\"description\":\"Plaatimist\u00f6\u00f6deks vajalikud tarvikud ja t\u00f6\u00f6riistad\",\"publisher\":{\"@id\":\"https:\/\/www.plaadimehed.ee\/#organization\"},\"potentialAction\":[{\"@type\":\"SearchAction\",\"target\":{\"@type\":\"EntryPoint\",\"urlTemplate\":\"https:\/\/www.plaadimehed.ee\/?s={search_term_string}\"},\"query-input\":{\"@type\":\"PropertyValueSpecification\",\"valueRequired\":true,\"valueName\":\"search_term_string\"}}],\"inLanguage\":\"fi\"},{\"@type\":\"Organization\",\"@id\":\"https:\/\/www.plaadimehed.ee\/#organization\",\"name\":\"Plaadimehed\",\"url\":\"https:\/\/www.plaadimehed.ee\/\",\"logo\":{\"@type\":\"ImageObject\",\"inLanguage\":\"fi\",\"@id\":\"https:\/\/www.plaadimehed.ee\/#\/schema\/logo\/image\/\",\"url\":\"https:\/\/www.plaadimehed.ee\/wp-content\/uploads\/2024\/05\/plaadimehed-logo.svg\",\"contentUrl\":\"https:\/\/www.plaadimehed.ee\/wp-content\/uploads\/2024\/05\/plaadimehed-logo.svg\",\"width\":266,\"height\":72,\"caption\":\"Plaadimehed\"},\"image\":{\"@id\":\"https:\/\/www.plaadimehed.ee\/#\/schema\/logo\/image\/\"}}]}<\/script>\n<!-- \/ Yoast SEO plugin. -->","yoast_head_json":{"title":"BIHUI\u00ae B-Speedy teemantketas \u00d8 125 mm - Plaadimehed","robots":{"index":"index","follow":"follow","max-snippet":"max-snippet:-1","max-image-preview":"max-image-preview:large","max-video-preview":"max-video-preview:-1"},"canonical":"https:\/\/www.plaadimehed.ee\/product\/bihui-b-speedy-teemantketas-o-125-mm\/","og_locale":"fi_FI","og_type":"article","og_title":"BIHUI\u00ae B-Speedy teemantketas \u00d8 125 mm - Plaadimehed","og_description":"Teemantketas plaatide l\u00f5ikamiseks: portselanist plaadid, keraamilised plaadid jne.  \u00c4ra kasuta ketast lihvimiseks ja faasimiseks!","og_url":"https:\/\/www.plaadimehed.ee\/product\/bihui-b-speedy-teemantketas-o-125-mm\/","og_site_name":"Plaadimehed","article_modified_time":"2026-03-11T16:08:16+00:00","og_image":[{"width":1080,"height":1080,"url":"https:\/\/www.plaadimehed.ee\/wp-content\/uploads\/2024\/02\/Untitled-design-5.png","type":"image\/png"}],"twitter_card":"summary_large_image","twitter_misc":{"Arvioitu lukuaika":"1 minuutti"},"schema":{"@context":"https:\/\/schema.org","@graph":[{"@type":"WebPage","@id":"https:\/\/www.plaadimehed.ee\/product\/bihui-b-speedy-teemantketas-o-125-mm\/","url":"https:\/\/www.plaadimehed.ee\/product\/bihui-b-speedy-teemantketas-o-125-mm\/","name":"BIHUI\u00ae B-Speedy teemantketas \u00d8 125 mm - Plaadimehed","isPartOf":{"@id":"https:\/\/www.plaadimehed.ee\/#website"},"primaryImageOfPage":{"@id":"https:\/\/www.plaadimehed.ee\/product\/bihui-b-speedy-teemantketas-o-125-mm\/#primaryimage"},"image":{"@id":"https:\/\/www.plaadimehed.ee\/product\/bihui-b-speedy-teemantketas-o-125-mm\/#primaryimage"},"thumbnailUrl":"https:\/\/www.plaadimehed.ee\/wp-content\/uploads\/2024\/02\/Untitled-design-5.png","datePublished":"2021-05-21T15:56:41+00:00","dateModified":"2026-03-11T16:08:16+00:00","breadcrumb":{"@id":"https:\/\/www.plaadimehed.ee\/product\/bihui-b-speedy-teemantketas-o-125-mm\/#breadcrumb"},"inLanguage":"fi","potentialAction":[{"@type":"ReadAction","target":["https:\/\/www.plaadimehed.ee\/product\/bihui-b-speedy-teemantketas-o-125-mm\/"]}]},{"@type":"ImageObject","inLanguage":"fi","@id":"https:\/\/www.plaadimehed.ee\/product\/bihui-b-speedy-teemantketas-o-125-mm\/#primaryimage","url":"https:\/\/www.plaadimehed.ee\/wp-content\/uploads\/2024\/02\/Untitled-design-5.png","contentUrl":"https:\/\/www.plaadimehed.ee\/wp-content\/uploads\/2024\/02\/Untitled-design-5.png","width":1080,"height":1080,"caption":"Soodne ja kvaliteetne teemantketas"},{"@type":"BreadcrumbList","@id":"https:\/\/www.plaadimehed.ee\/product\/bihui-b-speedy-teemantketas-o-125-mm\/#breadcrumb","itemListElement":[{"@type":"ListItem","position":1,"name":"Home","item":"https:\/\/www.plaadimehed.ee\/fi\/"},{"@type":"ListItem","position":2,"name":"Verkkokauppa","item":"https:\/\/www.plaadimehed.ee\/fi\/shop\/"},{"@type":"ListItem","position":3,"name":"BIHUI\u00ae B-Speedy teemantketas \u00d8 125 mm"}]},{"@type":"WebSite","@id":"https:\/\/www.plaadimehed.ee\/#website","url":"https:\/\/www.plaadimehed.ee\/","name":"Plaadimehed","description":"Plaatimist\u00f6\u00f6deks vajalikud tarvikud ja t\u00f6\u00f6riistad","publisher":{"@id":"https:\/\/www.plaadimehed.ee\/#organization"},"potentialAction":[{"@type":"SearchAction","target":{"@type":"EntryPoint","urlTemplate":"https:\/\/www.plaadimehed.ee\/?s={search_term_string}"},"query-input":{"@type":"PropertyValueSpecification","valueRequired":true,"valueName":"search_term_string"}}],"inLanguage":"fi"},{"@type":"Organization","@id":"https:\/\/www.plaadimehed.ee\/#organization","name":"Plaadimehed","url":"https:\/\/www.plaadimehed.ee\/","logo":{"@type":"ImageObject","inLanguage":"fi","@id":"https:\/\/www.plaadimehed.ee\/#\/schema\/logo\/image\/","url":"https:\/\/www.plaadimehed.ee\/wp-content\/uploads\/2024\/05\/plaadimehed-logo.svg","contentUrl":"https:\/\/www.plaadimehed.ee\/wp-content\/uploads\/2024\/05\/plaadimehed-logo.svg","width":266,"height":72,"caption":"Plaadimehed"},"image":{"@id":"https:\/\/www.plaadimehed.ee\/#\/schema\/logo\/image\/"}}]}},"_links":{"self":[{"href":"https:\/\/www.plaadimehed.ee\/fi\/wp-json\/wp\/v2\/product\/152","targetHints":{"allow":["GET"]}}],"collection":[{"href":"https:\/\/www.plaadimehed.ee\/fi\/wp-json\/wp\/v2\/product"}],"about":[{"href":"https:\/\/www.plaadimehed.ee\/fi\/wp-json\/wp\/v2\/types\/product"}],"wp:featuredmedia":[{"embeddable":true,"href":"https:\/\/www.plaadimehed.ee\/fi\/wp-json\/wp\/v2\/media\/11407"}],"wp:attachment":[{"href":"https:\/\/www.plaadimehed.ee\/fi\/wp-json\/wp\/v2\/media?parent=152"}],"wp:term":[{"taxonomy":"product_brand","embeddable":true,"href":"https:\/\/www.plaadimehed.ee\/fi\/wp-json\/wp\/v2\/product_brand?post=152"},{"taxonomy":"product_cat","embeddable":true,"href":"https:\/\/www.plaadimehed.ee\/fi\/wp-json\/wp\/v2\/product_cat?post=152"},{"taxonomy":"product_tag","embeddable":true,"href":"https:\/\/www.plaadimehed.ee\/fi\/wp-json\/wp\/v2\/product_tag?post=152"}],"curies":[{"name":"wp","href":"https:\/\/api.w.org\/{rel}","templated":true}]}}