{"id":15275,"date":"2025-07-08T09:03:13","date_gmt":"2025-07-08T07:03:13","guid":{"rendered":"https:\/\/www.plaadimehed.ee\/?post_type=product&#038;p=15275"},"modified":"2025-10-27T14:09:07","modified_gmt":"2025-10-27T12:09:07","slug":"valisnurga-taitmise-komplekt-aplikaator-spaatel","status":"publish","type":"product","link":"https:\/\/www.plaadimehed.ee\/fi\/product\/valisnurga-taitmise-komplekt-aplikaator-spaatel\/","title":{"rendered":"V\u00e4lisnurga t\u00e4itmise komplekt aplikaator + spaatel"},"content":{"rendered":"<p>Prinditud kvaliteetsest plastikust 3D tehnoloogia abil.<\/p>\n","protected":false},"excerpt":{"rendered":"<p>Plaadi v\u00e4lisservade viimistlus t\u00f6\u00f6riist<\/p>\n<p>\u25cf Plaadi v\u00e4lisservade viimistlus aplikaator<br \/>\n\u25cf Komplekti kuuluvad:\u00a0 spaatel ja v\u00e4lisnurga aplikaator\/kellu<br \/>\n\u25cf T\u00f6\u00f6riistad on lahustikindlad ja valmistatud 3D-printimise tehnoloogia abil<br \/>\n\u25cf M\u00f5eldud epoksiid v\u00f5i kivipahtli paigaldamiseks<\/p>\n","protected":false},"featured_media":15280,"template":"","meta":{"_acf_changed":false},"product_brand":[96],"product_cat":[30,59],"product_tag":[],"class_list":{"0":"post-15275","1":"product","2":"type-product","3":"status-publish","4":"has-post-thumbnail","6":"product_brand-plaadimehed","7":"product_cat-plaatimistooriistad","8":"product_cat-valisnurgaseadmed","10":"first","11":"instock","12":"taxable","13":"shipping-taxable","14":"purchasable","15":"product-type-simple"},"acf":[],"yoast_head":"<!-- This site is optimized with the Yoast SEO plugin v27.0 - https:\/\/yoast.com\/product\/yoast-seo-wordpress\/ -->\n<title>V\u00e4lisnurga t\u00e4itmise komplekt aplikaator + spaatel Plaadimehed<\/title>\n<meta name=\"description\" content=\"V\u00e4lisnurga t\u00e4itmise aplikaator. 3D tehnoloogiaga prinditud plastikust v\u00e4lisnurgakellu. Eposkidi ja kivipahtlite paigaldamiseks.\" \/>\n<meta name=\"robots\" content=\"index, follow, max-snippet:-1, max-image-preview:large, max-video-preview:-1\" \/>\n<link rel=\"canonical\" href=\"https:\/\/www.plaadimehed.ee\/product\/valisnurga-taitmise-komplekt-aplikaator-spaatel\/\" \/>\n<meta property=\"og:locale\" content=\"fi_FI\" \/>\n<meta property=\"og:type\" content=\"article\" \/>\n<meta property=\"og:title\" content=\"V\u00e4lisnurga t\u00e4itmise komplekt aplikaator + spaatel\" \/>\n<meta property=\"og:description\" content=\"V\u00e4lisnurga t\u00e4itmise aplikaator.\" \/>\n<meta property=\"og:url\" content=\"https:\/\/www.plaadimehed.ee\/product\/valisnurga-taitmise-komplekt-aplikaator-spaatel\/\" \/>\n<meta property=\"og:site_name\" content=\"Plaadimehed\" \/>\n<meta property=\"article:modified_time\" content=\"2025-10-27T12:09:07+00:00\" \/>\n<meta name=\"twitter:card\" content=\"summary_large_image\" \/>\n<meta name=\"twitter:image\" content=\"https:\/\/www.plaadimehed.ee\/wp-content\/uploads\/2025\/07\/Valisnurga-aplikaator-ja-spaatel-1-scaled.png\" \/>\n<meta name=\"twitter:label1\" content=\"Arvioitu lukuaika\" \/>\n\t<meta name=\"twitter:data1\" content=\"1 minuutti\" \/>\n<script type=\"application\/ld+json\" class=\"yoast-schema-graph\">{\"@context\":\"https:\/\/schema.org\",\"@graph\":[{\"@type\":\"WebPage\",\"@id\":\"https:\/\/www.plaadimehed.ee\/product\/valisnurga-taitmise-komplekt-aplikaator-spaatel\/\",\"url\":\"https:\/\/www.plaadimehed.ee\/product\/valisnurga-taitmise-komplekt-aplikaator-spaatel\/\",\"name\":\"V\u00e4lisnurga t\u00e4itmise komplekt aplikaator + spaatel Plaadimehed\",\"isPartOf\":{\"@id\":\"https:\/\/www.plaadimehed.ee\/#website\"},\"primaryImageOfPage\":{\"@id\":\"https:\/\/www.plaadimehed.ee\/product\/valisnurga-taitmise-komplekt-aplikaator-spaatel\/#primaryimage\"},\"image\":{\"@id\":\"https:\/\/www.plaadimehed.ee\/product\/valisnurga-taitmise-komplekt-aplikaator-spaatel\/#primaryimage\"},\"thumbnailUrl\":\"https:\/\/www.plaadimehed.ee\/wp-content\/uploads\/2025\/07\/Valisnurga-aplikaator-ja-spaatel-1-scaled.png\",\"datePublished\":\"2025-07-08T07:03:13+00:00\",\"dateModified\":\"2025-10-27T12:09:07+00:00\",\"description\":\"V\u00e4lisnurga t\u00e4itmise aplikaator. 3D tehnoloogiaga prinditud plastikust v\u00e4lisnurgakellu. Eposkidi ja kivipahtlite paigaldamiseks.\",\"breadcrumb\":{\"@id\":\"https:\/\/www.plaadimehed.ee\/product\/valisnurga-taitmise-komplekt-aplikaator-spaatel\/#breadcrumb\"},\"inLanguage\":\"fi\",\"potentialAction\":[{\"@type\":\"ReadAction\",\"target\":[\"https:\/\/www.plaadimehed.ee\/product\/valisnurga-taitmise-komplekt-aplikaator-spaatel\/\"]}]},{\"@type\":\"ImageObject\",\"inLanguage\":\"fi\",\"@id\":\"https:\/\/www.plaadimehed.ee\/product\/valisnurga-taitmise-komplekt-aplikaator-spaatel\/#primaryimage\",\"url\":\"https:\/\/www.plaadimehed.ee\/wp-content\/uploads\/2025\/07\/Valisnurga-aplikaator-ja-spaatel-1-scaled.png\",\"contentUrl\":\"https:\/\/www.plaadimehed.ee\/wp-content\/uploads\/2025\/07\/Valisnurga-aplikaator-ja-spaatel-1-scaled.png\",\"width\":1920,\"height\":2560,\"caption\":\"V\u00e4lisnurha t\u00e4itmise aplikaator ja spaatel\"},{\"@type\":\"BreadcrumbList\",\"@id\":\"https:\/\/www.plaadimehed.ee\/product\/valisnurga-taitmise-komplekt-aplikaator-spaatel\/#breadcrumb\",\"itemListElement\":[{\"@type\":\"ListItem\",\"position\":1,\"name\":\"Home\",\"item\":\"https:\/\/www.plaadimehed.ee\/fi\/\"},{\"@type\":\"ListItem\",\"position\":2,\"name\":\"Verkkokauppa\",\"item\":\"https:\/\/www.plaadimehed.ee\/fi\/shop\/\"},{\"@type\":\"ListItem\",\"position\":3,\"name\":\"V\u00e4lisnurga t\u00e4itmise komplekt aplikaator + spaatel\"}]},{\"@type\":\"WebSite\",\"@id\":\"https:\/\/www.plaadimehed.ee\/#website\",\"url\":\"https:\/\/www.plaadimehed.ee\/\",\"name\":\"Plaadimehed\",\"description\":\"Plaatimist\u00f6\u00f6deks vajalikud tarvikud ja t\u00f6\u00f6riistad\",\"publisher\":{\"@id\":\"https:\/\/www.plaadimehed.ee\/#organization\"},\"potentialAction\":[{\"@type\":\"SearchAction\",\"target\":{\"@type\":\"EntryPoint\",\"urlTemplate\":\"https:\/\/www.plaadimehed.ee\/?s={search_term_string}\"},\"query-input\":{\"@type\":\"PropertyValueSpecification\",\"valueRequired\":true,\"valueName\":\"search_term_string\"}}],\"inLanguage\":\"fi\"},{\"@type\":\"Organization\",\"@id\":\"https:\/\/www.plaadimehed.ee\/#organization\",\"name\":\"Plaadimehed\",\"url\":\"https:\/\/www.plaadimehed.ee\/\",\"logo\":{\"@type\":\"ImageObject\",\"inLanguage\":\"fi\",\"@id\":\"https:\/\/www.plaadimehed.ee\/#\/schema\/logo\/image\/\",\"url\":\"https:\/\/www.plaadimehed.ee\/wp-content\/uploads\/2024\/05\/plaadimehed-logo.svg\",\"contentUrl\":\"https:\/\/www.plaadimehed.ee\/wp-content\/uploads\/2024\/05\/plaadimehed-logo.svg\",\"width\":266,\"height\":72,\"caption\":\"Plaadimehed\"},\"image\":{\"@id\":\"https:\/\/www.plaadimehed.ee\/#\/schema\/logo\/image\/\"}}]}<\/script>\n<!-- \/ Yoast SEO plugin. -->","yoast_head_json":{"title":"V\u00e4lisnurga t\u00e4itmise komplekt aplikaator + spaatel Plaadimehed","description":"V\u00e4lisnurga t\u00e4itmise aplikaator. 3D tehnoloogiaga prinditud plastikust v\u00e4lisnurgakellu. Eposkidi ja kivipahtlite paigaldamiseks.","robots":{"index":"index","follow":"follow","max-snippet":"max-snippet:-1","max-image-preview":"max-image-preview:large","max-video-preview":"max-video-preview:-1"},"canonical":"https:\/\/www.plaadimehed.ee\/product\/valisnurga-taitmise-komplekt-aplikaator-spaatel\/","og_locale":"fi_FI","og_type":"article","og_title":"V\u00e4lisnurga t\u00e4itmise komplekt aplikaator + spaatel","og_description":"V\u00e4lisnurga t\u00e4itmise aplikaator.","og_url":"https:\/\/www.plaadimehed.ee\/product\/valisnurga-taitmise-komplekt-aplikaator-spaatel\/","og_site_name":"Plaadimehed","article_modified_time":"2025-10-27T12:09:07+00:00","twitter_card":"summary_large_image","twitter_image":"https:\/\/www.plaadimehed.ee\/wp-content\/uploads\/2025\/07\/Valisnurga-aplikaator-ja-spaatel-1-scaled.png","twitter_misc":{"Arvioitu lukuaika":"1 minuutti"},"schema":{"@context":"https:\/\/schema.org","@graph":[{"@type":"WebPage","@id":"https:\/\/www.plaadimehed.ee\/product\/valisnurga-taitmise-komplekt-aplikaator-spaatel\/","url":"https:\/\/www.plaadimehed.ee\/product\/valisnurga-taitmise-komplekt-aplikaator-spaatel\/","name":"V\u00e4lisnurga t\u00e4itmise komplekt aplikaator + spaatel Plaadimehed","isPartOf":{"@id":"https:\/\/www.plaadimehed.ee\/#website"},"primaryImageOfPage":{"@id":"https:\/\/www.plaadimehed.ee\/product\/valisnurga-taitmise-komplekt-aplikaator-spaatel\/#primaryimage"},"image":{"@id":"https:\/\/www.plaadimehed.ee\/product\/valisnurga-taitmise-komplekt-aplikaator-spaatel\/#primaryimage"},"thumbnailUrl":"https:\/\/www.plaadimehed.ee\/wp-content\/uploads\/2025\/07\/Valisnurga-aplikaator-ja-spaatel-1-scaled.png","datePublished":"2025-07-08T07:03:13+00:00","dateModified":"2025-10-27T12:09:07+00:00","description":"V\u00e4lisnurga t\u00e4itmise aplikaator. 3D tehnoloogiaga prinditud plastikust v\u00e4lisnurgakellu. Eposkidi ja kivipahtlite paigaldamiseks.","breadcrumb":{"@id":"https:\/\/www.plaadimehed.ee\/product\/valisnurga-taitmise-komplekt-aplikaator-spaatel\/#breadcrumb"},"inLanguage":"fi","potentialAction":[{"@type":"ReadAction","target":["https:\/\/www.plaadimehed.ee\/product\/valisnurga-taitmise-komplekt-aplikaator-spaatel\/"]}]},{"@type":"ImageObject","inLanguage":"fi","@id":"https:\/\/www.plaadimehed.ee\/product\/valisnurga-taitmise-komplekt-aplikaator-spaatel\/#primaryimage","url":"https:\/\/www.plaadimehed.ee\/wp-content\/uploads\/2025\/07\/Valisnurga-aplikaator-ja-spaatel-1-scaled.png","contentUrl":"https:\/\/www.plaadimehed.ee\/wp-content\/uploads\/2025\/07\/Valisnurga-aplikaator-ja-spaatel-1-scaled.png","width":1920,"height":2560,"caption":"V\u00e4lisnurha t\u00e4itmise aplikaator ja spaatel"},{"@type":"BreadcrumbList","@id":"https:\/\/www.plaadimehed.ee\/product\/valisnurga-taitmise-komplekt-aplikaator-spaatel\/#breadcrumb","itemListElement":[{"@type":"ListItem","position":1,"name":"Home","item":"https:\/\/www.plaadimehed.ee\/fi\/"},{"@type":"ListItem","position":2,"name":"Verkkokauppa","item":"https:\/\/www.plaadimehed.ee\/fi\/shop\/"},{"@type":"ListItem","position":3,"name":"V\u00e4lisnurga t\u00e4itmise komplekt aplikaator + spaatel"}]},{"@type":"WebSite","@id":"https:\/\/www.plaadimehed.ee\/#website","url":"https:\/\/www.plaadimehed.ee\/","name":"Plaadimehed","description":"Plaatimist\u00f6\u00f6deks vajalikud tarvikud ja t\u00f6\u00f6riistad","publisher":{"@id":"https:\/\/www.plaadimehed.ee\/#organization"},"potentialAction":[{"@type":"SearchAction","target":{"@type":"EntryPoint","urlTemplate":"https:\/\/www.plaadimehed.ee\/?s={search_term_string}"},"query-input":{"@type":"PropertyValueSpecification","valueRequired":true,"valueName":"search_term_string"}}],"inLanguage":"fi"},{"@type":"Organization","@id":"https:\/\/www.plaadimehed.ee\/#organization","name":"Plaadimehed","url":"https:\/\/www.plaadimehed.ee\/","logo":{"@type":"ImageObject","inLanguage":"fi","@id":"https:\/\/www.plaadimehed.ee\/#\/schema\/logo\/image\/","url":"https:\/\/www.plaadimehed.ee\/wp-content\/uploads\/2024\/05\/plaadimehed-logo.svg","contentUrl":"https:\/\/www.plaadimehed.ee\/wp-content\/uploads\/2024\/05\/plaadimehed-logo.svg","width":266,"height":72,"caption":"Plaadimehed"},"image":{"@id":"https:\/\/www.plaadimehed.ee\/#\/schema\/logo\/image\/"}}]}},"_links":{"self":[{"href":"https:\/\/www.plaadimehed.ee\/fi\/wp-json\/wp\/v2\/product\/15275","targetHints":{"allow":["GET"]}}],"collection":[{"href":"https:\/\/www.plaadimehed.ee\/fi\/wp-json\/wp\/v2\/product"}],"about":[{"href":"https:\/\/www.plaadimehed.ee\/fi\/wp-json\/wp\/v2\/types\/product"}],"wp:featuredmedia":[{"embeddable":true,"href":"https:\/\/www.plaadimehed.ee\/fi\/wp-json\/wp\/v2\/media\/15280"}],"wp:attachment":[{"href":"https:\/\/www.plaadimehed.ee\/fi\/wp-json\/wp\/v2\/media?parent=15275"}],"wp:term":[{"taxonomy":"product_brand","embeddable":true,"href":"https:\/\/www.plaadimehed.ee\/fi\/wp-json\/wp\/v2\/product_brand?post=15275"},{"taxonomy":"product_cat","embeddable":true,"href":"https:\/\/www.plaadimehed.ee\/fi\/wp-json\/wp\/v2\/product_cat?post=15275"},{"taxonomy":"product_tag","embeddable":true,"href":"https:\/\/www.plaadimehed.ee\/fi\/wp-json\/wp\/v2\/product_tag?post=15275"}],"curies":[{"name":"wp","href":"https:\/\/api.w.org\/{rel}","templated":true}]}}