{"id":15398,"date":"2025-07-16T13:25:22","date_gmt":"2025-07-16T11:25:22","guid":{"rendered":"https:\/\/www.plaadimehed.ee\/?post_type=product&#038;p=15398"},"modified":"2025-10-13T07:58:00","modified_gmt":"2025-10-13T05:58:00","slug":"genesis-alumiinium-hobe-liist-vuugi-uleminekuliist","status":"publish","type":"product","link":"https:\/\/www.plaadimehed.ee\/fi\/product\/genesis-alumiinium-hobe-liist-vuugi-uleminekuliist\/","title":{"rendered":"Genesis alumiinium h\u00f5be liist vuugi\/\u00fcleminekuliist"},"content":{"rendered":"<p>Genesis pakub kvaliteetseid viimistlusprofiile ja plaatimisliiste, mis tagavd kauni, professionaalse ja vastupidava l\u00f5pptulemuse nii seintel, p\u00f5randatel kui ka treppidel. Valikus on erinevates toonides alumiiniumist ja roostevabast terasest plaatimise liistud ja\u00a0profiilid, mis sobivad kasutamiseks nii koduses interj\u00f6\u00f6ris kui ka n\u00f5udlikumatel \u00e4ripindadel.<\/p>\n<p>T\u00e4nu oma innovaatilisele l\u00e4henemisele, vastupidavusele ja esteetilisele disainile on Genesis tooted hinnatud nii professionaalsete plaatijate kui ka sisekujundajate seas.<\/p>\n<p>\u00dchendkuningriigis loodud Genesis tegutseb alates 1989. aastast ning nende tooted on kasutusel enam kui 70 riigis. Plaadimehed on Genesise esindaja Eestis.<\/p>\n<p><a href=\"https:\/\/www.genesis-gs.com\/\">Genesis ametlik koduleht<\/a><\/p>\n<p>&nbsp;<\/p>\n","protected":false},"excerpt":{"rendered":"<p>L\u00e4ikiv alumiiniumist h\u00f5be vuugi v\u00f5i \u00fcleminekuliist EDA 310.91<\/p>\n<p>\u25cf 3 mm paksune<br \/>\n\u25cf Alumiinium h\u00f5be vuugiliist<br \/>\n\u25cf Kasutamiseks erinevate materjalide eraldamiseks samal tasandil<br \/>\n\u25cf Erineva paksusega plaatidele<span class=\"Y2IQFc\" lang=\"et\"><br \/>\n\u25cf Pikkus 2,5 m<\/span><\/p>\n","protected":false},"featured_media":15399,"template":"","meta":{"_acf_changed":false},"product_brand":[95],"product_cat":[122,231,163],"product_tag":[],"class_list":{"0":"post-15398","1":"product","2":"type-product","3":"status-publish","4":"has-post-thumbnail","6":"product_brand-genesis","7":"product_cat-liistud-ja-profiilid","8":"product_cat-dekoorliistud","9":"product_cat-t-profiil","11":"first","12":"instock","13":"taxable","14":"shipping-taxable","15":"purchasable","16":"product-type-simple"},"acf":[],"yoast_head":"<!-- This site is optimized with the Yoast SEO plugin v27.0 - https:\/\/yoast.com\/product\/yoast-seo-wordpress\/ -->\n<title>Genesis alumiinium h\u00f5be liist vuugi\/\u00fcleminekuliist - Plaadimehed<\/title>\n<meta name=\"description\" content=\"Genesis 3mm alumiinimist, l\u00e4ikiv h\u00f5be \u00fcleminekuliist vuuki. M\u00f5eldud kasutamiseks materjalide \u00fcleminekul samal tasapinnal.\" \/>\n<meta name=\"robots\" content=\"index, follow, max-snippet:-1, max-image-preview:large, max-video-preview:-1\" \/>\n<link rel=\"canonical\" href=\"https:\/\/www.plaadimehed.ee\/product\/genesis-alumiinium-hobe-liist-vuugi-uleminekuliist\/\" \/>\n<meta property=\"og:locale\" content=\"fi_FI\" \/>\n<meta property=\"og:type\" content=\"article\" \/>\n<meta property=\"og:title\" content=\"Genesis alumiinium h\u00f5be liist vuugi\/\u00fcleminekuliist\" \/>\n<meta property=\"og:description\" content=\"Genesis 3mm alumiinimist, l\u00e4ikiv h\u00f5be \u00fcleminekuliist vuuki. M\u00f5eldud kasutamiseks materjalide \u00fcleminekul samal tasapinnal.\" \/>\n<meta property=\"og:url\" content=\"https:\/\/www.plaadimehed.ee\/product\/genesis-alumiinium-hobe-liist-vuugi-uleminekuliist\/\" \/>\n<meta property=\"og:site_name\" content=\"Plaadimehed\" \/>\n<meta property=\"article:modified_time\" content=\"2025-10-13T05:58:00+00:00\" \/>\n<meta property=\"og:image\" content=\"https:\/\/www.plaadimehed.ee\/wp-content\/uploads\/2025\/07\/Genesis-liist.jpg\" \/>\n\t<meta property=\"og:image:width\" content=\"750\" \/>\n\t<meta property=\"og:image:height\" content=\"725\" \/>\n\t<meta property=\"og:image:type\" content=\"image\/jpeg\" \/>\n<meta name=\"twitter:card\" content=\"summary_large_image\" \/>\n<meta name=\"twitter:label1\" content=\"Arvioitu lukuaika\" \/>\n\t<meta name=\"twitter:data1\" content=\"1 minuutti\" \/>\n<script type=\"application\/ld+json\" class=\"yoast-schema-graph\">{\"@context\":\"https:\/\/schema.org\",\"@graph\":[{\"@type\":\"WebPage\",\"@id\":\"https:\/\/www.plaadimehed.ee\/product\/genesis-alumiinium-hobe-liist-vuugi-uleminekuliist\/\",\"url\":\"https:\/\/www.plaadimehed.ee\/product\/genesis-alumiinium-hobe-liist-vuugi-uleminekuliist\/\",\"name\":\"Genesis alumiinium h\u00f5be liist vuugi\/\u00fcleminekuliist - Plaadimehed\",\"isPartOf\":{\"@id\":\"https:\/\/www.plaadimehed.ee\/#website\"},\"primaryImageOfPage\":{\"@id\":\"https:\/\/www.plaadimehed.ee\/product\/genesis-alumiinium-hobe-liist-vuugi-uleminekuliist\/#primaryimage\"},\"image\":{\"@id\":\"https:\/\/www.plaadimehed.ee\/product\/genesis-alumiinium-hobe-liist-vuugi-uleminekuliist\/#primaryimage\"},\"thumbnailUrl\":\"https:\/\/www.plaadimehed.ee\/wp-content\/uploads\/2025\/07\/Genesis-liist.jpg\",\"datePublished\":\"2025-07-16T11:25:22+00:00\",\"dateModified\":\"2025-10-13T05:58:00+00:00\",\"description\":\"Genesis 3mm alumiinimist, l\u00e4ikiv h\u00f5be \u00fcleminekuliist vuuki. M\u00f5eldud kasutamiseks materjalide \u00fcleminekul samal tasapinnal.\",\"breadcrumb\":{\"@id\":\"https:\/\/www.plaadimehed.ee\/product\/genesis-alumiinium-hobe-liist-vuugi-uleminekuliist\/#breadcrumb\"},\"inLanguage\":\"fi\",\"potentialAction\":[{\"@type\":\"ReadAction\",\"target\":[\"https:\/\/www.plaadimehed.ee\/product\/genesis-alumiinium-hobe-liist-vuugi-uleminekuliist\/\"]}]},{\"@type\":\"ImageObject\",\"inLanguage\":\"fi\",\"@id\":\"https:\/\/www.plaadimehed.ee\/product\/genesis-alumiinium-hobe-liist-vuugi-uleminekuliist\/#primaryimage\",\"url\":\"https:\/\/www.plaadimehed.ee\/wp-content\/uploads\/2025\/07\/Genesis-liist.jpg\",\"contentUrl\":\"https:\/\/www.plaadimehed.ee\/wp-content\/uploads\/2025\/07\/Genesis-liist.jpg\",\"width\":750,\"height\":725,\"caption\":\"Genesis alumiinium h\u00f5be liist vuugi\/\u00fcleminekuliist\"},{\"@type\":\"BreadcrumbList\",\"@id\":\"https:\/\/www.plaadimehed.ee\/product\/genesis-alumiinium-hobe-liist-vuugi-uleminekuliist\/#breadcrumb\",\"itemListElement\":[{\"@type\":\"ListItem\",\"position\":1,\"name\":\"Home\",\"item\":\"https:\/\/www.plaadimehed.ee\/fi\/\"},{\"@type\":\"ListItem\",\"position\":2,\"name\":\"Verkkokauppa\",\"item\":\"https:\/\/www.plaadimehed.ee\/fi\/shop\/\"},{\"@type\":\"ListItem\",\"position\":3,\"name\":\"Genesis alumiinium h\u00f5be liist vuugi\/\u00fcleminekuliist\"}]},{\"@type\":\"WebSite\",\"@id\":\"https:\/\/www.plaadimehed.ee\/#website\",\"url\":\"https:\/\/www.plaadimehed.ee\/\",\"name\":\"Plaadimehed\",\"description\":\"Plaatimist\u00f6\u00f6deks vajalikud tarvikud ja t\u00f6\u00f6riistad\",\"publisher\":{\"@id\":\"https:\/\/www.plaadimehed.ee\/#organization\"},\"potentialAction\":[{\"@type\":\"SearchAction\",\"target\":{\"@type\":\"EntryPoint\",\"urlTemplate\":\"https:\/\/www.plaadimehed.ee\/?s={search_term_string}\"},\"query-input\":{\"@type\":\"PropertyValueSpecification\",\"valueRequired\":true,\"valueName\":\"search_term_string\"}}],\"inLanguage\":\"fi\"},{\"@type\":\"Organization\",\"@id\":\"https:\/\/www.plaadimehed.ee\/#organization\",\"name\":\"Plaadimehed\",\"url\":\"https:\/\/www.plaadimehed.ee\/\",\"logo\":{\"@type\":\"ImageObject\",\"inLanguage\":\"fi\",\"@id\":\"https:\/\/www.plaadimehed.ee\/#\/schema\/logo\/image\/\",\"url\":\"https:\/\/www.plaadimehed.ee\/wp-content\/uploads\/2024\/05\/plaadimehed-logo.svg\",\"contentUrl\":\"https:\/\/www.plaadimehed.ee\/wp-content\/uploads\/2024\/05\/plaadimehed-logo.svg\",\"width\":266,\"height\":72,\"caption\":\"Plaadimehed\"},\"image\":{\"@id\":\"https:\/\/www.plaadimehed.ee\/#\/schema\/logo\/image\/\"}}]}<\/script>\n<!-- \/ Yoast SEO plugin. -->","yoast_head_json":{"title":"Genesis alumiinium h\u00f5be liist vuugi\/\u00fcleminekuliist - Plaadimehed","description":"Genesis 3mm alumiinimist, l\u00e4ikiv h\u00f5be \u00fcleminekuliist vuuki. M\u00f5eldud kasutamiseks materjalide \u00fcleminekul samal tasapinnal.","robots":{"index":"index","follow":"follow","max-snippet":"max-snippet:-1","max-image-preview":"max-image-preview:large","max-video-preview":"max-video-preview:-1"},"canonical":"https:\/\/www.plaadimehed.ee\/product\/genesis-alumiinium-hobe-liist-vuugi-uleminekuliist\/","og_locale":"fi_FI","og_type":"article","og_title":"Genesis alumiinium h\u00f5be liist vuugi\/\u00fcleminekuliist","og_description":"Genesis 3mm alumiinimist, l\u00e4ikiv h\u00f5be \u00fcleminekuliist vuuki. M\u00f5eldud kasutamiseks materjalide \u00fcleminekul samal tasapinnal.","og_url":"https:\/\/www.plaadimehed.ee\/product\/genesis-alumiinium-hobe-liist-vuugi-uleminekuliist\/","og_site_name":"Plaadimehed","article_modified_time":"2025-10-13T05:58:00+00:00","og_image":[{"width":750,"height":725,"url":"https:\/\/www.plaadimehed.ee\/wp-content\/uploads\/2025\/07\/Genesis-liist.jpg","type":"image\/jpeg"}],"twitter_card":"summary_large_image","twitter_misc":{"Arvioitu lukuaika":"1 minuutti"},"schema":{"@context":"https:\/\/schema.org","@graph":[{"@type":"WebPage","@id":"https:\/\/www.plaadimehed.ee\/product\/genesis-alumiinium-hobe-liist-vuugi-uleminekuliist\/","url":"https:\/\/www.plaadimehed.ee\/product\/genesis-alumiinium-hobe-liist-vuugi-uleminekuliist\/","name":"Genesis alumiinium h\u00f5be liist vuugi\/\u00fcleminekuliist - Plaadimehed","isPartOf":{"@id":"https:\/\/www.plaadimehed.ee\/#website"},"primaryImageOfPage":{"@id":"https:\/\/www.plaadimehed.ee\/product\/genesis-alumiinium-hobe-liist-vuugi-uleminekuliist\/#primaryimage"},"image":{"@id":"https:\/\/www.plaadimehed.ee\/product\/genesis-alumiinium-hobe-liist-vuugi-uleminekuliist\/#primaryimage"},"thumbnailUrl":"https:\/\/www.plaadimehed.ee\/wp-content\/uploads\/2025\/07\/Genesis-liist.jpg","datePublished":"2025-07-16T11:25:22+00:00","dateModified":"2025-10-13T05:58:00+00:00","description":"Genesis 3mm alumiinimist, l\u00e4ikiv h\u00f5be \u00fcleminekuliist vuuki. M\u00f5eldud kasutamiseks materjalide \u00fcleminekul samal tasapinnal.","breadcrumb":{"@id":"https:\/\/www.plaadimehed.ee\/product\/genesis-alumiinium-hobe-liist-vuugi-uleminekuliist\/#breadcrumb"},"inLanguage":"fi","potentialAction":[{"@type":"ReadAction","target":["https:\/\/www.plaadimehed.ee\/product\/genesis-alumiinium-hobe-liist-vuugi-uleminekuliist\/"]}]},{"@type":"ImageObject","inLanguage":"fi","@id":"https:\/\/www.plaadimehed.ee\/product\/genesis-alumiinium-hobe-liist-vuugi-uleminekuliist\/#primaryimage","url":"https:\/\/www.plaadimehed.ee\/wp-content\/uploads\/2025\/07\/Genesis-liist.jpg","contentUrl":"https:\/\/www.plaadimehed.ee\/wp-content\/uploads\/2025\/07\/Genesis-liist.jpg","width":750,"height":725,"caption":"Genesis alumiinium h\u00f5be liist vuugi\/\u00fcleminekuliist"},{"@type":"BreadcrumbList","@id":"https:\/\/www.plaadimehed.ee\/product\/genesis-alumiinium-hobe-liist-vuugi-uleminekuliist\/#breadcrumb","itemListElement":[{"@type":"ListItem","position":1,"name":"Home","item":"https:\/\/www.plaadimehed.ee\/fi\/"},{"@type":"ListItem","position":2,"name":"Verkkokauppa","item":"https:\/\/www.plaadimehed.ee\/fi\/shop\/"},{"@type":"ListItem","position":3,"name":"Genesis alumiinium h\u00f5be liist vuugi\/\u00fcleminekuliist"}]},{"@type":"WebSite","@id":"https:\/\/www.plaadimehed.ee\/#website","url":"https:\/\/www.plaadimehed.ee\/","name":"Plaadimehed","description":"Plaatimist\u00f6\u00f6deks vajalikud tarvikud ja t\u00f6\u00f6riistad","publisher":{"@id":"https:\/\/www.plaadimehed.ee\/#organization"},"potentialAction":[{"@type":"SearchAction","target":{"@type":"EntryPoint","urlTemplate":"https:\/\/www.plaadimehed.ee\/?s={search_term_string}"},"query-input":{"@type":"PropertyValueSpecification","valueRequired":true,"valueName":"search_term_string"}}],"inLanguage":"fi"},{"@type":"Organization","@id":"https:\/\/www.plaadimehed.ee\/#organization","name":"Plaadimehed","url":"https:\/\/www.plaadimehed.ee\/","logo":{"@type":"ImageObject","inLanguage":"fi","@id":"https:\/\/www.plaadimehed.ee\/#\/schema\/logo\/image\/","url":"https:\/\/www.plaadimehed.ee\/wp-content\/uploads\/2024\/05\/plaadimehed-logo.svg","contentUrl":"https:\/\/www.plaadimehed.ee\/wp-content\/uploads\/2024\/05\/plaadimehed-logo.svg","width":266,"height":72,"caption":"Plaadimehed"},"image":{"@id":"https:\/\/www.plaadimehed.ee\/#\/schema\/logo\/image\/"}}]}},"_links":{"self":[{"href":"https:\/\/www.plaadimehed.ee\/fi\/wp-json\/wp\/v2\/product\/15398","targetHints":{"allow":["GET"]}}],"collection":[{"href":"https:\/\/www.plaadimehed.ee\/fi\/wp-json\/wp\/v2\/product"}],"about":[{"href":"https:\/\/www.plaadimehed.ee\/fi\/wp-json\/wp\/v2\/types\/product"}],"wp:featuredmedia":[{"embeddable":true,"href":"https:\/\/www.plaadimehed.ee\/fi\/wp-json\/wp\/v2\/media\/15399"}],"wp:attachment":[{"href":"https:\/\/www.plaadimehed.ee\/fi\/wp-json\/wp\/v2\/media?parent=15398"}],"wp:term":[{"taxonomy":"product_brand","embeddable":true,"href":"https:\/\/www.plaadimehed.ee\/fi\/wp-json\/wp\/v2\/product_brand?post=15398"},{"taxonomy":"product_cat","embeddable":true,"href":"https:\/\/www.plaadimehed.ee\/fi\/wp-json\/wp\/v2\/product_cat?post=15398"},{"taxonomy":"product_tag","embeddable":true,"href":"https:\/\/www.plaadimehed.ee\/fi\/wp-json\/wp\/v2\/product_tag?post=15398"}],"curies":[{"name":"wp","href":"https:\/\/api.w.org\/{rel}","templated":true}]}}