{"id":15629,"date":"2025-07-31T10:22:37","date_gmt":"2025-07-31T08:22:37","guid":{"rendered":"https:\/\/www.plaadimehed.ee\/?post_type=product&#038;p=15629"},"modified":"2025-08-05T12:08:05","modified_gmt":"2025-08-05T10:08:05","slug":"genesis-kandiline-valisnurgaliist-kumerdatud-servadega","status":"publish","type":"product","link":"https:\/\/www.plaadimehed.ee\/fi\/product\/genesis-kandiline-valisnurgaliist-kumerdatud-servadega\/","title":{"rendered":"Genesis kandiline v\u00e4lisnurgaliist kumerdatud servadega"},"content":{"rendered":"<p>Genesis pakub kvaliteetseid viimistlusprofiile ja plaatimisliiste, mis tagavd kauni, professionaalse ja vastupidava l\u00f5pptulemuse nii seintel, p\u00f5randatel kui ka treppidel. Valikus on erinevates toonides alumiiniumist ja roostevabast terasest plaatimise liistud ja\u00a0profiilid, mis sobivad kasutamiseks nii koduses interj\u00f6\u00f6ris kui ka n\u00f5udlikumatel \u00e4ripindadel.<\/p>\n<p>T\u00e4nu oma innovaatilisele l\u00e4henemisele, vastupidavusele ja esteetilisele disainile on Genesis tooted hinnatud nii professionaalsete plaatijate kui ka sisekujundajate seas.<\/p>\n<p>\u00dchendkuningriigis loodud Genesis tegutseb alates 1989. aastast ning nende tooted on kasutusel enam kui 70 riigis. Plaadimehed on Genesise esindaja Eestis.<\/p>\n<p><a href=\"https:\/\/www.genesis-gs.com\/\">Genesis ametlik koduleht<\/a><\/p>\n","protected":false},"excerpt":{"rendered":"<p>V\u00e4lisnurgaliist TDG seeria kandiline kumerate servadega.<\/p>\n<p>\u25cf TDG seeria liistud saadaval erinevate toonide ja paksusega<br \/>\n\u25cf Alumiinium plaadiliist<br \/>\n\u25cf Kasutamiseks v\u00e4lisnurgas ja plaatide l\u00f5puliistuna<br \/>\n\u25cf Plaadi paksusele 8-12 mm<br \/>\n\u25cf Pikkus 2,5 m<\/p>\n<p><img loading=\"lazy\" decoding=\"async\" class=\"\" src=\"https:\/\/www.plaadimehed.ee\/wp-content\/uploads\/2021\/05\/bdf-logo.png\" width=\"38\" height=\"38\" \/><a href=\"https:\/\/intellimag.net\/html5\/genesis\/cat\/genesis_catalogue.html?search=TDG\">Tooteinfo<\/a><\/p>\n","protected":false},"featured_media":15630,"template":"","meta":{"_acf_changed":false},"product_brand":[95],"product_cat":[122,148],"product_tag":[],"class_list":{"0":"post-15629","1":"product","2":"type-product","3":"status-publish","4":"has-post-thumbnail","6":"product_brand-genesis","7":"product_cat-liistud-ja-profiilid","8":"product_cat--profiil","10":"first","11":"instock","12":"taxable","13":"shipping-taxable","14":"purchasable","15":"product-type-variable"},"acf":[],"yoast_head":"<!-- This site is optimized with the Yoast SEO plugin v27.0 - https:\/\/yoast.com\/product\/yoast-seo-wordpress\/ -->\n<title>Genesis kandiline v\u00e4lisnurgaliist kumerdatud servadega - Plaadimehed<\/title>\n<meta name=\"description\" content=\"Plaatide V\u00e4lisnurga v\u00f5i l\u00f5puliist kandiline. Kumerate servadega Kandiline liist j\u00e4tav efektse, tugeva ja turvalise v\u00e4lisnurga.\" \/>\n<meta name=\"robots\" content=\"index, follow, max-snippet:-1, max-image-preview:large, max-video-preview:-1\" \/>\n<link rel=\"canonical\" href=\"https:\/\/www.plaadimehed.ee\/product\/genesis-kandiline-valisnurgaliist-kumerdatud-servadega\/\" \/>\n<meta property=\"og:locale\" content=\"fi_FI\" \/>\n<meta property=\"og:type\" content=\"article\" \/>\n<meta property=\"og:title\" content=\"Genesis kandiline v\u00e4lisnurgaliist kumerdatud servadega\" \/>\n<meta property=\"og:description\" content=\"Plaatide V\u00e4lisnurga v\u00f5i l\u00f5puliist kandiline. Kumerate servadega Kandiline liist j\u00e4tav efektse, tugeva ja turvalise v\u00e4lisnurga.\" \/>\n<meta property=\"og:url\" content=\"https:\/\/www.plaadimehed.ee\/product\/genesis-kandiline-valisnurgaliist-kumerdatud-servadega\/\" \/>\n<meta property=\"og:site_name\" content=\"Plaadimehed\" \/>\n<meta property=\"article:modified_time\" content=\"2025-08-05T10:08:05+00:00\" \/>\n<meta property=\"og:image\" content=\"https:\/\/www.plaadimehed.ee\/wp-content\/uploads\/2025\/07\/Vannituba.jpg\" \/>\n\t<meta property=\"og:image:width\" content=\"920\" \/>\n\t<meta property=\"og:image:height\" content=\"720\" \/>\n\t<meta property=\"og:image:type\" content=\"image\/jpeg\" \/>\n<meta name=\"twitter:card\" content=\"summary_large_image\" \/>\n<meta name=\"twitter:label1\" content=\"Arvioitu lukuaika\" \/>\n\t<meta name=\"twitter:data1\" content=\"1 minuutti\" \/>\n<script type=\"application\/ld+json\" class=\"yoast-schema-graph\">{\"@context\":\"https:\/\/schema.org\",\"@graph\":[{\"@type\":\"WebPage\",\"@id\":\"https:\/\/www.plaadimehed.ee\/product\/genesis-kandiline-valisnurgaliist-kumerdatud-servadega\/\",\"url\":\"https:\/\/www.plaadimehed.ee\/product\/genesis-kandiline-valisnurgaliist-kumerdatud-servadega\/\",\"name\":\"Genesis kandiline v\u00e4lisnurgaliist kumerdatud servadega - Plaadimehed\",\"isPartOf\":{\"@id\":\"https:\/\/www.plaadimehed.ee\/#website\"},\"primaryImageOfPage\":{\"@id\":\"https:\/\/www.plaadimehed.ee\/product\/genesis-kandiline-valisnurgaliist-kumerdatud-servadega\/#primaryimage\"},\"image\":{\"@id\":\"https:\/\/www.plaadimehed.ee\/product\/genesis-kandiline-valisnurgaliist-kumerdatud-servadega\/#primaryimage\"},\"thumbnailUrl\":\"https:\/\/www.plaadimehed.ee\/wp-content\/uploads\/2025\/07\/Vannituba.jpg\",\"datePublished\":\"2025-07-31T08:22:37+00:00\",\"dateModified\":\"2025-08-05T10:08:05+00:00\",\"description\":\"Plaatide V\u00e4lisnurga v\u00f5i l\u00f5puliist kandiline. Kumerate servadega Kandiline liist j\u00e4tav efektse, tugeva ja turvalise v\u00e4lisnurga.\",\"breadcrumb\":{\"@id\":\"https:\/\/www.plaadimehed.ee\/product\/genesis-kandiline-valisnurgaliist-kumerdatud-servadega\/#breadcrumb\"},\"inLanguage\":\"fi\",\"potentialAction\":[{\"@type\":\"ReadAction\",\"target\":[\"https:\/\/www.plaadimehed.ee\/product\/genesis-kandiline-valisnurgaliist-kumerdatud-servadega\/\"]}]},{\"@type\":\"ImageObject\",\"inLanguage\":\"fi\",\"@id\":\"https:\/\/www.plaadimehed.ee\/product\/genesis-kandiline-valisnurgaliist-kumerdatud-servadega\/#primaryimage\",\"url\":\"https:\/\/www.plaadimehed.ee\/wp-content\/uploads\/2025\/07\/Vannituba.jpg\",\"contentUrl\":\"https:\/\/www.plaadimehed.ee\/wp-content\/uploads\/2025\/07\/Vannituba.jpg\",\"width\":920,\"height\":720,\"caption\":\"Vannitoa v\u00e4lisnurgaliistud\"},{\"@type\":\"BreadcrumbList\",\"@id\":\"https:\/\/www.plaadimehed.ee\/product\/genesis-kandiline-valisnurgaliist-kumerdatud-servadega\/#breadcrumb\",\"itemListElement\":[{\"@type\":\"ListItem\",\"position\":1,\"name\":\"Home\",\"item\":\"https:\/\/www.plaadimehed.ee\/fi\/\"},{\"@type\":\"ListItem\",\"position\":2,\"name\":\"Verkkokauppa\",\"item\":\"https:\/\/www.plaadimehed.ee\/fi\/shop\/\"},{\"@type\":\"ListItem\",\"position\":3,\"name\":\"Genesis kandiline v\u00e4lisnurgaliist kumerdatud servadega\"}]},{\"@type\":\"WebSite\",\"@id\":\"https:\/\/www.plaadimehed.ee\/#website\",\"url\":\"https:\/\/www.plaadimehed.ee\/\",\"name\":\"Plaadimehed\",\"description\":\"Plaatimist\u00f6\u00f6deks vajalikud tarvikud ja t\u00f6\u00f6riistad\",\"publisher\":{\"@id\":\"https:\/\/www.plaadimehed.ee\/#organization\"},\"potentialAction\":[{\"@type\":\"SearchAction\",\"target\":{\"@type\":\"EntryPoint\",\"urlTemplate\":\"https:\/\/www.plaadimehed.ee\/?s={search_term_string}\"},\"query-input\":{\"@type\":\"PropertyValueSpecification\",\"valueRequired\":true,\"valueName\":\"search_term_string\"}}],\"inLanguage\":\"fi\"},{\"@type\":\"Organization\",\"@id\":\"https:\/\/www.plaadimehed.ee\/#organization\",\"name\":\"Plaadimehed\",\"url\":\"https:\/\/www.plaadimehed.ee\/\",\"logo\":{\"@type\":\"ImageObject\",\"inLanguage\":\"fi\",\"@id\":\"https:\/\/www.plaadimehed.ee\/#\/schema\/logo\/image\/\",\"url\":\"https:\/\/www.plaadimehed.ee\/wp-content\/uploads\/2024\/05\/plaadimehed-logo.svg\",\"contentUrl\":\"https:\/\/www.plaadimehed.ee\/wp-content\/uploads\/2024\/05\/plaadimehed-logo.svg\",\"width\":266,\"height\":72,\"caption\":\"Plaadimehed\"},\"image\":{\"@id\":\"https:\/\/www.plaadimehed.ee\/#\/schema\/logo\/image\/\"}}]}<\/script>\n<!-- \/ Yoast SEO plugin. -->","yoast_head_json":{"title":"Genesis kandiline v\u00e4lisnurgaliist kumerdatud servadega - Plaadimehed","description":"Plaatide V\u00e4lisnurga v\u00f5i l\u00f5puliist kandiline. Kumerate servadega Kandiline liist j\u00e4tav efektse, tugeva ja turvalise v\u00e4lisnurga.","robots":{"index":"index","follow":"follow","max-snippet":"max-snippet:-1","max-image-preview":"max-image-preview:large","max-video-preview":"max-video-preview:-1"},"canonical":"https:\/\/www.plaadimehed.ee\/product\/genesis-kandiline-valisnurgaliist-kumerdatud-servadega\/","og_locale":"fi_FI","og_type":"article","og_title":"Genesis kandiline v\u00e4lisnurgaliist kumerdatud servadega","og_description":"Plaatide V\u00e4lisnurga v\u00f5i l\u00f5puliist kandiline. Kumerate servadega Kandiline liist j\u00e4tav efektse, tugeva ja turvalise v\u00e4lisnurga.","og_url":"https:\/\/www.plaadimehed.ee\/product\/genesis-kandiline-valisnurgaliist-kumerdatud-servadega\/","og_site_name":"Plaadimehed","article_modified_time":"2025-08-05T10:08:05+00:00","og_image":[{"width":920,"height":720,"url":"https:\/\/www.plaadimehed.ee\/wp-content\/uploads\/2025\/07\/Vannituba.jpg","type":"image\/jpeg"}],"twitter_card":"summary_large_image","twitter_misc":{"Arvioitu lukuaika":"1 minuutti"},"schema":{"@context":"https:\/\/schema.org","@graph":[{"@type":"WebPage","@id":"https:\/\/www.plaadimehed.ee\/product\/genesis-kandiline-valisnurgaliist-kumerdatud-servadega\/","url":"https:\/\/www.plaadimehed.ee\/product\/genesis-kandiline-valisnurgaliist-kumerdatud-servadega\/","name":"Genesis kandiline v\u00e4lisnurgaliist kumerdatud servadega - Plaadimehed","isPartOf":{"@id":"https:\/\/www.plaadimehed.ee\/#website"},"primaryImageOfPage":{"@id":"https:\/\/www.plaadimehed.ee\/product\/genesis-kandiline-valisnurgaliist-kumerdatud-servadega\/#primaryimage"},"image":{"@id":"https:\/\/www.plaadimehed.ee\/product\/genesis-kandiline-valisnurgaliist-kumerdatud-servadega\/#primaryimage"},"thumbnailUrl":"https:\/\/www.plaadimehed.ee\/wp-content\/uploads\/2025\/07\/Vannituba.jpg","datePublished":"2025-07-31T08:22:37+00:00","dateModified":"2025-08-05T10:08:05+00:00","description":"Plaatide V\u00e4lisnurga v\u00f5i l\u00f5puliist kandiline. Kumerate servadega Kandiline liist j\u00e4tav efektse, tugeva ja turvalise v\u00e4lisnurga.","breadcrumb":{"@id":"https:\/\/www.plaadimehed.ee\/product\/genesis-kandiline-valisnurgaliist-kumerdatud-servadega\/#breadcrumb"},"inLanguage":"fi","potentialAction":[{"@type":"ReadAction","target":["https:\/\/www.plaadimehed.ee\/product\/genesis-kandiline-valisnurgaliist-kumerdatud-servadega\/"]}]},{"@type":"ImageObject","inLanguage":"fi","@id":"https:\/\/www.plaadimehed.ee\/product\/genesis-kandiline-valisnurgaliist-kumerdatud-servadega\/#primaryimage","url":"https:\/\/www.plaadimehed.ee\/wp-content\/uploads\/2025\/07\/Vannituba.jpg","contentUrl":"https:\/\/www.plaadimehed.ee\/wp-content\/uploads\/2025\/07\/Vannituba.jpg","width":920,"height":720,"caption":"Vannitoa v\u00e4lisnurgaliistud"},{"@type":"BreadcrumbList","@id":"https:\/\/www.plaadimehed.ee\/product\/genesis-kandiline-valisnurgaliist-kumerdatud-servadega\/#breadcrumb","itemListElement":[{"@type":"ListItem","position":1,"name":"Home","item":"https:\/\/www.plaadimehed.ee\/fi\/"},{"@type":"ListItem","position":2,"name":"Verkkokauppa","item":"https:\/\/www.plaadimehed.ee\/fi\/shop\/"},{"@type":"ListItem","position":3,"name":"Genesis kandiline v\u00e4lisnurgaliist kumerdatud servadega"}]},{"@type":"WebSite","@id":"https:\/\/www.plaadimehed.ee\/#website","url":"https:\/\/www.plaadimehed.ee\/","name":"Plaadimehed","description":"Plaatimist\u00f6\u00f6deks vajalikud tarvikud ja t\u00f6\u00f6riistad","publisher":{"@id":"https:\/\/www.plaadimehed.ee\/#organization"},"potentialAction":[{"@type":"SearchAction","target":{"@type":"EntryPoint","urlTemplate":"https:\/\/www.plaadimehed.ee\/?s={search_term_string}"},"query-input":{"@type":"PropertyValueSpecification","valueRequired":true,"valueName":"search_term_string"}}],"inLanguage":"fi"},{"@type":"Organization","@id":"https:\/\/www.plaadimehed.ee\/#organization","name":"Plaadimehed","url":"https:\/\/www.plaadimehed.ee\/","logo":{"@type":"ImageObject","inLanguage":"fi","@id":"https:\/\/www.plaadimehed.ee\/#\/schema\/logo\/image\/","url":"https:\/\/www.plaadimehed.ee\/wp-content\/uploads\/2024\/05\/plaadimehed-logo.svg","contentUrl":"https:\/\/www.plaadimehed.ee\/wp-content\/uploads\/2024\/05\/plaadimehed-logo.svg","width":266,"height":72,"caption":"Plaadimehed"},"image":{"@id":"https:\/\/www.plaadimehed.ee\/#\/schema\/logo\/image\/"}}]}},"_links":{"self":[{"href":"https:\/\/www.plaadimehed.ee\/fi\/wp-json\/wp\/v2\/product\/15629","targetHints":{"allow":["GET"]}}],"collection":[{"href":"https:\/\/www.plaadimehed.ee\/fi\/wp-json\/wp\/v2\/product"}],"about":[{"href":"https:\/\/www.plaadimehed.ee\/fi\/wp-json\/wp\/v2\/types\/product"}],"wp:featuredmedia":[{"embeddable":true,"href":"https:\/\/www.plaadimehed.ee\/fi\/wp-json\/wp\/v2\/media\/15630"}],"wp:attachment":[{"href":"https:\/\/www.plaadimehed.ee\/fi\/wp-json\/wp\/v2\/media?parent=15629"}],"wp:term":[{"taxonomy":"product_brand","embeddable":true,"href":"https:\/\/www.plaadimehed.ee\/fi\/wp-json\/wp\/v2\/product_brand?post=15629"},{"taxonomy":"product_cat","embeddable":true,"href":"https:\/\/www.plaadimehed.ee\/fi\/wp-json\/wp\/v2\/product_cat?post=15629"},{"taxonomy":"product_tag","embeddable":true,"href":"https:\/\/www.plaadimehed.ee\/fi\/wp-json\/wp\/v2\/product_tag?post=15629"}],"curies":[{"name":"wp","href":"https:\/\/api.w.org\/{rel}","templated":true}]}}