{"id":16328,"date":"2025-09-18T11:17:54","date_gmt":"2025-09-18T09:17:54","guid":{"rendered":"https:\/\/www.plaadimehed.ee\/?post_type=product&#038;p=16328"},"modified":"2025-09-19T09:41:34","modified_gmt":"2025-09-19T07:41:34","slug":"progress-nurgaliist-valge-lakitud-alumiinium","status":"publish","type":"product","link":"https:\/\/www.plaadimehed.ee\/fi\/product\/progress-nurgaliist-valge-lakitud-alumiinium\/","title":{"rendered":"Progress nurgaliist valge lakitud alumiinium"},"content":{"rendered":"<p>Progress Profiles pakub kvaliteetseid viimistlusprofiile ja plaatimistarvikuid. Lisaks laiale liistuvalikule on valikus plaatide tasanduss\u00fcsteemid ja m\u00f5ranemisvastased kattemembraanid.<\/p>\n<p>Toodete seas on erinevates toonides ja viimistlustes alumiiniumist, roostevabast terasest ja messingist profiile kui ka ehitust lihtsustavaid elemente kuivalt terrasside ehituseks ja valmis moodulni\u0161\u0161e vannitubadesse.<\/p>\n<p>T\u00e4nu oma innovaatilisele l\u00e4henemisele, esteetilisele disainile ja praktilisele vastupidavusele on Progress Profiles\u2019i tooted hinnatud nii professionaalsete plaatijate kui ka sisearhitektide seas.<\/p>\n<p>Itaalias loodud Progress Profiles tegutseb rahvusvaheliselt alates 1985. aastast ning nende tooted on kasutusel enam kui 70 riigis. Plaadimehed on Progress Profiles esindaja Eestis.<\/p>\n<p><a href=\"https:\/\/www.progressprofiles.com\/en\/\">Progress Profiles ametlik koduleht<\/a><\/p>\n","protected":false},"excerpt":{"rendered":"<p>Progress alumiiniumist plaadiliist PTA lakitud valge toon<\/p>\n<p>\u25cf Alumiinium plaadiliist<br \/>\n\u25cf Kasutamiseks v\u00e4lisnurgas ja plaatide l\u00f5puliistuna<br \/>\n\u25cf Saadaval plaadi paksusele 6-12,5 mm<br \/>\n\u25cf Pikkus 2,7 m<br \/>\n\u25cf Lakitud viimistlus j\u00e4tab ilusa ja l\u00e4bipaistva l\u00e4ikekihi<\/p>\n<p><img loading=\"lazy\" decoding=\"async\" class=\"\" src=\"https:\/\/www.plaadimehed.ee\/wp-content\/uploads\/2021\/05\/bdf-logo.png\" width=\"38\" height=\"38\" \/><a href=\"https:\/\/www.plaadimehed.ee\/wp-content\/uploads\/2025\/09\/Progress-PTA-kataloog.pdf\">Progress PTA kataloog<\/a><\/p>\n","protected":false},"featured_media":16336,"template":"","meta":{"_acf_changed":false},"product_brand":[121],"product_cat":[122,147],"product_tag":[],"class_list":{"0":"post-16328","1":"product","2":"type-product","3":"status-publish","4":"has-post-thumbnail","6":"product_brand-progress","7":"product_cat-liistud-ja-profiilid","8":"product_cat-l-profiil","10":"first","11":"instock","12":"taxable","13":"shipping-taxable","14":"purchasable","15":"product-type-variable"},"acf":[],"yoast_head":"<!-- This site is optimized with the Yoast SEO plugin v27.0 - https:\/\/yoast.com\/product\/yoast-seo-wordpress\/ -->\n<title>Progress nurgaliist valge lakitud alumiinium - Plaadimehed<\/title>\n<meta name=\"description\" content=\"Progress lakitud alumiinium valge v\u00e4lisnurgaliist. Kasutatakse plaatimist\u00f6\u00f6del seina v\u00f5i p\u00f5randa v\u00e4lisnurkades ja \u00fclemineku kohtades.\" \/>\n<meta name=\"robots\" content=\"index, follow, max-snippet:-1, max-image-preview:large, max-video-preview:-1\" \/>\n<link rel=\"canonical\" href=\"https:\/\/www.plaadimehed.ee\/product\/progress-nurgaliist-valge-lakitud-alumiinium\/\" \/>\n<meta property=\"og:locale\" content=\"fi_FI\" \/>\n<meta property=\"og:type\" content=\"article\" \/>\n<meta property=\"og:title\" content=\"Progress nurgaliist valge lakitud alumiinium\" \/>\n<meta property=\"og:description\" content=\"Progress lakitud alumiinium valge v\u00e4lisnurgaliist. Kasutatakse plaatimist\u00f6\u00f6del seina v\u00f5i p\u00f5randa v\u00e4lisnurkades ja \u00fclemineku kohtades.\" \/>\n<meta property=\"og:url\" content=\"https:\/\/www.plaadimehed.ee\/product\/progress-nurgaliist-valge-lakitud-alumiinium\/\" \/>\n<meta property=\"og:site_name\" content=\"Plaadimehed\" \/>\n<meta property=\"article:modified_time\" content=\"2025-09-19T07:41:34+00:00\" \/>\n<meta property=\"og:image\" content=\"https:\/\/www.plaadimehed.ee\/wp-content\/uploads\/2025\/09\/Ilupilt.jpg\" \/>\n\t<meta property=\"og:image:width\" content=\"1040\" \/>\n\t<meta property=\"og:image:height\" content=\"1560\" \/>\n\t<meta property=\"og:image:type\" content=\"image\/jpeg\" \/>\n<meta name=\"twitter:card\" content=\"summary_large_image\" \/>\n<meta name=\"twitter:label1\" content=\"Arvioitu lukuaika\" \/>\n\t<meta name=\"twitter:data1\" content=\"1 minuutti\" \/>\n<script type=\"application\/ld+json\" class=\"yoast-schema-graph\">{\"@context\":\"https:\/\/schema.org\",\"@graph\":[{\"@type\":\"WebPage\",\"@id\":\"https:\/\/www.plaadimehed.ee\/product\/progress-nurgaliist-valge-lakitud-alumiinium\/\",\"url\":\"https:\/\/www.plaadimehed.ee\/product\/progress-nurgaliist-valge-lakitud-alumiinium\/\",\"name\":\"Progress nurgaliist valge lakitud alumiinium - Plaadimehed\",\"isPartOf\":{\"@id\":\"https:\/\/www.plaadimehed.ee\/#website\"},\"primaryImageOfPage\":{\"@id\":\"https:\/\/www.plaadimehed.ee\/product\/progress-nurgaliist-valge-lakitud-alumiinium\/#primaryimage\"},\"image\":{\"@id\":\"https:\/\/www.plaadimehed.ee\/product\/progress-nurgaliist-valge-lakitud-alumiinium\/#primaryimage\"},\"thumbnailUrl\":\"https:\/\/www.plaadimehed.ee\/wp-content\/uploads\/2025\/09\/Ilupilt.jpg\",\"datePublished\":\"2025-09-18T09:17:54+00:00\",\"dateModified\":\"2025-09-19T07:41:34+00:00\",\"description\":\"Progress lakitud alumiinium valge v\u00e4lisnurgaliist. Kasutatakse plaatimist\u00f6\u00f6del seina v\u00f5i p\u00f5randa v\u00e4lisnurkades ja \u00fclemineku kohtades.\",\"breadcrumb\":{\"@id\":\"https:\/\/www.plaadimehed.ee\/product\/progress-nurgaliist-valge-lakitud-alumiinium\/#breadcrumb\"},\"inLanguage\":\"fi\",\"potentialAction\":[{\"@type\":\"ReadAction\",\"target\":[\"https:\/\/www.plaadimehed.ee\/product\/progress-nurgaliist-valge-lakitud-alumiinium\/\"]}]},{\"@type\":\"ImageObject\",\"inLanguage\":\"fi\",\"@id\":\"https:\/\/www.plaadimehed.ee\/product\/progress-nurgaliist-valge-lakitud-alumiinium\/#primaryimage\",\"url\":\"https:\/\/www.plaadimehed.ee\/wp-content\/uploads\/2025\/09\/Ilupilt.jpg\",\"contentUrl\":\"https:\/\/www.plaadimehed.ee\/wp-content\/uploads\/2025\/09\/Ilupilt.jpg\",\"width\":1040,\"height\":1560,\"caption\":\"Progress valge v\u00e4lisnurgaliist\"},{\"@type\":\"BreadcrumbList\",\"@id\":\"https:\/\/www.plaadimehed.ee\/product\/progress-nurgaliist-valge-lakitud-alumiinium\/#breadcrumb\",\"itemListElement\":[{\"@type\":\"ListItem\",\"position\":1,\"name\":\"Home\",\"item\":\"https:\/\/www.plaadimehed.ee\/fi\/\"},{\"@type\":\"ListItem\",\"position\":2,\"name\":\"Verkkokauppa\",\"item\":\"https:\/\/www.plaadimehed.ee\/fi\/shop\/\"},{\"@type\":\"ListItem\",\"position\":3,\"name\":\"Progress nurgaliist valge lakitud alumiinium\"}]},{\"@type\":\"WebSite\",\"@id\":\"https:\/\/www.plaadimehed.ee\/#website\",\"url\":\"https:\/\/www.plaadimehed.ee\/\",\"name\":\"Plaadimehed\",\"description\":\"Plaatimist\u00f6\u00f6deks vajalikud tarvikud ja t\u00f6\u00f6riistad\",\"publisher\":{\"@id\":\"https:\/\/www.plaadimehed.ee\/#organization\"},\"potentialAction\":[{\"@type\":\"SearchAction\",\"target\":{\"@type\":\"EntryPoint\",\"urlTemplate\":\"https:\/\/www.plaadimehed.ee\/?s={search_term_string}\"},\"query-input\":{\"@type\":\"PropertyValueSpecification\",\"valueRequired\":true,\"valueName\":\"search_term_string\"}}],\"inLanguage\":\"fi\"},{\"@type\":\"Organization\",\"@id\":\"https:\/\/www.plaadimehed.ee\/#organization\",\"name\":\"Plaadimehed\",\"url\":\"https:\/\/www.plaadimehed.ee\/\",\"logo\":{\"@type\":\"ImageObject\",\"inLanguage\":\"fi\",\"@id\":\"https:\/\/www.plaadimehed.ee\/#\/schema\/logo\/image\/\",\"url\":\"https:\/\/www.plaadimehed.ee\/wp-content\/uploads\/2024\/05\/plaadimehed-logo.svg\",\"contentUrl\":\"https:\/\/www.plaadimehed.ee\/wp-content\/uploads\/2024\/05\/plaadimehed-logo.svg\",\"width\":266,\"height\":72,\"caption\":\"Plaadimehed\"},\"image\":{\"@id\":\"https:\/\/www.plaadimehed.ee\/#\/schema\/logo\/image\/\"}}]}<\/script>\n<!-- \/ Yoast SEO plugin. -->","yoast_head_json":{"title":"Progress nurgaliist valge lakitud alumiinium - Plaadimehed","description":"Progress lakitud alumiinium valge v\u00e4lisnurgaliist. Kasutatakse plaatimist\u00f6\u00f6del seina v\u00f5i p\u00f5randa v\u00e4lisnurkades ja \u00fclemineku kohtades.","robots":{"index":"index","follow":"follow","max-snippet":"max-snippet:-1","max-image-preview":"max-image-preview:large","max-video-preview":"max-video-preview:-1"},"canonical":"https:\/\/www.plaadimehed.ee\/product\/progress-nurgaliist-valge-lakitud-alumiinium\/","og_locale":"fi_FI","og_type":"article","og_title":"Progress nurgaliist valge lakitud alumiinium","og_description":"Progress lakitud alumiinium valge v\u00e4lisnurgaliist. Kasutatakse plaatimist\u00f6\u00f6del seina v\u00f5i p\u00f5randa v\u00e4lisnurkades ja \u00fclemineku kohtades.","og_url":"https:\/\/www.plaadimehed.ee\/product\/progress-nurgaliist-valge-lakitud-alumiinium\/","og_site_name":"Plaadimehed","article_modified_time":"2025-09-19T07:41:34+00:00","og_image":[{"width":1040,"height":1560,"url":"https:\/\/www.plaadimehed.ee\/wp-content\/uploads\/2025\/09\/Ilupilt.jpg","type":"image\/jpeg"}],"twitter_card":"summary_large_image","twitter_misc":{"Arvioitu lukuaika":"1 minuutti"},"schema":{"@context":"https:\/\/schema.org","@graph":[{"@type":"WebPage","@id":"https:\/\/www.plaadimehed.ee\/product\/progress-nurgaliist-valge-lakitud-alumiinium\/","url":"https:\/\/www.plaadimehed.ee\/product\/progress-nurgaliist-valge-lakitud-alumiinium\/","name":"Progress nurgaliist valge lakitud alumiinium - Plaadimehed","isPartOf":{"@id":"https:\/\/www.plaadimehed.ee\/#website"},"primaryImageOfPage":{"@id":"https:\/\/www.plaadimehed.ee\/product\/progress-nurgaliist-valge-lakitud-alumiinium\/#primaryimage"},"image":{"@id":"https:\/\/www.plaadimehed.ee\/product\/progress-nurgaliist-valge-lakitud-alumiinium\/#primaryimage"},"thumbnailUrl":"https:\/\/www.plaadimehed.ee\/wp-content\/uploads\/2025\/09\/Ilupilt.jpg","datePublished":"2025-09-18T09:17:54+00:00","dateModified":"2025-09-19T07:41:34+00:00","description":"Progress lakitud alumiinium valge v\u00e4lisnurgaliist. Kasutatakse plaatimist\u00f6\u00f6del seina v\u00f5i p\u00f5randa v\u00e4lisnurkades ja \u00fclemineku kohtades.","breadcrumb":{"@id":"https:\/\/www.plaadimehed.ee\/product\/progress-nurgaliist-valge-lakitud-alumiinium\/#breadcrumb"},"inLanguage":"fi","potentialAction":[{"@type":"ReadAction","target":["https:\/\/www.plaadimehed.ee\/product\/progress-nurgaliist-valge-lakitud-alumiinium\/"]}]},{"@type":"ImageObject","inLanguage":"fi","@id":"https:\/\/www.plaadimehed.ee\/product\/progress-nurgaliist-valge-lakitud-alumiinium\/#primaryimage","url":"https:\/\/www.plaadimehed.ee\/wp-content\/uploads\/2025\/09\/Ilupilt.jpg","contentUrl":"https:\/\/www.plaadimehed.ee\/wp-content\/uploads\/2025\/09\/Ilupilt.jpg","width":1040,"height":1560,"caption":"Progress valge v\u00e4lisnurgaliist"},{"@type":"BreadcrumbList","@id":"https:\/\/www.plaadimehed.ee\/product\/progress-nurgaliist-valge-lakitud-alumiinium\/#breadcrumb","itemListElement":[{"@type":"ListItem","position":1,"name":"Home","item":"https:\/\/www.plaadimehed.ee\/fi\/"},{"@type":"ListItem","position":2,"name":"Verkkokauppa","item":"https:\/\/www.plaadimehed.ee\/fi\/shop\/"},{"@type":"ListItem","position":3,"name":"Progress nurgaliist valge lakitud alumiinium"}]},{"@type":"WebSite","@id":"https:\/\/www.plaadimehed.ee\/#website","url":"https:\/\/www.plaadimehed.ee\/","name":"Plaadimehed","description":"Plaatimist\u00f6\u00f6deks vajalikud tarvikud ja t\u00f6\u00f6riistad","publisher":{"@id":"https:\/\/www.plaadimehed.ee\/#organization"},"potentialAction":[{"@type":"SearchAction","target":{"@type":"EntryPoint","urlTemplate":"https:\/\/www.plaadimehed.ee\/?s={search_term_string}"},"query-input":{"@type":"PropertyValueSpecification","valueRequired":true,"valueName":"search_term_string"}}],"inLanguage":"fi"},{"@type":"Organization","@id":"https:\/\/www.plaadimehed.ee\/#organization","name":"Plaadimehed","url":"https:\/\/www.plaadimehed.ee\/","logo":{"@type":"ImageObject","inLanguage":"fi","@id":"https:\/\/www.plaadimehed.ee\/#\/schema\/logo\/image\/","url":"https:\/\/www.plaadimehed.ee\/wp-content\/uploads\/2024\/05\/plaadimehed-logo.svg","contentUrl":"https:\/\/www.plaadimehed.ee\/wp-content\/uploads\/2024\/05\/plaadimehed-logo.svg","width":266,"height":72,"caption":"Plaadimehed"},"image":{"@id":"https:\/\/www.plaadimehed.ee\/#\/schema\/logo\/image\/"}}]}},"_links":{"self":[{"href":"https:\/\/www.plaadimehed.ee\/fi\/wp-json\/wp\/v2\/product\/16328","targetHints":{"allow":["GET"]}}],"collection":[{"href":"https:\/\/www.plaadimehed.ee\/fi\/wp-json\/wp\/v2\/product"}],"about":[{"href":"https:\/\/www.plaadimehed.ee\/fi\/wp-json\/wp\/v2\/types\/product"}],"wp:featuredmedia":[{"embeddable":true,"href":"https:\/\/www.plaadimehed.ee\/fi\/wp-json\/wp\/v2\/media\/16336"}],"wp:attachment":[{"href":"https:\/\/www.plaadimehed.ee\/fi\/wp-json\/wp\/v2\/media?parent=16328"}],"wp:term":[{"taxonomy":"product_brand","embeddable":true,"href":"https:\/\/www.plaadimehed.ee\/fi\/wp-json\/wp\/v2\/product_brand?post=16328"},{"taxonomy":"product_cat","embeddable":true,"href":"https:\/\/www.plaadimehed.ee\/fi\/wp-json\/wp\/v2\/product_cat?post=16328"},{"taxonomy":"product_tag","embeddable":true,"href":"https:\/\/www.plaadimehed.ee\/fi\/wp-json\/wp\/v2\/product_tag?post=16328"}],"curies":[{"name":"wp","href":"https:\/\/api.w.org\/{rel}","templated":true}]}}