{"id":16575,"date":"2025-10-13T08:23:08","date_gmt":"2025-10-13T06:23:08","guid":{"rendered":"https:\/\/www.plaadimehed.ee\/?post_type=product&#038;p=16575"},"modified":"2025-12-29T10:07:05","modified_gmt":"2025-12-29T08:07:05","slug":"progress-messing-liist-12-mm-27-m","status":"publish","type":"product","link":"https:\/\/www.plaadimehed.ee\/fi\/product\/progress-messing-liist-12-mm-27-m\/","title":{"rendered":"Progress Messing liist 12.5mm 2.7m"},"content":{"rendered":"<div>Progress Profiles sortimendis on kvaliteetsed viimistlusprofiilid ja plaatimistarvikud: plaatimise liistud, tasanduss\u00fcsteemid ja m\u00f5ranemisvastased kattemembraanid.<\/div>\n<div>\n<div>Toodete seas on erinevates toonides ja viimistlustes alumiiniumist, roostevabast terasest ja messingist liiste kui ka ehitust lihtsustavaid elemente ja valmis moodulni\u0161\u0161e vannitubadesse.<\/div>\n<\/div>\n<div><\/div>\n<div>\n<div>T\u00e4nu oma innovaatilisele l\u00e4henemisele, esteetilisele disainile ja praktilisele vastupidavusele on Progress Profiles\u2019i tooted hinnatud nii professionaalsete plaatijate kui ka sisearhitektide seas.<\/div>\n<div>Itaalias loodud Progress Profiles tegutseb rahvusvaheliselt alates 1985. aastast ning nende tooted on kasutusel enam kui 70 riigis. Plaadimehed on Progress Profiles esindaja Eestis.<\/div>\n<\/div>\n<div><\/div>\n<div>\n<div><a id=\"OWA57330d8b-3ac9-e849-53a2-304b98917d47\" title=\"https:\/\/www.progressprofiles.com\/en\/\" href=\"https:\/\/www.progressprofiles.com\/en\/\" data-auth=\"NotApplicable\" data-linkindex=\"0\">Progress Profiles ametlik koduleht<\/a><\/div>\n<\/div>\n<div><\/div>\n<div><\/div>\n","protected":false},"excerpt":{"rendered":"<p>Messing plaadiliist PTON 125<\/p>\n<p>\u25cf Messingust plaadiliist<br \/>\n\u25cf Kasutamiseks erinevate materjalide eraldamiseks samal tasandil<br \/>\n\u25cf <span class=\"Y2IQFc\" lang=\"et\">Sobib ka astmete kaitseks v\u00f5i dekoratiivprofiiliks<br \/>\n\u25cf Plaadi paksusele 8 &#8211; 10 mm<br \/>\n\u25cf Pikkus 2,7 m<br \/>\n\u25cf Saadaval erinevate toonide ja paksusega<\/span><\/p>\n<p><img loading=\"lazy\" decoding=\"async\" class=\"\" src=\"https:\/\/www.plaadimehed.ee\/wp-content\/uploads\/2021\/05\/bdf-logo.png\" width=\"38\" height=\"38\" \/><a href=\"https:\/\/www.plaadimehed.ee\/wp-content\/uploads\/2023\/04\/CATALOGO_GENERALE_2023_Pag65_EN.pdf\">Tooteinfo<\/a><\/p>\n","protected":false},"featured_media":17076,"template":"","meta":{"_acf_changed":false},"product_brand":[121],"product_cat":[122,147],"product_tag":[],"class_list":{"0":"post-16575","1":"product","2":"type-product","3":"status-publish","4":"has-post-thumbnail","6":"product_brand-progress","7":"product_cat-liistud-ja-profiilid","8":"product_cat-l-profiil","10":"first","11":"instock","12":"taxable","13":"shipping-taxable","14":"purchasable","15":"product-type-simple"},"acf":[],"yoast_head":"<!-- This site is optimized with the Yoast SEO plugin v27.0 - https:\/\/yoast.com\/product\/yoast-seo-wordpress\/ -->\n<title>Progress Messing liist 12.5mm 2.7m - Plaadimehed<\/title>\n<meta name=\"description\" content=\"Progress messing L-profiil. Kasutatakse plaatimist\u00f6\u00f6del seina v\u00f5i p\u00f5randa v\u00e4lisnurkades ja \u00fclemineku kohtades. Messingud on v\u00f5imalik t\u00f6\u00f6delda.\" \/>\n<meta name=\"robots\" content=\"index, follow, max-snippet:-1, max-image-preview:large, max-video-preview:-1\" \/>\n<link rel=\"canonical\" href=\"https:\/\/www.plaadimehed.ee\/product\/progress-messing-liist-12-mm-27-m\/\" \/>\n<meta property=\"og:locale\" content=\"fi_FI\" \/>\n<meta property=\"og:type\" content=\"article\" \/>\n<meta property=\"og:title\" content=\"Progress Messing liist\" \/>\n<meta property=\"og:description\" content=\"Progress messing L-profiil. Kasutatakse plaatimist\u00f6\u00f6del seina v\u00f5i p\u00f5randa v\u00e4lisnurkades ja \u00fclemineku kohtades. Messingud on v\u00f5imalik t\u00f6\u00f6delda.\" \/>\n<meta property=\"og:url\" content=\"https:\/\/www.plaadimehed.ee\/product\/progress-messing-liist-12-mm-27-m\/\" \/>\n<meta property=\"og:site_name\" content=\"Plaadimehed\" \/>\n<meta property=\"article:modified_time\" content=\"2025-12-29T08:07:05+00:00\" \/>\n<meta property=\"og:image\" content=\"https:\/\/www.plaadimehed.ee\/wp-content\/uploads\/2023\/03\/messing.jpg\" \/>\n\t<meta property=\"og:image:width\" content=\"282\" \/>\n\t<meta property=\"og:image:height\" content=\"220\" \/>\n\t<meta property=\"og:image:type\" content=\"image\/jpeg\" \/>\n<meta name=\"twitter:card\" content=\"summary_large_image\" \/>\n<meta name=\"twitter:label1\" content=\"Arvioitu lukuaika\" \/>\n\t<meta name=\"twitter:data1\" content=\"1 minuutti\" \/>\n<script type=\"application\/ld+json\" class=\"yoast-schema-graph\">{\"@context\":\"https:\/\/schema.org\",\"@graph\":[{\"@type\":\"WebPage\",\"@id\":\"https:\/\/www.plaadimehed.ee\/product\/progress-messing-liist-12-mm-27-m\/\",\"url\":\"https:\/\/www.plaadimehed.ee\/product\/progress-messing-liist-12-mm-27-m\/\",\"name\":\"Progress Messing liist 12.5mm 2.7m - Plaadimehed\",\"isPartOf\":{\"@id\":\"https:\/\/www.plaadimehed.ee\/#website\"},\"primaryImageOfPage\":{\"@id\":\"https:\/\/www.plaadimehed.ee\/product\/progress-messing-liist-12-mm-27-m\/#primaryimage\"},\"image\":{\"@id\":\"https:\/\/www.plaadimehed.ee\/product\/progress-messing-liist-12-mm-27-m\/#primaryimage\"},\"thumbnailUrl\":\"https:\/\/www.plaadimehed.ee\/wp-content\/uploads\/2025\/10\/Progress-Messing-liist-12.5mm-2.7m-plaadimehed-plaatimine-tooriistad-muuk-rent.jpg\",\"datePublished\":\"2025-10-13T06:23:08+00:00\",\"dateModified\":\"2025-12-29T08:07:05+00:00\",\"description\":\"Progress messing L-profiil. Kasutatakse plaatimist\u00f6\u00f6del seina v\u00f5i p\u00f5randa v\u00e4lisnurkades ja \u00fclemineku kohtades. Messingud on v\u00f5imalik t\u00f6\u00f6delda.\",\"breadcrumb\":{\"@id\":\"https:\/\/www.plaadimehed.ee\/product\/progress-messing-liist-12-mm-27-m\/#breadcrumb\"},\"inLanguage\":\"fi\",\"potentialAction\":[{\"@type\":\"ReadAction\",\"target\":[\"https:\/\/www.plaadimehed.ee\/product\/progress-messing-liist-12-mm-27-m\/\"]}]},{\"@type\":\"ImageObject\",\"inLanguage\":\"fi\",\"@id\":\"https:\/\/www.plaadimehed.ee\/product\/progress-messing-liist-12-mm-27-m\/#primaryimage\",\"url\":\"https:\/\/www.plaadimehed.ee\/wp-content\/uploads\/2025\/10\/Progress-Messing-liist-12.5mm-2.7m-plaadimehed-plaatimine-tooriistad-muuk-rent.jpg\",\"contentUrl\":\"https:\/\/www.plaadimehed.ee\/wp-content\/uploads\/2025\/10\/Progress-Messing-liist-12.5mm-2.7m-plaadimehed-plaatimine-tooriistad-muuk-rent.jpg\",\"width\":300,\"height\":300,\"caption\":\"Progress Messing liist. Plaadimehed - plaatimine, t\u00f6\u00f6riistad m\u00fc\u00fck ja rent\"},{\"@type\":\"BreadcrumbList\",\"@id\":\"https:\/\/www.plaadimehed.ee\/product\/progress-messing-liist-12-mm-27-m\/#breadcrumb\",\"itemListElement\":[{\"@type\":\"ListItem\",\"position\":1,\"name\":\"Home\",\"item\":\"https:\/\/www.plaadimehed.ee\/fi\/\"},{\"@type\":\"ListItem\",\"position\":2,\"name\":\"Verkkokauppa\",\"item\":\"https:\/\/www.plaadimehed.ee\/fi\/shop\/\"},{\"@type\":\"ListItem\",\"position\":3,\"name\":\"Progress Messing liist 12.5mm 2.7m\"}]},{\"@type\":\"WebSite\",\"@id\":\"https:\/\/www.plaadimehed.ee\/#website\",\"url\":\"https:\/\/www.plaadimehed.ee\/\",\"name\":\"Plaadimehed\",\"description\":\"Plaatimist\u00f6\u00f6deks vajalikud tarvikud ja t\u00f6\u00f6riistad\",\"publisher\":{\"@id\":\"https:\/\/www.plaadimehed.ee\/#organization\"},\"potentialAction\":[{\"@type\":\"SearchAction\",\"target\":{\"@type\":\"EntryPoint\",\"urlTemplate\":\"https:\/\/www.plaadimehed.ee\/?s={search_term_string}\"},\"query-input\":{\"@type\":\"PropertyValueSpecification\",\"valueRequired\":true,\"valueName\":\"search_term_string\"}}],\"inLanguage\":\"fi\"},{\"@type\":\"Organization\",\"@id\":\"https:\/\/www.plaadimehed.ee\/#organization\",\"name\":\"Plaadimehed\",\"url\":\"https:\/\/www.plaadimehed.ee\/\",\"logo\":{\"@type\":\"ImageObject\",\"inLanguage\":\"fi\",\"@id\":\"https:\/\/www.plaadimehed.ee\/#\/schema\/logo\/image\/\",\"url\":\"https:\/\/www.plaadimehed.ee\/wp-content\/uploads\/2024\/05\/plaadimehed-logo.svg\",\"contentUrl\":\"https:\/\/www.plaadimehed.ee\/wp-content\/uploads\/2024\/05\/plaadimehed-logo.svg\",\"width\":266,\"height\":72,\"caption\":\"Plaadimehed\"},\"image\":{\"@id\":\"https:\/\/www.plaadimehed.ee\/#\/schema\/logo\/image\/\"}}]}<\/script>\n<!-- \/ Yoast SEO plugin. -->","yoast_head_json":{"title":"Progress Messing liist 12.5mm 2.7m - Plaadimehed","description":"Progress messing L-profiil. Kasutatakse plaatimist\u00f6\u00f6del seina v\u00f5i p\u00f5randa v\u00e4lisnurkades ja \u00fclemineku kohtades. Messingud on v\u00f5imalik t\u00f6\u00f6delda.","robots":{"index":"index","follow":"follow","max-snippet":"max-snippet:-1","max-image-preview":"max-image-preview:large","max-video-preview":"max-video-preview:-1"},"canonical":"https:\/\/www.plaadimehed.ee\/product\/progress-messing-liist-12-mm-27-m\/","og_locale":"fi_FI","og_type":"article","og_title":"Progress Messing liist","og_description":"Progress messing L-profiil. Kasutatakse plaatimist\u00f6\u00f6del seina v\u00f5i p\u00f5randa v\u00e4lisnurkades ja \u00fclemineku kohtades. Messingud on v\u00f5imalik t\u00f6\u00f6delda.","og_url":"https:\/\/www.plaadimehed.ee\/product\/progress-messing-liist-12-mm-27-m\/","og_site_name":"Plaadimehed","article_modified_time":"2025-12-29T08:07:05+00:00","og_image":[{"width":282,"height":220,"url":"https:\/\/www.plaadimehed.ee\/wp-content\/uploads\/2023\/03\/messing.jpg","type":"image\/jpeg"}],"twitter_card":"summary_large_image","twitter_misc":{"Arvioitu lukuaika":"1 minuutti"},"schema":{"@context":"https:\/\/schema.org","@graph":[{"@type":"WebPage","@id":"https:\/\/www.plaadimehed.ee\/product\/progress-messing-liist-12-mm-27-m\/","url":"https:\/\/www.plaadimehed.ee\/product\/progress-messing-liist-12-mm-27-m\/","name":"Progress Messing liist 12.5mm 2.7m - Plaadimehed","isPartOf":{"@id":"https:\/\/www.plaadimehed.ee\/#website"},"primaryImageOfPage":{"@id":"https:\/\/www.plaadimehed.ee\/product\/progress-messing-liist-12-mm-27-m\/#primaryimage"},"image":{"@id":"https:\/\/www.plaadimehed.ee\/product\/progress-messing-liist-12-mm-27-m\/#primaryimage"},"thumbnailUrl":"https:\/\/www.plaadimehed.ee\/wp-content\/uploads\/2025\/10\/Progress-Messing-liist-12.5mm-2.7m-plaadimehed-plaatimine-tooriistad-muuk-rent.jpg","datePublished":"2025-10-13T06:23:08+00:00","dateModified":"2025-12-29T08:07:05+00:00","description":"Progress messing L-profiil. Kasutatakse plaatimist\u00f6\u00f6del seina v\u00f5i p\u00f5randa v\u00e4lisnurkades ja \u00fclemineku kohtades. Messingud on v\u00f5imalik t\u00f6\u00f6delda.","breadcrumb":{"@id":"https:\/\/www.plaadimehed.ee\/product\/progress-messing-liist-12-mm-27-m\/#breadcrumb"},"inLanguage":"fi","potentialAction":[{"@type":"ReadAction","target":["https:\/\/www.plaadimehed.ee\/product\/progress-messing-liist-12-mm-27-m\/"]}]},{"@type":"ImageObject","inLanguage":"fi","@id":"https:\/\/www.plaadimehed.ee\/product\/progress-messing-liist-12-mm-27-m\/#primaryimage","url":"https:\/\/www.plaadimehed.ee\/wp-content\/uploads\/2025\/10\/Progress-Messing-liist-12.5mm-2.7m-plaadimehed-plaatimine-tooriistad-muuk-rent.jpg","contentUrl":"https:\/\/www.plaadimehed.ee\/wp-content\/uploads\/2025\/10\/Progress-Messing-liist-12.5mm-2.7m-plaadimehed-plaatimine-tooriistad-muuk-rent.jpg","width":300,"height":300,"caption":"Progress Messing liist. Plaadimehed - plaatimine, t\u00f6\u00f6riistad m\u00fc\u00fck ja rent"},{"@type":"BreadcrumbList","@id":"https:\/\/www.plaadimehed.ee\/product\/progress-messing-liist-12-mm-27-m\/#breadcrumb","itemListElement":[{"@type":"ListItem","position":1,"name":"Home","item":"https:\/\/www.plaadimehed.ee\/fi\/"},{"@type":"ListItem","position":2,"name":"Verkkokauppa","item":"https:\/\/www.plaadimehed.ee\/fi\/shop\/"},{"@type":"ListItem","position":3,"name":"Progress Messing liist 12.5mm 2.7m"}]},{"@type":"WebSite","@id":"https:\/\/www.plaadimehed.ee\/#website","url":"https:\/\/www.plaadimehed.ee\/","name":"Plaadimehed","description":"Plaatimist\u00f6\u00f6deks vajalikud tarvikud ja t\u00f6\u00f6riistad","publisher":{"@id":"https:\/\/www.plaadimehed.ee\/#organization"},"potentialAction":[{"@type":"SearchAction","target":{"@type":"EntryPoint","urlTemplate":"https:\/\/www.plaadimehed.ee\/?s={search_term_string}"},"query-input":{"@type":"PropertyValueSpecification","valueRequired":true,"valueName":"search_term_string"}}],"inLanguage":"fi"},{"@type":"Organization","@id":"https:\/\/www.plaadimehed.ee\/#organization","name":"Plaadimehed","url":"https:\/\/www.plaadimehed.ee\/","logo":{"@type":"ImageObject","inLanguage":"fi","@id":"https:\/\/www.plaadimehed.ee\/#\/schema\/logo\/image\/","url":"https:\/\/www.plaadimehed.ee\/wp-content\/uploads\/2024\/05\/plaadimehed-logo.svg","contentUrl":"https:\/\/www.plaadimehed.ee\/wp-content\/uploads\/2024\/05\/plaadimehed-logo.svg","width":266,"height":72,"caption":"Plaadimehed"},"image":{"@id":"https:\/\/www.plaadimehed.ee\/#\/schema\/logo\/image\/"}}]}},"_links":{"self":[{"href":"https:\/\/www.plaadimehed.ee\/fi\/wp-json\/wp\/v2\/product\/16575","targetHints":{"allow":["GET"]}}],"collection":[{"href":"https:\/\/www.plaadimehed.ee\/fi\/wp-json\/wp\/v2\/product"}],"about":[{"href":"https:\/\/www.plaadimehed.ee\/fi\/wp-json\/wp\/v2\/types\/product"}],"wp:featuredmedia":[{"embeddable":true,"href":"https:\/\/www.plaadimehed.ee\/fi\/wp-json\/wp\/v2\/media\/17076"}],"wp:attachment":[{"href":"https:\/\/www.plaadimehed.ee\/fi\/wp-json\/wp\/v2\/media?parent=16575"}],"wp:term":[{"taxonomy":"product_brand","embeddable":true,"href":"https:\/\/www.plaadimehed.ee\/fi\/wp-json\/wp\/v2\/product_brand?post=16575"},{"taxonomy":"product_cat","embeddable":true,"href":"https:\/\/www.plaadimehed.ee\/fi\/wp-json\/wp\/v2\/product_cat?post=16575"},{"taxonomy":"product_tag","embeddable":true,"href":"https:\/\/www.plaadimehed.ee\/fi\/wp-json\/wp\/v2\/product_tag?post=16575"}],"curies":[{"name":"wp","href":"https:\/\/api.w.org\/{rel}","templated":true}]}}