{"id":16749,"date":"2025-11-05T12:50:08","date_gmt":"2025-11-05T10:50:08","guid":{"rendered":"https:\/\/www.plaadimehed.ee\/?post_type=product&#038;p=16749"},"modified":"2025-11-17T14:13:59","modified_gmt":"2025-11-17T12:13:59","slug":"kerakoll-fuga-shock","status":"publish","type":"product","link":"https:\/\/www.plaadimehed.ee\/fi\/product\/kerakoll-fuga-shock\/","title":{"rendered":"Kerakoll Fuga-Shock Eco 1l"},"content":{"rendered":"<p data-start=\"180\" data-end=\"491\">Kerakoll on rahvusvaheline ettev\u00f5te, mis toodab ehitusmaterjale ja ehituskeemiat, olles laialdaselt tuntud oma innovatiivsete, keskkonnas\u00f5bralike ja professionaalsete toodete poolest. Ettev\u00f5te on spetsialiseerunud lahendustele, mis \u00fchendavad tehnilise j\u00f5udluse, ohutuse ja keskkonnas\u00e4\u00e4stlikkuse.<\/p>\n","protected":false},"excerpt":{"rendered":"<p>Kerakoll Fuga-shock Eco 1l<\/p>\n<p>\u25cf Kasutusvalmis epoks\u00fcvaikude j\u00e4\u00e4kide ja triipude eemaldamiseks j\u00e4relpesuainena<br \/>\n\u25cf Tugevalt s\u00f6\u00f6vitav puhastusvahend ei sobi looduskividele<br \/>\n\u25cf Kanda pinnale ja lasta toimida 10-15 min<br \/>\n\u25cf Sobib keraamiliste, portselanist plaatide ja klaasmosaiikpindadele j\u00e4\u00e4nud epo j\u00e4\u00e4kide eemaldamiseks<br \/>\n\u25cf V\u00e4ltida kokkupuudet nahaga, kasutada ventileeritud ruumis<\/p>\n<p><img loading=\"lazy\" decoding=\"async\" class=\"\" src=\"https:\/\/www.plaadimehed.ee\/wp-content\/uploads\/2021\/05\/bdf-logo.png\" width=\"38\" height=\"38\" \/><a href=\"https:\/\/www.plaadimehed.ee\/wp-content\/uploads\/2025\/11\/Kerakoll-Fuga-Shock-Eco-infoleht.pdf\">Kerakoll Fuga Shock Eco infoleht<\/a><\/p>\n","protected":false},"featured_media":16750,"template":"","meta":{"_acf_changed":false},"product_brand":[258],"product_cat":[172],"product_tag":[],"class_list":{"0":"post-16749","1":"product","2":"type-product","3":"status-publish","4":"has-post-thumbnail","6":"product_brand-kerakoll","7":"product_cat-puhastusained","9":"first","10":"instock","11":"taxable","12":"shipping-taxable","13":"purchasable","14":"product-type-simple"},"acf":[],"yoast_head":"<!-- This site is optimized with the Yoast SEO plugin v27.0 - https:\/\/yoast.com\/product\/yoast-seo-wordpress\/ -->\n<title>Kerakoll Fuga-Shock Eco 1l - Plaadimehed<\/title>\n<meta name=\"description\" content=\"Kerakoll Fuga-Shock Eco 1l kasutamisvalmis puhastusvahend epoks\u00fcvaikude j\u00e4\u00e4kide eemaldamiseks. Kasutamiseks j\u00e4relpesuainena.\" \/>\n<meta name=\"robots\" content=\"index, follow, max-snippet:-1, max-image-preview:large, max-video-preview:-1\" \/>\n<link rel=\"canonical\" href=\"https:\/\/www.plaadimehed.ee\/product\/kerakoll-fuga-shock\/\" \/>\n<meta property=\"og:locale\" content=\"fi_FI\" \/>\n<meta property=\"og:type\" content=\"article\" \/>\n<meta property=\"og:title\" content=\"Kerakoll Fuga-Shock Eco 1l\" \/>\n<meta property=\"og:description\" content=\"Kerakoll Fuga-Shock Eco 1l kasutamisvalmis puhastusvahend epoks\u00fcvaikude j\u00e4\u00e4kide eemaldamiseks. Kasutamiseks j\u00e4relpesuainena.\" \/>\n<meta property=\"og:url\" content=\"https:\/\/www.plaadimehed.ee\/product\/kerakoll-fuga-shock\/\" \/>\n<meta property=\"og:site_name\" content=\"Plaadimehed\" \/>\n<meta property=\"article:modified_time\" content=\"2025-11-17T12:13:59+00:00\" \/>\n<meta property=\"og:image\" content=\"https:\/\/www.plaadimehed.ee\/wp-content\/uploads\/2025\/10\/Kerakoll-shock.png\" \/>\n\t<meta property=\"og:image:width\" content=\"1024\" \/>\n\t<meta property=\"og:image:height\" content=\"1024\" \/>\n\t<meta property=\"og:image:type\" content=\"image\/png\" \/>\n<meta name=\"twitter:card\" content=\"summary_large_image\" \/>\n<meta name=\"twitter:label1\" content=\"Arvioitu lukuaika\" \/>\n\t<meta name=\"twitter:data1\" content=\"1 minuutti\" \/>\n<script type=\"application\/ld+json\" class=\"yoast-schema-graph\">{\"@context\":\"https:\/\/schema.org\",\"@graph\":[{\"@type\":\"WebPage\",\"@id\":\"https:\/\/www.plaadimehed.ee\/product\/kerakoll-fuga-shock\/\",\"url\":\"https:\/\/www.plaadimehed.ee\/product\/kerakoll-fuga-shock\/\",\"name\":\"Kerakoll Fuga-Shock Eco 1l - Plaadimehed\",\"isPartOf\":{\"@id\":\"https:\/\/www.plaadimehed.ee\/#website\"},\"primaryImageOfPage\":{\"@id\":\"https:\/\/www.plaadimehed.ee\/product\/kerakoll-fuga-shock\/#primaryimage\"},\"image\":{\"@id\":\"https:\/\/www.plaadimehed.ee\/product\/kerakoll-fuga-shock\/#primaryimage\"},\"thumbnailUrl\":\"https:\/\/www.plaadimehed.ee\/wp-content\/uploads\/2025\/10\/Kerakoll-shock.png\",\"datePublished\":\"2025-11-05T10:50:08+00:00\",\"dateModified\":\"2025-11-17T12:13:59+00:00\",\"description\":\"Kerakoll Fuga-Shock Eco 1l kasutamisvalmis puhastusvahend epoks\u00fcvaikude j\u00e4\u00e4kide eemaldamiseks. Kasutamiseks j\u00e4relpesuainena.\",\"breadcrumb\":{\"@id\":\"https:\/\/www.plaadimehed.ee\/product\/kerakoll-fuga-shock\/#breadcrumb\"},\"inLanguage\":\"fi\",\"potentialAction\":[{\"@type\":\"ReadAction\",\"target\":[\"https:\/\/www.plaadimehed.ee\/product\/kerakoll-fuga-shock\/\"]}]},{\"@type\":\"ImageObject\",\"inLanguage\":\"fi\",\"@id\":\"https:\/\/www.plaadimehed.ee\/product\/kerakoll-fuga-shock\/#primaryimage\",\"url\":\"https:\/\/www.plaadimehed.ee\/wp-content\/uploads\/2025\/10\/Kerakoll-shock.png\",\"contentUrl\":\"https:\/\/www.plaadimehed.ee\/wp-content\/uploads\/2025\/10\/Kerakoll-shock.png\",\"width\":1024,\"height\":1024,\"caption\":\"Kerakoll Fuga-Shock eco\"},{\"@type\":\"BreadcrumbList\",\"@id\":\"https:\/\/www.plaadimehed.ee\/product\/kerakoll-fuga-shock\/#breadcrumb\",\"itemListElement\":[{\"@type\":\"ListItem\",\"position\":1,\"name\":\"Home\",\"item\":\"https:\/\/www.plaadimehed.ee\/fi\/\"},{\"@type\":\"ListItem\",\"position\":2,\"name\":\"Verkkokauppa\",\"item\":\"https:\/\/www.plaadimehed.ee\/fi\/shop\/\"},{\"@type\":\"ListItem\",\"position\":3,\"name\":\"Kerakoll Fuga-Shock Eco 1l\"}]},{\"@type\":\"WebSite\",\"@id\":\"https:\/\/www.plaadimehed.ee\/#website\",\"url\":\"https:\/\/www.plaadimehed.ee\/\",\"name\":\"Plaadimehed\",\"description\":\"Plaatimist\u00f6\u00f6deks vajalikud tarvikud ja t\u00f6\u00f6riistad\",\"publisher\":{\"@id\":\"https:\/\/www.plaadimehed.ee\/#organization\"},\"potentialAction\":[{\"@type\":\"SearchAction\",\"target\":{\"@type\":\"EntryPoint\",\"urlTemplate\":\"https:\/\/www.plaadimehed.ee\/?s={search_term_string}\"},\"query-input\":{\"@type\":\"PropertyValueSpecification\",\"valueRequired\":true,\"valueName\":\"search_term_string\"}}],\"inLanguage\":\"fi\"},{\"@type\":\"Organization\",\"@id\":\"https:\/\/www.plaadimehed.ee\/#organization\",\"name\":\"Plaadimehed\",\"url\":\"https:\/\/www.plaadimehed.ee\/\",\"logo\":{\"@type\":\"ImageObject\",\"inLanguage\":\"fi\",\"@id\":\"https:\/\/www.plaadimehed.ee\/#\/schema\/logo\/image\/\",\"url\":\"https:\/\/www.plaadimehed.ee\/wp-content\/uploads\/2024\/05\/plaadimehed-logo.svg\",\"contentUrl\":\"https:\/\/www.plaadimehed.ee\/wp-content\/uploads\/2024\/05\/plaadimehed-logo.svg\",\"width\":266,\"height\":72,\"caption\":\"Plaadimehed\"},\"image\":{\"@id\":\"https:\/\/www.plaadimehed.ee\/#\/schema\/logo\/image\/\"}}]}<\/script>\n<!-- \/ Yoast SEO plugin. -->","yoast_head_json":{"title":"Kerakoll Fuga-Shock Eco 1l - Plaadimehed","description":"Kerakoll Fuga-Shock Eco 1l kasutamisvalmis puhastusvahend epoks\u00fcvaikude j\u00e4\u00e4kide eemaldamiseks. Kasutamiseks j\u00e4relpesuainena.","robots":{"index":"index","follow":"follow","max-snippet":"max-snippet:-1","max-image-preview":"max-image-preview:large","max-video-preview":"max-video-preview:-1"},"canonical":"https:\/\/www.plaadimehed.ee\/product\/kerakoll-fuga-shock\/","og_locale":"fi_FI","og_type":"article","og_title":"Kerakoll Fuga-Shock Eco 1l","og_description":"Kerakoll Fuga-Shock Eco 1l kasutamisvalmis puhastusvahend epoks\u00fcvaikude j\u00e4\u00e4kide eemaldamiseks. Kasutamiseks j\u00e4relpesuainena.","og_url":"https:\/\/www.plaadimehed.ee\/product\/kerakoll-fuga-shock\/","og_site_name":"Plaadimehed","article_modified_time":"2025-11-17T12:13:59+00:00","og_image":[{"width":1024,"height":1024,"url":"https:\/\/www.plaadimehed.ee\/wp-content\/uploads\/2025\/10\/Kerakoll-shock.png","type":"image\/png"}],"twitter_card":"summary_large_image","twitter_misc":{"Arvioitu lukuaika":"1 minuutti"},"schema":{"@context":"https:\/\/schema.org","@graph":[{"@type":"WebPage","@id":"https:\/\/www.plaadimehed.ee\/product\/kerakoll-fuga-shock\/","url":"https:\/\/www.plaadimehed.ee\/product\/kerakoll-fuga-shock\/","name":"Kerakoll Fuga-Shock Eco 1l - Plaadimehed","isPartOf":{"@id":"https:\/\/www.plaadimehed.ee\/#website"},"primaryImageOfPage":{"@id":"https:\/\/www.plaadimehed.ee\/product\/kerakoll-fuga-shock\/#primaryimage"},"image":{"@id":"https:\/\/www.plaadimehed.ee\/product\/kerakoll-fuga-shock\/#primaryimage"},"thumbnailUrl":"https:\/\/www.plaadimehed.ee\/wp-content\/uploads\/2025\/10\/Kerakoll-shock.png","datePublished":"2025-11-05T10:50:08+00:00","dateModified":"2025-11-17T12:13:59+00:00","description":"Kerakoll Fuga-Shock Eco 1l kasutamisvalmis puhastusvahend epoks\u00fcvaikude j\u00e4\u00e4kide eemaldamiseks. Kasutamiseks j\u00e4relpesuainena.","breadcrumb":{"@id":"https:\/\/www.plaadimehed.ee\/product\/kerakoll-fuga-shock\/#breadcrumb"},"inLanguage":"fi","potentialAction":[{"@type":"ReadAction","target":["https:\/\/www.plaadimehed.ee\/product\/kerakoll-fuga-shock\/"]}]},{"@type":"ImageObject","inLanguage":"fi","@id":"https:\/\/www.plaadimehed.ee\/product\/kerakoll-fuga-shock\/#primaryimage","url":"https:\/\/www.plaadimehed.ee\/wp-content\/uploads\/2025\/10\/Kerakoll-shock.png","contentUrl":"https:\/\/www.plaadimehed.ee\/wp-content\/uploads\/2025\/10\/Kerakoll-shock.png","width":1024,"height":1024,"caption":"Kerakoll Fuga-Shock eco"},{"@type":"BreadcrumbList","@id":"https:\/\/www.plaadimehed.ee\/product\/kerakoll-fuga-shock\/#breadcrumb","itemListElement":[{"@type":"ListItem","position":1,"name":"Home","item":"https:\/\/www.plaadimehed.ee\/fi\/"},{"@type":"ListItem","position":2,"name":"Verkkokauppa","item":"https:\/\/www.plaadimehed.ee\/fi\/shop\/"},{"@type":"ListItem","position":3,"name":"Kerakoll Fuga-Shock Eco 1l"}]},{"@type":"WebSite","@id":"https:\/\/www.plaadimehed.ee\/#website","url":"https:\/\/www.plaadimehed.ee\/","name":"Plaadimehed","description":"Plaatimist\u00f6\u00f6deks vajalikud tarvikud ja t\u00f6\u00f6riistad","publisher":{"@id":"https:\/\/www.plaadimehed.ee\/#organization"},"potentialAction":[{"@type":"SearchAction","target":{"@type":"EntryPoint","urlTemplate":"https:\/\/www.plaadimehed.ee\/?s={search_term_string}"},"query-input":{"@type":"PropertyValueSpecification","valueRequired":true,"valueName":"search_term_string"}}],"inLanguage":"fi"},{"@type":"Organization","@id":"https:\/\/www.plaadimehed.ee\/#organization","name":"Plaadimehed","url":"https:\/\/www.plaadimehed.ee\/","logo":{"@type":"ImageObject","inLanguage":"fi","@id":"https:\/\/www.plaadimehed.ee\/#\/schema\/logo\/image\/","url":"https:\/\/www.plaadimehed.ee\/wp-content\/uploads\/2024\/05\/plaadimehed-logo.svg","contentUrl":"https:\/\/www.plaadimehed.ee\/wp-content\/uploads\/2024\/05\/plaadimehed-logo.svg","width":266,"height":72,"caption":"Plaadimehed"},"image":{"@id":"https:\/\/www.plaadimehed.ee\/#\/schema\/logo\/image\/"}}]}},"_links":{"self":[{"href":"https:\/\/www.plaadimehed.ee\/fi\/wp-json\/wp\/v2\/product\/16749","targetHints":{"allow":["GET"]}}],"collection":[{"href":"https:\/\/www.plaadimehed.ee\/fi\/wp-json\/wp\/v2\/product"}],"about":[{"href":"https:\/\/www.plaadimehed.ee\/fi\/wp-json\/wp\/v2\/types\/product"}],"wp:featuredmedia":[{"embeddable":true,"href":"https:\/\/www.plaadimehed.ee\/fi\/wp-json\/wp\/v2\/media\/16750"}],"wp:attachment":[{"href":"https:\/\/www.plaadimehed.ee\/fi\/wp-json\/wp\/v2\/media?parent=16749"}],"wp:term":[{"taxonomy":"product_brand","embeddable":true,"href":"https:\/\/www.plaadimehed.ee\/fi\/wp-json\/wp\/v2\/product_brand?post=16749"},{"taxonomy":"product_cat","embeddable":true,"href":"https:\/\/www.plaadimehed.ee\/fi\/wp-json\/wp\/v2\/product_cat?post=16749"},{"taxonomy":"product_tag","embeddable":true,"href":"https:\/\/www.plaadimehed.ee\/fi\/wp-json\/wp\/v2\/product_tag?post=16749"}],"curies":[{"name":"wp","href":"https:\/\/api.w.org\/{rel}","templated":true}]}}