{"id":16868,"date":"2025-11-04T13:36:34","date_gmt":"2025-11-04T11:36:34","guid":{"rendered":"https:\/\/www.plaadimehed.ee\/?post_type=product&#038;p=16868"},"modified":"2026-04-08T09:34:07","modified_gmt":"2026-04-08T07:34:07","slug":"distar-mini-ketasloikuri-teemantketas-mastercut","status":"publish","type":"product","link":"https:\/\/www.plaadimehed.ee\/fi\/product\/distar-mini-ketasloikuri-teemantketas-mastercut\/","title":{"rendered":"Distar Mini-ketasl\u00f5ikuri teemantketas MasterCut"},"content":{"rendered":"<p>Proxxoni ja Dremeli mini-ketasl\u00f5ikuri teemantketas puhtaks l\u00f5ikeks.<\/p>\n<p>45 mm * 0,8 mm MasterCut<\/p>\n","protected":false},"excerpt":{"rendered":"<p>\u25cf Mini-ketasl\u00f5ikuri teemantketas 45 mm * 0,8 mm<br \/>\n\u25cf Teemantpuruga ketas puhtaks l\u00f5ikeks<br \/>\n\u25cf Kasutamiseks kuivalt ja m\u00e4rjalt.<br \/>\n\u25cf Sobib keraamiliste plaatide ja klaasi l\u00f5ikamiseks<\/p>\n","protected":false},"featured_media":16869,"template":"","meta":{"_acf_changed":false},"product_brand":[53],"product_cat":[289,60],"product_tag":[],"class_list":{"0":"post-16868","1":"product","2":"type-product","3":"status-publish","4":"has-post-thumbnail","6":"product_brand-distar","7":"product_cat-kettad","8":"product_cat-slabi-suuremootmeline-plaat-tooriistad","10":"first","11":"outofstock","12":"taxable","13":"shipping-taxable","14":"purchasable","15":"product-type-simple"},"acf":[],"yoast_head":"<!-- This site is optimized with the Yoast SEO plugin v27.0 - https:\/\/yoast.com\/product\/yoast-seo-wordpress\/ -->\n<title>Distar Mini-ketasl\u00f5ikuri teemantketas MasterCut - Plaadimehed<\/title>\n<meta name=\"description\" content=\"Proxxon ja Dremel mini-ketasl\u00f5ikuri teemantketas. M\u00f5eldud kuivalt v\u00f5i m\u00e4rjalt kasutamiseks. Puhta l\u00f5ikega miniketas. Ketta paksus 0,8 mm.\" \/>\n<meta name=\"robots\" content=\"index, follow, max-snippet:-1, max-image-preview:large, max-video-preview:-1\" \/>\n<link rel=\"canonical\" href=\"https:\/\/www.plaadimehed.ee\/product\/distar-mini-ketasloikuri-teemantketas-mastercut\/\" \/>\n<meta property=\"og:locale\" content=\"fi_FI\" \/>\n<meta property=\"og:type\" content=\"article\" \/>\n<meta property=\"og:title\" content=\"Distar Mini-ketasl\u00f5ikuri teemantketas MasterCut\" \/>\n<meta property=\"og:description\" content=\"Proxxon ja Dremel mini-ketasl\u00f5ikuri teemantketas. M\u00f5eldud kuivalt v\u00f5i m\u00e4rjalt kasutamiseks. Puhta l\u00f5ikega miniketas. Ketta paksus 0,8 mm.\" \/>\n<meta property=\"og:url\" content=\"https:\/\/www.plaadimehed.ee\/product\/distar-mini-ketasloikuri-teemantketas-mastercut\/\" \/>\n<meta property=\"og:site_name\" content=\"Plaadimehed\" \/>\n<meta property=\"article:modified_time\" content=\"2026-04-08T07:34:07+00:00\" \/>\n<meta property=\"og:image\" content=\"https:\/\/www.plaadimehed.ee\/wp-content\/uploads\/2025\/11\/distar-mini-mastercut.png\" \/>\n\t<meta property=\"og:image:width\" content=\"1200\" \/>\n\t<meta property=\"og:image:height\" content=\"1200\" \/>\n\t<meta property=\"og:image:type\" content=\"image\/png\" \/>\n<meta name=\"twitter:card\" content=\"summary_large_image\" \/>\n<meta name=\"twitter:label1\" content=\"Arvioitu lukuaika\" \/>\n\t<meta name=\"twitter:data1\" content=\"1 minuutti\" \/>\n<script type=\"application\/ld+json\" class=\"yoast-schema-graph\">{\"@context\":\"https:\/\/schema.org\",\"@graph\":[{\"@type\":\"WebPage\",\"@id\":\"https:\/\/www.plaadimehed.ee\/product\/distar-mini-ketasloikuri-teemantketas-mastercut\/\",\"url\":\"https:\/\/www.plaadimehed.ee\/product\/distar-mini-ketasloikuri-teemantketas-mastercut\/\",\"name\":\"Distar Mini-ketasl\u00f5ikuri teemantketas MasterCut - Plaadimehed\",\"isPartOf\":{\"@id\":\"https:\/\/www.plaadimehed.ee\/#website\"},\"primaryImageOfPage\":{\"@id\":\"https:\/\/www.plaadimehed.ee\/product\/distar-mini-ketasloikuri-teemantketas-mastercut\/#primaryimage\"},\"image\":{\"@id\":\"https:\/\/www.plaadimehed.ee\/product\/distar-mini-ketasloikuri-teemantketas-mastercut\/#primaryimage\"},\"thumbnailUrl\":\"https:\/\/www.plaadimehed.ee\/wp-content\/uploads\/2025\/11\/distar-mini-mastercut.png\",\"datePublished\":\"2025-11-04T11:36:34+00:00\",\"dateModified\":\"2026-04-08T07:34:07+00:00\",\"description\":\"Proxxon ja Dremel mini-ketasl\u00f5ikuri teemantketas. M\u00f5eldud kuivalt v\u00f5i m\u00e4rjalt kasutamiseks. Puhta l\u00f5ikega miniketas. Ketta paksus 0,8 mm.\",\"breadcrumb\":{\"@id\":\"https:\/\/www.plaadimehed.ee\/product\/distar-mini-ketasloikuri-teemantketas-mastercut\/#breadcrumb\"},\"inLanguage\":\"fi\",\"potentialAction\":[{\"@type\":\"ReadAction\",\"target\":[\"https:\/\/www.plaadimehed.ee\/product\/distar-mini-ketasloikuri-teemantketas-mastercut\/\"]}]},{\"@type\":\"ImageObject\",\"inLanguage\":\"fi\",\"@id\":\"https:\/\/www.plaadimehed.ee\/product\/distar-mini-ketasloikuri-teemantketas-mastercut\/#primaryimage\",\"url\":\"https:\/\/www.plaadimehed.ee\/wp-content\/uploads\/2025\/11\/distar-mini-mastercut.png\",\"contentUrl\":\"https:\/\/www.plaadimehed.ee\/wp-content\/uploads\/2025\/11\/distar-mini-mastercut.png\",\"width\":1200,\"height\":1200,\"caption\":\"Distar Mini-ketasl\u00f5ikuri teemantketas MasterCut\"},{\"@type\":\"BreadcrumbList\",\"@id\":\"https:\/\/www.plaadimehed.ee\/product\/distar-mini-ketasloikuri-teemantketas-mastercut\/#breadcrumb\",\"itemListElement\":[{\"@type\":\"ListItem\",\"position\":1,\"name\":\"Home\",\"item\":\"https:\/\/www.plaadimehed.ee\/fi\/\"},{\"@type\":\"ListItem\",\"position\":2,\"name\":\"Verkkokauppa\",\"item\":\"https:\/\/www.plaadimehed.ee\/fi\/shop\/\"},{\"@type\":\"ListItem\",\"position\":3,\"name\":\"Distar Mini-ketasl\u00f5ikuri teemantketas MasterCut\"}]},{\"@type\":\"WebSite\",\"@id\":\"https:\/\/www.plaadimehed.ee\/#website\",\"url\":\"https:\/\/www.plaadimehed.ee\/\",\"name\":\"Plaadimehed\",\"description\":\"Plaatimist\u00f6\u00f6deks vajalikud tarvikud ja t\u00f6\u00f6riistad\",\"publisher\":{\"@id\":\"https:\/\/www.plaadimehed.ee\/#organization\"},\"potentialAction\":[{\"@type\":\"SearchAction\",\"target\":{\"@type\":\"EntryPoint\",\"urlTemplate\":\"https:\/\/www.plaadimehed.ee\/?s={search_term_string}\"},\"query-input\":{\"@type\":\"PropertyValueSpecification\",\"valueRequired\":true,\"valueName\":\"search_term_string\"}}],\"inLanguage\":\"fi\"},{\"@type\":\"Organization\",\"@id\":\"https:\/\/www.plaadimehed.ee\/#organization\",\"name\":\"Plaadimehed\",\"url\":\"https:\/\/www.plaadimehed.ee\/\",\"logo\":{\"@type\":\"ImageObject\",\"inLanguage\":\"fi\",\"@id\":\"https:\/\/www.plaadimehed.ee\/#\/schema\/logo\/image\/\",\"url\":\"https:\/\/www.plaadimehed.ee\/wp-content\/uploads\/2024\/05\/plaadimehed-logo.svg\",\"contentUrl\":\"https:\/\/www.plaadimehed.ee\/wp-content\/uploads\/2024\/05\/plaadimehed-logo.svg\",\"width\":266,\"height\":72,\"caption\":\"Plaadimehed\"},\"image\":{\"@id\":\"https:\/\/www.plaadimehed.ee\/#\/schema\/logo\/image\/\"}}]}<\/script>\n<!-- \/ Yoast SEO plugin. -->","yoast_head_json":{"title":"Distar Mini-ketasl\u00f5ikuri teemantketas MasterCut - Plaadimehed","description":"Proxxon ja Dremel mini-ketasl\u00f5ikuri teemantketas. M\u00f5eldud kuivalt v\u00f5i m\u00e4rjalt kasutamiseks. Puhta l\u00f5ikega miniketas. Ketta paksus 0,8 mm.","robots":{"index":"index","follow":"follow","max-snippet":"max-snippet:-1","max-image-preview":"max-image-preview:large","max-video-preview":"max-video-preview:-1"},"canonical":"https:\/\/www.plaadimehed.ee\/product\/distar-mini-ketasloikuri-teemantketas-mastercut\/","og_locale":"fi_FI","og_type":"article","og_title":"Distar Mini-ketasl\u00f5ikuri teemantketas MasterCut","og_description":"Proxxon ja Dremel mini-ketasl\u00f5ikuri teemantketas. M\u00f5eldud kuivalt v\u00f5i m\u00e4rjalt kasutamiseks. Puhta l\u00f5ikega miniketas. Ketta paksus 0,8 mm.","og_url":"https:\/\/www.plaadimehed.ee\/product\/distar-mini-ketasloikuri-teemantketas-mastercut\/","og_site_name":"Plaadimehed","article_modified_time":"2026-04-08T07:34:07+00:00","og_image":[{"width":1200,"height":1200,"url":"https:\/\/www.plaadimehed.ee\/wp-content\/uploads\/2025\/11\/distar-mini-mastercut.png","type":"image\/png"}],"twitter_card":"summary_large_image","twitter_misc":{"Arvioitu lukuaika":"1 minuutti"},"schema":{"@context":"https:\/\/schema.org","@graph":[{"@type":"WebPage","@id":"https:\/\/www.plaadimehed.ee\/product\/distar-mini-ketasloikuri-teemantketas-mastercut\/","url":"https:\/\/www.plaadimehed.ee\/product\/distar-mini-ketasloikuri-teemantketas-mastercut\/","name":"Distar Mini-ketasl\u00f5ikuri teemantketas MasterCut - Plaadimehed","isPartOf":{"@id":"https:\/\/www.plaadimehed.ee\/#website"},"primaryImageOfPage":{"@id":"https:\/\/www.plaadimehed.ee\/product\/distar-mini-ketasloikuri-teemantketas-mastercut\/#primaryimage"},"image":{"@id":"https:\/\/www.plaadimehed.ee\/product\/distar-mini-ketasloikuri-teemantketas-mastercut\/#primaryimage"},"thumbnailUrl":"https:\/\/www.plaadimehed.ee\/wp-content\/uploads\/2025\/11\/distar-mini-mastercut.png","datePublished":"2025-11-04T11:36:34+00:00","dateModified":"2026-04-08T07:34:07+00:00","description":"Proxxon ja Dremel mini-ketasl\u00f5ikuri teemantketas. M\u00f5eldud kuivalt v\u00f5i m\u00e4rjalt kasutamiseks. Puhta l\u00f5ikega miniketas. Ketta paksus 0,8 mm.","breadcrumb":{"@id":"https:\/\/www.plaadimehed.ee\/product\/distar-mini-ketasloikuri-teemantketas-mastercut\/#breadcrumb"},"inLanguage":"fi","potentialAction":[{"@type":"ReadAction","target":["https:\/\/www.plaadimehed.ee\/product\/distar-mini-ketasloikuri-teemantketas-mastercut\/"]}]},{"@type":"ImageObject","inLanguage":"fi","@id":"https:\/\/www.plaadimehed.ee\/product\/distar-mini-ketasloikuri-teemantketas-mastercut\/#primaryimage","url":"https:\/\/www.plaadimehed.ee\/wp-content\/uploads\/2025\/11\/distar-mini-mastercut.png","contentUrl":"https:\/\/www.plaadimehed.ee\/wp-content\/uploads\/2025\/11\/distar-mini-mastercut.png","width":1200,"height":1200,"caption":"Distar Mini-ketasl\u00f5ikuri teemantketas MasterCut"},{"@type":"BreadcrumbList","@id":"https:\/\/www.plaadimehed.ee\/product\/distar-mini-ketasloikuri-teemantketas-mastercut\/#breadcrumb","itemListElement":[{"@type":"ListItem","position":1,"name":"Home","item":"https:\/\/www.plaadimehed.ee\/fi\/"},{"@type":"ListItem","position":2,"name":"Verkkokauppa","item":"https:\/\/www.plaadimehed.ee\/fi\/shop\/"},{"@type":"ListItem","position":3,"name":"Distar Mini-ketasl\u00f5ikuri teemantketas MasterCut"}]},{"@type":"WebSite","@id":"https:\/\/www.plaadimehed.ee\/#website","url":"https:\/\/www.plaadimehed.ee\/","name":"Plaadimehed","description":"Plaatimist\u00f6\u00f6deks vajalikud tarvikud ja t\u00f6\u00f6riistad","publisher":{"@id":"https:\/\/www.plaadimehed.ee\/#organization"},"potentialAction":[{"@type":"SearchAction","target":{"@type":"EntryPoint","urlTemplate":"https:\/\/www.plaadimehed.ee\/?s={search_term_string}"},"query-input":{"@type":"PropertyValueSpecification","valueRequired":true,"valueName":"search_term_string"}}],"inLanguage":"fi"},{"@type":"Organization","@id":"https:\/\/www.plaadimehed.ee\/#organization","name":"Plaadimehed","url":"https:\/\/www.plaadimehed.ee\/","logo":{"@type":"ImageObject","inLanguage":"fi","@id":"https:\/\/www.plaadimehed.ee\/#\/schema\/logo\/image\/","url":"https:\/\/www.plaadimehed.ee\/wp-content\/uploads\/2024\/05\/plaadimehed-logo.svg","contentUrl":"https:\/\/www.plaadimehed.ee\/wp-content\/uploads\/2024\/05\/plaadimehed-logo.svg","width":266,"height":72,"caption":"Plaadimehed"},"image":{"@id":"https:\/\/www.plaadimehed.ee\/#\/schema\/logo\/image\/"}}]}},"_links":{"self":[{"href":"https:\/\/www.plaadimehed.ee\/fi\/wp-json\/wp\/v2\/product\/16868","targetHints":{"allow":["GET"]}}],"collection":[{"href":"https:\/\/www.plaadimehed.ee\/fi\/wp-json\/wp\/v2\/product"}],"about":[{"href":"https:\/\/www.plaadimehed.ee\/fi\/wp-json\/wp\/v2\/types\/product"}],"wp:featuredmedia":[{"embeddable":true,"href":"https:\/\/www.plaadimehed.ee\/fi\/wp-json\/wp\/v2\/media\/16869"}],"wp:attachment":[{"href":"https:\/\/www.plaadimehed.ee\/fi\/wp-json\/wp\/v2\/media?parent=16868"}],"wp:term":[{"taxonomy":"product_brand","embeddable":true,"href":"https:\/\/www.plaadimehed.ee\/fi\/wp-json\/wp\/v2\/product_brand?post=16868"},{"taxonomy":"product_cat","embeddable":true,"href":"https:\/\/www.plaadimehed.ee\/fi\/wp-json\/wp\/v2\/product_cat?post=16868"},{"taxonomy":"product_tag","embeddable":true,"href":"https:\/\/www.plaadimehed.ee\/fi\/wp-json\/wp\/v2\/product_tag?post=16868"}],"curies":[{"name":"wp","href":"https:\/\/api.w.org\/{rel}","templated":true}]}}