{"id":16881,"date":"2025-11-05T13:16:07","date_gmt":"2025-11-05T11:16:07","guid":{"rendered":"https:\/\/www.plaadimehed.ee\/?post_type=product&#038;p=16881"},"modified":"2025-11-17T14:15:19","modified_gmt":"2025-11-17T12:15:19","slug":"kerakoll-fuga-wash","status":"publish","type":"product","link":"https:\/\/www.plaadimehed.ee\/fi\/product\/kerakoll-fuga-wash\/","title":{"rendered":"Kerakoll Fuga-wash Eco 1.5l"},"content":{"rendered":"<p data-start=\"180\" data-end=\"491\">Kerakoll on rahvusvaheline ettev\u00f5te, mis toodab ehitusmaterjale ja ehituskeemiat, olles laialdaselt tuntud oma innovatiivsete, keskkonnas\u00f5bralike ja professionaalsete toodete poolest. Ettev\u00f5te on spetsialiseerunud lahendustele, mis \u00fchendavad tehnilise j\u00f5udluse, ohutuse ja keskkonnas\u00e4\u00e4stlikkuse.<\/p>\n","protected":false},"excerpt":{"rendered":"<p>Kerakoll Fuga-Wash Eco 1,5 L<\/p>\n<p>\u25cf Vee lisand vuugipesuks<br \/>\n\u25cf Aitab pesta ja \u00fchtlustada epo vuuki<br \/>\n\u25cf Lisada vuugipesu \u00e4mbrisse 10 l veele 100 ml Fuga-Washi<br \/>\n\u25cf Hoiab pesuk\u00e4sna puhtamana ja pikendab t\u00f6\u00f6aega<br \/>\n\u25cf Sobib keraamiliste, portselanist plaatide ja klaasmosaiikpindade puhastamiseks<br \/>\n\u25cf V\u00e4ltida kokkupuudet nahaga, kasutada ventileeritud ruumis<\/p>\n<p><img loading=\"lazy\" decoding=\"async\" class=\"\" src=\"https:\/\/www.plaadimehed.ee\/wp-content\/uploads\/2021\/05\/bdf-logo.png\" width=\"38\" height=\"38\" \/><a href=\"https:\/\/www.plaadimehed.ee\/wp-content\/uploads\/2025\/11\/Fuga-Wash-Eco-infoleht.pdf\">Fuga-Wash Eco infoleht<\/a><\/p>\n","protected":false},"featured_media":16884,"template":"","meta":{"_acf_changed":false},"product_brand":[258],"product_cat":[172],"product_tag":[],"class_list":{"0":"post-16881","1":"product","2":"type-product","3":"status-publish","4":"has-post-thumbnail","6":"product_brand-kerakoll","7":"product_cat-puhastusained","9":"first","10":"instock","11":"taxable","12":"shipping-taxable","13":"purchasable","14":"product-type-simple"},"acf":[],"yoast_head":"<!-- This site is optimized with the Yoast SEO plugin v27.0 - https:\/\/yoast.com\/product\/yoast-seo-wordpress\/ -->\n<title>Kerakoll Fuga-wash Eco 1.5l - Plaadimehed<\/title>\n<meta name=\"description\" content=\"Kerakoll Fuga-Wash Eco 1,5 l puhastusvahend veele lisamiseks. Kasutamiseks epoksiid vuugisegude esimeseks pesuks. Hoiab k\u00e4sna puhtana ja kuivab j\u00e4\u00e4gitult.\" \/>\n<meta name=\"robots\" content=\"index, follow, max-snippet:-1, max-image-preview:large, max-video-preview:-1\" \/>\n<link rel=\"canonical\" href=\"https:\/\/www.plaadimehed.ee\/product\/kerakoll-fuga-wash\/\" \/>\n<meta property=\"og:locale\" content=\"fi_FI\" \/>\n<meta property=\"og:type\" content=\"article\" \/>\n<meta property=\"og:title\" content=\"Kerakoll Fuga-Wash Eco\" \/>\n<meta property=\"og:description\" content=\"Kerakoll Fuga-Wash Eco 1,5 l puhastusvahend veele lisamiseks. Kasutamiseks epoksiid vuugisegude esimeseks pesuks. Hoiab k\u00e4sna puhtana ja kuivab j\u00e4\u00e4gitult.\" \/>\n<meta property=\"og:url\" content=\"https:\/\/www.plaadimehed.ee\/product\/kerakoll-fuga-wash\/\" \/>\n<meta property=\"og:site_name\" content=\"Plaadimehed\" \/>\n<meta property=\"article:modified_time\" content=\"2025-11-17T12:15:19+00:00\" \/>\n<meta property=\"og:image\" content=\"https:\/\/www.plaadimehed.ee\/wp-content\/uploads\/2025\/11\/Kerakoll-Fuga-wash.png\" \/>\n\t<meta property=\"og:image:width\" content=\"770\" \/>\n\t<meta property=\"og:image:height\" content=\"770\" \/>\n\t<meta property=\"og:image:type\" content=\"image\/png\" \/>\n<meta name=\"twitter:card\" content=\"summary_large_image\" \/>\n<meta name=\"twitter:label1\" content=\"Arvioitu lukuaika\" \/>\n\t<meta name=\"twitter:data1\" content=\"1 minuutti\" \/>\n<script type=\"application\/ld+json\" class=\"yoast-schema-graph\">{\"@context\":\"https:\/\/schema.org\",\"@graph\":[{\"@type\":\"WebPage\",\"@id\":\"https:\/\/www.plaadimehed.ee\/product\/kerakoll-fuga-wash\/\",\"url\":\"https:\/\/www.plaadimehed.ee\/product\/kerakoll-fuga-wash\/\",\"name\":\"Kerakoll Fuga-wash Eco 1.5l - Plaadimehed\",\"isPartOf\":{\"@id\":\"https:\/\/www.plaadimehed.ee\/#website\"},\"primaryImageOfPage\":{\"@id\":\"https:\/\/www.plaadimehed.ee\/product\/kerakoll-fuga-wash\/#primaryimage\"},\"image\":{\"@id\":\"https:\/\/www.plaadimehed.ee\/product\/kerakoll-fuga-wash\/#primaryimage\"},\"thumbnailUrl\":\"https:\/\/www.plaadimehed.ee\/wp-content\/uploads\/2025\/11\/Kerakoll-Fuga-wash.png\",\"datePublished\":\"2025-11-05T11:16:07+00:00\",\"dateModified\":\"2025-11-17T12:15:19+00:00\",\"description\":\"Kerakoll Fuga-Wash Eco 1,5 l puhastusvahend veele lisamiseks. Kasutamiseks epoksiid vuugisegude esimeseks pesuks. Hoiab k\u00e4sna puhtana ja kuivab j\u00e4\u00e4gitult.\",\"breadcrumb\":{\"@id\":\"https:\/\/www.plaadimehed.ee\/product\/kerakoll-fuga-wash\/#breadcrumb\"},\"inLanguage\":\"fi\",\"potentialAction\":[{\"@type\":\"ReadAction\",\"target\":[\"https:\/\/www.plaadimehed.ee\/product\/kerakoll-fuga-wash\/\"]}]},{\"@type\":\"ImageObject\",\"inLanguage\":\"fi\",\"@id\":\"https:\/\/www.plaadimehed.ee\/product\/kerakoll-fuga-wash\/#primaryimage\",\"url\":\"https:\/\/www.plaadimehed.ee\/wp-content\/uploads\/2025\/11\/Kerakoll-Fuga-wash.png\",\"contentUrl\":\"https:\/\/www.plaadimehed.ee\/wp-content\/uploads\/2025\/11\/Kerakoll-Fuga-wash.png\",\"width\":770,\"height\":770,\"caption\":\"Kerakoll Fuga-wash Eco\"},{\"@type\":\"BreadcrumbList\",\"@id\":\"https:\/\/www.plaadimehed.ee\/product\/kerakoll-fuga-wash\/#breadcrumb\",\"itemListElement\":[{\"@type\":\"ListItem\",\"position\":1,\"name\":\"Home\",\"item\":\"https:\/\/www.plaadimehed.ee\/fi\/\"},{\"@type\":\"ListItem\",\"position\":2,\"name\":\"Verkkokauppa\",\"item\":\"https:\/\/www.plaadimehed.ee\/fi\/shop\/\"},{\"@type\":\"ListItem\",\"position\":3,\"name\":\"Kerakoll Fuga-wash Eco 1.5l\"}]},{\"@type\":\"WebSite\",\"@id\":\"https:\/\/www.plaadimehed.ee\/#website\",\"url\":\"https:\/\/www.plaadimehed.ee\/\",\"name\":\"Plaadimehed\",\"description\":\"Plaatimist\u00f6\u00f6deks vajalikud tarvikud ja t\u00f6\u00f6riistad\",\"publisher\":{\"@id\":\"https:\/\/www.plaadimehed.ee\/#organization\"},\"potentialAction\":[{\"@type\":\"SearchAction\",\"target\":{\"@type\":\"EntryPoint\",\"urlTemplate\":\"https:\/\/www.plaadimehed.ee\/?s={search_term_string}\"},\"query-input\":{\"@type\":\"PropertyValueSpecification\",\"valueRequired\":true,\"valueName\":\"search_term_string\"}}],\"inLanguage\":\"fi\"},{\"@type\":\"Organization\",\"@id\":\"https:\/\/www.plaadimehed.ee\/#organization\",\"name\":\"Plaadimehed\",\"url\":\"https:\/\/www.plaadimehed.ee\/\",\"logo\":{\"@type\":\"ImageObject\",\"inLanguage\":\"fi\",\"@id\":\"https:\/\/www.plaadimehed.ee\/#\/schema\/logo\/image\/\",\"url\":\"https:\/\/www.plaadimehed.ee\/wp-content\/uploads\/2024\/05\/plaadimehed-logo.svg\",\"contentUrl\":\"https:\/\/www.plaadimehed.ee\/wp-content\/uploads\/2024\/05\/plaadimehed-logo.svg\",\"width\":266,\"height\":72,\"caption\":\"Plaadimehed\"},\"image\":{\"@id\":\"https:\/\/www.plaadimehed.ee\/#\/schema\/logo\/image\/\"}}]}<\/script>\n<!-- \/ Yoast SEO plugin. -->","yoast_head_json":{"title":"Kerakoll Fuga-wash Eco 1.5l - Plaadimehed","description":"Kerakoll Fuga-Wash Eco 1,5 l puhastusvahend veele lisamiseks. Kasutamiseks epoksiid vuugisegude esimeseks pesuks. Hoiab k\u00e4sna puhtana ja kuivab j\u00e4\u00e4gitult.","robots":{"index":"index","follow":"follow","max-snippet":"max-snippet:-1","max-image-preview":"max-image-preview:large","max-video-preview":"max-video-preview:-1"},"canonical":"https:\/\/www.plaadimehed.ee\/product\/kerakoll-fuga-wash\/","og_locale":"fi_FI","og_type":"article","og_title":"Kerakoll Fuga-Wash Eco","og_description":"Kerakoll Fuga-Wash Eco 1,5 l puhastusvahend veele lisamiseks. Kasutamiseks epoksiid vuugisegude esimeseks pesuks. Hoiab k\u00e4sna puhtana ja kuivab j\u00e4\u00e4gitult.","og_url":"https:\/\/www.plaadimehed.ee\/product\/kerakoll-fuga-wash\/","og_site_name":"Plaadimehed","article_modified_time":"2025-11-17T12:15:19+00:00","og_image":[{"width":770,"height":770,"url":"https:\/\/www.plaadimehed.ee\/wp-content\/uploads\/2025\/11\/Kerakoll-Fuga-wash.png","type":"image\/png"}],"twitter_card":"summary_large_image","twitter_misc":{"Arvioitu lukuaika":"1 minuutti"},"schema":{"@context":"https:\/\/schema.org","@graph":[{"@type":"WebPage","@id":"https:\/\/www.plaadimehed.ee\/product\/kerakoll-fuga-wash\/","url":"https:\/\/www.plaadimehed.ee\/product\/kerakoll-fuga-wash\/","name":"Kerakoll Fuga-wash Eco 1.5l - Plaadimehed","isPartOf":{"@id":"https:\/\/www.plaadimehed.ee\/#website"},"primaryImageOfPage":{"@id":"https:\/\/www.plaadimehed.ee\/product\/kerakoll-fuga-wash\/#primaryimage"},"image":{"@id":"https:\/\/www.plaadimehed.ee\/product\/kerakoll-fuga-wash\/#primaryimage"},"thumbnailUrl":"https:\/\/www.plaadimehed.ee\/wp-content\/uploads\/2025\/11\/Kerakoll-Fuga-wash.png","datePublished":"2025-11-05T11:16:07+00:00","dateModified":"2025-11-17T12:15:19+00:00","description":"Kerakoll Fuga-Wash Eco 1,5 l puhastusvahend veele lisamiseks. Kasutamiseks epoksiid vuugisegude esimeseks pesuks. Hoiab k\u00e4sna puhtana ja kuivab j\u00e4\u00e4gitult.","breadcrumb":{"@id":"https:\/\/www.plaadimehed.ee\/product\/kerakoll-fuga-wash\/#breadcrumb"},"inLanguage":"fi","potentialAction":[{"@type":"ReadAction","target":["https:\/\/www.plaadimehed.ee\/product\/kerakoll-fuga-wash\/"]}]},{"@type":"ImageObject","inLanguage":"fi","@id":"https:\/\/www.plaadimehed.ee\/product\/kerakoll-fuga-wash\/#primaryimage","url":"https:\/\/www.plaadimehed.ee\/wp-content\/uploads\/2025\/11\/Kerakoll-Fuga-wash.png","contentUrl":"https:\/\/www.plaadimehed.ee\/wp-content\/uploads\/2025\/11\/Kerakoll-Fuga-wash.png","width":770,"height":770,"caption":"Kerakoll Fuga-wash Eco"},{"@type":"BreadcrumbList","@id":"https:\/\/www.plaadimehed.ee\/product\/kerakoll-fuga-wash\/#breadcrumb","itemListElement":[{"@type":"ListItem","position":1,"name":"Home","item":"https:\/\/www.plaadimehed.ee\/fi\/"},{"@type":"ListItem","position":2,"name":"Verkkokauppa","item":"https:\/\/www.plaadimehed.ee\/fi\/shop\/"},{"@type":"ListItem","position":3,"name":"Kerakoll Fuga-wash Eco 1.5l"}]},{"@type":"WebSite","@id":"https:\/\/www.plaadimehed.ee\/#website","url":"https:\/\/www.plaadimehed.ee\/","name":"Plaadimehed","description":"Plaatimist\u00f6\u00f6deks vajalikud tarvikud ja t\u00f6\u00f6riistad","publisher":{"@id":"https:\/\/www.plaadimehed.ee\/#organization"},"potentialAction":[{"@type":"SearchAction","target":{"@type":"EntryPoint","urlTemplate":"https:\/\/www.plaadimehed.ee\/?s={search_term_string}"},"query-input":{"@type":"PropertyValueSpecification","valueRequired":true,"valueName":"search_term_string"}}],"inLanguage":"fi"},{"@type":"Organization","@id":"https:\/\/www.plaadimehed.ee\/#organization","name":"Plaadimehed","url":"https:\/\/www.plaadimehed.ee\/","logo":{"@type":"ImageObject","inLanguage":"fi","@id":"https:\/\/www.plaadimehed.ee\/#\/schema\/logo\/image\/","url":"https:\/\/www.plaadimehed.ee\/wp-content\/uploads\/2024\/05\/plaadimehed-logo.svg","contentUrl":"https:\/\/www.plaadimehed.ee\/wp-content\/uploads\/2024\/05\/plaadimehed-logo.svg","width":266,"height":72,"caption":"Plaadimehed"},"image":{"@id":"https:\/\/www.plaadimehed.ee\/#\/schema\/logo\/image\/"}}]}},"_links":{"self":[{"href":"https:\/\/www.plaadimehed.ee\/fi\/wp-json\/wp\/v2\/product\/16881","targetHints":{"allow":["GET"]}}],"collection":[{"href":"https:\/\/www.plaadimehed.ee\/fi\/wp-json\/wp\/v2\/product"}],"about":[{"href":"https:\/\/www.plaadimehed.ee\/fi\/wp-json\/wp\/v2\/types\/product"}],"wp:featuredmedia":[{"embeddable":true,"href":"https:\/\/www.plaadimehed.ee\/fi\/wp-json\/wp\/v2\/media\/16884"}],"wp:attachment":[{"href":"https:\/\/www.plaadimehed.ee\/fi\/wp-json\/wp\/v2\/media?parent=16881"}],"wp:term":[{"taxonomy":"product_brand","embeddable":true,"href":"https:\/\/www.plaadimehed.ee\/fi\/wp-json\/wp\/v2\/product_brand?post=16881"},{"taxonomy":"product_cat","embeddable":true,"href":"https:\/\/www.plaadimehed.ee\/fi\/wp-json\/wp\/v2\/product_cat?post=16881"},{"taxonomy":"product_tag","embeddable":true,"href":"https:\/\/www.plaadimehed.ee\/fi\/wp-json\/wp\/v2\/product_tag?post=16881"}],"curies":[{"name":"wp","href":"https:\/\/api.w.org\/{rel}","templated":true}]}}