{"id":16965,"date":"2025-11-12T14:50:52","date_gmt":"2025-11-12T12:50:52","guid":{"rendered":"https:\/\/www.plaadimehed.ee\/?post_type=product&#038;p=16965"},"modified":"2026-04-07T14:27:35","modified_gmt":"2026-04-07T12:27:35","slug":"proxxon-hulsid-micromot-28940","status":"publish","type":"product","link":"https:\/\/www.plaadimehed.ee\/fi\/product\/proxxon-hulsid-micromot-28940\/","title":{"rendered":"Proxxon h\u00fclsid Micromot 28940"},"content":{"rendered":"","protected":false},"excerpt":{"rendered":"<p>Proxxon h\u00fclsid Micromot 28940<\/p>\n<p>\u25cf Komplektis 6 erim\u00f5\u00f5dus h\u00fclssi: 1 ; 1.5 ;\u00a0 2 ; 2.4 ; 3 ; 3.2<br \/>\n\u25cf Kinnitusmutter<br \/>\n\u25cf Sobib Proxxoni mini-nurktrellile<\/p>\n","protected":false},"featured_media":16966,"template":"","meta":{"_acf_changed":false},"product_brand":[92],"product_cat":[291,60],"product_tag":[],"class_list":{"0":"post-16965","1":"product","2":"type-product","3":"status-publish","4":"has-post-thumbnail","6":"product_brand-proxxon","7":"product_cat-muud","8":"product_cat-slabi-suuremootmeline-plaat-tooriistad","10":"first","11":"instock","12":"taxable","13":"shipping-taxable","14":"purchasable","15":"product-type-simple"},"acf":[],"yoast_head":"<!-- This site is optimized with the Yoast SEO plugin v27.0 - https:\/\/yoast.com\/product\/yoast-seo-wordpress\/ -->\n<title>Proxxon h\u00fclsid Micromot 28940 - Plaadimehed<\/title>\n<meta name=\"description\" content=\"Proxxon mini-nurktrelli h\u00fclsside komplekt. Erineva suurusega otsikud v\u00f5llkinnitusega ketastele, poleertaldadele ja puuridele.\" \/>\n<meta name=\"robots\" content=\"index, follow, max-snippet:-1, max-image-preview:large, max-video-preview:-1\" \/>\n<link rel=\"canonical\" href=\"https:\/\/www.plaadimehed.ee\/product\/proxxon-hulsid-micromot-28940\/\" \/>\n<meta property=\"og:locale\" content=\"fi_FI\" \/>\n<meta property=\"og:type\" content=\"article\" \/>\n<meta property=\"og:title\" content=\"Proxxon h\u00fclsid Micromot 28940\" \/>\n<meta property=\"og:description\" content=\"Proxxon mini-nurktrelli h\u00fclsside komplekt. Erineva suurusega otsikud v\u00f5llkinnitusega ketastele, poleertaldadele ja puuridele.\" \/>\n<meta property=\"og:url\" content=\"https:\/\/www.plaadimehed.ee\/product\/proxxon-hulsid-micromot-28940\/\" \/>\n<meta property=\"og:site_name\" content=\"Plaadimehed\" \/>\n<meta property=\"article:modified_time\" content=\"2026-04-07T12:27:35+00:00\" \/>\n<meta property=\"og:image\" content=\"https:\/\/www.plaadimehed.ee\/wp-content\/uploads\/2025\/11\/Proxxoni-duusid.png\" \/>\n\t<meta property=\"og:image:width\" content=\"799\" \/>\n\t<meta property=\"og:image:height\" content=\"741\" \/>\n\t<meta property=\"og:image:type\" content=\"image\/png\" \/>\n<meta name=\"twitter:card\" content=\"summary_large_image\" \/>\n<meta name=\"twitter:label1\" content=\"Arvioitu lukuaika\" \/>\n\t<meta name=\"twitter:data1\" content=\"1 minuutti\" \/>\n<script type=\"application\/ld+json\" class=\"yoast-schema-graph\">{\"@context\":\"https:\/\/schema.org\",\"@graph\":[{\"@type\":\"WebPage\",\"@id\":\"https:\/\/www.plaadimehed.ee\/product\/proxxon-hulsid-micromot-28940\/\",\"url\":\"https:\/\/www.plaadimehed.ee\/product\/proxxon-hulsid-micromot-28940\/\",\"name\":\"Proxxon h\u00fclsid Micromot 28940 - Plaadimehed\",\"isPartOf\":{\"@id\":\"https:\/\/www.plaadimehed.ee\/#website\"},\"primaryImageOfPage\":{\"@id\":\"https:\/\/www.plaadimehed.ee\/product\/proxxon-hulsid-micromot-28940\/#primaryimage\"},\"image\":{\"@id\":\"https:\/\/www.plaadimehed.ee\/product\/proxxon-hulsid-micromot-28940\/#primaryimage\"},\"thumbnailUrl\":\"https:\/\/www.plaadimehed.ee\/wp-content\/uploads\/2025\/11\/Proxxoni-duusid.png\",\"datePublished\":\"2025-11-12T12:50:52+00:00\",\"dateModified\":\"2026-04-07T12:27:35+00:00\",\"description\":\"Proxxon mini-nurktrelli h\u00fclsside komplekt. Erineva suurusega otsikud v\u00f5llkinnitusega ketastele, poleertaldadele ja puuridele.\",\"breadcrumb\":{\"@id\":\"https:\/\/www.plaadimehed.ee\/product\/proxxon-hulsid-micromot-28940\/#breadcrumb\"},\"inLanguage\":\"fi\",\"potentialAction\":[{\"@type\":\"ReadAction\",\"target\":[\"https:\/\/www.plaadimehed.ee\/product\/proxxon-hulsid-micromot-28940\/\"]}]},{\"@type\":\"ImageObject\",\"inLanguage\":\"fi\",\"@id\":\"https:\/\/www.plaadimehed.ee\/product\/proxxon-hulsid-micromot-28940\/#primaryimage\",\"url\":\"https:\/\/www.plaadimehed.ee\/wp-content\/uploads\/2025\/11\/Proxxoni-duusid.png\",\"contentUrl\":\"https:\/\/www.plaadimehed.ee\/wp-content\/uploads\/2025\/11\/Proxxoni-duusid.png\",\"width\":799,\"height\":741,\"caption\":\"Proxxon h\u00fclsid Micromot 28940\"},{\"@type\":\"BreadcrumbList\",\"@id\":\"https:\/\/www.plaadimehed.ee\/product\/proxxon-hulsid-micromot-28940\/#breadcrumb\",\"itemListElement\":[{\"@type\":\"ListItem\",\"position\":1,\"name\":\"Home\",\"item\":\"https:\/\/www.plaadimehed.ee\/fi\/\"},{\"@type\":\"ListItem\",\"position\":2,\"name\":\"Verkkokauppa\",\"item\":\"https:\/\/www.plaadimehed.ee\/fi\/shop\/\"},{\"@type\":\"ListItem\",\"position\":3,\"name\":\"Proxxon h\u00fclsid Micromot 28940\"}]},{\"@type\":\"WebSite\",\"@id\":\"https:\/\/www.plaadimehed.ee\/#website\",\"url\":\"https:\/\/www.plaadimehed.ee\/\",\"name\":\"Plaadimehed\",\"description\":\"Plaatimist\u00f6\u00f6deks vajalikud tarvikud ja t\u00f6\u00f6riistad\",\"publisher\":{\"@id\":\"https:\/\/www.plaadimehed.ee\/#organization\"},\"potentialAction\":[{\"@type\":\"SearchAction\",\"target\":{\"@type\":\"EntryPoint\",\"urlTemplate\":\"https:\/\/www.plaadimehed.ee\/?s={search_term_string}\"},\"query-input\":{\"@type\":\"PropertyValueSpecification\",\"valueRequired\":true,\"valueName\":\"search_term_string\"}}],\"inLanguage\":\"fi\"},{\"@type\":\"Organization\",\"@id\":\"https:\/\/www.plaadimehed.ee\/#organization\",\"name\":\"Plaadimehed\",\"url\":\"https:\/\/www.plaadimehed.ee\/\",\"logo\":{\"@type\":\"ImageObject\",\"inLanguage\":\"fi\",\"@id\":\"https:\/\/www.plaadimehed.ee\/#\/schema\/logo\/image\/\",\"url\":\"https:\/\/www.plaadimehed.ee\/wp-content\/uploads\/2024\/05\/plaadimehed-logo.svg\",\"contentUrl\":\"https:\/\/www.plaadimehed.ee\/wp-content\/uploads\/2024\/05\/plaadimehed-logo.svg\",\"width\":266,\"height\":72,\"caption\":\"Plaadimehed\"},\"image\":{\"@id\":\"https:\/\/www.plaadimehed.ee\/#\/schema\/logo\/image\/\"}}]}<\/script>\n<!-- \/ Yoast SEO plugin. -->","yoast_head_json":{"title":"Proxxon h\u00fclsid Micromot 28940 - Plaadimehed","description":"Proxxon mini-nurktrelli h\u00fclsside komplekt. Erineva suurusega otsikud v\u00f5llkinnitusega ketastele, poleertaldadele ja puuridele.","robots":{"index":"index","follow":"follow","max-snippet":"max-snippet:-1","max-image-preview":"max-image-preview:large","max-video-preview":"max-video-preview:-1"},"canonical":"https:\/\/www.plaadimehed.ee\/product\/proxxon-hulsid-micromot-28940\/","og_locale":"fi_FI","og_type":"article","og_title":"Proxxon h\u00fclsid Micromot 28940","og_description":"Proxxon mini-nurktrelli h\u00fclsside komplekt. Erineva suurusega otsikud v\u00f5llkinnitusega ketastele, poleertaldadele ja puuridele.","og_url":"https:\/\/www.plaadimehed.ee\/product\/proxxon-hulsid-micromot-28940\/","og_site_name":"Plaadimehed","article_modified_time":"2026-04-07T12:27:35+00:00","og_image":[{"width":799,"height":741,"url":"https:\/\/www.plaadimehed.ee\/wp-content\/uploads\/2025\/11\/Proxxoni-duusid.png","type":"image\/png"}],"twitter_card":"summary_large_image","twitter_misc":{"Arvioitu lukuaika":"1 minuutti"},"schema":{"@context":"https:\/\/schema.org","@graph":[{"@type":"WebPage","@id":"https:\/\/www.plaadimehed.ee\/product\/proxxon-hulsid-micromot-28940\/","url":"https:\/\/www.plaadimehed.ee\/product\/proxxon-hulsid-micromot-28940\/","name":"Proxxon h\u00fclsid Micromot 28940 - Plaadimehed","isPartOf":{"@id":"https:\/\/www.plaadimehed.ee\/#website"},"primaryImageOfPage":{"@id":"https:\/\/www.plaadimehed.ee\/product\/proxxon-hulsid-micromot-28940\/#primaryimage"},"image":{"@id":"https:\/\/www.plaadimehed.ee\/product\/proxxon-hulsid-micromot-28940\/#primaryimage"},"thumbnailUrl":"https:\/\/www.plaadimehed.ee\/wp-content\/uploads\/2025\/11\/Proxxoni-duusid.png","datePublished":"2025-11-12T12:50:52+00:00","dateModified":"2026-04-07T12:27:35+00:00","description":"Proxxon mini-nurktrelli h\u00fclsside komplekt. Erineva suurusega otsikud v\u00f5llkinnitusega ketastele, poleertaldadele ja puuridele.","breadcrumb":{"@id":"https:\/\/www.plaadimehed.ee\/product\/proxxon-hulsid-micromot-28940\/#breadcrumb"},"inLanguage":"fi","potentialAction":[{"@type":"ReadAction","target":["https:\/\/www.plaadimehed.ee\/product\/proxxon-hulsid-micromot-28940\/"]}]},{"@type":"ImageObject","inLanguage":"fi","@id":"https:\/\/www.plaadimehed.ee\/product\/proxxon-hulsid-micromot-28940\/#primaryimage","url":"https:\/\/www.plaadimehed.ee\/wp-content\/uploads\/2025\/11\/Proxxoni-duusid.png","contentUrl":"https:\/\/www.plaadimehed.ee\/wp-content\/uploads\/2025\/11\/Proxxoni-duusid.png","width":799,"height":741,"caption":"Proxxon h\u00fclsid Micromot 28940"},{"@type":"BreadcrumbList","@id":"https:\/\/www.plaadimehed.ee\/product\/proxxon-hulsid-micromot-28940\/#breadcrumb","itemListElement":[{"@type":"ListItem","position":1,"name":"Home","item":"https:\/\/www.plaadimehed.ee\/fi\/"},{"@type":"ListItem","position":2,"name":"Verkkokauppa","item":"https:\/\/www.plaadimehed.ee\/fi\/shop\/"},{"@type":"ListItem","position":3,"name":"Proxxon h\u00fclsid Micromot 28940"}]},{"@type":"WebSite","@id":"https:\/\/www.plaadimehed.ee\/#website","url":"https:\/\/www.plaadimehed.ee\/","name":"Plaadimehed","description":"Plaatimist\u00f6\u00f6deks vajalikud tarvikud ja t\u00f6\u00f6riistad","publisher":{"@id":"https:\/\/www.plaadimehed.ee\/#organization"},"potentialAction":[{"@type":"SearchAction","target":{"@type":"EntryPoint","urlTemplate":"https:\/\/www.plaadimehed.ee\/?s={search_term_string}"},"query-input":{"@type":"PropertyValueSpecification","valueRequired":true,"valueName":"search_term_string"}}],"inLanguage":"fi"},{"@type":"Organization","@id":"https:\/\/www.plaadimehed.ee\/#organization","name":"Plaadimehed","url":"https:\/\/www.plaadimehed.ee\/","logo":{"@type":"ImageObject","inLanguage":"fi","@id":"https:\/\/www.plaadimehed.ee\/#\/schema\/logo\/image\/","url":"https:\/\/www.plaadimehed.ee\/wp-content\/uploads\/2024\/05\/plaadimehed-logo.svg","contentUrl":"https:\/\/www.plaadimehed.ee\/wp-content\/uploads\/2024\/05\/plaadimehed-logo.svg","width":266,"height":72,"caption":"Plaadimehed"},"image":{"@id":"https:\/\/www.plaadimehed.ee\/#\/schema\/logo\/image\/"}}]}},"_links":{"self":[{"href":"https:\/\/www.plaadimehed.ee\/fi\/wp-json\/wp\/v2\/product\/16965","targetHints":{"allow":["GET"]}}],"collection":[{"href":"https:\/\/www.plaadimehed.ee\/fi\/wp-json\/wp\/v2\/product"}],"about":[{"href":"https:\/\/www.plaadimehed.ee\/fi\/wp-json\/wp\/v2\/types\/product"}],"wp:featuredmedia":[{"embeddable":true,"href":"https:\/\/www.plaadimehed.ee\/fi\/wp-json\/wp\/v2\/media\/16966"}],"wp:attachment":[{"href":"https:\/\/www.plaadimehed.ee\/fi\/wp-json\/wp\/v2\/media?parent=16965"}],"wp:term":[{"taxonomy":"product_brand","embeddable":true,"href":"https:\/\/www.plaadimehed.ee\/fi\/wp-json\/wp\/v2\/product_brand?post=16965"},{"taxonomy":"product_cat","embeddable":true,"href":"https:\/\/www.plaadimehed.ee\/fi\/wp-json\/wp\/v2\/product_cat?post=16965"},{"taxonomy":"product_tag","embeddable":true,"href":"https:\/\/www.plaadimehed.ee\/fi\/wp-json\/wp\/v2\/product_tag?post=16965"}],"curies":[{"name":"wp","href":"https:\/\/api.w.org\/{rel}","templated":true}]}}