{"id":17024,"date":"2025-11-19T09:23:26","date_gmt":"2025-11-19T07:23:26","guid":{"rendered":"https:\/\/www.plaadimehed.ee\/?post_type=product&#038;p=17024"},"modified":"2026-02-18T18:23:54","modified_gmt":"2026-02-18T16:23:54","slug":"tls-polit-1-mm-plaatimisankur-100-tk","status":"publish","type":"product","link":"https:\/\/www.plaadimehed.ee\/fi\/product\/tls-polit-1-mm-plaatimisankur-100-tk\/","title":{"rendered":"TLS Polit 1 mm plaatimisankur 100 tk"},"content":{"rendered":"<p>Polit on plaatide tasanduss\u00fcsteeme tootev ettev\u00f5te. Poolas toodetud tasanduss\u00fcsteemi maaletooja on Plaadimehed O\u00dc<\/p>\n","protected":false},"excerpt":{"rendered":"<p>Polit tasandusankrud sobivad undertag, levelize kiilude ja tangidega.<\/p>\n<p>\u25cf\u00a0 Pakendis 100 tk.<br \/>\n\u25cf \u00a0Sobivus 4-12 mm paksustele plaatidele<br \/>\n\u25cf \u00a0Plaatimisankur vuugilaiusele 1 mm<br \/>\n\u25cf \u00a0Kasutamiseks seintel ja p\u00f5randatel<br \/>\n\u25cf \u00a0Kergelt eemaldatav ja murduv plaatimisankru osa enne vuukimist<\/p>\n","protected":false},"featured_media":17026,"template":"","meta":{"_acf_changed":false},"product_brand":[257],"product_cat":[24,273],"product_tag":[],"class_list":{"0":"post-17024","1":"product","2":"type-product","3":"status-publish","4":"has-post-thumbnail","6":"product_brand-tls-polit","7":"product_cat-tasandussusteemid","8":"product_cat-vaikese-kiiluga","10":"first","11":"instock","12":"taxable","13":"shipping-taxable","14":"purchasable","15":"product-type-simple"},"acf":[],"yoast_head":"<!-- This site is optimized with the Yoast SEO plugin v27.0 - https:\/\/yoast.com\/product\/yoast-seo-wordpress\/ -->\n<title>TLS Polit 1 mm plaatimisankur 100 tk - Plaadimehed Pood ja rent<\/title>\n<meta name=\"description\" content=\"Polit plaatide tasanduss\u00fcsteemi ankrud. 1 mm vuugilaiusega. Toode \u00fchildub Levelize ja Undertag kiiludega. Sobib kuni 12 mm plaadipaksusele.\" \/>\n<meta name=\"robots\" content=\"index, follow, max-snippet:-1, max-image-preview:large, max-video-preview:-1\" \/>\n<link rel=\"canonical\" href=\"https:\/\/www.plaadimehed.ee\/product\/tls-polit-1-mm-plaatimisankur-100-tk\/\" \/>\n<meta property=\"og:locale\" content=\"fi_FI\" \/>\n<meta property=\"og:type\" content=\"article\" \/>\n<meta property=\"og:title\" content=\"TLS Polit 1 mm plaatimisankur 100 tk\" \/>\n<meta property=\"og:description\" content=\"Polit plaatide tasanduss\u00fcsteemi ankrud. 1 mm vuugilaiusega. Toode \u00fchildub Levelize ja Undertag kiiludega. Sobib kuni 12 mm plaadipaksusele.\" \/>\n<meta property=\"og:url\" content=\"https:\/\/www.plaadimehed.ee\/product\/tls-polit-1-mm-plaatimisankur-100-tk\/\" \/>\n<meta property=\"og:site_name\" content=\"Plaadimehed\" \/>\n<meta property=\"article:modified_time\" content=\"2026-02-18T16:23:54+00:00\" \/>\n<meta property=\"og:image\" content=\"https:\/\/www.plaadimehed.ee\/wp-content\/uploads\/2025\/11\/Polit-100tk-1mm-768x1024.png\" \/>\n\t<meta property=\"og:image:width\" content=\"768\" \/>\n\t<meta property=\"og:image:height\" content=\"1024\" \/>\n\t<meta property=\"og:image:type\" content=\"image\/png\" \/>\n<meta name=\"twitter:card\" content=\"summary_large_image\" \/>\n<meta name=\"twitter:label1\" content=\"Arvioitu lukuaika\" \/>\n\t<meta name=\"twitter:data1\" content=\"1 minuutti\" \/>\n<script type=\"application\/ld+json\" class=\"yoast-schema-graph\">{\"@context\":\"https:\/\/schema.org\",\"@graph\":[{\"@type\":\"WebPage\",\"@id\":\"https:\/\/www.plaadimehed.ee\/product\/tls-polit-1-mm-plaatimisankur-100-tk\/\",\"url\":\"https:\/\/www.plaadimehed.ee\/product\/tls-polit-1-mm-plaatimisankur-100-tk\/\",\"name\":\"TLS Polit 1 mm plaatimisankur 100 tk - Plaadimehed Pood ja rent\",\"isPartOf\":{\"@id\":\"https:\/\/www.plaadimehed.ee\/#website\"},\"primaryImageOfPage\":{\"@id\":\"https:\/\/www.plaadimehed.ee\/product\/tls-polit-1-mm-plaatimisankur-100-tk\/#primaryimage\"},\"image\":{\"@id\":\"https:\/\/www.plaadimehed.ee\/product\/tls-polit-1-mm-plaatimisankur-100-tk\/#primaryimage\"},\"thumbnailUrl\":\"https:\/\/www.plaadimehed.ee\/wp-content\/uploads\/2025\/11\/Polit-100tk-1mm.png\",\"datePublished\":\"2025-11-19T07:23:26+00:00\",\"dateModified\":\"2026-02-18T16:23:54+00:00\",\"description\":\"Polit plaatide tasanduss\u00fcsteemi ankrud. 1 mm vuugilaiusega. Toode \u00fchildub Levelize ja Undertag kiiludega. Sobib kuni 12 mm plaadipaksusele.\",\"breadcrumb\":{\"@id\":\"https:\/\/www.plaadimehed.ee\/product\/tls-polit-1-mm-plaatimisankur-100-tk\/#breadcrumb\"},\"inLanguage\":\"fi\",\"potentialAction\":[{\"@type\":\"ReadAction\",\"target\":[\"https:\/\/www.plaadimehed.ee\/product\/tls-polit-1-mm-plaatimisankur-100-tk\/\"]}]},{\"@type\":\"ImageObject\",\"inLanguage\":\"fi\",\"@id\":\"https:\/\/www.plaadimehed.ee\/product\/tls-polit-1-mm-plaatimisankur-100-tk\/#primaryimage\",\"url\":\"https:\/\/www.plaadimehed.ee\/wp-content\/uploads\/2025\/11\/Polit-100tk-1mm.png\",\"contentUrl\":\"https:\/\/www.plaadimehed.ee\/wp-content\/uploads\/2025\/11\/Polit-100tk-1mm.png\",\"width\":1920,\"height\":2560,\"caption\":\"TLS Polit 1 mm plaatimisankur 100 tk\"},{\"@type\":\"BreadcrumbList\",\"@id\":\"https:\/\/www.plaadimehed.ee\/product\/tls-polit-1-mm-plaatimisankur-100-tk\/#breadcrumb\",\"itemListElement\":[{\"@type\":\"ListItem\",\"position\":1,\"name\":\"Home\",\"item\":\"https:\/\/www.plaadimehed.ee\/fi\/\"},{\"@type\":\"ListItem\",\"position\":2,\"name\":\"Verkkokauppa\",\"item\":\"https:\/\/www.plaadimehed.ee\/fi\/shop\/\"},{\"@type\":\"ListItem\",\"position\":3,\"name\":\"TLS Polit 1 mm plaatimisankur 100 tk\"}]},{\"@type\":\"WebSite\",\"@id\":\"https:\/\/www.plaadimehed.ee\/#website\",\"url\":\"https:\/\/www.plaadimehed.ee\/\",\"name\":\"Plaadimehed\",\"description\":\"Plaatimist\u00f6\u00f6deks vajalikud tarvikud ja t\u00f6\u00f6riistad\",\"publisher\":{\"@id\":\"https:\/\/www.plaadimehed.ee\/#organization\"},\"potentialAction\":[{\"@type\":\"SearchAction\",\"target\":{\"@type\":\"EntryPoint\",\"urlTemplate\":\"https:\/\/www.plaadimehed.ee\/?s={search_term_string}\"},\"query-input\":{\"@type\":\"PropertyValueSpecification\",\"valueRequired\":true,\"valueName\":\"search_term_string\"}}],\"inLanguage\":\"fi\"},{\"@type\":\"Organization\",\"@id\":\"https:\/\/www.plaadimehed.ee\/#organization\",\"name\":\"Plaadimehed\",\"url\":\"https:\/\/www.plaadimehed.ee\/\",\"logo\":{\"@type\":\"ImageObject\",\"inLanguage\":\"fi\",\"@id\":\"https:\/\/www.plaadimehed.ee\/#\/schema\/logo\/image\/\",\"url\":\"https:\/\/www.plaadimehed.ee\/wp-content\/uploads\/2024\/05\/plaadimehed-logo.svg\",\"contentUrl\":\"https:\/\/www.plaadimehed.ee\/wp-content\/uploads\/2024\/05\/plaadimehed-logo.svg\",\"width\":266,\"height\":72,\"caption\":\"Plaadimehed\"},\"image\":{\"@id\":\"https:\/\/www.plaadimehed.ee\/#\/schema\/logo\/image\/\"}}]}<\/script>\n<!-- \/ Yoast SEO plugin. -->","yoast_head_json":{"title":"TLS Polit 1 mm plaatimisankur 100 tk - Plaadimehed Pood ja rent","description":"Polit plaatide tasanduss\u00fcsteemi ankrud. 1 mm vuugilaiusega. Toode \u00fchildub Levelize ja Undertag kiiludega. Sobib kuni 12 mm plaadipaksusele.","robots":{"index":"index","follow":"follow","max-snippet":"max-snippet:-1","max-image-preview":"max-image-preview:large","max-video-preview":"max-video-preview:-1"},"canonical":"https:\/\/www.plaadimehed.ee\/product\/tls-polit-1-mm-plaatimisankur-100-tk\/","og_locale":"fi_FI","og_type":"article","og_title":"TLS Polit 1 mm plaatimisankur 100 tk","og_description":"Polit plaatide tasanduss\u00fcsteemi ankrud. 1 mm vuugilaiusega. Toode \u00fchildub Levelize ja Undertag kiiludega. Sobib kuni 12 mm plaadipaksusele.","og_url":"https:\/\/www.plaadimehed.ee\/product\/tls-polit-1-mm-plaatimisankur-100-tk\/","og_site_name":"Plaadimehed","article_modified_time":"2026-02-18T16:23:54+00:00","og_image":[{"width":768,"height":1024,"url":"https:\/\/www.plaadimehed.ee\/wp-content\/uploads\/2025\/11\/Polit-100tk-1mm-768x1024.png","type":"image\/png"}],"twitter_card":"summary_large_image","twitter_misc":{"Arvioitu lukuaika":"1 minuutti"},"schema":{"@context":"https:\/\/schema.org","@graph":[{"@type":"WebPage","@id":"https:\/\/www.plaadimehed.ee\/product\/tls-polit-1-mm-plaatimisankur-100-tk\/","url":"https:\/\/www.plaadimehed.ee\/product\/tls-polit-1-mm-plaatimisankur-100-tk\/","name":"TLS Polit 1 mm plaatimisankur 100 tk - Plaadimehed Pood ja rent","isPartOf":{"@id":"https:\/\/www.plaadimehed.ee\/#website"},"primaryImageOfPage":{"@id":"https:\/\/www.plaadimehed.ee\/product\/tls-polit-1-mm-plaatimisankur-100-tk\/#primaryimage"},"image":{"@id":"https:\/\/www.plaadimehed.ee\/product\/tls-polit-1-mm-plaatimisankur-100-tk\/#primaryimage"},"thumbnailUrl":"https:\/\/www.plaadimehed.ee\/wp-content\/uploads\/2025\/11\/Polit-100tk-1mm.png","datePublished":"2025-11-19T07:23:26+00:00","dateModified":"2026-02-18T16:23:54+00:00","description":"Polit plaatide tasanduss\u00fcsteemi ankrud. 1 mm vuugilaiusega. Toode \u00fchildub Levelize ja Undertag kiiludega. Sobib kuni 12 mm plaadipaksusele.","breadcrumb":{"@id":"https:\/\/www.plaadimehed.ee\/product\/tls-polit-1-mm-plaatimisankur-100-tk\/#breadcrumb"},"inLanguage":"fi","potentialAction":[{"@type":"ReadAction","target":["https:\/\/www.plaadimehed.ee\/product\/tls-polit-1-mm-plaatimisankur-100-tk\/"]}]},{"@type":"ImageObject","inLanguage":"fi","@id":"https:\/\/www.plaadimehed.ee\/product\/tls-polit-1-mm-plaatimisankur-100-tk\/#primaryimage","url":"https:\/\/www.plaadimehed.ee\/wp-content\/uploads\/2025\/11\/Polit-100tk-1mm.png","contentUrl":"https:\/\/www.plaadimehed.ee\/wp-content\/uploads\/2025\/11\/Polit-100tk-1mm.png","width":1920,"height":2560,"caption":"TLS Polit 1 mm plaatimisankur 100 tk"},{"@type":"BreadcrumbList","@id":"https:\/\/www.plaadimehed.ee\/product\/tls-polit-1-mm-plaatimisankur-100-tk\/#breadcrumb","itemListElement":[{"@type":"ListItem","position":1,"name":"Home","item":"https:\/\/www.plaadimehed.ee\/fi\/"},{"@type":"ListItem","position":2,"name":"Verkkokauppa","item":"https:\/\/www.plaadimehed.ee\/fi\/shop\/"},{"@type":"ListItem","position":3,"name":"TLS Polit 1 mm plaatimisankur 100 tk"}]},{"@type":"WebSite","@id":"https:\/\/www.plaadimehed.ee\/#website","url":"https:\/\/www.plaadimehed.ee\/","name":"Plaadimehed","description":"Plaatimist\u00f6\u00f6deks vajalikud tarvikud ja t\u00f6\u00f6riistad","publisher":{"@id":"https:\/\/www.plaadimehed.ee\/#organization"},"potentialAction":[{"@type":"SearchAction","target":{"@type":"EntryPoint","urlTemplate":"https:\/\/www.plaadimehed.ee\/?s={search_term_string}"},"query-input":{"@type":"PropertyValueSpecification","valueRequired":true,"valueName":"search_term_string"}}],"inLanguage":"fi"},{"@type":"Organization","@id":"https:\/\/www.plaadimehed.ee\/#organization","name":"Plaadimehed","url":"https:\/\/www.plaadimehed.ee\/","logo":{"@type":"ImageObject","inLanguage":"fi","@id":"https:\/\/www.plaadimehed.ee\/#\/schema\/logo\/image\/","url":"https:\/\/www.plaadimehed.ee\/wp-content\/uploads\/2024\/05\/plaadimehed-logo.svg","contentUrl":"https:\/\/www.plaadimehed.ee\/wp-content\/uploads\/2024\/05\/plaadimehed-logo.svg","width":266,"height":72,"caption":"Plaadimehed"},"image":{"@id":"https:\/\/www.plaadimehed.ee\/#\/schema\/logo\/image\/"}}]}},"_links":{"self":[{"href":"https:\/\/www.plaadimehed.ee\/fi\/wp-json\/wp\/v2\/product\/17024","targetHints":{"allow":["GET"]}}],"collection":[{"href":"https:\/\/www.plaadimehed.ee\/fi\/wp-json\/wp\/v2\/product"}],"about":[{"href":"https:\/\/www.plaadimehed.ee\/fi\/wp-json\/wp\/v2\/types\/product"}],"wp:featuredmedia":[{"embeddable":true,"href":"https:\/\/www.plaadimehed.ee\/fi\/wp-json\/wp\/v2\/media\/17026"}],"wp:attachment":[{"href":"https:\/\/www.plaadimehed.ee\/fi\/wp-json\/wp\/v2\/media?parent=17024"}],"wp:term":[{"taxonomy":"product_brand","embeddable":true,"href":"https:\/\/www.plaadimehed.ee\/fi\/wp-json\/wp\/v2\/product_brand?post=17024"},{"taxonomy":"product_cat","embeddable":true,"href":"https:\/\/www.plaadimehed.ee\/fi\/wp-json\/wp\/v2\/product_cat?post=17024"},{"taxonomy":"product_tag","embeddable":true,"href":"https:\/\/www.plaadimehed.ee\/fi\/wp-json\/wp\/v2\/product_tag?post=17024"}],"curies":[{"name":"wp","href":"https:\/\/api.w.org\/{rel}","templated":true}]}}