{"id":17182,"date":"2025-12-04T12:00:56","date_gmt":"2025-12-04T10:00:56","guid":{"rendered":"https:\/\/www.plaadimehed.ee\/?post_type=product&#038;p=17182"},"modified":"2026-02-18T18:12:56","modified_gmt":"2026-02-18T16:12:56","slug":"levelys-t-spin-level-voti-2tk","status":"publish","type":"product","link":"https:\/\/www.plaadimehed.ee\/fi\/product\/levelys-t-spin-level-voti-2tk\/","title":{"rendered":"Levelys T-spin LEVEL+ v\u00f5ti 2tk"},"content":{"rendered":"<p>LEVELYS on plaatijatele suunatud abivahendite tootja. Tootevalikusse kuuluvad: tasanduss\u00fcsteemi ankrud, kiilud, spin s\u00fcsteemid ja k\u00f5rgusm\u00e4rgid.<\/p>\n","protected":false},"excerpt":{"rendered":"<p>\u25cf Eriri vastupidav metallist v\u00f5ti<br \/>\n\u25cf Libisemiskindel silikoonkattega k\u00e4epide<br \/>\n\u25cf Spin tasanduss\u00fcsteemide pingutamiseks<br \/>\n\u25cf Universaalne v\u00f5ti erinevatele T-spinidele<br \/>\n\u25cf 2tk komplektis<\/p>\n","protected":false},"featured_media":17183,"template":"","meta":{"_acf_changed":false},"product_brand":[266],"product_cat":[24,276],"product_tag":[],"class_list":{"0":"post-17182","1":"product","2":"type-product","3":"status-publish","4":"has-post-thumbnail","6":"product_brand-levelys","7":"product_cat-tasandussusteemid","8":"product_cat-t-spin","10":"first","11":"instock","12":"taxable","13":"shipping-taxable","14":"purchasable","15":"product-type-simple"},"acf":[],"yoast_head":"<!-- This site is optimized with the Yoast SEO plugin v27.0 - https:\/\/yoast.com\/product\/yoast-seo-wordpress\/ -->\n<title>Levelys T-spin LEVEL+ v\u00f5ti 2tk - Plaadimehed Pood ja rent<\/title>\n<meta name=\"description\" content=\"LEVELYS p\u00f6\u00f6ratavate tasanduss\u00fcsteemide pingutusv\u00f5ti. Eriti vastupidav metallist t\u00f6\u00f6riist silikoonkattega k\u00e4epidemega. Komplektis kaks t\u00fckki.\" \/>\n<meta name=\"robots\" content=\"index, follow, max-snippet:-1, max-image-preview:large, max-video-preview:-1\" \/>\n<link rel=\"canonical\" href=\"https:\/\/www.plaadimehed.ee\/product\/levelys-t-spin-level-voti-2tk\/\" \/>\n<meta property=\"og:locale\" content=\"fi_FI\" \/>\n<meta property=\"og:type\" content=\"article\" \/>\n<meta property=\"og:title\" content=\"Levelys T-spin LEVEL+ v\u00f5ti 2tk\" \/>\n<meta property=\"og:description\" content=\"LEVELYS p\u00f6\u00f6ratavate tasanduss\u00fcsteemide pingutusv\u00f5ti. Eriti vastupidav metallist t\u00f6\u00f6riist silikoonkattega k\u00e4epidemega. Komplektis kaks t\u00fckki.\" \/>\n<meta property=\"og:url\" content=\"https:\/\/www.plaadimehed.ee\/product\/levelys-t-spin-level-voti-2tk\/\" \/>\n<meta property=\"og:site_name\" content=\"Plaadimehed\" \/>\n<meta property=\"article:modified_time\" content=\"2026-02-18T16:12:56+00:00\" \/>\n<meta property=\"og:image\" content=\"https:\/\/www.plaadimehed.ee\/wp-content\/uploads\/2025\/12\/Level-voti.png\" \/>\n\t<meta property=\"og:image:width\" content=\"1000\" \/>\n\t<meta property=\"og:image:height\" content=\"1000\" \/>\n\t<meta property=\"og:image:type\" content=\"image\/png\" \/>\n<meta name=\"twitter:card\" content=\"summary_large_image\" \/>\n<meta name=\"twitter:label1\" content=\"Arvioitu lukuaika\" \/>\n\t<meta name=\"twitter:data1\" content=\"1 minuutti\" \/>\n<script type=\"application\/ld+json\" class=\"yoast-schema-graph\">{\"@context\":\"https:\/\/schema.org\",\"@graph\":[{\"@type\":\"WebPage\",\"@id\":\"https:\/\/www.plaadimehed.ee\/product\/levelys-t-spin-level-voti-2tk\/\",\"url\":\"https:\/\/www.plaadimehed.ee\/product\/levelys-t-spin-level-voti-2tk\/\",\"name\":\"Levelys T-spin LEVEL+ v\u00f5ti 2tk - Plaadimehed Pood ja rent\",\"isPartOf\":{\"@id\":\"https:\/\/www.plaadimehed.ee\/#website\"},\"primaryImageOfPage\":{\"@id\":\"https:\/\/www.plaadimehed.ee\/product\/levelys-t-spin-level-voti-2tk\/#primaryimage\"},\"image\":{\"@id\":\"https:\/\/www.plaadimehed.ee\/product\/levelys-t-spin-level-voti-2tk\/#primaryimage\"},\"thumbnailUrl\":\"https:\/\/www.plaadimehed.ee\/wp-content\/uploads\/2025\/12\/Level-voti.png\",\"datePublished\":\"2025-12-04T10:00:56+00:00\",\"dateModified\":\"2026-02-18T16:12:56+00:00\",\"description\":\"LEVELYS p\u00f6\u00f6ratavate tasanduss\u00fcsteemide pingutusv\u00f5ti. Eriti vastupidav metallist t\u00f6\u00f6riist silikoonkattega k\u00e4epidemega. Komplektis kaks t\u00fckki.\",\"breadcrumb\":{\"@id\":\"https:\/\/www.plaadimehed.ee\/product\/levelys-t-spin-level-voti-2tk\/#breadcrumb\"},\"inLanguage\":\"fi\",\"potentialAction\":[{\"@type\":\"ReadAction\",\"target\":[\"https:\/\/www.plaadimehed.ee\/product\/levelys-t-spin-level-voti-2tk\/\"]}]},{\"@type\":\"ImageObject\",\"inLanguage\":\"fi\",\"@id\":\"https:\/\/www.plaadimehed.ee\/product\/levelys-t-spin-level-voti-2tk\/#primaryimage\",\"url\":\"https:\/\/www.plaadimehed.ee\/wp-content\/uploads\/2025\/12\/Level-voti.png\",\"contentUrl\":\"https:\/\/www.plaadimehed.ee\/wp-content\/uploads\/2025\/12\/Level-voti.png\",\"width\":1000,\"height\":1000,\"caption\":\"Levelys T-spin LEVEL+ v\u00f5ti 2tk\"},{\"@type\":\"BreadcrumbList\",\"@id\":\"https:\/\/www.plaadimehed.ee\/product\/levelys-t-spin-level-voti-2tk\/#breadcrumb\",\"itemListElement\":[{\"@type\":\"ListItem\",\"position\":1,\"name\":\"Home\",\"item\":\"https:\/\/www.plaadimehed.ee\/fi\/\"},{\"@type\":\"ListItem\",\"position\":2,\"name\":\"Verkkokauppa\",\"item\":\"https:\/\/www.plaadimehed.ee\/fi\/shop\/\"},{\"@type\":\"ListItem\",\"position\":3,\"name\":\"Levelys T-spin LEVEL+ v\u00f5ti 2tk\"}]},{\"@type\":\"WebSite\",\"@id\":\"https:\/\/www.plaadimehed.ee\/#website\",\"url\":\"https:\/\/www.plaadimehed.ee\/\",\"name\":\"Plaadimehed\",\"description\":\"Plaatimist\u00f6\u00f6deks vajalikud tarvikud ja t\u00f6\u00f6riistad\",\"publisher\":{\"@id\":\"https:\/\/www.plaadimehed.ee\/#organization\"},\"potentialAction\":[{\"@type\":\"SearchAction\",\"target\":{\"@type\":\"EntryPoint\",\"urlTemplate\":\"https:\/\/www.plaadimehed.ee\/?s={search_term_string}\"},\"query-input\":{\"@type\":\"PropertyValueSpecification\",\"valueRequired\":true,\"valueName\":\"search_term_string\"}}],\"inLanguage\":\"fi\"},{\"@type\":\"Organization\",\"@id\":\"https:\/\/www.plaadimehed.ee\/#organization\",\"name\":\"Plaadimehed\",\"url\":\"https:\/\/www.plaadimehed.ee\/\",\"logo\":{\"@type\":\"ImageObject\",\"inLanguage\":\"fi\",\"@id\":\"https:\/\/www.plaadimehed.ee\/#\/schema\/logo\/image\/\",\"url\":\"https:\/\/www.plaadimehed.ee\/wp-content\/uploads\/2024\/05\/plaadimehed-logo.svg\",\"contentUrl\":\"https:\/\/www.plaadimehed.ee\/wp-content\/uploads\/2024\/05\/plaadimehed-logo.svg\",\"width\":266,\"height\":72,\"caption\":\"Plaadimehed\"},\"image\":{\"@id\":\"https:\/\/www.plaadimehed.ee\/#\/schema\/logo\/image\/\"}}]}<\/script>\n<!-- \/ Yoast SEO plugin. -->","yoast_head_json":{"title":"Levelys T-spin LEVEL+ v\u00f5ti 2tk - Plaadimehed Pood ja rent","description":"LEVELYS p\u00f6\u00f6ratavate tasanduss\u00fcsteemide pingutusv\u00f5ti. Eriti vastupidav metallist t\u00f6\u00f6riist silikoonkattega k\u00e4epidemega. Komplektis kaks t\u00fckki.","robots":{"index":"index","follow":"follow","max-snippet":"max-snippet:-1","max-image-preview":"max-image-preview:large","max-video-preview":"max-video-preview:-1"},"canonical":"https:\/\/www.plaadimehed.ee\/product\/levelys-t-spin-level-voti-2tk\/","og_locale":"fi_FI","og_type":"article","og_title":"Levelys T-spin LEVEL+ v\u00f5ti 2tk","og_description":"LEVELYS p\u00f6\u00f6ratavate tasanduss\u00fcsteemide pingutusv\u00f5ti. Eriti vastupidav metallist t\u00f6\u00f6riist silikoonkattega k\u00e4epidemega. Komplektis kaks t\u00fckki.","og_url":"https:\/\/www.plaadimehed.ee\/product\/levelys-t-spin-level-voti-2tk\/","og_site_name":"Plaadimehed","article_modified_time":"2026-02-18T16:12:56+00:00","og_image":[{"width":1000,"height":1000,"url":"https:\/\/www.plaadimehed.ee\/wp-content\/uploads\/2025\/12\/Level-voti.png","type":"image\/png"}],"twitter_card":"summary_large_image","twitter_misc":{"Arvioitu lukuaika":"1 minuutti"},"schema":{"@context":"https:\/\/schema.org","@graph":[{"@type":"WebPage","@id":"https:\/\/www.plaadimehed.ee\/product\/levelys-t-spin-level-voti-2tk\/","url":"https:\/\/www.plaadimehed.ee\/product\/levelys-t-spin-level-voti-2tk\/","name":"Levelys T-spin LEVEL+ v\u00f5ti 2tk - Plaadimehed Pood ja rent","isPartOf":{"@id":"https:\/\/www.plaadimehed.ee\/#website"},"primaryImageOfPage":{"@id":"https:\/\/www.plaadimehed.ee\/product\/levelys-t-spin-level-voti-2tk\/#primaryimage"},"image":{"@id":"https:\/\/www.plaadimehed.ee\/product\/levelys-t-spin-level-voti-2tk\/#primaryimage"},"thumbnailUrl":"https:\/\/www.plaadimehed.ee\/wp-content\/uploads\/2025\/12\/Level-voti.png","datePublished":"2025-12-04T10:00:56+00:00","dateModified":"2026-02-18T16:12:56+00:00","description":"LEVELYS p\u00f6\u00f6ratavate tasanduss\u00fcsteemide pingutusv\u00f5ti. Eriti vastupidav metallist t\u00f6\u00f6riist silikoonkattega k\u00e4epidemega. Komplektis kaks t\u00fckki.","breadcrumb":{"@id":"https:\/\/www.plaadimehed.ee\/product\/levelys-t-spin-level-voti-2tk\/#breadcrumb"},"inLanguage":"fi","potentialAction":[{"@type":"ReadAction","target":["https:\/\/www.plaadimehed.ee\/product\/levelys-t-spin-level-voti-2tk\/"]}]},{"@type":"ImageObject","inLanguage":"fi","@id":"https:\/\/www.plaadimehed.ee\/product\/levelys-t-spin-level-voti-2tk\/#primaryimage","url":"https:\/\/www.plaadimehed.ee\/wp-content\/uploads\/2025\/12\/Level-voti.png","contentUrl":"https:\/\/www.plaadimehed.ee\/wp-content\/uploads\/2025\/12\/Level-voti.png","width":1000,"height":1000,"caption":"Levelys T-spin LEVEL+ v\u00f5ti 2tk"},{"@type":"BreadcrumbList","@id":"https:\/\/www.plaadimehed.ee\/product\/levelys-t-spin-level-voti-2tk\/#breadcrumb","itemListElement":[{"@type":"ListItem","position":1,"name":"Home","item":"https:\/\/www.plaadimehed.ee\/fi\/"},{"@type":"ListItem","position":2,"name":"Verkkokauppa","item":"https:\/\/www.plaadimehed.ee\/fi\/shop\/"},{"@type":"ListItem","position":3,"name":"Levelys T-spin LEVEL+ v\u00f5ti 2tk"}]},{"@type":"WebSite","@id":"https:\/\/www.plaadimehed.ee\/#website","url":"https:\/\/www.plaadimehed.ee\/","name":"Plaadimehed","description":"Plaatimist\u00f6\u00f6deks vajalikud tarvikud ja t\u00f6\u00f6riistad","publisher":{"@id":"https:\/\/www.plaadimehed.ee\/#organization"},"potentialAction":[{"@type":"SearchAction","target":{"@type":"EntryPoint","urlTemplate":"https:\/\/www.plaadimehed.ee\/?s={search_term_string}"},"query-input":{"@type":"PropertyValueSpecification","valueRequired":true,"valueName":"search_term_string"}}],"inLanguage":"fi"},{"@type":"Organization","@id":"https:\/\/www.plaadimehed.ee\/#organization","name":"Plaadimehed","url":"https:\/\/www.plaadimehed.ee\/","logo":{"@type":"ImageObject","inLanguage":"fi","@id":"https:\/\/www.plaadimehed.ee\/#\/schema\/logo\/image\/","url":"https:\/\/www.plaadimehed.ee\/wp-content\/uploads\/2024\/05\/plaadimehed-logo.svg","contentUrl":"https:\/\/www.plaadimehed.ee\/wp-content\/uploads\/2024\/05\/plaadimehed-logo.svg","width":266,"height":72,"caption":"Plaadimehed"},"image":{"@id":"https:\/\/www.plaadimehed.ee\/#\/schema\/logo\/image\/"}}]}},"_links":{"self":[{"href":"https:\/\/www.plaadimehed.ee\/fi\/wp-json\/wp\/v2\/product\/17182","targetHints":{"allow":["GET"]}}],"collection":[{"href":"https:\/\/www.plaadimehed.ee\/fi\/wp-json\/wp\/v2\/product"}],"about":[{"href":"https:\/\/www.plaadimehed.ee\/fi\/wp-json\/wp\/v2\/types\/product"}],"wp:featuredmedia":[{"embeddable":true,"href":"https:\/\/www.plaadimehed.ee\/fi\/wp-json\/wp\/v2\/media\/17183"}],"wp:attachment":[{"href":"https:\/\/www.plaadimehed.ee\/fi\/wp-json\/wp\/v2\/media?parent=17182"}],"wp:term":[{"taxonomy":"product_brand","embeddable":true,"href":"https:\/\/www.plaadimehed.ee\/fi\/wp-json\/wp\/v2\/product_brand?post=17182"},{"taxonomy":"product_cat","embeddable":true,"href":"https:\/\/www.plaadimehed.ee\/fi\/wp-json\/wp\/v2\/product_cat?post=17182"},{"taxonomy":"product_tag","embeddable":true,"href":"https:\/\/www.plaadimehed.ee\/fi\/wp-json\/wp\/v2\/product_tag?post=17182"}],"curies":[{"name":"wp","href":"https:\/\/api.w.org\/{rel}","templated":true}]}}