{"id":17225,"date":"2025-12-08T10:04:22","date_gmt":"2025-12-08T08:04:22","guid":{"rendered":"https:\/\/www.plaadimehed.ee\/?post_type=product&#038;p=17225"},"modified":"2025-12-08T12:42:27","modified_gmt":"2025-12-08T10:42:27","slug":"levelys-multirist-1-3-mm-100-tk","status":"publish","type":"product","link":"https:\/\/www.plaadimehed.ee\/fi\/product\/levelys-multirist-1-3-mm-100-tk\/","title":{"rendered":"LEVELYS multirist 1-3 mm 100 tk"},"content":{"rendered":"<p>LEVELYS on plaatijatele suunatud abivahendite tootja. Tootevalikusse kuuluvad: tasanduss\u00fcsteemi ankrud, kiilud, spin s\u00fcsteemid ja k\u00f5rgusm\u00e4rgid.<\/p>\n<p>&nbsp;<\/p>\n","protected":false},"excerpt":{"rendered":"<p>\u25cf Pakendis 100 tk<br \/>\n\u25cf Kasutamiseks vuuki v\u00f5i plaadirea alla kiiluna<br \/>\n\u25cf Vuugikiiluna m\u00f5\u00f5tudele 1 mm, 1.5 mm, 2 mm. 2.5 mm, 3 mm<br \/>\n\u25cf Korduvkasutatav<\/p>\n","protected":false},"featured_media":17226,"template":"","meta":{"_acf_changed":false},"product_brand":[266],"product_cat":[48],"product_tag":[],"class_list":{"0":"post-17225","1":"product","2":"type-product","3":"status-publish","4":"has-post-thumbnail","6":"product_brand-levelys","7":"product_cat-ristid-kiilud-noorid","9":"first","10":"instock","11":"taxable","12":"shipping-taxable","13":"purchasable","14":"product-type-simple"},"acf":[],"yoast_head":"<!-- This site is optimized with the Yoast SEO plugin v27.0 - https:\/\/yoast.com\/product\/yoast-seo-wordpress\/ -->\n<title>LEVELYS multirist 1-3 mm 100 tk - Plaadimehed<\/title>\n<meta name=\"description\" content=\"LEVELYS multirist v\u00f5i vuugikiil. Kasutamiseks plaadirea all v\u00f5i vuugis. Vuukidele: 1mm, 1.5 mm, 2 mm, 2.5 mm 3 mm. Korduvkasutatav.\" \/>\n<meta name=\"robots\" content=\"index, follow, max-snippet:-1, max-image-preview:large, max-video-preview:-1\" \/>\n<link rel=\"canonical\" href=\"https:\/\/www.plaadimehed.ee\/product\/levelys-multirist-1-3-mm-100-tk\/\" \/>\n<meta property=\"og:locale\" content=\"fi_FI\" \/>\n<meta property=\"og:type\" content=\"article\" \/>\n<meta property=\"og:title\" content=\"LEVELYS multirist 1-3 mm 100 tk\" \/>\n<meta property=\"og:description\" content=\"LEVELYS multirist v\u00f5i vuugikiil. Kasutamiseks plaadirea all v\u00f5i vuugis. Vuukidele: 1mm, 1.5 mm, 2 mm, 2.5 mm 3 mm. Korduvkasutatav.\" \/>\n<meta property=\"og:url\" content=\"https:\/\/www.plaadimehed.ee\/product\/levelys-multirist-1-3-mm-100-tk\/\" \/>\n<meta property=\"og:site_name\" content=\"Plaadimehed\" \/>\n<meta property=\"article:modified_time\" content=\"2025-12-08T10:42:27+00:00\" \/>\n<meta property=\"og:image\" content=\"https:\/\/www.plaadimehed.ee\/wp-content\/uploads\/2025\/12\/Levelys-multi.png\" \/>\n\t<meta property=\"og:image:width\" content=\"1000\" \/>\n\t<meta property=\"og:image:height\" content=\"1000\" \/>\n\t<meta property=\"og:image:type\" content=\"image\/png\" \/>\n<meta name=\"twitter:card\" content=\"summary_large_image\" \/>\n<meta name=\"twitter:label1\" content=\"Arvioitu lukuaika\" \/>\n\t<meta name=\"twitter:data1\" content=\"1 minuutti\" \/>\n<script type=\"application\/ld+json\" class=\"yoast-schema-graph\">{\"@context\":\"https:\/\/schema.org\",\"@graph\":[{\"@type\":\"WebPage\",\"@id\":\"https:\/\/www.plaadimehed.ee\/product\/levelys-multirist-1-3-mm-100-tk\/\",\"url\":\"https:\/\/www.plaadimehed.ee\/product\/levelys-multirist-1-3-mm-100-tk\/\",\"name\":\"LEVELYS multirist 1-3 mm 100 tk - Plaadimehed\",\"isPartOf\":{\"@id\":\"https:\/\/www.plaadimehed.ee\/#website\"},\"primaryImageOfPage\":{\"@id\":\"https:\/\/www.plaadimehed.ee\/product\/levelys-multirist-1-3-mm-100-tk\/#primaryimage\"},\"image\":{\"@id\":\"https:\/\/www.plaadimehed.ee\/product\/levelys-multirist-1-3-mm-100-tk\/#primaryimage\"},\"thumbnailUrl\":\"https:\/\/www.plaadimehed.ee\/wp-content\/uploads\/2025\/12\/Levelys-multi.png\",\"datePublished\":\"2025-12-08T08:04:22+00:00\",\"dateModified\":\"2025-12-08T10:42:27+00:00\",\"description\":\"LEVELYS multirist v\u00f5i vuugikiil. Kasutamiseks plaadirea all v\u00f5i vuugis. Vuukidele: 1mm, 1.5 mm, 2 mm, 2.5 mm 3 mm. Korduvkasutatav.\",\"breadcrumb\":{\"@id\":\"https:\/\/www.plaadimehed.ee\/product\/levelys-multirist-1-3-mm-100-tk\/#breadcrumb\"},\"inLanguage\":\"fi\",\"potentialAction\":[{\"@type\":\"ReadAction\",\"target\":[\"https:\/\/www.plaadimehed.ee\/product\/levelys-multirist-1-3-mm-100-tk\/\"]}]},{\"@type\":\"ImageObject\",\"inLanguage\":\"fi\",\"@id\":\"https:\/\/www.plaadimehed.ee\/product\/levelys-multirist-1-3-mm-100-tk\/#primaryimage\",\"url\":\"https:\/\/www.plaadimehed.ee\/wp-content\/uploads\/2025\/12\/Levelys-multi.png\",\"contentUrl\":\"https:\/\/www.plaadimehed.ee\/wp-content\/uploads\/2025\/12\/Levelys-multi.png\",\"width\":1000,\"height\":1000,\"caption\":\"LEVELYS multirist 1-3 mm 100 tk\"},{\"@type\":\"BreadcrumbList\",\"@id\":\"https:\/\/www.plaadimehed.ee\/product\/levelys-multirist-1-3-mm-100-tk\/#breadcrumb\",\"itemListElement\":[{\"@type\":\"ListItem\",\"position\":1,\"name\":\"Home\",\"item\":\"https:\/\/www.plaadimehed.ee\/fi\/\"},{\"@type\":\"ListItem\",\"position\":2,\"name\":\"Verkkokauppa\",\"item\":\"https:\/\/www.plaadimehed.ee\/fi\/shop\/\"},{\"@type\":\"ListItem\",\"position\":3,\"name\":\"LEVELYS multirist 1-3 mm 100 tk\"}]},{\"@type\":\"WebSite\",\"@id\":\"https:\/\/www.plaadimehed.ee\/#website\",\"url\":\"https:\/\/www.plaadimehed.ee\/\",\"name\":\"Plaadimehed\",\"description\":\"Plaatimist\u00f6\u00f6deks vajalikud tarvikud ja t\u00f6\u00f6riistad\",\"publisher\":{\"@id\":\"https:\/\/www.plaadimehed.ee\/#organization\"},\"potentialAction\":[{\"@type\":\"SearchAction\",\"target\":{\"@type\":\"EntryPoint\",\"urlTemplate\":\"https:\/\/www.plaadimehed.ee\/?s={search_term_string}\"},\"query-input\":{\"@type\":\"PropertyValueSpecification\",\"valueRequired\":true,\"valueName\":\"search_term_string\"}}],\"inLanguage\":\"fi\"},{\"@type\":\"Organization\",\"@id\":\"https:\/\/www.plaadimehed.ee\/#organization\",\"name\":\"Plaadimehed\",\"url\":\"https:\/\/www.plaadimehed.ee\/\",\"logo\":{\"@type\":\"ImageObject\",\"inLanguage\":\"fi\",\"@id\":\"https:\/\/www.plaadimehed.ee\/#\/schema\/logo\/image\/\",\"url\":\"https:\/\/www.plaadimehed.ee\/wp-content\/uploads\/2024\/05\/plaadimehed-logo.svg\",\"contentUrl\":\"https:\/\/www.plaadimehed.ee\/wp-content\/uploads\/2024\/05\/plaadimehed-logo.svg\",\"width\":266,\"height\":72,\"caption\":\"Plaadimehed\"},\"image\":{\"@id\":\"https:\/\/www.plaadimehed.ee\/#\/schema\/logo\/image\/\"}}]}<\/script>\n<!-- \/ Yoast SEO plugin. -->","yoast_head_json":{"title":"LEVELYS multirist 1-3 mm 100 tk - Plaadimehed","description":"LEVELYS multirist v\u00f5i vuugikiil. Kasutamiseks plaadirea all v\u00f5i vuugis. Vuukidele: 1mm, 1.5 mm, 2 mm, 2.5 mm 3 mm. Korduvkasutatav.","robots":{"index":"index","follow":"follow","max-snippet":"max-snippet:-1","max-image-preview":"max-image-preview:large","max-video-preview":"max-video-preview:-1"},"canonical":"https:\/\/www.plaadimehed.ee\/product\/levelys-multirist-1-3-mm-100-tk\/","og_locale":"fi_FI","og_type":"article","og_title":"LEVELYS multirist 1-3 mm 100 tk","og_description":"LEVELYS multirist v\u00f5i vuugikiil. Kasutamiseks plaadirea all v\u00f5i vuugis. Vuukidele: 1mm, 1.5 mm, 2 mm, 2.5 mm 3 mm. Korduvkasutatav.","og_url":"https:\/\/www.plaadimehed.ee\/product\/levelys-multirist-1-3-mm-100-tk\/","og_site_name":"Plaadimehed","article_modified_time":"2025-12-08T10:42:27+00:00","og_image":[{"width":1000,"height":1000,"url":"https:\/\/www.plaadimehed.ee\/wp-content\/uploads\/2025\/12\/Levelys-multi.png","type":"image\/png"}],"twitter_card":"summary_large_image","twitter_misc":{"Arvioitu lukuaika":"1 minuutti"},"schema":{"@context":"https:\/\/schema.org","@graph":[{"@type":"WebPage","@id":"https:\/\/www.plaadimehed.ee\/product\/levelys-multirist-1-3-mm-100-tk\/","url":"https:\/\/www.plaadimehed.ee\/product\/levelys-multirist-1-3-mm-100-tk\/","name":"LEVELYS multirist 1-3 mm 100 tk - Plaadimehed","isPartOf":{"@id":"https:\/\/www.plaadimehed.ee\/#website"},"primaryImageOfPage":{"@id":"https:\/\/www.plaadimehed.ee\/product\/levelys-multirist-1-3-mm-100-tk\/#primaryimage"},"image":{"@id":"https:\/\/www.plaadimehed.ee\/product\/levelys-multirist-1-3-mm-100-tk\/#primaryimage"},"thumbnailUrl":"https:\/\/www.plaadimehed.ee\/wp-content\/uploads\/2025\/12\/Levelys-multi.png","datePublished":"2025-12-08T08:04:22+00:00","dateModified":"2025-12-08T10:42:27+00:00","description":"LEVELYS multirist v\u00f5i vuugikiil. Kasutamiseks plaadirea all v\u00f5i vuugis. Vuukidele: 1mm, 1.5 mm, 2 mm, 2.5 mm 3 mm. Korduvkasutatav.","breadcrumb":{"@id":"https:\/\/www.plaadimehed.ee\/product\/levelys-multirist-1-3-mm-100-tk\/#breadcrumb"},"inLanguage":"fi","potentialAction":[{"@type":"ReadAction","target":["https:\/\/www.plaadimehed.ee\/product\/levelys-multirist-1-3-mm-100-tk\/"]}]},{"@type":"ImageObject","inLanguage":"fi","@id":"https:\/\/www.plaadimehed.ee\/product\/levelys-multirist-1-3-mm-100-tk\/#primaryimage","url":"https:\/\/www.plaadimehed.ee\/wp-content\/uploads\/2025\/12\/Levelys-multi.png","contentUrl":"https:\/\/www.plaadimehed.ee\/wp-content\/uploads\/2025\/12\/Levelys-multi.png","width":1000,"height":1000,"caption":"LEVELYS multirist 1-3 mm 100 tk"},{"@type":"BreadcrumbList","@id":"https:\/\/www.plaadimehed.ee\/product\/levelys-multirist-1-3-mm-100-tk\/#breadcrumb","itemListElement":[{"@type":"ListItem","position":1,"name":"Home","item":"https:\/\/www.plaadimehed.ee\/fi\/"},{"@type":"ListItem","position":2,"name":"Verkkokauppa","item":"https:\/\/www.plaadimehed.ee\/fi\/shop\/"},{"@type":"ListItem","position":3,"name":"LEVELYS multirist 1-3 mm 100 tk"}]},{"@type":"WebSite","@id":"https:\/\/www.plaadimehed.ee\/#website","url":"https:\/\/www.plaadimehed.ee\/","name":"Plaadimehed","description":"Plaatimist\u00f6\u00f6deks vajalikud tarvikud ja t\u00f6\u00f6riistad","publisher":{"@id":"https:\/\/www.plaadimehed.ee\/#organization"},"potentialAction":[{"@type":"SearchAction","target":{"@type":"EntryPoint","urlTemplate":"https:\/\/www.plaadimehed.ee\/?s={search_term_string}"},"query-input":{"@type":"PropertyValueSpecification","valueRequired":true,"valueName":"search_term_string"}}],"inLanguage":"fi"},{"@type":"Organization","@id":"https:\/\/www.plaadimehed.ee\/#organization","name":"Plaadimehed","url":"https:\/\/www.plaadimehed.ee\/","logo":{"@type":"ImageObject","inLanguage":"fi","@id":"https:\/\/www.plaadimehed.ee\/#\/schema\/logo\/image\/","url":"https:\/\/www.plaadimehed.ee\/wp-content\/uploads\/2024\/05\/plaadimehed-logo.svg","contentUrl":"https:\/\/www.plaadimehed.ee\/wp-content\/uploads\/2024\/05\/plaadimehed-logo.svg","width":266,"height":72,"caption":"Plaadimehed"},"image":{"@id":"https:\/\/www.plaadimehed.ee\/#\/schema\/logo\/image\/"}}]}},"_links":{"self":[{"href":"https:\/\/www.plaadimehed.ee\/fi\/wp-json\/wp\/v2\/product\/17225","targetHints":{"allow":["GET"]}}],"collection":[{"href":"https:\/\/www.plaadimehed.ee\/fi\/wp-json\/wp\/v2\/product"}],"about":[{"href":"https:\/\/www.plaadimehed.ee\/fi\/wp-json\/wp\/v2\/types\/product"}],"wp:featuredmedia":[{"embeddable":true,"href":"https:\/\/www.plaadimehed.ee\/fi\/wp-json\/wp\/v2\/media\/17226"}],"wp:attachment":[{"href":"https:\/\/www.plaadimehed.ee\/fi\/wp-json\/wp\/v2\/media?parent=17225"}],"wp:term":[{"taxonomy":"product_brand","embeddable":true,"href":"https:\/\/www.plaadimehed.ee\/fi\/wp-json\/wp\/v2\/product_brand?post=17225"},{"taxonomy":"product_cat","embeddable":true,"href":"https:\/\/www.plaadimehed.ee\/fi\/wp-json\/wp\/v2\/product_cat?post=17225"},{"taxonomy":"product_tag","embeddable":true,"href":"https:\/\/www.plaadimehed.ee\/fi\/wp-json\/wp\/v2\/product_tag?post=17225"}],"curies":[{"name":"wp","href":"https:\/\/api.w.org\/{rel}","templated":true}]}}