{"id":17547,"date":"2026-01-15T12:26:57","date_gmt":"2026-01-15T10:26:57","guid":{"rendered":"https:\/\/www.plaadimehed.ee\/?post_type=product&#038;p=17547"},"modified":"2026-04-07T14:08:01","modified_gmt":"2026-04-07T12:08:01","slug":"bihui-mini-ketasloikuri-teemant-lihvotsik-1-8-mm","status":"publish","type":"product","link":"https:\/\/www.plaadimehed.ee\/fi\/product\/bihui-mini-ketasloikuri-teemant-lihvotsik-1-8-mm\/","title":{"rendered":"BIHUI Mini-ketasl\u00f5ikuri Teemant-lihvotsik 1,8 mm"},"content":{"rendered":"<p class=\"p1\">BIHUI on professionaalne t\u00f6\u00f6riistabr\u00e4nd, mis keskendub eelk\u00f5ige plaatimis- ja viimistlust\u00f6\u00f6dele. Nende tootevalikusse kuuluvad kvaliteetsed plaadil\u00f5ikurid, vaakumhaaratsid, k\u00e4sit\u00f6\u00f6riistad, plaatide tasanduss\u00fcsteemid, iminapad, teemantkettad ja freesid, mis on loodud spetsiaalselt professionaalidele.<\/p>\n<p class=\"p1\">Br\u00e4ndi eesm\u00e4rk on pakkuda t\u00e4pseid, vastupidavaid ja kasutajas\u00f5bralikke t\u00f6\u00f6riistu, mis aitavad saavutada k\u00f5rget kvaliteeti kiiremini ja mugavamalt. BIHUI tooteid hinnatakse eriti nende hea hinna ja kvaliteedi suhte t\u00f5ttu. Plaadimehed on BIHUI esindaja Eestis.<\/p>\n<p><a href=\"https:\/\/www.bihuitools.com\/\" target=\"_blank\" rel=\"noopener\">BIHUI ametlik kodulehek\u00fclg<\/a>BIHUI Mini-ketasl\u00f5ikuri Teemant-lihvotsik 1,2 mm<\/p>\n","protected":false},"excerpt":{"rendered":"<p>Bihui mini-ketasl\u00f5ikuri v\u00f5i Proxxon\/ Dremel mini-nurktrellile<\/p>\n<p>\u25cf\u00a0 Lihvotsik diameetriga 1,8 mm<br \/>\n\u25cf Soovitatav kasutada m\u00e4rjana<br \/>\n\u25cf Hea t\u00f6\u00f6riist slab plaatide t\u00f6\u00f6tlemiseks<br \/>\n\u25cf Sisenurkade v\u00f5i vuukide lihvimiseks<br \/>\n\u25cf Pakendis 1 tk<\/p>\n","protected":false},"featured_media":17544,"template":"","meta":{"_acf_changed":false},"product_brand":[26],"product_cat":[287,60],"product_tag":[],"class_list":{"0":"post-17547","1":"product","2":"type-product","3":"status-publish","4":"has-post-thumbnail","6":"product_brand-bihui","7":"product_cat-lihv-otsikud","8":"product_cat-slabi-suuremootmeline-plaat-tooriistad","10":"first","11":"instock","12":"taxable","13":"shipping-taxable","14":"purchasable","15":"product-type-simple"},"acf":[],"yoast_head":"<!-- This site is optimized with the Yoast SEO plugin v27.0 - https:\/\/yoast.com\/product\/yoast-seo-wordpress\/ -->\n<title>BIHUI Mini-ketasl\u00f5ikuri Teemant-lihvotsik 1,8 mm - Plaadimehed<\/title>\n<meta name=\"description\" content=\"Bihui mini-teemantpuur- ja lihvotsik v\u00f5imaldab teha puurimisi nurkadesse v\u00f5i lihvida v\u00e4ikseid detaile. Kasutamiseks m\u00e4rjalt.\" \/>\n<meta name=\"robots\" content=\"index, follow, max-snippet:-1, max-image-preview:large, max-video-preview:-1\" \/>\n<link rel=\"canonical\" href=\"https:\/\/www.plaadimehed.ee\/product\/bihui-mini-ketasloikuri-teemant-lihvotsik-1-8-mm\/\" \/>\n<meta property=\"og:locale\" content=\"fi_FI\" \/>\n<meta property=\"og:type\" content=\"article\" \/>\n<meta property=\"og:title\" content=\"BIHUI Mini-ketasl\u00f5ikuri Teemant-lihvotsik 1.8 mm\" \/>\n<meta property=\"og:description\" content=\"Bihui mini-teemantpuur- ja lihvotsik v\u00f5imaldab teha puurimisi nurkadesse v\u00f5i lihvida v\u00e4ikseid detaile. Kasutamiseks m\u00e4rjalt.\" \/>\n<meta property=\"og:url\" content=\"https:\/\/www.plaadimehed.ee\/product\/bihui-mini-ketasloikuri-teemant-lihvotsik-1-8-mm\/\" \/>\n<meta property=\"og:site_name\" content=\"Plaadimehed\" \/>\n<meta property=\"article:modified_time\" content=\"2026-04-07T12:08:01+00:00\" \/>\n<meta property=\"og:image\" content=\"https:\/\/www.plaadimehed.ee\/wp-content\/uploads\/2026\/01\/Bihui-noel.png\" \/>\n\t<meta property=\"og:image:width\" content=\"1000\" \/>\n\t<meta property=\"og:image:height\" content=\"870\" \/>\n\t<meta property=\"og:image:type\" content=\"image\/png\" \/>\n<meta name=\"twitter:card\" content=\"summary_large_image\" \/>\n<meta name=\"twitter:label1\" content=\"Arvioitu lukuaika\" \/>\n\t<meta name=\"twitter:data1\" content=\"1 minuutti\" \/>\n<script type=\"application\/ld+json\" class=\"yoast-schema-graph\">{\"@context\":\"https:\/\/schema.org\",\"@graph\":[{\"@type\":\"WebPage\",\"@id\":\"https:\/\/www.plaadimehed.ee\/product\/bihui-mini-ketasloikuri-teemant-lihvotsik-1-8-mm\/\",\"url\":\"https:\/\/www.plaadimehed.ee\/product\/bihui-mini-ketasloikuri-teemant-lihvotsik-1-8-mm\/\",\"name\":\"BIHUI Mini-ketasl\u00f5ikuri Teemant-lihvotsik 1,8 mm - Plaadimehed\",\"isPartOf\":{\"@id\":\"https:\/\/www.plaadimehed.ee\/#website\"},\"primaryImageOfPage\":{\"@id\":\"https:\/\/www.plaadimehed.ee\/product\/bihui-mini-ketasloikuri-teemant-lihvotsik-1-8-mm\/#primaryimage\"},\"image\":{\"@id\":\"https:\/\/www.plaadimehed.ee\/product\/bihui-mini-ketasloikuri-teemant-lihvotsik-1-8-mm\/#primaryimage\"},\"thumbnailUrl\":\"https:\/\/www.plaadimehed.ee\/wp-content\/uploads\/2026\/01\/Bihui-noel.png\",\"datePublished\":\"2026-01-15T10:26:57+00:00\",\"dateModified\":\"2026-04-07T12:08:01+00:00\",\"description\":\"Bihui mini-teemantpuur- ja lihvotsik v\u00f5imaldab teha puurimisi nurkadesse v\u00f5i lihvida v\u00e4ikseid detaile. Kasutamiseks m\u00e4rjalt.\",\"breadcrumb\":{\"@id\":\"https:\/\/www.plaadimehed.ee\/product\/bihui-mini-ketasloikuri-teemant-lihvotsik-1-8-mm\/#breadcrumb\"},\"inLanguage\":\"fi\",\"potentialAction\":[{\"@type\":\"ReadAction\",\"target\":[\"https:\/\/www.plaadimehed.ee\/product\/bihui-mini-ketasloikuri-teemant-lihvotsik-1-8-mm\/\"]}]},{\"@type\":\"ImageObject\",\"inLanguage\":\"fi\",\"@id\":\"https:\/\/www.plaadimehed.ee\/product\/bihui-mini-ketasloikuri-teemant-lihvotsik-1-8-mm\/#primaryimage\",\"url\":\"https:\/\/www.plaadimehed.ee\/wp-content\/uploads\/2026\/01\/Bihui-noel.png\",\"contentUrl\":\"https:\/\/www.plaadimehed.ee\/wp-content\/uploads\/2026\/01\/Bihui-noel.png\",\"width\":1000,\"height\":870,\"caption\":\"BIHUI Mini-ketasl\u00f5ikuri Teemant-lihvotsik\"},{\"@type\":\"BreadcrumbList\",\"@id\":\"https:\/\/www.plaadimehed.ee\/product\/bihui-mini-ketasloikuri-teemant-lihvotsik-1-8-mm\/#breadcrumb\",\"itemListElement\":[{\"@type\":\"ListItem\",\"position\":1,\"name\":\"Home\",\"item\":\"https:\/\/www.plaadimehed.ee\/fi\/\"},{\"@type\":\"ListItem\",\"position\":2,\"name\":\"Verkkokauppa\",\"item\":\"https:\/\/www.plaadimehed.ee\/fi\/shop\/\"},{\"@type\":\"ListItem\",\"position\":3,\"name\":\"BIHUI Mini-ketasl\u00f5ikuri Teemant-lihvotsik 1,8 mm\"}]},{\"@type\":\"WebSite\",\"@id\":\"https:\/\/www.plaadimehed.ee\/#website\",\"url\":\"https:\/\/www.plaadimehed.ee\/\",\"name\":\"Plaadimehed\",\"description\":\"Plaatimist\u00f6\u00f6deks vajalikud tarvikud ja t\u00f6\u00f6riistad\",\"publisher\":{\"@id\":\"https:\/\/www.plaadimehed.ee\/#organization\"},\"potentialAction\":[{\"@type\":\"SearchAction\",\"target\":{\"@type\":\"EntryPoint\",\"urlTemplate\":\"https:\/\/www.plaadimehed.ee\/?s={search_term_string}\"},\"query-input\":{\"@type\":\"PropertyValueSpecification\",\"valueRequired\":true,\"valueName\":\"search_term_string\"}}],\"inLanguage\":\"fi\"},{\"@type\":\"Organization\",\"@id\":\"https:\/\/www.plaadimehed.ee\/#organization\",\"name\":\"Plaadimehed\",\"url\":\"https:\/\/www.plaadimehed.ee\/\",\"logo\":{\"@type\":\"ImageObject\",\"inLanguage\":\"fi\",\"@id\":\"https:\/\/www.plaadimehed.ee\/#\/schema\/logo\/image\/\",\"url\":\"https:\/\/www.plaadimehed.ee\/wp-content\/uploads\/2024\/05\/plaadimehed-logo.svg\",\"contentUrl\":\"https:\/\/www.plaadimehed.ee\/wp-content\/uploads\/2024\/05\/plaadimehed-logo.svg\",\"width\":266,\"height\":72,\"caption\":\"Plaadimehed\"},\"image\":{\"@id\":\"https:\/\/www.plaadimehed.ee\/#\/schema\/logo\/image\/\"}}]}<\/script>\n<!-- \/ Yoast SEO plugin. -->","yoast_head_json":{"title":"BIHUI Mini-ketasl\u00f5ikuri Teemant-lihvotsik 1,8 mm - Plaadimehed","description":"Bihui mini-teemantpuur- ja lihvotsik v\u00f5imaldab teha puurimisi nurkadesse v\u00f5i lihvida v\u00e4ikseid detaile. Kasutamiseks m\u00e4rjalt.","robots":{"index":"index","follow":"follow","max-snippet":"max-snippet:-1","max-image-preview":"max-image-preview:large","max-video-preview":"max-video-preview:-1"},"canonical":"https:\/\/www.plaadimehed.ee\/product\/bihui-mini-ketasloikuri-teemant-lihvotsik-1-8-mm\/","og_locale":"fi_FI","og_type":"article","og_title":"BIHUI Mini-ketasl\u00f5ikuri Teemant-lihvotsik 1.8 mm","og_description":"Bihui mini-teemantpuur- ja lihvotsik v\u00f5imaldab teha puurimisi nurkadesse v\u00f5i lihvida v\u00e4ikseid detaile. Kasutamiseks m\u00e4rjalt.","og_url":"https:\/\/www.plaadimehed.ee\/product\/bihui-mini-ketasloikuri-teemant-lihvotsik-1-8-mm\/","og_site_name":"Plaadimehed","article_modified_time":"2026-04-07T12:08:01+00:00","og_image":[{"width":1000,"height":870,"url":"https:\/\/www.plaadimehed.ee\/wp-content\/uploads\/2026\/01\/Bihui-noel.png","type":"image\/png"}],"twitter_card":"summary_large_image","twitter_misc":{"Arvioitu lukuaika":"1 minuutti"},"schema":{"@context":"https:\/\/schema.org","@graph":[{"@type":"WebPage","@id":"https:\/\/www.plaadimehed.ee\/product\/bihui-mini-ketasloikuri-teemant-lihvotsik-1-8-mm\/","url":"https:\/\/www.plaadimehed.ee\/product\/bihui-mini-ketasloikuri-teemant-lihvotsik-1-8-mm\/","name":"BIHUI Mini-ketasl\u00f5ikuri Teemant-lihvotsik 1,8 mm - Plaadimehed","isPartOf":{"@id":"https:\/\/www.plaadimehed.ee\/#website"},"primaryImageOfPage":{"@id":"https:\/\/www.plaadimehed.ee\/product\/bihui-mini-ketasloikuri-teemant-lihvotsik-1-8-mm\/#primaryimage"},"image":{"@id":"https:\/\/www.plaadimehed.ee\/product\/bihui-mini-ketasloikuri-teemant-lihvotsik-1-8-mm\/#primaryimage"},"thumbnailUrl":"https:\/\/www.plaadimehed.ee\/wp-content\/uploads\/2026\/01\/Bihui-noel.png","datePublished":"2026-01-15T10:26:57+00:00","dateModified":"2026-04-07T12:08:01+00:00","description":"Bihui mini-teemantpuur- ja lihvotsik v\u00f5imaldab teha puurimisi nurkadesse v\u00f5i lihvida v\u00e4ikseid detaile. Kasutamiseks m\u00e4rjalt.","breadcrumb":{"@id":"https:\/\/www.plaadimehed.ee\/product\/bihui-mini-ketasloikuri-teemant-lihvotsik-1-8-mm\/#breadcrumb"},"inLanguage":"fi","potentialAction":[{"@type":"ReadAction","target":["https:\/\/www.plaadimehed.ee\/product\/bihui-mini-ketasloikuri-teemant-lihvotsik-1-8-mm\/"]}]},{"@type":"ImageObject","inLanguage":"fi","@id":"https:\/\/www.plaadimehed.ee\/product\/bihui-mini-ketasloikuri-teemant-lihvotsik-1-8-mm\/#primaryimage","url":"https:\/\/www.plaadimehed.ee\/wp-content\/uploads\/2026\/01\/Bihui-noel.png","contentUrl":"https:\/\/www.plaadimehed.ee\/wp-content\/uploads\/2026\/01\/Bihui-noel.png","width":1000,"height":870,"caption":"BIHUI Mini-ketasl\u00f5ikuri Teemant-lihvotsik"},{"@type":"BreadcrumbList","@id":"https:\/\/www.plaadimehed.ee\/product\/bihui-mini-ketasloikuri-teemant-lihvotsik-1-8-mm\/#breadcrumb","itemListElement":[{"@type":"ListItem","position":1,"name":"Home","item":"https:\/\/www.plaadimehed.ee\/fi\/"},{"@type":"ListItem","position":2,"name":"Verkkokauppa","item":"https:\/\/www.plaadimehed.ee\/fi\/shop\/"},{"@type":"ListItem","position":3,"name":"BIHUI Mini-ketasl\u00f5ikuri Teemant-lihvotsik 1,8 mm"}]},{"@type":"WebSite","@id":"https:\/\/www.plaadimehed.ee\/#website","url":"https:\/\/www.plaadimehed.ee\/","name":"Plaadimehed","description":"Plaatimist\u00f6\u00f6deks vajalikud tarvikud ja t\u00f6\u00f6riistad","publisher":{"@id":"https:\/\/www.plaadimehed.ee\/#organization"},"potentialAction":[{"@type":"SearchAction","target":{"@type":"EntryPoint","urlTemplate":"https:\/\/www.plaadimehed.ee\/?s={search_term_string}"},"query-input":{"@type":"PropertyValueSpecification","valueRequired":true,"valueName":"search_term_string"}}],"inLanguage":"fi"},{"@type":"Organization","@id":"https:\/\/www.plaadimehed.ee\/#organization","name":"Plaadimehed","url":"https:\/\/www.plaadimehed.ee\/","logo":{"@type":"ImageObject","inLanguage":"fi","@id":"https:\/\/www.plaadimehed.ee\/#\/schema\/logo\/image\/","url":"https:\/\/www.plaadimehed.ee\/wp-content\/uploads\/2024\/05\/plaadimehed-logo.svg","contentUrl":"https:\/\/www.plaadimehed.ee\/wp-content\/uploads\/2024\/05\/plaadimehed-logo.svg","width":266,"height":72,"caption":"Plaadimehed"},"image":{"@id":"https:\/\/www.plaadimehed.ee\/#\/schema\/logo\/image\/"}}]}},"_links":{"self":[{"href":"https:\/\/www.plaadimehed.ee\/fi\/wp-json\/wp\/v2\/product\/17547","targetHints":{"allow":["GET"]}}],"collection":[{"href":"https:\/\/www.plaadimehed.ee\/fi\/wp-json\/wp\/v2\/product"}],"about":[{"href":"https:\/\/www.plaadimehed.ee\/fi\/wp-json\/wp\/v2\/types\/product"}],"wp:featuredmedia":[{"embeddable":true,"href":"https:\/\/www.plaadimehed.ee\/fi\/wp-json\/wp\/v2\/media\/17544"}],"wp:attachment":[{"href":"https:\/\/www.plaadimehed.ee\/fi\/wp-json\/wp\/v2\/media?parent=17547"}],"wp:term":[{"taxonomy":"product_brand","embeddable":true,"href":"https:\/\/www.plaadimehed.ee\/fi\/wp-json\/wp\/v2\/product_brand?post=17547"},{"taxonomy":"product_cat","embeddable":true,"href":"https:\/\/www.plaadimehed.ee\/fi\/wp-json\/wp\/v2\/product_cat?post=17547"},{"taxonomy":"product_tag","embeddable":true,"href":"https:\/\/www.plaadimehed.ee\/fi\/wp-json\/wp\/v2\/product_tag?post=17547"}],"curies":[{"name":"wp","href":"https:\/\/api.w.org\/{rel}","templated":true}]}}