{"id":17576,"date":"2026-01-20T13:09:01","date_gmt":"2026-01-20T11:09:01","guid":{"rendered":"https:\/\/www.plaadimehed.ee\/?post_type=product&#038;p=17576"},"modified":"2026-04-07T14:26:54","modified_gmt":"2026-04-07T12:26:54","slug":"proxxon-volframkarbiid-mini-ketasloikuri-lihv-loikeketas","status":"publish","type":"product","link":"https:\/\/www.plaadimehed.ee\/fi\/product\/proxxon-volframkarbiid-mini-ketasloikuri-lihv-loikeketas\/","title":{"rendered":"PROXXON VOLFRAMKARBIID Mini-ketasl\u00f5ikuri lihv\/ l\u00f5ikeketas"},"content":{"rendered":"","protected":false},"excerpt":{"rendered":"<p>\u25cf L\u00f5ike -ja lihvketas<br \/>\n\u25cf Betooni, plaadisegu jm. lihvimiseks<br \/>\n\u25cf Diameeter 50 x 9,6 mm<br \/>\n\u25cf Max. 20 000\/ rpm<\/p>\n","protected":false},"featured_media":17577,"template":"","meta":{"_acf_changed":false},"product_brand":[92],"product_cat":[289,32],"product_tag":[],"class_list":{"0":"post-17576","1":"product","2":"type-product","3":"status-publish","4":"has-post-thumbnail","6":"product_brand-proxxon","7":"product_cat-kettad","8":"product_cat-lihvimise-vahendid","10":"first","11":"instock","12":"taxable","13":"shipping-taxable","14":"purchasable","15":"product-type-simple"},"acf":[],"yoast_head":"<!-- This site is optimized with the Yoast SEO plugin v27.0 - https:\/\/yoast.com\/product\/yoast-seo-wordpress\/ -->\n<title>PROXXON VOLFRAMKARBIID Mini-ketasl\u00f5ikuri lihv\/ l\u00f5ikeketas - Plaadimehed<\/title>\n<meta name=\"description\" content=\"Proxxon mini-ketasl\u00f5ikuri universaalne Volframkarbiid l\u00f5ike -ja lihvketas. Sobib suurep\u00e4raselt tsementsegude eemaldamiseks tasapinnalt.\" \/>\n<meta name=\"robots\" content=\"index, follow, max-snippet:-1, max-image-preview:large, max-video-preview:-1\" \/>\n<link rel=\"canonical\" href=\"https:\/\/www.plaadimehed.ee\/product\/proxxon-volframkarbiid-mini-ketasloikuri-lihv-loikeketas\/\" \/>\n<meta property=\"og:locale\" content=\"fi_FI\" \/>\n<meta property=\"og:type\" content=\"article\" \/>\n<meta property=\"og:title\" content=\"PROXXON VOLFRAMKARBIID Mini-ketasl\u00f5ikuri universaalne lihv\/ l\u00f5ike-ketas\" \/>\n<meta property=\"og:description\" content=\"Proxxon mini-ketasl\u00f5ikuri universaalne Volframkarbiid l\u00f5ike -ja lihvketas. Sobib suurep\u00e4raselt tsementsegude eemaldamiseks tasapinnalt.\" \/>\n<meta property=\"og:url\" content=\"https:\/\/www.plaadimehed.ee\/product\/proxxon-volframkarbiid-mini-ketasloikuri-lihv-loikeketas\/\" \/>\n<meta property=\"og:site_name\" content=\"Plaadimehed\" \/>\n<meta property=\"article:modified_time\" content=\"2026-04-07T12:26:54+00:00\" \/>\n<meta property=\"og:image\" content=\"https:\/\/www.plaadimehed.ee\/wp-content\/uploads\/2026\/01\/proxxon-volf-1024x1024.png\" \/>\n\t<meta property=\"og:image:width\" content=\"1024\" \/>\n\t<meta property=\"og:image:height\" content=\"1024\" \/>\n\t<meta property=\"og:image:type\" content=\"image\/png\" \/>\n<meta name=\"twitter:card\" content=\"summary_large_image\" \/>\n<meta name=\"twitter:label1\" content=\"Arvioitu lukuaika\" \/>\n\t<meta name=\"twitter:data1\" content=\"1 minuutti\" \/>\n<script type=\"application\/ld+json\" class=\"yoast-schema-graph\">{\"@context\":\"https:\/\/schema.org\",\"@graph\":[{\"@type\":\"WebPage\",\"@id\":\"https:\/\/www.plaadimehed.ee\/product\/proxxon-volframkarbiid-mini-ketasloikuri-lihv-loikeketas\/\",\"url\":\"https:\/\/www.plaadimehed.ee\/product\/proxxon-volframkarbiid-mini-ketasloikuri-lihv-loikeketas\/\",\"name\":\"PROXXON VOLFRAMKARBIID Mini-ketasl\u00f5ikuri lihv\/ l\u00f5ikeketas - Plaadimehed\",\"isPartOf\":{\"@id\":\"https:\/\/www.plaadimehed.ee\/#website\"},\"primaryImageOfPage\":{\"@id\":\"https:\/\/www.plaadimehed.ee\/product\/proxxon-volframkarbiid-mini-ketasloikuri-lihv-loikeketas\/#primaryimage\"},\"image\":{\"@id\":\"https:\/\/www.plaadimehed.ee\/product\/proxxon-volframkarbiid-mini-ketasloikuri-lihv-loikeketas\/#primaryimage\"},\"thumbnailUrl\":\"https:\/\/www.plaadimehed.ee\/wp-content\/uploads\/2026\/01\/proxxon-volf.png\",\"datePublished\":\"2026-01-20T11:09:01+00:00\",\"dateModified\":\"2026-04-07T12:26:54+00:00\",\"description\":\"Proxxon mini-ketasl\u00f5ikuri universaalne Volframkarbiid l\u00f5ike -ja lihvketas. Sobib suurep\u00e4raselt tsementsegude eemaldamiseks tasapinnalt.\",\"breadcrumb\":{\"@id\":\"https:\/\/www.plaadimehed.ee\/product\/proxxon-volframkarbiid-mini-ketasloikuri-lihv-loikeketas\/#breadcrumb\"},\"inLanguage\":\"fi\",\"potentialAction\":[{\"@type\":\"ReadAction\",\"target\":[\"https:\/\/www.plaadimehed.ee\/product\/proxxon-volframkarbiid-mini-ketasloikuri-lihv-loikeketas\/\"]}]},{\"@type\":\"ImageObject\",\"inLanguage\":\"fi\",\"@id\":\"https:\/\/www.plaadimehed.ee\/product\/proxxon-volframkarbiid-mini-ketasloikuri-lihv-loikeketas\/#primaryimage\",\"url\":\"https:\/\/www.plaadimehed.ee\/wp-content\/uploads\/2026\/01\/proxxon-volf.png\",\"contentUrl\":\"https:\/\/www.plaadimehed.ee\/wp-content\/uploads\/2026\/01\/proxxon-volf.png\",\"width\":1498,\"height\":1500,\"caption\":\"PROXXON VOLFRAMKARBIID Mini-ketasl\u00f5ikuri lihv\/ l\u00f5ikeketas\"},{\"@type\":\"BreadcrumbList\",\"@id\":\"https:\/\/www.plaadimehed.ee\/product\/proxxon-volframkarbiid-mini-ketasloikuri-lihv-loikeketas\/#breadcrumb\",\"itemListElement\":[{\"@type\":\"ListItem\",\"position\":1,\"name\":\"Home\",\"item\":\"https:\/\/www.plaadimehed.ee\/fi\/\"},{\"@type\":\"ListItem\",\"position\":2,\"name\":\"Verkkokauppa\",\"item\":\"https:\/\/www.plaadimehed.ee\/fi\/shop\/\"},{\"@type\":\"ListItem\",\"position\":3,\"name\":\"PROXXON VOLFRAMKARBIID Mini-ketasl\u00f5ikuri lihv\/ l\u00f5ikeketas\"}]},{\"@type\":\"WebSite\",\"@id\":\"https:\/\/www.plaadimehed.ee\/#website\",\"url\":\"https:\/\/www.plaadimehed.ee\/\",\"name\":\"Plaadimehed\",\"description\":\"Plaatimist\u00f6\u00f6deks vajalikud tarvikud ja t\u00f6\u00f6riistad\",\"publisher\":{\"@id\":\"https:\/\/www.plaadimehed.ee\/#organization\"},\"potentialAction\":[{\"@type\":\"SearchAction\",\"target\":{\"@type\":\"EntryPoint\",\"urlTemplate\":\"https:\/\/www.plaadimehed.ee\/?s={search_term_string}\"},\"query-input\":{\"@type\":\"PropertyValueSpecification\",\"valueRequired\":true,\"valueName\":\"search_term_string\"}}],\"inLanguage\":\"fi\"},{\"@type\":\"Organization\",\"@id\":\"https:\/\/www.plaadimehed.ee\/#organization\",\"name\":\"Plaadimehed\",\"url\":\"https:\/\/www.plaadimehed.ee\/\",\"logo\":{\"@type\":\"ImageObject\",\"inLanguage\":\"fi\",\"@id\":\"https:\/\/www.plaadimehed.ee\/#\/schema\/logo\/image\/\",\"url\":\"https:\/\/www.plaadimehed.ee\/wp-content\/uploads\/2024\/05\/plaadimehed-logo.svg\",\"contentUrl\":\"https:\/\/www.plaadimehed.ee\/wp-content\/uploads\/2024\/05\/plaadimehed-logo.svg\",\"width\":266,\"height\":72,\"caption\":\"Plaadimehed\"},\"image\":{\"@id\":\"https:\/\/www.plaadimehed.ee\/#\/schema\/logo\/image\/\"}}]}<\/script>\n<!-- \/ Yoast SEO plugin. -->","yoast_head_json":{"title":"PROXXON VOLFRAMKARBIID Mini-ketasl\u00f5ikuri lihv\/ l\u00f5ikeketas - Plaadimehed","description":"Proxxon mini-ketasl\u00f5ikuri universaalne Volframkarbiid l\u00f5ike -ja lihvketas. Sobib suurep\u00e4raselt tsementsegude eemaldamiseks tasapinnalt.","robots":{"index":"index","follow":"follow","max-snippet":"max-snippet:-1","max-image-preview":"max-image-preview:large","max-video-preview":"max-video-preview:-1"},"canonical":"https:\/\/www.plaadimehed.ee\/product\/proxxon-volframkarbiid-mini-ketasloikuri-lihv-loikeketas\/","og_locale":"fi_FI","og_type":"article","og_title":"PROXXON VOLFRAMKARBIID Mini-ketasl\u00f5ikuri universaalne lihv\/ l\u00f5ike-ketas","og_description":"Proxxon mini-ketasl\u00f5ikuri universaalne Volframkarbiid l\u00f5ike -ja lihvketas. Sobib suurep\u00e4raselt tsementsegude eemaldamiseks tasapinnalt.","og_url":"https:\/\/www.plaadimehed.ee\/product\/proxxon-volframkarbiid-mini-ketasloikuri-lihv-loikeketas\/","og_site_name":"Plaadimehed","article_modified_time":"2026-04-07T12:26:54+00:00","og_image":[{"width":1024,"height":1024,"url":"https:\/\/www.plaadimehed.ee\/wp-content\/uploads\/2026\/01\/proxxon-volf-1024x1024.png","type":"image\/png"}],"twitter_card":"summary_large_image","twitter_misc":{"Arvioitu lukuaika":"1 minuutti"},"schema":{"@context":"https:\/\/schema.org","@graph":[{"@type":"WebPage","@id":"https:\/\/www.plaadimehed.ee\/product\/proxxon-volframkarbiid-mini-ketasloikuri-lihv-loikeketas\/","url":"https:\/\/www.plaadimehed.ee\/product\/proxxon-volframkarbiid-mini-ketasloikuri-lihv-loikeketas\/","name":"PROXXON VOLFRAMKARBIID Mini-ketasl\u00f5ikuri lihv\/ l\u00f5ikeketas - Plaadimehed","isPartOf":{"@id":"https:\/\/www.plaadimehed.ee\/#website"},"primaryImageOfPage":{"@id":"https:\/\/www.plaadimehed.ee\/product\/proxxon-volframkarbiid-mini-ketasloikuri-lihv-loikeketas\/#primaryimage"},"image":{"@id":"https:\/\/www.plaadimehed.ee\/product\/proxxon-volframkarbiid-mini-ketasloikuri-lihv-loikeketas\/#primaryimage"},"thumbnailUrl":"https:\/\/www.plaadimehed.ee\/wp-content\/uploads\/2026\/01\/proxxon-volf.png","datePublished":"2026-01-20T11:09:01+00:00","dateModified":"2026-04-07T12:26:54+00:00","description":"Proxxon mini-ketasl\u00f5ikuri universaalne Volframkarbiid l\u00f5ike -ja lihvketas. Sobib suurep\u00e4raselt tsementsegude eemaldamiseks tasapinnalt.","breadcrumb":{"@id":"https:\/\/www.plaadimehed.ee\/product\/proxxon-volframkarbiid-mini-ketasloikuri-lihv-loikeketas\/#breadcrumb"},"inLanguage":"fi","potentialAction":[{"@type":"ReadAction","target":["https:\/\/www.plaadimehed.ee\/product\/proxxon-volframkarbiid-mini-ketasloikuri-lihv-loikeketas\/"]}]},{"@type":"ImageObject","inLanguage":"fi","@id":"https:\/\/www.plaadimehed.ee\/product\/proxxon-volframkarbiid-mini-ketasloikuri-lihv-loikeketas\/#primaryimage","url":"https:\/\/www.plaadimehed.ee\/wp-content\/uploads\/2026\/01\/proxxon-volf.png","contentUrl":"https:\/\/www.plaadimehed.ee\/wp-content\/uploads\/2026\/01\/proxxon-volf.png","width":1498,"height":1500,"caption":"PROXXON VOLFRAMKARBIID Mini-ketasl\u00f5ikuri lihv\/ l\u00f5ikeketas"},{"@type":"BreadcrumbList","@id":"https:\/\/www.plaadimehed.ee\/product\/proxxon-volframkarbiid-mini-ketasloikuri-lihv-loikeketas\/#breadcrumb","itemListElement":[{"@type":"ListItem","position":1,"name":"Home","item":"https:\/\/www.plaadimehed.ee\/fi\/"},{"@type":"ListItem","position":2,"name":"Verkkokauppa","item":"https:\/\/www.plaadimehed.ee\/fi\/shop\/"},{"@type":"ListItem","position":3,"name":"PROXXON VOLFRAMKARBIID Mini-ketasl\u00f5ikuri lihv\/ l\u00f5ikeketas"}]},{"@type":"WebSite","@id":"https:\/\/www.plaadimehed.ee\/#website","url":"https:\/\/www.plaadimehed.ee\/","name":"Plaadimehed","description":"Plaatimist\u00f6\u00f6deks vajalikud tarvikud ja t\u00f6\u00f6riistad","publisher":{"@id":"https:\/\/www.plaadimehed.ee\/#organization"},"potentialAction":[{"@type":"SearchAction","target":{"@type":"EntryPoint","urlTemplate":"https:\/\/www.plaadimehed.ee\/?s={search_term_string}"},"query-input":{"@type":"PropertyValueSpecification","valueRequired":true,"valueName":"search_term_string"}}],"inLanguage":"fi"},{"@type":"Organization","@id":"https:\/\/www.plaadimehed.ee\/#organization","name":"Plaadimehed","url":"https:\/\/www.plaadimehed.ee\/","logo":{"@type":"ImageObject","inLanguage":"fi","@id":"https:\/\/www.plaadimehed.ee\/#\/schema\/logo\/image\/","url":"https:\/\/www.plaadimehed.ee\/wp-content\/uploads\/2024\/05\/plaadimehed-logo.svg","contentUrl":"https:\/\/www.plaadimehed.ee\/wp-content\/uploads\/2024\/05\/plaadimehed-logo.svg","width":266,"height":72,"caption":"Plaadimehed"},"image":{"@id":"https:\/\/www.plaadimehed.ee\/#\/schema\/logo\/image\/"}}]}},"_links":{"self":[{"href":"https:\/\/www.plaadimehed.ee\/fi\/wp-json\/wp\/v2\/product\/17576","targetHints":{"allow":["GET"]}}],"collection":[{"href":"https:\/\/www.plaadimehed.ee\/fi\/wp-json\/wp\/v2\/product"}],"about":[{"href":"https:\/\/www.plaadimehed.ee\/fi\/wp-json\/wp\/v2\/types\/product"}],"wp:featuredmedia":[{"embeddable":true,"href":"https:\/\/www.plaadimehed.ee\/fi\/wp-json\/wp\/v2\/media\/17577"}],"wp:attachment":[{"href":"https:\/\/www.plaadimehed.ee\/fi\/wp-json\/wp\/v2\/media?parent=17576"}],"wp:term":[{"taxonomy":"product_brand","embeddable":true,"href":"https:\/\/www.plaadimehed.ee\/fi\/wp-json\/wp\/v2\/product_brand?post=17576"},{"taxonomy":"product_cat","embeddable":true,"href":"https:\/\/www.plaadimehed.ee\/fi\/wp-json\/wp\/v2\/product_cat?post=17576"},{"taxonomy":"product_tag","embeddable":true,"href":"https:\/\/www.plaadimehed.ee\/fi\/wp-json\/wp\/v2\/product_tag?post=17576"}],"curies":[{"name":"wp","href":"https:\/\/api.w.org\/{rel}","templated":true}]}}