{"id":17589,"date":"2026-01-21T13:25:50","date_gmt":"2026-01-21T11:25:50","guid":{"rendered":"https:\/\/www.plaadimehed.ee\/?post_type=product&#038;p=17589"},"modified":"2026-04-07T14:56:44","modified_gmt":"2026-04-07T12:56:44","slug":"proxxon-mini-nurktrelli-vaike-teemantketas-volliga","status":"publish","type":"product","link":"https:\/\/www.plaadimehed.ee\/fi\/product\/proxxon-mini-nurktrelli-vaike-teemantketas-volliga\/","title":{"rendered":"PROXXON mini-nurktrelli v\u00e4ike teemantketas v\u00f5lliga"},"content":{"rendered":"","protected":false},"excerpt":{"rendered":"<p>\u25cf Teemant puruga l\u00f5ikeketas plaadile<br \/>\n\u25cf V\u00f5llkinnitusega v\u00e4ike ketas mini-nurktrell seadmele<br \/>\n\u25cf Diameeter 20 mm x 0,6 mm<br \/>\n\u25cf Parema l\u00f5iketulemuse ja ketta pikema eluea saavutamiseks soovitame m\u00e4rgl\u00f5ikust<\/p>\n","protected":false},"featured_media":17590,"template":"","meta":{"_acf_changed":false},"product_brand":[92],"product_cat":[289],"product_tag":[],"class_list":{"0":"post-17589","1":"product","2":"type-product","3":"status-publish","4":"has-post-thumbnail","6":"product_brand-proxxon","7":"product_cat-kettad","9":"first","10":"instock","11":"taxable","12":"shipping-taxable","13":"purchasable","14":"product-type-simple"},"acf":[],"yoast_head":"<!-- This site is optimized with the Yoast SEO plugin v27.0 - https:\/\/yoast.com\/product\/yoast-seo-wordpress\/ -->\n<title>PROXXON mini-nurktrelli v\u00e4ike teemantketas v\u00f5lliga - Plaadimehed<\/title>\n<meta name=\"description\" content=\"Proxxon v\u00e4ike teemantketas. Sobib mini-nurktrell seadmetele. Keraamiliste plaatide, kivi, portselani ja teiste plaatide l\u00f5ikamiseks.\" \/>\n<meta name=\"robots\" content=\"index, follow, max-snippet:-1, max-image-preview:large, max-video-preview:-1\" \/>\n<link rel=\"canonical\" href=\"https:\/\/www.plaadimehed.ee\/product\/proxxon-mini-nurktrelli-vaike-teemantketas-volliga\/\" \/>\n<meta property=\"og:locale\" content=\"fi_FI\" \/>\n<meta property=\"og:type\" content=\"article\" \/>\n<meta property=\"og:title\" content=\"PROXXON mini-nurktrelli v\u00e4ike teemantketas v\u00f5lliga\" \/>\n<meta property=\"og:description\" content=\"Proxxon v\u00e4ike teemantketas. Sobib mini-nurktrell seadmetele. Keraamiliste plaatide, kivi, portselani ja teiste plaatide l\u00f5ikamiseks.\" \/>\n<meta property=\"og:url\" content=\"https:\/\/www.plaadimehed.ee\/product\/proxxon-mini-nurktrelli-vaike-teemantketas-volliga\/\" \/>\n<meta property=\"og:site_name\" content=\"Plaadimehed\" \/>\n<meta property=\"article:modified_time\" content=\"2026-04-07T12:56:44+00:00\" \/>\n<meta property=\"og:image\" content=\"https:\/\/www.plaadimehed.ee\/wp-content\/uploads\/2026\/01\/Proxxon-vaike-ketas.png\" \/>\n\t<meta property=\"og:image:width\" content=\"1000\" \/>\n\t<meta property=\"og:image:height\" content=\"1000\" \/>\n\t<meta property=\"og:image:type\" content=\"image\/png\" \/>\n<meta name=\"twitter:card\" content=\"summary_large_image\" \/>\n<meta name=\"twitter:label1\" content=\"Arvioitu lukuaika\" \/>\n\t<meta name=\"twitter:data1\" content=\"1 minuutti\" \/>\n<script type=\"application\/ld+json\" class=\"yoast-schema-graph\">{\"@context\":\"https:\/\/schema.org\",\"@graph\":[{\"@type\":\"WebPage\",\"@id\":\"https:\/\/www.plaadimehed.ee\/product\/proxxon-mini-nurktrelli-vaike-teemantketas-volliga\/\",\"url\":\"https:\/\/www.plaadimehed.ee\/product\/proxxon-mini-nurktrelli-vaike-teemantketas-volliga\/\",\"name\":\"PROXXON mini-nurktrelli v\u00e4ike teemantketas v\u00f5lliga - Plaadimehed\",\"isPartOf\":{\"@id\":\"https:\/\/www.plaadimehed.ee\/#website\"},\"primaryImageOfPage\":{\"@id\":\"https:\/\/www.plaadimehed.ee\/product\/proxxon-mini-nurktrelli-vaike-teemantketas-volliga\/#primaryimage\"},\"image\":{\"@id\":\"https:\/\/www.plaadimehed.ee\/product\/proxxon-mini-nurktrelli-vaike-teemantketas-volliga\/#primaryimage\"},\"thumbnailUrl\":\"https:\/\/www.plaadimehed.ee\/wp-content\/uploads\/2026\/01\/Proxxon-vaike-ketas.png\",\"datePublished\":\"2026-01-21T11:25:50+00:00\",\"dateModified\":\"2026-04-07T12:56:44+00:00\",\"description\":\"Proxxon v\u00e4ike teemantketas. Sobib mini-nurktrell seadmetele. Keraamiliste plaatide, kivi, portselani ja teiste plaatide l\u00f5ikamiseks.\",\"breadcrumb\":{\"@id\":\"https:\/\/www.plaadimehed.ee\/product\/proxxon-mini-nurktrelli-vaike-teemantketas-volliga\/#breadcrumb\"},\"inLanguage\":\"fi\",\"potentialAction\":[{\"@type\":\"ReadAction\",\"target\":[\"https:\/\/www.plaadimehed.ee\/product\/proxxon-mini-nurktrelli-vaike-teemantketas-volliga\/\"]}]},{\"@type\":\"ImageObject\",\"inLanguage\":\"fi\",\"@id\":\"https:\/\/www.plaadimehed.ee\/product\/proxxon-mini-nurktrelli-vaike-teemantketas-volliga\/#primaryimage\",\"url\":\"https:\/\/www.plaadimehed.ee\/wp-content\/uploads\/2026\/01\/Proxxon-vaike-ketas.png\",\"contentUrl\":\"https:\/\/www.plaadimehed.ee\/wp-content\/uploads\/2026\/01\/Proxxon-vaike-ketas.png\",\"width\":1000,\"height\":1000,\"caption\":\"PROXXON mini-nurktrelli v\u00e4ike teemantketas v\u00f5lliga\"},{\"@type\":\"BreadcrumbList\",\"@id\":\"https:\/\/www.plaadimehed.ee\/product\/proxxon-mini-nurktrelli-vaike-teemantketas-volliga\/#breadcrumb\",\"itemListElement\":[{\"@type\":\"ListItem\",\"position\":1,\"name\":\"Home\",\"item\":\"https:\/\/www.plaadimehed.ee\/fi\/\"},{\"@type\":\"ListItem\",\"position\":2,\"name\":\"Verkkokauppa\",\"item\":\"https:\/\/www.plaadimehed.ee\/fi\/shop\/\"},{\"@type\":\"ListItem\",\"position\":3,\"name\":\"PROXXON mini-nurktrelli v\u00e4ike teemantketas v\u00f5lliga\"}]},{\"@type\":\"WebSite\",\"@id\":\"https:\/\/www.plaadimehed.ee\/#website\",\"url\":\"https:\/\/www.plaadimehed.ee\/\",\"name\":\"Plaadimehed\",\"description\":\"Plaatimist\u00f6\u00f6deks vajalikud tarvikud ja t\u00f6\u00f6riistad\",\"publisher\":{\"@id\":\"https:\/\/www.plaadimehed.ee\/#organization\"},\"potentialAction\":[{\"@type\":\"SearchAction\",\"target\":{\"@type\":\"EntryPoint\",\"urlTemplate\":\"https:\/\/www.plaadimehed.ee\/?s={search_term_string}\"},\"query-input\":{\"@type\":\"PropertyValueSpecification\",\"valueRequired\":true,\"valueName\":\"search_term_string\"}}],\"inLanguage\":\"fi\"},{\"@type\":\"Organization\",\"@id\":\"https:\/\/www.plaadimehed.ee\/#organization\",\"name\":\"Plaadimehed\",\"url\":\"https:\/\/www.plaadimehed.ee\/\",\"logo\":{\"@type\":\"ImageObject\",\"inLanguage\":\"fi\",\"@id\":\"https:\/\/www.plaadimehed.ee\/#\/schema\/logo\/image\/\",\"url\":\"https:\/\/www.plaadimehed.ee\/wp-content\/uploads\/2024\/05\/plaadimehed-logo.svg\",\"contentUrl\":\"https:\/\/www.plaadimehed.ee\/wp-content\/uploads\/2024\/05\/plaadimehed-logo.svg\",\"width\":266,\"height\":72,\"caption\":\"Plaadimehed\"},\"image\":{\"@id\":\"https:\/\/www.plaadimehed.ee\/#\/schema\/logo\/image\/\"}}]}<\/script>\n<!-- \/ Yoast SEO plugin. -->","yoast_head_json":{"title":"PROXXON mini-nurktrelli v\u00e4ike teemantketas v\u00f5lliga - Plaadimehed","description":"Proxxon v\u00e4ike teemantketas. Sobib mini-nurktrell seadmetele. Keraamiliste plaatide, kivi, portselani ja teiste plaatide l\u00f5ikamiseks.","robots":{"index":"index","follow":"follow","max-snippet":"max-snippet:-1","max-image-preview":"max-image-preview:large","max-video-preview":"max-video-preview:-1"},"canonical":"https:\/\/www.plaadimehed.ee\/product\/proxxon-mini-nurktrelli-vaike-teemantketas-volliga\/","og_locale":"fi_FI","og_type":"article","og_title":"PROXXON mini-nurktrelli v\u00e4ike teemantketas v\u00f5lliga","og_description":"Proxxon v\u00e4ike teemantketas. Sobib mini-nurktrell seadmetele. Keraamiliste plaatide, kivi, portselani ja teiste plaatide l\u00f5ikamiseks.","og_url":"https:\/\/www.plaadimehed.ee\/product\/proxxon-mini-nurktrelli-vaike-teemantketas-volliga\/","og_site_name":"Plaadimehed","article_modified_time":"2026-04-07T12:56:44+00:00","og_image":[{"width":1000,"height":1000,"url":"https:\/\/www.plaadimehed.ee\/wp-content\/uploads\/2026\/01\/Proxxon-vaike-ketas.png","type":"image\/png"}],"twitter_card":"summary_large_image","twitter_misc":{"Arvioitu lukuaika":"1 minuutti"},"schema":{"@context":"https:\/\/schema.org","@graph":[{"@type":"WebPage","@id":"https:\/\/www.plaadimehed.ee\/product\/proxxon-mini-nurktrelli-vaike-teemantketas-volliga\/","url":"https:\/\/www.plaadimehed.ee\/product\/proxxon-mini-nurktrelli-vaike-teemantketas-volliga\/","name":"PROXXON mini-nurktrelli v\u00e4ike teemantketas v\u00f5lliga - Plaadimehed","isPartOf":{"@id":"https:\/\/www.plaadimehed.ee\/#website"},"primaryImageOfPage":{"@id":"https:\/\/www.plaadimehed.ee\/product\/proxxon-mini-nurktrelli-vaike-teemantketas-volliga\/#primaryimage"},"image":{"@id":"https:\/\/www.plaadimehed.ee\/product\/proxxon-mini-nurktrelli-vaike-teemantketas-volliga\/#primaryimage"},"thumbnailUrl":"https:\/\/www.plaadimehed.ee\/wp-content\/uploads\/2026\/01\/Proxxon-vaike-ketas.png","datePublished":"2026-01-21T11:25:50+00:00","dateModified":"2026-04-07T12:56:44+00:00","description":"Proxxon v\u00e4ike teemantketas. Sobib mini-nurktrell seadmetele. Keraamiliste plaatide, kivi, portselani ja teiste plaatide l\u00f5ikamiseks.","breadcrumb":{"@id":"https:\/\/www.plaadimehed.ee\/product\/proxxon-mini-nurktrelli-vaike-teemantketas-volliga\/#breadcrumb"},"inLanguage":"fi","potentialAction":[{"@type":"ReadAction","target":["https:\/\/www.plaadimehed.ee\/product\/proxxon-mini-nurktrelli-vaike-teemantketas-volliga\/"]}]},{"@type":"ImageObject","inLanguage":"fi","@id":"https:\/\/www.plaadimehed.ee\/product\/proxxon-mini-nurktrelli-vaike-teemantketas-volliga\/#primaryimage","url":"https:\/\/www.plaadimehed.ee\/wp-content\/uploads\/2026\/01\/Proxxon-vaike-ketas.png","contentUrl":"https:\/\/www.plaadimehed.ee\/wp-content\/uploads\/2026\/01\/Proxxon-vaike-ketas.png","width":1000,"height":1000,"caption":"PROXXON mini-nurktrelli v\u00e4ike teemantketas v\u00f5lliga"},{"@type":"BreadcrumbList","@id":"https:\/\/www.plaadimehed.ee\/product\/proxxon-mini-nurktrelli-vaike-teemantketas-volliga\/#breadcrumb","itemListElement":[{"@type":"ListItem","position":1,"name":"Home","item":"https:\/\/www.plaadimehed.ee\/fi\/"},{"@type":"ListItem","position":2,"name":"Verkkokauppa","item":"https:\/\/www.plaadimehed.ee\/fi\/shop\/"},{"@type":"ListItem","position":3,"name":"PROXXON mini-nurktrelli v\u00e4ike teemantketas v\u00f5lliga"}]},{"@type":"WebSite","@id":"https:\/\/www.plaadimehed.ee\/#website","url":"https:\/\/www.plaadimehed.ee\/","name":"Plaadimehed","description":"Plaatimist\u00f6\u00f6deks vajalikud tarvikud ja t\u00f6\u00f6riistad","publisher":{"@id":"https:\/\/www.plaadimehed.ee\/#organization"},"potentialAction":[{"@type":"SearchAction","target":{"@type":"EntryPoint","urlTemplate":"https:\/\/www.plaadimehed.ee\/?s={search_term_string}"},"query-input":{"@type":"PropertyValueSpecification","valueRequired":true,"valueName":"search_term_string"}}],"inLanguage":"fi"},{"@type":"Organization","@id":"https:\/\/www.plaadimehed.ee\/#organization","name":"Plaadimehed","url":"https:\/\/www.plaadimehed.ee\/","logo":{"@type":"ImageObject","inLanguage":"fi","@id":"https:\/\/www.plaadimehed.ee\/#\/schema\/logo\/image\/","url":"https:\/\/www.plaadimehed.ee\/wp-content\/uploads\/2024\/05\/plaadimehed-logo.svg","contentUrl":"https:\/\/www.plaadimehed.ee\/wp-content\/uploads\/2024\/05\/plaadimehed-logo.svg","width":266,"height":72,"caption":"Plaadimehed"},"image":{"@id":"https:\/\/www.plaadimehed.ee\/#\/schema\/logo\/image\/"}}]}},"_links":{"self":[{"href":"https:\/\/www.plaadimehed.ee\/fi\/wp-json\/wp\/v2\/product\/17589","targetHints":{"allow":["GET"]}}],"collection":[{"href":"https:\/\/www.plaadimehed.ee\/fi\/wp-json\/wp\/v2\/product"}],"about":[{"href":"https:\/\/www.plaadimehed.ee\/fi\/wp-json\/wp\/v2\/types\/product"}],"wp:featuredmedia":[{"embeddable":true,"href":"https:\/\/www.plaadimehed.ee\/fi\/wp-json\/wp\/v2\/media\/17590"}],"wp:attachment":[{"href":"https:\/\/www.plaadimehed.ee\/fi\/wp-json\/wp\/v2\/media?parent=17589"}],"wp:term":[{"taxonomy":"product_brand","embeddable":true,"href":"https:\/\/www.plaadimehed.ee\/fi\/wp-json\/wp\/v2\/product_brand?post=17589"},{"taxonomy":"product_cat","embeddable":true,"href":"https:\/\/www.plaadimehed.ee\/fi\/wp-json\/wp\/v2\/product_cat?post=17589"},{"taxonomy":"product_tag","embeddable":true,"href":"https:\/\/www.plaadimehed.ee\/fi\/wp-json\/wp\/v2\/product_tag?post=17589"}],"curies":[{"name":"wp","href":"https:\/\/api.w.org\/{rel}","templated":true}]}}