{"id":17777,"date":"2026-02-06T12:19:24","date_gmt":"2026-02-06T10:19:24","guid":{"rendered":"https:\/\/www.plaadimehed.ee\/?post_type=product&#038;p=17777"},"modified":"2026-04-07T14:26:54","modified_gmt":"2026-04-07T12:26:54","slug":"proxxon-mini-ketasloikuri-teemantketas-50-mm-0-8mm-28158","status":"publish","type":"product","link":"https:\/\/www.plaadimehed.ee\/fi\/product\/proxxon-mini-ketasloikuri-teemantketas-50-mm-0-8mm-28158\/","title":{"rendered":"PROXXON\u00ae Mini-ketasl\u00f5ikuri teemantketas 50 mm * 0.8mm 28158"},"content":{"rendered":"<p>\u25cf Plaatide l\u00f5ikamiseks ja lihvimiseks<br \/>\n\u25cf Augud v\u00e4hendavad ketta kuumenemist<br \/>\n\u25cf Mini-ketasl\u00f5ikuri teemantketas 50 mm 0.8 * 10 mm<\/p>\n","protected":false},"excerpt":{"rendered":"<p>Proxxon mini-ketasl\u00f5ikuri teemant ketas k\u00f5vade materjalide nagu klaas, keraamika ja kivi l\u00f5ikamiseks ja lihvimiseks.<\/p>\n<p>&nbsp;<\/p>\n","protected":false},"featured_media":17779,"template":"","meta":{"_acf_changed":false},"product_brand":[92],"product_cat":[289,60],"product_tag":[],"class_list":{"0":"post-17777","1":"product","2":"type-product","3":"status-publish","4":"has-post-thumbnail","6":"product_brand-proxxon","7":"product_cat-kettad","8":"product_cat-slabi-suuremootmeline-plaat-tooriistad","10":"first","11":"instock","12":"taxable","13":"shipping-taxable","14":"purchasable","15":"product-type-simple"},"acf":[],"yoast_head":"<!-- This site is optimized with the Yoast SEO plugin v27.0 - https:\/\/yoast.com\/product\/yoast-seo-wordpress\/ -->\n<title>PROXXON\u00ae Mini-ketasl\u00f5ikuri teemantketas 50 mm * 0.8mm 28158 - Plaadimehed<\/title>\n<meta name=\"description\" content=\"Proxxon mini-ketasl\u00f5ikuri teemant l\u00f5ikeketas 28 158. Sobib mini-ketasl\u00f5ikur seadmele keraamiliste plaatide l\u00f5ikamiseks. letta paksus 0,8 mm.\" \/>\n<meta name=\"robots\" content=\"index, follow, max-snippet:-1, max-image-preview:large, max-video-preview:-1\" \/>\n<link rel=\"canonical\" href=\"https:\/\/www.plaadimehed.ee\/product\/proxxon-mini-ketasloikuri-teemantketas-50-mm-0-8mm-28158\/\" \/>\n<meta property=\"og:locale\" content=\"fi_FI\" \/>\n<meta property=\"og:type\" content=\"article\" \/>\n<meta property=\"og:title\" content=\"PROXXON\u00ae Mini-ketasl\u00f5ikuri teemantketas 50 mm * 0.8mm 28158\" \/>\n<meta property=\"og:description\" content=\"Proxxon mini-ketasl\u00f5ikuri teemant l\u00f5ikeketas 28 158. Sobib mini-ketasl\u00f5ikur seadmele keraamiliste plaatide l\u00f5ikamiseks. letta paksus 0,8 mm.\" \/>\n<meta property=\"og:url\" content=\"https:\/\/www.plaadimehed.ee\/product\/proxxon-mini-ketasloikuri-teemantketas-50-mm-0-8mm-28158\/\" \/>\n<meta property=\"og:site_name\" content=\"Plaadimehed\" \/>\n<meta property=\"article:modified_time\" content=\"2026-04-07T12:26:54+00:00\" \/>\n<meta property=\"og:image\" content=\"https:\/\/www.plaadimehed.ee\/wp-content\/uploads\/2026\/02\/proxxon-ketas-1.png\" \/>\n\t<meta property=\"og:image:width\" content=\"946\" \/>\n\t<meta property=\"og:image:height\" content=\"875\" \/>\n\t<meta property=\"og:image:type\" content=\"image\/png\" \/>\n<meta name=\"twitter:card\" content=\"summary_large_image\" \/>\n<meta name=\"twitter:label1\" content=\"Arvioitu lukuaika\" \/>\n\t<meta name=\"twitter:data1\" content=\"1 minuutti\" \/>\n<script type=\"application\/ld+json\" class=\"yoast-schema-graph\">{\"@context\":\"https:\/\/schema.org\",\"@graph\":[{\"@type\":\"WebPage\",\"@id\":\"https:\/\/www.plaadimehed.ee\/product\/proxxon-mini-ketasloikuri-teemantketas-50-mm-0-8mm-28158\/\",\"url\":\"https:\/\/www.plaadimehed.ee\/product\/proxxon-mini-ketasloikuri-teemantketas-50-mm-0-8mm-28158\/\",\"name\":\"PROXXON\u00ae Mini-ketasl\u00f5ikuri teemantketas 50 mm * 0.8mm 28158 - Plaadimehed\",\"isPartOf\":{\"@id\":\"https:\/\/www.plaadimehed.ee\/#website\"},\"primaryImageOfPage\":{\"@id\":\"https:\/\/www.plaadimehed.ee\/product\/proxxon-mini-ketasloikuri-teemantketas-50-mm-0-8mm-28158\/#primaryimage\"},\"image\":{\"@id\":\"https:\/\/www.plaadimehed.ee\/product\/proxxon-mini-ketasloikuri-teemantketas-50-mm-0-8mm-28158\/#primaryimage\"},\"thumbnailUrl\":\"https:\/\/www.plaadimehed.ee\/wp-content\/uploads\/2026\/02\/proxxon-ketas-1.png\",\"datePublished\":\"2026-02-06T10:19:24+00:00\",\"dateModified\":\"2026-04-07T12:26:54+00:00\",\"description\":\"Proxxon mini-ketasl\u00f5ikuri teemant l\u00f5ikeketas 28 158. Sobib mini-ketasl\u00f5ikur seadmele keraamiliste plaatide l\u00f5ikamiseks. letta paksus 0,8 mm.\",\"breadcrumb\":{\"@id\":\"https:\/\/www.plaadimehed.ee\/product\/proxxon-mini-ketasloikuri-teemantketas-50-mm-0-8mm-28158\/#breadcrumb\"},\"inLanguage\":\"fi\",\"potentialAction\":[{\"@type\":\"ReadAction\",\"target\":[\"https:\/\/www.plaadimehed.ee\/product\/proxxon-mini-ketasloikuri-teemantketas-50-mm-0-8mm-28158\/\"]}]},{\"@type\":\"ImageObject\",\"inLanguage\":\"fi\",\"@id\":\"https:\/\/www.plaadimehed.ee\/product\/proxxon-mini-ketasloikuri-teemantketas-50-mm-0-8mm-28158\/#primaryimage\",\"url\":\"https:\/\/www.plaadimehed.ee\/wp-content\/uploads\/2026\/02\/proxxon-ketas-1.png\",\"contentUrl\":\"https:\/\/www.plaadimehed.ee\/wp-content\/uploads\/2026\/02\/proxxon-ketas-1.png\",\"width\":946,\"height\":875,\"caption\":\"PROXXON\u00ae Mini-ketasl\u00f5ikuri teemantketas 50 mm * 0.8mm 28158\"},{\"@type\":\"BreadcrumbList\",\"@id\":\"https:\/\/www.plaadimehed.ee\/product\/proxxon-mini-ketasloikuri-teemantketas-50-mm-0-8mm-28158\/#breadcrumb\",\"itemListElement\":[{\"@type\":\"ListItem\",\"position\":1,\"name\":\"Home\",\"item\":\"https:\/\/www.plaadimehed.ee\/fi\/\"},{\"@type\":\"ListItem\",\"position\":2,\"name\":\"Verkkokauppa\",\"item\":\"https:\/\/www.plaadimehed.ee\/fi\/shop\/\"},{\"@type\":\"ListItem\",\"position\":3,\"name\":\"PROXXON\u00ae Mini-ketasl\u00f5ikuri teemantketas 50 mm * 0.8mm 28158\"}]},{\"@type\":\"WebSite\",\"@id\":\"https:\/\/www.plaadimehed.ee\/#website\",\"url\":\"https:\/\/www.plaadimehed.ee\/\",\"name\":\"Plaadimehed\",\"description\":\"Plaatimist\u00f6\u00f6deks vajalikud tarvikud ja t\u00f6\u00f6riistad\",\"publisher\":{\"@id\":\"https:\/\/www.plaadimehed.ee\/#organization\"},\"potentialAction\":[{\"@type\":\"SearchAction\",\"target\":{\"@type\":\"EntryPoint\",\"urlTemplate\":\"https:\/\/www.plaadimehed.ee\/?s={search_term_string}\"},\"query-input\":{\"@type\":\"PropertyValueSpecification\",\"valueRequired\":true,\"valueName\":\"search_term_string\"}}],\"inLanguage\":\"fi\"},{\"@type\":\"Organization\",\"@id\":\"https:\/\/www.plaadimehed.ee\/#organization\",\"name\":\"Plaadimehed\",\"url\":\"https:\/\/www.plaadimehed.ee\/\",\"logo\":{\"@type\":\"ImageObject\",\"inLanguage\":\"fi\",\"@id\":\"https:\/\/www.plaadimehed.ee\/#\/schema\/logo\/image\/\",\"url\":\"https:\/\/www.plaadimehed.ee\/wp-content\/uploads\/2024\/05\/plaadimehed-logo.svg\",\"contentUrl\":\"https:\/\/www.plaadimehed.ee\/wp-content\/uploads\/2024\/05\/plaadimehed-logo.svg\",\"width\":266,\"height\":72,\"caption\":\"Plaadimehed\"},\"image\":{\"@id\":\"https:\/\/www.plaadimehed.ee\/#\/schema\/logo\/image\/\"}}]}<\/script>\n<!-- \/ Yoast SEO plugin. -->","yoast_head_json":{"title":"PROXXON\u00ae Mini-ketasl\u00f5ikuri teemantketas 50 mm * 0.8mm 28158 - Plaadimehed","description":"Proxxon mini-ketasl\u00f5ikuri teemant l\u00f5ikeketas 28 158. Sobib mini-ketasl\u00f5ikur seadmele keraamiliste plaatide l\u00f5ikamiseks. letta paksus 0,8 mm.","robots":{"index":"index","follow":"follow","max-snippet":"max-snippet:-1","max-image-preview":"max-image-preview:large","max-video-preview":"max-video-preview:-1"},"canonical":"https:\/\/www.plaadimehed.ee\/product\/proxxon-mini-ketasloikuri-teemantketas-50-mm-0-8mm-28158\/","og_locale":"fi_FI","og_type":"article","og_title":"PROXXON\u00ae Mini-ketasl\u00f5ikuri teemantketas 50 mm * 0.8mm 28158","og_description":"Proxxon mini-ketasl\u00f5ikuri teemant l\u00f5ikeketas 28 158. Sobib mini-ketasl\u00f5ikur seadmele keraamiliste plaatide l\u00f5ikamiseks. letta paksus 0,8 mm.","og_url":"https:\/\/www.plaadimehed.ee\/product\/proxxon-mini-ketasloikuri-teemantketas-50-mm-0-8mm-28158\/","og_site_name":"Plaadimehed","article_modified_time":"2026-04-07T12:26:54+00:00","og_image":[{"width":946,"height":875,"url":"https:\/\/www.plaadimehed.ee\/wp-content\/uploads\/2026\/02\/proxxon-ketas-1.png","type":"image\/png"}],"twitter_card":"summary_large_image","twitter_misc":{"Arvioitu lukuaika":"1 minuutti"},"schema":{"@context":"https:\/\/schema.org","@graph":[{"@type":"WebPage","@id":"https:\/\/www.plaadimehed.ee\/product\/proxxon-mini-ketasloikuri-teemantketas-50-mm-0-8mm-28158\/","url":"https:\/\/www.plaadimehed.ee\/product\/proxxon-mini-ketasloikuri-teemantketas-50-mm-0-8mm-28158\/","name":"PROXXON\u00ae Mini-ketasl\u00f5ikuri teemantketas 50 mm * 0.8mm 28158 - Plaadimehed","isPartOf":{"@id":"https:\/\/www.plaadimehed.ee\/#website"},"primaryImageOfPage":{"@id":"https:\/\/www.plaadimehed.ee\/product\/proxxon-mini-ketasloikuri-teemantketas-50-mm-0-8mm-28158\/#primaryimage"},"image":{"@id":"https:\/\/www.plaadimehed.ee\/product\/proxxon-mini-ketasloikuri-teemantketas-50-mm-0-8mm-28158\/#primaryimage"},"thumbnailUrl":"https:\/\/www.plaadimehed.ee\/wp-content\/uploads\/2026\/02\/proxxon-ketas-1.png","datePublished":"2026-02-06T10:19:24+00:00","dateModified":"2026-04-07T12:26:54+00:00","description":"Proxxon mini-ketasl\u00f5ikuri teemant l\u00f5ikeketas 28 158. Sobib mini-ketasl\u00f5ikur seadmele keraamiliste plaatide l\u00f5ikamiseks. letta paksus 0,8 mm.","breadcrumb":{"@id":"https:\/\/www.plaadimehed.ee\/product\/proxxon-mini-ketasloikuri-teemantketas-50-mm-0-8mm-28158\/#breadcrumb"},"inLanguage":"fi","potentialAction":[{"@type":"ReadAction","target":["https:\/\/www.plaadimehed.ee\/product\/proxxon-mini-ketasloikuri-teemantketas-50-mm-0-8mm-28158\/"]}]},{"@type":"ImageObject","inLanguage":"fi","@id":"https:\/\/www.plaadimehed.ee\/product\/proxxon-mini-ketasloikuri-teemantketas-50-mm-0-8mm-28158\/#primaryimage","url":"https:\/\/www.plaadimehed.ee\/wp-content\/uploads\/2026\/02\/proxxon-ketas-1.png","contentUrl":"https:\/\/www.plaadimehed.ee\/wp-content\/uploads\/2026\/02\/proxxon-ketas-1.png","width":946,"height":875,"caption":"PROXXON\u00ae Mini-ketasl\u00f5ikuri teemantketas 50 mm * 0.8mm 28158"},{"@type":"BreadcrumbList","@id":"https:\/\/www.plaadimehed.ee\/product\/proxxon-mini-ketasloikuri-teemantketas-50-mm-0-8mm-28158\/#breadcrumb","itemListElement":[{"@type":"ListItem","position":1,"name":"Home","item":"https:\/\/www.plaadimehed.ee\/fi\/"},{"@type":"ListItem","position":2,"name":"Verkkokauppa","item":"https:\/\/www.plaadimehed.ee\/fi\/shop\/"},{"@type":"ListItem","position":3,"name":"PROXXON\u00ae Mini-ketasl\u00f5ikuri teemantketas 50 mm * 0.8mm 28158"}]},{"@type":"WebSite","@id":"https:\/\/www.plaadimehed.ee\/#website","url":"https:\/\/www.plaadimehed.ee\/","name":"Plaadimehed","description":"Plaatimist\u00f6\u00f6deks vajalikud tarvikud ja t\u00f6\u00f6riistad","publisher":{"@id":"https:\/\/www.plaadimehed.ee\/#organization"},"potentialAction":[{"@type":"SearchAction","target":{"@type":"EntryPoint","urlTemplate":"https:\/\/www.plaadimehed.ee\/?s={search_term_string}"},"query-input":{"@type":"PropertyValueSpecification","valueRequired":true,"valueName":"search_term_string"}}],"inLanguage":"fi"},{"@type":"Organization","@id":"https:\/\/www.plaadimehed.ee\/#organization","name":"Plaadimehed","url":"https:\/\/www.plaadimehed.ee\/","logo":{"@type":"ImageObject","inLanguage":"fi","@id":"https:\/\/www.plaadimehed.ee\/#\/schema\/logo\/image\/","url":"https:\/\/www.plaadimehed.ee\/wp-content\/uploads\/2024\/05\/plaadimehed-logo.svg","contentUrl":"https:\/\/www.plaadimehed.ee\/wp-content\/uploads\/2024\/05\/plaadimehed-logo.svg","width":266,"height":72,"caption":"Plaadimehed"},"image":{"@id":"https:\/\/www.plaadimehed.ee\/#\/schema\/logo\/image\/"}}]}},"_links":{"self":[{"href":"https:\/\/www.plaadimehed.ee\/fi\/wp-json\/wp\/v2\/product\/17777","targetHints":{"allow":["GET"]}}],"collection":[{"href":"https:\/\/www.plaadimehed.ee\/fi\/wp-json\/wp\/v2\/product"}],"about":[{"href":"https:\/\/www.plaadimehed.ee\/fi\/wp-json\/wp\/v2\/types\/product"}],"wp:featuredmedia":[{"embeddable":true,"href":"https:\/\/www.plaadimehed.ee\/fi\/wp-json\/wp\/v2\/media\/17779"}],"wp:attachment":[{"href":"https:\/\/www.plaadimehed.ee\/fi\/wp-json\/wp\/v2\/media?parent=17777"}],"wp:term":[{"taxonomy":"product_brand","embeddable":true,"href":"https:\/\/www.plaadimehed.ee\/fi\/wp-json\/wp\/v2\/product_brand?post=17777"},{"taxonomy":"product_cat","embeddable":true,"href":"https:\/\/www.plaadimehed.ee\/fi\/wp-json\/wp\/v2\/product_cat?post=17777"},{"taxonomy":"product_tag","embeddable":true,"href":"https:\/\/www.plaadimehed.ee\/fi\/wp-json\/wp\/v2\/product_tag?post=17777"}],"curies":[{"name":"wp","href":"https:\/\/api.w.org\/{rel}","templated":true}]}}