{"id":17919,"date":"2026-02-18T12:00:18","date_gmt":"2026-02-18T10:00:18","guid":{"rendered":"https:\/\/www.plaadimehed.ee\/?post_type=product&#038;p=17919"},"modified":"2026-03-02T09:16:57","modified_gmt":"2026-03-02T07:16:57","slug":"montolit-automaatne-vaakumhaarats-gecone-e-power","status":"publish","type":"product","link":"https:\/\/www.plaadimehed.ee\/fi\/product\/montolit-automaatne-vaakumhaarats-gecone-e-power\/","title":{"rendered":"Montolit automaatne vaakumhaarats Gecone e-power"},"content":{"rendered":"","protected":false},"excerpt":{"rendered":"<p>Montolit elektriline vaakumhaarats<\/p>\n<ul>\n<li>Komplektis 2 akut ja laadija<\/li>\n<li>Siledatele ja karedatele pindadele nagu keraamilised plaadid, klaas, looduskivi jne.<\/li>\n<li>Komplektis kolm talda erinevatele materjalidele<\/li>\n<li>Automaatne r\u00f5hu hoidmise s\u00fcsteem<\/li>\n<li>T\u00f5stev\u00f5ime \u00fcle 100 kg<\/li>\n<li>Ovaalne taldmik<\/li>\n<li>LED displei<\/li>\n<li>Kohver<span class=\"Y2IQFc\" lang=\"et\">\u00a0transportimiseks ja hoiustamiseks<\/span><\/li>\n<\/ul>\n","protected":false},"featured_media":17920,"template":"","meta":{"_acf_changed":false},"product_brand":[42],"product_cat":[35],"product_tag":[],"class_list":{"0":"post-17919","1":"product","2":"type-product","3":"status-publish","4":"has-post-thumbnail","6":"product_brand-montolit","7":"product_cat-vaakumhaaratsid","9":"first","10":"instock","11":"sale","12":"taxable","13":"shipping-taxable","14":"purchasable","15":"product-type-simple"},"acf":[],"yoast_head":"<!-- This site is optimized with the Yoast SEO plugin v27.0 - https:\/\/yoast.com\/product\/yoast-seo-wordpress\/ -->\n<title>Montolit automaatne vaakumhaarats Gecone e-power - Plaadimehed<\/title>\n<meta name=\"description\" content=\"Montolit kvaliteetne akuga vaakumhaarats. Automaatse r\u00f5hu hoidmise s\u00fcsteemiga. Komplektis kaks akut ja kolm erinevat taldmiku.\" \/>\n<meta name=\"robots\" content=\"index, follow, max-snippet:-1, max-image-preview:large, max-video-preview:-1\" \/>\n<link rel=\"canonical\" href=\"https:\/\/www.plaadimehed.ee\/product\/montolit-automaatne-vaakumhaarats-gecone-e-power\/\" \/>\n<meta property=\"og:locale\" content=\"fi_FI\" \/>\n<meta property=\"og:type\" content=\"article\" \/>\n<meta property=\"og:title\" content=\"Montolit automaatne vaakumhaarats Gecone e-power\" \/>\n<meta property=\"og:description\" content=\"Montolit kvaliteetne akuga vaakumhaarats. Automaatse r\u00f5hu hoidmise s\u00fcsteemiga. Komplektis kaks akut ja kolm erinevat taldmiku.\" \/>\n<meta property=\"og:url\" content=\"https:\/\/www.plaadimehed.ee\/product\/montolit-automaatne-vaakumhaarats-gecone-e-power\/\" \/>\n<meta property=\"og:site_name\" content=\"Plaadimehed\" \/>\n<meta property=\"article:modified_time\" content=\"2026-03-02T07:16:57+00:00\" \/>\n<meta property=\"og:image\" content=\"https:\/\/www.plaadimehed.ee\/wp-content\/uploads\/2026\/02\/Gecone-e.png\" \/>\n\t<meta property=\"og:image:width\" content=\"1200\" \/>\n\t<meta property=\"og:image:height\" content=\"1200\" \/>\n\t<meta property=\"og:image:type\" content=\"image\/png\" \/>\n<meta name=\"twitter:card\" content=\"summary_large_image\" \/>\n<meta name=\"twitter:label1\" content=\"Arvioitu lukuaika\" \/>\n\t<meta name=\"twitter:data1\" content=\"1 minuutti\" \/>\n<script type=\"application\/ld+json\" class=\"yoast-schema-graph\">{\"@context\":\"https:\/\/schema.org\",\"@graph\":[{\"@type\":\"WebPage\",\"@id\":\"https:\/\/www.plaadimehed.ee\/product\/montolit-automaatne-vaakumhaarats-gecone-e-power\/\",\"url\":\"https:\/\/www.plaadimehed.ee\/product\/montolit-automaatne-vaakumhaarats-gecone-e-power\/\",\"name\":\"Montolit automaatne vaakumhaarats Gecone e-power - Plaadimehed\",\"isPartOf\":{\"@id\":\"https:\/\/www.plaadimehed.ee\/#website\"},\"primaryImageOfPage\":{\"@id\":\"https:\/\/www.plaadimehed.ee\/product\/montolit-automaatne-vaakumhaarats-gecone-e-power\/#primaryimage\"},\"image\":{\"@id\":\"https:\/\/www.plaadimehed.ee\/product\/montolit-automaatne-vaakumhaarats-gecone-e-power\/#primaryimage\"},\"thumbnailUrl\":\"https:\/\/www.plaadimehed.ee\/wp-content\/uploads\/2026\/02\/Gecone-e.png\",\"datePublished\":\"2026-02-18T10:00:18+00:00\",\"dateModified\":\"2026-03-02T07:16:57+00:00\",\"description\":\"Montolit kvaliteetne akuga vaakumhaarats. Automaatse r\u00f5hu hoidmise s\u00fcsteemiga. Komplektis kaks akut ja kolm erinevat taldmiku.\",\"breadcrumb\":{\"@id\":\"https:\/\/www.plaadimehed.ee\/product\/montolit-automaatne-vaakumhaarats-gecone-e-power\/#breadcrumb\"},\"inLanguage\":\"fi\",\"potentialAction\":[{\"@type\":\"ReadAction\",\"target\":[\"https:\/\/www.plaadimehed.ee\/product\/montolit-automaatne-vaakumhaarats-gecone-e-power\/\"]}]},{\"@type\":\"ImageObject\",\"inLanguage\":\"fi\",\"@id\":\"https:\/\/www.plaadimehed.ee\/product\/montolit-automaatne-vaakumhaarats-gecone-e-power\/#primaryimage\",\"url\":\"https:\/\/www.plaadimehed.ee\/wp-content\/uploads\/2026\/02\/Gecone-e.png\",\"contentUrl\":\"https:\/\/www.plaadimehed.ee\/wp-content\/uploads\/2026\/02\/Gecone-e.png\",\"width\":1200,\"height\":1200,\"caption\":\"Montolit automaatne vaakumhaarats Gecone e-power\"},{\"@type\":\"BreadcrumbList\",\"@id\":\"https:\/\/www.plaadimehed.ee\/product\/montolit-automaatne-vaakumhaarats-gecone-e-power\/#breadcrumb\",\"itemListElement\":[{\"@type\":\"ListItem\",\"position\":1,\"name\":\"Home\",\"item\":\"https:\/\/www.plaadimehed.ee\/fi\/\"},{\"@type\":\"ListItem\",\"position\":2,\"name\":\"Verkkokauppa\",\"item\":\"https:\/\/www.plaadimehed.ee\/fi\/shop\/\"},{\"@type\":\"ListItem\",\"position\":3,\"name\":\"Montolit automaatne vaakumhaarats Gecone e-power\"}]},{\"@type\":\"WebSite\",\"@id\":\"https:\/\/www.plaadimehed.ee\/#website\",\"url\":\"https:\/\/www.plaadimehed.ee\/\",\"name\":\"Plaadimehed\",\"description\":\"Plaatimist\u00f6\u00f6deks vajalikud tarvikud ja t\u00f6\u00f6riistad\",\"publisher\":{\"@id\":\"https:\/\/www.plaadimehed.ee\/#organization\"},\"potentialAction\":[{\"@type\":\"SearchAction\",\"target\":{\"@type\":\"EntryPoint\",\"urlTemplate\":\"https:\/\/www.plaadimehed.ee\/?s={search_term_string}\"},\"query-input\":{\"@type\":\"PropertyValueSpecification\",\"valueRequired\":true,\"valueName\":\"search_term_string\"}}],\"inLanguage\":\"fi\"},{\"@type\":\"Organization\",\"@id\":\"https:\/\/www.plaadimehed.ee\/#organization\",\"name\":\"Plaadimehed\",\"url\":\"https:\/\/www.plaadimehed.ee\/\",\"logo\":{\"@type\":\"ImageObject\",\"inLanguage\":\"fi\",\"@id\":\"https:\/\/www.plaadimehed.ee\/#\/schema\/logo\/image\/\",\"url\":\"https:\/\/www.plaadimehed.ee\/wp-content\/uploads\/2024\/05\/plaadimehed-logo.svg\",\"contentUrl\":\"https:\/\/www.plaadimehed.ee\/wp-content\/uploads\/2024\/05\/plaadimehed-logo.svg\",\"width\":266,\"height\":72,\"caption\":\"Plaadimehed\"},\"image\":{\"@id\":\"https:\/\/www.plaadimehed.ee\/#\/schema\/logo\/image\/\"}}]}<\/script>\n<!-- \/ Yoast SEO plugin. -->","yoast_head_json":{"title":"Montolit automaatne vaakumhaarats Gecone e-power - Plaadimehed","description":"Montolit kvaliteetne akuga vaakumhaarats. Automaatse r\u00f5hu hoidmise s\u00fcsteemiga. Komplektis kaks akut ja kolm erinevat taldmiku.","robots":{"index":"index","follow":"follow","max-snippet":"max-snippet:-1","max-image-preview":"max-image-preview:large","max-video-preview":"max-video-preview:-1"},"canonical":"https:\/\/www.plaadimehed.ee\/product\/montolit-automaatne-vaakumhaarats-gecone-e-power\/","og_locale":"fi_FI","og_type":"article","og_title":"Montolit automaatne vaakumhaarats Gecone e-power","og_description":"Montolit kvaliteetne akuga vaakumhaarats. Automaatse r\u00f5hu hoidmise s\u00fcsteemiga. Komplektis kaks akut ja kolm erinevat taldmiku.","og_url":"https:\/\/www.plaadimehed.ee\/product\/montolit-automaatne-vaakumhaarats-gecone-e-power\/","og_site_name":"Plaadimehed","article_modified_time":"2026-03-02T07:16:57+00:00","og_image":[{"width":1200,"height":1200,"url":"https:\/\/www.plaadimehed.ee\/wp-content\/uploads\/2026\/02\/Gecone-e.png","type":"image\/png"}],"twitter_card":"summary_large_image","twitter_misc":{"Arvioitu lukuaika":"1 minuutti"},"schema":{"@context":"https:\/\/schema.org","@graph":[{"@type":"WebPage","@id":"https:\/\/www.plaadimehed.ee\/product\/montolit-automaatne-vaakumhaarats-gecone-e-power\/","url":"https:\/\/www.plaadimehed.ee\/product\/montolit-automaatne-vaakumhaarats-gecone-e-power\/","name":"Montolit automaatne vaakumhaarats Gecone e-power - Plaadimehed","isPartOf":{"@id":"https:\/\/www.plaadimehed.ee\/#website"},"primaryImageOfPage":{"@id":"https:\/\/www.plaadimehed.ee\/product\/montolit-automaatne-vaakumhaarats-gecone-e-power\/#primaryimage"},"image":{"@id":"https:\/\/www.plaadimehed.ee\/product\/montolit-automaatne-vaakumhaarats-gecone-e-power\/#primaryimage"},"thumbnailUrl":"https:\/\/www.plaadimehed.ee\/wp-content\/uploads\/2026\/02\/Gecone-e.png","datePublished":"2026-02-18T10:00:18+00:00","dateModified":"2026-03-02T07:16:57+00:00","description":"Montolit kvaliteetne akuga vaakumhaarats. Automaatse r\u00f5hu hoidmise s\u00fcsteemiga. Komplektis kaks akut ja kolm erinevat taldmiku.","breadcrumb":{"@id":"https:\/\/www.plaadimehed.ee\/product\/montolit-automaatne-vaakumhaarats-gecone-e-power\/#breadcrumb"},"inLanguage":"fi","potentialAction":[{"@type":"ReadAction","target":["https:\/\/www.plaadimehed.ee\/product\/montolit-automaatne-vaakumhaarats-gecone-e-power\/"]}]},{"@type":"ImageObject","inLanguage":"fi","@id":"https:\/\/www.plaadimehed.ee\/product\/montolit-automaatne-vaakumhaarats-gecone-e-power\/#primaryimage","url":"https:\/\/www.plaadimehed.ee\/wp-content\/uploads\/2026\/02\/Gecone-e.png","contentUrl":"https:\/\/www.plaadimehed.ee\/wp-content\/uploads\/2026\/02\/Gecone-e.png","width":1200,"height":1200,"caption":"Montolit automaatne vaakumhaarats Gecone e-power"},{"@type":"BreadcrumbList","@id":"https:\/\/www.plaadimehed.ee\/product\/montolit-automaatne-vaakumhaarats-gecone-e-power\/#breadcrumb","itemListElement":[{"@type":"ListItem","position":1,"name":"Home","item":"https:\/\/www.plaadimehed.ee\/fi\/"},{"@type":"ListItem","position":2,"name":"Verkkokauppa","item":"https:\/\/www.plaadimehed.ee\/fi\/shop\/"},{"@type":"ListItem","position":3,"name":"Montolit automaatne vaakumhaarats Gecone e-power"}]},{"@type":"WebSite","@id":"https:\/\/www.plaadimehed.ee\/#website","url":"https:\/\/www.plaadimehed.ee\/","name":"Plaadimehed","description":"Plaatimist\u00f6\u00f6deks vajalikud tarvikud ja t\u00f6\u00f6riistad","publisher":{"@id":"https:\/\/www.plaadimehed.ee\/#organization"},"potentialAction":[{"@type":"SearchAction","target":{"@type":"EntryPoint","urlTemplate":"https:\/\/www.plaadimehed.ee\/?s={search_term_string}"},"query-input":{"@type":"PropertyValueSpecification","valueRequired":true,"valueName":"search_term_string"}}],"inLanguage":"fi"},{"@type":"Organization","@id":"https:\/\/www.plaadimehed.ee\/#organization","name":"Plaadimehed","url":"https:\/\/www.plaadimehed.ee\/","logo":{"@type":"ImageObject","inLanguage":"fi","@id":"https:\/\/www.plaadimehed.ee\/#\/schema\/logo\/image\/","url":"https:\/\/www.plaadimehed.ee\/wp-content\/uploads\/2024\/05\/plaadimehed-logo.svg","contentUrl":"https:\/\/www.plaadimehed.ee\/wp-content\/uploads\/2024\/05\/plaadimehed-logo.svg","width":266,"height":72,"caption":"Plaadimehed"},"image":{"@id":"https:\/\/www.plaadimehed.ee\/#\/schema\/logo\/image\/"}}]}},"_links":{"self":[{"href":"https:\/\/www.plaadimehed.ee\/fi\/wp-json\/wp\/v2\/product\/17919","targetHints":{"allow":["GET"]}}],"collection":[{"href":"https:\/\/www.plaadimehed.ee\/fi\/wp-json\/wp\/v2\/product"}],"about":[{"href":"https:\/\/www.plaadimehed.ee\/fi\/wp-json\/wp\/v2\/types\/product"}],"wp:featuredmedia":[{"embeddable":true,"href":"https:\/\/www.plaadimehed.ee\/fi\/wp-json\/wp\/v2\/media\/17920"}],"wp:attachment":[{"href":"https:\/\/www.plaadimehed.ee\/fi\/wp-json\/wp\/v2\/media?parent=17919"}],"wp:term":[{"taxonomy":"product_brand","embeddable":true,"href":"https:\/\/www.plaadimehed.ee\/fi\/wp-json\/wp\/v2\/product_brand?post=17919"},{"taxonomy":"product_cat","embeddable":true,"href":"https:\/\/www.plaadimehed.ee\/fi\/wp-json\/wp\/v2\/product_cat?post=17919"},{"taxonomy":"product_tag","embeddable":true,"href":"https:\/\/www.plaadimehed.ee\/fi\/wp-json\/wp\/v2\/product_tag?post=17919"}],"curies":[{"name":"wp","href":"https:\/\/api.w.org\/{rel}","templated":true}]}}