{"id":17924,"date":"2026-02-18T14:37:06","date_gmt":"2026-02-18T12:37:06","guid":{"rendered":"https:\/\/www.plaadimehed.ee\/?post_type=product&#038;p=17924"},"modified":"2026-03-01T13:00:28","modified_gmt":"2026-03-01T11:00:28","slug":"sendi-toolaud-110-x-150cm","status":"publish","type":"product","link":"https:\/\/www.plaadimehed.ee\/fi\/product\/sendi-toolaud-110-x-150cm\/","title":{"rendered":"Sendi T\u00f6\u00f6laud 110 x 150cm"},"content":{"rendered":"<p>Sendi on tuntud oma kvaliteetsete plaatimistarvikute poolest. Tooted on disainitud spetsiaalselt plaatijate vajadustele.<\/p>\n","protected":false},"excerpt":{"rendered":"<p>Kerge, vastupidav ja stabiilne t\u00f6\u00f6laud<\/p>\n<p>\u25cf Alumiiniumist t\u00f6\u00f6laud suure formaadiga plaatide ettevalmistamiseks\/l\u00f5ikamiseks<br \/>\n\u25cf T\u00f6\u00f6lauaga kaasas kinnitusklambrid plaadi fikseerimiseks<br \/>\n\u25cf T\u00f6\u00f6laua k\u00f5rgus 68 cm<br \/>\n\u25cf T\u00f6\u00f6laua m\u00f5\u00f5dud 110 cm x 150 cm<br \/>\n\u25cf T\u00f6\u00f6laua koormustaluvus 200 kg<br \/>\n\u25cf Kokkupandav<\/p>\n","protected":false},"featured_media":17927,"template":"","meta":{"_acf_changed":false},"product_brand":[110],"product_cat":[109,60],"product_tag":[],"class_list":{"0":"post-17924","1":"product","2":"type-product","3":"status-publish","4":"has-post-thumbnail","6":"product_brand-sendi","7":"product_cat-toolauad-2","8":"product_cat-slabi-suuremootmeline-plaat-tooriistad","10":"first","11":"instock","12":"taxable","13":"shipping-taxable","14":"purchasable","15":"product-type-simple"},"acf":[],"yoast_head":"<!-- This site is optimized with the Yoast SEO plugin v27.0 - https:\/\/yoast.com\/product\/yoast-seo-wordpress\/ -->\n<title>Sendi T\u00f6\u00f6laud 110 x 150cm - Plaadimehed Pood ja rent<\/title>\n<meta name=\"description\" content=\"Sendii alumiinium t\u00f6\u00f6laud. Kerge, vastupidav ja stabiilne t\u00f6\u00f6laud suurem\u00f5\u00f5tmeliste SLAB - plaatide t\u00f6\u00f6tluseks. T\u00f6\u00f6laud on kokkupandav.\" \/>\n<meta name=\"robots\" content=\"index, follow, max-snippet:-1, max-image-preview:large, max-video-preview:-1\" \/>\n<link rel=\"canonical\" href=\"https:\/\/www.plaadimehed.ee\/product\/sendi-toolaud-110-x-150cm\/\" \/>\n<meta property=\"og:locale\" content=\"fi_FI\" \/>\n<meta property=\"og:type\" content=\"article\" \/>\n<meta property=\"og:title\" content=\"Sendi T\u00f6\u00f6laud 110 x 150cm\" \/>\n<meta property=\"og:description\" content=\"Sendi alumiinium t\u00f6\u00f6laud. Kerge, vastupidav ja stabiilne t\u00f6\u00f6laud suurem\u00f5\u00f5tmeliste SLAB - plaatide t\u00f6\u00f6tluseks. T\u00f6\u00f6laud on kokkupandav.\" \/>\n<meta property=\"og:url\" content=\"https:\/\/www.plaadimehed.ee\/product\/sendi-toolaud-110-x-150cm\/\" \/>\n<meta property=\"og:site_name\" content=\"Plaadimehed\" \/>\n<meta property=\"article:modified_time\" content=\"2026-03-01T11:00:28+00:00\" \/>\n<meta property=\"og:image\" content=\"https:\/\/www.plaadimehed.ee\/wp-content\/uploads\/2026\/02\/Sendi-toolaud.png\" \/>\n\t<meta property=\"og:image:width\" content=\"360\" \/>\n\t<meta property=\"og:image:height\" content=\"360\" \/>\n\t<meta property=\"og:image:type\" content=\"image\/png\" \/>\n<meta name=\"twitter:card\" content=\"summary_large_image\" \/>\n<meta name=\"twitter:label1\" content=\"Arvioitu lukuaika\" \/>\n\t<meta name=\"twitter:data1\" content=\"1 minuutti\" \/>\n<script type=\"application\/ld+json\" class=\"yoast-schema-graph\">{\"@context\":\"https:\/\/schema.org\",\"@graph\":[{\"@type\":\"WebPage\",\"@id\":\"https:\/\/www.plaadimehed.ee\/product\/sendi-toolaud-110-x-150cm\/\",\"url\":\"https:\/\/www.plaadimehed.ee\/product\/sendi-toolaud-110-x-150cm\/\",\"name\":\"Sendi T\u00f6\u00f6laud 110 x 150cm - Plaadimehed Pood ja rent\",\"isPartOf\":{\"@id\":\"https:\/\/www.plaadimehed.ee\/#website\"},\"primaryImageOfPage\":{\"@id\":\"https:\/\/www.plaadimehed.ee\/product\/sendi-toolaud-110-x-150cm\/#primaryimage\"},\"image\":{\"@id\":\"https:\/\/www.plaadimehed.ee\/product\/sendi-toolaud-110-x-150cm\/#primaryimage\"},\"thumbnailUrl\":\"https:\/\/www.plaadimehed.ee\/wp-content\/uploads\/2026\/02\/Sendi-toolaud.png\",\"datePublished\":\"2026-02-18T12:37:06+00:00\",\"dateModified\":\"2026-03-01T11:00:28+00:00\",\"description\":\"Sendii alumiinium t\u00f6\u00f6laud. Kerge, vastupidav ja stabiilne t\u00f6\u00f6laud suurem\u00f5\u00f5tmeliste SLAB - plaatide t\u00f6\u00f6tluseks. T\u00f6\u00f6laud on kokkupandav.\",\"breadcrumb\":{\"@id\":\"https:\/\/www.plaadimehed.ee\/product\/sendi-toolaud-110-x-150cm\/#breadcrumb\"},\"inLanguage\":\"fi\",\"potentialAction\":[{\"@type\":\"ReadAction\",\"target\":[\"https:\/\/www.plaadimehed.ee\/product\/sendi-toolaud-110-x-150cm\/\"]}]},{\"@type\":\"ImageObject\",\"inLanguage\":\"fi\",\"@id\":\"https:\/\/www.plaadimehed.ee\/product\/sendi-toolaud-110-x-150cm\/#primaryimage\",\"url\":\"https:\/\/www.plaadimehed.ee\/wp-content\/uploads\/2026\/02\/Sendi-toolaud.png\",\"contentUrl\":\"https:\/\/www.plaadimehed.ee\/wp-content\/uploads\/2026\/02\/Sendi-toolaud.png\",\"width\":360,\"height\":360,\"caption\":\"Sendi T\u00f6\u00f6laud 110 x 150cm\"},{\"@type\":\"BreadcrumbList\",\"@id\":\"https:\/\/www.plaadimehed.ee\/product\/sendi-toolaud-110-x-150cm\/#breadcrumb\",\"itemListElement\":[{\"@type\":\"ListItem\",\"position\":1,\"name\":\"Home\",\"item\":\"https:\/\/www.plaadimehed.ee\/fi\/\"},{\"@type\":\"ListItem\",\"position\":2,\"name\":\"Verkkokauppa\",\"item\":\"https:\/\/www.plaadimehed.ee\/fi\/shop\/\"},{\"@type\":\"ListItem\",\"position\":3,\"name\":\"Sendi T\u00f6\u00f6laud 110 x 150cm\"}]},{\"@type\":\"WebSite\",\"@id\":\"https:\/\/www.plaadimehed.ee\/#website\",\"url\":\"https:\/\/www.plaadimehed.ee\/\",\"name\":\"Plaadimehed\",\"description\":\"Plaatimist\u00f6\u00f6deks vajalikud tarvikud ja t\u00f6\u00f6riistad\",\"publisher\":{\"@id\":\"https:\/\/www.plaadimehed.ee\/#organization\"},\"potentialAction\":[{\"@type\":\"SearchAction\",\"target\":{\"@type\":\"EntryPoint\",\"urlTemplate\":\"https:\/\/www.plaadimehed.ee\/?s={search_term_string}\"},\"query-input\":{\"@type\":\"PropertyValueSpecification\",\"valueRequired\":true,\"valueName\":\"search_term_string\"}}],\"inLanguage\":\"fi\"},{\"@type\":\"Organization\",\"@id\":\"https:\/\/www.plaadimehed.ee\/#organization\",\"name\":\"Plaadimehed\",\"url\":\"https:\/\/www.plaadimehed.ee\/\",\"logo\":{\"@type\":\"ImageObject\",\"inLanguage\":\"fi\",\"@id\":\"https:\/\/www.plaadimehed.ee\/#\/schema\/logo\/image\/\",\"url\":\"https:\/\/www.plaadimehed.ee\/wp-content\/uploads\/2024\/05\/plaadimehed-logo.svg\",\"contentUrl\":\"https:\/\/www.plaadimehed.ee\/wp-content\/uploads\/2024\/05\/plaadimehed-logo.svg\",\"width\":266,\"height\":72,\"caption\":\"Plaadimehed\"},\"image\":{\"@id\":\"https:\/\/www.plaadimehed.ee\/#\/schema\/logo\/image\/\"}}]}<\/script>\n<!-- \/ Yoast SEO plugin. -->","yoast_head_json":{"title":"Sendi T\u00f6\u00f6laud 110 x 150cm - Plaadimehed Pood ja rent","description":"Sendii alumiinium t\u00f6\u00f6laud. Kerge, vastupidav ja stabiilne t\u00f6\u00f6laud suurem\u00f5\u00f5tmeliste SLAB - plaatide t\u00f6\u00f6tluseks. T\u00f6\u00f6laud on kokkupandav.","robots":{"index":"index","follow":"follow","max-snippet":"max-snippet:-1","max-image-preview":"max-image-preview:large","max-video-preview":"max-video-preview:-1"},"canonical":"https:\/\/www.plaadimehed.ee\/product\/sendi-toolaud-110-x-150cm\/","og_locale":"fi_FI","og_type":"article","og_title":"Sendi T\u00f6\u00f6laud 110 x 150cm","og_description":"Sendi alumiinium t\u00f6\u00f6laud. Kerge, vastupidav ja stabiilne t\u00f6\u00f6laud suurem\u00f5\u00f5tmeliste SLAB - plaatide t\u00f6\u00f6tluseks. T\u00f6\u00f6laud on kokkupandav.","og_url":"https:\/\/www.plaadimehed.ee\/product\/sendi-toolaud-110-x-150cm\/","og_site_name":"Plaadimehed","article_modified_time":"2026-03-01T11:00:28+00:00","og_image":[{"width":360,"height":360,"url":"https:\/\/www.plaadimehed.ee\/wp-content\/uploads\/2026\/02\/Sendi-toolaud.png","type":"image\/png"}],"twitter_card":"summary_large_image","twitter_misc":{"Arvioitu lukuaika":"1 minuutti"},"schema":{"@context":"https:\/\/schema.org","@graph":[{"@type":"WebPage","@id":"https:\/\/www.plaadimehed.ee\/product\/sendi-toolaud-110-x-150cm\/","url":"https:\/\/www.plaadimehed.ee\/product\/sendi-toolaud-110-x-150cm\/","name":"Sendi T\u00f6\u00f6laud 110 x 150cm - Plaadimehed Pood ja rent","isPartOf":{"@id":"https:\/\/www.plaadimehed.ee\/#website"},"primaryImageOfPage":{"@id":"https:\/\/www.plaadimehed.ee\/product\/sendi-toolaud-110-x-150cm\/#primaryimage"},"image":{"@id":"https:\/\/www.plaadimehed.ee\/product\/sendi-toolaud-110-x-150cm\/#primaryimage"},"thumbnailUrl":"https:\/\/www.plaadimehed.ee\/wp-content\/uploads\/2026\/02\/Sendi-toolaud.png","datePublished":"2026-02-18T12:37:06+00:00","dateModified":"2026-03-01T11:00:28+00:00","description":"Sendii alumiinium t\u00f6\u00f6laud. Kerge, vastupidav ja stabiilne t\u00f6\u00f6laud suurem\u00f5\u00f5tmeliste SLAB - plaatide t\u00f6\u00f6tluseks. T\u00f6\u00f6laud on kokkupandav.","breadcrumb":{"@id":"https:\/\/www.plaadimehed.ee\/product\/sendi-toolaud-110-x-150cm\/#breadcrumb"},"inLanguage":"fi","potentialAction":[{"@type":"ReadAction","target":["https:\/\/www.plaadimehed.ee\/product\/sendi-toolaud-110-x-150cm\/"]}]},{"@type":"ImageObject","inLanguage":"fi","@id":"https:\/\/www.plaadimehed.ee\/product\/sendi-toolaud-110-x-150cm\/#primaryimage","url":"https:\/\/www.plaadimehed.ee\/wp-content\/uploads\/2026\/02\/Sendi-toolaud.png","contentUrl":"https:\/\/www.plaadimehed.ee\/wp-content\/uploads\/2026\/02\/Sendi-toolaud.png","width":360,"height":360,"caption":"Sendi T\u00f6\u00f6laud 110 x 150cm"},{"@type":"BreadcrumbList","@id":"https:\/\/www.plaadimehed.ee\/product\/sendi-toolaud-110-x-150cm\/#breadcrumb","itemListElement":[{"@type":"ListItem","position":1,"name":"Home","item":"https:\/\/www.plaadimehed.ee\/fi\/"},{"@type":"ListItem","position":2,"name":"Verkkokauppa","item":"https:\/\/www.plaadimehed.ee\/fi\/shop\/"},{"@type":"ListItem","position":3,"name":"Sendi T\u00f6\u00f6laud 110 x 150cm"}]},{"@type":"WebSite","@id":"https:\/\/www.plaadimehed.ee\/#website","url":"https:\/\/www.plaadimehed.ee\/","name":"Plaadimehed","description":"Plaatimist\u00f6\u00f6deks vajalikud tarvikud ja t\u00f6\u00f6riistad","publisher":{"@id":"https:\/\/www.plaadimehed.ee\/#organization"},"potentialAction":[{"@type":"SearchAction","target":{"@type":"EntryPoint","urlTemplate":"https:\/\/www.plaadimehed.ee\/?s={search_term_string}"},"query-input":{"@type":"PropertyValueSpecification","valueRequired":true,"valueName":"search_term_string"}}],"inLanguage":"fi"},{"@type":"Organization","@id":"https:\/\/www.plaadimehed.ee\/#organization","name":"Plaadimehed","url":"https:\/\/www.plaadimehed.ee\/","logo":{"@type":"ImageObject","inLanguage":"fi","@id":"https:\/\/www.plaadimehed.ee\/#\/schema\/logo\/image\/","url":"https:\/\/www.plaadimehed.ee\/wp-content\/uploads\/2024\/05\/plaadimehed-logo.svg","contentUrl":"https:\/\/www.plaadimehed.ee\/wp-content\/uploads\/2024\/05\/plaadimehed-logo.svg","width":266,"height":72,"caption":"Plaadimehed"},"image":{"@id":"https:\/\/www.plaadimehed.ee\/#\/schema\/logo\/image\/"}}]}},"_links":{"self":[{"href":"https:\/\/www.plaadimehed.ee\/fi\/wp-json\/wp\/v2\/product\/17924","targetHints":{"allow":["GET"]}}],"collection":[{"href":"https:\/\/www.plaadimehed.ee\/fi\/wp-json\/wp\/v2\/product"}],"about":[{"href":"https:\/\/www.plaadimehed.ee\/fi\/wp-json\/wp\/v2\/types\/product"}],"wp:featuredmedia":[{"embeddable":true,"href":"https:\/\/www.plaadimehed.ee\/fi\/wp-json\/wp\/v2\/media\/17927"}],"wp:attachment":[{"href":"https:\/\/www.plaadimehed.ee\/fi\/wp-json\/wp\/v2\/media?parent=17924"}],"wp:term":[{"taxonomy":"product_brand","embeddable":true,"href":"https:\/\/www.plaadimehed.ee\/fi\/wp-json\/wp\/v2\/product_brand?post=17924"},{"taxonomy":"product_cat","embeddable":true,"href":"https:\/\/www.plaadimehed.ee\/fi\/wp-json\/wp\/v2\/product_cat?post=17924"},{"taxonomy":"product_tag","embeddable":true,"href":"https:\/\/www.plaadimehed.ee\/fi\/wp-json\/wp\/v2\/product_tag?post=17924"}],"curies":[{"name":"wp","href":"https:\/\/api.w.org\/{rel}","templated":true}]}}