{"id":18136,"date":"2026-03-09T12:52:58","date_gmt":"2026-03-09T10:52:58","guid":{"rendered":"https:\/\/www.plaadimehed.ee\/?post_type=product&#038;p=18136"},"modified":"2026-03-11T11:44:25","modified_gmt":"2026-03-11T09:44:25","slug":"sendi-elektriline-vaakumhaarats-asc-ellipse","status":"publish","type":"product","link":"https:\/\/www.plaadimehed.ee\/fi\/product\/sendi-elektriline-vaakumhaarats-asc-ellipse\/","title":{"rendered":"Sendi elektriline vaakumhaarats ASC-Ellipse"},"content":{"rendered":"<p>Sendi on tuntud oma kvaliteetsete plaatimistarvikute poolest. Tooted on disainitud spetsiaalselt plaatijate vajadustele.<\/p>\n","protected":false},"excerpt":{"rendered":"<p>Sendi elektriline vaakumhaarats ASC-Ellipse<\/p>\n<ul>\n<li>Komplektis laadija<\/li>\n<li>Siledatele ja karedatele pindadele nagu keraamilised plaadid, klaas jne.<\/li>\n<li>Automaatne r\u00f5hu hoidmise s\u00fcsteem<\/li>\n<li>T\u00f5stev\u00f5ime \u00fcle 100 kg<\/li>\n<li>Ovaalne taldmik<\/li>\n<li>LED displei<\/li>\n<li>Kohver<span class=\"Y2IQFc\" lang=\"et\">\u00a0transportimiseks ja hoiustamiseks<\/span><\/li>\n<\/ul>\n","protected":false},"featured_media":18137,"template":"","meta":{"_acf_changed":false},"product_brand":[110],"product_cat":[35],"product_tag":[],"class_list":{"0":"post-18136","1":"product","2":"type-product","3":"status-publish","4":"has-post-thumbnail","6":"product_brand-sendi","7":"product_cat-vaakumhaaratsid","9":"first","10":"outofstock","11":"taxable","12":"shipping-taxable","13":"purchasable","14":"product-type-simple"},"acf":[],"yoast_head":"<!-- This site is optimized with the Yoast SEO plugin v27.0 - https:\/\/yoast.com\/product\/yoast-seo-wordpress\/ -->\n<title>Sendi elektriline vaakumhaarats ASC-Ellipse - Plaadimehed<\/title>\n<meta name=\"description\" content=\"Sendi kvaliteetne elektriline vaakumhaarats. Automaatse r\u00f5hu hoidmise s\u00fcsteemiga. Komplektis juhe ja adapter. Plaatide ja klaasi t\u00f5stmiseks.\" \/>\n<meta name=\"robots\" content=\"index, follow, max-snippet:-1, max-image-preview:large, max-video-preview:-1\" \/>\n<link rel=\"canonical\" href=\"https:\/\/www.plaadimehed.ee\/product\/sendi-elektriline-vaakumhaarats-asc-ellipse\/\" \/>\n<meta property=\"og:locale\" content=\"fi_FI\" \/>\n<meta property=\"og:type\" content=\"article\" \/>\n<meta property=\"og:title\" content=\"Sendi elektriline vaakumhaarats ASC-Ellipse\" \/>\n<meta property=\"og:description\" content=\"Sendi kvaliteetne elektriline vaakumhaarats. Automaatse r\u00f5hu hoidmise s\u00fcsteemiga. Komplektis juhe ja adapter. Plaatide ja klaasi t\u00f5stmiseks.\" \/>\n<meta property=\"og:url\" content=\"https:\/\/www.plaadimehed.ee\/product\/sendi-elektriline-vaakumhaarats-asc-ellipse\/\" \/>\n<meta property=\"og:site_name\" content=\"Plaadimehed\" \/>\n<meta property=\"article:modified_time\" content=\"2026-03-11T09:44:25+00:00\" \/>\n<meta property=\"og:image\" content=\"https:\/\/www.plaadimehed.ee\/wp-content\/uploads\/2026\/03\/Sendi-iminapp-el.png\" \/>\n\t<meta property=\"og:image:width\" content=\"1500\" \/>\n\t<meta property=\"og:image:height\" content=\"1500\" \/>\n\t<meta property=\"og:image:type\" content=\"image\/png\" \/>\n<meta name=\"twitter:card\" content=\"summary_large_image\" \/>\n<meta name=\"twitter:label1\" content=\"Arvioitu lukuaika\" \/>\n\t<meta name=\"twitter:data1\" content=\"1 minuutti\" \/>\n<script type=\"application\/ld+json\" class=\"yoast-schema-graph\">{\"@context\":\"https:\/\/schema.org\",\"@graph\":[{\"@type\":\"WebPage\",\"@id\":\"https:\/\/www.plaadimehed.ee\/product\/sendi-elektriline-vaakumhaarats-asc-ellipse\/\",\"url\":\"https:\/\/www.plaadimehed.ee\/product\/sendi-elektriline-vaakumhaarats-asc-ellipse\/\",\"name\":\"Sendi elektriline vaakumhaarats ASC-Ellipse - Plaadimehed\",\"isPartOf\":{\"@id\":\"https:\/\/www.plaadimehed.ee\/#website\"},\"primaryImageOfPage\":{\"@id\":\"https:\/\/www.plaadimehed.ee\/product\/sendi-elektriline-vaakumhaarats-asc-ellipse\/#primaryimage\"},\"image\":{\"@id\":\"https:\/\/www.plaadimehed.ee\/product\/sendi-elektriline-vaakumhaarats-asc-ellipse\/#primaryimage\"},\"thumbnailUrl\":\"https:\/\/www.plaadimehed.ee\/wp-content\/uploads\/2026\/03\/Sendi-iminapp-el.png\",\"datePublished\":\"2026-03-09T10:52:58+00:00\",\"dateModified\":\"2026-03-11T09:44:25+00:00\",\"description\":\"Sendi kvaliteetne elektriline vaakumhaarats. Automaatse r\u00f5hu hoidmise s\u00fcsteemiga. Komplektis juhe ja adapter. Plaatide ja klaasi t\u00f5stmiseks.\",\"breadcrumb\":{\"@id\":\"https:\/\/www.plaadimehed.ee\/product\/sendi-elektriline-vaakumhaarats-asc-ellipse\/#breadcrumb\"},\"inLanguage\":\"fi\",\"potentialAction\":[{\"@type\":\"ReadAction\",\"target\":[\"https:\/\/www.plaadimehed.ee\/product\/sendi-elektriline-vaakumhaarats-asc-ellipse\/\"]}]},{\"@type\":\"ImageObject\",\"inLanguage\":\"fi\",\"@id\":\"https:\/\/www.plaadimehed.ee\/product\/sendi-elektriline-vaakumhaarats-asc-ellipse\/#primaryimage\",\"url\":\"https:\/\/www.plaadimehed.ee\/wp-content\/uploads\/2026\/03\/Sendi-iminapp-el.png\",\"contentUrl\":\"https:\/\/www.plaadimehed.ee\/wp-content\/uploads\/2026\/03\/Sendi-iminapp-el.png\",\"width\":1500,\"height\":1500,\"caption\":\"Sendi elektriline vaakumhaarats ASC-Ellipse\"},{\"@type\":\"BreadcrumbList\",\"@id\":\"https:\/\/www.plaadimehed.ee\/product\/sendi-elektriline-vaakumhaarats-asc-ellipse\/#breadcrumb\",\"itemListElement\":[{\"@type\":\"ListItem\",\"position\":1,\"name\":\"Home\",\"item\":\"https:\/\/www.plaadimehed.ee\/fi\/\"},{\"@type\":\"ListItem\",\"position\":2,\"name\":\"Verkkokauppa\",\"item\":\"https:\/\/www.plaadimehed.ee\/fi\/shop\/\"},{\"@type\":\"ListItem\",\"position\":3,\"name\":\"Sendi elektriline vaakumhaarats ASC-Ellipse\"}]},{\"@type\":\"WebSite\",\"@id\":\"https:\/\/www.plaadimehed.ee\/#website\",\"url\":\"https:\/\/www.plaadimehed.ee\/\",\"name\":\"Plaadimehed\",\"description\":\"Plaatimist\u00f6\u00f6deks vajalikud tarvikud ja t\u00f6\u00f6riistad\",\"publisher\":{\"@id\":\"https:\/\/www.plaadimehed.ee\/#organization\"},\"potentialAction\":[{\"@type\":\"SearchAction\",\"target\":{\"@type\":\"EntryPoint\",\"urlTemplate\":\"https:\/\/www.plaadimehed.ee\/?s={search_term_string}\"},\"query-input\":{\"@type\":\"PropertyValueSpecification\",\"valueRequired\":true,\"valueName\":\"search_term_string\"}}],\"inLanguage\":\"fi\"},{\"@type\":\"Organization\",\"@id\":\"https:\/\/www.plaadimehed.ee\/#organization\",\"name\":\"Plaadimehed\",\"url\":\"https:\/\/www.plaadimehed.ee\/\",\"logo\":{\"@type\":\"ImageObject\",\"inLanguage\":\"fi\",\"@id\":\"https:\/\/www.plaadimehed.ee\/#\/schema\/logo\/image\/\",\"url\":\"https:\/\/www.plaadimehed.ee\/wp-content\/uploads\/2024\/05\/plaadimehed-logo.svg\",\"contentUrl\":\"https:\/\/www.plaadimehed.ee\/wp-content\/uploads\/2024\/05\/plaadimehed-logo.svg\",\"width\":266,\"height\":72,\"caption\":\"Plaadimehed\"},\"image\":{\"@id\":\"https:\/\/www.plaadimehed.ee\/#\/schema\/logo\/image\/\"}}]}<\/script>\n<!-- \/ Yoast SEO plugin. -->","yoast_head_json":{"title":"Sendi elektriline vaakumhaarats ASC-Ellipse - Plaadimehed","description":"Sendi kvaliteetne elektriline vaakumhaarats. Automaatse r\u00f5hu hoidmise s\u00fcsteemiga. Komplektis juhe ja adapter. Plaatide ja klaasi t\u00f5stmiseks.","robots":{"index":"index","follow":"follow","max-snippet":"max-snippet:-1","max-image-preview":"max-image-preview:large","max-video-preview":"max-video-preview:-1"},"canonical":"https:\/\/www.plaadimehed.ee\/product\/sendi-elektriline-vaakumhaarats-asc-ellipse\/","og_locale":"fi_FI","og_type":"article","og_title":"Sendi elektriline vaakumhaarats ASC-Ellipse","og_description":"Sendi kvaliteetne elektriline vaakumhaarats. Automaatse r\u00f5hu hoidmise s\u00fcsteemiga. Komplektis juhe ja adapter. Plaatide ja klaasi t\u00f5stmiseks.","og_url":"https:\/\/www.plaadimehed.ee\/product\/sendi-elektriline-vaakumhaarats-asc-ellipse\/","og_site_name":"Plaadimehed","article_modified_time":"2026-03-11T09:44:25+00:00","og_image":[{"width":1500,"height":1500,"url":"https:\/\/www.plaadimehed.ee\/wp-content\/uploads\/2026\/03\/Sendi-iminapp-el.png","type":"image\/png"}],"twitter_card":"summary_large_image","twitter_misc":{"Arvioitu lukuaika":"1 minuutti"},"schema":{"@context":"https:\/\/schema.org","@graph":[{"@type":"WebPage","@id":"https:\/\/www.plaadimehed.ee\/product\/sendi-elektriline-vaakumhaarats-asc-ellipse\/","url":"https:\/\/www.plaadimehed.ee\/product\/sendi-elektriline-vaakumhaarats-asc-ellipse\/","name":"Sendi elektriline vaakumhaarats ASC-Ellipse - Plaadimehed","isPartOf":{"@id":"https:\/\/www.plaadimehed.ee\/#website"},"primaryImageOfPage":{"@id":"https:\/\/www.plaadimehed.ee\/product\/sendi-elektriline-vaakumhaarats-asc-ellipse\/#primaryimage"},"image":{"@id":"https:\/\/www.plaadimehed.ee\/product\/sendi-elektriline-vaakumhaarats-asc-ellipse\/#primaryimage"},"thumbnailUrl":"https:\/\/www.plaadimehed.ee\/wp-content\/uploads\/2026\/03\/Sendi-iminapp-el.png","datePublished":"2026-03-09T10:52:58+00:00","dateModified":"2026-03-11T09:44:25+00:00","description":"Sendi kvaliteetne elektriline vaakumhaarats. Automaatse r\u00f5hu hoidmise s\u00fcsteemiga. Komplektis juhe ja adapter. Plaatide ja klaasi t\u00f5stmiseks.","breadcrumb":{"@id":"https:\/\/www.plaadimehed.ee\/product\/sendi-elektriline-vaakumhaarats-asc-ellipse\/#breadcrumb"},"inLanguage":"fi","potentialAction":[{"@type":"ReadAction","target":["https:\/\/www.plaadimehed.ee\/product\/sendi-elektriline-vaakumhaarats-asc-ellipse\/"]}]},{"@type":"ImageObject","inLanguage":"fi","@id":"https:\/\/www.plaadimehed.ee\/product\/sendi-elektriline-vaakumhaarats-asc-ellipse\/#primaryimage","url":"https:\/\/www.plaadimehed.ee\/wp-content\/uploads\/2026\/03\/Sendi-iminapp-el.png","contentUrl":"https:\/\/www.plaadimehed.ee\/wp-content\/uploads\/2026\/03\/Sendi-iminapp-el.png","width":1500,"height":1500,"caption":"Sendi elektriline vaakumhaarats ASC-Ellipse"},{"@type":"BreadcrumbList","@id":"https:\/\/www.plaadimehed.ee\/product\/sendi-elektriline-vaakumhaarats-asc-ellipse\/#breadcrumb","itemListElement":[{"@type":"ListItem","position":1,"name":"Home","item":"https:\/\/www.plaadimehed.ee\/fi\/"},{"@type":"ListItem","position":2,"name":"Verkkokauppa","item":"https:\/\/www.plaadimehed.ee\/fi\/shop\/"},{"@type":"ListItem","position":3,"name":"Sendi elektriline vaakumhaarats ASC-Ellipse"}]},{"@type":"WebSite","@id":"https:\/\/www.plaadimehed.ee\/#website","url":"https:\/\/www.plaadimehed.ee\/","name":"Plaadimehed","description":"Plaatimist\u00f6\u00f6deks vajalikud tarvikud ja t\u00f6\u00f6riistad","publisher":{"@id":"https:\/\/www.plaadimehed.ee\/#organization"},"potentialAction":[{"@type":"SearchAction","target":{"@type":"EntryPoint","urlTemplate":"https:\/\/www.plaadimehed.ee\/?s={search_term_string}"},"query-input":{"@type":"PropertyValueSpecification","valueRequired":true,"valueName":"search_term_string"}}],"inLanguage":"fi"},{"@type":"Organization","@id":"https:\/\/www.plaadimehed.ee\/#organization","name":"Plaadimehed","url":"https:\/\/www.plaadimehed.ee\/","logo":{"@type":"ImageObject","inLanguage":"fi","@id":"https:\/\/www.plaadimehed.ee\/#\/schema\/logo\/image\/","url":"https:\/\/www.plaadimehed.ee\/wp-content\/uploads\/2024\/05\/plaadimehed-logo.svg","contentUrl":"https:\/\/www.plaadimehed.ee\/wp-content\/uploads\/2024\/05\/plaadimehed-logo.svg","width":266,"height":72,"caption":"Plaadimehed"},"image":{"@id":"https:\/\/www.plaadimehed.ee\/#\/schema\/logo\/image\/"}}]}},"_links":{"self":[{"href":"https:\/\/www.plaadimehed.ee\/fi\/wp-json\/wp\/v2\/product\/18136","targetHints":{"allow":["GET"]}}],"collection":[{"href":"https:\/\/www.plaadimehed.ee\/fi\/wp-json\/wp\/v2\/product"}],"about":[{"href":"https:\/\/www.plaadimehed.ee\/fi\/wp-json\/wp\/v2\/types\/product"}],"wp:featuredmedia":[{"embeddable":true,"href":"https:\/\/www.plaadimehed.ee\/fi\/wp-json\/wp\/v2\/media\/18137"}],"wp:attachment":[{"href":"https:\/\/www.plaadimehed.ee\/fi\/wp-json\/wp\/v2\/media?parent=18136"}],"wp:term":[{"taxonomy":"product_brand","embeddable":true,"href":"https:\/\/www.plaadimehed.ee\/fi\/wp-json\/wp\/v2\/product_brand?post=18136"},{"taxonomy":"product_cat","embeddable":true,"href":"https:\/\/www.plaadimehed.ee\/fi\/wp-json\/wp\/v2\/product_cat?post=18136"},{"taxonomy":"product_tag","embeddable":true,"href":"https:\/\/www.plaadimehed.ee\/fi\/wp-json\/wp\/v2\/product_tag?post=18136"}],"curies":[{"name":"wp","href":"https:\/\/api.w.org\/{rel}","templated":true}]}}