{"id":18202,"date":"2026-03-11T12:12:32","date_gmt":"2026-03-11T10:12:32","guid":{"rendered":"https:\/\/www.plaadimehed.ee\/?post_type=product&#038;p=18202"},"modified":"2026-03-11T12:23:27","modified_gmt":"2026-03-11T10:23:27","slug":"solid-kumer-segulabidas","status":"publish","type":"product","link":"https:\/\/www.plaadimehed.ee\/fi\/product\/solid-kumer-segulabidas\/","title":{"rendered":"Solid Kumer segulabidas"},"content":{"rendered":"<p data-olk-copy-source=\"MessageBody\">Solid Tools on t\u00f6\u00f6riistabr\u00e4nd, mis pakub professionaalse kvaliteediga maalri -ja plaatimist\u00f6\u00f6riistu. Laiast tootevalikust leiab nii roostevabast terasest silurid, pahtlilabidad, kellusid ja v\u00e4rvirullid maalritele kui ka plaatimise tasanduss\u00fcsteeme, sh plaatimisankruid, kiile ja tange, ja erinevaid tarvikuid plaatijatele.<\/p>\n<p>Solid Tools t\u00f6\u00f6riistu hinnatakse nii k\u00f5rge kvaliteedi kui ka taskukohase hinna poolest. Nende t\u00f6\u00f6riistad on valmistatud vastupidavast Euroopa terasest, mida m\u00fc\u00fcvad enam kui 2500 edasim\u00fc\u00fcjat \u00fcle maailma.<\/p>\n<p>Solid Tools on 2001. aastal asutatud Poola ehitust\u00f6\u00f6riistade ja -fooliumi tootja. Plaadimehed on Solid Tools esindaja Eestis.<\/p>\n<p><a title=\"https:\/\/solidtools.pl\/\" href=\"https:\/\/solidtools.pl\/\" data-auth=\"NotApplicable\" data-linkindex=\"0\" data-olk-copy-source=\"MessageBody\">Solid Tools ametlik koduleht<\/a><\/p>\n","protected":false},"excerpt":{"rendered":"<p>Roostevabast terasest kumera profiiliga kellu \/ segulabidas<\/p>\n<p>\u25cf Libisemiskindel ja pehme k\u00e4epide<br \/>\n\u25cf Kumer profiil tagab efektiivse segu eemaldamise \u00e4mbrist<br \/>\n\u25cf Roostevabast terasest<\/p>\n<p>&nbsp;<\/p>\n","protected":false},"featured_media":18203,"template":"","meta":{"_acf_changed":false},"product_brand":[135],"product_cat":[30,185,149],"product_tag":[],"class_list":{"0":"post-18202","1":"product","2":"type-product","3":"status-publish","4":"has-post-thumbnail","6":"product_brand-solid","7":"product_cat-plaatimistooriistad","8":"product_cat-kellud","9":"product_cat-pahteldamiseks","11":"first","12":"instock","13":"taxable","14":"shipping-taxable","15":"purchasable","16":"product-type-simple"},"acf":[],"yoast_head":"<!-- This site is optimized with the Yoast SEO plugin v27.0 - https:\/\/yoast.com\/product\/yoast-seo-wordpress\/ -->\n<title>Solid Kumer segulabidas - Plaadimehed Pood ja rent<\/title>\n<meta name=\"description\" content=\"Solid kumer kellu, segulabidas. M\u00f5eldud erinevate segude k\u00e4sitlemiseks. Kergesti puhastatav roostevaba teras. Kummist k\u00e4epide.\" \/>\n<meta name=\"robots\" content=\"index, follow, max-snippet:-1, max-image-preview:large, max-video-preview:-1\" \/>\n<link rel=\"canonical\" href=\"https:\/\/www.plaadimehed.ee\/product\/solid-kumer-segulabidas\/\" \/>\n<meta property=\"og:locale\" content=\"fi_FI\" \/>\n<meta property=\"og:type\" content=\"article\" \/>\n<meta property=\"og:title\" content=\"Solid Kumer segulabidas\" \/>\n<meta property=\"og:description\" content=\"Solid kumer kellu, segulabidas. M\u00f5eldud erinevate segude k\u00e4sitlemiseks. Kergesti puhastatav roostevaba teras. Kummist k\u00e4epide.\" \/>\n<meta property=\"og:url\" content=\"https:\/\/www.plaadimehed.ee\/product\/solid-kumer-segulabidas\/\" \/>\n<meta property=\"og:site_name\" content=\"Plaadimehed\" \/>\n<meta property=\"article:modified_time\" content=\"2026-03-11T10:23:27+00:00\" \/>\n<meta property=\"og:image\" content=\"https:\/\/www.plaadimehed.ee\/wp-content\/uploads\/2026\/03\/Solid-kumer-kellu.png\" \/>\n\t<meta property=\"og:image:width\" content=\"1276\" \/>\n\t<meta property=\"og:image:height\" content=\"1190\" \/>\n\t<meta property=\"og:image:type\" content=\"image\/png\" \/>\n<meta name=\"twitter:card\" content=\"summary_large_image\" \/>\n<meta name=\"twitter:label1\" content=\"Arvioitu lukuaika\" \/>\n\t<meta name=\"twitter:data1\" content=\"1 minuutti\" \/>\n<script type=\"application\/ld+json\" class=\"yoast-schema-graph\">{\"@context\":\"https:\/\/schema.org\",\"@graph\":[{\"@type\":\"WebPage\",\"@id\":\"https:\/\/www.plaadimehed.ee\/product\/solid-kumer-segulabidas\/\",\"url\":\"https:\/\/www.plaadimehed.ee\/product\/solid-kumer-segulabidas\/\",\"name\":\"Solid Kumer segulabidas - Plaadimehed Pood ja rent\",\"isPartOf\":{\"@id\":\"https:\/\/www.plaadimehed.ee\/#website\"},\"primaryImageOfPage\":{\"@id\":\"https:\/\/www.plaadimehed.ee\/product\/solid-kumer-segulabidas\/#primaryimage\"},\"image\":{\"@id\":\"https:\/\/www.plaadimehed.ee\/product\/solid-kumer-segulabidas\/#primaryimage\"},\"thumbnailUrl\":\"https:\/\/www.plaadimehed.ee\/wp-content\/uploads\/2026\/03\/Solid-kumer-kellu.png\",\"datePublished\":\"2026-03-11T10:12:32+00:00\",\"dateModified\":\"2026-03-11T10:23:27+00:00\",\"description\":\"Solid kumer kellu, segulabidas. M\u00f5eldud erinevate segude k\u00e4sitlemiseks. Kergesti puhastatav roostevaba teras. Kummist k\u00e4epide.\",\"breadcrumb\":{\"@id\":\"https:\/\/www.plaadimehed.ee\/product\/solid-kumer-segulabidas\/#breadcrumb\"},\"inLanguage\":\"fi\",\"potentialAction\":[{\"@type\":\"ReadAction\",\"target\":[\"https:\/\/www.plaadimehed.ee\/product\/solid-kumer-segulabidas\/\"]}]},{\"@type\":\"ImageObject\",\"inLanguage\":\"fi\",\"@id\":\"https:\/\/www.plaadimehed.ee\/product\/solid-kumer-segulabidas\/#primaryimage\",\"url\":\"https:\/\/www.plaadimehed.ee\/wp-content\/uploads\/2026\/03\/Solid-kumer-kellu.png\",\"contentUrl\":\"https:\/\/www.plaadimehed.ee\/wp-content\/uploads\/2026\/03\/Solid-kumer-kellu.png\",\"width\":1276,\"height\":1190,\"caption\":\"Solid Kumer segulabidas Scoop\"},{\"@type\":\"BreadcrumbList\",\"@id\":\"https:\/\/www.plaadimehed.ee\/product\/solid-kumer-segulabidas\/#breadcrumb\",\"itemListElement\":[{\"@type\":\"ListItem\",\"position\":1,\"name\":\"Home\",\"item\":\"https:\/\/www.plaadimehed.ee\/fi\/\"},{\"@type\":\"ListItem\",\"position\":2,\"name\":\"Verkkokauppa\",\"item\":\"https:\/\/www.plaadimehed.ee\/fi\/shop\/\"},{\"@type\":\"ListItem\",\"position\":3,\"name\":\"Solid Kumer segulabidas\"}]},{\"@type\":\"WebSite\",\"@id\":\"https:\/\/www.plaadimehed.ee\/#website\",\"url\":\"https:\/\/www.plaadimehed.ee\/\",\"name\":\"Plaadimehed\",\"description\":\"Plaatimist\u00f6\u00f6deks vajalikud tarvikud ja t\u00f6\u00f6riistad\",\"publisher\":{\"@id\":\"https:\/\/www.plaadimehed.ee\/#organization\"},\"potentialAction\":[{\"@type\":\"SearchAction\",\"target\":{\"@type\":\"EntryPoint\",\"urlTemplate\":\"https:\/\/www.plaadimehed.ee\/?s={search_term_string}\"},\"query-input\":{\"@type\":\"PropertyValueSpecification\",\"valueRequired\":true,\"valueName\":\"search_term_string\"}}],\"inLanguage\":\"fi\"},{\"@type\":\"Organization\",\"@id\":\"https:\/\/www.plaadimehed.ee\/#organization\",\"name\":\"Plaadimehed\",\"url\":\"https:\/\/www.plaadimehed.ee\/\",\"logo\":{\"@type\":\"ImageObject\",\"inLanguage\":\"fi\",\"@id\":\"https:\/\/www.plaadimehed.ee\/#\/schema\/logo\/image\/\",\"url\":\"https:\/\/www.plaadimehed.ee\/wp-content\/uploads\/2024\/05\/plaadimehed-logo.svg\",\"contentUrl\":\"https:\/\/www.plaadimehed.ee\/wp-content\/uploads\/2024\/05\/plaadimehed-logo.svg\",\"width\":266,\"height\":72,\"caption\":\"Plaadimehed\"},\"image\":{\"@id\":\"https:\/\/www.plaadimehed.ee\/#\/schema\/logo\/image\/\"}}]}<\/script>\n<!-- \/ Yoast SEO plugin. -->","yoast_head_json":{"title":"Solid Kumer segulabidas - Plaadimehed Pood ja rent","description":"Solid kumer kellu, segulabidas. M\u00f5eldud erinevate segude k\u00e4sitlemiseks. Kergesti puhastatav roostevaba teras. Kummist k\u00e4epide.","robots":{"index":"index","follow":"follow","max-snippet":"max-snippet:-1","max-image-preview":"max-image-preview:large","max-video-preview":"max-video-preview:-1"},"canonical":"https:\/\/www.plaadimehed.ee\/product\/solid-kumer-segulabidas\/","og_locale":"fi_FI","og_type":"article","og_title":"Solid Kumer segulabidas","og_description":"Solid kumer kellu, segulabidas. M\u00f5eldud erinevate segude k\u00e4sitlemiseks. Kergesti puhastatav roostevaba teras. Kummist k\u00e4epide.","og_url":"https:\/\/www.plaadimehed.ee\/product\/solid-kumer-segulabidas\/","og_site_name":"Plaadimehed","article_modified_time":"2026-03-11T10:23:27+00:00","og_image":[{"width":1276,"height":1190,"url":"https:\/\/www.plaadimehed.ee\/wp-content\/uploads\/2026\/03\/Solid-kumer-kellu.png","type":"image\/png"}],"twitter_card":"summary_large_image","twitter_misc":{"Arvioitu lukuaika":"1 minuutti"},"schema":{"@context":"https:\/\/schema.org","@graph":[{"@type":"WebPage","@id":"https:\/\/www.plaadimehed.ee\/product\/solid-kumer-segulabidas\/","url":"https:\/\/www.plaadimehed.ee\/product\/solid-kumer-segulabidas\/","name":"Solid Kumer segulabidas - Plaadimehed Pood ja rent","isPartOf":{"@id":"https:\/\/www.plaadimehed.ee\/#website"},"primaryImageOfPage":{"@id":"https:\/\/www.plaadimehed.ee\/product\/solid-kumer-segulabidas\/#primaryimage"},"image":{"@id":"https:\/\/www.plaadimehed.ee\/product\/solid-kumer-segulabidas\/#primaryimage"},"thumbnailUrl":"https:\/\/www.plaadimehed.ee\/wp-content\/uploads\/2026\/03\/Solid-kumer-kellu.png","datePublished":"2026-03-11T10:12:32+00:00","dateModified":"2026-03-11T10:23:27+00:00","description":"Solid kumer kellu, segulabidas. M\u00f5eldud erinevate segude k\u00e4sitlemiseks. Kergesti puhastatav roostevaba teras. Kummist k\u00e4epide.","breadcrumb":{"@id":"https:\/\/www.plaadimehed.ee\/product\/solid-kumer-segulabidas\/#breadcrumb"},"inLanguage":"fi","potentialAction":[{"@type":"ReadAction","target":["https:\/\/www.plaadimehed.ee\/product\/solid-kumer-segulabidas\/"]}]},{"@type":"ImageObject","inLanguage":"fi","@id":"https:\/\/www.plaadimehed.ee\/product\/solid-kumer-segulabidas\/#primaryimage","url":"https:\/\/www.plaadimehed.ee\/wp-content\/uploads\/2026\/03\/Solid-kumer-kellu.png","contentUrl":"https:\/\/www.plaadimehed.ee\/wp-content\/uploads\/2026\/03\/Solid-kumer-kellu.png","width":1276,"height":1190,"caption":"Solid Kumer segulabidas Scoop"},{"@type":"BreadcrumbList","@id":"https:\/\/www.plaadimehed.ee\/product\/solid-kumer-segulabidas\/#breadcrumb","itemListElement":[{"@type":"ListItem","position":1,"name":"Home","item":"https:\/\/www.plaadimehed.ee\/fi\/"},{"@type":"ListItem","position":2,"name":"Verkkokauppa","item":"https:\/\/www.plaadimehed.ee\/fi\/shop\/"},{"@type":"ListItem","position":3,"name":"Solid Kumer segulabidas"}]},{"@type":"WebSite","@id":"https:\/\/www.plaadimehed.ee\/#website","url":"https:\/\/www.plaadimehed.ee\/","name":"Plaadimehed","description":"Plaatimist\u00f6\u00f6deks vajalikud tarvikud ja t\u00f6\u00f6riistad","publisher":{"@id":"https:\/\/www.plaadimehed.ee\/#organization"},"potentialAction":[{"@type":"SearchAction","target":{"@type":"EntryPoint","urlTemplate":"https:\/\/www.plaadimehed.ee\/?s={search_term_string}"},"query-input":{"@type":"PropertyValueSpecification","valueRequired":true,"valueName":"search_term_string"}}],"inLanguage":"fi"},{"@type":"Organization","@id":"https:\/\/www.plaadimehed.ee\/#organization","name":"Plaadimehed","url":"https:\/\/www.plaadimehed.ee\/","logo":{"@type":"ImageObject","inLanguage":"fi","@id":"https:\/\/www.plaadimehed.ee\/#\/schema\/logo\/image\/","url":"https:\/\/www.plaadimehed.ee\/wp-content\/uploads\/2024\/05\/plaadimehed-logo.svg","contentUrl":"https:\/\/www.plaadimehed.ee\/wp-content\/uploads\/2024\/05\/plaadimehed-logo.svg","width":266,"height":72,"caption":"Plaadimehed"},"image":{"@id":"https:\/\/www.plaadimehed.ee\/#\/schema\/logo\/image\/"}}]}},"_links":{"self":[{"href":"https:\/\/www.plaadimehed.ee\/fi\/wp-json\/wp\/v2\/product\/18202","targetHints":{"allow":["GET"]}}],"collection":[{"href":"https:\/\/www.plaadimehed.ee\/fi\/wp-json\/wp\/v2\/product"}],"about":[{"href":"https:\/\/www.plaadimehed.ee\/fi\/wp-json\/wp\/v2\/types\/product"}],"wp:featuredmedia":[{"embeddable":true,"href":"https:\/\/www.plaadimehed.ee\/fi\/wp-json\/wp\/v2\/media\/18203"}],"wp:attachment":[{"href":"https:\/\/www.plaadimehed.ee\/fi\/wp-json\/wp\/v2\/media?parent=18202"}],"wp:term":[{"taxonomy":"product_brand","embeddable":true,"href":"https:\/\/www.plaadimehed.ee\/fi\/wp-json\/wp\/v2\/product_brand?post=18202"},{"taxonomy":"product_cat","embeddable":true,"href":"https:\/\/www.plaadimehed.ee\/fi\/wp-json\/wp\/v2\/product_cat?post=18202"},{"taxonomy":"product_tag","embeddable":true,"href":"https:\/\/www.plaadimehed.ee\/fi\/wp-json\/wp\/v2\/product_tag?post=18202"}],"curies":[{"name":"wp","href":"https:\/\/api.w.org\/{rel}","templated":true}]}}