{"id":18334,"date":"2026-03-18T10:09:54","date_gmt":"2026-03-18T08:09:54","guid":{"rendered":"https:\/\/www.plaadimehed.ee\/?post_type=product&#038;p=18334"},"modified":"2026-03-18T13:15:00","modified_gmt":"2026-03-18T11:15:00","slug":"mechanic-airchaser-115-125-soonte-loikamiseks","status":"publish","type":"product","link":"https:\/\/www.plaadimehed.ee\/fi\/product\/mechanic-airchaser-115-125-soonte-loikamiseks\/","title":{"rendered":"MECHANIC AirChaser 115-125 soonte l\u00f5ikamiseks"},"content":{"rendered":"<p data-start=\"0\" data-end=\"277\"><span class=\"hover:entity-accent entity-underline inline cursor-pointer align-baseline\"><span class=\"whitespace-normal\">Mechanic<\/span><\/span> on Ukraina p\u00e4ritolu t\u00f6\u00f6riistabr\u00e4nd, mis keskendub professionaalsetele lahendustele plaatimis- ja kivimaterjalide t\u00f6\u00f6tlemisel. Koost\u00f6\u00f6 <span class=\"hover:entity-accent entity-underline inline cursor-pointer align-baseline\"><span class=\"whitespace-normal\">Distar<\/span><\/span>-iga kinnitab k\u00f5rget kvaliteeti, t\u00e4psust ja vastupidavust.<\/p>\n<p data-start=\"279\" data-end=\"426\" data-is-last-node=\"\" data-is-only-node=\"\">Mechanicu tooted on loodud n\u00f5udlikele kasutajatele, pakkudes usaldusv\u00e4\u00e4rseid ja efektiivseid t\u00f6\u00f6riistu igap\u00e4evaseks professionaalseks kasutamiseks.<\/p>\n<p data-start=\"279\" data-end=\"426\" data-is-last-node=\"\" data-is-only-node=\"\">\n<p>&nbsp;<\/p>\n","protected":false},"excerpt":{"rendered":"<p>Nurklihvija tolmueemaldus kate soonte l\u00f5ikamiseks<\/p>\n<p>\u25cf Plaadi v\u00f5i betooni l\u00f5ikamisel tekkiva tolmu eemaldamiseks koos tolmuimejaga<br \/>\n\u25cf Rakis soonte l\u00f5ikamiseks nt: kaablisooned v\u00f5i libisemisvastased sissel\u00f5iked trepil<br \/>\n\u25cf Hea lisaseade tolmuvabaks t\u00f6\u00f6ks<br \/>\n\u25cf Ratastega rakis tagab \u00fchtlase l\u00f5ike<br \/>\n\u25cf L\u00f5ike s\u00fcgavus reguleeritav<br \/>\n\u25cf Sobib ketastele \u00d8 115 mm ja \u00d8 125 mm<br \/>\n\u25cf Kasutamiseks koos ketasl\u00f5ikuriga<br \/>\n\u25cf Tutvu toote all videoga<\/p>\n<p>&nbsp;<\/p>\n","protected":false},"featured_media":18335,"template":"","meta":{"_acf_changed":false},"product_brand":[54],"product_cat":[30,50],"product_tag":[],"class_list":{"0":"post-18334","1":"product","2":"type-product","3":"status-publish","4":"has-post-thumbnail","6":"product_brand-mechanic","7":"product_cat-plaatimistooriistad","8":"product_cat-tolmu-vahendamiseks","10":"first","11":"instock","12":"taxable","13":"shipping-taxable","14":"purchasable","15":"product-type-simple"},"acf":[],"yoast_head":"<!-- This site is optimized with the Yoast SEO plugin v27.0 - https:\/\/yoast.com\/product\/yoast-seo-wordpress\/ -->\n<title>MECHANIC AirChaser 115-125 soonte l\u00f5ikamiseks<\/title>\n<meta name=\"description\" content=\"MECHANIC AirChaser 115-125 soonte l\u00f5ikamiseks. Tolmueemaldus kate, kasutamiseks koos nurklihvija ja tolmuimejaga. Sobib ketastele l\u00e4bim\u00f5\u00f5duga 115mm, 125mm.\" \/>\n<meta name=\"robots\" content=\"index, follow, max-snippet:-1, max-image-preview:large, max-video-preview:-1\" \/>\n<link rel=\"canonical\" href=\"https:\/\/www.plaadimehed.ee\/product\/mechanic-airchaser-115-125-soonte-loikamiseks\/\" \/>\n<meta property=\"og:locale\" content=\"fi_FI\" \/>\n<meta property=\"og:type\" content=\"article\" \/>\n<meta property=\"og:title\" content=\"MECHANIC AirChaser 115-125 soonte l\u00f5ikamiseks\" \/>\n<meta property=\"og:description\" content=\"MECHANIC AirChaser 115-125 soonte l\u00f5ikamiseks. Tolmueemaldus kate, kasutamiseks koos nurklihvija ja tolmuimejaga. Sobib ketastele l\u00e4bim\u00f5\u00f5duga 115mm, 125mm.\" \/>\n<meta property=\"og:url\" content=\"https:\/\/www.plaadimehed.ee\/product\/mechanic-airchaser-115-125-soonte-loikamiseks\/\" \/>\n<meta property=\"og:site_name\" content=\"Plaadimehed\" \/>\n<meta property=\"article:modified_time\" content=\"2026-03-18T11:15:00+00:00\" \/>\n<meta property=\"og:image\" content=\"https:\/\/www.plaadimehed.ee\/wp-content\/uploads\/2026\/03\/Mechanic-airchaser-rakis.png\" \/>\n\t<meta property=\"og:image:width\" content=\"600\" \/>\n\t<meta property=\"og:image:height\" content=\"600\" \/>\n\t<meta property=\"og:image:type\" content=\"image\/png\" \/>\n<meta name=\"twitter:card\" content=\"summary_large_image\" \/>\n<meta name=\"twitter:label1\" content=\"Arvioitu lukuaika\" \/>\n\t<meta name=\"twitter:data1\" content=\"1 minuutti\" \/>\n<script type=\"application\/ld+json\" class=\"yoast-schema-graph\">{\"@context\":\"https:\/\/schema.org\",\"@graph\":[{\"@type\":\"WebPage\",\"@id\":\"https:\/\/www.plaadimehed.ee\/product\/mechanic-airchaser-115-125-soonte-loikamiseks\/\",\"url\":\"https:\/\/www.plaadimehed.ee\/product\/mechanic-airchaser-115-125-soonte-loikamiseks\/\",\"name\":\"MECHANIC AirChaser 115-125 soonte l\u00f5ikamiseks\",\"isPartOf\":{\"@id\":\"https:\/\/www.plaadimehed.ee\/#website\"},\"primaryImageOfPage\":{\"@id\":\"https:\/\/www.plaadimehed.ee\/product\/mechanic-airchaser-115-125-soonte-loikamiseks\/#primaryimage\"},\"image\":{\"@id\":\"https:\/\/www.plaadimehed.ee\/product\/mechanic-airchaser-115-125-soonte-loikamiseks\/#primaryimage\"},\"thumbnailUrl\":\"https:\/\/www.plaadimehed.ee\/wp-content\/uploads\/2026\/03\/Mechanic-airchaser-rakis.png\",\"datePublished\":\"2026-03-18T08:09:54+00:00\",\"dateModified\":\"2026-03-18T11:15:00+00:00\",\"description\":\"MECHANIC AirChaser 115-125 soonte l\u00f5ikamiseks. Tolmueemaldus kate, kasutamiseks koos nurklihvija ja tolmuimejaga. Sobib ketastele l\u00e4bim\u00f5\u00f5duga 115mm, 125mm.\",\"breadcrumb\":{\"@id\":\"https:\/\/www.plaadimehed.ee\/product\/mechanic-airchaser-115-125-soonte-loikamiseks\/#breadcrumb\"},\"inLanguage\":\"fi\",\"potentialAction\":[{\"@type\":\"ReadAction\",\"target\":[\"https:\/\/www.plaadimehed.ee\/product\/mechanic-airchaser-115-125-soonte-loikamiseks\/\"]}]},{\"@type\":\"ImageObject\",\"inLanguage\":\"fi\",\"@id\":\"https:\/\/www.plaadimehed.ee\/product\/mechanic-airchaser-115-125-soonte-loikamiseks\/#primaryimage\",\"url\":\"https:\/\/www.plaadimehed.ee\/wp-content\/uploads\/2026\/03\/Mechanic-airchaser-rakis.png\",\"contentUrl\":\"https:\/\/www.plaadimehed.ee\/wp-content\/uploads\/2026\/03\/Mechanic-airchaser-rakis.png\",\"width\":600,\"height\":600,\"caption\":\"MECHANIC AirChaser 115-125 soonte l\u00f5ikamiseks\"},{\"@type\":\"BreadcrumbList\",\"@id\":\"https:\/\/www.plaadimehed.ee\/product\/mechanic-airchaser-115-125-soonte-loikamiseks\/#breadcrumb\",\"itemListElement\":[{\"@type\":\"ListItem\",\"position\":1,\"name\":\"Home\",\"item\":\"https:\/\/www.plaadimehed.ee\/fi\/\"},{\"@type\":\"ListItem\",\"position\":2,\"name\":\"Verkkokauppa\",\"item\":\"https:\/\/www.plaadimehed.ee\/fi\/shop\/\"},{\"@type\":\"ListItem\",\"position\":3,\"name\":\"MECHANIC AirChaser 115-125 soonte l\u00f5ikamiseks\"}]},{\"@type\":\"WebSite\",\"@id\":\"https:\/\/www.plaadimehed.ee\/#website\",\"url\":\"https:\/\/www.plaadimehed.ee\/\",\"name\":\"Plaadimehed\",\"description\":\"Plaatimist\u00f6\u00f6deks vajalikud tarvikud ja t\u00f6\u00f6riistad\",\"publisher\":{\"@id\":\"https:\/\/www.plaadimehed.ee\/#organization\"},\"potentialAction\":[{\"@type\":\"SearchAction\",\"target\":{\"@type\":\"EntryPoint\",\"urlTemplate\":\"https:\/\/www.plaadimehed.ee\/?s={search_term_string}\"},\"query-input\":{\"@type\":\"PropertyValueSpecification\",\"valueRequired\":true,\"valueName\":\"search_term_string\"}}],\"inLanguage\":\"fi\"},{\"@type\":\"Organization\",\"@id\":\"https:\/\/www.plaadimehed.ee\/#organization\",\"name\":\"Plaadimehed\",\"url\":\"https:\/\/www.plaadimehed.ee\/\",\"logo\":{\"@type\":\"ImageObject\",\"inLanguage\":\"fi\",\"@id\":\"https:\/\/www.plaadimehed.ee\/#\/schema\/logo\/image\/\",\"url\":\"https:\/\/www.plaadimehed.ee\/wp-content\/uploads\/2024\/05\/plaadimehed-logo.svg\",\"contentUrl\":\"https:\/\/www.plaadimehed.ee\/wp-content\/uploads\/2024\/05\/plaadimehed-logo.svg\",\"width\":266,\"height\":72,\"caption\":\"Plaadimehed\"},\"image\":{\"@id\":\"https:\/\/www.plaadimehed.ee\/#\/schema\/logo\/image\/\"}}]}<\/script>\n<!-- \/ Yoast SEO plugin. -->","yoast_head_json":{"title":"MECHANIC AirChaser 115-125 soonte l\u00f5ikamiseks","description":"MECHANIC AirChaser 115-125 soonte l\u00f5ikamiseks. Tolmueemaldus kate, kasutamiseks koos nurklihvija ja tolmuimejaga. Sobib ketastele l\u00e4bim\u00f5\u00f5duga 115mm, 125mm.","robots":{"index":"index","follow":"follow","max-snippet":"max-snippet:-1","max-image-preview":"max-image-preview:large","max-video-preview":"max-video-preview:-1"},"canonical":"https:\/\/www.plaadimehed.ee\/product\/mechanic-airchaser-115-125-soonte-loikamiseks\/","og_locale":"fi_FI","og_type":"article","og_title":"MECHANIC AirChaser 115-125 soonte l\u00f5ikamiseks","og_description":"MECHANIC AirChaser 115-125 soonte l\u00f5ikamiseks. Tolmueemaldus kate, kasutamiseks koos nurklihvija ja tolmuimejaga. Sobib ketastele l\u00e4bim\u00f5\u00f5duga 115mm, 125mm.","og_url":"https:\/\/www.plaadimehed.ee\/product\/mechanic-airchaser-115-125-soonte-loikamiseks\/","og_site_name":"Plaadimehed","article_modified_time":"2026-03-18T11:15:00+00:00","og_image":[{"width":600,"height":600,"url":"https:\/\/www.plaadimehed.ee\/wp-content\/uploads\/2026\/03\/Mechanic-airchaser-rakis.png","type":"image\/png"}],"twitter_card":"summary_large_image","twitter_misc":{"Arvioitu lukuaika":"1 minuutti"},"schema":{"@context":"https:\/\/schema.org","@graph":[{"@type":"WebPage","@id":"https:\/\/www.plaadimehed.ee\/product\/mechanic-airchaser-115-125-soonte-loikamiseks\/","url":"https:\/\/www.plaadimehed.ee\/product\/mechanic-airchaser-115-125-soonte-loikamiseks\/","name":"MECHANIC AirChaser 115-125 soonte l\u00f5ikamiseks","isPartOf":{"@id":"https:\/\/www.plaadimehed.ee\/#website"},"primaryImageOfPage":{"@id":"https:\/\/www.plaadimehed.ee\/product\/mechanic-airchaser-115-125-soonte-loikamiseks\/#primaryimage"},"image":{"@id":"https:\/\/www.plaadimehed.ee\/product\/mechanic-airchaser-115-125-soonte-loikamiseks\/#primaryimage"},"thumbnailUrl":"https:\/\/www.plaadimehed.ee\/wp-content\/uploads\/2026\/03\/Mechanic-airchaser-rakis.png","datePublished":"2026-03-18T08:09:54+00:00","dateModified":"2026-03-18T11:15:00+00:00","description":"MECHANIC AirChaser 115-125 soonte l\u00f5ikamiseks. Tolmueemaldus kate, kasutamiseks koos nurklihvija ja tolmuimejaga. Sobib ketastele l\u00e4bim\u00f5\u00f5duga 115mm, 125mm.","breadcrumb":{"@id":"https:\/\/www.plaadimehed.ee\/product\/mechanic-airchaser-115-125-soonte-loikamiseks\/#breadcrumb"},"inLanguage":"fi","potentialAction":[{"@type":"ReadAction","target":["https:\/\/www.plaadimehed.ee\/product\/mechanic-airchaser-115-125-soonte-loikamiseks\/"]}]},{"@type":"ImageObject","inLanguage":"fi","@id":"https:\/\/www.plaadimehed.ee\/product\/mechanic-airchaser-115-125-soonte-loikamiseks\/#primaryimage","url":"https:\/\/www.plaadimehed.ee\/wp-content\/uploads\/2026\/03\/Mechanic-airchaser-rakis.png","contentUrl":"https:\/\/www.plaadimehed.ee\/wp-content\/uploads\/2026\/03\/Mechanic-airchaser-rakis.png","width":600,"height":600,"caption":"MECHANIC AirChaser 115-125 soonte l\u00f5ikamiseks"},{"@type":"BreadcrumbList","@id":"https:\/\/www.plaadimehed.ee\/product\/mechanic-airchaser-115-125-soonte-loikamiseks\/#breadcrumb","itemListElement":[{"@type":"ListItem","position":1,"name":"Home","item":"https:\/\/www.plaadimehed.ee\/fi\/"},{"@type":"ListItem","position":2,"name":"Verkkokauppa","item":"https:\/\/www.plaadimehed.ee\/fi\/shop\/"},{"@type":"ListItem","position":3,"name":"MECHANIC AirChaser 115-125 soonte l\u00f5ikamiseks"}]},{"@type":"WebSite","@id":"https:\/\/www.plaadimehed.ee\/#website","url":"https:\/\/www.plaadimehed.ee\/","name":"Plaadimehed","description":"Plaatimist\u00f6\u00f6deks vajalikud tarvikud ja t\u00f6\u00f6riistad","publisher":{"@id":"https:\/\/www.plaadimehed.ee\/#organization"},"potentialAction":[{"@type":"SearchAction","target":{"@type":"EntryPoint","urlTemplate":"https:\/\/www.plaadimehed.ee\/?s={search_term_string}"},"query-input":{"@type":"PropertyValueSpecification","valueRequired":true,"valueName":"search_term_string"}}],"inLanguage":"fi"},{"@type":"Organization","@id":"https:\/\/www.plaadimehed.ee\/#organization","name":"Plaadimehed","url":"https:\/\/www.plaadimehed.ee\/","logo":{"@type":"ImageObject","inLanguage":"fi","@id":"https:\/\/www.plaadimehed.ee\/#\/schema\/logo\/image\/","url":"https:\/\/www.plaadimehed.ee\/wp-content\/uploads\/2024\/05\/plaadimehed-logo.svg","contentUrl":"https:\/\/www.plaadimehed.ee\/wp-content\/uploads\/2024\/05\/plaadimehed-logo.svg","width":266,"height":72,"caption":"Plaadimehed"},"image":{"@id":"https:\/\/www.plaadimehed.ee\/#\/schema\/logo\/image\/"}}]}},"_links":{"self":[{"href":"https:\/\/www.plaadimehed.ee\/fi\/wp-json\/wp\/v2\/product\/18334","targetHints":{"allow":["GET"]}}],"collection":[{"href":"https:\/\/www.plaadimehed.ee\/fi\/wp-json\/wp\/v2\/product"}],"about":[{"href":"https:\/\/www.plaadimehed.ee\/fi\/wp-json\/wp\/v2\/types\/product"}],"wp:featuredmedia":[{"embeddable":true,"href":"https:\/\/www.plaadimehed.ee\/fi\/wp-json\/wp\/v2\/media\/18335"}],"wp:attachment":[{"href":"https:\/\/www.plaadimehed.ee\/fi\/wp-json\/wp\/v2\/media?parent=18334"}],"wp:term":[{"taxonomy":"product_brand","embeddable":true,"href":"https:\/\/www.plaadimehed.ee\/fi\/wp-json\/wp\/v2\/product_brand?post=18334"},{"taxonomy":"product_cat","embeddable":true,"href":"https:\/\/www.plaadimehed.ee\/fi\/wp-json\/wp\/v2\/product_cat?post=18334"},{"taxonomy":"product_tag","embeddable":true,"href":"https:\/\/www.plaadimehed.ee\/fi\/wp-json\/wp\/v2\/product_tag?post=18334"}],"curies":[{"name":"wp","href":"https:\/\/api.w.org\/{rel}","templated":true}]}}