{"id":18422,"date":"2026-03-25T13:38:22","date_gmt":"2026-03-25T11:38:22","guid":{"rendered":"https:\/\/www.plaadimehed.ee\/?post_type=product&#038;p=18422"},"modified":"2026-04-07T14:39:31","modified_gmt":"2026-04-07T12:39:31","slug":"distar-butterfly-miniketas-ilma-vollita-45mm-0-45mm","status":"publish","type":"product","link":"https:\/\/www.plaadimehed.ee\/fi\/product\/distar-butterfly-miniketas-ilma-vollita-45mm-0-45mm\/","title":{"rendered":"DISTAR BUTTERFLY miniketas ilma v\u00f5llita 45mm\/0,45mm"},"content":{"rendered":"<p>Distar on Ukrainast p\u00e4rit t\u00f6\u00f6riista br\u00e4nd mis spetsialiseerub teemant lihv -ja l\u00f5ikeketastele.<\/p>\n<p><a href=\"https:\/\/distar.tools\/\">Distar Tools ametlik koduleht<\/a><\/p>\n<p>&nbsp;<\/p>\n","protected":false},"excerpt":{"rendered":"<p>Distar 45 mm\/0,45 mm (5,8mm ava ) BUTTERFLY miniketas ilma kinnitusv\u00f5llita<\/p>\n<p>\u25cf Teemantketas plaatide l\u00f5ikamiseks: portselanist plaadid, keraamilised plaadid jne.<br \/>\n\u25cf Distar kettad professionaalsetele plaatijatele- n\u00f5uab delikaatset kasutamist<br \/>\n\u25cf Kasutamiseks m\u00e4rjalt l\u00f5ikamiseks<br \/>\n\u25cf Ketas h\u00e4sti puhtaks l\u00f5ikeks<br \/>\n\u25cf Ketta m\u00f5\u00f5dud 50 mm\/ <span class=\"f-text\">\u00a0<\/span><span class=\"f-value\">5,8\/3,2-3,0F mm<\/span><\/p>\n<p><img loading=\"lazy\" decoding=\"async\" class=\"wp-image-2118 alignnone\" src=\"https:\/\/www.plaadimehed.ee\/wp-content\/uploads\/2021\/06\/no-grinding-ja-45-300x196.png\" alt=\"\" width=\"59\" height=\"39\" srcset=\"https:\/\/www.plaadimehed.ee\/wp-content\/uploads\/2021\/06\/no-grinding-ja-45-300x196.png 300w, https:\/\/www.plaadimehed.ee\/wp-content\/uploads\/2021\/06\/no-grinding-ja-45-600x391.png 600w, https:\/\/www.plaadimehed.ee\/wp-content\/uploads\/2021\/06\/no-grinding-ja-45-768x501.png 768w, https:\/\/www.plaadimehed.ee\/wp-content\/uploads\/2021\/06\/no-grinding-ja-45.png 920w\" sizes=\"auto, (max-width: 59px) 100vw, 59px\" \/><strong>\u00c4ra kasuta ketast lihvimiseks ja faasimiseks!<\/strong><\/p>\n","protected":false},"featured_media":18423,"template":"","meta":{"_acf_changed":false},"product_brand":[53],"product_cat":[289,60],"product_tag":[],"class_list":{"0":"post-18422","1":"product","2":"type-product","3":"status-publish","4":"has-post-thumbnail","6":"product_brand-distar","7":"product_cat-kettad","8":"product_cat-slabi-suuremootmeline-plaat-tooriistad","10":"first","11":"instock","12":"featured","13":"taxable","14":"shipping-taxable","15":"purchasable","16":"product-type-simple"},"acf":[],"yoast_head":"<!-- This site is optimized with the Yoast SEO plugin v27.0 - https:\/\/yoast.com\/product\/yoast-seo-wordpress\/ -->\n<title>DISTAR BUTTERFLY miniketas ilma v\u00f5llita 45mm\/0,45mm - Plaadimehed<\/title>\n<meta name=\"description\" content=\"Distar mini teemantketas t\u00e4pseteks l\u00f5igeteks. M\u00f5eldud l\u00f5ikamiseks ainult veega. Saavutab \u00fclimalt peenikese l\u00f5iketee ja puhta l\u00f5ikeserva.\" \/>\n<meta name=\"robots\" content=\"index, follow, max-snippet:-1, max-image-preview:large, max-video-preview:-1\" \/>\n<link rel=\"canonical\" href=\"https:\/\/www.plaadimehed.ee\/product\/distar-butterfly-miniketas-ilma-vollita-45mm-0-45mm\/\" \/>\n<meta property=\"og:locale\" content=\"fi_FI\" \/>\n<meta property=\"og:type\" content=\"article\" \/>\n<meta property=\"og:title\" content=\"DISTAR BUTTERFLY miniketas ilma v\u00f5llita 45mm\/0.45mm\" \/>\n<meta property=\"og:description\" content=\"Distar mini teemantketas t\u00e4pseteks l\u00f5igeteks. M\u00f5eldud l\u00f5ikamiseks ainult veega. Saavutab \u00fclimalt peenikese l\u00f5iketee ja puhta l\u00f5ikeserva.\" \/>\n<meta property=\"og:url\" content=\"https:\/\/www.plaadimehed.ee\/product\/distar-butterfly-miniketas-ilma-vollita-45mm-0-45mm\/\" \/>\n<meta property=\"og:site_name\" content=\"Plaadimehed\" \/>\n<meta property=\"article:modified_time\" content=\"2026-04-07T12:39:31+00:00\" \/>\n<meta property=\"og:image\" content=\"https:\/\/www.plaadimehed.ee\/wp-content\/uploads\/2026\/03\/distar-butterfly-vollita.png\" \/>\n\t<meta property=\"og:image:width\" content=\"288\" \/>\n\t<meta property=\"og:image:height\" content=\"291\" \/>\n\t<meta property=\"og:image:type\" content=\"image\/png\" \/>\n<meta name=\"twitter:card\" content=\"summary_large_image\" \/>\n<meta name=\"twitter:label1\" content=\"Arvioitu lukuaika\" \/>\n\t<meta name=\"twitter:data1\" content=\"1 minuutti\" \/>\n<script type=\"application\/ld+json\" class=\"yoast-schema-graph\">{\"@context\":\"https:\/\/schema.org\",\"@graph\":[{\"@type\":\"WebPage\",\"@id\":\"https:\/\/www.plaadimehed.ee\/product\/distar-butterfly-miniketas-ilma-vollita-45mm-0-45mm\/\",\"url\":\"https:\/\/www.plaadimehed.ee\/product\/distar-butterfly-miniketas-ilma-vollita-45mm-0-45mm\/\",\"name\":\"DISTAR BUTTERFLY miniketas ilma v\u00f5llita 45mm\/0,45mm - Plaadimehed\",\"isPartOf\":{\"@id\":\"https:\/\/www.plaadimehed.ee\/#website\"},\"primaryImageOfPage\":{\"@id\":\"https:\/\/www.plaadimehed.ee\/product\/distar-butterfly-miniketas-ilma-vollita-45mm-0-45mm\/#primaryimage\"},\"image\":{\"@id\":\"https:\/\/www.plaadimehed.ee\/product\/distar-butterfly-miniketas-ilma-vollita-45mm-0-45mm\/#primaryimage\"},\"thumbnailUrl\":\"https:\/\/www.plaadimehed.ee\/wp-content\/uploads\/2026\/03\/distar-ohuke-vollita-buttelfly.png\",\"datePublished\":\"2026-03-25T11:38:22+00:00\",\"dateModified\":\"2026-04-07T12:39:31+00:00\",\"description\":\"Distar mini teemantketas t\u00e4pseteks l\u00f5igeteks. M\u00f5eldud l\u00f5ikamiseks ainult veega. Saavutab \u00fclimalt peenikese l\u00f5iketee ja puhta l\u00f5ikeserva.\",\"breadcrumb\":{\"@id\":\"https:\/\/www.plaadimehed.ee\/product\/distar-butterfly-miniketas-ilma-vollita-45mm-0-45mm\/#breadcrumb\"},\"inLanguage\":\"fi\",\"potentialAction\":[{\"@type\":\"ReadAction\",\"target\":[\"https:\/\/www.plaadimehed.ee\/product\/distar-butterfly-miniketas-ilma-vollita-45mm-0-45mm\/\"]}]},{\"@type\":\"ImageObject\",\"inLanguage\":\"fi\",\"@id\":\"https:\/\/www.plaadimehed.ee\/product\/distar-butterfly-miniketas-ilma-vollita-45mm-0-45mm\/#primaryimage\",\"url\":\"https:\/\/www.plaadimehed.ee\/wp-content\/uploads\/2026\/03\/distar-ohuke-vollita-buttelfly.png\",\"contentUrl\":\"https:\/\/www.plaadimehed.ee\/wp-content\/uploads\/2026\/03\/distar-ohuke-vollita-buttelfly.png\",\"width\":280,\"height\":280,\"caption\":\"DISTAR BUTTERFLY miniketas ilma v\u00f5llita 45mm\/0,45mm\"},{\"@type\":\"BreadcrumbList\",\"@id\":\"https:\/\/www.plaadimehed.ee\/product\/distar-butterfly-miniketas-ilma-vollita-45mm-0-45mm\/#breadcrumb\",\"itemListElement\":[{\"@type\":\"ListItem\",\"position\":1,\"name\":\"Home\",\"item\":\"https:\/\/www.plaadimehed.ee\/fi\/\"},{\"@type\":\"ListItem\",\"position\":2,\"name\":\"Verkkokauppa\",\"item\":\"https:\/\/www.plaadimehed.ee\/fi\/shop\/\"},{\"@type\":\"ListItem\",\"position\":3,\"name\":\"DISTAR BUTTERFLY miniketas ilma v\u00f5llita 45mm\/0,45mm\"}]},{\"@type\":\"WebSite\",\"@id\":\"https:\/\/www.plaadimehed.ee\/#website\",\"url\":\"https:\/\/www.plaadimehed.ee\/\",\"name\":\"Plaadimehed\",\"description\":\"Plaatimist\u00f6\u00f6deks vajalikud tarvikud ja t\u00f6\u00f6riistad\",\"publisher\":{\"@id\":\"https:\/\/www.plaadimehed.ee\/#organization\"},\"potentialAction\":[{\"@type\":\"SearchAction\",\"target\":{\"@type\":\"EntryPoint\",\"urlTemplate\":\"https:\/\/www.plaadimehed.ee\/?s={search_term_string}\"},\"query-input\":{\"@type\":\"PropertyValueSpecification\",\"valueRequired\":true,\"valueName\":\"search_term_string\"}}],\"inLanguage\":\"fi\"},{\"@type\":\"Organization\",\"@id\":\"https:\/\/www.plaadimehed.ee\/#organization\",\"name\":\"Plaadimehed\",\"url\":\"https:\/\/www.plaadimehed.ee\/\",\"logo\":{\"@type\":\"ImageObject\",\"inLanguage\":\"fi\",\"@id\":\"https:\/\/www.plaadimehed.ee\/#\/schema\/logo\/image\/\",\"url\":\"https:\/\/www.plaadimehed.ee\/wp-content\/uploads\/2024\/05\/plaadimehed-logo.svg\",\"contentUrl\":\"https:\/\/www.plaadimehed.ee\/wp-content\/uploads\/2024\/05\/plaadimehed-logo.svg\",\"width\":266,\"height\":72,\"caption\":\"Plaadimehed\"},\"image\":{\"@id\":\"https:\/\/www.plaadimehed.ee\/#\/schema\/logo\/image\/\"}}]}<\/script>\n<!-- \/ Yoast SEO plugin. -->","yoast_head_json":{"title":"DISTAR BUTTERFLY miniketas ilma v\u00f5llita 45mm\/0,45mm - Plaadimehed","description":"Distar mini teemantketas t\u00e4pseteks l\u00f5igeteks. M\u00f5eldud l\u00f5ikamiseks ainult veega. Saavutab \u00fclimalt peenikese l\u00f5iketee ja puhta l\u00f5ikeserva.","robots":{"index":"index","follow":"follow","max-snippet":"max-snippet:-1","max-image-preview":"max-image-preview:large","max-video-preview":"max-video-preview:-1"},"canonical":"https:\/\/www.plaadimehed.ee\/product\/distar-butterfly-miniketas-ilma-vollita-45mm-0-45mm\/","og_locale":"fi_FI","og_type":"article","og_title":"DISTAR BUTTERFLY miniketas ilma v\u00f5llita 45mm\/0.45mm","og_description":"Distar mini teemantketas t\u00e4pseteks l\u00f5igeteks. M\u00f5eldud l\u00f5ikamiseks ainult veega. Saavutab \u00fclimalt peenikese l\u00f5iketee ja puhta l\u00f5ikeserva.","og_url":"https:\/\/www.plaadimehed.ee\/product\/distar-butterfly-miniketas-ilma-vollita-45mm-0-45mm\/","og_site_name":"Plaadimehed","article_modified_time":"2026-04-07T12:39:31+00:00","og_image":[{"width":288,"height":291,"url":"https:\/\/www.plaadimehed.ee\/wp-content\/uploads\/2026\/03\/distar-butterfly-vollita.png","type":"image\/png"}],"twitter_card":"summary_large_image","twitter_misc":{"Arvioitu lukuaika":"1 minuutti"},"schema":{"@context":"https:\/\/schema.org","@graph":[{"@type":"WebPage","@id":"https:\/\/www.plaadimehed.ee\/product\/distar-butterfly-miniketas-ilma-vollita-45mm-0-45mm\/","url":"https:\/\/www.plaadimehed.ee\/product\/distar-butterfly-miniketas-ilma-vollita-45mm-0-45mm\/","name":"DISTAR BUTTERFLY miniketas ilma v\u00f5llita 45mm\/0,45mm - Plaadimehed","isPartOf":{"@id":"https:\/\/www.plaadimehed.ee\/#website"},"primaryImageOfPage":{"@id":"https:\/\/www.plaadimehed.ee\/product\/distar-butterfly-miniketas-ilma-vollita-45mm-0-45mm\/#primaryimage"},"image":{"@id":"https:\/\/www.plaadimehed.ee\/product\/distar-butterfly-miniketas-ilma-vollita-45mm-0-45mm\/#primaryimage"},"thumbnailUrl":"https:\/\/www.plaadimehed.ee\/wp-content\/uploads\/2026\/03\/distar-ohuke-vollita-buttelfly.png","datePublished":"2026-03-25T11:38:22+00:00","dateModified":"2026-04-07T12:39:31+00:00","description":"Distar mini teemantketas t\u00e4pseteks l\u00f5igeteks. M\u00f5eldud l\u00f5ikamiseks ainult veega. Saavutab \u00fclimalt peenikese l\u00f5iketee ja puhta l\u00f5ikeserva.","breadcrumb":{"@id":"https:\/\/www.plaadimehed.ee\/product\/distar-butterfly-miniketas-ilma-vollita-45mm-0-45mm\/#breadcrumb"},"inLanguage":"fi","potentialAction":[{"@type":"ReadAction","target":["https:\/\/www.plaadimehed.ee\/product\/distar-butterfly-miniketas-ilma-vollita-45mm-0-45mm\/"]}]},{"@type":"ImageObject","inLanguage":"fi","@id":"https:\/\/www.plaadimehed.ee\/product\/distar-butterfly-miniketas-ilma-vollita-45mm-0-45mm\/#primaryimage","url":"https:\/\/www.plaadimehed.ee\/wp-content\/uploads\/2026\/03\/distar-ohuke-vollita-buttelfly.png","contentUrl":"https:\/\/www.plaadimehed.ee\/wp-content\/uploads\/2026\/03\/distar-ohuke-vollita-buttelfly.png","width":280,"height":280,"caption":"DISTAR BUTTERFLY miniketas ilma v\u00f5llita 45mm\/0,45mm"},{"@type":"BreadcrumbList","@id":"https:\/\/www.plaadimehed.ee\/product\/distar-butterfly-miniketas-ilma-vollita-45mm-0-45mm\/#breadcrumb","itemListElement":[{"@type":"ListItem","position":1,"name":"Home","item":"https:\/\/www.plaadimehed.ee\/fi\/"},{"@type":"ListItem","position":2,"name":"Verkkokauppa","item":"https:\/\/www.plaadimehed.ee\/fi\/shop\/"},{"@type":"ListItem","position":3,"name":"DISTAR BUTTERFLY miniketas ilma v\u00f5llita 45mm\/0,45mm"}]},{"@type":"WebSite","@id":"https:\/\/www.plaadimehed.ee\/#website","url":"https:\/\/www.plaadimehed.ee\/","name":"Plaadimehed","description":"Plaatimist\u00f6\u00f6deks vajalikud tarvikud ja t\u00f6\u00f6riistad","publisher":{"@id":"https:\/\/www.plaadimehed.ee\/#organization"},"potentialAction":[{"@type":"SearchAction","target":{"@type":"EntryPoint","urlTemplate":"https:\/\/www.plaadimehed.ee\/?s={search_term_string}"},"query-input":{"@type":"PropertyValueSpecification","valueRequired":true,"valueName":"search_term_string"}}],"inLanguage":"fi"},{"@type":"Organization","@id":"https:\/\/www.plaadimehed.ee\/#organization","name":"Plaadimehed","url":"https:\/\/www.plaadimehed.ee\/","logo":{"@type":"ImageObject","inLanguage":"fi","@id":"https:\/\/www.plaadimehed.ee\/#\/schema\/logo\/image\/","url":"https:\/\/www.plaadimehed.ee\/wp-content\/uploads\/2024\/05\/plaadimehed-logo.svg","contentUrl":"https:\/\/www.plaadimehed.ee\/wp-content\/uploads\/2024\/05\/plaadimehed-logo.svg","width":266,"height":72,"caption":"Plaadimehed"},"image":{"@id":"https:\/\/www.plaadimehed.ee\/#\/schema\/logo\/image\/"}}]}},"_links":{"self":[{"href":"https:\/\/www.plaadimehed.ee\/fi\/wp-json\/wp\/v2\/product\/18422","targetHints":{"allow":["GET"]}}],"collection":[{"href":"https:\/\/www.plaadimehed.ee\/fi\/wp-json\/wp\/v2\/product"}],"about":[{"href":"https:\/\/www.plaadimehed.ee\/fi\/wp-json\/wp\/v2\/types\/product"}],"wp:featuredmedia":[{"embeddable":true,"href":"https:\/\/www.plaadimehed.ee\/fi\/wp-json\/wp\/v2\/media\/18423"}],"wp:attachment":[{"href":"https:\/\/www.plaadimehed.ee\/fi\/wp-json\/wp\/v2\/media?parent=18422"}],"wp:term":[{"taxonomy":"product_brand","embeddable":true,"href":"https:\/\/www.plaadimehed.ee\/fi\/wp-json\/wp\/v2\/product_brand?post=18422"},{"taxonomy":"product_cat","embeddable":true,"href":"https:\/\/www.plaadimehed.ee\/fi\/wp-json\/wp\/v2\/product_cat?post=18422"},{"taxonomy":"product_tag","embeddable":true,"href":"https:\/\/www.plaadimehed.ee\/fi\/wp-json\/wp\/v2\/product_tag?post=18422"}],"curies":[{"name":"wp","href":"https:\/\/api.w.org\/{rel}","templated":true}]}}