{"id":18557,"date":"2026-04-01T13:13:47","date_gmt":"2026-04-01T11:13:47","guid":{"rendered":"https:\/\/www.plaadimehed.ee\/?post_type=product&#038;p=18557"},"modified":"2026-04-07T14:31:45","modified_gmt":"2026-04-07T12:31:45","slug":"pritsipudel-kasipumba-ja-lukustusega-eco-1l","status":"publish","type":"product","link":"https:\/\/www.plaadimehed.ee\/fi\/product\/pritsipudel-kasipumba-ja-lukustusega-eco-1l\/","title":{"rendered":"Pritsipudel k\u00e4sipumba ja lukustusega ECO 1l"},"content":{"rendered":"","protected":false},"excerpt":{"rendered":"<p>\u25cf Maht 1 L<br \/>\n\u25cf K\u00e4sitsi pumbatav ja lukustuss\u00fcsteem<br \/>\n\u25cf <span class=\"Y2IQFc\" lang=\"et\">Maksimaalne t\u00f6\u00f6r\u00f5hk\u00a0 1,5 bar<\/span><br \/>\n\u25cf Tohib<span class=\"Y2IQFc\" lang=\"et\"> kasutada alkoholi, leeliselisi ja teisi vedelikke<\/span><br \/>\n\u25cf Reguleeritav pihusti<br \/>\n\u25cf Sobib idaalselt Mechanic veepritsis\u00fcsteemiga: 87015424024<\/p>\n<p>&nbsp;<\/p>\n","protected":false},"featured_media":18558,"template":"","meta":{"_acf_changed":false},"product_brand":[104],"product_cat":[37,290,99],"product_tag":[],"class_list":{"0":"post-18557","1":"product","2":"type-product","3":"status-publish","4":"has-post-thumbnail","6":"product_brand-muu","7":"product_cat-muu","8":"product_cat-vee-liiteseadmed","9":"product_cat-silikoonimiseks","11":"first","12":"instock","13":"taxable","14":"shipping-taxable","15":"purchasable","16":"product-type-simple"},"acf":[],"yoast_head":"<!-- This site is optimized with the Yoast SEO plugin v27.0 - https:\/\/yoast.com\/product\/yoast-seo-wordpress\/ -->\n<title>Pritsipudel k\u00e4sipumba ja lukustusega ECO 1l - Plaadimehed<\/title>\n<meta name=\"description\" content=\"Veeprits erinevateks otstarbeteks. Silikoonimiseks v\u00f5i L\u00f5ikeketaste jahutamiseks m\u00f5eldud pritspudel. Lukustuss\u00fcsteem ja k\u00e4sipump.\" \/>\n<meta name=\"robots\" content=\"index, follow, max-snippet:-1, max-image-preview:large, max-video-preview:-1\" \/>\n<link rel=\"canonical\" href=\"https:\/\/www.plaadimehed.ee\/product\/pritsipudel-kasipumba-ja-lukustusega-eco-1l\/\" \/>\n<meta property=\"og:locale\" content=\"fi_FI\" \/>\n<meta property=\"og:type\" content=\"article\" \/>\n<meta property=\"og:title\" content=\"Pritsipudel k\u00e4sipumba ja lukustusega ECO 1l\" \/>\n<meta property=\"og:description\" content=\"Veeprits erinevateks otstarbeteks. Silikoonimiseks v\u00f5i L\u00f5ikeketaste jahutamiseks m\u00f5eldud pritspudel. Lukustuss\u00fcsteem ja k\u00e4sipump.\" \/>\n<meta property=\"og:url\" content=\"https:\/\/www.plaadimehed.ee\/product\/pritsipudel-kasipumba-ja-lukustusega-eco-1l\/\" \/>\n<meta property=\"og:site_name\" content=\"Plaadimehed\" \/>\n<meta property=\"article:modified_time\" content=\"2026-04-07T12:31:45+00:00\" \/>\n<meta property=\"og:image\" content=\"https:\/\/www.plaadimehed.ee\/wp-content\/uploads\/2026\/04\/Sprei-pudel.png\" \/>\n\t<meta property=\"og:image:width\" content=\"710\" \/>\n\t<meta property=\"og:image:height\" content=\"636\" \/>\n\t<meta property=\"og:image:type\" content=\"image\/png\" \/>\n<meta name=\"twitter:card\" content=\"summary_large_image\" \/>\n<meta name=\"twitter:label1\" content=\"Arvioitu lukuaika\" \/>\n\t<meta name=\"twitter:data1\" content=\"1 minuutti\" \/>\n<script type=\"application\/ld+json\" class=\"yoast-schema-graph\">{\"@context\":\"https:\/\/schema.org\",\"@graph\":[{\"@type\":\"WebPage\",\"@id\":\"https:\/\/www.plaadimehed.ee\/product\/pritsipudel-kasipumba-ja-lukustusega-eco-1l\/\",\"url\":\"https:\/\/www.plaadimehed.ee\/product\/pritsipudel-kasipumba-ja-lukustusega-eco-1l\/\",\"name\":\"Pritsipudel k\u00e4sipumba ja lukustusega ECO 1l - Plaadimehed\",\"isPartOf\":{\"@id\":\"https:\/\/www.plaadimehed.ee\/#website\"},\"primaryImageOfPage\":{\"@id\":\"https:\/\/www.plaadimehed.ee\/product\/pritsipudel-kasipumba-ja-lukustusega-eco-1l\/#primaryimage\"},\"image\":{\"@id\":\"https:\/\/www.plaadimehed.ee\/product\/pritsipudel-kasipumba-ja-lukustusega-eco-1l\/#primaryimage\"},\"thumbnailUrl\":\"https:\/\/www.plaadimehed.ee\/wp-content\/uploads\/2026\/04\/Sprei-pudel.png\",\"datePublished\":\"2026-04-01T11:13:47+00:00\",\"dateModified\":\"2026-04-07T12:31:45+00:00\",\"description\":\"Veeprits erinevateks otstarbeteks. Silikoonimiseks v\u00f5i L\u00f5ikeketaste jahutamiseks m\u00f5eldud pritspudel. Lukustuss\u00fcsteem ja k\u00e4sipump.\",\"breadcrumb\":{\"@id\":\"https:\/\/www.plaadimehed.ee\/product\/pritsipudel-kasipumba-ja-lukustusega-eco-1l\/#breadcrumb\"},\"inLanguage\":\"fi\",\"potentialAction\":[{\"@type\":\"ReadAction\",\"target\":[\"https:\/\/www.plaadimehed.ee\/product\/pritsipudel-kasipumba-ja-lukustusega-eco-1l\/\"]}]},{\"@type\":\"ImageObject\",\"inLanguage\":\"fi\",\"@id\":\"https:\/\/www.plaadimehed.ee\/product\/pritsipudel-kasipumba-ja-lukustusega-eco-1l\/#primaryimage\",\"url\":\"https:\/\/www.plaadimehed.ee\/wp-content\/uploads\/2026\/04\/Sprei-pudel.png\",\"contentUrl\":\"https:\/\/www.plaadimehed.ee\/wp-content\/uploads\/2026\/04\/Sprei-pudel.png\",\"width\":710,\"height\":636,\"caption\":\"Pritsipudel k\u00e4sipumba ja lukustusega ECO 1l\"},{\"@type\":\"BreadcrumbList\",\"@id\":\"https:\/\/www.plaadimehed.ee\/product\/pritsipudel-kasipumba-ja-lukustusega-eco-1l\/#breadcrumb\",\"itemListElement\":[{\"@type\":\"ListItem\",\"position\":1,\"name\":\"Home\",\"item\":\"https:\/\/www.plaadimehed.ee\/fi\/\"},{\"@type\":\"ListItem\",\"position\":2,\"name\":\"Verkkokauppa\",\"item\":\"https:\/\/www.plaadimehed.ee\/fi\/shop\/\"},{\"@type\":\"ListItem\",\"position\":3,\"name\":\"Pritsipudel k\u00e4sipumba ja lukustusega ECO 1l\"}]},{\"@type\":\"WebSite\",\"@id\":\"https:\/\/www.plaadimehed.ee\/#website\",\"url\":\"https:\/\/www.plaadimehed.ee\/\",\"name\":\"Plaadimehed\",\"description\":\"Plaatimist\u00f6\u00f6deks vajalikud tarvikud ja t\u00f6\u00f6riistad\",\"publisher\":{\"@id\":\"https:\/\/www.plaadimehed.ee\/#organization\"},\"potentialAction\":[{\"@type\":\"SearchAction\",\"target\":{\"@type\":\"EntryPoint\",\"urlTemplate\":\"https:\/\/www.plaadimehed.ee\/?s={search_term_string}\"},\"query-input\":{\"@type\":\"PropertyValueSpecification\",\"valueRequired\":true,\"valueName\":\"search_term_string\"}}],\"inLanguage\":\"fi\"},{\"@type\":\"Organization\",\"@id\":\"https:\/\/www.plaadimehed.ee\/#organization\",\"name\":\"Plaadimehed\",\"url\":\"https:\/\/www.plaadimehed.ee\/\",\"logo\":{\"@type\":\"ImageObject\",\"inLanguage\":\"fi\",\"@id\":\"https:\/\/www.plaadimehed.ee\/#\/schema\/logo\/image\/\",\"url\":\"https:\/\/www.plaadimehed.ee\/wp-content\/uploads\/2024\/05\/plaadimehed-logo.svg\",\"contentUrl\":\"https:\/\/www.plaadimehed.ee\/wp-content\/uploads\/2024\/05\/plaadimehed-logo.svg\",\"width\":266,\"height\":72,\"caption\":\"Plaadimehed\"},\"image\":{\"@id\":\"https:\/\/www.plaadimehed.ee\/#\/schema\/logo\/image\/\"}}]}<\/script>\n<!-- \/ Yoast SEO plugin. -->","yoast_head_json":{"title":"Pritsipudel k\u00e4sipumba ja lukustusega ECO 1l - Plaadimehed","description":"Veeprits erinevateks otstarbeteks. Silikoonimiseks v\u00f5i L\u00f5ikeketaste jahutamiseks m\u00f5eldud pritspudel. Lukustuss\u00fcsteem ja k\u00e4sipump.","robots":{"index":"index","follow":"follow","max-snippet":"max-snippet:-1","max-image-preview":"max-image-preview:large","max-video-preview":"max-video-preview:-1"},"canonical":"https:\/\/www.plaadimehed.ee\/product\/pritsipudel-kasipumba-ja-lukustusega-eco-1l\/","og_locale":"fi_FI","og_type":"article","og_title":"Pritsipudel k\u00e4sipumba ja lukustusega ECO 1l","og_description":"Veeprits erinevateks otstarbeteks. Silikoonimiseks v\u00f5i L\u00f5ikeketaste jahutamiseks m\u00f5eldud pritspudel. Lukustuss\u00fcsteem ja k\u00e4sipump.","og_url":"https:\/\/www.plaadimehed.ee\/product\/pritsipudel-kasipumba-ja-lukustusega-eco-1l\/","og_site_name":"Plaadimehed","article_modified_time":"2026-04-07T12:31:45+00:00","og_image":[{"width":710,"height":636,"url":"https:\/\/www.plaadimehed.ee\/wp-content\/uploads\/2026\/04\/Sprei-pudel.png","type":"image\/png"}],"twitter_card":"summary_large_image","twitter_misc":{"Arvioitu lukuaika":"1 minuutti"},"schema":{"@context":"https:\/\/schema.org","@graph":[{"@type":"WebPage","@id":"https:\/\/www.plaadimehed.ee\/product\/pritsipudel-kasipumba-ja-lukustusega-eco-1l\/","url":"https:\/\/www.plaadimehed.ee\/product\/pritsipudel-kasipumba-ja-lukustusega-eco-1l\/","name":"Pritsipudel k\u00e4sipumba ja lukustusega ECO 1l - Plaadimehed","isPartOf":{"@id":"https:\/\/www.plaadimehed.ee\/#website"},"primaryImageOfPage":{"@id":"https:\/\/www.plaadimehed.ee\/product\/pritsipudel-kasipumba-ja-lukustusega-eco-1l\/#primaryimage"},"image":{"@id":"https:\/\/www.plaadimehed.ee\/product\/pritsipudel-kasipumba-ja-lukustusega-eco-1l\/#primaryimage"},"thumbnailUrl":"https:\/\/www.plaadimehed.ee\/wp-content\/uploads\/2026\/04\/Sprei-pudel.png","datePublished":"2026-04-01T11:13:47+00:00","dateModified":"2026-04-07T12:31:45+00:00","description":"Veeprits erinevateks otstarbeteks. Silikoonimiseks v\u00f5i L\u00f5ikeketaste jahutamiseks m\u00f5eldud pritspudel. Lukustuss\u00fcsteem ja k\u00e4sipump.","breadcrumb":{"@id":"https:\/\/www.plaadimehed.ee\/product\/pritsipudel-kasipumba-ja-lukustusega-eco-1l\/#breadcrumb"},"inLanguage":"fi","potentialAction":[{"@type":"ReadAction","target":["https:\/\/www.plaadimehed.ee\/product\/pritsipudel-kasipumba-ja-lukustusega-eco-1l\/"]}]},{"@type":"ImageObject","inLanguage":"fi","@id":"https:\/\/www.plaadimehed.ee\/product\/pritsipudel-kasipumba-ja-lukustusega-eco-1l\/#primaryimage","url":"https:\/\/www.plaadimehed.ee\/wp-content\/uploads\/2026\/04\/Sprei-pudel.png","contentUrl":"https:\/\/www.plaadimehed.ee\/wp-content\/uploads\/2026\/04\/Sprei-pudel.png","width":710,"height":636,"caption":"Pritsipudel k\u00e4sipumba ja lukustusega ECO 1l"},{"@type":"BreadcrumbList","@id":"https:\/\/www.plaadimehed.ee\/product\/pritsipudel-kasipumba-ja-lukustusega-eco-1l\/#breadcrumb","itemListElement":[{"@type":"ListItem","position":1,"name":"Home","item":"https:\/\/www.plaadimehed.ee\/fi\/"},{"@type":"ListItem","position":2,"name":"Verkkokauppa","item":"https:\/\/www.plaadimehed.ee\/fi\/shop\/"},{"@type":"ListItem","position":3,"name":"Pritsipudel k\u00e4sipumba ja lukustusega ECO 1l"}]},{"@type":"WebSite","@id":"https:\/\/www.plaadimehed.ee\/#website","url":"https:\/\/www.plaadimehed.ee\/","name":"Plaadimehed","description":"Plaatimist\u00f6\u00f6deks vajalikud tarvikud ja t\u00f6\u00f6riistad","publisher":{"@id":"https:\/\/www.plaadimehed.ee\/#organization"},"potentialAction":[{"@type":"SearchAction","target":{"@type":"EntryPoint","urlTemplate":"https:\/\/www.plaadimehed.ee\/?s={search_term_string}"},"query-input":{"@type":"PropertyValueSpecification","valueRequired":true,"valueName":"search_term_string"}}],"inLanguage":"fi"},{"@type":"Organization","@id":"https:\/\/www.plaadimehed.ee\/#organization","name":"Plaadimehed","url":"https:\/\/www.plaadimehed.ee\/","logo":{"@type":"ImageObject","inLanguage":"fi","@id":"https:\/\/www.plaadimehed.ee\/#\/schema\/logo\/image\/","url":"https:\/\/www.plaadimehed.ee\/wp-content\/uploads\/2024\/05\/plaadimehed-logo.svg","contentUrl":"https:\/\/www.plaadimehed.ee\/wp-content\/uploads\/2024\/05\/plaadimehed-logo.svg","width":266,"height":72,"caption":"Plaadimehed"},"image":{"@id":"https:\/\/www.plaadimehed.ee\/#\/schema\/logo\/image\/"}}]}},"_links":{"self":[{"href":"https:\/\/www.plaadimehed.ee\/fi\/wp-json\/wp\/v2\/product\/18557","targetHints":{"allow":["GET"]}}],"collection":[{"href":"https:\/\/www.plaadimehed.ee\/fi\/wp-json\/wp\/v2\/product"}],"about":[{"href":"https:\/\/www.plaadimehed.ee\/fi\/wp-json\/wp\/v2\/types\/product"}],"wp:featuredmedia":[{"embeddable":true,"href":"https:\/\/www.plaadimehed.ee\/fi\/wp-json\/wp\/v2\/media\/18558"}],"wp:attachment":[{"href":"https:\/\/www.plaadimehed.ee\/fi\/wp-json\/wp\/v2\/media?parent=18557"}],"wp:term":[{"taxonomy":"product_brand","embeddable":true,"href":"https:\/\/www.plaadimehed.ee\/fi\/wp-json\/wp\/v2\/product_brand?post=18557"},{"taxonomy":"product_cat","embeddable":true,"href":"https:\/\/www.plaadimehed.ee\/fi\/wp-json\/wp\/v2\/product_cat?post=18557"},{"taxonomy":"product_tag","embeddable":true,"href":"https:\/\/www.plaadimehed.ee\/fi\/wp-json\/wp\/v2\/product_tag?post=18557"}],"curies":[{"name":"wp","href":"https:\/\/api.w.org\/{rel}","templated":true}]}}